{"id":15159,"date":"2025-01-19T14:10:49","date_gmt":"2025-01-19T14:10:49","guid":{"rendered":"https:\/\/www.hydraulic-cylinders.net\/product\/bucket-cylinder-for-komatsu-wheel-excavator-pw130es-6\/"},"modified":"2025-01-19T14:10:51","modified_gmt":"2025-01-19T14:10:51","slug":"bucket-cylinder-for-komatsu-wheel-excavator-pw130es-6","status":"publish","type":"product","link":"https:\/\/www.hydraulic-cylinders.net\/lv\/products\/bucket-cylinder-for-komatsu-wheel-excavator-pw130es-6\/","title":{"rendered":"Kausa cilindrs Komatsu rite\u0146u ekskavatoram PW130ES-6"},"content":{"rendered":"<p><!DOCTYPE html><br \/>\n<html><\/p>\n<p><head><br \/>\n    <title>Kausa cilindrs Komatsu rite\u0146u ekskavatoram PW130ES-6<\/title><br \/>\n<\/head><\/p>\n<p><body><\/p>\n<h1>Kausa cilindrs Komatsu rite\u0146u ekskavatoram PW130ES-6<\/h1>\n<h2>Kausa cilindra defin\u012bcija<\/h2>\n<p>Kausa cilindrs ir speci\u0101li izstr\u0101d\u0101ts hidrauliskais cilindrs, ko izmanto, lai kontrol\u0113tu kausa kust\u012bbu smagaj\u0101s ma\u0161\u012bn\u0101s, piem\u0113ram, ekskavatoros, univers\u0101lajos ekskavatoros un rite\u0146u iekr\u0101v\u0113jos. T\u0101 galven\u0101 funkcija ir nodro\u0161in\u0101t kausa pacel\u0161anas, nolai\u0161anas un noliek\u0161anas darb\u012bbas, atvieglojot da\u017e\u0101du materi\u0101lu apstr\u0101des uzdevumu veik\u0161anu. Hidrauliskaj\u0101 sist\u0113m\u0101 kausa cilindrs pan\u0101k prec\u012bzu kausa vad\u012bbu, izmantojot hidraulisk\u0101s e\u013c\u013cas spiediena izmai\u0146as, \u013caujot operatoriem efekt\u012bvi apstr\u0101d\u0101t smagas kravas un piel\u0101goties sare\u017e\u0123\u012btai darba videi un da\u017e\u0101d\u0101m ekspluat\u0101cijas pras\u012bb\u0101m.<\/p>\n<p>    <img decoding=\"async\" src=\"https:\/\/www.hydraulic-cylinders.net\/wp-content\/uploads\/2025\/01\/songte-company-2.webp\"><\/p>\n<h2>Kausa cilindra \u012bpa\u0161\u012bbas<\/h2>\n<ul>\n<li>Augsta iztur\u012bba un ilgm\u016b\u017e\u012bba: Parasti izgatavots no augstas stipr\u012bbas t\u0113rauda vai alum\u012bnija, sp\u0113j iztur\u0113t augstu spiedienu un lielas slodzes, piel\u0101gojas skarbai darba videi un ir izstr\u0101d\u0101ts, \u0146emot v\u0113r\u0101 nodilumiztur\u012bbu un korozijas iztur\u012bbu, lai pagarin\u0101tu t\u0101 kalpo\u0161anas laiku.<\/li>\n<li>Efekt\u012bva hidraulisk\u0101 darb\u012bba: Izmantojot hidraulisk\u0101s e\u013c\u013cas spiedienu, lai pan\u0101ktu vienm\u0113r\u012bgas izstiep\u0161anas un ievilk\u0161anas kust\u012bbas, sp\u0113j \u0101tri rea\u0123\u0113t uz vad\u012bbas komand\u0101m, nodro\u0161inot sp\u0113c\u012bgus stum\u0161anas un vilk\u0161anas sp\u0113kus, kas ir piem\u0113roti smagu kravu apstr\u0101dei un sare\u017e\u0123\u012btu ekspluat\u0101cijas uzdevumu veik\u0161anai.<\/li>\n<li>Da\u017e\u0101di veidi: Var izv\u0113l\u0113ties starp vienas darb\u012bbas (hidrauliski darbojas tikai vien\u0101 virzien\u0101) vai divk\u0101r\u0161as darb\u012bbas (hidrauliski darbojas abos virzienos) cilindriem atbilsto\u0161i konkr\u0113t\u0101m ekspluat\u0101cijas pras\u012bb\u0101m. Da\u017ei mode\u013ci ir teleskopiski, kas \u013cauj veikt liel\u0101ku pagarin\u0101jumu, nepalielinot \u0101r\u0113jos izm\u0113rus, t\u0101p\u0113c tie ir piem\u0113roti lieto\u0161anai ierobe\u017eot\u0101 telp\u0101.<\/li>\n<\/ul>\n<p>    <img decoding=\"async\" src=\"https:\/\/www.hydraulic-cylinders.net\/wp-content\/uploads\/2025\/01\/songte-cylinder-head-with-all-kinds-excavator-models.webp\"><\/p>\n<h2>Kausa cilindra pielietojums<\/h2>\n<p>Kausa cilindri tiek izmantoti da\u017e\u0101d\u0101s iek\u0101rt\u0101s:<\/p>\n<ul>\n<li>B\u016bvniec\u012bbas tehnika: atrodama ekskavatoros, tie ir \u013coti svar\u012bgi augsnes vai gru\u017eu rak\u0161anai, iekrau\u0161anai un p\u0101rvieto\u0161anai. Ekskavatoros-iekr\u0101v\u0113jos kausa cilindri pal\u012bdz gan rak\u0161an\u0101, gan cel\u0161an\u0101.<\/li>\n<li>Lauksaimniec\u012bbas tehnika: Izmanto front\u0101lajos iekr\u0101v\u0113jos augsnes, siena un citu materi\u0101lu sav\u0101k\u0161anai, cel\u0161anai un transport\u0113\u0161anai.<\/li>\n<li>Ekskavatori: Kausa cilindri nodro\u0161ina rak\u0161anas darb\u012bbas, \u013caujot kausam iek\u013c\u016bt augsn\u0113.<\/li>\n<li>Rite\u0146u iekr\u0101v\u0113ji: Rite\u0146u iekr\u0101v\u0113jos tie pal\u012bdz pacelt un noliekt preces, lai efekt\u012bvi izg\u0101ztu preces.<\/li>\n<\/ul>\n<h2>Dizaina apsv\u0113rumi un atlases krit\u0113riji<\/h2>\n<p>Projekt\u0113jot un izv\u0113loties cilindru, j\u0101\u0146em v\u0113r\u0101 vair\u0101ki faktori:<\/p>\n<ul>\n<li>Nestsp\u0113ja: Balonam j\u0101sp\u0113j iztur\u0113t paredzamo slodzi bez boj\u0101jumiem.<\/li>\n<li>Bl\u012bv\u0113jums: Lai nodro\u0161in\u0101tu pareizu bl\u012bv\u0113jumu un nov\u0113rstu nopl\u016bdes, j\u0101izmanto da\u017e\u0101di bl\u012bv\u0113\u0161anas elementi, piem\u0113ram, virzu\u013ca bl\u012bvsl\u0113gi \u200b\u200bun stie\u0146u bl\u012bvsl\u0113gi, kas izgatavoti no nodilumiztur\u012bgiem materi\u0101liem, piem\u0113ram, poliuret\u0101na vai nitrila gumijas.<\/li>\n<li>Iztur\u012bba: Cilindra korpuss un v\u012bt\u0146otie gali ir r\u016bp\u012bgi j\u0101apstr\u0101d\u0101, lai uzlabotu nodilumiztur\u012bbu.<\/li>\n<li>Dro\u0161\u012bba: Lai nov\u0113rstu p\u0101rslodzi un nodro\u0161in\u0101tu dro\u0161u darb\u012bbu, j\u0101iek\u013cauj dro\u0161\u012bbas funkcijas, piem\u0113ram, spiediena samazin\u0101\u0161anas v\u0101rsti.<\/li>\n<li>Uzturam\u012bba: J\u0101\u0146em v\u0113r\u0101 viegla piek\u013cuve apkopes un remonta veik\u0161anai, kas \u013cauj veikt efekt\u012bvu apkopi un samazin\u0101t d\u012bkst\u0101ves laiku.<\/li>\n<\/ul>\n<p>    <img decoding=\"async\" src=\"https:\/\/www.hydraulic-cylinders.net\/wp-content\/uploads\/2025\/01\/songte-oil-pipes-and-spare-parts.webp\"><\/p>\n<h2>Bl\u012bv\u0113\u0161ana un e\u013c\u013co\u0161ana<\/h2>\n<p>Kausu cilindros tiek izmantoti da\u017e\u0101di bl\u012bv\u0113jumi, piem\u0113ram, virzu\u013ca bl\u012bv\u0113jumi un stie\u0146a bl\u012bv\u0113jumi, kas izgatavoti no nodilumiztur\u012bgiem materi\u0101liem, piem\u0113ram, poliuret\u0101na vai nitrila gumijas. Cilindra korpuss un v\u012bt\u0146otie gali ir smalki apstr\u0101d\u0101ti, lai uzlabotu nodilumiztur\u012bbu. Lai nodro\u0161in\u0101tu vienm\u0113r\u012bgu darb\u012bbu un pagarin\u0101tu cilindra kalpo\u0161anas laiku, ir nepiecie\u0161ama regul\u0101ra e\u013c\u013co\u0161ana ar atbilsto\u0161u hidraulisk\u0101s e\u013c\u013cas daudzumu.<\/p>\n<h2>Apkope un prevent\u012bvie pas\u0101kumi<\/h2>\n<p>Regul\u0101ra p\u0101rbaude un profilaktisk\u0101 apkope ir b\u016btiska kausu cilindru optim\u0101lai darb\u012bbai un ilgm\u016b\u017e\u012bbai. Da\u017ei pas\u0101kumi, kas j\u0101\u0146em v\u0113r\u0101, ir \u0161\u0101di:<\/p>\n<ul>\n<li>Regul\u0101ra cilindra p\u0101rbaude, vai nav boj\u0101jumu vai nodiluma paz\u012bmju.<\/li>\n<li>Pareiza e\u013c\u013co\u0161ana, lai nodro\u0161in\u0101tu vienm\u0113r\u012bgu darb\u012bbu un nov\u0113rstu ar berzi saist\u012btas probl\u0113mas.<\/li>\n<li>Regul\u0101ra bl\u012bv\u0113jumu nomai\u0146a, lai uztur\u0113tu pareizu bl\u012bv\u0113jumu un nov\u0113rstu nopl\u016bdes.<\/li>\n<li>Kalibr\u0113\u0161anas p\u0101rbaudes, lai nodro\u0161in\u0101tu prec\u012bzu cilindra darb\u012bbu.<\/li>\n<\/ul>\n<p>    <img decoding=\"async\" src=\"https:\/\/www.hydraulic-cylinders.net\/wp-content\/uploads\/2025\/01\/songte-chushion-collar.webp\"><\/p>\n<h2>Dro\u0161\u012bbas apsv\u0113rumi un vides faktori<\/h2>\n<p>Izmantojot kausu cilindrus, ir svar\u012bgi noteikt dro\u0161\u012bbas pas\u0101kumu priorit\u0101ti, lai nov\u0113rstu negad\u012bjumus un nodro\u0161in\u0101tu operatoru un apk\u0101rt\u0113j\u0101 person\u0101la labkl\u0101j\u012bbu. J\u0101\u0146em v\u0113r\u0101 dro\u0161as ekspluat\u0101cijas proced\u016bras, atbilsto\u0161a apm\u0101c\u012bba un regulat\u012bvo iest\u0101\u017eu noteikto dro\u0161\u012bbas vadl\u012bniju iev\u0113ro\u0161ana.<\/p>\n<h2>K\u013c\u016bmju diagnostika un bie\u017e\u0101k sastopam\u0101s probl\u0113mas<\/h2>\n<p>Jebkuras sist\u0113mas darb\u012bbas trauc\u0113jumu gad\u012bjum\u0101 ir svar\u012bgi nekav\u0113joties diagnostic\u0113t un nov\u0113rst probl\u0113mu. Da\u017eas bie\u017ei sastopamas probl\u0113mas, kas var rasties, ir \u0161\u0101das:<\/p>\n<ul>\n<li>Nopl\u016bde: P\u0101rbaudiet, vai nav boj\u0101tu bl\u012bv\u0113jumu vai va\u013c\u012bgu savienojumu, un attiec\u012bgi nomainiet vai pievelciet tos.<\/li>\n<li>L\u0113na vai nekonsekventa kust\u012bba: p\u0101rbaudiet hidraulisko sist\u0113mu, vai taj\u0101 nav aizsprostojumu vai nepietiekama \u0161\u0137idruma l\u012bme\u0146a, un nov\u0113rsiet probl\u0113mu, nov\u0113r\u0161ot aizsprostojumus vai papildinot \u0161\u0137idrumu.<\/li>\n<li>P\u0101rm\u0113r\u012bgs troksnis vai vibr\u0101cijas: izp\u0113tiet iesp\u0113jamos c\u0113lo\u0146us, piem\u0113ram, nepareizu izl\u012bdzin\u0101\u0161anu, nolietotas deta\u013cas vai nepietiekamu e\u013c\u013co\u0161anu, un veiciet atbilsto\u0161as \u200b\u200bkorekt\u012bv\u0101s darb\u012bbas.<\/li>\n<\/ul>\n<p>    <img decoding=\"async\" src=\"https:\/\/www.hydraulic-cylinders.net\/wp-content\/uploads\/2025\/01\/songte-bushings-with-all-kinds-of-excavator-models.webp\"><\/p>\n<h2>Apkopes uzdevumi<\/h2>\n<p>Bie\u017e\u0101kie kausu cilindru apkopes uzdevumi ir \u0161\u0101di:<\/p>\n<ul>\n<li>Regul\u0101ra p\u0101rbaude, lai identific\u0113tu jebk\u0101das probl\u0113mas vai nodilumu.<\/li>\n<li>Atbilsto\u0161a e\u013c\u013co\u0161ana, lai nodro\u0161in\u0101tu vienm\u0113r\u012bgu darb\u012bbu un samazin\u0101tu berzi.<\/li>\n<li>Bl\u012bv\u0113juma nomai\u0146a, lai saglab\u0101tu pareizu bl\u012bv\u0113jumu un nov\u0113rstu nopl\u016bdes.<\/li>\n<li>Kalibr\u0113\u0161anas p\u0101rbaudes, lai nodro\u0161in\u0101tu prec\u012bzu darb\u012bbu.<\/li>\n<\/ul>\n<h2>Pareizas uzst\u0101d\u012b\u0161anas noz\u012bme<\/h2>\n<p>Pareiza kausa cilindru uzst\u0101d\u012b\u0161ana ir b\u016btiska to optim\u0101lai veiktsp\u0113jai un ilgm\u016b\u017e\u012bbai. Uzst\u0101d\u012b\u0161anas procesa laik\u0101 ir svar\u012bgi pareizi izl\u012bdzin\u0101t cilindru. Balona nostiprin\u0101\u0161anai ieteicams izmantot atbilsto\u0161us uzst\u0101d\u012b\u0161anas kron\u0161teinus. Rakst\u0101 sniegtas ieteicam\u0101s p\u0101rbaudes, remonta un nomai\u0146as proced\u016bras, k\u0101 ar\u012b padomi kausa cilindra kalpo\u0161anas laika palielin\u0101\u0161anai.<\/p>\n<p>    <img decoding=\"async\" src=\"https:\/\/www.hydraulic-cylinders.net\/wp-content\/uploads\/2025\/01\/songte-company-1.webp\"><\/p>\n<h2>Uz\u0146\u0113muma ievads<\/h2>\n<p>M\u0113s esam rezerves hidraulisko cilindru ra\u017eot\u0101js un viens no vado\u0161ajiem ra\u017eot\u0101jiem un vairumtirdzniec\u012bbas izplat\u012bt\u0101jiem viet\u0113j\u0101 un starptautiskaj\u0101 tirg\u016b. M\u016bsu produktu kl\u0101sts ir pla\u0161s, un m\u0113s iev\u0113rojam izcilas kvalit\u0101tes un efekt\u012bvas ra\u017eo\u0161anas vad\u012bbas principus. Izmantojot modernu ra\u017eo\u0161anas apr\u012bkojumu, profesion\u0101las test\u0113\u0161anas sist\u0113mas un tehnolo\u0123iskos talantus, m\u0113s nep\u0101rtraukti uzlabojam savu ra\u017eo\u0161anas platformu un produktu kvalit\u0101ti, lai apmierin\u0101tu da\u017e\u0101d\u0101s klientu vajadz\u012bbas.<\/p>\n<h3>M\u016bsu uz\u0146\u0113muma svar\u012bg\u0101kie aspekti:<\/h3>\n<ul>\n<li>Profesionalit\u0101te: M\u0113s pie\u0161\u0137iram priorit\u0101ti hidraulisko cilindru zin\u0101\u0161an\u0101m, nodro\u0161inot augst\u0101k\u0101s kvalit\u0101tes produktus un pakalpojumus.<\/li>\n<li>Starptautisk\u0101s sertifik\u0101cijas: M\u016bsu produkti atbilst starptautiskajiem standartiem un tiek pak\u013cauti stingr\u0101m kvalit\u0101tes kontroles proced\u016br\u0101m.<\/li>\n<li>Piel\u0101go\u0161anas pakalpojumi: M\u0113s pied\u0101v\u0101jam piel\u0101gotus risin\u0101jumus, lai apmierin\u0101tu \u012bpa\u0161as klientu pras\u012bbas.<\/li>\n<li>M\u016bsdien\u012bgas ra\u017eo\u0161anas iek\u0101rtas: M\u0113s izmantojam modernas ra\u017eo\u0161anas iek\u0101rtas, lai nodro\u0161in\u0101tu efektivit\u0101ti un precizit\u0101ti.<\/li>","protected":false},"excerpt":{"rendered":"<p>Bucket Cylinder For Komatsu Wheel Excavator PW130ES-6 Bucket Cylinder For Komatsu Wheel Excavator PW130ES-6 Definition of Bucket Cylinder A bucket cylinder is a specially designed hydraulic cylinder used to control the movement of the bucket in heavy machinery such as excavators, backhoe excavators, and wheel loaders. Its main function is to enable the bucket to [&hellip;]<\/p>","protected":false},"featured_media":14765,"comment_status":"open","ping_status":"closed","template":"","meta":{"_et_pb_use_builder":"","_et_pb_old_content":"","_et_gb_content_width":""},"product_brand":[],"product_cat":[1494],"product_tag":[1495,1496],"class_list":{"0":"post-15159","1":"product","2":"type-product","3":"status-publish","4":"has-post-thumbnail","6":"product_cat-bucket-cylinders","7":"product_tag-bucket-cylinders","8":"product_tag-hydraulic-cylinders","10":"first","11":"instock","12":"shipping-taxable","13":"product-type-simple"},"amp_enabled":true,"_links":{"self":[{"href":"https:\/\/www.hydraulic-cylinders.net\/lv\/wp-json\/wp\/v2\/product\/15159","targetHints":{"allow":["GET"]}}],"collection":[{"href":"https:\/\/www.hydraulic-cylinders.net\/lv\/wp-json\/wp\/v2\/product"}],"about":[{"href":"https:\/\/www.hydraulic-cylinders.net\/lv\/wp-json\/wp\/v2\/types\/product"}],"replies":[{"embeddable":true,"href":"https:\/\/www.hydraulic-cylinders.net\/lv\/wp-json\/wp\/v2\/comments?post=15159"}],"wp:featuredmedia":[{"embeddable":true,"href":"https:\/\/www.hydraulic-cylinders.net\/lv\/wp-json\/wp\/v2\/media\/14765"}],"wp:attachment":[{"href":"https:\/\/www.hydraulic-cylinders.net\/lv\/wp-json\/wp\/v2\/media?parent=15159"}],"wp:term":[{"taxonomy":"product_brand","embeddable":true,"href":"https:\/\/www.hydraulic-cylinders.net\/lv\/wp-json\/wp\/v2\/product_brand?post=15159"},{"taxonomy":"product_cat","embeddable":true,"href":"https:\/\/www.hydraulic-cylinders.net\/lv\/wp-json\/wp\/v2\/product_cat?post=15159"},{"taxonomy":"product_tag","embeddable":true,"href":"https:\/\/www.hydraulic-cylinders.net\/lv\/wp-json\/wp\/v2\/product_tag?post=15159"}],"curies":[{"name":"wp","href":"https:\/\/api.w.org\/{rel}","templated":true}]}}