{"id":15162,"date":"2025-01-19T14:11:01","date_gmt":"2025-01-19T14:11:01","guid":{"rendered":"https:\/\/www.hydraulic-cylinders.net\/product\/bucket-cylinder-for-hitachi-wheel-excavator-zx140w-3\/"},"modified":"2025-01-19T14:11:03","modified_gmt":"2025-01-19T14:11:03","slug":"bucket-cylinder-for-hitachi-wheel-excavator-zx140w-3","status":"publish","type":"product","link":"https:\/\/www.hydraulic-cylinders.net\/lv\/products\/bucket-cylinder-for-hitachi-wheel-excavator-zx140w-3\/","title":{"rendered":"Kausa cilindrs Hitachi rite\u0146u ekskavatoram ZX140W-3"},"content":{"rendered":"<h1>Kausa cilindrs Hitachi rite\u0146u ekskavatoram ZX140W-3<\/h1>\n<h2>Ievads<\/h2>\n<p>Hitachi rite\u0146u ekskavatora ZX140W-3 kausa cilindrs ir \u012bpa\u0161i izstr\u0101d\u0101ts hidrauliskais cilindrs, ko galvenok\u0101rt izmanto, lai kontrol\u0113tu kausa kust\u012bbu smagaj\u0101s ma\u0161\u012bn\u0101s, piem\u0113ram, ekskavatoros, univers\u0101lajos iekr\u0101v\u0113jos un front\u0101lajos iekr\u0101v\u0113jos. T\u0101 galven\u0101 funkcija ir \u013caut kausam pacelties, nolaisties un noliekties, t\u0101d\u0113j\u0101di atvieglojot da\u017e\u0101du materi\u0101lu apstr\u0101des uzdevumu veik\u0161anu. Hidrauliskaj\u0101 sist\u0113m\u0101 kausa cilindrs pan\u0101k prec\u012bzu kausa kust\u012bbas kontroli, mainot hidraulisk\u0101s e\u013c\u013cas spiedienu, \u013caujot operatoriem efekt\u012bvi apstr\u0101d\u0101t smagas kravas un piel\u0101goties sare\u017e\u0123\u012btai darba videi un da\u017e\u0101d\u0101m ekspluat\u0101cijas pras\u012bb\u0101m.<\/p>\n<p><img decoding=\"async\" src=\"https:\/\/www.hydraulic-cylinders.net\/wp-content\/uploads\/2025\/01\/songte-company-2.webp\"><\/p>\n<h2>Funkcijas<\/h2>\n<ul>\n<li>Augsta iztur\u012bba un ilgm\u016b\u017e\u012bba: Parasti izgatavots no augstas stipr\u012bbas t\u0113rauda vai alum\u012bnija, kas sp\u0113j iztur\u0113t augstu spiedienu un lielas slodzes, un ir izstr\u0101d\u0101ts ar nodilumiztur\u012bbu un iztur\u012bbu pret koroziju, lai pagarin\u0101tu t\u0101 kalpo\u0161anas laiku.<\/li>\n<li>Efekt\u012bva hidraulisk\u0101 darb\u012bba: izmanto hidraulisk\u0101s e\u013c\u013cas spiedienu, lai pan\u0101ktu vienm\u0113r\u012bgu izstiep\u0161anas un ievilk\u0161anas kust\u012bbu, sp\u0113j \u0101tri rea\u0123\u0113t uz vad\u012bbas komand\u0101m, nodro\u0161ina sp\u0113c\u012bgu stum\u0161anas un vilk\u0161anas sp\u0113ku, ir piem\u0113rots smagu kravu apstr\u0101dei un sare\u017e\u0123\u012btiem ekspluat\u0101cijas uzdevumiem.<\/li>\n<li>Da\u017e\u0101di veidi: var izv\u0113l\u0113ties vienas darb\u012bbas (hidraulisk\u0101 sist\u0113ma tiek izmantota tikai vien\u0101 virzien\u0101) vai divk\u0101r\u0161as darb\u012bbas (hidraulisk\u0101 sist\u0113ma tiek izmantota abos virzienos) cilindrus atbilsto\u0161i pras\u012bb\u0101m, lai apmierin\u0101tu da\u017e\u0101das ekspluat\u0101cijas vajadz\u012bbas. Da\u017ei mode\u013ci ir teleskopiski, kas \u013cauj liel\u0101ku pagarin\u0101jumu, nepalielinot \u0101r\u0113jos izm\u0113rus, t\u0101p\u0113c tie ir piem\u0113roti lietojumiem ar ierobe\u017eotu vietu.<\/li>\n<li>Piel\u0101gojams: m\u016bsu produkts var lieliski aizst\u0101t \u0161os hidrauliskos cilindrus.<\/li>\n<\/ul>\n<p><img decoding=\"async\" src=\"https:\/\/www.hydraulic-cylinders.net\/wp-content\/uploads\/2025\/01\/songte-cylinder-head-with-all-kinds-excavator-models.webp\"><\/p>\n<h2>Pieteikumi<\/h2>\n<p>Kausa cilindrs tiek pla\u0161i izmantots da\u017e\u0101d\u0101s nozar\u0113s, tostarp:<\/p>\n<ul>\n<li>B\u016bvniec\u012bbas apr\u012bkojums: ekskavatoros tas ir nepiecie\u0161ams augsnes vai gru\u017eu rak\u0161anai, iekrau\u0161anai un p\u0101rvieto\u0161anai. Ekskavatoros kausa cilindrs veicina gan rak\u0161anu, gan cel\u0161anu. <\/li>\n<li>Lauksaimniec\u012bbas tehnika: Izmanto front\u0101lajiem iekr\u0101v\u0113jiem augsnes, siena un citu materi\u0101lu sav\u0101k\u0161anai, pacel\u0161anai un transport\u0113\u0161anai. <\/li>\n<li>Ekskavatori: Kausa cilindrs \u013cauj kausam iek\u013c\u016bt augsn\u0113, lai pan\u0101ktu rak\u0161anas kust\u012bbu. <\/li>\n<li>Iekr\u0101v\u0113ji: Front\u0101lajos iekr\u0101v\u0113jos tie efekt\u012bvi ce\u013c un noliec preces.<\/li>\n<\/ul>\n<h2>Dizaina apsv\u0113rumi un atlases krit\u0113riji<\/h2>\n<p>No konstrukcijas viedok\u013ca kausa cilindram j\u0101b\u016bt ar \u0161\u0101d\u0101m \u012bpa\u0161\u012bb\u0101m:<\/p>\n<ul>\n<li>Nestsp\u0113ja: Tai j\u0101sp\u0113j iztur\u0113t maksim\u0101lo pielietojuma slodzi.<\/li>\n<li>Bl\u012bv\u0113jums: Tiek izmantoti da\u017e\u0101di bl\u012bv\u0113jumi, piem\u0113ram, virzu\u013ca bl\u012bv\u0113jumi, stie\u0146a bl\u012bv\u0113jumi un citi. Bl\u012bv\u0113jumi ir izgatavoti no nodilumiztur\u012bgiem materi\u0101liem, piem\u0113ram, poliuret\u0101na un nitrila gumijas, lai nodro\u0161in\u0101tu ilgu kalpo\u0161anas laiku un nov\u0113rstu nopl\u016bdes.<\/li>\n<li>Iztur\u012bba: Cilindra korpuss un v\u012bt\u0146ot\u0101 gala virsma ir prec\u012bzi apstr\u0101d\u0101ta, lai palielin\u0101tu nodilumiztur\u012bbu.<\/li>\n<li>Dro\u0161\u012bba: Iek\u0101rtas hidrauliskajai sist\u0113mai j\u0101b\u016bt apr\u012bkotai ar dro\u0161\u012bbas funkcij\u0101m, lai nov\u0113rstu negad\u012bjumus, ko izraisa hidraulisk\u0101 cilindra atteice.<\/li>\n<li>Uzturam\u012bba: Balona konstrukcijai j\u0101b\u016bt t\u0101dai, lai to b\u016btu viegli apkopt un remont\u0113t, neizjaucot visu sist\u0113mu.<\/li>\n<\/ul>\n<p><img decoding=\"async\" src=\"https:\/\/www.hydraulic-cylinders.net\/wp-content\/uploads\/2025\/01\/songte-oil-pipes-and-spare-parts.webp\"><\/p>\n<h2>Bl\u012bv\u0113\u0161ana un e\u013c\u013co\u0161ana<\/h2>\n<p>Kausa cilindr\u0101 tiek izmantoti da\u017e\u0101di bl\u012bv\u0113\u0161anas komponenti, piem\u0113ram, virzu\u013ca bl\u012bv\u0113jumi, stie\u0146a bl\u012bv\u0113jumi un citi, kas izgatavoti no nodilumiztur\u012bgiem materi\u0101liem, piem\u0113ram, poliuret\u0101na un nitrila gumijas, lai samazin\u0101tu nopl\u016bdes un nodro\u0161in\u0101tu ilgu kalpo\u0161anas laiku. Cilindra korpuss un v\u012bt\u0146ot\u0101 gala virsma ir prec\u012bzi apstr\u0101d\u0101ta, lai palielin\u0101tu nodilumiztur\u012bbu. Lai nodro\u0161in\u0101tu pareizu cilindra darb\u012bbu, ir nepiecie\u0161ama regul\u0101ra e\u013c\u013co\u0161ana ar hidraulisko e\u013c\u013cu.<\/p>\n<h2>P\u0101rbaude un profilaktisk\u0101 apkope<\/h2>\n<p>Lai pagarin\u0101tu kausa cilindra kalpo\u0161anas laiku, nepiecie\u0161ama regul\u0101ra p\u0101rbaude un profilaktisk\u0101 apkope. Apkopes uzdevumos j\u0101iek\u013cauj:<\/p>\n<ul>\n<li>Regul\u0101ri p\u0101rbaudiet cilindra bl\u012bv\u0113jumus un savienojumus, lai p\u0101rliecin\u0101tos, ka nav nopl\u016b\u017eu.<\/li>\n<li>Pareiza cilindra e\u013c\u013co\u0161ana saska\u0146\u0101 ar ra\u017eot\u0101ja ieteikumiem.<\/li>\n<li>Regul\u0101ra bl\u012bv\u0113jumu nomai\u0146a p\u0113c nepiecie\u0161am\u012bbas.<\/li>\n<li>Kalibr\u0113\u0161anas p\u0101rbaudes, lai nodro\u0161in\u0101tu pareizu darb\u012bbu.<\/li>\n<\/ul>\n<p><img decoding=\"async\" src=\"https:\/\/www.hydraulic-cylinders.net\/wp-content\/uploads\/2025\/01\/songte-chushion-collar.webp\"><\/p>\n<h2>Dro\u0161\u012bbas un vides apsv\u0113rumi<\/h2>\n<p>Lietojot kausa cilindru, ir svar\u012bgi iev\u0113rot dro\u0161\u012bbas pas\u0101kumus, piem\u0113ram, nodro\u0161in\u0101t, lai visas dro\u0161\u012bbas funkcijas b\u016btu sav\u0101s viet\u0101s, un nodro\u0161in\u0101t, ka operatori ir apm\u0101c\u012bti par pareizu lieto\u0161anu. R\u012bkojoties ar hidraulisko e\u013c\u013cu, j\u0101iev\u0113ro ar\u012b atbilsto\u0161i vides noteikumi.<\/p>\n<h2>Probl\u0113mu nov\u0113r\u0161ana un bie\u017ei sastopamas probl\u0113mas<\/h2>\n<p>Bie\u017ei sastopamas probl\u0113mas, kas var rasties ar kausa cilindru, ir e\u013c\u013cas nopl\u016bdes, hidraulisk\u0101 \u0161\u0137idruma pies\u0101r\u0146ojums un cilindra bl\u012bv\u0113jumu boj\u0101jumi. Probl\u0113mu nov\u0113r\u0161ana j\u0101s\u0101k, nosakot probl\u0113mas avotu un p\u0113c tam izp\u0113tot iesp\u0113jamos risin\u0101jumus. Regul\u0101ra profilaktisk\u0101 apkope var iev\u0113rojami samazin\u0101t probl\u0113mu iesp\u0113jam\u012bbu.<\/p>\n<p><img decoding=\"async\" src=\"https:\/\/www.hydraulic-cylinders.net\/wp-content\/uploads\/2025\/01\/songte-bushings-with-all-kinds-of-excavator-models.webp\"><\/p>\n<h2>Par uz\u0146\u0113mumu<\/h2>\n<p>M\u0113s esam rezerves hidraulisko cilindru ra\u017eot\u0101js, kas pied\u0101v\u0101 pilnu produktu kl\u0101stu un k\u013c\u016bst par vienu no vado\u0161ajiem hidraulisko cilindru ra\u017eot\u0101jiem un vairumtirgot\u0101jiem viet\u0113j\u0101 un starptautiskaj\u0101 tirg\u016b. M\u0113s iev\u0113rojam izcilas kvalit\u0101tes principu, pa\u013caujoties uz sare\u017e\u0123\u012btu ra\u017eo\u0161anas darbn\u012bcu r\u016bpniecisk\u0101s ra\u017eo\u0161anas vad\u012bbas strat\u0113\u0123iju un nep\u0101rtraukti uzlabojot darbn\u012bcas ra\u017eo\u0161anas platformu, uzlabojot produktu kvalit\u0101tes ra\u017eo\u0161anas l\u012bniju un apveltot ar sp\u0113c\u012bg\u0101m rado\u0161\u0101m sp\u0113j\u0101m apmierin\u0101t klientu da\u017e\u0101d\u0101s vajadz\u012bbas. <\/p>\n<p>M\u016bsu uz\u0146\u0113mumam ir specializ\u0113ts person\u0101ls, starptautiski sertifik\u0101ti, piel\u0101goti pakalpojumi, modernas ra\u017eo\u0161anas iek\u0101rtas un nevainojams p\u0113cp\u0101rdo\u0161anas serviss.<\/p>\n<p><img decoding=\"async\" src=\"https:\/\/hzpt.com\/wp-content\/uploads\/2024\/11\/songte-company-1.webp\"><\/p>\n<p>Autors: Lails.<\/p>","protected":false},"excerpt":{"rendered":"<p>Bucket Cylinder For Hitachi Wheel Excavator ZX140W-3 Introduction The Bucket Cylinder for Hitachi Wheel Excavator ZX140W-3 is a specially designed hydraulic cylinder primarily used to control the movement of the bucket in heavy machinery such as excavators, backhoes, and front loaders. Its main function is to allow the bucket to lift, lower, and tilt, making [&hellip;]<\/p>","protected":false},"featured_media":14789,"comment_status":"open","ping_status":"closed","template":"","meta":{"_et_pb_use_builder":"","_et_pb_old_content":"","_et_gb_content_width":""},"product_brand":[],"product_cat":[1494],"product_tag":[1495,1496],"class_list":{"0":"post-15162","1":"product","2":"type-product","3":"status-publish","4":"has-post-thumbnail","6":"product_cat-bucket-cylinders","7":"product_tag-bucket-cylinders","8":"product_tag-hydraulic-cylinders","10":"first","11":"instock","12":"shipping-taxable","13":"product-type-simple"},"amp_enabled":true,"_links":{"self":[{"href":"https:\/\/www.hydraulic-cylinders.net\/lv\/wp-json\/wp\/v2\/product\/15162","targetHints":{"allow":["GET"]}}],"collection":[{"href":"https:\/\/www.hydraulic-cylinders.net\/lv\/wp-json\/wp\/v2\/product"}],"about":[{"href":"https:\/\/www.hydraulic-cylinders.net\/lv\/wp-json\/wp\/v2\/types\/product"}],"replies":[{"embeddable":true,"href":"https:\/\/www.hydraulic-cylinders.net\/lv\/wp-json\/wp\/v2\/comments?post=15162"}],"wp:featuredmedia":[{"embeddable":true,"href":"https:\/\/www.hydraulic-cylinders.net\/lv\/wp-json\/wp\/v2\/media\/14789"}],"wp:attachment":[{"href":"https:\/\/www.hydraulic-cylinders.net\/lv\/wp-json\/wp\/v2\/media?parent=15162"}],"wp:term":[{"taxonomy":"product_brand","embeddable":true,"href":"https:\/\/www.hydraulic-cylinders.net\/lv\/wp-json\/wp\/v2\/product_brand?post=15162"},{"taxonomy":"product_cat","embeddable":true,"href":"https:\/\/www.hydraulic-cylinders.net\/lv\/wp-json\/wp\/v2\/product_cat?post=15162"},{"taxonomy":"product_tag","embeddable":true,"href":"https:\/\/www.hydraulic-cylinders.net\/lv\/wp-json\/wp\/v2\/product_tag?post=15162"}],"curies":[{"name":"wp","href":"https:\/\/api.w.org\/{rel}","templated":true}]}}