{"id":15167,"date":"2025-01-19T14:11:23","date_gmt":"2025-01-19T14:11:23","guid":{"rendered":"https:\/\/www.hydraulic-cylinders.net\/product\/bucket-cylinder-for-sumitomo-small-excavator-sh75-75x-3b\/"},"modified":"2025-01-19T14:11:25","modified_gmt":"2025-01-19T14:11:25","slug":"bucket-cylinder-for-sumitomo-small-excavator-sh75-75x-3b","status":"publish","type":"product","link":"https:\/\/www.hydraulic-cylinders.net\/lv\/products\/bucket-cylinder-for-sumitomo-small-excavator-sh75-75x-3b\/","title":{"rendered":"Kausa cilindrs Sumitomo mazajam ekskavatoram SH75\/75X-3B"},"content":{"rendered":"<p><!DOCTYPE html><br \/>\n<html><br \/>\n<head><br \/>\n<title>Kausa cilindrs Sumitomo mazajam ekskavatoram SH75\/75X-3B<\/title><br \/>\n<\/head><br \/>\n<body><\/p>\n<h1>Kausa cilindrs Sumitomo mazajam ekskavatoram SH75\/75X-3B<\/h1>\n<h2>Ievads<\/h2>\n<p>Kausa cilindrs ir speci\u0101li izstr\u0101d\u0101ts hidrauliskais cilindrs, ko izmanto, lai kontrol\u0113tu kausa kust\u012bbu smagaj\u0101s ma\u0161\u012bn\u0101s, piem\u0113ram, ekskavatoros, iekr\u0101v\u0113jos ar ekskavatoru un front\u0101lajos iekr\u0101v\u0113jos. T\u0101 galven\u0101 funkcija ir nodro\u0161in\u0101t kausa pacel\u0161anu, nolai\u0161anu un noliek\u0161anu, atvieglojot da\u017e\u0101dus materi\u0101lu apstr\u0101des uzdevumus. Hidrauliskaj\u0101 sist\u0113m\u0101 kausa cilindrs pan\u0101k prec\u012bzu kausa vad\u012bbu, mainot hidraulisk\u0101s e\u013c\u013cas spiedienu, \u013caujot operatoriem efekt\u012bvi apstr\u0101d\u0101t smagas kravas un piel\u0101goties sare\u017e\u0123\u012btai darba videi un da\u017e\u0101d\u0101m ekspluat\u0101cijas vajadz\u012bb\u0101m.<\/p>\n<p><img decoding=\"async\" src=\"https:\/\/www.hydraulic-cylinders.net\/wp-content\/uploads\/2025\/01\/songte-company-2.webp\" alt=\"Kausa cilindra att\u0113ls\"><\/p>\n<h2>Funkcijas<\/h2>\n<ul>\n<li>Augsta iztur\u012bba un ilgm\u016b\u017e\u012bba: Parasti no augstas stipr\u012bbas t\u0113rauda vai alum\u012bnija izgatavotais kausa cilindrs var iztur\u0113t augstu spiedienu un lielas slodzes, piel\u0101gojoties skarbai darba videi. T\u0101 konstrukcija \u0146em v\u0113r\u0101 nodilumiztur\u012bbu un korozijas iztur\u012bbu, pagarinot t\u0101 kalpo\u0161anas laiku.<\/li>\n<li>Efekt\u012bva hidraulisk\u0101 darb\u012bba: Izmantojot hidraulisk\u0101s e\u013c\u013cas spiedienu, kausa cilindrs nodro\u0161ina vienm\u0113r\u012bgu izstiep\u0161anu un ievilk\u0161anu, radot sp\u0113c\u012bgus stum\u0161anas un vilk\u0161anas sp\u0113kus, kas ir piem\u0113roti smagu kravu apstr\u0101dei un sare\u017e\u0123\u012btiem ekspluat\u0101cijas uzdevumiem.<\/li>\n<li>Da\u017e\u0101di veidi: Cilindru var izv\u0113l\u0113ties k\u0101 vienk\u0101r\u0161\u0101s darb\u012bbas (hidrauliski darbojas tikai vien\u0101 virzien\u0101) vai divk\u0101r\u0161\u0101s darb\u012bbas (hidrauliski darbojas abos virzienos) atkar\u012bb\u0101 no pras\u012bb\u0101m, un da\u017ei mode\u013ci ir teleskopiski, kas \u013cauj to pagarin\u0101t, nepalielinot \u0101r\u0113jos izm\u0113rus, un ir piem\u0113roti lietojumiem ar ierobe\u017eotu vietu.<\/li>\n<li>Lieliska hidraulisko cilindru nomai\u0146a: m\u016bsu produkts var lieliski aizst\u0101t eso\u0161os hidrauliskos cilindrus ar uzlabotu veiktsp\u0113ju un sader\u012bbu.<\/li>\n<\/ul>\n<p><img decoding=\"async\" src=\"https:\/\/www.hydraulic-cylinders.net\/wp-content\/uploads\/2025\/01\/songte-cylinder-head-with-all-kinds-excavator-models.webp\" alt=\"Produkta att\u0113ls\"><\/p>\n<h2>Pieteikumi<\/h2>\n<ul>\n<li>B\u016bvniec\u012bbas apr\u012bkojums: atrodams ekskavatoros, tas ir nepiecie\u0161ams rak\u0161anas, iekrau\u0161anas un augsnes vai gru\u017eu p\u0101rvieto\u0161anas darbiem. Ekskavatoros-iekr\u0101v\u0113jos kausa cilindrs pal\u012bdz gan rak\u0161anas, gan cel\u0161anas darbos.<\/li>\n<li>Lauksaimniec\u012bbas tehnika: Izmanto front\u0101lajos iekr\u0101v\u0113jos, tie pal\u012bdz sav\u0101kt, pacelt un transport\u0113t augsni, sienu un citus materi\u0101lus.<\/li>\n<li>Ekskavatori: Kausa cilindrs nodro\u0161ina rak\u0161anas darb\u012bbas, \u013caujot kausam iek\u013c\u016bt augsn\u0113.<\/li>\n<li>Iekr\u0101v\u0113ji: Front\u0101lajos iekr\u0101v\u0113jos tie veicina efekt\u012bvu pre\u010du pacel\u0161anu un izg\u0101\u0161anu.<\/li>\n<\/ul>\n<h2>Dizaina apsv\u0113rumi un atlases krit\u0113riji<\/h2>\n<ul>\n<li>Nestsp\u0113ja: Cilindra konstrukcij\u0101 ir \u0146emta v\u0113r\u0101 sp\u0113ja iztur\u0113t lielas slodzes un saglab\u0101t konstrukcijas integrit\u0101ti.<\/li>\n<li>Bl\u012bv\u0113jums: Tiek izmantoti da\u017e\u0101di bl\u012bv\u0113\u0161anas komponenti, piem\u0113ram, virzu\u013ca bl\u012bvsl\u0113gi \u200b\u200bun stie\u0146a bl\u012bvsl\u0113gi, kas izgatavoti no nodilumiztur\u012bgiem materi\u0101liem, piem\u0113ram, poliuret\u0101na un nitrila gumijas. Cilindra korpuss un v\u012bt\u0146ot\u0101s gala virsmas tiek r\u016bp\u012bgi apstr\u0101d\u0101tas, lai uzlabotu nodilumiztur\u012bbu.<\/li>\n<li>Durability: The design ensures the cylinder&#8217;s ability to withstand continuous use, environmental factors, and potential impacts.<\/li>\n<li>Dro\u0161\u012bba: Lai nov\u0113rstu negad\u012bjumus un nodro\u0161in\u0101tu operatora dro\u0161\u012bbu, ir ieb\u016bv\u0113tas t\u0101das dro\u0161\u012bbas funkcijas k\u0101 spiediena samazin\u0101\u0161anas v\u0101rsti un aizsargp\u0101rsegi.<\/li>\n<li>Apkope: Balona konstrukcija nodro\u0161ina \u0113rtu apkopi un remontu, nodro\u0161inot atbilsto\u0161us piek\u013cuves punktus un instrukcijas.<\/li>\n<\/ul>\n<p><img decoding=\"async\" src=\"https:\/\/www.hydraulic-cylinders.net\/wp-content\/uploads\/2025\/01\/songte-oil-pipes-and-spare-parts.webp\" alt=\"Produkta sast\u0101vda\u013cas\"><\/p>\n<h2>Bl\u012bv\u0113\u0161ana un e\u013c\u013co\u0161ana<\/h2>\n<p>Kausa cilindr\u0101 tiek izmantoti da\u017e\u0101di bl\u012bv\u0113\u0161anas komponenti, piem\u0113ram, virzu\u013ca bl\u012bv\u0113jumi un stie\u0146a bl\u012bv\u0113jumi, kas izgatavoti no nodilumiztur\u012bgiem materi\u0101liem, piem\u0113ram, poliuret\u0101na un nitrila gumijas. Cilindra korpuss un v\u012bt\u0146ot\u0101s gala virsmas tiek r\u016bp\u012bgi apstr\u0101d\u0101tas, lai uzlabotu nodilumiztur\u012bbu. Lai nodro\u0161in\u0101tu optim\u0101lu veiktsp\u0113ju, ir nepiecie\u0161ama regul\u0101ra e\u013c\u013co\u0161ana. E\u013c\u013co\u0161anai periodiski j\u0101pievieno pietiekams daudzums hidraulisk\u0101s e\u013c\u013cas.<\/p>\n<h2>Apkope un prevent\u012bvie pas\u0101kumi<\/h2>\n<ul>\n<li>Regul\u0101ras p\u0101rbaudes: Periodiski p\u0101rbaudiet cilindru, vai nav nodiluma, boj\u0101jumu vai nopl\u016b\u017eu paz\u012bmju.<\/li>\n<li>Pareiza e\u013c\u013co\u0161ana: Lai nodro\u0161in\u0101tu nevainojamu darb\u012bbu, iev\u0113rojiet ieteicamo e\u013c\u013co\u0161anas grafiku.<\/li>\n<li>Bl\u012bv\u0113juma nomai\u0146a: Ja k\u0101di bl\u012bv\u0113jumi ir nodilu\u0161i vai boj\u0101ti, nekav\u0113joties nomainiet tos, lai nov\u0113rstu nopl\u016bdi un saglab\u0101tu bl\u012bv\u0113juma efektivit\u0101ti.<\/li>\n<li>Kalibr\u0113\u0161anas p\u0101rbaudes: Regul\u0101ri p\u0101rbaudiet un kalibr\u0113jiet cilindru, lai nodro\u0161in\u0101tu prec\u012bzu un prec\u012bzu darb\u012bbu.<\/li>\n<\/ul>\n<p><img decoding=\"async\" src=\"https:\/\/www.hydraulic-cylinders.net\/wp-content\/uploads\/2025\/01\/songte-chushion-collar.webp\" alt=\"Instal\u0101cijas att\u0113ls\"><\/p>\n<h2>Produkta dro\u0161\u012bbas apsv\u0113rumi un vides faktori<\/h2>\n<p>When using the bucket cylinder, it is important to follow safety measures to prevent accidents and ensure operator well-being. The cylinder&#8217;s design takes into account safety standards and regulations to minimize risks. Additionally, environmental factors such as fluid leaks and proper waste disposal should be considered.<\/p>\n<h2>Probl\u0113mu nov\u0113r\u0161ana un bie\u017ei sastopamas probl\u0113mas<\/h2>\n<p>Bie\u017ei sastopamas probl\u0113mas, kas var rasties ar kausa cilindru, ir nopl\u016bdes, nepietiekama jauda un neparastas kust\u012bbas. Lai nov\u0113rstu \u0161\u012bs probl\u0113mas, ieteicams p\u0101rbaud\u012bt, vai nav nopl\u016b\u017eu, nodro\u0161in\u0101t atbilsto\u0161u hidraulisk\u0101 \u0161\u0137idruma l\u012bmeni un p\u0101rbaud\u012bt sist\u0113mu, vai taj\u0101 nav darb\u012bbas trauc\u0113jumu. Pareizi prevent\u012bvie pas\u0101kumi, piem\u0113ram, regul\u0101ra apkope un savlaic\u012bgs remonts, var pal\u012bdz\u0113t samazin\u0101t iesp\u0113jam\u0101s probl\u0113mas.<\/p>\n<p><img decoding=\"async\" src=\"https:\/\/www.hydraulic-cylinders.net\/wp-content\/uploads\/2025\/01\/songte-bushings-with-all-kinds-of-excavator-models.webp\" alt=\"Att\u0113la probl\u0113mu nov\u0113r\u0161ana\"><\/p>\n<h2>Par m\u016bsu uz\u0146\u0113mumu<\/h2>\n<p>M\u0113s esam rezerves hidraulisko cilindru ra\u017eot\u0101js, kas pied\u0101v\u0101 pla\u0161u produktu kl\u0101stu. Esam k\u013cuvu\u0161i par vienu no vado\u0161ajiem hidraulisko cilindru ra\u017eot\u0101jiem un vairumtirgot\u0101jiem viet\u0113j\u0101 un starptautiskaj\u0101 tirg\u016b. Ar m\u016bsu ap\u0146em\u0161anos nodro\u0161in\u0101t izcil\u012bbu un industrializ\u0113t\u0101m ra\u017eo\u0161anas vad\u012bbas strat\u0113\u0123ij\u0101m, kas tiek ieviestas m\u016bsu sare\u017e\u0123\u012btaj\u0101 ra\u017eo\u0161anas darbn\u012bc\u0101, m\u0113s nep\u0101rtraukti uzlabojam savu ra\u017eo\u0161anas platformu, pilnveidojam savu produktu kvalit\u0101tes ra\u017eo\u0161anas l\u012bniju un mums ir sp\u0113c\u012bgas inovat\u012bvas sp\u0113jas. M\u0113s cen\u0161amies apmierin\u0101t da\u017e\u0101das klientu vajadz\u012bbas ar augstu efektivit\u0101ti, precizit\u0101ti un kvalit\u0101tes principiem.<\/p>\n<p><img decoding=\"async\" src=\"https:\/\/www.hydraulic-cylinders.net\/wp-content\/uploads\/2025\/01\/songte-company-3.webp\" alt=\"Uz\u0146\u0113muma t\u0113ls\"><\/p>\n<h3>K\u0101p\u0113c izv\u0113l\u0113ties m\u016bs?<\/h3>\n<ul>\n<li>Ekspert\u012bze: Mums ir profesion\u0101\u013cu komanda ar pla\u0161\u0101m zin\u0101\u0161an\u0101m un pieredzi hidraulisko cilindru ra\u017eo\u0161an\u0101.<\/li>\n<li>Starptautiski sertifik\u0101ti: M\u016bsu produkti atbilst starptautiskajiem kvalit\u0101tes un dro\u0161\u012bbas standartiem, nodro\u0161inot uzticam\u012bbu un veiktsp\u0113ju.<\/li>\n<li>Piel\u0101go\u0161anas pakalpojumi: M\u0113s pied\u0101v\u0101jam piel\u0101gotus risin\u0101jumus, lai apmierin\u0101tu \u012bpa\u0161as klientu pras\u012bbas.<\/li>\n<li>Uzlabotas ra\u017eo\u0161anas iek\u0101rtas: M\u0113s izmantojam modern\u0101k\u0101s digit\u0101l\u0101s ra\u017eo\u0161anas iek\u0101rtas prec\u012bzai un efekt\u012bvai ra\u017eo\u0161anai.<\/li>\n<li>P\u0113cp\u0101rdo\u0161anas serviss: M\u016bsu uz\u0146\u0113mums nodro\u0161ina visaptvero\u0161u p\u0113cp\u0101rdo\u0161anas atbalstu, tostarp deta\u013cu nomai\u0146u un atjauno\u0161anas pakalpojumus, lai uzlabotu m\u016bsu produktu kalpo\u0161anas laiku.<\/li>\n<\/ul>\n<p>Autors: lil<\/p>\n<p><\/body><br \/>\n<\/html><\/p>","protected":false},"excerpt":{"rendered":"<p>Bucket Cylinder For Sumitomo Small Excavator SH75\/75X-3B Bucket Cylinder For Sumitomo Small Excavator SH75\/75X-3B Introduction A bucket cylinder is a specially designed hydraulic cylinder used to control the movement of the bucket in heavy machinery such as excavators, backhoe loaders, and front-end loaders. Its main function is to enable the bucket to lift, lower, and [&hellip;]<\/p>","protected":false},"featured_media":14782,"comment_status":"open","ping_status":"closed","template":"","meta":{"_et_pb_use_builder":"","_et_pb_old_content":"","_et_gb_content_width":""},"product_brand":[],"product_cat":[1494],"product_tag":[1495,1496],"class_list":{"0":"post-15167","1":"product","2":"type-product","3":"status-publish","4":"has-post-thumbnail","6":"product_cat-bucket-cylinders","7":"product_tag-bucket-cylinders","8":"product_tag-hydraulic-cylinders","10":"first","11":"instock","12":"shipping-taxable","13":"product-type-simple"},"amp_enabled":true,"_links":{"self":[{"href":"https:\/\/www.hydraulic-cylinders.net\/lv\/wp-json\/wp\/v2\/product\/15167","targetHints":{"allow":["GET"]}}],"collection":[{"href":"https:\/\/www.hydraulic-cylinders.net\/lv\/wp-json\/wp\/v2\/product"}],"about":[{"href":"https:\/\/www.hydraulic-cylinders.net\/lv\/wp-json\/wp\/v2\/types\/product"}],"replies":[{"embeddable":true,"href":"https:\/\/www.hydraulic-cylinders.net\/lv\/wp-json\/wp\/v2\/comments?post=15167"}],"wp:featuredmedia":[{"embeddable":true,"href":"https:\/\/www.hydraulic-cylinders.net\/lv\/wp-json\/wp\/v2\/media\/14782"}],"wp:attachment":[{"href":"https:\/\/www.hydraulic-cylinders.net\/lv\/wp-json\/wp\/v2\/media?parent=15167"}],"wp:term":[{"taxonomy":"product_brand","embeddable":true,"href":"https:\/\/www.hydraulic-cylinders.net\/lv\/wp-json\/wp\/v2\/product_brand?post=15167"},{"taxonomy":"product_cat","embeddable":true,"href":"https:\/\/www.hydraulic-cylinders.net\/lv\/wp-json\/wp\/v2\/product_cat?post=15167"},{"taxonomy":"product_tag","embeddable":true,"href":"https:\/\/www.hydraulic-cylinders.net\/lv\/wp-json\/wp\/v2\/product_tag?post=15167"}],"curies":[{"name":"wp","href":"https:\/\/api.w.org\/{rel}","templated":true}]}}