{"id":15168,"date":"2025-01-19T14:11:26","date_gmt":"2025-01-19T14:11:26","guid":{"rendered":"https:\/\/www.hydraulic-cylinders.net\/product\/bucket-cylinder-for-sumitomo-small-excavator-sh100a1a2a3\/"},"modified":"2025-01-19T14:11:28","modified_gmt":"2025-01-19T14:11:28","slug":"bucket-cylinder-for-sumitomo-small-excavator-sh100a1a2a3","status":"publish","type":"product","link":"https:\/\/www.hydraulic-cylinders.net\/lv\/products\/bucket-cylinder-for-sumitomo-small-excavator-sh100a1a2a3\/","title":{"rendered":"Kausa cilindrs Sumitomo mazajam ekskavatoram SH100A1A2A3"},"content":{"rendered":"<h1>Kausa cilindrs Sumitomo mazajam ekskavatoram SH100A1A2A3<\/h1>\n<h2>Ievads<\/h2>\n<p>Sumitomo maz\u0101 ekskavatora SH100A1A2A3 kausa cilindrs ir specializ\u0113ts hidrauliskais cilindrs, kas paredz\u0113ts kausa kust\u012bbas vad\u012bbai smagaj\u0101s ma\u0161\u012bn\u0101s, piem\u0113ram, ekskavatoros, ekskavatoros-iekr\u0101v\u0113jos un front\u0101lajos iekr\u0101v\u0113jos. T\u0101 galven\u0101 funkcija ir nodro\u0161in\u0101t kausa pacel\u0161anu, nolai\u0161anu un noliek\u0161anu, atvieglojot da\u017e\u0101du materi\u0101lu apstr\u0101des uzdevumu veik\u0161anu. Kausa cilindrs nodro\u0161ina prec\u012bzu kausa kust\u012bbas kontroli, mainot hidraulisk\u0101s e\u013c\u013cas spiedienu hidrauliskaj\u0101 sist\u0113m\u0101, \u013caujot operatoriem efekt\u012bvi apstr\u0101d\u0101t smagus priek\u0161metus un piel\u0101goties sare\u017e\u0123\u012btai darba videi un da\u017e\u0101d\u0101m darba pras\u012bb\u0101m.<\/p>\n<p><img decoding=\"async\" src=\"https:\/\/www.hydraulic-cylinders.net\/wp-content\/uploads\/2025\/01\/songte-company-2.webp\"><\/p>\n<h2>Funkcijas<\/h2>\n<ul>\n<li>Augsta iztur\u012bba un ilgm\u016b\u017e\u012bba: Parasti izgatavots no augstas stipr\u012bbas t\u0113rauda vai alum\u012bnija, tas var iztur\u0113t augstu spiedienu un lielas slodzes, piel\u0101goties skarbai darba videi un ir izstr\u0101d\u0101ts, \u0146emot v\u0113r\u0101 nodilumiztur\u012bbu un korozijas iztur\u012bbu, lai pagarin\u0101tu t\u0101 kalpo\u0161anas laiku.<\/li>\n<li>Efekt\u012bva hidraulisk\u0101 darb\u012bba: vienm\u0113r\u012bga izstiep\u0161ana un sarau\u0161an\u0101s tiek pan\u0101kta, izmantojot hidraulisk\u0101s e\u013c\u013cas spiedienu. T\u0101 var \u0101tri rea\u0123\u0113t uz vad\u012bbas komand\u0101m, nodro\u0161in\u0101t sp\u0113c\u012bgus stum\u0161anas un vilk\u0161anas sp\u0113kus un ir piem\u0113rota smagu priek\u0161metu apstr\u0101dei un sare\u017e\u0123\u012btu darbu veik\u0161anai.<\/li>\n<li>Da\u017e\u0101di veidi: atkar\u012bb\u0101 no ekspluat\u0101cijas vajadz\u012bb\u0101m var izv\u0113l\u0113ties vienas darb\u012bbas (hidrauliski darbojas tikai vien\u0101 virzien\u0101) vai divk\u0101r\u0161as darb\u012bbas (hidrauliski darbojas abos virzienos) cilindrus. Da\u017ei mode\u013ci ir teleskopiski, kas \u013cauj tos pagarin\u0101t, nepalielinot \u0101r\u0113jos izm\u0113rus, padarot tos piem\u0113rotus lieto\u0161anai ierobe\u017eot\u0101 telp\u0101.<\/li>\n<li>Viegli uzst\u0101d\u012bt: M\u016bsu uz\u0146\u0113mums var ra\u017eot \u0161o produktu, un m\u016bsu produkts var lieliski aizst\u0101t \u0161os hidrauliskos cilindrus.<\/li>\n<\/ul>\n<p><img decoding=\"async\" src=\"https:\/\/www.hydraulic-cylinders.net\/wp-content\/uploads\/2025\/01\/songte-cylinder-head-with-all-kinds-excavator-models.webp\"><\/p>\n<h2>Pieteikumi<\/h2>\n<p>Kausa cilindram ir pla\u0161s pielietojumu kl\u0101sts, piem\u0113ram:<\/p>\n<ul>\n<li>B\u016bvniec\u012bbas tehnika: ekskavatoros t\u0101s ir \u013coti svar\u012bgas augsnes vai gru\u017eu rak\u0161anai, iekrau\u0161anai un p\u0101rvieto\u0161anai. Ekskavatoros-iekr\u0101v\u0113jos kausa cilindrs pal\u012bdz gan rak\u0161an\u0101, gan cel\u0161an\u0101. <\/li>\n<li>Lauksaimniec\u012bbas tehnika: Izmanto front\u0101lajos iekr\u0101v\u0113jos augsnes, siena un citu materi\u0101lu sav\u0101k\u0161anai, cel\u0161anai un transport\u0113\u0161anai. <\/li>\n<li>Ekskavatori: Kausa cilindrs pan\u0101k rak\u0161anas darb\u012bbu, \u013caujot kausam iek\u013c\u016bt augsn\u0113.<\/li>\n<li>Iekr\u0101v\u0113ji: Front\u0101lie iekr\u0101v\u0113ji pal\u012bdz efekt\u012bvi pacelt un noliekt preces.<\/li>\n<\/ul>\n<p>\u0160eit ir da\u017ei piem\u0113ri, k\u0101 kausa cilindrs tiek izmantots da\u017e\u0101dos pielietojumos:<\/p>\n<h3>Celtniec\u012bbas tehnika<\/h3>\n<p>Ekskavatoros tie ir kritiski svar\u012bgi augsnes vai gru\u017eu rak\u0161anai, iekrau\u0161anai un p\u0101rvieto\u0161anai. Ekskavatoros-iekr\u0101v\u0113jos kausa cilindrs pal\u012bdz gan rak\u0161an\u0101, gan cel\u0161an\u0101.<\/p>\n<h3>Lauksaimniec\u012bbas tehnika<\/h3>\n<p>Izmanto front\u0101lajos iekr\u0101v\u0113jos augsnes, siena un citu materi\u0101lu sav\u0101k\u0161anai, cel\u0161anai un transport\u0113\u0161anai.<\/p>\n<h3>Ekskavatori<\/h3>\n<p>Kausa cilindrs pan\u0101k rak\u0161anas darb\u012bbu, \u013caujot kausam iek\u013c\u016bt augsn\u0113.<\/p>\n<h3>Iekr\u0101v\u0113ji<\/h3>\n<p>Front\u0101lajos iekr\u0101v\u0113jos tie pal\u012bdz efekt\u012bvi pacelt un noliekt preces.<\/p>\n<h2>Dizaina apsv\u0113rumi un atlases krit\u0113riji<\/h2>\n<h3>Nestsp\u0113ja<\/h3>\n<p>Kausa cilindrs ir paredz\u0113ts lielu kravu un augsta spiediena iztur\u0113\u0161anai. Izmantotie materi\u0101li, piem\u0113ram, augstas stipr\u012bbas t\u0113rauds vai alum\u012bnijs, ir izv\u0113l\u0113ti, \u0146emot v\u0113r\u0101 to iztur\u012bbu un nodilumiztur\u012bbu un korozijas iztur\u012bbu. <\/p>\n<h3>Bl\u012bv\u0113jums un iztur\u012bba<\/h3>\n<p>Lai nodro\u0161in\u0101tu, ka hidrauliskais \u0161\u0137idrums neizpl\u016bst no cilindra, tiek izmantoti da\u017e\u0101di bl\u012bv\u0113\u0161anas komponenti, piem\u0113ram, virzu\u013ca bl\u012bvsl\u0113gi \u200b\u200bun stie\u0146a bl\u012bvsl\u0113gi. Tie ir izgatavoti no nodilumiztur\u012bgiem materi\u0101liem, piem\u0113ram, poliuret\u0101na un nitrila gumijas. Cilindra korpusa iek\u0161\u0113j\u0101 virsma un v\u012bt\u0146otais gals ir prec\u012bzi apstr\u0101d\u0101ti, lai palielin\u0101tu nodilumiztur\u012bbu. Lai saglab\u0101tu iztur\u012bbu, ir nepiecie\u0161ams regul\u0101ri pievienot atbilsto\u0161u hidraulisk\u0101s e\u013c\u013cas daudzumu e\u013c\u013co\u0161anai.<\/p>\n<p><img decoding=\"async\" src=\"https:\/\/www.hydraulic-cylinders.net\/wp-content\/uploads\/2025\/01\/songte-oil-pipes-and-spare-parts.webp\"><\/p>\n<h2>Apkope un remonts<\/h2>\n<p>Lai nodro\u0161in\u0101tu kausa cilindra ilgsto\u0161u darb\u012bbu, nepiecie\u0161ama regul\u0101ra apkope un prevent\u012bvie pas\u0101kumi. \u0160eit ir da\u017ei svar\u012bgi uzdevumi:<\/p>\n<h3>Uzst\u0101d\u012b\u0161ana<\/h3>\n<p>Uzst\u0101dot cilindru, ir svar\u012bgi to pareizi izl\u012bdzin\u0101t un nodro\u0161in\u0101t atbilsto\u0161us stiprin\u0101juma kron\u0161teinus, lai to nostiprin\u0101tu viet\u0101.<\/p>\n<h3>Apkope<\/h3>\n<p>Regul\u0101ri apkopes darbi ietver pareizu e\u013c\u013co\u0161anu, bl\u012bv\u0113jumu p\u0101rbaudi attiec\u012bb\u0101 uz nodilumu un nopl\u016bd\u0113m, k\u0101 ar\u012b cilindra p\u0101rbaudi, vai nav boj\u0101jumu vai darb\u012bbas trauc\u0113jumu paz\u012bmju.<\/p>\n<h3>Remonts<\/h3>\n<p>Boj\u0101jumu vai darb\u012bbas trauc\u0113jumu gad\u012bjum\u0101 var b\u016bt nepiecie\u0161ams nomain\u012bt atsevi\u0161\u0137as cilindra sast\u0101vda\u013cas vai piln\u012bb\u0101 to p\u0101rb\u016bv\u0113t. M\u016bsu uz\u0146\u0113mums pied\u0101v\u0101 rezerves da\u013cas un atjauno\u0161anas pakalpojumus, lai pal\u012bdz\u0113tu pagarin\u0101t cilindra kalpo\u0161anas laiku un samazin\u0101t d\u012bkst\u0101ves laiku.<\/p>\n<p><img decoding=\"async\" src=\"https:\/\/www.hydraulic-cylinders.net\/wp-content\/uploads\/2025\/01\/songte-chushion-collar.webp\"><\/p>\n<h2>Dro\u0161\u012bbas apsv\u0113rumi un vides faktori<\/h2>\n<p>Dro\u0161\u012bbas pas\u0101kumi ir \u013coti svar\u012bgi, lietojot kausa cilindru. Lai nodro\u0161in\u0101tu, ka operatori var dro\u0161i un efekt\u012bvi lietot cilindru, ir nepiecie\u0161ama atbilsto\u0161a apm\u0101c\u012bba. Ar\u012b vides faktori, piem\u0113ram, temperat\u016bra un mitrums, var ietekm\u0113t cilindra veiktsp\u0113ju un ilgm\u016b\u017e\u012bbu.<\/p>\n<h2>Bie\u017ei sastopamas probl\u0113mas un to nov\u0113r\u0161ana<\/h2>\n<p>Kausa cilindram lieto\u0161anas laik\u0101 var rasties da\u017e\u0101das probl\u0113mas, piem\u0113ram, nopl\u016bde, troksnis vai l\u0113na darb\u012bba. Ir svar\u012bgi prec\u012bzi un efekt\u012bvi diagnostic\u0113t \u0161\u012bs probl\u0113mas, lai samazin\u0101tu d\u012bkst\u0101ves laiku. Regul\u0101ra apkope un pareiza uzst\u0101d\u012b\u0161ana ir ar\u012b svar\u012bgi prevent\u012bvie pas\u0101kumi.<\/p>\n<p><img decoding=\"async\" src=\"https:\/\/www.hydraulic-cylinders.net\/wp-content\/uploads\/2025\/01\/songte-bushings-with-all-kinds-of-excavator-models.webp\"><\/p>\n<h2>Par m\u016bsu uz\u0146\u0113mumu<\/h2>\n<p>M\u016bsu uz\u0146\u0113mums ir vado\u0161ais hidraulisko cilindru ra\u017eot\u0101js un vairumtirgot\u0101js viet\u0113j\u0101 un starptautiskaj\u0101 tirg\u016b. M\u0113s esam ap\u0146\u0113mu\u0161ies nodro\u0161in\u0101t izcilas kvalit\u0101tes produktus un pa\u013caujamies uz m\u016bsu r\u016bpniecisk\u0101s ra\u017eo\u0161anas vad\u012bbas strat\u0113\u0123ij\u0101m, piem\u0113ram, progres\u012bvu tehnolo\u0123iju un profesion\u0101lu test\u0113\u0161anas sist\u0113mu izmanto\u0161anu, lai nep\u0101rtraukti uzlabotu m\u016bsu ra\u017eo\u0161anas platformas un produktu kvalit\u0101ti. M\u016bsu sp\u0113c\u012bg\u0101s inov\u0101ciju un rado\u0161uma sp\u0113jas \u013cauj mums apmierin\u0101t da\u017e\u0101das klientu vajadz\u012bbas ar augstu efektivit\u0101ti, precizit\u0101ti un kvalit\u0101ti.<\/p>\n<h3>Profesionalit\u0101te<\/h3>\n<p>Mums ir pieredz\u0113ju\u0161u profesion\u0101\u013cu komanda, kas ir ap\u0146\u0113musies sniegt lab\u0101kos risin\u0101jumus m\u016bsu klientu pras\u012bb\u0101m.<\/p>\n<h3>Starptautisk\u0101 sertifik\u0101cija<\/h3>\n<p>M\u016bsu uz\u0146\u0113mums ir nok\u0101rtojis da\u017e\u0101dus starptautiskus sertifik\u0101tus, piem\u0113ram, ISO9001, CE un SGS, kas nodro\u0161ina m\u016bsu produktu kvalit\u0101tes atbilst\u012bbu starptautiskajiem standartiem.<\/p>\n<h3>Piel\u0101go\u0161ana<\/h3>\n<p>M\u0113s pied\u0101v\u0101jam piel\u0101gotus pakalpojumus, lai apmierin\u0101tu m\u016bsu klientu da\u017e\u0101d\u0101s vajadz\u012bbas, tostarp piel\u0101gotu dizainu, ra\u017eo\u0161anu un iepakojumu, k\u0101 ar\u012b piel\u0101gotus p\u0113cp\u0101rdo\u0161anas pakalpojumus.<\/p>\n<h3>Ra\u017eo\u0161anas iek\u0101rtas<\/h3>\n<p>M\u016bsu uz\u0146\u0113mums izmanto modernas ra\u017eo\u0161anas iek\u0101rtas, piem\u0113ram, CNC iek\u0101rtas un automatiz\u0113tas mont\u0101\u017eas l\u012bnijas, lai nodro\u0161in\u0101tu augstu efektivit\u0101ti un precizit\u0101ti ra\u017eo\u0161an\u0101.<\/p>\n<h3>P\u0113cp\u0101rdo\u0161anas serviss<\/h3>\n<p>M\u0113s pied\u0101v\u0101jam profesion\u0101lu p\u0113cp\u0101rdo\u0161anas servisu, lai pal\u012bdz\u0113tu klientiem atrisin\u0101t probl\u0113mas m\u016bsu produktu lieto\u0161anas proces\u0101, k\u0101 ar\u012b sniedzam tehnisko atbalstu un apm\u0101c\u012bbas pakalpojumus, lai pal\u012bdz\u0113tu klientiem uzlabot savas prasmes un zin\u0101\u0161anas.<\/p>\n<p><img decoding=\"async\" src=\"https:\/\/www.hydraulic-cylinders.net\/wp-content\/uploads\/2025\/01\/songte-company-3.webp\"><\/p>\n<p>Autors: Lails.<\/p>","protected":false},"excerpt":{"rendered":"<p>Bucket Cylinder For Sumitomo Small Excavator SH100A1A2A3 Introduction The bucket cylinder for Sumitomo small excavator SH100A1A2A3 is a specialized hydraulic cylinder designed to control the movement of the bucket in heavy machinery such as excavators, backhoe loaders, and front-end loaders. Its main function is to enable the bucket to lift, lower, and tilt, making it [&hellip;]<\/p>","protected":false},"featured_media":14780,"comment_status":"open","ping_status":"closed","template":"","meta":{"_et_pb_use_builder":"","_et_pb_old_content":"","_et_gb_content_width":""},"product_brand":[],"product_cat":[1494],"product_tag":[1495,1496],"class_list":{"0":"post-15168","1":"product","2":"type-product","3":"status-publish","4":"has-post-thumbnail","6":"product_cat-bucket-cylinders","7":"product_tag-bucket-cylinders","8":"product_tag-hydraulic-cylinders","10":"first","11":"instock","12":"shipping-taxable","13":"product-type-simple"},"amp_enabled":true,"_links":{"self":[{"href":"https:\/\/www.hydraulic-cylinders.net\/lv\/wp-json\/wp\/v2\/product\/15168","targetHints":{"allow":["GET"]}}],"collection":[{"href":"https:\/\/www.hydraulic-cylinders.net\/lv\/wp-json\/wp\/v2\/product"}],"about":[{"href":"https:\/\/www.hydraulic-cylinders.net\/lv\/wp-json\/wp\/v2\/types\/product"}],"replies":[{"embeddable":true,"href":"https:\/\/www.hydraulic-cylinders.net\/lv\/wp-json\/wp\/v2\/comments?post=15168"}],"wp:featuredmedia":[{"embeddable":true,"href":"https:\/\/www.hydraulic-cylinders.net\/lv\/wp-json\/wp\/v2\/media\/14780"}],"wp:attachment":[{"href":"https:\/\/www.hydraulic-cylinders.net\/lv\/wp-json\/wp\/v2\/media?parent=15168"}],"wp:term":[{"taxonomy":"product_brand","embeddable":true,"href":"https:\/\/www.hydraulic-cylinders.net\/lv\/wp-json\/wp\/v2\/product_brand?post=15168"},{"taxonomy":"product_cat","embeddable":true,"href":"https:\/\/www.hydraulic-cylinders.net\/lv\/wp-json\/wp\/v2\/product_cat?post=15168"},{"taxonomy":"product_tag","embeddable":true,"href":"https:\/\/www.hydraulic-cylinders.net\/lv\/wp-json\/wp\/v2\/product_tag?post=15168"}],"curies":[{"name":"wp","href":"https:\/\/api.w.org\/{rel}","templated":true}]}}