{"id":15170,"date":"2025-01-19T14:11:34","date_gmt":"2025-01-19T14:11:34","guid":{"rendered":"https:\/\/www.hydraulic-cylinders.net\/product\/bucket-cylinder-for-sumitomo-small-excavator-sh60a3\/"},"modified":"2025-01-19T14:11:36","modified_gmt":"2025-01-19T14:11:36","slug":"bucket-cylinder-for-sumitomo-small-excavator-sh60a3","status":"publish","type":"product","link":"https:\/\/www.hydraulic-cylinders.net\/lv\/products\/bucket-cylinder-for-sumitomo-small-excavator-sh60a3\/","title":{"rendered":"Kausa cilindrs Sumitomo mazajam ekskavatoram SH60A3"},"content":{"rendered":"<h1>Kausa cilindrs Sumitomo mazajam ekskavatoram SH60A3<\/h1>\n<h2>Ievads<\/h2>\n<p>Sumitomo maz\u0101 ekskavatora SH60A3 kausa cilindrs ir specializ\u0113ts hidrauliskais cilindrs, ko galvenok\u0101rt izmanto, lai kontrol\u0113tu kausu kust\u012bbu smagaj\u0101s ma\u0161\u012bn\u0101s, piem\u0113ram, ekskavatoros, ekskavatoros un front\u0101lajos iekr\u0101v\u0113jos. T\u0101 galven\u0101 funkcija ir \u013caut kausam pacelties, nolaisties un noliekties, t\u0101d\u0113j\u0101di atvieglojot da\u017e\u0101du materi\u0101lu apstr\u0101di. Hidrauliskaj\u0101 sist\u0113m\u0101 kausa cilindrs pan\u0101k prec\u012bzu kausa kontroli, mainot hidraulisk\u0101s e\u013c\u013cas spiedienu, \u013caujot operatoriem efekt\u012bvi apstr\u0101d\u0101t smagas kravas un piel\u0101goties sare\u017e\u0123\u012btai darba videi un da\u017e\u0101d\u0101m ekspluat\u0101cijas pras\u012bb\u0101m.<\/p>\n<p><img decoding=\"async\" src=\"https:\/\/www.hydraulic-cylinders.net\/wp-content\/uploads\/2025\/01\/songte-company-2.webp\"\/><\/p>\n<h2>Funkcijas<\/h2>\n<ul>\n<li>Augsta iztur\u012bba un ilgm\u016b\u017e\u012bba: Parasti izgatavots no augstas stipr\u012bbas t\u0113rauda vai alum\u012bnija, tas var iztur\u0113t augstu spiedienu un lielas slodzes, piel\u0101gojas skarbai darba videi un ir izstr\u0101d\u0101ts, \u0146emot v\u0113r\u0101 nodilumiztur\u012bbu un korozijas iztur\u012bbu, pagarinot t\u0101 kalpo\u0161anas laiku.<\/li>\n<li>Efekt\u012bva hidraulisk\u0101 darb\u012bba: Izmantojot hidraulisk\u0101s e\u013c\u013cas spiedienu, lai pan\u0101ktu vienm\u0113r\u012bgu teleskopisko kust\u012bbu, tas var \u0101tri rea\u0123\u0113t uz vad\u012bbas komand\u0101m, nodro\u0161inot sp\u0113c\u012bgus stum\u0161anas un vilk\u0161anas sp\u0113kus, kas ir piem\u0113roti smagu kravu apstr\u0101dei un sare\u017e\u0123\u012btu darba uzdevumu veik\u0161anai.<\/li>\n<li>Da\u017e\u0101di veidi: P\u0113c nepiecie\u0161am\u012bbas var izv\u0113l\u0113ties vienas darb\u012bbas (hidrauliski tiek izmantota tikai vien\u0101 virzien\u0101) vai divk\u0101r\u0161as darb\u012bbas (hidrauliski tiek izmantota abos virzienos) cilindrus, lai apmierin\u0101tu da\u017e\u0101das ekspluat\u0101cijas pras\u012bbas. Da\u017ei mode\u013ci ir teleskopiski, kas \u013cauj tos pagarin\u0101t, nepalielinot \u0101r\u0113jos izm\u0113rus, un ir piem\u0113roti lieto\u0161anai ierobe\u017eot\u0101 telp\u0101.<\/li>\n<li>Perfekta nomai\u0146a: m\u016bsu produkts var lieliski nomain\u012bt \u0161os hidrauliskos cilindrus.<\/li>\n<\/ul>\n<p><img decoding=\"async\" src=\"https:\/\/www.hydraulic-cylinders.net\/wp-content\/uploads\/2025\/01\/songte-cylinder-head-with-all-kinds-excavator-models.webp\"\/><\/p>\n<h2>Pieteikumi<\/h2>\n<p>Sumitomo maz\u0101 ekskavatora SH60A3 kausa cilindrs tiek pla\u0161i izmantots da\u017e\u0101d\u0101s nozar\u0113s. Da\u017ei no izplat\u012bt\u0101kajiem pielietojumiem ir:<\/p>\n<ul>\n<li>B\u016bvniec\u012bbas tehnika: Ekskavatoros tie ir kritiski svar\u012bgi rak\u0161anas, iekrau\u0161anas un augsnes vai gru\u017eu p\u0101rvieto\u0161anas darbiem. Ekskavatoros-iekr\u0101v\u0113jos kausa cilindri pal\u012bdz gan rak\u0161anas, gan cel\u0161anas darbos. <\/li>\n<li>Lauksaimniec\u012bbas tehnika: Izmanto front\u0101lajos iekr\u0101v\u0113jos augsnes, siena un citu materi\u0101lu sav\u0101k\u0161anai, cel\u0161anai un transport\u0113\u0161anai. <\/li>\n<li>Ekskavatori: Kausa cilindri pan\u0101k rak\u0161anas darb\u012bbu, \u013caujot kausam iek\u013c\u016bt augsn\u0113. <\/li>\n<li>Iekr\u0101v\u0113ji: Front\u0101lie iekr\u0101v\u0113ji pal\u012bdz efekt\u012bvi pacelt un noliekt preces. <\/li>\n<\/ul>\n<h2>Dizaina apsv\u0113rumi un atlases krit\u0113riji<\/h2>\n<p>Izv\u0113loties kausa cilindru Sumitomo mazajam ekskavatoram SH60A3, j\u0101\u0146em v\u0113r\u0101 vair\u0101ki konstrukcijas apsv\u0113rumi un atlases krit\u0113riji, piem\u0113ram:<\/p>\n<ul>\n<li>Kravnes\u012bba: Balonam j\u0101sp\u0113j iztur\u0113t iek\u0101rtas maksim\u0101lo kravnes\u012bbu.<\/li>\n<li>Bl\u012bv\u0113jums: Lai nodro\u0161in\u0101tu minim\u0101lu nopl\u016bdi un ilg\u0101ku kalpo\u0161anas laiku, j\u0101izmanto da\u017e\u0101di bl\u012bv\u0113\u0161anas komponenti, piem\u0113ram, virzu\u013ca bl\u012bvsl\u0113gi \u200b\u200bun stie\u0146a bl\u012bvsl\u0113gi. <\/li>\n<li>Iztur\u012bba: Cilindram j\u0101b\u016bt konstru\u0113tam t\u0101, lai tas iztur\u0113tu skarbus darba apst\u0101k\u013cus, un cilindra korpusam un v\u012btnes gala virsmai j\u0101b\u016bt smalki apstr\u0101d\u0101tai, lai uzlabotu nodilumiztur\u012bbu. <\/li>\n<li>Dro\u0161\u012bba: Balonam j\u0101b\u016bt konstru\u0113tam ar dro\u0161\u012bbas funkcij\u0101m, lai nov\u0113rstu negad\u012bjumus darb\u012bbas laik\u0101. <\/li>\n<li>Apkope: Balonam j\u0101b\u016bt viegli kopjamam, un rezerves da\u013c\u0101m j\u0101b\u016bt viegli pieejam\u0101m.<\/li>\n<\/ul>\n<p><img decoding=\"async\" src=\"https:\/\/www.hydraulic-cylinders.net\/wp-content\/uploads\/2025\/01\/songte-oil-pipes-and-spare-parts.webp\"\/><\/p>\n<h2>Bl\u012bv\u0113\u0161ana un e\u013c\u013co\u0161ana<\/h2>\n<p>Sumitomo maz\u0101 ekskavatora SH60A3 kausa cilindram ir izmantoti da\u017e\u0101di bl\u012bv\u0113\u0161anas komponenti, piem\u0113ram, virzu\u013ca bl\u012bvsl\u0113gi \u200b\u200bun stie\u0146a bl\u012bvsl\u0113gi, kas izgatavoti no nodilumiztur\u012bgiem materi\u0101liem, piem\u0113ram, poliuret\u0101na un nitrila gumijas, lai samazin\u0101tu nopl\u016bdes un palielin\u0101tu kalpo\u0161anas laiku. Cilindra korpuss un v\u012btnes gala virsma ir ar\u012b apstr\u0101d\u0101ta, lai uzlabotu nodilumiztur\u012bbu. Lai uztur\u0113tu cilindra pareizu darb\u012bbu, ir nepiecie\u0161ama regul\u0101ra e\u013c\u013co\u0161ana ar hidraulisko e\u013c\u013cu.<\/p>\n<h2>Apkope un remonts<\/h2>\n<p>Regul\u0101ra p\u0101rbaude un profilaktisk\u0101 apkope ir \u013coti svar\u012bga, lai nodro\u0161in\u0101tu Sumitomo maz\u0101 ekskavatora SH60A3 kausa cilindra efekt\u012bvu darb\u012bbu. Da\u017ei bie\u017ei veicami apkopes darbi ietver:<\/p>\n<ul>\n<li>Regul\u0101ra p\u0101rbaude: p\u0101rbaudiet, vai cilindram nav nodiluma vai boj\u0101jumu, un nepiecie\u0161am\u012bbas gad\u012bjum\u0101 salabojiet vai nomainiet deta\u013cas. <\/li>\n<li>E\u013c\u013co\u0161ana: Regul\u0101ri iee\u013c\u013cojiet cilindru ar hidraulisko e\u013c\u013cu, lai nodro\u0161in\u0101tu pareizu darb\u012bbu. <\/li>\n<li>Bl\u012bv\u0113juma nomai\u0146a: nomainiet bl\u012bves p\u0113c nepiecie\u0161am\u012bbas, lai nov\u0113rstu nopl\u016bdi. <\/li>\n<li>Kalibr\u0113\u0161anas p\u0101rbaude: p\u0101rbaudiet cilindra pareizu kalibr\u0113\u0161anu, lai nodro\u0161in\u0101tu efekt\u012bvu darb\u012bbu.<\/li>\n<\/ul>\n<p><img decoding=\"async\" src=\"https:\/\/www.hydraulic-cylinders.net\/wp-content\/uploads\/2025\/01\/songte-chushion-collar.webp\"\/><\/p>\n<h2>Dro\u0161\u012bbas apsv\u0113rumi un vides faktori<\/h2>\n<p>Izmantojot kausa cilindru Sumitomo mazajam ekskavatoram SH60A3, j\u0101veic dro\u0161\u012bbas pas\u0101kumi, lai nov\u0113rstu negad\u012bjumus ekspluat\u0101cijas laik\u0101. Ir svar\u012bgi ar\u012b \u0146emt v\u0113r\u0101 cilindra darb\u012bbas ietekmi uz vidi un veikt atbilsto\u0161us pas\u0101kumus, lai to samazin\u0101tu l\u012bdz minimumam.<\/p>\n<h2>Probl\u0113mu nov\u0113r\u0161ana un bie\u017ei sastopamas probl\u0113mas<\/h2>\n<p>Da\u017eas bie\u017ei sastopamas probl\u0113mas, kas var rasties, lietojot kausa cilindru Sumitomo mazajam ekskavatoram SH60A3, ir nopl\u016bde, zems spiediens un nevienm\u0113r\u012bga kust\u012bba. Pareiza p\u0101rbaude un diagnostika ir b\u016btiska, lai noteiktu probl\u0113mas c\u0113loni un veiktu nepiecie\u0161am\u0101s korekt\u012bv\u0101s darb\u012bbas.<\/p>\n<h2>Uz\u0146\u0113muma inform\u0101cija<\/h2>\n<p>M\u0113s esam rezerves hidraulisko cilindru ra\u017eot\u0101js, kas pied\u0101v\u0101 pilnu produktu kl\u0101stu un ir k\u013cuvis par vienu no vado\u0161ajiem hidraulisko cilindru ra\u017eot\u0101jiem un vairumtirdzniec\u012bbas izplat\u012bt\u0101jiem viet\u0113j\u0101 un starptautiskaj\u0101 tirg\u016b. M\u0113s iev\u0113rojam izcilas kvalit\u0101tes principu, pa\u013caujamies uz smalk\u0101s ra\u017eo\u0161anas darbn\u012bcas r\u016bpniecisk\u0101s ra\u017eo\u0161anas vad\u012bbas strat\u0113\u0123iju un nep\u0101rtraukti uzlabojam darbn\u012bcas ra\u017eo\u0161anas platformu, uzlabojam produktu ra\u017eo\u0161anas kvalit\u0101ti un mums ir sp\u0113c\u012bgas rad\u012b\u0161anas sp\u0113jas. M\u0113s apmierin\u0101m klientu da\u017e\u0101d\u0101s vajadz\u012bbas ar augstu efektivit\u0101ti, augstu precizit\u0101ti un augstu kvalit\u0101ti. <\/p>\n<p><img decoding=\"async\" src=\"https:\/\/hzpt.com\/wp-content\/uploads\/2024\/11\/songte-company-1.webp\"\/><\/p>\n<h3>Profesionalit\u0101te<\/h3>\n<p>M\u016bsu uz\u0146\u0113mum\u0101 str\u0101d\u0101 tehnisko speci\u0101listu komanda ar daudzu gadu pieredzi hidraulikas nozar\u0113, kas klientiem nodro\u0161ina profesion\u0101lus un augstas kvalit\u0101tes pakalpojumus.<\/p>\n<h3>Starptautisk\u0101 sertifik\u0101cija<\/h3>\n<p>M\u016bsu produkti ir iztur\u0113ju\u0161i da\u017e\u0101dus starptautiskus sertifik\u0101tus, piem\u0113ram, ISO9001, CE un SGS, nodro\u0161inot, ka m\u016bsu produkti atbilst starptautiskajiem kvalit\u0101tes standartiem un tiek eksport\u0113ti uz daudz\u0101m valst\u012bm un re\u0123ioniem.<\/p>\n<h3>Piel\u0101go\u0161anas pakalpojumi<\/h3>\n<p>M\u0113s nodro\u0161in\u0101m klientiem piel\u0101gotus hidrauliskos cilindrus atbilsto\u0161i vi\u0146u \u012bpa\u0161aj\u0101m pras\u012bb\u0101m, pied\u0101v\u0101jot piel\u0101gotus risin\u0101jumus, kas atbilst vi\u0146u vajadz\u012bb\u0101m.<\/p>\n<h3>Ra\u017eo\u0161anas iek\u0101rtas<\/h3>\n<p>M\u016bsu uz\u0146\u0113mumam ir modernas ra\u017eo\u0161anas iek\u0101rtas un tehnolo\u0123ijas, tostarp CNC apstr\u0101des centri, prec\u012bzijas sl\u012bpma\u0161\u012bnas un autom\u0101tisk\u0101s metin\u0101\u0161anas iek\u0101rtas, kas nodro\u0161ina m\u016bsu produktu augstu kvalit\u0101ti un precizit\u0101ti.<\/p>\n<h3>P\u0113cp\u0101rdo\u0161anas serviss<\/h3>\n<p>M\u0113s pied\u0101v\u0101jam klientiem visaptvero\u0161us p\u0113cp\u0101rdo\u0161anas pakalpojumus, tostarp tehnisko atbalstu, produktu remontu un nomai\u0146u, lai nodro\u0161in\u0101tu, ka m\u016bsu klienti ir apmierin\u0101ti ar m\u016bsu produktiem un pakalpojumiem.<\/p>\n<h4>Autors: lil<\/h4>","protected":false},"excerpt":{"rendered":"<p>Bucket Cylinder For Sumitomo Small Excavator SH60A3 Introduction The bucket cylinder for Sumitomo small excavator SH60A3 is a specialized hydraulic cylinder primarily used to control the movement of buckets in heavy machinery such as excavators, backhoes, and front loaders. Its main function is to allow the bucket to lift, lower, and tilt, making it easier [&hellip;]<\/p>","protected":false},"featured_media":14776,"comment_status":"open","ping_status":"closed","template":"","meta":{"_et_pb_use_builder":"","_et_pb_old_content":"","_et_gb_content_width":""},"product_brand":[],"product_cat":[1494],"product_tag":[1495,1496],"class_list":{"0":"post-15170","1":"product","2":"type-product","3":"status-publish","4":"has-post-thumbnail","6":"product_cat-bucket-cylinders","7":"product_tag-bucket-cylinders","8":"product_tag-hydraulic-cylinders","10":"first","11":"instock","12":"shipping-taxable","13":"product-type-simple"},"amp_enabled":true,"_links":{"self":[{"href":"https:\/\/www.hydraulic-cylinders.net\/lv\/wp-json\/wp\/v2\/product\/15170","targetHints":{"allow":["GET"]}}],"collection":[{"href":"https:\/\/www.hydraulic-cylinders.net\/lv\/wp-json\/wp\/v2\/product"}],"about":[{"href":"https:\/\/www.hydraulic-cylinders.net\/lv\/wp-json\/wp\/v2\/types\/product"}],"replies":[{"embeddable":true,"href":"https:\/\/www.hydraulic-cylinders.net\/lv\/wp-json\/wp\/v2\/comments?post=15170"}],"wp:featuredmedia":[{"embeddable":true,"href":"https:\/\/www.hydraulic-cylinders.net\/lv\/wp-json\/wp\/v2\/media\/14776"}],"wp:attachment":[{"href":"https:\/\/www.hydraulic-cylinders.net\/lv\/wp-json\/wp\/v2\/media?parent=15170"}],"wp:term":[{"taxonomy":"product_brand","embeddable":true,"href":"https:\/\/www.hydraulic-cylinders.net\/lv\/wp-json\/wp\/v2\/product_brand?post=15170"},{"taxonomy":"product_cat","embeddable":true,"href":"https:\/\/www.hydraulic-cylinders.net\/lv\/wp-json\/wp\/v2\/product_cat?post=15170"},{"taxonomy":"product_tag","embeddable":true,"href":"https:\/\/www.hydraulic-cylinders.net\/lv\/wp-json\/wp\/v2\/product_tag?post=15170"}],"curies":[{"name":"wp","href":"https:\/\/api.w.org\/{rel}","templated":true}]}}