{"id":15174,"date":"2025-01-19T14:11:57","date_gmt":"2025-01-19T14:11:57","guid":{"rendered":"https:\/\/www.hydraulic-cylinders.net\/product\/bucket-cylinder-for-sumitomo-middle-excavator-sh200a1a2a3\/"},"modified":"2025-01-19T14:11:58","modified_gmt":"2025-01-19T14:11:58","slug":"bucket-cylinder-for-sumitomo-middle-excavator-sh200a1a2a3","status":"publish","type":"product","link":"https:\/\/www.hydraulic-cylinders.net\/lv\/products\/bucket-cylinder-for-sumitomo-middle-excavator-sh200a1a2a3\/","title":{"rendered":"Kausa cilindrs Sumitomo vid\u0113jam ekskavatoram SH200A1A2A3"},"content":{"rendered":"<h1>Kausa cilindrs Sumitomo vid\u0113jam ekskavatoram SH200A1A2A3<\/h1>\n<h2>Ievads<\/h2>\n<p>Sumitomo vid\u0113j\u0101 ekskavatora SH200A1A2A3 kausa cilindrs ir specializ\u0113ts hidrauliskais cilindrs, ko izmanto, lai kontrol\u0113tu l\u0101pstas kust\u012bbu smagaj\u0101s ma\u0161\u012bn\u0101s, piem\u0113ram, ekskavatoros, univers\u0101lajos ekskavatoros un front\u0101lajos iekr\u0101v\u0113jos. T\u0101 galvenais m\u0113r\u0137is ir atvieglot da\u017e\u0101dus materi\u0101lu apstr\u0101des uzdevumus, \u013caujot l\u0101pstai prec\u012bzi pacelt, nolaist un noliekt. Hidrauliskaj\u0101s sist\u0113m\u0101s kausa cilindrs \u013cauj prec\u012bzi kontrol\u0113t l\u0101pstu, mainot hidraulisk\u0101s e\u013c\u013cas spiedienu, \u013caujot operatoriem efekt\u012bvi apstr\u0101d\u0101t smagas kravas un piel\u0101goties sare\u017e\u0123\u012btai darba videi un da\u017e\u0101d\u0101m darba pras\u012bb\u0101m.<\/p>\n<p><img decoding=\"async\" src=\"https:\/\/www.hydraulic-cylinders.net\/wp-content\/uploads\/2025\/01\/songte-company-2.webp\" alt=\"Kausa cilindra att\u0113ls\"><\/p>\n<h2>Funkcijas<\/h2>\n<ul>\n<li>\n<h3>Augsta iztur\u012bba un ilgm\u016b\u017e\u012bba<\/h3>\n<p>Kausa cilindrs parasti ir izgatavots no augstas stipr\u012bbas t\u0113rauda vai alum\u012bnija, kas sp\u0113j iztur\u0113t augstu spiedienu un lielas slodzes, un ir konstru\u0113ts, \u0146emot v\u0113r\u0101 nodilumiztur\u012bbu un korozijas iztur\u012bbu, lai pagarin\u0101tu t\u0101 kalpo\u0161anas laiku.<\/p>\n<\/li>\n<li>\n<h3>Efekt\u012bva hidraulisk\u0101 darb\u012bba<\/h3>\n<p>Kausa cilindrs izmanto hidraulisk\u0101s e\u013c\u013cas spiedienu, lai pan\u0101ktu vienm\u0113r\u012bgu teleskopisko kust\u012bbu, \u0101tri rea\u0123\u0113tu uz vad\u012bbas komand\u0101m, nodro\u0161in\u0101tu sp\u0113c\u012bgu stum\u0161anas un vilk\u0161anas sp\u0113ku, un ir piem\u0113rots smagu kravu apstr\u0101dei un sare\u017e\u0123\u012btiem ekspluat\u0101cijas uzdevumiem.<\/p>\n<\/li>\n<li>\n<h3>Vair\u0101ki veidi<\/h3>\n<p>Kausa cilindrs var b\u016bt vienas darb\u012bbas hidrauliskais cilindrs (izmantojot hidrauliku tikai vien\u0101 virzien\u0101) vai divk\u0101r\u0161as darb\u012bbas hidrauliskais cilindrs (izmantojot hidrauliku divos virzienos) atkar\u012bb\u0101 no vajadz\u012bb\u0101m, un da\u017ei mode\u013ci ir teleskopiski, kas \u013cauj to liel\u0101ku pagarin\u0101jumu, nepalielinot \u0101r\u0113jos izm\u0113rus, un ir piem\u0113roti lieto\u0161anai ierobe\u017eot\u0101 telp\u0101.<\/p>\n<\/li>\n<li>\n<h3>Nomain\u0101ms<\/h3>\n<p>M\u016bsu uz\u0146\u0113mums var ra\u017eot \u0161o produktu, un m\u016bsu produkts var lieliski aizst\u0101t \u0161os hidrauliskos cilindrus.<\/p>\n<\/li>\n<li>\n<h3>Pieteikumi<\/h3>\n<p>Kausa cilindru var izmantot da\u017e\u0101d\u0101m iek\u0101rt\u0101m, piem\u0113ram:<\/p>\n<ul>\n<li>B\u016bvniec\u012bbas apr\u012bkojums: ekskavatoros tie ir nepiecie\u0161ami augsnes vai gru\u017eu rak\u0161anai, iekrau\u0161anai un p\u0101rvieto\u0161anai. Ekskavatoros l\u0101pstas cilindrs pal\u012bdz rakt un celt. <\/li>\n<li>Lauksaimniec\u012bbas tehnika: Izmanto front\u0101lajiem iekr\u0101v\u0113jiem, augsnes, siena un citu materi\u0101lu sav\u0101k\u0161anai, cel\u0161anai un transport\u0113\u0161anai. <\/li>\n<li>Ekskavatori: L\u0101psta cilindrs \u013cauj veikt izrakumus, \u013caujot l\u0101pstai iek\u013c\u016bt augsn\u0113. <\/li>\n<li>Iekr\u0101v\u0113ji: Front\u0101lie iekr\u0101v\u0113ji pal\u012bdz efekt\u012bvi pacelt un noliekt preces. <\/li>\n<\/ul>\n<\/li>\n<\/ul>\n<h2>Dizaina apsv\u0113rumi un atlases krit\u0113riji<\/h2>\n<p>No konstrukcijas viedok\u013ca, cilindram, kas paredz\u0113ts kausam, j\u0101\u0146em v\u0113r\u0101 sekojo\u0161ais:<\/p>\n<ul>\n<li>\n<h3>Nestsp\u0113ja<\/h3>\n<p>Kausa cilindram j\u0101b\u016bt pietiekamam nestsp\u0113jai, lai iztur\u0113tu nepiecie\u0161amo slodzi, nodro\u0161inot, ka tas darb\u012bbas laik\u0101 nedeform\u0113sies, neplais\u0101s un nel\u016bz\u012bs. <\/p>\n<\/li>\n<li>\n<h3>Bl\u012bv\u0113jums un iztur\u012bba<\/h3>\n<p>Kausa cilindram j\u0101b\u016bt ar izcilu bl\u012bv\u0113juma veiktsp\u0113ju, kas nov\u0113r\u0161 hidraulisk\u0101s e\u013c\u013cas nopl\u016bdi un \u016bdens\/dub\u013cu iek\u013c\u016b\u0161anu. Cilindram j\u0101b\u016bt izgatavotam no augstas stipr\u012bbas un nodilumiztur\u012bgiem materi\u0101liem, un cilindra korpusam un v\u012bt\u0146otajai gala virsmai j\u0101b\u016bt smalki apstr\u0101d\u0101tai, lai uzlabotu nodilumiztur\u012bbu.<\/p>\n<\/li>\n<li>\n<h3>Dro\u0161\u012bba un apkope<\/h3>\n<p>Kausa cilindram j\u0101b\u016bt konstru\u0113tam, \u0146emot v\u0113r\u0101 dro\u0161\u012bbu un apkopi, nodro\u0161inot, ka cilindrs darb\u012bbas laik\u0101 nerad\u012bs negad\u012bjumus un ka to ir viegli izjaukt, p\u0101rbaud\u012bt un remont\u0113t, ja nepiecie\u0161ams. <\/p>\n<\/li>\n<\/ul>\n<p><img decoding=\"async\" src=\"https:\/\/www.hydraulic-cylinders.net\/wp-content\/uploads\/2025\/01\/songte-oil-pipes-and-spare-parts.webp\" alt=\"Deta\u013cu att\u0113ls\"><\/p>\n<h2>Bl\u012bv\u0113\u0161ana un e\u013c\u013co\u0161ana<\/h2>\n<p>Kausa cilindr\u0101 tiek izmantoti da\u017e\u0101di bl\u012bv\u0113jumu veidi, piem\u0113ram, virzu\u013ca bl\u012bv\u0113jumi, stie\u0146a bl\u012bv\u0113jumi utt. Bl\u012bv\u0113juma materi\u0101li parasti ir izgatavoti no nodilumiztur\u012bgiem materi\u0101liem, piem\u0113ram, poliuret\u0101na un nitrila gumijas. Cilindra korpuss un v\u012bt\u0146ot\u0101 gala virsma ir smalki apstr\u0101d\u0101ta, lai uzlabotu nodilumiztur\u012bbu un pagarin\u0101tu cilindra kalpo\u0161anas laiku. Lai uztur\u0113tu kausa cilindra e\u013c\u013co\u0161anu un nodro\u0161in\u0101tu vienm\u0113r\u012bgu darb\u012bbu, ir nepiecie\u0161ams regul\u0101ri pievienot atbilsto\u0161u hidraulisk\u0101s e\u013c\u013cas daudzumu.<\/p>\n<h2>Apkope un remonts<\/h2>\n<p>Pareiza apkope un remonts ir \u013coti svar\u012bgi, lai nodro\u0161in\u0101tu kausa cilindra efekt\u012bvu un dro\u0161u darb\u012bbu. Regul\u0101ras p\u0101rbaudes, atbilsto\u0161a e\u013c\u013co\u0161ana, bl\u012bv\u0113jumu nomai\u0146a un kalibr\u0113\u0161anas p\u0101rbaudes ir bie\u017ei veicami apkopes darbi. Pareiza cilindra izl\u012bdzin\u0101\u0161ana uzst\u0101d\u012b\u0161anas laik\u0101 ir b\u016btiska, un cilindra nostiprin\u0101\u0161anai ieteicams izmantot atbilsto\u0161us uzst\u0101d\u012b\u0161anas kron\u0161teinus. M\u0113s iesak\u0101m izmantot m\u016bsu p\u0101rbaudes, remonta un nomai\u0146as programmas, lai maksim\u0101li palielin\u0101tu cilindra kalpo\u0161anas laiku.<\/p>\n<p><img decoding=\"async\" src=\"https:\/\/www.hydraulic-cylinders.net\/wp-content\/uploads\/2025\/01\/songte-chushion-collar.webp\" alt=\"Spilvenu apkakles att\u0113ls\"><\/p>\n<h2>Dro\u0161\u012bbas apsv\u0113rumi un vides faktori<\/h2>\n<p>Izmantojot kausa cilindru, ir svar\u012bgi iev\u0113rot dro\u0161\u012bbas pas\u0101kumus, piem\u0113ram, valk\u0101t aizsargl\u012bdzek\u013cus un veikt regul\u0101ru apkopi. J\u0101\u0146em v\u0113r\u0101 ar\u012b t\u0101di vides faktori k\u0101 temperat\u016bra, mitrums un putek\u013ci, un j\u0101veic atbilsto\u0161i aizsardz\u012bbas pas\u0101kumi, lai nov\u0113rstu cilindra boj\u0101jumus.<\/p>\n<h2>Diagnostikas un bie\u017ei sastopam\u0101s probl\u0113mas<\/h2>\n<p>Da\u017eas bie\u017ei sastopamas probl\u0113mas ar kausu cilindriem ir e\u013c\u013cas nopl\u016bde, l\u0113na reakcija, nepietiekama jauda un neparasts troksnis. M\u016bsu uz\u0146\u0113mums var sniegt padomus un risin\u0101jumus \u0161\u012bm probl\u0113m\u0101m, piem\u0113ram, bl\u012bvju nomai\u0146u, e\u013c\u013cas t\u012br\u012b\u0161anu, k\u0101 ar\u012b struktur\u0101lu probl\u0113mu diagnostiku un nov\u0113r\u0161anu.<\/p>\n<p><img decoding=\"async\" src=\"https:\/\/www.hydraulic-cylinders.net\/wp-content\/uploads\/2025\/01\/songte-bushings-with-all-kinds-of-excavator-models.webp\" alt=\"Bukses att\u0113ls\"><\/p>\n<h2>Par m\u016bsu uz\u0146\u0113mumu<\/h2>\n<p>M\u016bsu uz\u0146\u0113mums ir rezerves hidraulisko cilindru ra\u017eot\u0101js. Ar pilnu produktu kl\u0101stu esam k\u013cuvu\u0161i par vienu no vado\u0161ajiem hidraulisko cilindru ra\u017eot\u0101jiem un vairumtirgot\u0101jiem viet\u0113j\u0101 un starptautiskaj\u0101 tirg\u016b. M\u0113s iev\u0113rojam izcilas kvalit\u0101tes politiku, pa\u013caujamies uz industrializ\u0113tu ra\u017eo\u0161anas vad\u012bbu izsmalcin\u0101t\u0101 ra\u017eo\u0161anas darbn\u012bc\u0101, nep\u0101rtraukti uzlabojam darbn\u012bcas ra\u017eo\u0161anas platformu, pilnveidojam produkta kvalitat\u012bvo ra\u017eo\u0161anas ce\u013cu un mums piem\u012bt sp\u0113c\u012bgas rado\u0161\u0101s sp\u0113jas. M\u0113s pied\u0101v\u0101jam efekt\u012bvus, prec\u012bzus un augstas kvalit\u0101tes produktus, lai apmierin\u0101tu m\u016bsu klientu da\u017e\u0101d\u0101s vajadz\u012bbas.<\/p>\n<p>M\u016bsu uz\u0146\u0113mums specializ\u0113jas profesion\u0101lu, starptautiski sertific\u0113tu, piel\u0101gotu pakalpojumu un ra\u017eo\u0161anas iek\u0101rtu nodro\u0161in\u0101\u0161an\u0101. M\u016bsu p\u0113cp\u0101rdo\u0161anas serviss ietver regul\u0101ru apkopi, e\u013c\u013co\u0161anu, bl\u012bv\u0113jumu nomai\u0146u un kalibr\u0113\u0161anas p\u0101rbaudes. M\u0113s iesak\u0101m izmantot m\u016bsu p\u0101rbaudes, remonta un nomai\u0146as programmas, lai maksim\u0101li palielin\u0101tu cilindra kalpo\u0161anas laiku.<\/p>\n<p><img decoding=\"async\" src=\"https:\/\/hzpt.com\/wp-content\/uploads\/2024\/11\/songte-company-1.webp\" alt=\"Uz\u0146\u0113muma t\u0113ls\"><\/p>\n<p>Autors: lil<\/p>","protected":false},"excerpt":{"rendered":"<p>Bucket Cylinder For Sumitomo Middle Excavator SH200A1A2A3 Introduction The bucket cylinder for Sumitomo middle excavator SH200A1A2A3 is a specialized hydraulic cylinder used to control the movement of shovels in heavy machinery such as excavators, backhoe excavators, and front loaders. Its main purpose is to facilitate various material handling tasks by enabling the shovel to lift, [&hellip;]<\/p>","protected":false},"featured_media":14765,"comment_status":"open","ping_status":"closed","template":"","meta":{"_et_pb_use_builder":"","_et_pb_old_content":"","_et_gb_content_width":""},"product_brand":[],"product_cat":[1494],"product_tag":[1495,1496],"class_list":{"0":"post-15174","1":"product","2":"type-product","3":"status-publish","4":"has-post-thumbnail","6":"product_cat-bucket-cylinders","7":"product_tag-bucket-cylinders","8":"product_tag-hydraulic-cylinders","10":"first","11":"instock","12":"shipping-taxable","13":"product-type-simple"},"amp_enabled":true,"_links":{"self":[{"href":"https:\/\/www.hydraulic-cylinders.net\/lv\/wp-json\/wp\/v2\/product\/15174","targetHints":{"allow":["GET"]}}],"collection":[{"href":"https:\/\/www.hydraulic-cylinders.net\/lv\/wp-json\/wp\/v2\/product"}],"about":[{"href":"https:\/\/www.hydraulic-cylinders.net\/lv\/wp-json\/wp\/v2\/types\/product"}],"replies":[{"embeddable":true,"href":"https:\/\/www.hydraulic-cylinders.net\/lv\/wp-json\/wp\/v2\/comments?post=15174"}],"wp:featuredmedia":[{"embeddable":true,"href":"https:\/\/www.hydraulic-cylinders.net\/lv\/wp-json\/wp\/v2\/media\/14765"}],"wp:attachment":[{"href":"https:\/\/www.hydraulic-cylinders.net\/lv\/wp-json\/wp\/v2\/media?parent=15174"}],"wp:term":[{"taxonomy":"product_brand","embeddable":true,"href":"https:\/\/www.hydraulic-cylinders.net\/lv\/wp-json\/wp\/v2\/product_brand?post=15174"},{"taxonomy":"product_cat","embeddable":true,"href":"https:\/\/www.hydraulic-cylinders.net\/lv\/wp-json\/wp\/v2\/product_cat?post=15174"},{"taxonomy":"product_tag","embeddable":true,"href":"https:\/\/www.hydraulic-cylinders.net\/lv\/wp-json\/wp\/v2\/product_tag?post=15174"}],"curies":[{"name":"wp","href":"https:\/\/api.w.org\/{rel}","templated":true}]}}