{"id":15175,"date":"2025-01-19T14:12:01","date_gmt":"2025-01-19T14:12:01","guid":{"rendered":"https:\/\/www.hydraulic-cylinders.net\/product\/bucket-cylinder-for-sumitomo-middle-excavator-sh210-5\/"},"modified":"2025-01-19T14:12:03","modified_gmt":"2025-01-19T14:12:03","slug":"bucket-cylinder-for-sumitomo-middle-excavator-sh210-5","status":"publish","type":"product","link":"https:\/\/www.hydraulic-cylinders.net\/lv\/products\/bucket-cylinder-for-sumitomo-middle-excavator-sh210-5\/","title":{"rendered":"Kausa cilindrs Sumitomo vid\u0113jam ekskavatoram SH210-5"},"content":{"rendered":"<h1>Kausa cilindrs Sumitomo vid\u0113jam ekskavatoram SH210-5<\/h1>\n<h2>Ievads<\/h2>\n<p>Sumitomo vid\u0113j\u0101 ekskavatora SH210-5 kausa cilindrs ir \u012bpa\u0161i izstr\u0101d\u0101ts hidrauliskais cilindrs, ko izmanto, lai kontrol\u0113tu kausa kust\u012bbu smagaj\u0101s ma\u0161\u012bn\u0101s, piem\u0113ram, ekskavatoros, univers\u0101lajos ekskavatoros un front\u0101lajos iekr\u0101v\u0113jos. T\u0101 galven\u0101 funkcija ir nodro\u0161in\u0101t kausa pacel\u0161anu, nolai\u0161anu un noliek\u0161anu, padarot to piem\u0113rotu da\u017e\u0101diem materi\u0101lu apstr\u0101des uzdevumiem. Hidrauliskaj\u0101 sist\u0113m\u0101 kausa cilindrs izmanto hidraulisk\u0101s e\u013c\u013cas spiediena izmai\u0146as, lai pan\u0101ktu prec\u012bzu kausa vad\u012bbu, \u013caujot operatoriem efekt\u012bvi apstr\u0101d\u0101t smagas kravas un piel\u0101goties sare\u017e\u0123\u012btai darba videi un da\u017e\u0101d\u0101m darba pras\u012bb\u0101m.<\/p>\n<p><img decoding=\"async\" src=\"https:\/\/www.hydraulic-cylinders.net\/wp-content\/uploads\/2025\/01\/songte-company-2.webp\" alt=\"Kausa cilindrs Sumitomo vid\u0113jam ekskavatoram SH210-5\"><\/p>\n<h2>Funkcijas<\/h2>\n<ul>\n<li>\n<h3>Augsta iztur\u012bba un ilgm\u016b\u017e\u012bba<\/h3>\n<p>Kausa cilindrs parasti ir izgatavots no augstas stipr\u012bbas t\u0113rauda vai alum\u012bnija, kas sp\u0113j iztur\u0113t augstu spiedienu un lielas slodzes, piel\u0101gojoties skarbai darba videi. T\u0101 konstrukcija \u0146em v\u0113r\u0101 nodilumiztur\u012bbu un iztur\u012bbu pret koroziju, pagarinot t\u0101 kalpo\u0161anas laiku.<\/p>\n<\/li>\n<li>\n<h3>Efekt\u012bva hidraulisk\u0101 darb\u012bba<\/h3>\n<p>Izmantojot hidraulisk\u0101s e\u013c\u013cas spiedienu, lai pan\u0101ktu vienm\u0113r\u012bgu izstiep\u0161anu un sarau\u0161anos, kausa cilindrs var \u0101tri rea\u0123\u0113t uz darb\u012bbas komand\u0101m, nodro\u0161inot sp\u0113c\u012bgu stum\u0161anas un vilk\u0161anas sp\u0113ku, kas ir piem\u0113rots smagu kravu apstr\u0101dei un sare\u017e\u0123\u012btiem darbiem.<\/p>\n<\/li>\n<li>\n<h3>Da\u017e\u0101di veidi<\/h3>\n<p>Kausa cilindru var izv\u0113l\u0113ties k\u0101 vienvirziena darb\u012bbas (hidrauliku izmanto tikai vien\u0101 virzien\u0101) vai divk\u0101r\u0161as darb\u012bbas (hidrauliku izmanto abos virzienos) atkar\u012bb\u0101 no vajadz\u012bb\u0101m, lai apmierin\u0101tu da\u017e\u0101das ekspluat\u0101cijas pras\u012bbas. Da\u017ei mode\u013ci ir teleskopiski, kas \u013cauj to liel\u0101ku pagarin\u0101jumu, nepalielinot \u0101r\u0113jos izm\u0113rus, un ir piem\u0113roti lieto\u0161anai ierobe\u017eot\u0101 telp\u0101.<\/p>\n<\/li>\n<li>\n<h3>Nomain\u0101ms<\/h3>\n<p>M\u016bsu produkti var lieliski aizst\u0101t \u0161os hidrauliskos cilindrus, un m\u0113s varam ra\u017eot \u0161o produktu.<\/p>\n<\/li>\n<\/ul>\n<p><img decoding=\"async\" src=\"https:\/\/www.hydraulic-cylinders.net\/wp-content\/uploads\/2025\/01\/songte-cylinder-head-with-all-kinds-excavator-models.webp\" alt=\"Kausa cilindrs Sumitomo vid\u0113jam ekskavatoram SH210-5\"><\/p>\n<h2>Pieteikums<\/h2>\n<p>Kausa cilindrs tiek pla\u0161i izmantots da\u017e\u0101d\u0101s smagaj\u0101s ma\u0161\u012bn\u0101s, da\u017ei tipiski pielietojumi ietver:<\/p>\n<ul>\n<li>\n<h3>Celtniec\u012bbas tehnika<\/h3>\n<p>Tie ir kritiski svar\u012bgi augsnes vai gru\u017eu rak\u0161anai, iekrau\u0161anai un p\u0101rvieto\u0161anai ekskavatoros un univers\u0101lajos ekskavatoros. Ekskavator\u0101 kausa cilindrs pal\u012bdz rakt un celt.<\/p>\n<\/li>\n<li>\n<h3>Lauksaimniec\u012bbas tehnika<\/h3>\n<p>Izmanto front\u0101lajos iekr\u0101v\u0113jos augsnes, siena un citu materi\u0101lu rak\u0161anai, pacel\u0161anai un transport\u0113\u0161anai. Ekskavatoros kausa cilindrs nodro\u0161ina rak\u0161anas darb\u012bbas, \u013caujot kausam iek\u013c\u016bt augsn\u0113.<\/p>\n<\/li>\n<li>\n<h3>Iekr\u0101v\u0113js<\/h3>\n<p>Front\u0101lajos iekr\u0101v\u0113jos tie pal\u012bdz efekt\u012bvi pacelt un noliekt kravas.<\/p>\n<\/li>\n<\/ul>\n<h2>Projekt\u0113\u0161anas un atlases standarti<\/h2>\n<ul>\n<li>\n<h3>Nestsp\u0113ja<\/h3>\n<p>Kausa cilindra nestsp\u0113ja ir b\u016btisks projekt\u0113\u0161anas apsv\u0113rums. Tam j\u0101sp\u0113j iztur\u0113t smagu kravu svaru un iek\u0161\u0113jos un \u0101r\u0113jos sp\u0113kus ekspluat\u0101cijas laik\u0101.<\/p>\n<\/li>\n<li>\n<h3>Bl\u012bv\u0113\u0161ana<\/h3>\n<p>Cilindra bl\u012bv\u0113jums ir b\u016btisks, lai nov\u0113rstu e\u013c\u013cas nopl\u016bdi un hidraulisk\u0101s sist\u0113mas pies\u0101r\u0146o\u0161anu. Taj\u0101 tiek izmantoti da\u017e\u0101di bl\u012bvgredzeni, piem\u0113ram, virzu\u013ca bl\u012bvgredzeni, stie\u0146a bl\u012bvgredzeni un bl\u012bves, kas izgatavotas no nodilumiztur\u012bgiem materi\u0101liem, piem\u0113ram, poliuret\u0101na un nitrila gumijas. Cilindra korpuss un v\u012btnes gala virsma tiek r\u016bp\u012bgi apstr\u0101d\u0101ta, lai uzlabotu nodilumiztur\u012bbu. Cilindrs regul\u0101ri j\u0101uzpilda ar atbilsto\u0161u hidraulisk\u0101s e\u013c\u013cas daudzumu e\u013c\u013co\u0161anai.<\/p>\n<\/li>\n<li>\n<h3>Iztur\u012bba un dro\u0161\u012bba<\/h3>\n<p>Kausa cilindram ir j\u0101b\u016bt iztur\u012bgam, lai iztur\u0113tu skarbus darba apst\u0101k\u013cus un lielas slodzes. T\u0101pat ir j\u0101\u0146em v\u0113r\u0101 dro\u0161\u012bbas apsv\u0113rumi, lai nodro\u0161in\u0101tu, ka tas atbilst dro\u0161\u012bbas standartiem ekspluat\u0101cijas laik\u0101. <\/p>\n<\/li>\n<li>\n<h3>Apkope<\/h3>\n<p>Lai nodro\u0161in\u0101tu optim\u0101lu darb\u012bbu, cilindram nepiecie\u0161ama periodiska p\u0101rbaude, regul\u0101ra e\u013c\u013co\u0161ana un bl\u012bv\u0113jumu nomai\u0146a. Tam nepiecie\u0161ama ar\u012b prec\u012bza uzst\u0101d\u012b\u0161anas izl\u012bdzin\u0101\u0161ana, izmantojot atbilsto\u0161us uzst\u0101d\u012b\u0161anas kron\u0161teinus cilindra nostiprin\u0101\u0161anai.<\/p>\n<\/li>\n<\/ul>\n<p><img decoding=\"async\" src=\"https:\/\/www.hydraulic-cylinders.net\/wp-content\/uploads\/2025\/01\/songte-oil-pipes-and-spare-parts.webp\" alt=\"Kausa cilindrs Sumitomo vid\u0113jam ekskavatoram SH210-5\"><\/p>\n<h2>Apkopes rokasgr\u0101mata<\/h2>\n<p>\u0160ie ir bie\u017ei veicamie kausu cilindru apkopes darbi:<\/p>\n<ul>\n<li>\n<h3>Regul\u0101ra p\u0101rbaude<\/h3>\n<p>Regul\u0101ri p\u0101rbaudiet cilindru, lai noteiktu jebk\u0101dus nodiluma paz\u012bmes vai nopl\u016bdes.<\/p>\n<\/li>\n<li>\n<h3>E\u013c\u013co\u0161ana<\/h3>\n<p>Regul\u0101ri iee\u013c\u013cojiet cilindru, lai nodro\u0161in\u0101tu vienm\u0113r\u012bgu darb\u012bbu.<\/p>\n<\/li>\n<li>\n<h3>Bl\u012bv\u0113juma nomai\u0146a un kalibr\u0113\u0161anas p\u0101rbaude<\/h3>\n<p>Regul\u0101ri nomainiet nolietot\u0101s bl\u012bves un p\u0101rbaudiet kalibr\u0113\u0161anu.<\/p>\n<\/li>\n<\/ul>\n<p>Lai nodro\u0161in\u0101tu optim\u0101lu veiktsp\u0113ju, ir svar\u012bgi cilindru pareizi uzst\u0101d\u012bt, iee\u013c\u013cot un noregul\u0113t uzst\u0101d\u012b\u0161anas laik\u0101. Uzst\u0101d\u012b\u0161anas laik\u0101 j\u0101nodro\u0161ina atbilsto\u0161a izl\u012bdzin\u0101\u0161anas vadl\u012bnijas un cilindra nostiprin\u0101\u0161anai j\u0101izmanto atbilsto\u0161i uzst\u0101d\u012b\u0161anas kron\u0161teini. M\u0113s iesak\u0101m ieteicam\u0101s p\u0101rbaudes, remonta un nomai\u0146as proced\u016bras, lai pagarin\u0101tu kausa cilindra lieto\u0161anas laiku.<\/p>\n<p><img decoding=\"async\" src=\"https:\/\/www.hydraulic-cylinders.net\/wp-content\/uploads\/2025\/01\/songte-chushion-collar.webp\" alt=\"Kausa cilindrs Sumitomo vid\u0113jam ekskavatoram SH210-5\"><\/p>\n<h2>Dro\u0161\u012bbas un vides apsv\u0113rumi<\/h2>\n<p>Izmantojot kausa cilindru, j\u0101iev\u0113ro atbilsto\u0161i dro\u0161\u012bbas pas\u0101kumi, lai nov\u0113rstu traumas. Cilindru dr\u012bkst izmantot tikai apm\u0101c\u012bts person\u0101ls ar atbilsto\u0161u dro\u0161\u012bbas apr\u012bkojumu un saska\u0146\u0101 ar dro\u0161\u012bbas noteikumiem. Vides apsv\u0113rumi ietver pareizu izlietot\u0101s hidraulisk\u0101s e\u013c\u013cas utiliz\u0101ciju un vides noteikumu iev\u0113ro\u0161anu ra\u017eo\u0161anas un ekspluat\u0101cijas laik\u0101.<\/p>\n<p><img decoding=\"async\" src=\"https:\/\/hzpt.com\/wp-content\/uploads\/2024\/11\/songte-company-1.webp\" alt=\"Kausa cilindrs Sumitomo vid\u0113jam ekskavatoram SH210-5\"><\/p>\n<h2>K\u013c\u016bmju diagnostika un bie\u017ei sastopam\u0101s probl\u0113mas<\/h2>\n<p>Kausa cilindram var rasties da\u017eas bie\u017ei sastopamas probl\u0113mas, tostarp e\u013c\u013cas nopl\u016bde, slikta veiktsp\u0113ja un neparasts troksnis. Nepietiekama e\u013c\u013co\u0161ana un bl\u012bv\u0113jumu nodilums ir bie\u017ei sastopami \u0161o probl\u0113mu c\u0113lo\u0146i. Lai diagnostic\u0113tu un nov\u0113rstu probl\u0113mas, iesak\u0101m konsult\u0113ties ar profesion\u0101lu in\u017eenieri, lai nodro\u0161in\u0101tu pareizu diagnozi un efekt\u012bvus risin\u0101jumus. Lai nov\u0113rstu iesp\u0113jam\u0101s probl\u0113mas, iesak\u0101m veikt prevent\u012bvus pas\u0101kumus, piem\u0113ram, periodiskas p\u0101rbaudes, pareizu e\u013c\u013co\u0161anu un nolietotu bl\u012bv\u0113jumu nomai\u0146u.<\/p>\n<p><img decoding=\"async\" src=\"https:\/\/www.hydraulic-cylinders.net\/wp-content\/uploads\/2025\/01\/songte-bushings-with-all-kinds-of-excavator-models.webp\" alt=\"Kausa cilindrs Sumitomo vid\u0113jam ekskavatoram SH210-5\"><\/p>\n<h2>Par m\u016bsu uz\u0146\u0113mumu<\/h2>\n<p>M\u0113s esam rezerves hidraulisko cilindru ra\u017eot\u0101js ar pilnu produktu kl\u0101stu un esam k\u013cuvu\u0161i par vienu no vado\u0161ajiem hidraulisko cilindru ra\u017eot\u0101jiem un vairumtirgot\u0101jiem viet\u0113j\u0101 un starptautiskaj\u0101 tirg\u016b. M\u0113s iev\u0113rojam izcilu kvalit\u0101ti, pa\u013caujamies uz industrializ\u0113t\u0101m ra\u017eo\u0161anas vad\u012bbas strat\u0113\u0123ij\u0101m, ko atbalsta sare\u017e\u0123\u012btas ra\u017eo\u0161anas darbn\u012bcas, un nep\u0101rtraukti uzlabojam darbn\u012bcu ra\u017eo\u0161anas platformu, uzlabojam produktu ra\u017eo\u0161anas kvalit\u0101ti un mums piem\u012bt sp\u0113c\u012bga rado\u0161uma sp\u0113ja. M\u016bsu m\u0113r\u0137is ir apmierin\u0101t da\u017e\u0101das klientu vajadz\u012bbas ar augstu efektivit\u0101ti, augstu precizit\u0101ti un augstas kvalit\u0101tes principiem.<\/p>\n<p>M\u016bsu uz\u0146\u0113mums specializ\u0113jas profesion\u0101lu pakalpojumu, piel\u0101gotu pakalpojumu un starptautisku sertifik\u0101ciju snieg\u0161an\u0101. M\u0113s izmantojam modernu ra\u017eo\u0161anas apr\u012bkojumu un profesion\u0101las test\u0113\u0161anas sist\u0113mas, lai uzlabotu produktu kvalit\u0101ti un sniegtu visaptvero\u0161us p\u0113cp\u0101rdo\u0161anas pakalpojumus. M\u0113s turpin\u0101m uzlabot savu ra\u017eo\u0161anas jaudu un produktu kvalit\u0101ti un esam ieguvu\u0161i klientu uztic\u012bbu un atzin\u012bbu, pateicoties m\u016bsu izcilajiem produktiem un pakalpojumiem.<\/p>\n<p><img decoding=\"async\" src=\"https:\/\/www.hydraulic-cylinders.net\/wp-content\/uploads\/2025\/01\/songte-company-3.webp\" alt=\"Kausa cilindrs Sumitomo vid\u0113jam ekskavatoram SH210-5\"><\/p>\n<p>Autors: Lails.<\/p>","protected":false},"excerpt":{"rendered":"<p>Bucket Cylinder For Sumitomo Middle Excavator SH210-5 Introduction The bucket cylinder for Sumitomo middle excavator SH210-5 is a specially designed hydraulic cylinder used to control the movement of the bucket in heavy machinery such as excavators, backhoe excavators, and front-end loaders. Its main function is to enable the bucket to lift, lower, and tilt, making [&hellip;]<\/p>","protected":false},"featured_media":14762,"comment_status":"open","ping_status":"closed","template":"","meta":{"_et_pb_use_builder":"","_et_pb_old_content":"","_et_gb_content_width":""},"product_brand":[],"product_cat":[1494],"product_tag":[1495,1496],"class_list":{"0":"post-15175","1":"product","2":"type-product","3":"status-publish","4":"has-post-thumbnail","6":"product_cat-bucket-cylinders","7":"product_tag-bucket-cylinders","8":"product_tag-hydraulic-cylinders","10":"first","11":"instock","12":"shipping-taxable","13":"product-type-simple"},"amp_enabled":true,"_links":{"self":[{"href":"https:\/\/www.hydraulic-cylinders.net\/lv\/wp-json\/wp\/v2\/product\/15175","targetHints":{"allow":["GET"]}}],"collection":[{"href":"https:\/\/www.hydraulic-cylinders.net\/lv\/wp-json\/wp\/v2\/product"}],"about":[{"href":"https:\/\/www.hydraulic-cylinders.net\/lv\/wp-json\/wp\/v2\/types\/product"}],"replies":[{"embeddable":true,"href":"https:\/\/www.hydraulic-cylinders.net\/lv\/wp-json\/wp\/v2\/comments?post=15175"}],"wp:featuredmedia":[{"embeddable":true,"href":"https:\/\/www.hydraulic-cylinders.net\/lv\/wp-json\/wp\/v2\/media\/14762"}],"wp:attachment":[{"href":"https:\/\/www.hydraulic-cylinders.net\/lv\/wp-json\/wp\/v2\/media?parent=15175"}],"wp:term":[{"taxonomy":"product_brand","embeddable":true,"href":"https:\/\/www.hydraulic-cylinders.net\/lv\/wp-json\/wp\/v2\/product_brand?post=15175"},{"taxonomy":"product_cat","embeddable":true,"href":"https:\/\/www.hydraulic-cylinders.net\/lv\/wp-json\/wp\/v2\/product_cat?post=15175"},{"taxonomy":"product_tag","embeddable":true,"href":"https:\/\/www.hydraulic-cylinders.net\/lv\/wp-json\/wp\/v2\/product_tag?post=15175"}],"curies":[{"name":"wp","href":"https:\/\/api.w.org\/{rel}","templated":true}]}}