{"id":15177,"date":"2025-01-19T14:12:08","date_gmt":"2025-01-19T14:12:08","guid":{"rendered":"https:\/\/www.hydraulic-cylinders.net\/product\/bucket-cylinder-for-sumitomo-middle-excavator-sh240-5lr\/"},"modified":"2025-01-19T14:12:10","modified_gmt":"2025-01-19T14:12:10","slug":"bucket-cylinder-for-sumitomo-middle-excavator-sh240-5lr","status":"publish","type":"product","link":"https:\/\/www.hydraulic-cylinders.net\/lv\/products\/bucket-cylinder-for-sumitomo-middle-excavator-sh240-5lr\/","title":{"rendered":"Kausa cilindrs Sumitomo vid\u0113jam ekskavatoram SH240-5LR"},"content":{"rendered":"<h1>Kausa cilindrs Sumitomo vid\u0113jam ekskavatoram SH240-5LR<\/h1>\n<h2>Ievads<\/h2>\n<p>Kausa cilindrs ir speci\u0101li izstr\u0101d\u0101ts hidrauliskais cilindrs, ko izmanto, lai kontrol\u0113tu kausa kust\u012bbu smagaj\u0101s ma\u0161\u012bn\u0101s, piem\u0113ram, ekskavatoros, iekr\u0101v\u0113jos ar ekskavatoru un front\u0101lajos iekr\u0101v\u0113jos. T\u0101 galven\u0101 funkcija ir nodro\u0161in\u0101t kausa pacel\u0161anu, nolai\u0161anu un noliek\u0161anu, t\u0101d\u0113j\u0101di atvieglojot da\u017e\u0101dus materi\u0101lu apstr\u0101des uzdevumus. Hidrauliskaj\u0101 sist\u0113m\u0101 kausa cilindrs pan\u0101k prec\u012bzu kausa vad\u012bbu, mainot hidraulisk\u0101s e\u013c\u013cas spiedienu, \u013caujot operatoriem efekt\u012bvi apstr\u0101d\u0101t smagas kravas un piel\u0101goties sare\u017e\u0123\u012btai darba videi un daudzveid\u012bg\u0101m darba pras\u012bb\u0101m.<\/p>\n<p><img decoding=\"async\" src=\"https:\/\/www.hydraulic-cylinders.net\/wp-content\/uploads\/2025\/01\/songte-company-2.webp\" alt=\"Kausa cilindra att\u0113ls\"><\/p>\n<h2>Funkcijas<\/h2>\n<ul>\n<li>\n<h3>Augsta iztur\u012bba un ilgm\u016b\u017e\u012bba<\/h3>\n<p>Kausa cilindri parasti ir izgatavoti no augstas stipr\u012bbas t\u0113rauda vai alum\u012bnija, kas var iztur\u0113t augstu spiedienu un lielas slodzes, piel\u0101gojoties skarbajai darba videi. Projekt\u0113\u0161an\u0101 \u0146emta v\u0113r\u0101 nodilumiztur\u012bba un iztur\u012bba pret koroziju, pagarinot kalpo\u0161anas laiku.<\/p>\n<\/li>\n<li>\n<h3>Efekt\u012bva hidraulisk\u0101 darb\u012bba<\/h3>\n<p>Kausa cilindri izmanto hidraulisk\u0101s e\u013c\u013cas spiedienu, lai pan\u0101ktu vienm\u0113r\u012bgas pagarin\u0101\u0161anas un sarau\u0161an\u0101s kust\u012bbas, \u0101tri rea\u0123\u0113tu uz vad\u012bbas komand\u0101m, nodro\u0161in\u0101tu sp\u0113c\u012bgu stum\u0161anas un vilk\u0161anas sp\u0113ku un ir piem\u0113roti smagu kravu apstr\u0101dei un sare\u017e\u0123\u012btu darba uzdevumu veik\u0161anai.<\/p>\n<\/li>\n<li>\n<h3>Da\u017e\u0101di veidi<\/h3>\n<p>Kausa cilindri var b\u016bt vienk\u0101r\u0161\u0101s darb\u012bbas (hidrauliski tiek izmantoti vien\u0101 virzien\u0101) vai divk\u0101r\u0161\u0101s darb\u012bbas (hidrauliski tiek izmantoti abos virzienos) atkar\u012bb\u0101 no pras\u012bb\u0101m. Da\u017ei mode\u013ci ir teleskopiski, kas \u013cauj tos pagarin\u0101t, nepalielinot \u0101r\u0113jos izm\u0113rus, un ir piem\u0113roti lietojumiem ierobe\u017eot\u0101 telp\u0101.<\/p>\n<\/li>\n<li>\n<h3>Perfekta nomai\u0146a<\/h3>\n<p>M\u016bsu produkti var lieliski aizst\u0101t \u0161os hidrauliskos cilindrus. M\u0113s varam ra\u017eot \u0161o produktu.<\/p>\n<\/li>\n<\/ul>\n<p><img decoding=\"async\" src=\"https:\/\/www.hydraulic-cylinders.net\/wp-content\/uploads\/2025\/01\/songte-cylinder-head-with-all-kinds-excavator-models.webp\" alt=\"Kausa cilindra nomai\u0146as att\u0113ls\"><\/p>\n<h2>Pieteikumi<\/h2>\n<p>Kausa cilindrus var izmantot da\u017e\u0101d\u0101s nozar\u0113s, tostarp:<\/p>\n<ul>\n<li>\n<h3>Celtniec\u012bbas apr\u012bkojums<\/h3>\n<p>Ekskavatoros kausa cilindri ir nepiecie\u0161ami augsnes vai gru\u017eu rak\u0161anai, iekrau\u0161anai un p\u0101rvieto\u0161anai. Ekskavatoros-iekr\u0101v\u0113jos kausa cilindri pal\u012bdz gan rak\u0161an\u0101, gan cel\u0161an\u0101. <\/p>\n<\/li>\n<li>\n<h3>Lauksaimniec\u012bbas tehnika<\/h3>\n<p>Kausa cilindri tiek izmantoti front\u0101lajiem iekr\u0101v\u0113jiem, augsnes, siena un citu materi\u0101lu sav\u0101k\u0161anai, cel\u0161anai un transport\u0113\u0161anai. <\/p>\n<\/li>\n<li>\n<h3>Ekskavatori<\/h3>\n<p>Kausa cilindrs \u013cauj kausiem iek\u013c\u016bt augsn\u0113 un pan\u0101kt rak\u0161anas kust\u012bbu. <\/p>\n<\/li>\n<li>\n<h3>Iekr\u0101v\u0113js<\/h3>\n<p>Front\u0101lo iekr\u0101v\u0113ju kausa cilindri pal\u012bdz efekt\u012bvi pacelt un izkraut preces. <\/p>\n<\/li>\n<\/ul>\n<h2>Projekt\u0113\u0161anas apsv\u0113rumi un atlases standarti<\/h2>\n<p>Projekt\u0113jot un izv\u0113loties kausa cilindrus, in\u017eenieriem j\u0101\u0146em v\u0113r\u0101 sekojo\u0161ais:<\/p>\n<ul>\n<li>\n<h3>Nestsp\u0113ja<\/h3>\n<p>Cilindram j\u0101b\u016bt ar pietiekamu nestsp\u0113ju, lai iztur\u0113tu slodzes svaru.<\/p>\n<\/li>\n<li>\n<h3>Bl\u012bv\u0113juma veiktsp\u0113ja<\/h3>\n<p>Da\u017e\u0101d\u0101m bl\u012bv\u0113\u0161anas sast\u0101vda\u013c\u0101m, piem\u0113ram, virzu\u013ca bl\u012bv\u0113m un stie\u0146a bl\u012bv\u0113m, j\u0101b\u016bt izgatavot\u0101m no nodilumiztur\u012bgiem materi\u0101liem, piem\u0113ram, poliuret\u0101na un nitrila gumijas, lai nodro\u0161in\u0101tu labu bl\u012bv\u0113juma veiktsp\u0113ju un nov\u0113rstu e\u013c\u013cas nopl\u016bdi.<\/p>\n<\/li>\n<li>\n<h3>Iztur\u012bba<\/h3>\n<p>Balonam j\u0101b\u016bt konstru\u0113tam t\u0101, lai tas ilgsto\u0161i iztur\u0113tu nodilumu, koroziju un cita veida boj\u0101jumus.<\/p>\n<\/li>\n<li>\n<h3>Dro\u0161\u012bba<\/h3>\n<p>Balonam j\u0101b\u016bt dro\u0161am lieto\u0161an\u0101, ar atbilsto\u0161iem dro\u0161\u012bbas pas\u0101kumiem un br\u012bdin\u0101\u0161anas sist\u0113m\u0101m. <\/p>\n<\/li>\n<li>\n<h3>Uzturam\u012bba<\/h3>\n<p>Balonam j\u0101b\u016bt viegli kopjamam, ar viegli pieejam\u0101m rezerves da\u013c\u0101m, remonta un atjauno\u0161anas pakalpojumiem.<\/p>\n<\/li>\n<\/ul>\n<p><img decoding=\"async\" src=\"https:\/\/www.hydraulic-cylinders.net\/wp-content\/uploads\/2025\/01\/songte-oil-pipes-and-spare-parts.webp\" alt=\"Kausa cilindra rezerves da\u013cu att\u0113ls\"><\/p>\n<h2>Bl\u012bv\u0113\u0161ana un e\u013c\u013co\u0161ana<\/h2>\n<p>Kausa cilindriem ir nepiecie\u0161ami da\u017e\u0101di bl\u012bv\u0113jumi, piem\u0113ram, virzu\u013ca bl\u012bv\u0113jumi un stie\u0146a bl\u012bv\u0113jumi, kas izgatavoti no nodilumiztur\u012bgiem materi\u0101liem, piem\u0113ram, poliuret\u0101na un nitrila gumijas, kas nodro\u0161ina labu bl\u012bv\u0113\u0161anas veiktsp\u0113ju un nov\u0113r\u0161 e\u013c\u013cas nopl\u016bdi. Cilindra korpuss, stienis un v\u012btnes gala virsmas ir prec\u012bzi apstr\u0101d\u0101tas, lai uzlabotu nodilumiztur\u012bbu. E\u013c\u013co\u0161anai ir nepiecie\u0161ams regul\u0101ri pievienot atbilsto\u0161u hidraulisk\u0101s e\u013c\u013cas daudzumu.<\/p>\n<h2>Apkope un remonts<\/h2>\n<p>Regul\u0101ra p\u0101rbaude un profilaktisk\u0101 apkope ir b\u016btiska, lai nodro\u0161in\u0101tu kausu cilindru optim\u0101lu veiktsp\u0113ju un ilgm\u016b\u017e\u012bbu. Da\u017ei bie\u017ei veicami apkopes darbi ietver pareizu e\u013c\u013co\u0161anu, regul\u0101ru bl\u012bv\u0113jumu nomai\u0146u un kalibr\u0113\u0161anas p\u0101rbaudes. Pareiza uzst\u0101d\u012b\u0161ana, e\u013c\u013co\u0161ana un regul\u0113\u0161ana ir \u013coti svar\u012bga, lai nodro\u0161in\u0101tu kausu cilindru ilgm\u016b\u017e\u012bbu un iztur\u012bbu. \u0160ie padomi var pal\u012bdz\u0113t efekt\u012bvi diagnostic\u0113t un risin\u0101t probl\u0113mas:<\/p>\n<ul>\n<li>\n<h3>Regul\u0101ra p\u0101rbaude<\/h3>\n<p>Regul\u0101ras p\u0101rbaudes var pal\u012bdz\u0113t atkl\u0101t iesp\u0113jam\u0101s probl\u0113mas, pirms t\u0101s saasin\u0101s.<\/p>\n<\/li>\n<li>\n<h3>Pareiza e\u013c\u013co\u0161ana<\/h3>\n<p>Pareiza e\u013c\u013co\u0161ana var pal\u012bdz\u0113t nov\u0113rst nodilumu un pagarin\u0101t cilindra kalpo\u0161anas laiku.<\/p>\n<\/li>\n<li>\n<h3>Bl\u012bv\u0113juma nomai\u0146a<\/h3>\n<p>Lai nodro\u0161in\u0101tu optim\u0101lu bl\u012bv\u0113juma veiktsp\u0113ju, nepiecie\u0161ama bie\u017ea bl\u012bv\u0113juma nomai\u0146a. <\/p>\n<\/li>\n<li>\n<h3>Pareiza uzst\u0101d\u012b\u0161ana un regul\u0113\u0161ana<\/h3>\n<p>Pareiza cilindra uzst\u0101d\u012b\u0161ana un regul\u0113\u0161ana ir \u013coti svar\u012bga t\u0101 ilgm\u016b\u017e\u012bbai un iztur\u012bbai. <\/p>\n<\/li>\n<\/ul>\n<p><img decoding=\"async\" src=\"https:\/\/www.hydraulic-cylinders.net\/wp-content\/uploads\/2025\/01\/songte-chushion-collar.webp\" alt=\"Kausa cilindra uzst\u0101d\u012b\u0161anas att\u0113ls\"><\/p>\n<h2>Dro\u0161\u012bbas apsv\u0113rumi un vides faktori<\/h2>\n<p>Izmantojot kausu cilindrus, j\u0101iev\u0113ro dro\u0161\u012bbas pas\u0101kumi, lai nov\u0113rstu traumas un apr\u012bkojuma boj\u0101jumus. J\u0101\u0146em v\u0113r\u0101 ar\u012b vides faktori, piem\u0113ram, temperat\u016bra, mitrums un putek\u013ci, lai saglab\u0101tu optim\u0101lu veiktsp\u0113ju un ilgm\u016b\u017e\u012bbu. <\/p>\n<h2>Boj\u0101jumu diagnostika un probl\u0113mu nov\u0113r\u0161ana<\/h2>\n<p>Da\u017eas izplat\u012btas kausa cilindru probl\u0113mas ir e\u013c\u013cas nopl\u016bde, nepietiekams spiediens un slikta bl\u012bv\u0113juma veiktsp\u0113ja. Pareiza diagnostika un probl\u0113mu nov\u0113r\u0161ana var pal\u012bdz\u0113t efekt\u012bvi un lietder\u012bgi atrisin\u0101t probl\u0113mas. Regul\u0101ra apkope un p\u0101rbaudes var pal\u012bdz\u0113t nov\u0113rst \u0161\u0101du probl\u0113mu ra\u0161anos.<\/p>\n<p><img decoding=\"async\" src=\"https:\/\/www.hydraulic-cylinders.net\/wp-content\/uploads\/2025\/01\/songte-bushings-with-all-kinds-of-excavator-models.webp\" alt=\"Kausa cilindra probl\u0113mu att\u0113ls\"><\/p>\n<h2>Par m\u016bsu uz\u0146\u0113mumu<\/h2>\n<p>M\u0113s ra\u017eojam hidrauliskos cilindrus, kas var aizst\u0101t ori\u0123in\u0101los cilindrus. M\u016bsu uz\u0146\u0113mumam ir pilns produktu kl\u0101sts, un m\u0113s esam viens no vado\u0161ajiem hidraulisko cilindru ra\u017eot\u0101jiem un vairumtirgot\u0101jiem viet\u0113j\u0101 un starptautiskaj\u0101 tirg\u016b. M\u0113s iev\u0113rojam izcil\u012bbu kvalit\u0101t\u0113, pa\u013caujamies uz smalku ra\u017eo\u0161anas darbn\u012bcu r\u016bpniecisk\u0101s ra\u017eo\u0161anas vad\u012bbas strat\u0113\u0123ij\u0101m un nep\u0101rtraukti uzlabojam ra\u017eo\u0161anas platformu un darbn\u012bcas ra\u017eo\u0161anas kvalit\u0101ti, izmantojot tehniskos talantus, digit\u0101las augstas klases ra\u017eo\u0161anas iek\u0101rtas un profesion\u0101las test\u0113\u0161anas sist\u0113mas. Mums ir sp\u0113c\u012bgas rad\u012b\u0161anas sp\u0113jas, m\u0113s apmierin\u0101m klientu da\u017e\u0101d\u0101s pras\u012bbas ar efektivit\u0101ti, precizit\u0101ti un augstas kvalit\u0101tes principiem. <\/p>\n<p><img decoding=\"async\" src=\"https:\/\/hzpt.com\/wp-content\/uploads\/2024\/11\/songte-company-1.webp\" alt=\"Uz\u0146\u0113muma t\u0113ls\"><\/p>\n<h3>Specialit\u0101te<\/h3>\n<p>M\u0113s specializ\u0113jamies hidraulisko cilindru ra\u017eo\u0161an\u0101, kas var aizst\u0101t ori\u0123in\u0101los cilindrus.<\/p>\n<h3>Starptautisk\u0101 sertifik\u0101cija<\/h3>\n<p>M\u016bsu produkti ir iztur\u0113ju\u0161i ISO9001, CE un citus starptautiskus sertifik\u0101tus, kas apliecina to kvalit\u0101ti un uzticam\u012bbu. <\/p>\n<h3>Piel\u0101go\u0161anas pakalpojums<\/h3>\n<p>M\u016bsu uz\u0146\u0113mums pied\u0101v\u0101 piel\u0101gotus pakalpojumus, lai apmierin\u0101tu klientu \u012bpa\u0161\u0101s vajadz\u012bbas.<\/p>\n<h3>Ra\u017eo\u0161anas iek\u0101rtas<\/h3>\n<p>M\u016bsu darbn\u012bca ir apr\u012bkota ar modern\u0101m datorvad\u0101m\u0101m virp\u0101m, CNC apstr\u0101des centriem un cit\u0101m augstas precizit\u0101tes iek\u0101rt\u0101m, lai nodro\u0161in\u0101tu m\u016bsu produktu kvalit\u0101ti un precizit\u0101ti. <\/p>\n<h3>P\u0113cp\u0101rdo\u0161anas serviss<\/h3>\n<p>M\u0113s klientiem pied\u0101v\u0101jam lielisku p\u0113cp\u0101rdo\u0161anas apkalpo\u0161anu, tostarp produktu apkopi, remontu un nomai\u0146u.<\/p>\n<h4>Autors: lil<\/h4>","protected":false},"excerpt":{"rendered":"<p>Bucket Cylinder For Sumitomo Middle Excavator SH240-5LR Introduction A bucket cylinder is a specially designed hydraulic cylinder used to control the movement of the bucket in heavy machinery such as excavators, backhoe loaders, and front-end loaders. Its main function is to enable lifting, lowering and tilting of the bucket, thus facilitating various material handling tasks. [&hellip;]<\/p>","protected":false},"featured_media":14789,"comment_status":"open","ping_status":"closed","template":"","meta":{"_et_pb_use_builder":"","_et_pb_old_content":"","_et_gb_content_width":""},"product_brand":[],"product_cat":[1494],"product_tag":[1495,1496],"class_list":{"0":"post-15177","1":"product","2":"type-product","3":"status-publish","4":"has-post-thumbnail","6":"product_cat-bucket-cylinders","7":"product_tag-bucket-cylinders","8":"product_tag-hydraulic-cylinders","10":"first","11":"instock","12":"shipping-taxable","13":"product-type-simple"},"amp_enabled":true,"_links":{"self":[{"href":"https:\/\/www.hydraulic-cylinders.net\/lv\/wp-json\/wp\/v2\/product\/15177","targetHints":{"allow":["GET"]}}],"collection":[{"href":"https:\/\/www.hydraulic-cylinders.net\/lv\/wp-json\/wp\/v2\/product"}],"about":[{"href":"https:\/\/www.hydraulic-cylinders.net\/lv\/wp-json\/wp\/v2\/types\/product"}],"replies":[{"embeddable":true,"href":"https:\/\/www.hydraulic-cylinders.net\/lv\/wp-json\/wp\/v2\/comments?post=15177"}],"wp:featuredmedia":[{"embeddable":true,"href":"https:\/\/www.hydraulic-cylinders.net\/lv\/wp-json\/wp\/v2\/media\/14789"}],"wp:attachment":[{"href":"https:\/\/www.hydraulic-cylinders.net\/lv\/wp-json\/wp\/v2\/media?parent=15177"}],"wp:term":[{"taxonomy":"product_brand","embeddable":true,"href":"https:\/\/www.hydraulic-cylinders.net\/lv\/wp-json\/wp\/v2\/product_brand?post=15177"},{"taxonomy":"product_cat","embeddable":true,"href":"https:\/\/www.hydraulic-cylinders.net\/lv\/wp-json\/wp\/v2\/product_cat?post=15177"},{"taxonomy":"product_tag","embeddable":true,"href":"https:\/\/www.hydraulic-cylinders.net\/lv\/wp-json\/wp\/v2\/product_tag?post=15177"}],"curies":[{"name":"wp","href":"https:\/\/api.w.org\/{rel}","templated":true}]}}