{"id":15179,"date":"2025-01-19T14:12:17","date_gmt":"2025-01-19T14:12:17","guid":{"rendered":"https:\/\/www.hydraulic-cylinders.net\/product\/bucket-cylinder-for-sumitomo-middle-excavator-sh200-3g\/"},"modified":"2025-01-19T14:12:19","modified_gmt":"2025-01-19T14:12:19","slug":"bucket-cylinder-for-sumitomo-middle-excavator-sh200-3g","status":"publish","type":"product","link":"https:\/\/www.hydraulic-cylinders.net\/lv\/products\/bucket-cylinder-for-sumitomo-middle-excavator-sh200-3g\/","title":{"rendered":"Kausa cilindrs Sumitomo vid\u0113jam ekskavatoram SH200-3G"},"content":{"rendered":"<h1>Kausa cilindrs Sumitomo vid\u0113jam ekskavatoram SH200-3G<\/h1>\n<h2>Ievads<\/h2>\n<p>Sumitomo vid\u0113j\u0101 ekskavatora SH200-3G kausa cilindrs ir specializ\u0113ts hidrauliskais cilindrs, ko galvenok\u0101rt izmanto, lai kontrol\u0113tu kausa kust\u012bbu smagaj\u0101s ma\u0161\u012bn\u0101s, piem\u0113ram, ekskavatoros, univers\u0101lajos ekskavatoros un front\u0101lajos iekr\u0101v\u0113jos. T\u0101 galven\u0101 funkcija ir \u013caut pacelt, nolaist un noliekt kausu, atvieglojot da\u017e\u0101du materi\u0101lu apstr\u0101di. Hidrauliskaj\u0101 sist\u0113m\u0101 kausa cilindrs izmanto hidraulisk\u0101s e\u013c\u013cas spiediena izmai\u0146as, lai pan\u0101ktu prec\u012bzu kausa vad\u012bbu, \u013caujot operatoriem efekt\u012bvi apstr\u0101d\u0101t smagas kravas un piel\u0101goties sare\u017e\u0123\u012btai darba videi un da\u017e\u0101d\u0101m ekspluat\u0101cijas pras\u012bb\u0101m.<\/p>\n<p><img decoding=\"async\" src=\"https:\/\/www.hydraulic-cylinders.net\/wp-content\/uploads\/2025\/01\/songte-company-2.webp\" alt=\"Kausa cilindra att\u0113ls\"><\/p>\n<h3>Funkcijas<\/h3>\n<ul>\n<li><strong>Augsta iztur\u012bba un ilgm\u016b\u017e\u012bba:<\/strong> Parasti izgatavots no augstas stipr\u012bbas t\u0113rauda vai alum\u012bnija, tas var iztur\u0113t augstu spiedienu un lielas slodzes, piel\u0101goties skarbai darba videi un \u0146emt v\u0113r\u0101 nodilumiztur\u012bbu un korozijas iztur\u012bbu, lai pagarin\u0101tu kalpo\u0161anas laiku.<\/li>\n<li><strong>Efekt\u012bva hidraulisk\u0101 darb\u012bba:<\/strong> Izmantojot hidraulisk\u0101s e\u013c\u013cas spiedienu, lai pan\u0101ktu vienm\u0113r\u012bgu izple\u0161an\u0101s un sarau\u0161an\u0101s kust\u012bbu, tas var \u0101tri rea\u0123\u0113t uz darb\u012bbas komand\u0101m, nodro\u0161in\u0101t sp\u0113c\u012bgu stum\u0161anas un vilk\u0161anas sp\u0113ku un ir piem\u0113rots smagu kravu apstr\u0101dei un sare\u017e\u0123\u012btiem ekspluat\u0101cijas uzdevumiem.<\/li>\n<li><strong>Vair\u0101ki veidi:<\/strong> Cilindrs var b\u016bt vienas darb\u012bbas (hidraulika tiek izmantota tikai vien\u0101 virzien\u0101) vai divk\u0101r\u0161as darb\u012bbas (hidraulika tiek izmantota divos virzienos) cilindrs atkar\u012bb\u0101 no nepiecie\u0161am\u012bbas apmierin\u0101t da\u017e\u0101das ekspluat\u0101cijas vajadz\u012bbas. Da\u017ei mode\u013ci ir teleskopiski, kas \u013cauj pan\u0101kt liel\u0101ku pagarin\u0101jumu, nepalielinot \u0101r\u0113jos izm\u0113rus, un ir piem\u0113roti lieto\u0161anai ierobe\u017eot\u0101 telp\u0101.<\/li>\n<li><strong>Ra\u017eo\u0161ana:<\/strong> M\u016bsu uz\u0146\u0113mums var ra\u017eot \u0161o produktu, un m\u016bsu produkti var lieliski aizst\u0101t \u0161os hidrauliskos cilindrus.<\/li>\n<\/ul>\n<p><img decoding=\"async\" src=\"https:\/\/www.hydraulic-cylinders.net\/wp-content\/uploads\/2025\/01\/songte-cylinder-head-with-all-kinds-excavator-models.webp\" alt=\"Produkta att\u0113ls\"><\/p>\n<h2>Pieteikumi<\/h2>\n<p>Sumitomo vid\u0113j\u0101 ekskavatora SH200-3G kausa cilindru var izmantot da\u017e\u0101dos pielietojumos, piem\u0113ram:<\/p>\n<ul>\n<li><strong>Celtniec\u012bbas apr\u012bkojums:<\/strong> Ekskavatoros tie ir svar\u012bgi augsnes vai gru\u017eu rak\u0161anai, iekrau\u0161anai un p\u0101rvieto\u0161anai. Ekskavatoros ar iekr\u0101v\u0113ju kausa cilindrs pal\u012bdz gan rak\u0161an\u0101, gan cel\u0161an\u0101. <\/li>\n<li><strong>Lauksaimniec\u012bbas tehnika:<\/strong> Izmanto front\u0101lajos iekr\u0101v\u0113jos augsnes, siena un citu materi\u0101lu sav\u0101k\u0161anai, pacel\u0161anai un transport\u0113\u0161anai. <\/li>\n<li><strong>Ekskavatori:<\/strong> Kausa cilindrs pan\u0101k rak\u0161anas darb\u012bbu, \u013caujot kausam iek\u013c\u016bt augsn\u0113. <\/li>\n<li><strong>Iekr\u0101v\u0113ji:<\/strong> Front\u0101lajos iekr\u0101v\u0113jos tie pal\u012bdz efekt\u012bvi pacelt un noliekt kravu. <\/li>\n<\/ul>\n<h2>Dizaina apsv\u0113rumi un atlases krit\u0113riji<\/h2>\n<p>Sumitomo vid\u0113j\u0101 ekskavatora SH200-3G kausa cilindra projekt\u0113\u0161anas apsv\u0113rumi ietver sekojo\u0161o:<\/p>\n<ul>\n<li><strong>Nestsp\u0113ja:<\/strong> Balonam j\u0101b\u016bt pietiekami iztur\u012bgam, lai iztur\u0113tu slodzes, ar kur\u0101m tas saskarsies lieto\u0161anas laik\u0101.<\/li>\n<li><strong>Bl\u012bv\u0113jums:<\/strong> Lai nov\u0113rstu hidraulisk\u0101 \u0161\u0137idruma nopl\u016bdi no cilindra, tiek izmantoti da\u017e\u0101di bl\u012bv\u0113jumi, piem\u0113ram, virzu\u013ca bl\u012bv\u0113jumi un stie\u0146a bl\u012bv\u0113jumi.<\/li>\n<li><strong>Iztur\u012bba:<\/strong> Balonam j\u0101b\u016bt konstru\u0113tam t\u0101, lai tas b\u016btu iztur\u012bgs pret nodilumu un koroziju, ko var pan\u0101kt, r\u016bp\u012bgi izv\u0113loties materi\u0101lus, apstr\u0101d\u0101jot virsmu un izmantojot citas metodes. <\/li>\n<li><strong>Dro\u0161\u012bba:<\/strong> Balonam j\u0101b\u016bt konstru\u0113tam, \u0146emot v\u0113r\u0101 dro\u0161\u012bbu, ar t\u0101d\u0101m funkcij\u0101m k\u0101 spiediena samazin\u0101\u0161anas v\u0101rsti, lai nov\u0113rstu p\u0101rslodzi, un dro\u0161\u012bbas p\u0101rsegi, lai pasarg\u0101tu darbiniekus no kait\u0113juma. <\/li>\n<li><strong>Apkope:<\/strong> Balonam j\u0101b\u016bt konstru\u0113tam t\u0101, lai to b\u016btu viegli uztur\u0113t, ar t\u0101d\u0101m funkcij\u0101m k\u0101 viegli pieejamas deta\u013cas un standarta veidgabali, lai atvieglotu bl\u012bvju un citu deta\u013cu nomai\u0146u.<\/li>\n<\/ul>\n<p><img decoding=\"async\" src=\"https:\/\/www.hydraulic-cylinders.net\/wp-content\/uploads\/2025\/01\/songte-oil-pipes-and-spare-parts.webp\" alt=\"Hidraulisk\u0101 cilindra deta\u013cu att\u0113ls\"><\/p>\n<h2>Bl\u012bv\u0113\u0161ana un e\u013c\u013co\u0161ana<\/h2>\n<p>Sumitomo vid\u0113j\u0101 ekskavatora SH200-3G kausa cilindram tiek izmantoti da\u017e\u0101di bl\u012bv\u0113jumi, piem\u0113ram, virzu\u013ca bl\u012bv\u0113jumi un stie\u0146a bl\u012bv\u0113jumi, kas izgatavoti no nodilumiztur\u012bgiem materi\u0101liem, piem\u0113ram, poliuret\u0101na un nitrila gumijas, lai nov\u0113rstu hidraulisk\u0101 \u0161\u0137idruma nopl\u016bdi no cilindra. Cilindra korpuss un v\u012bt\u0146ot\u0101 gala virsma ir prec\u012bzi apstr\u0101d\u0101ta, lai uzlabotu nodilumiztur\u012bbu. Lai cilindrs darbotos vienm\u0113r\u012bgi, ir nepiecie\u0161ams regul\u0101ri pievienot atbilsto\u0161u hidraulisk\u0101s e\u013c\u013cas daudzumu e\u013c\u013co\u0161anai.<\/p>\n<h2>Apkope un remonts<\/h2>\n<p>Regul\u0101ra apkope un remonts ir svar\u012bgi kausa cilindra ilgm\u016b\u017e\u012bbai. T\u0101l\u0101k ir nor\u0101d\u012bti da\u017ei bie\u017ei veicamie apkopes darbi:<\/p>\n<ul>\n<li>Regul\u0101ra p\u0101rbaude <\/li>\n<li>Pareiza e\u013c\u013co\u0161ana <\/li>\n<li>Bl\u012bv\u0113juma nomai\u0146a <\/li>\n<li>Kalibr\u0113\u0161anas p\u0101rbaudes <\/li>\n<\/ul>\n<p>Uzst\u0101d\u012b\u0161anas laik\u0101 ir svar\u012bgi pareizi izl\u012bdzin\u0101t cilindru un izmantot atbilsto\u0161us uzst\u0101d\u012b\u0161anas kron\u0161teinus, lai nostiprin\u0101tu cilindru. M\u0113s iesak\u0101m izmantot m\u016bsu ieteikt\u0101s p\u0101rbaudes, remonta un nomai\u0146as proced\u016bras, lai pagarin\u0101tu kausa cilindra kalpo\u0161anas laiku. M\u0113s pied\u0101v\u0101jam ar\u012b rezerves da\u013cas un atjauno\u0161anas pakalpojumus.<\/p>\n<p><img decoding=\"async\" src=\"https:\/\/www.hydraulic-cylinders.net\/wp-content\/uploads\/2025\/01\/songte-chushion-collar.webp\" alt=\"Hidraulisk\u0101 cilindra deta\u013cu att\u0113ls\"><\/p>\n<h2>Dro\u0161\u012bbas un vides apsv\u0113rumi<\/h2>\n<p>Izmantojot kausa cilindru Sumitomo vid\u0113j\u0101 ekskavatora SH200-3G, ir svar\u012bgi iev\u0113rot atbilsto\u0161us dro\u0161\u012bbas pas\u0101kumus. Pareiza uzst\u0101d\u012b\u0161ana, regul\u0101ra p\u0101rbaude un apkope var nov\u0113rst iesp\u0113jamos ekspluat\u0101cijas riskus. Pareiza hidraulisko \u0161\u0137idrumu un citu b\u012bstamo atkritumu utiliz\u0101cija ir nepiecie\u0161ama, lai samazin\u0101tu negat\u012bvo ietekmi uz vidi.<\/p>\n<h2> Probl\u0113mu nov\u0113r\u0161ana un bie\u017ei sastopamas probl\u0113mas<\/h2>\n<p>Bie\u017ei sastopam\u0101s probl\u0113mas ar Sumitomo vid\u0113j\u0101 ekskavatora SH200-3G kausa cilindru ir e\u013c\u013cas nopl\u016bde, nepietiekams vai nevienm\u0113r\u012bgs sp\u0113ks un neparasts troksnis. \u0160\u012bs probl\u0113mas bie\u017ei vien var atrisin\u0101t, p\u0101rbaudot bl\u012bves, hidraulisk\u0101 \u0161\u0137idruma l\u012bmeni un nomainot visas boj\u0101t\u0101s deta\u013cas. M\u0113s iesak\u0101m regul\u0101ru apkopi un p\u0101rbaudes, lai nov\u0113rstu turpm\u0101kas probl\u0113mas. <\/p>\n<p><img decoding=\"async\" src=\"https:\/\/www.hydraulic-cylinders.net\/wp-content\/uploads\/2025\/01\/songte-bushings-with-all-kinds-of-excavator-models.webp\" alt=\"Hidraulisk\u0101 cilindra deta\u013cu att\u0113ls\"><\/p>\n<h2>Par m\u016bsu uz\u0146\u0113mumu<\/h2>\n<p>M\u0113s esam rezerves hidraulisko cilindru ra\u017eot\u0101js. M\u016bsu uz\u0146\u0113mums ra\u017eo pla\u0161u produktu kl\u0101stu un ir k\u013cuvis par vienu no vado\u0161ajiem hidraulisko cilindru ra\u017eot\u0101jiem un vairumtirgot\u0101jiem viet\u0113j\u0101 un starptautiskaj\u0101 tirg\u016b. M\u0113s iev\u0113rojam izcilas kvalit\u0101tes strat\u0113\u0123iju, pa\u013caujoties uz smalku ra\u017eo\u0161anas darbn\u012bcu industrializ\u0113tu ra\u017eo\u0161anas vad\u012bbu, nep\u0101rtrauktu m\u016bsu darbn\u012bcu uzlabo\u0161anu un perfekt\u0101m ra\u017eo\u0161anas kvalit\u0101tes l\u012bnij\u0101m. Mums ir sp\u0113c\u012bgas rado\u0161\u0101s sp\u0113jas un m\u0113s izmantojam augstas efektivit\u0101tes, augstas precizit\u0101tes un augstas kvalit\u0101tes principus, lai apmierin\u0101tu klientu da\u017e\u0101d\u0101s vajadz\u012bbas. <\/p>\n<h3>Profesionalit\u0101te<\/h3>\n<p>M\u016bsu profesion\u0101\u013cu komanda ir koncentr\u0113jusies uz augstas kvalit\u0101tes produktu un pakalpojumu nodro\u0161in\u0101\u0161anu m\u016bsu klientiem, un m\u0113s cen\u0161amies saglab\u0101t savu poz\u012bciju k\u0101 vado\u0161ais hidraulisko cilindru ra\u017eot\u0101js, nep\u0101rtraukti uzlabojot un ievie\u0161ot jaunin\u0101jumus m\u016bsu produktos.<\/p>\n<h3>Starptautisk\u0101 sertifik\u0101cija<\/h3>\n<p>M\u016bsu produkti ir ieguvu\u0161i starptautiskus sertifik\u0101tus, piem\u0113ram, ISO un CE, kas apliecina, ka m\u016bsu produkti atbilst starptautiskajiem kvalit\u0101tes standartiem un noteikumiem.<\/p>\n<h3>Piel\u0101go\u0161anas pakalpojumi<\/h3>\n<p>M\u0113s pied\u0101v\u0101jam piel\u0101go\u0161anas pakalpojumus, lai apmierin\u0101tu m\u016bsu klientu \u012bpa\u0161\u0101s vajadz\u012bbas, nodro\u0161inot piel\u0101gotus risin\u0101jumus unik\u0101lu projektu pras\u012bbu izpildei.<\/p>\n<h3>Ra\u017eo\u0161anas iek\u0101rtas<\/h3>\n<p>M\u016bsu produktu ra\u017eo\u0161an\u0101 m\u0113s izmantojam modernas ra\u017eo\u0161anas iek\u0101rtas, kas nodro\u0161ina augstu precizit\u0101ti, kvalit\u0101ti un efektivit\u0101ti. <\/p>\n<h3>P\u0113cp\u0101rdo\u0161anas pakalpojumi<\/h3>\n<p>M\u0113s pied\u0101v\u0101jam efekt\u012bvus un visaptvero\u0161us p\u0113cp\u0101rdo\u0161anas pakalpojumus, tostarp tehnisko atbalstu un rezerves da\u013cas, lai nodro\u0161in\u0101tu, ka m\u016bsu klienti maksim\u0101li izmanto m\u016bsu produktus.<\/p>\n<p><img decoding=\"async\" src=\"https:\/\/hzpt.com\/wp-content\/uploads\/2024\/11\/songte-company-1.webp\" alt=\"Kausa cilindra att\u0113ls\"><\/p>\n<p>Autors: lil<\/p>","protected":false},"excerpt":{"rendered":"<p>Bucket Cylinder For Sumitomo Middle Excavator SH200-3G Introduction The bucket cylinder for Sumitomo Middle Excavator SH200-3G is a specialized hydraulic cylinder that is mainly used to control the movement of the bucket in heavy machinery such as excavators, backhoe excavators, and front-end loaders. Its main function is to allow the bucket to be lifted, lowered, [&hellip;]<\/p>","protected":false},"featured_media":14787,"comment_status":"open","ping_status":"closed","template":"","meta":{"_et_pb_use_builder":"","_et_pb_old_content":"","_et_gb_content_width":""},"product_brand":[],"product_cat":[1494],"product_tag":[1495,1496],"class_list":{"0":"post-15179","1":"product","2":"type-product","3":"status-publish","4":"has-post-thumbnail","6":"product_cat-bucket-cylinders","7":"product_tag-bucket-cylinders","8":"product_tag-hydraulic-cylinders","10":"first","11":"instock","12":"shipping-taxable","13":"product-type-simple"},"amp_enabled":true,"_links":{"self":[{"href":"https:\/\/www.hydraulic-cylinders.net\/lv\/wp-json\/wp\/v2\/product\/15179","targetHints":{"allow":["GET"]}}],"collection":[{"href":"https:\/\/www.hydraulic-cylinders.net\/lv\/wp-json\/wp\/v2\/product"}],"about":[{"href":"https:\/\/www.hydraulic-cylinders.net\/lv\/wp-json\/wp\/v2\/types\/product"}],"replies":[{"embeddable":true,"href":"https:\/\/www.hydraulic-cylinders.net\/lv\/wp-json\/wp\/v2\/comments?post=15179"}],"wp:featuredmedia":[{"embeddable":true,"href":"https:\/\/www.hydraulic-cylinders.net\/lv\/wp-json\/wp\/v2\/media\/14787"}],"wp:attachment":[{"href":"https:\/\/www.hydraulic-cylinders.net\/lv\/wp-json\/wp\/v2\/media?parent=15179"}],"wp:term":[{"taxonomy":"product_brand","embeddable":true,"href":"https:\/\/www.hydraulic-cylinders.net\/lv\/wp-json\/wp\/v2\/product_brand?post=15179"},{"taxonomy":"product_cat","embeddable":true,"href":"https:\/\/www.hydraulic-cylinders.net\/lv\/wp-json\/wp\/v2\/product_cat?post=15179"},{"taxonomy":"product_tag","embeddable":true,"href":"https:\/\/www.hydraulic-cylinders.net\/lv\/wp-json\/wp\/v2\/product_tag?post=15179"}],"curies":[{"name":"wp","href":"https:\/\/api.w.org\/{rel}","templated":true}]}}