{"id":15186,"date":"2025-01-19T14:12:44","date_gmt":"2025-01-19T14:12:44","guid":{"rendered":"https:\/\/www.hydraulic-cylinders.net\/product\/bucket-cylinder-for-sumitomo-large-excavator-sh350hb-3b\/"},"modified":"2025-01-19T14:12:52","modified_gmt":"2025-01-19T14:12:52","slug":"bucket-cylinder-for-sumitomo-large-excavator-sh350hb-3b","status":"publish","type":"product","link":"https:\/\/www.hydraulic-cylinders.net\/lv\/products\/bucket-cylinder-for-sumitomo-large-excavator-sh350hb-3b\/","title":{"rendered":"Kausa cilindrs Sumitomo lielajam ekskavatoram SH350HB-3B"},"content":{"rendered":"<h1>Kausa cilindrs Sumitomo lielajam ekskavatoram SH350HB-3B<\/h1>\n<h2>Ievads<\/h2>\n<p>Sumitomo liel\u0101 ekskavatora SH350HB-3B kausa cilindrs ir \u012bpa\u0161i izstr\u0101d\u0101ts hidrauliskais cilindrs, ko galvenok\u0101rt izmanto, lai kontrol\u0113tu kausa kust\u012bbu smagaj\u0101s ma\u0161\u012bn\u0101s, piem\u0113ram, ekskavatoros, ekskavatoros-iekr\u0101v\u0113jos un front\u0101lajos iekr\u0101v\u0113jos. T\u0101 galven\u0101 funkcija ir nodro\u0161in\u0101t kausa pacel\u0161anu, nolai\u0161anu un noliek\u0161anu, padarot to \u0113rtu da\u017e\u0101diem materi\u0101lu apstr\u0101des uzdevumiem. Hidrauliskaj\u0101 sist\u0113m\u0101 kausa cilindrs pan\u0101k prec\u012bzu kausa vad\u012bbu, izmantojot hidraulisk\u0101s e\u013c\u013cas spiediena izmai\u0146as, \u013caujot operatoriem efekt\u012bvi apstr\u0101d\u0101t smagas kravas un piel\u0101goties sare\u017e\u0123\u012btai darba videi un da\u017e\u0101d\u0101m ekspluat\u0101cijas pras\u012bb\u0101m.<\/p>\n<p><img decoding=\"async\" src=\"https:\/\/www.hydraulic-cylinders.net\/wp-content\/uploads\/2025\/01\/songte-company-2.webp\" alt=\"Kausa cilindrs\"><\/p>\n<h2>Funkcijas<\/h2>\n<ul>\n<li>Augsta iztur\u012bba un ilgm\u016b\u017e\u012bba: Parasti no augstas stipr\u012bbas t\u0113rauda vai alum\u012bnija izgatavotais kausa cilindrs sp\u0113j iztur\u0113t augstu spiedienu un lielas slodzes, piel\u0101gojoties skarbai darba videi. T\u0101 konstrukcija \u0146em v\u0113r\u0101 nodilumiztur\u012bbu un korozijas iztur\u012bbu, pagarinot t\u0101 kalpo\u0161anas laiku.<\/li>\n<li>Efekt\u012bva hidraulisk\u0101 darb\u012bba: Izmantojot hidraulisk\u0101s e\u013c\u013cas spiedienu, kausa cilindrs pan\u0101k vienm\u0113r\u012bgas izstiep\u0161anas un ievilk\u0161anas kust\u012bbas, \u013caujot \u0101tri rea\u0123\u0113t uz vad\u012bbas komand\u0101m un nodro\u0161inot sp\u0113c\u012bgus stum\u0161anas un vilk\u0161anas sp\u0113kus, kas ir piem\u0113roti smagu kravu apstr\u0101dei un sare\u017e\u0123\u012btu uzdevumu veik\u0161anai.<\/li>\n<li>Da\u017e\u0101di veidi: Kausa cilindru var izv\u0113l\u0113ties k\u0101 vienvirziena darb\u012bbas (hidrauliskais spiediens tiek izmantots tikai vien\u0101 virzien\u0101) vai divk\u0101r\u0161as darb\u012bbas (hidrauliskais spiediens tiek izmantots abos virzienos) cilindrus atkar\u012bb\u0101 no ekspluat\u0101cijas pras\u012bb\u0101m. Da\u017ei mode\u013ci ir teleskopiski, kas \u013cauj pan\u0101kt liel\u0101ku pagarin\u0101jumu, nepalielinot \u0101r\u0113jos izm\u0113rus, un ir piem\u0113roti lietojumiem ar ierobe\u017eotu vietu.<\/li>\n<li>Perfekta nomai\u0146a: m\u016bsu produkti var perfekti nomain\u012bt \u0161os hidrauliskos cilindrus. <\/li>\n<\/ul>\n<p><img decoding=\"async\" src=\"https:\/\/www.hydraulic-cylinders.net\/wp-content\/uploads\/2025\/01\/songte-cylinder-head-with-all-kinds-excavator-models.webp\" alt=\"Aizvieto\u0161ana\"><\/p>\n<h2>Pieteikumi<\/h2>\n<p>Kausa cilindrs tiek izmantots da\u017e\u0101d\u0101s iek\u0101rt\u0101s:<\/p>\n<ul>\n<li>B\u016bvniec\u012bbas apr\u012bkojums: ekskavatoros tie ir nepiecie\u0161ami rak\u0161anas, iekrau\u0161anas un materi\u0101lu p\u0101rvieto\u0161anas darbiem. Ekskavatoros-iekr\u0101v\u0113jos kausa cilindrs pal\u012bdz gan rak\u0161anas, gan cel\u0161anas darbos.<\/li>\n<li>Lauksaimniec\u012bbas tehnika: Izmanto front\u0101lajos iekr\u0101v\u0113jos augsnes, siena un citu materi\u0101lu sav\u0101k\u0161anai, cel\u0161anai un transport\u0113\u0161anai.<\/li>\n<li>Ekskavatori: Kausa cilindrs nodro\u0161ina rak\u0161anas darb\u012bbas, \u013caujot kausam iek\u013c\u016bt augsn\u0113.<\/li>\n<li>Front\u0101lie iekr\u0101v\u0113ji: Front\u0101lajos iekr\u0101v\u0113jos tie pal\u012bdz efekt\u012bvi pacelt un noliekt preces.<\/li>\n<\/ul>\n<h2>Dizaina apsv\u0113rumi un atlases krit\u0113riji<\/h2>\n<p>Projekt\u0113jot kausa cilindru, tiek \u0146emti v\u0113r\u0101 vair\u0101ki galvenie apsv\u0113rumi un izv\u0113les krit\u0113riji:<\/p>\n<ul>\n<li>Nestsp\u0113ja: Kausa cilindrs ir konstru\u0113ts t\u0101, lai iztur\u0113tu nepiecie\u0161amo celtsp\u0113ju.<\/li>\n<li>Bl\u012bv\u0113jums: Lai nodro\u0161in\u0101tu efekt\u012bvu bl\u012bv\u0113\u0161anu, tiek izmantoti da\u017e\u0101di bl\u012bv\u0113\u0161anas komponenti, piem\u0113ram, virzu\u013ca bl\u012bvsl\u0113gi \u200b\u200bun stie\u0146a bl\u012bvsl\u0113gi. Tie ir izgatavoti no nodilumiztur\u012bgiem materi\u0101liem, piem\u0113ram, poliuret\u0101na un nitrila gumijas.<\/li>\n<li>Iztur\u012bba: Cilindra korpuss un v\u012bt\u0146otie gali tiek r\u016bp\u012bgi apstr\u0101d\u0101ti, lai uzlabotu nodilumiztur\u012bbu.<\/li>\n<li>Dro\u0161\u012bba: Dizains ietver dro\u0161\u012bbas funkcijas, lai nodro\u0161in\u0101tu dro\u0161u darb\u012bbu.<\/li>\n<li>Uzturam\u012bba: Kausa cilindrs ir paredz\u0113ts \u0113rtai apkopei un remontam.<\/li>\n<\/ul>\n<p><img decoding=\"async\" src=\"https:\/\/www.hydraulic-cylinders.net\/wp-content\/uploads\/2025\/01\/songte-oil-pipes-and-spare-parts.webp\" alt=\"Bl\u012bv\u0113\u0161ana un e\u013c\u013co\u0161ana\"><\/p>\n<h2>Apkope un piesardz\u012bbas pas\u0101kumi<\/h2>\n<p>Lai nodro\u0161in\u0101tu cilindra ilgm\u016b\u017e\u012bbu, j\u0101veic regul\u0101ras p\u0101rbaudes un profilaktisk\u0101s apkopes pas\u0101kumi:<\/p>\n<ul>\n<li>Regul\u0101ras p\u0101rbaudes: p\u0101rbaudiet, vai nav boj\u0101jumu vai nodiluma paz\u012bmju, un nekav\u0113joties nov\u0113rsiet t\u0101s.<\/li>\n<li>Pareiza e\u013c\u013co\u0161ana: Regul\u0101ri pievienojiet atbilsto\u0161u hidraulisk\u0101s e\u013c\u013cas daudzumu e\u013c\u013co\u0161anai.<\/li>\n<li>Bl\u012bv\u0113juma nomai\u0146a: nomainiet bl\u012bves p\u0113c nepiecie\u0161am\u012bbas, lai saglab\u0101tu efekt\u012bvu bl\u012bv\u0113jumu.<\/li>\n<li>Kalibr\u0113\u0161anas p\u0101rbaudes: periodiski p\u0101rbaudiet un kalibr\u0113jiet kausa cilindru, lai nodro\u0161in\u0101tu pareizu darb\u012bbu.<\/li>\n<\/ul>\n<p><img decoding=\"async\" src=\"https:\/\/www.hydraulic-cylinders.net\/wp-content\/uploads\/2025\/01\/songte-chushion-collar.webp\" alt=\"Apkope\"><\/p>\n<h2>Dro\u0161\u012bbas apsv\u0113rumi un vides faktori<\/h2>\n<p>Izmantojot kausa cilindru, ir \u0101rk\u0101rt\u012bgi svar\u012bgi iev\u0113rot dro\u0161\u012bbas pas\u0101kumus, lai nov\u0113rstu negad\u012bjumus un \u0146emtu v\u0113r\u0101 vides faktorus:<\/p>\n<ul>\n<li>Iev\u0113rojiet dro\u0161\u012bbas nor\u0101d\u012bjumus un lietojiet atbilsto\u0161us individu\u0101los aizsardz\u012bbas l\u012bdzek\u013cus.<\/li>\n<li>Hidrauliskos \u0161\u0137idrumus un citus materi\u0101lus utiliz\u0113jiet videi draudz\u012bg\u0101 veid\u0101.<\/li>\n<\/ul>\n<p><img decoding=\"async\" src=\"https:\/\/www.hydraulic-cylinders.net\/wp-content\/uploads\/2025\/01\/songte-bushings-with-all-kinds-of-excavator-models.webp\" alt=\"Dro\u0161\u012bba un vide\"><\/p>\n<h2>Probl\u0113mu nov\u0113r\u0161ana un bie\u017ei sastopamas probl\u0113mas<\/h2>\n<p>Da\u017ei bie\u017ei sastopami probl\u0113mu nov\u0113r\u0161anas padomi un risin\u0101jumi bie\u017ei sastopam\u0101m probl\u0113m\u0101m, kas saist\u012btas ar kausa cilindru, ir \u0161\u0101di:<\/p>\n<ul>\n<li>Probl\u0113ma: Nopl\u016bde Risin\u0101jums: P\u0101rbaudiet un nomainiet boj\u0101t\u0101s bl\u012bves.<\/li>\n<li>Probl\u0113ma: Cilindrs neizvirz\u0101s\/neievelkas Risin\u0101jums: P\u0101rbaudiet hidraulisk\u0101 \u0161\u0137idruma l\u012bmeni un spiedienu, k\u0101 ar\u012b p\u0101rbaudiet, vai sist\u0113m\u0101 nav aizsprostojumu vai darb\u012bbas trauc\u0113jumu.<\/li>\n<li>Probl\u0113ma: Nepietiekama jauda Risin\u0101jums: P\u0101rbaudiet hidraulisk\u0101s sist\u0113mas spiedienu un p\u0101rbaudiet, vai nav ierobe\u017eojumu vai darb\u012bbas trauc\u0113jumu.<\/li>\n<\/ul>\n<p><img decoding=\"async\" src=\"https:\/\/hzpt.com\/wp-content\/uploads\/2024\/11\/songte-company-1.webp\" alt=\"Probl\u0113mu nov\u0113r\u0161ana\"><\/p>\n<h2>Par m\u016bsu uz\u0146\u0113mumu<\/h2>\n<p>M\u0113s esam rezerves hidraulisko cilindru ra\u017eot\u0101js un viens no vado\u0161ajiem ra\u017eot\u0101jiem un vairumtirdzniec\u012bbas izplat\u012bt\u0101jiem viet\u0113j\u0101 un starptautiskaj\u0101 tirg\u016b. M\u016bsu uz\u0146\u0113mums pied\u0101v\u0101 pla\u0161u produktu kl\u0101stu un iev\u0113ro industrializ\u0113tas ra\u017eo\u0161anas vad\u012bbas strat\u0113\u0123iju, pa\u013caujoties uz izcilu kvalit\u0101ti, modern\u0101m ra\u017eo\u0161anas iek\u0101rt\u0101m un profesion\u0101l\u0101m test\u0113\u0161anas sist\u0113m\u0101m. M\u0113s past\u0101v\u012bgi uzlabojam savu ra\u017eo\u0161anas platformu, lai sasniegtu augstu efektivit\u0101ti, precizit\u0101ti un kvalit\u0101ti, apmierinot m\u016bsu klientu da\u017e\u0101d\u0101s vajadz\u012bbas.<\/p>\n<p><img decoding=\"async\" src=\"https:\/\/www.hydraulic-cylinders.net\/wp-content\/uploads\/2025\/01\/songte-company-3.webp\" alt=\"Uz\u0146\u0113mums\"><\/p>\n<p>S\u0101kot ar profesionalit\u0101ti un starptautisk\u0101m sertifik\u0101cij\u0101m un beidzot ar piel\u0101gotiem pakalpojumiem, ra\u017eo\u0161anas iek\u0101rt\u0101m un p\u0113cp\u0101rdo\u0161anas pakalpojumiem, m\u016bsu uz\u0146\u0113mums cen\u0161as nodro\u0161in\u0101t lab\u0101kos risin\u0101jumus m\u016bsu klientu hidraulisko cilindru vajadz\u012bb\u0101m.<\/p>\n<p>Autors: lil<\/p>","protected":false},"excerpt":{"rendered":"<p>Bucket Cylinder For Sumitomo Large Excavator SH350HB-3B Introduction The bucket cylinder for Sumitomo large excavator SH350HB-3B is a specially designed hydraulic cylinder that is primarily used to control the movement of the bucket in heavy machinery such as excavators, backhoe loaders, and front loaders. Its main function is to enable the lifting, lowering, and tilting [&hellip;]<\/p>","protected":false},"featured_media":14773,"comment_status":"open","ping_status":"closed","template":"","meta":{"_et_pb_use_builder":"","_et_pb_old_content":"","_et_gb_content_width":""},"product_brand":[],"product_cat":[1494],"product_tag":[1495,1496],"class_list":{"0":"post-15186","1":"product","2":"type-product","3":"status-publish","4":"has-post-thumbnail","6":"product_cat-bucket-cylinders","7":"product_tag-bucket-cylinders","8":"product_tag-hydraulic-cylinders","10":"first","11":"instock","12":"shipping-taxable","13":"product-type-simple"},"amp_enabled":true,"_links":{"self":[{"href":"https:\/\/www.hydraulic-cylinders.net\/lv\/wp-json\/wp\/v2\/product\/15186","targetHints":{"allow":["GET"]}}],"collection":[{"href":"https:\/\/www.hydraulic-cylinders.net\/lv\/wp-json\/wp\/v2\/product"}],"about":[{"href":"https:\/\/www.hydraulic-cylinders.net\/lv\/wp-json\/wp\/v2\/types\/product"}],"replies":[{"embeddable":true,"href":"https:\/\/www.hydraulic-cylinders.net\/lv\/wp-json\/wp\/v2\/comments?post=15186"}],"wp:featuredmedia":[{"embeddable":true,"href":"https:\/\/www.hydraulic-cylinders.net\/lv\/wp-json\/wp\/v2\/media\/14773"}],"wp:attachment":[{"href":"https:\/\/www.hydraulic-cylinders.net\/lv\/wp-json\/wp\/v2\/media?parent=15186"}],"wp:term":[{"taxonomy":"product_brand","embeddable":true,"href":"https:\/\/www.hydraulic-cylinders.net\/lv\/wp-json\/wp\/v2\/product_brand?post=15186"},{"taxonomy":"product_cat","embeddable":true,"href":"https:\/\/www.hydraulic-cylinders.net\/lv\/wp-json\/wp\/v2\/product_cat?post=15186"},{"taxonomy":"product_tag","embeddable":true,"href":"https:\/\/www.hydraulic-cylinders.net\/lv\/wp-json\/wp\/v2\/product_tag?post=15186"}],"curies":[{"name":"wp","href":"https:\/\/api.w.org\/{rel}","templated":true}]}}