{"id":15187,"date":"2025-01-19T14:12:54","date_gmt":"2025-01-19T14:12:54","guid":{"rendered":"https:\/\/www.hydraulic-cylinders.net\/product\/bucket-cylinder-for-sumitomo-large-excavator-sh450a2\/"},"modified":"2025-01-19T14:12:56","modified_gmt":"2025-01-19T14:12:56","slug":"bucket-cylinder-for-sumitomo-large-excavator-sh450a2","status":"publish","type":"product","link":"https:\/\/www.hydraulic-cylinders.net\/lv\/products\/bucket-cylinder-for-sumitomo-large-excavator-sh450a2\/","title":{"rendered":"Kausa cilindrs Sumitomo lielajam ekskavatoram SH450A2"},"content":{"rendered":"<h1>Kausa cilindrs Sumitomo lielajam ekskavatoram SH450A2<\/h1>\n<h2>Ievads<\/h2>\n<p>Sumitomo liel\u0101 ekskavatora SH450A2 kausa cilindrs ir \u012bpa\u0161i izstr\u0101d\u0101ts hidrauliskais cilindrs, ko izmanto, lai kontrol\u0113tu kausa kust\u012bbu smagaj\u0101s ma\u0161\u012bn\u0101s, piem\u0113ram, ekskavatoros, ekskavatoros-iekr\u0101v\u0113jos un front\u0101lajos iekr\u0101v\u0113jos. T\u0101 galven\u0101 funkcija ir nodro\u0161in\u0101t kausa pacel\u0161anas, nolai\u0161anas un noliek\u0161anas kust\u012bbas, atvieglojot da\u017e\u0101dus materi\u0101lu apstr\u0101des uzdevumus. Hidrauliskaj\u0101 sist\u0113m\u0101 kausa cilindrs pan\u0101k prec\u012bzu kausa kontroli, mainot hidraulisk\u0101s e\u013c\u013cas spiedienu, \u013caujot operatoriem efekt\u012bvi apstr\u0101d\u0101t smagas kravas un piel\u0101goties sare\u017e\u0123\u012btai darba videi un da\u017e\u0101d\u0101m darba pras\u012bb\u0101m.<\/p>\n<p><img decoding=\"async\" src=\"https:\/\/www.hydraulic-cylinders.net\/wp-content\/uploads\/2025\/01\/songte-company-2.webp\" alt=\"Kausa cilindra att\u0113ls\"><\/p>\n<h2>Funkcijas<\/h2>\n<ul>\n<li>Augsta iztur\u012bba un ilgm\u016b\u017e\u012bba: Parasti no augstas stipr\u012bbas t\u0113rauda vai alum\u012bnija izgatavotais kausa cilindrs var iztur\u0113t augstu spiedienu un lielas slodzes, piel\u0101gojoties skarbai darba videi. Konstrukcij\u0101 \u0146emta v\u0113r\u0101 nodilumiztur\u012bba un iztur\u012bba pret koroziju, lai pagarin\u0101tu t\u0101 kalpo\u0161anas laiku.<\/li>\n<li>Efekt\u012bva hidraulisk\u0101 darb\u012bba: Izmantojot hidraulisk\u0101s e\u013c\u013cas spiedienu, kausa cilindrs nodro\u0161ina vienm\u0113r\u012bgu izstiep\u0161anu un ievilk\u0161anu, \u0101tri rea\u0123\u0113jot uz vad\u012bbas komand\u0101m un radot sp\u0113c\u012bgus stum\u0161anas un vilk\u0161anas sp\u0113kus, padarot to piem\u0113rotu smagu kravu apstr\u0101dei un sare\u017e\u0123\u012btu darbu uzdevumiem.<\/li>\n<li>Da\u017e\u0101di veidi: Kausa cilindru var izv\u0113l\u0113ties k\u0101 vienk\u0101r\u0161\u0101s darb\u012bbas (hidrauliski darbojas tikai vien\u0101 virzien\u0101) vai divk\u0101r\u0161\u0101s darb\u012bbas (hidrauliski darbojas abos virzienos) cilindrus atkar\u012bb\u0101 no ekspluat\u0101cijas pras\u012bb\u0101m. Da\u017ei mode\u013ci ir teleskopiski, kas \u013cauj pan\u0101kt liel\u0101ku pagarin\u0101jumu, nepalielinot \u0101r\u0113jos izm\u0113rus, padarot tos piem\u0113rotus lieto\u0161anai ierobe\u017eot\u0101 telp\u0101.<\/li>\n<\/ul>\n<p><img decoding=\"async\" src=\"https:\/\/www.hydraulic-cylinders.net\/wp-content\/uploads\/2025\/01\/songte-cylinder-head-with-all-kinds-excavator-models.webp\" alt=\"Kausa cilindra pielietojuma att\u0113ls\"><\/p>\n<h2>Pieteikumi<\/h2>\n<p>Kausa cilindrs tiek izmantots da\u017e\u0101d\u0101s iek\u0101rt\u0101s:<\/p>\n<ul>\n<li>B\u016bvniec\u012bbas tehnika: Ekskavatoros t\u0101s ir \u013coti svar\u012bgas augsnes vai gru\u017eu rak\u0161anai, iekrau\u0161anai un p\u0101rvieto\u0161anai. Ekskavatoros-iekr\u0101v\u0113jos kausa cilindrs pal\u012bdz gan rak\u0161an\u0101, gan cel\u0161an\u0101.<\/li>\n<li>Lauksaimniec\u012bbas tehnika: Izmanto front\u0101lajos iekr\u0101v\u0113jos augsnes, siena un citu materi\u0101lu sav\u0101k\u0161anai, cel\u0161anai un transport\u0113\u0161anai.<\/li>\n<li>Ekskavatori: Kausa cilindrs nodro\u0161ina rak\u0161anas darb\u012bbas, \u013caujot kausam iek\u013c\u016bt augsn\u0113.<\/li>\n<li>Iekr\u0101v\u0113ji: Front\u0101lajos iekr\u0101v\u0113jos tie pal\u012bdz efekt\u012bvi pacelt un izg\u0101zt preces.<\/li>\n<\/ul>\n<h2>Dizaina apsv\u0113rumi un atlases krit\u0113riji<\/h2>\n<ul>\n<li>Nestsp\u0113ja: Kausa cilindrs ir konstru\u0113ts t\u0101, lai iztur\u0113tu paredzam\u0101s slodzes un sp\u0113kus, kas rodas ekspluat\u0101cijas laik\u0101.<\/li>\n<li>Bl\u012bv\u0113jums: Tiek izmantoti da\u017e\u0101di bl\u012bv\u0113\u0161anas komponenti, piem\u0113ram, virzu\u013ca bl\u012bvsl\u0113gi \u200b\u200bun stie\u0146u bl\u012bvsl\u0113gi, kas parasti ir izgatavoti no nodilumiztur\u012bgiem materi\u0101liem, piem\u0113ram, poliuret\u0101na un nitrila gumijas, nodro\u0161inot efekt\u012bvu bl\u012bv\u0113\u0161anas veiktsp\u0113ju.<\/li>\n<li>Iztur\u012bba: Cilindra korpuss un v\u012bt\u0146otie gali tiek prec\u012bzi apstr\u0101d\u0101ti, lai uzlabotu nodilumiztur\u012bbu.<\/li>\n<li>Dro\u0161\u012bba: Projekt\u0113\u0161anas apsv\u0113rumi ietver potenci\u0101lu apdraud\u0113jumu nov\u0113r\u0161anu un dro\u0161\u012bbas elementu ievie\u0161anu.<\/li>\n<li>Uzturam\u012bba: Kausa cilindrs ir izstr\u0101d\u0101ts t\u0101, lai atvieglotu apkopi un remontu, \u013caujot efekt\u012bvi nomain\u012bt deta\u013cas un veikt atjauno\u0161anas pakalpojumus, lai pagarin\u0101tu t\u0101 kalpo\u0161anas laiku.<\/li>\n<\/ul>\n<p><img decoding=\"async\" src=\"https:\/\/www.hydraulic-cylinders.net\/wp-content\/uploads\/2025\/01\/songte-oil-pipes-and-spare-parts.webp\" alt=\"Kausa cilindra dizaina att\u0113ls\"><\/p>\n<h2>Bl\u012bv\u0113\u0161ana un e\u013c\u013co\u0161ana<\/h2>\n<p>Kausa cilindr\u0101 tiek izmantoti da\u017e\u0101di bl\u012bv\u0113\u0161anas komponenti, piem\u0113ram, virzu\u013ca bl\u012bvsl\u0113gi \u200b\u200bun stie\u0146a bl\u012bvsl\u0113gi, kas ir izgatavoti no nodilumiztur\u012bgiem materi\u0101liem, piem\u0113ram, poliuret\u0101na un nitrila gumijas. Cilindra korpuss un v\u012bt\u0146otie gali tiek r\u016bp\u012bgi apstr\u0101d\u0101ti, lai uzlabotu nodilumiztur\u012bbu. Lai nodro\u0161in\u0101tu vienm\u0113r\u012bgu darb\u012bbu un optim\u0101lu veiktsp\u0113ju, ir nepiecie\u0161ama regul\u0101ra e\u013c\u013co\u0161ana ar piem\u0113rotu hidraulisko e\u013c\u013cu.<\/p>\n<h2>Regul\u0101ra p\u0101rbaude un profilaktisk\u0101 apkope<\/h2>\n<ul>\n<li>Regul\u0101ri p\u0101rbaudiet kausa cilindru, vai nav nodiluma, boj\u0101jumu vai nopl\u016b\u017eu paz\u012bmju.<\/li>\n<li>Nodro\u0161iniet visu kust\u012bgo da\u013cu pien\u0101c\u012bgu e\u013c\u013co\u0161anu.<\/li>\n<li>Periodiski nomainiet bl\u012bves, lai saglab\u0101tu efekt\u012bvu bl\u012bv\u0113\u0161anas veiktsp\u0113ju.<\/li>\n<li>Veiciet kalibr\u0113\u0161anas p\u0101rbaudes, lai nodro\u0161in\u0101tu prec\u012bzu darb\u012bbu.<\/li>\n<\/ul>\n<p><img decoding=\"async\" src=\"https:\/\/www.hydraulic-cylinders.net\/wp-content\/uploads\/2025\/01\/songte-chushion-collar.webp\" alt=\"Kausa cilindra apkopes att\u0113ls\"><\/p>\n<h2>Dro\u0161\u012bbas apsv\u0113rumi un vides faktori<\/h2>\n<p>Str\u0101d\u0101jot ar kausa cilindru, ir svar\u012bgi iev\u0113rot atbilsto\u0161us dro\u0161\u012bbas pas\u0101kumus, lai nov\u0113rstu negad\u012bjumus un nodro\u0161in\u0101tu operatoru un apk\u0101rt\u0113j\u0101 person\u0101la labkl\u0101j\u012bbu. Vides faktoru \u0146em\u0161ana v\u0113r\u0101 pal\u012bdz samazin\u0101t ietekmi uz vidi un veicina ilgtsp\u0113j\u012bgu praksi.<\/p>\n<h2>Boj\u0101jumu diagnostika un probl\u0113mu nov\u0113r\u0161ana<\/h2>\n<p>Boj\u0101juma gad\u012bjum\u0101 ir svar\u012bgi prec\u012bzi diagnostic\u0113t probl\u0113mu. Bie\u017ei sastopamas probl\u0113mas ar kausa cilindru var b\u016bt nopl\u016bde, nepietiekams sp\u0113ks vai nevienm\u0113r\u012bga kust\u012bba. J\u0101sniedz probl\u0113mu nov\u0113r\u0161anas padomi un risin\u0101jumi, lai pal\u012bdz\u0113tu las\u012bt\u0101jiem efekt\u012bvi diagnostic\u0113t un nov\u0113rst probl\u0113mas. J\u0101iesaka ar\u012b prevent\u012bvie pas\u0101kumi, lai samazin\u0101tu potenci\u0101lo probl\u0113mu risku.<\/p>\n<p><img decoding=\"async\" src=\"https:\/\/www.hydraulic-cylinders.net\/wp-content\/uploads\/2025\/01\/songte-bushings-with-all-kinds-of-excavator-models.webp\" alt=\"Kausa cilindra probl\u0113mu nov\u0113r\u0161anas att\u0113ls\"><\/p>\n<p>Atcerieties lo\u0123iski sak\u0101rtot rakstu, izmantot apak\u0161virsrakstus \u0113rtai navig\u0101cijai, iek\u013caut atbilsto\u0161us att\u0113lus vai diagrammas lab\u0101kai izpratnei un nodro\u0161in\u0101t, lai saturs b\u016btu skaidrs, kodol\u012bgs un piem\u0113rots las\u012bt\u0101jiem ar da\u017e\u0101diem tehnisko zin\u0101\u0161anu l\u012bme\u0146iem.<\/p>\n<h2>Par m\u016bsu uz\u0146\u0113mumu<\/h2>\n<p>M\u0113s esam rezerves hidraulisko cilindru ra\u017eot\u0101js un viens no vado\u0161ajiem hidraulisko cilindru ra\u017eot\u0101jiem un vairumtirdzniec\u012bbas izplat\u012bt\u0101jiem viet\u0113j\u0101 un starptautiskaj\u0101 tirg\u016b. M\u0113s iev\u0113rojam izcilas kvalit\u0101tes principus un sav\u0101 sare\u017e\u0123\u012btaj\u0101 ra\u017eo\u0161anas darbn\u012bc\u0101 pa\u013caujamies uz r\u016bpniecisk\u0101s ra\u017eo\u0161anas vad\u012bbas strat\u0113\u0123ij\u0101m. Pateicoties m\u016bsu tehniskaj\u0101m sp\u0113j\u0101m, modernaj\u0101m digit\u0101laj\u0101m ra\u017eo\u0161anas iek\u0101rt\u0101m un profesion\u0101laj\u0101m test\u0113\u0161anas sist\u0113m\u0101m, m\u0113s nep\u0101rtraukti uzlabojam savu ra\u017eo\u0161anas platformu, optimiz\u0113jam ra\u017eo\u0161anas procesu un mums ir sp\u0113c\u012bgas ra\u017eo\u0161anas jaudas. M\u0113s cen\u0161amies apmierin\u0101t da\u017e\u0101das klientu vajadz\u012bbas ar augstu efektivit\u0101ti, precizit\u0101ti un kvalit\u0101ti.<\/p>\n<p><img decoding=\"async\" src=\"https:\/\/www.hydraulic-cylinders.net\/wp-content\/uploads\/2025\/01\/songte-company-3.webp\" alt=\"Uz\u0146\u0113muma t\u0113ls\"><\/p>\n<h3>M\u016bsu uz\u0146\u0113muma svar\u012bg\u0101kie aspekti:<\/h3>\n<ul>\n<li>Kompetence: Pateicoties m\u016bsu pla\u0161ajai pieredzei un zin\u0101\u0161an\u0101m, m\u0113s nodro\u0161in\u0101m augstas kvalit\u0101tes hidrauliskos cilindrus.<\/li>\n<li>Starptautisk\u0101s sertifik\u0101cijas: M\u016bsu produkti atbilst starptautiskajiem standartiem un sertifik\u0101cij\u0101m, kas nodro\u0161ina to uzticam\u012bbu un veiktsp\u0113ju.<\/li>\n<li>Piel\u0101go\u0161anas pakalpojumi: M\u0113s pied\u0101v\u0101jam piel\u0101gotus hidraulisko cilindru risin\u0101jumus, lai apmierin\u0101tu \u012bpa\u0161as pras\u012bbas.<\/li>\n<li>Ra\u017eo\u0161anas iek\u0101rtas: M\u016bsu uz\u0146\u0113mums izmanto modernas ra\u017eo\u0161anas iek\u0101rtas prec\u012bzai ra\u017eo\u0161anai.<\/li>\n<li>P\u0113cp\u0101rdo\u0161anas serviss: M\u0113s nodro\u0161in\u0101m izcilu p\u0113cp\u0101rdo\u0161anas servisu, tostarp deta\u013cu nomai\u0146u un atjauno\u0161anu, lai uzlabotu m\u016bsu hidraulisko cilindru ilgm\u016b\u017e\u012bbu.<\/li>\n<\/ul>\n<p>Autors: lil<\/p>","protected":false},"excerpt":{"rendered":"<p>Bucket Cylinder For Sumitomo Large Excavator SH450A2 Introduction The bucket cylinder for Sumitomo large excavator SH450A2 is a specially designed hydraulic cylinder used to control the movement of the bucket in heavy machinery such as excavators, backhoe loaders, and front loaders. Its main function is to enable the bucket to perform lifting, lowering, and tilting [&hellip;]<\/p>","protected":false},"featured_media":14771,"comment_status":"open","ping_status":"closed","template":"","meta":{"_et_pb_use_builder":"","_et_pb_old_content":"","_et_gb_content_width":""},"product_brand":[],"product_cat":[1494],"product_tag":[1495,1496],"class_list":{"0":"post-15187","1":"product","2":"type-product","3":"status-publish","4":"has-post-thumbnail","6":"product_cat-bucket-cylinders","7":"product_tag-bucket-cylinders","8":"product_tag-hydraulic-cylinders","10":"first","11":"instock","12":"shipping-taxable","13":"product-type-simple"},"amp_enabled":true,"_links":{"self":[{"href":"https:\/\/www.hydraulic-cylinders.net\/lv\/wp-json\/wp\/v2\/product\/15187","targetHints":{"allow":["GET"]}}],"collection":[{"href":"https:\/\/www.hydraulic-cylinders.net\/lv\/wp-json\/wp\/v2\/product"}],"about":[{"href":"https:\/\/www.hydraulic-cylinders.net\/lv\/wp-json\/wp\/v2\/types\/product"}],"replies":[{"embeddable":true,"href":"https:\/\/www.hydraulic-cylinders.net\/lv\/wp-json\/wp\/v2\/comments?post=15187"}],"wp:featuredmedia":[{"embeddable":true,"href":"https:\/\/www.hydraulic-cylinders.net\/lv\/wp-json\/wp\/v2\/media\/14771"}],"wp:attachment":[{"href":"https:\/\/www.hydraulic-cylinders.net\/lv\/wp-json\/wp\/v2\/media?parent=15187"}],"wp:term":[{"taxonomy":"product_brand","embeddable":true,"href":"https:\/\/www.hydraulic-cylinders.net\/lv\/wp-json\/wp\/v2\/product_brand?post=15187"},{"taxonomy":"product_cat","embeddable":true,"href":"https:\/\/www.hydraulic-cylinders.net\/lv\/wp-json\/wp\/v2\/product_cat?post=15187"},{"taxonomy":"product_tag","embeddable":true,"href":"https:\/\/www.hydraulic-cylinders.net\/lv\/wp-json\/wp\/v2\/product_tag?post=15187"}],"curies":[{"name":"wp","href":"https:\/\/api.w.org\/{rel}","templated":true}]}}