{"id":15193,"date":"2025-01-19T14:13:19","date_gmt":"2025-01-19T14:13:19","guid":{"rendered":"https:\/\/www.hydraulic-cylinders.net\/product\/bucket-cylinder-for-sumitomo-large-excavator-sh480hd-5\/"},"modified":"2025-01-19T14:13:21","modified_gmt":"2025-01-19T14:13:21","slug":"bucket-cylinder-for-sumitomo-large-excavator-sh480hd-5","status":"publish","type":"product","link":"https:\/\/www.hydraulic-cylinders.net\/lv\/products\/bucket-cylinder-for-sumitomo-large-excavator-sh480hd-5\/","title":{"rendered":"Kausa cilindrs Sumitomo lielajam ekskavatoram SH480HD-5"},"content":{"rendered":"<h1>Kausa cilindrs Sumitomo lielajam ekskavatoram SH480HD-5<\/h1>\n<h2>Ievads<\/h2>\n<p>Kausa cilindrs ir speci\u0101li izstr\u0101d\u0101ts hidrauliskais cilindrs, ko galvenok\u0101rt izmanto, lai kontrol\u0113tu kausu kust\u012bbu smagaj\u0101s ma\u0161\u012bn\u0101s, piem\u0113ram, ekskavatoros, univers\u0101lajos iekr\u0101v\u0113jos un front\u0101lajos iekr\u0101v\u0113jos. T\u0101 galven\u0101 funkcija ir nodro\u0161in\u0101t kausa pacel\u0161anu, nolai\u0161anu un noliek\u0161anu, padarot to ide\u0101li piem\u0113rotu da\u017e\u0101diem materi\u0101lu apstr\u0101des uzdevumiem. Hidrauliskaj\u0101 sist\u0113m\u0101 kausa cilindri kontrol\u0113 prec\u012bzu kausa kust\u012bbu, izmantojot hidraulisk\u0101s e\u013c\u013cas spiediena izmai\u0146as, \u013caujot operatoriem efekt\u012bvi apstr\u0101d\u0101t smagas kravas un piel\u0101goties sare\u017e\u0123\u012btai darba videi un da\u017e\u0101d\u0101m darba pras\u012bb\u0101m.<\/p>\n<p><img decoding=\"async\" src=\"https:\/\/www.hydraulic-cylinders.net\/wp-content\/uploads\/2025\/01\/songte-company-2.webp\" alt=\"Kausa cilindrs Sumitomo lielajam ekskavatoram SH480HD-5\"><\/p>\n<h2>Funkcijas<\/h2>\n<ul>\n<li>\n<h3>Augsta iztur\u012bba un ilgm\u016b\u017e\u012bba<\/h3>\n<p>Kausa cilindri parasti ir izgatavoti no augstas stipr\u012bbas t\u0113rauda vai alum\u012bnija, kas sp\u0113j iztur\u0113t augstu spiedienu un lielas slodzes, piel\u0101gojas skarbai darba videi un ir izstr\u0101d\u0101ti, \u0146emot v\u0113r\u0101 iztur\u012bbu un iztur\u012bbu pret koroziju, pagarinot to kalpo\u0161anas laiku.<\/p>\n<\/li>\n<li>\n<h3>Efekt\u012bvas hidraulisk\u0101s darb\u012bbas<\/h3>\n<p>Kausa cilindri izmanto hidraulisk\u0101s e\u013c\u013cas spiedienu, lai pan\u0101ktu vienm\u0113r\u012bgas izstiep\u0161anas un sarau\u0161an\u0101s kust\u012bbas, \u0101tri rea\u0123\u0113jot uz vad\u012bbas komand\u0101m, nodro\u0161inot sp\u0113c\u012bgus stum\u0161anas un vilk\u0161anas sp\u0113kus un ir piem\u0113roti smagu kravu apstr\u0101dei un sare\u017e\u0123\u012btu darba uzdevumu veik\u0161anai.<\/p>\n<\/li>\n<li>\n<h3>Da\u017e\u0101di veidi<\/h3>\n<p>Kausa cilindri var b\u016bt vienas vai divu darb\u012bbu cilindri (izmantojot hidraulisko spiedienu vien\u0101 vai abos virzienos) atkar\u012bb\u0101 no ekspluat\u0101cijas pras\u012bb\u0101m. Da\u017ei mode\u013ci ir teleskopiski, kas \u013cauj tos liel\u0101kus izstiept, nepalielinot \u0101r\u0113jos izm\u0113rus, un ir piem\u0113roti lieto\u0161anai ierobe\u017eot\u0101 telp\u0101.<\/p>\n<\/li>\n<li>\n<h3>Nomain\u0101ms<\/h3>\n<p>M\u016bsu produkts var lieliski aizst\u0101t \u0161os hidrauliskos cilindrus.<\/p>\n<\/li>\n<\/ul>\n<p><img decoding=\"async\" src=\"https:\/\/www.hydraulic-cylinders.net\/wp-content\/uploads\/2025\/01\/songte-cylinder-head-with-all-kinds-excavator-models.webp\" alt=\"Kausa cilindrs Sumitomo lielajam ekskavatoram SH480HD-5\"><\/p>\n<h2>Pieteikumi<\/h2>\n<p>Kausa cilindri tiek pla\u0161i izmantoti da\u017e\u0101d\u0101s nozar\u0113s, tostarp celtniec\u012bbas iek\u0101rt\u0101s, lauksaimniec\u012bbas ma\u0161\u012bn\u0101s, ekskavatoros un iekr\u0101v\u0113jos. T\u0101l\u0101k ir nor\u0101d\u012bti da\u017ei no visizplat\u012bt\u0101kajiem pielietojumiem:<\/p>\n<ul>\n<li>\n<h3>Celtniec\u012bbas apr\u012bkojums<\/h3>\n<p>Ekskavatoros tie ir nepiecie\u0161ami augsnes vai gru\u017eu rak\u0161anai, iekrau\u0161anai un p\u0101rvieto\u0161anai. Ekskavatoros-iekr\u0101v\u0113jos kausa cilindri pal\u012bdz gan rak\u0161anas, gan cel\u0161anas darbos. Front\u0101lajos iekr\u0101v\u0113jos tie pal\u012bdz efekt\u012bvi pacelt un izg\u0101zt kravu.<\/p>\n<\/li>\n<li>\n<h3>Lauksaimniec\u012bbas tehnika<\/h3>\n<p>Izmanto front\u0101lajos iekr\u0101v\u0113jos, tie ir paredz\u0113ti augsnes, siena un citu materi\u0101lu sav\u0101k\u0161anai, cel\u0161anai un transport\u0113\u0161anai.<\/p>\n<\/li>\n<li>\n<h3>Ekskavatori<\/h3>\n<p>Kausa cilindri nodro\u0161ina rak\u0161anas darb\u012bbu, \u013caujot ekskavatora kausam iek\u013c\u016bt augsn\u0113.<\/p>\n<\/li>\n<li>\n<h3>Iekr\u0101v\u0113ji<\/h3>\n<p>Front\u0101lajos iekr\u0101v\u0113jos tie pal\u012bdz efekt\u012bvi pacelt un izkraut kravu.<\/p>\n<\/li>\n<\/ul>\n<h2>Dizaina apsv\u0113rumi un atlases krit\u0113riji<\/h2>\n<p>Izv\u0113loties cilindru, j\u0101\u0146em v\u0113r\u0101 vair\u0101ki konstrukcijas apsv\u0113rumi, tostarp:<\/p>\n<ul>\n<li>\n<h3>Nestsp\u0113ja<\/h3>\n<p>Cilindra nestsp\u0113jai j\u0101b\u016bt pietiekamai, lai iztur\u0113tu slodzi, nodro\u0161inot vienm\u0113r\u012bgu darb\u012bbu.<\/p>\n<\/li>\n<li>\n<h3>Bl\u012bv\u0113\u0161ana<\/h3>\n<p>Lai nov\u0113rstu nopl\u016bdes un nodro\u0161in\u0101tu cilindra pareizu darb\u012bbu, j\u0101izmanto da\u017e\u0101di bl\u012bv\u0113\u0161anas komponenti, piem\u0113ram, virzu\u013ca bl\u012bvsl\u0113gi \u200b\u200bun stie\u0146a bl\u012bvsl\u0113gi.<\/p>\n<\/li>\n<li>\n<h3>Iztur\u012bba<\/h3>\n<p>Balonam j\u0101b\u016bt konstru\u0113tam t\u0101, lai tas b\u016btu iztur\u012bgs skarbos vides apst\u0101k\u013cos un b\u016btu iztur\u012bgs pret koroziju un nodilumu.<\/p>\n<\/li>\n<li>\n<h3>Dro\u0161\u012bba<\/h3>\n<p>Kausa cilindriem j\u0101b\u016bt konstru\u0113tiem ar dro\u0161\u012bbas funkcij\u0101m, piem\u0113ram, spiediena samazin\u0101\u0161anas v\u0101rstiem, lai nov\u0113rstu p\u0101rslodzi un nodro\u0161in\u0101tu dro\u0161u darb\u012bbu.<\/p>\n<\/li>\n<li>\n<h3>Uzturam\u012bba<\/h3>\n<p>Balonam j\u0101b\u016bt konstru\u0113tam t\u0101, lai to b\u016btu viegli apkopt, tostarp vienk\u0101r\u0161i demont\u0113t un salikt atpaka\u013c, \u0113rti piek\u013c\u016bt komponentiem un \u0101tri nomain\u012bt deta\u013cas.<\/p>\n<\/li>\n<\/ul>\n<p><img decoding=\"async\" src=\"https:\/\/www.hydraulic-cylinders.net\/wp-content\/uploads\/2025\/01\/songte-oil-pipes-and-spare-parts.webp\" alt=\"Kausa cilindrs Sumitomo lielajam ekskavatoram SH480HD-5\"><\/p>\n<h2>Bl\u012bv\u0113\u0161ana un e\u013c\u013co\u0161ana<\/h2>\n<p>Lai nov\u0113rstu nopl\u016bdes un nodro\u0161in\u0101tu cilindra pareizu darb\u012bbu, j\u0101izmanto da\u017e\u0101di bl\u012bv\u0113\u0161anas komponenti, piem\u0113ram, virzu\u013ca bl\u012bvsl\u0113gi \u200b\u200bun stie\u0146a bl\u012bvsl\u0113gi. Cilindra korpuss un v\u012bt\u0146ot\u0101s gala virsmas ir smalki apstr\u0101d\u0101tas, lai uzlabotu nodilumiztur\u012bbu. Regul\u0101ri pievienojiet atbilsto\u0161u hidraulisko e\u013c\u013cu cilindra e\u013c\u013co\u0161anai.<\/p>\n<h2>Apkope un probl\u0113mu nov\u0113r\u0161ana<\/h2>\n<p>Regul\u0101ra p\u0101rbaude, atbilsto\u0161a e\u013c\u013co\u0161ana, bl\u012bvju nomai\u0146a un kalibr\u0113\u0161anas p\u0101rbaude ir parastie apkopes uzdevumi. Pareiza uzst\u0101d\u012b\u0161ana, e\u013c\u013co\u0161ana un regul\u0113\u0161ana ir b\u016btiska, lai nodro\u0161in\u0101tu kausa cilindra ilgu kalpo\u0161anas laiku. Uzst\u0101d\u012b\u0161anas laik\u0101 j\u0101nodro\u0161ina atbilsto\u0161a izl\u012bdzin\u0101\u0161anas vadl\u012bnijas un cilindra nostiprin\u0101\u0161anai j\u0101izmanto atbilsto\u0161i uzst\u0101d\u012b\u0161anas kron\u0161teini.<\/p>\n<p><img decoding=\"async\" src=\"https:\/\/www.hydraulic-cylinders.net\/wp-content\/uploads\/2025\/01\/songte-chushion-collar.webp\" alt=\"Kausa cilindrs Sumitomo lielajam ekskavatoram SH480HD-5\"><\/p>\n<h2>Dro\u0161\u012bbas apsv\u0113rumi un vides faktori<\/h2>\n<p>Dro\u0161\u012bbas pas\u0101kumi ir \u013coti svar\u012bgi, lietojot kausu cilindrus. J\u0101uzst\u0101da dro\u0161\u012bbas funkcijas, piem\u0113ram, spiediena samazin\u0101\u0161anas v\u0101rsti, lai nov\u0113rstu p\u0101rslodzi un nodro\u0161in\u0101tu dro\u0161u darb\u012bbu. J\u0101veic atbilsto\u0161i vides aizsardz\u012bbas pas\u0101kumi, lai izvair\u012btos no e\u013c\u013cas nopl\u016bdes un kait\u0113juma videi.<\/p>\n<h2>Uz\u0146\u0113muma ievads<\/h2>\n<p>M\u0113s esam vado\u0161ais hidraulisko cilindru ra\u017eot\u0101js un izplat\u012bt\u0101js viet\u0113j\u0101 un starptautiskaj\u0101 tirg\u016b, specializ\u0113joties rezerves hidraulisko cilindru ra\u017eo\u0161an\u0101. M\u0113s iev\u0113rojam izcilas kvalit\u0101tes principus, pa\u013caujoties uz industrializ\u0113tu ra\u017eo\u0161anas vad\u012bbas strat\u0113\u0123iju, kas balst\u012bta uz sare\u017e\u0123\u012bt\u0101m ra\u017eo\u0161anas darbn\u012bc\u0101m. M\u0113s nep\u0101rtraukti uzlabojam m\u016bsu darbn\u012bcas ra\u017eo\u0161anas platformu, izmantojot tehniskos talantus, digit\u0101las augstas klases ra\u017eo\u0161anas iek\u0101rtas un profesion\u0101las test\u0113\u0161anas sist\u0113mas, pilnveidojot produktu kvalit\u0101tes ra\u017eo\u0161anas l\u012bniju, un mums ir sp\u0113c\u012bgas ra\u017eo\u0161anas iesp\u0113jas, lai apmierin\u0101tu klientu daudzveid\u012bg\u0101s vajadz\u012bbas ar augstu efektivit\u0101ti, augstu precizit\u0101ti un augstu kvalit\u0101ti.<\/p>\n<p><img decoding=\"async\" src=\"https:\/\/hzpt.com\/wp-content\/uploads\/2024\/11\/songte-company-1.webp\" alt=\"Kausa cilindrs Sumitomo lielajam ekskavatoram SH480HD-5\"><\/p>\n<h3>Profesionalit\u0101te<\/h3>\n<p>Mums ir hidraulisko cilindru ekspertu komanda, kas pal\u012bdz klientiem izv\u0113l\u0113ties pareizo cilindru atbilsto\u0161i vi\u0146u \u012bpa\u0161aj\u0101m vajadz\u012bb\u0101m.<\/p>\n<h3>Starptautisk\u0101 sertifik\u0101cija<\/h3>\n<p>M\u016bsu produkti ir iztur\u0113ju\u0161i ISO9001: 2008 un CE sertifik\u0101ciju.<\/p>\n<h3>Piel\u0101go\u0161anas pakalpojumi<\/h3>\n<p>M\u0113s pied\u0101v\u0101jam piel\u0101gotus pakalpojumus, lai apmierin\u0101tu da\u017e\u0101das klientu vajadz\u012bbas, un pied\u0101v\u0101jam individu\u0101li piel\u0101gotus risin\u0101jumus.<\/p>\n<h3>Ra\u017eo\u0161anas iek\u0101rtas<\/h3>\n<p>M\u0113s esam apr\u012bkoti ar modernu apr\u012bkojumu, piem\u0113ram, CNC ma\u0161\u012bn\u0101m, autom\u0101tisk\u0101m metin\u0101\u0161anas ma\u0161\u012bn\u0101m un galvaniz\u0101cijas ma\u0161\u012bn\u0101m, kas var apmierin\u0101t m\u016bsu klientu daudzveid\u012bg\u0101s pras\u012bbas.<\/p>\n<h3>P\u0113cp\u0101rdo\u0161anas serviss<\/h3>\n<p>M\u0113s pied\u0101v\u0101jam p\u0113cp\u0101rdo\u0161anas servisu, tostarp remontu un apkopi, lai nodro\u0161in\u0101tu m\u016bsu klientu iek\u0101rtu nevainojamu darb\u012bbu.<\/p>\n<p>Autors: lil<\/p>","protected":false},"excerpt":{"rendered":"<p>Bucket Cylinder For Sumitomo Large Excavator SH480HD-5 Introduction A bucket cylinder is a specially designed hydraulic cylinder used primarily to control the movement of buckets in heavy machinery such as excavators, backhoes, and front-end loaders. Its main function is to enable the bucket to lift, lower, and tilt, making it ideal for various material handling [&hellip;]<\/p>","protected":false},"featured_media":14788,"comment_status":"open","ping_status":"closed","template":"","meta":{"_et_pb_use_builder":"","_et_pb_old_content":"","_et_gb_content_width":""},"product_brand":[],"product_cat":[1494],"product_tag":[1495,1496],"class_list":{"0":"post-15193","1":"product","2":"type-product","3":"status-publish","4":"has-post-thumbnail","6":"product_cat-bucket-cylinders","7":"product_tag-bucket-cylinders","8":"product_tag-hydraulic-cylinders","10":"first","11":"instock","12":"shipping-taxable","13":"product-type-simple"},"amp_enabled":true,"_links":{"self":[{"href":"https:\/\/www.hydraulic-cylinders.net\/lv\/wp-json\/wp\/v2\/product\/15193","targetHints":{"allow":["GET"]}}],"collection":[{"href":"https:\/\/www.hydraulic-cylinders.net\/lv\/wp-json\/wp\/v2\/product"}],"about":[{"href":"https:\/\/www.hydraulic-cylinders.net\/lv\/wp-json\/wp\/v2\/types\/product"}],"replies":[{"embeddable":true,"href":"https:\/\/www.hydraulic-cylinders.net\/lv\/wp-json\/wp\/v2\/comments?post=15193"}],"wp:featuredmedia":[{"embeddable":true,"href":"https:\/\/www.hydraulic-cylinders.net\/lv\/wp-json\/wp\/v2\/media\/14788"}],"wp:attachment":[{"href":"https:\/\/www.hydraulic-cylinders.net\/lv\/wp-json\/wp\/v2\/media?parent=15193"}],"wp:term":[{"taxonomy":"product_brand","embeddable":true,"href":"https:\/\/www.hydraulic-cylinders.net\/lv\/wp-json\/wp\/v2\/product_brand?post=15193"},{"taxonomy":"product_cat","embeddable":true,"href":"https:\/\/www.hydraulic-cylinders.net\/lv\/wp-json\/wp\/v2\/product_cat?post=15193"},{"taxonomy":"product_tag","embeddable":true,"href":"https:\/\/www.hydraulic-cylinders.net\/lv\/wp-json\/wp\/v2\/product_tag?post=15193"}],"curies":[{"name":"wp","href":"https:\/\/api.w.org\/{rel}","templated":true}]}}