{"id":15199,"date":"2025-01-19T14:13:43","date_gmt":"2025-01-19T14:13:43","guid":{"rendered":"https:\/\/www.hydraulic-cylinders.net\/product\/bucket-cylinder-for-jcb-small-excavator-js370lc\/"},"modified":"2025-01-19T14:13:45","modified_gmt":"2025-01-19T14:13:45","slug":"bucket-cylinder-for-jcb-small-excavator-js370lc","status":"publish","type":"product","link":"https:\/\/www.hydraulic-cylinders.net\/lv\/products\/bucket-cylinder-for-jcb-small-excavator-js370lc\/","title":{"rendered":"JCB maz\u0101 ekskavatora JS370LC kausa cilindrs"},"content":{"rendered":"<h1>JCB maz\u0101 ekskavatora JS370LC kausa cilindrs<\/h1>\n<h2>Ievads<\/h2>\n<p>JCB maz\u0101 ekskavatora JS370LC kausa cilindrs ir \u012bpa\u0161i izstr\u0101d\u0101ts hidrauliskais cilindrs, ko izmanto, lai kontrol\u0113tu kausa kust\u012bbu smagaj\u0101s ma\u0161\u012bn\u0101s, piem\u0113ram, ekskavatoros, ekskavatoros-iekr\u0101v\u0113jos un front\u0101lajos iekr\u0101v\u0113jos. T\u0101 galven\u0101 funkcija ir \u013caut pacelt, nolaist un noliekt kausu, atvieglojot da\u017e\u0101du materi\u0101lu apstr\u0101des uzdevumu veik\u0161anu. Hidrauliskaj\u0101 sist\u0113m\u0101 kausa cilindrs pan\u0101k prec\u012bzu kausa vad\u012bbu, mainot hidraulisk\u0101s e\u013c\u013cas spiedienu, \u013caujot operatoriem efekt\u012bvi apstr\u0101d\u0101t smagas kravas un piel\u0101goties sare\u017e\u0123\u012btai darba videi un da\u017e\u0101d\u0101m darba pras\u012bb\u0101m.<\/p>\n<p><img decoding=\"async\" src=\"https:\/\/www.hydraulic-cylinders.net\/wp-content\/uploads\/2025\/01\/songte-company-2.webp\" alt=\"Kausa cilindra att\u0113ls\"><\/p>\n<h2>Funkcijas<\/h2>\n<ul>\n<li>Augsta iztur\u012bba un ilgm\u016b\u017e\u012bba: Parasti no augstas stipr\u012bbas t\u0113rauda vai alum\u012bnija izgatavotais kausa cilindrs sp\u0113j iztur\u0113t augstu spiedienu un lielas slodzes, piel\u0101gojoties skarbai darba videi. T\u0101 konstrukcija \u0146em v\u0113r\u0101 nodilumiztur\u012bbu un korozijas iztur\u012bbu, pagarinot t\u0101 kalpo\u0161anas laiku.<\/li>\n<li>Efekt\u012bva hidraulisk\u0101 darb\u012bba: Izmantojot hidraulisk\u0101s e\u013c\u013cas spiedienu, kausa cilindrs pan\u0101k vienm\u0113r\u012bgu izstiep\u0161anu un ievilk\u0161anu, \u013caujot \u0101tri rea\u0123\u0113t uz vad\u012bbas komand\u0101m un nodro\u0161inot sp\u0113c\u012bgus stum\u0161anas un vilk\u0161anas sp\u0113kus, kas ir piem\u0113roti smagu kravu apstr\u0101dei un sare\u017e\u0123\u012btu darba uzdevumu veik\u0161anai.<\/li>\n<li>Da\u017e\u0101di veidi: Kausa cilindru var izv\u0113l\u0113ties k\u0101 vienk\u0101r\u0161\u0101s darb\u012bbas (hidrauliski tiek izmantots tikai vien\u0101 virzien\u0101) vai divk\u0101r\u0161\u0101s darb\u012bbas (hidrauliski tiek izmantots abos virzienos) cilindrus atbilsto\u0161i pras\u012bb\u0101m, lai apmierin\u0101tu da\u017e\u0101das ekspluat\u0101cijas vajadz\u012bbas. Da\u017ei mode\u013ci ir teleskopiski, kas \u013cauj pan\u0101kt liel\u0101ku pagarin\u0101jumu, nepalielinot \u0101r\u0113jos izm\u0113rus, padarot tos piem\u0113rotus lietojumiem ar ierobe\u017eotu telpu.<\/li>\n<\/ul>\n<p><img decoding=\"async\" src=\"https:\/\/www.hydraulic-cylinders.net\/wp-content\/uploads\/2025\/01\/songte-cylinder-head-with-all-kinds-excavator-models.webp\" alt=\"Kausa cilindra pielietojuma att\u0113ls\"><\/p>\n<h2>Pieteikumi<\/h2>\n<p>JCB maz\u0101 ekskavatora JS370LC kausa cilindrs tiek izmantots da\u017e\u0101da veida iek\u0101rt\u0101s, piem\u0113ram:<\/p>\n<ul>\n<li>B\u016bvniec\u012bbas apr\u012bkojums: ekskavatoros tie ir nepiecie\u0161ami rak\u0161anai, iekrau\u0161anai un augsnes vai gru\u017eu p\u0101rvieto\u0161anai. Ekskavatoros-iekr\u0101v\u0113jos kausa cilindrs pal\u012bdz gan rak\u0161an\u0101, gan cel\u0161an\u0101.<\/li>\n<li>Lauksaimniec\u012bbas tehnika: Izmanto front\u0101lajos iekr\u0101v\u0113jos augsnes, siena un citu materi\u0101lu sav\u0101k\u0161anai, cel\u0161anai un transport\u0113\u0161anai.<\/li>\n<li>Ekskavatori: Kausa cilindrs nodro\u0161ina rak\u0161anas darb\u012bbas, \u013caujot kausam iek\u013c\u016bt augsn\u0113.<\/li>\n<li>Iekr\u0101v\u0113ji: Front\u0101lajos iekr\u0101v\u0113jos tie pal\u012bdz efekt\u012bvi izg\u0101zt un noliekt preces.<\/li>\n<\/ul>\n<h2>Dizaina apsv\u0113rumi un atlases krit\u0113riji<\/h2>\n<p>Projekt\u0113jot cilindra skr\u016bvi, tiek \u0146emti v\u0113r\u0101 vair\u0101ki faktori:<\/p>\n<ul>\n<li>Nestsp\u0113ja: Cilindra konstrukcija nodro\u0161ina, ka tas var iztur\u0113t paredzam\u0101s slodzes un spiedienus.<\/li>\n<li>Bl\u012bv\u0113jums: Lai uztur\u0113tu efekt\u012bvu bl\u012bv\u0113jumu, tiek izmantoti da\u017e\u0101di bl\u012bv\u0113jumi, piem\u0113ram, virzu\u013ca bl\u012bv\u0113jumi un stie\u0146a bl\u012bv\u0113jumi. Bl\u012bv\u0113jumiem tiek izv\u0113l\u0113ts poliuret\u0101ns, nitrila gumija un citi nodilumiztur\u012bgi materi\u0101li.<\/li>\n<li>Iztur\u012bba: Cilindra korpuss un v\u012bt\u0146otie gali ir smalki apstr\u0101d\u0101ti, lai uzlabotu nodilumiztur\u012bbu.<\/li>\n<li>Dro\u0161\u012bba: Dizains ietver dro\u0161\u012bbas funkcijas, lai nov\u0113rstu negad\u012bjumus un nodro\u0161in\u0101tu operatora dro\u0161\u012bbu.<\/li>\n<li>Uzturam\u012bba: Tiek \u0146emta v\u0113r\u0101 vienk\u0101r\u0161a apkope un remonts, izmantojot nomain\u0101mas deta\u013cas un atjauno\u0161anas pakalpojumus.<\/li>\n<\/ul>\n<p><img decoding=\"async\" src=\"https:\/\/www.hydraulic-cylinders.net\/wp-content\/uploads\/2025\/01\/songte-oil-pipes-and-spare-parts.webp\" alt=\"Kausa cilindra deta\u013cu att\u0113ls\"><\/p>\n<h2>Bl\u012bv\u0113\u0161ana un e\u013c\u013co\u0161ana<\/h2>\n<p>Kausa cilindr\u0101 tiek izmantoti da\u017e\u0101di bl\u012bv\u0113jumi, piem\u0113ram, virzu\u013ca bl\u012bv\u0113jumi un stie\u0146a bl\u012bv\u0113jumi, kas izgatavoti no nodilumiztur\u012bgiem materi\u0101liem, piem\u0113ram, poliuret\u0101na un nitrila gumijas. Cilindra korpuss un v\u012bt\u0146otie gali ir smalki apstr\u0101d\u0101ti, lai uzlabotu nodilumiztur\u012bbu. Lai nodro\u0161in\u0101tu vienm\u0113r\u012bgu darb\u012bbu, ir nepiecie\u0161ama regul\u0101ra e\u013c\u013co\u0161ana ar atbilsto\u0161u hidraulisk\u0101s e\u013c\u013cas daudzumu.<\/p>\n<h2>Regul\u0101ra p\u0101rbaude un profilaktisk\u0101 apkope<\/h2>\n<p>Lai uztur\u0113tu kausa cilindra pareizu darb\u012bbu, j\u0101veic regul\u0101ras p\u0101rbaudes un profilaktisk\u0101 apkope. Ieteicami \u0161\u0101di pas\u0101kumi:<\/p>\n<ul>\n<li>Regul\u0101ri p\u0101rbaudiet cilindru, vai nav nodiluma, nopl\u016bdes vai boj\u0101jumu paz\u012bmju.<\/li>\n<li>Nodro\u0161iniet visu kust\u012bgo da\u013cu pien\u0101c\u012bgu e\u013c\u013co\u0161anu.<\/li>\n<li>Nomainiet bl\u012bves ikreiz, kad tas nepiecie\u0161ams, lai saglab\u0101tu efekt\u012bvu bl\u012bv\u0113jumu.<\/li>\n<li>Veiciet kalibr\u0113\u0161anas p\u0101rbaudes, lai nodro\u0161in\u0101tu prec\u012bzu darb\u012bbu.<\/li>\n<\/ul>\n<p><img decoding=\"async\" src=\"https:\/\/www.hydraulic-cylinders.net\/wp-content\/uploads\/2025\/01\/songte-chushion-collar.webp\" alt=\"Kausa cilindra apkopes att\u0113ls\"><\/p>\n<h2>Dro\u0161\u012bbas apsv\u0113rumi un vides faktori<\/h2>\n<p>Izmantojot kausa cilindru, ir svar\u012bgi iev\u0113rot dro\u0161\u012bbas pas\u0101kumus, lai nov\u0113rstu negad\u012bjumus un nodro\u0161in\u0101tu operatora dro\u0161\u012bbu. Lai nodro\u0161in\u0101tu optim\u0101lu cilindra darb\u012bbu un ilgm\u016b\u017e\u012bbu, j\u0101\u0146em v\u0113r\u0101 ar\u012b t\u0101di vides faktori k\u0101 temperat\u016bra un mitrums.<\/p>\n<h2>Boj\u0101jumu diagnostika un bie\u017e\u0101k sastopam\u0101s probl\u0113mas<\/h2>\n<p>Boj\u0101juma gad\u012bjum\u0101 ir svar\u012bgi nekav\u0113joties diagnostic\u0113t un nov\u0113rst probl\u0113mu. Bie\u017ei sastopamas probl\u0113mas ir nopl\u016bde, samazin\u0101ta veiktsp\u0113ja un neparasts troksnis. \u0160ie padomi un risin\u0101jumi var pal\u012bdz\u0113t efekt\u012bvi diagnostic\u0113t un nov\u0113rst probl\u0113mas:<\/p>\n<ul>\n<li>Regul\u0101ri p\u0101rbaudiet, vai nav nopl\u016b\u017eu paz\u012bmju, un nekav\u0113joties nov\u0113rsiet t\u0101s.<\/li>\n<li>P\u0101rbaudiet cilindru, vai nav samazin\u0101ta veiktsp\u0113ja, piem\u0113ram, l\u0113na izstiep\u0161an\u0101s vai ievilk\u0161an\u0101s, un nosakiet galveno c\u0113loni.<\/li>\n<li>Ja tiek konstat\u0113ts neparasts troksnis, izmekl\u0113jiet un nov\u0113rsiet pamatprobl\u0113mu.<\/li>\n<li>Lai mazin\u0101tu iesp\u0113jam\u0101s probl\u0113mas, veiciet prevent\u012bvus pas\u0101kumus.<\/li>\n<\/ul>\n<p><img decoding=\"async\" src=\"https:\/\/www.hydraulic-cylinders.net\/wp-content\/uploads\/2025\/01\/songte-bushings-with-all-kinds-of-excavator-models.webp\" alt=\"Kausa cilindra probl\u0113mu nov\u0113r\u0161anas att\u0113ls\"><\/p>\n<p>Atcerieties lo\u0123iski sak\u0101rtot rakstu, izmantot apak\u0161virsrakstus \u0113rtai navig\u0101cijai, iek\u013caut atbilsto\u0161us att\u0113lus vai diagrammas lab\u0101kai izpratnei un nodro\u0161in\u0101t, lai saturs b\u016btu skaidrs, kodol\u012bgs un piem\u0113rots las\u012bt\u0101jiem ar da\u017e\u0101du tehnisko zin\u0101\u0161anu l\u012bmeni.<\/p>\n<h2>Par m\u016bsu uz\u0146\u0113mumu<\/h2>\n<p>M\u016bsu uz\u0146\u0113mums ir rezerves hidraulisko cilindru ra\u017eot\u0101js un viens no vado\u0161ajiem ra\u017eot\u0101jiem un vairumtirdzniec\u012bbas izplat\u012bt\u0101jiem viet\u0113j\u0101 un starptautiskaj\u0101 tirg\u016b. M\u0113s iev\u0113rojam izcil\u012bbas kvalit\u0101tes principus un sav\u0101s pilnveidotaj\u0101s ra\u017eo\u0161anas darbn\u012bc\u0101s pa\u013caujamies uz industrializ\u0113t\u0101m ra\u017eo\u0161anas vad\u012bbas strat\u0113\u0123ij\u0101m. Izmantojot tehnolo\u0123iskos talantus, digitaliz\u0113tu augstas klases ra\u017eo\u0161anas apr\u012bkojumu un profesion\u0101las test\u0113\u0161anas sist\u0113mas, m\u0113s nep\u0101rtraukti uzlabojam savu ra\u017eo\u0161anas platformu, pilnveidojam ra\u017eo\u0161anas procesu produktu kvalit\u0101tes nodro\u0161in\u0101\u0161anai un mums ir sp\u0113c\u012bgas inov\u0101ciju iesp\u0113jas. M\u016bsu m\u0113r\u0137is ir apmierin\u0101t da\u017e\u0101das klientu vajadz\u012bbas ar augstu efektivit\u0101ti, precizit\u0101ti un kvalit\u0101ti.<\/p>\n<p><img decoding=\"async\" src=\"https:\/\/hzpt.com\/wp-content\/uploads\/2024\/11\/songte-company-1.webp\" alt=\"Uz\u0146\u0113muma t\u0113ls\"><\/p>\n<h3>Profesionalit\u0101te<\/h3>\n<p>K\u0101 hidraulisko cilindru eksperti, m\u0113s esam ap\u0146\u0113mu\u0161ies pieg\u0101d\u0101t produktus un pakalpojumus atbilsto\u0161i augst\u0101kajiem profesion\u0101lajiem standartiem.<\/p>\n<h3>Starptautisk\u0101s sertifik\u0101cijas<\/h3>\n<p>M\u016bsu produkti atbilst starptautiskajiem sertifik\u0101tiem un standartiem, kas garant\u0113 to kvalit\u0101ti un uzticam\u012bbu.<\/p>\n<h3>Piel\u0101go\u0161anas pakalpojumi<\/h3>\n<p>M\u0113s pied\u0101v\u0101jam piel\u0101go\u0161anas pakalpojumus, lai apmierin\u0101tu m\u016bsu klientu \u012bpa\u0161\u0101s pras\u012bbas, nodro\u0161inot individu\u0101li piel\u0101gotus risin\u0101jumus.<\/p>\n<h3>Uzlabots ra\u017eo\u0161anas apr\u012bkojums<\/h3>\n<p>Mums ir uzlabotas ra\u017eo\u0161anas iek\u0101rtas, lai nodro\u0161in\u0101tu m\u016bsu hidraulisko cilindru precizit\u0101ti un kvalit\u0101ti.<\/p>\n<h3>P\u0113cp\u0101rdo\u0161anas serviss<\/h3>\n<p>M\u0113s pied\u0101v\u0101jam visaptvero\u0161us p\u0113cp\u0101rdo\u0161anas pakalpojumus, pied\u0101v\u0101jot rezerves da\u013cas un remonta pakalpojumus, lai pagarin\u0101tu m\u016bsu hidraulisko cilindru kalpo\u0161anas laiku.<\/p>\n<p><img decoding=\"async\" src=\"https:\/\/www.hydraulic-cylinders.net\/wp-content\/uploads\/2025\/01\/songte-company-3.webp\" alt=\"Uz\u0146\u0113muma t\u0113ls\"><\/p>\n<p>Autors: lil<\/p>","protected":false},"excerpt":{"rendered":"<p>Bucket Cylinder For JCB Small Excavator JS370LC Introduction The bucket cylinder for JCB small excavator JS370LC is a specially designed hydraulic cylinder that is used to control the movement of the bucket in heavy machinery such as excavators, backhoe loaders, and front loaders. Its main function is to allow the bucket to be lifted, lowered, [&hellip;]<\/p>","protected":false},"featured_media":14778,"comment_status":"open","ping_status":"closed","template":"","meta":{"_et_pb_use_builder":"","_et_pb_old_content":"","_et_gb_content_width":""},"product_brand":[],"product_cat":[1494],"product_tag":[1495,1496],"class_list":{"0":"post-15199","1":"product","2":"type-product","3":"status-publish","4":"has-post-thumbnail","6":"product_cat-bucket-cylinders","7":"product_tag-bucket-cylinders","8":"product_tag-hydraulic-cylinders","10":"first","11":"instock","12":"shipping-taxable","13":"product-type-simple"},"amp_enabled":true,"_links":{"self":[{"href":"https:\/\/www.hydraulic-cylinders.net\/lv\/wp-json\/wp\/v2\/product\/15199","targetHints":{"allow":["GET"]}}],"collection":[{"href":"https:\/\/www.hydraulic-cylinders.net\/lv\/wp-json\/wp\/v2\/product"}],"about":[{"href":"https:\/\/www.hydraulic-cylinders.net\/lv\/wp-json\/wp\/v2\/types\/product"}],"replies":[{"embeddable":true,"href":"https:\/\/www.hydraulic-cylinders.net\/lv\/wp-json\/wp\/v2\/comments?post=15199"}],"wp:featuredmedia":[{"embeddable":true,"href":"https:\/\/www.hydraulic-cylinders.net\/lv\/wp-json\/wp\/v2\/media\/14778"}],"wp:attachment":[{"href":"https:\/\/www.hydraulic-cylinders.net\/lv\/wp-json\/wp\/v2\/media?parent=15199"}],"wp:term":[{"taxonomy":"product_brand","embeddable":true,"href":"https:\/\/www.hydraulic-cylinders.net\/lv\/wp-json\/wp\/v2\/product_brand?post=15199"},{"taxonomy":"product_cat","embeddable":true,"href":"https:\/\/www.hydraulic-cylinders.net\/lv\/wp-json\/wp\/v2\/product_cat?post=15199"},{"taxonomy":"product_tag","embeddable":true,"href":"https:\/\/www.hydraulic-cylinders.net\/lv\/wp-json\/wp\/v2\/product_tag?post=15199"}],"curies":[{"name":"wp","href":"https:\/\/api.w.org\/{rel}","templated":true}]}}