{"id":1520,"date":"2023-09-27T09:31:49","date_gmt":"2023-09-27T09:31:49","guid":{"rendered":"https:\/\/hydraulic-cylinders.net\/?post_type=product&#038;p=1520"},"modified":"2025-04-11T03:26:00","modified_gmt":"2025-04-11T03:26:00","slug":"aerial-work-platform-rotary-actuator","status":"publish","type":"product","link":"https:\/\/www.hydraulic-cylinders.net\/lv\/products\/aerial-work-platform-rotary-actuator\/","title":{"rendered":"Pac\u0113l\u0101ja darba platformas rot\u0101cijas piedzi\u0146a"},"content":{"rendered":"<h1 style=\"text-align: center;\"><strong>Pac\u0113l\u0101ja darba platformas rot\u0101cijas piedzi\u0146a<\/strong><\/h1>\n<p><img loading=\"lazy\" decoding=\"async\" class=\"size-medium wp-image-1521 aligncenter\" src=\"https:\/\/hydraulic-cylinders.net\/wp-content\/uploads\/2023\/09\/rotary-actuator-1-2-300x300.webp\" alt=\"\" width=\"300\" height=\"300\" \/><\/p>\n<p>HBM s\u0113rijas rot\u0101cijas piedzi\u0146a ir neatkar\u012bgi izstr\u0101d\u0101ta rot\u0101cijas piedzi\u0146a artikul\u0113tu pac\u0113l\u0101ju darba platformu roku vad\u012bbai. Atbilsto\u0161i klienta uzst\u0101d\u012b\u0161anas un veiktsp\u0113jas pras\u012bb\u0101m var tikt realiz\u0113ts atbilsto\u0161s piel\u0101gots dizains, lai nodro\u0161in\u0101tu darb\u012bbas piel\u0101gojam\u012bbu un elast\u012bbu.<\/p>\n<p>Pamatojoties uz metrisk\u0101s vien\u012bbas dizainu, unik\u0101lais bl\u012bv\u0113jums un konstrukcija nodro\u0161ina zemu berzes koeficientu un augstu izejas griezes momentu. Turkl\u0101t gal\u012bgo elementu anal\u012bze un iztur\u012bbas testi veicina produkta stabilit\u0101ti un uzticam\u012bbu. Sal\u012bdzinot ar l\u012bdz\u012bgiem produktiem tirg\u016b, HBM s\u0113rijas rot\u0101cijas izpildmeh\u0101nismam ar t\u0101du pa\u0161u produkta izm\u0113ru izejas griezes moments ir palielin\u0101ts par 10% ~ 20%, plais\u0101\u0161anas spiediens ir samazin\u0101ts par 50%, darb\u012bba ir stabila, efektivit\u0101te ir augst\u0101ka, plais\u0101\u0161anas spiediens ir lab\u0101ks un visbeidzot nodro\u0161ina augstkalnu darba platformas dro\u0161u, uzticamu un efekt\u012bvu darbu.<\/p>\n<p>Darba platformas rot\u0113jo\u0161\u0101s piedzi\u0146as galven\u0101s \u012bpa\u0161\u012bbas:<\/p>\n<ol>\n<li><strong>Zems berzes koeficients:<\/strong><\/li>\n<\/ol>\n<ul>\n<li>HBM s\u0113rijas rot\u0113jo\u0161\u0101s piedzi\u0146as kritiski svar\u012bg\u0101 sast\u0101vda\u013ca \u2014 spir\u0101lveida rievas rot\u0101cijai un griezes momenta p\u0101rvadei.<br \/>\nraksturo izcila precizit\u0101te, l\u012bdzsvarots sprieguma sadal\u012bjums un stabila transmisija. Pateicoties zemas berzes aksi\u0101lajiem gult\u0146iem un unik\u0101lajai bl\u012bv\u0113\u0161anas sist\u0113mas konstrukcijai, HBM s\u0113rijas rot\u0101cijas izpildmeh\u0101nismam ir zems berzes koeficients transmisijas laik\u0101.<\/li>\n<\/ul>\n<ol start=\"2\">\n<li><strong>Augsts izejas griezes moments:<\/strong><\/li>\n<\/ol>\n<ul>\n<li>Pateicoties nep\u0101rtrauktiem inovat\u012bviem p\u0113t\u012bjumiem un valid\u0101cij\u0101m, HBM s\u0113rijas rot\u0101cijas izpildmeh\u0101nisms ir kompakti izstr\u0101d\u0101ts, lai piln\u012bb\u0101 izmantotu ierobe\u017eoto iek\u0161\u0113jo telpu un p\u0101rraid\u012btu augstu izejas griezes momentu, izmantojot \u0161\u0137idruma spiedienu. Sal\u012bdzinot ar l\u012bdz\u012bgiem produktiem, HBM s\u0113rijas rot\u0101cijas izpildmeh\u0101nisms nodro\u0161ina par 10% l\u012bdz 20% liel\u0101ku izejas griezes momentu pie t\u0101da pa\u0161a produkta izm\u0113ra.<\/li>\n<\/ul>\n<ol start=\"3\">\n<li><strong>Ilgs kalpo\u0161anas laiks:<\/strong><\/li>\n<\/ol>\n<ul>\n<li>Projekt\u0113\u0161anas proces\u0101, izmantojot gal\u012bgo apr\u0113\u0137inu programmat\u016bru, tiek veikta visaptvero\u0161a HBM rot\u0113jo\u0161\u0101 izpildmeh\u0101nisma katra izm\u0113ra anal\u012bze un apr\u0113\u0137ini. Turkl\u0101t nep\u0101rtraukti tiek veikta produktu optimiz\u0101cija, lai nodro\u0161in\u0101tu, ka katrs produkta izm\u0113rs atbilst ilgm\u016b\u017e\u012bbas pras\u012bb\u0101m.<\/li>\n<li>Papildus regul\u0101raj\u0101m r\u016bpn\u012bcas p\u0101rbaud\u0113m ir pieejami divi speci\u0101li rot\u0113jo\u0161o aktuatoru iztur\u012bbas testa stendi testiem atbilsto\u0161i klienta un lietojuma pras\u012bb\u0101m, nodro\u0161inot izcilu iztur\u012bbu un ilgu kalpo\u0161anas laiku.<\/li>\n<\/ul>\n<h2><strong>Darba platformas rot\u0113jo\u0161\u0101s piedzi\u0146as parametrs:<\/strong><\/h2>\n<table border=\"1\" cellspacing=\"0\" cellpadding=\"0\">\n<tbody>\n<tr>\n<td>Produkta nosaukums<\/td>\n<td>Pac\u0113l\u0101ja darba platformas rot\u0101cijas piedzi\u0146a<\/td>\n<\/tr>\n<tr>\n<td>Funkcijas:<\/td>\n<td>Saprotiet platformas un klo\u0137v\u0101rpstas \u0161\u016bpo\u0161anos<\/td>\n<\/tr>\n<tr>\n<td>Griezes moments:<\/td>\n<td>500\uff5e5000Nm<\/td>\n<\/tr>\n<tr>\n<td>\u0160\u016bpoles le\u0146\u0137is:<\/td>\n<td>0\uff5e360\u00b0<\/td>\n<\/tr>\n<tr>\n<td>Spiediens:<\/td>\n<td>21MPa (standarta darba spiediens)<\/td>\n<\/tr>\n<tr>\n<td>Rot\u0101cijas piedzi\u0146as pielietojumi:<\/td>\n<td>Pac\u0113l\u0101ja darba platforma<\/td>\n<\/tr>\n<\/tbody>\n<\/table>\n<h2><strong>Darba platformas identifik\u0101cijas sh\u0113ma:<\/strong><\/h2>\n<p><img loading=\"lazy\" decoding=\"async\" class=\"alignnone wp-image-1517 size-full\" src=\"https:\/\/hydraulic-cylinders.net\/wp-content\/uploads\/2023\/09\/aerial-work-platform-cylinder-construct.webp\" alt=\"\" width=\"600\" height=\"400\" srcset=\"https:\/\/hydraulic-cylinders.net\/wp-content\/uploads\/2023\/09\/aerial-work-platform-cylinder-construct.webp 600w, https:\/\/hydraulic-cylinders.net\/wp-content\/uploads\/2023\/09\/aerial-work-platform-cylinder-construct-480x320.webp 480w\" sizes=\"(min-width: 0px) and (max-width: 480px) 480px, (min-width: 481px) 600px, 100vw\" \/><\/p>\n<h2><strong>Darba platformas rot\u0113jo\u0161\u0101s piedzi\u0146as izm\u0113rs un specifik\u0101cija:<\/strong><\/h2>\n<p><img loading=\"lazy\" decoding=\"async\" class=\"alignnone wp-image-1522 size-full\" src=\"https:\/\/hydraulic-cylinders.net\/wp-content\/uploads\/2023\/09\/rotary-actuator-2.webp\" alt=\"\" width=\"729\" height=\"992\" srcset=\"https:\/\/hydraulic-cylinders.net\/wp-content\/uploads\/2023\/09\/rotary-actuator-2.webp 729w, https:\/\/hydraulic-cylinders.net\/wp-content\/uploads\/2023\/09\/rotary-actuator-2-480x653.webp 480w\" sizes=\"(min-width: 0px) and (max-width: 480px) 480px, (min-width: 481px) 729px, 100vw\" \/><\/p>\n<h2><strong>Darba platformas rot\u0101cijas piedzi\u0146as lieto\u0161anas metode:<\/strong><\/h2>\n<ol>\n<li><strong>Piedzi\u0146as uzst\u0101d\u012b\u0161ana:<\/strong><\/li>\n<\/ol>\n<ul>\n<li>Lai pareizi uzst\u0101d\u012btu pac\u0113l\u0101ja darba platformas rot\u0101cijas aktuatoru, iev\u0113rojiet ra\u017eot\u0101ja nor\u0101d\u012bjumus.<\/li>\n<li>P\u0101rliecinieties, vai izpildmeh\u0101nisms ir dro\u0161i piestiprin\u0101ts pie pac\u0113l\u0101ja darba platformas konstrukcijas, nodro\u0161inot stabilu un uzticamu savienojumu.<\/li>\n<\/ul>\n<ol start=\"2\">\n<li><strong>Elektriskais un hidrauliskais savienojums:<\/strong><\/li>\n<\/ol>\n<ul>\n<li>Pievienojiet izpildmeh\u0101nismu pac\u0113l\u0101ja elektriskaj\u0101m un hidrauliskaj\u0101m sist\u0113m\u0101m saska\u0146\u0101 ar sniegtaj\u0101m vadl\u012bnij\u0101m.<\/li>\n<li>P\u0101rliecinieties, vai visi savienojumi ir dro\u0161i un pareizi nosl\u0113gti, lai nov\u0113rstu nopl\u016bdes vai elektrisk\u0101s sist\u0113mas darb\u012bbas trauc\u0113jumus.<\/li>\n<\/ul>\n<ol start=\"3\">\n<li><strong>Rot\u0101cijas kontrole:<\/strong><\/li>\n<\/ol>\n<ul>\n<li>Izmantojiet vad\u012bbas paneli vai saskarni, lai vad\u012btu pace\u013cam\u0101s darba platformas rot\u0101cijas kust\u012bbu.<\/li>\n<li>Lai nodro\u0161in\u0101tu vienm\u0113r\u012bgu un prec\u012bzu rot\u0101ciju, iev\u0113rojiet ieteicam\u0101s darb\u012bbas proced\u016bras un dro\u0161\u012bbas vadl\u012bnijas.<\/li>\n<\/ul>\n<ol start=\"4\">\n<li><strong>Dro\u0161\u012bbas apsv\u0113rumi:<\/strong><\/li>\n<\/ol>\n<ul>\n<li>Pirms pace\u013cam\u0101s darba platformas lieto\u0161anas iepaz\u012bstieties ar dro\u0161\u012bbas funkcij\u0101m un \u0101rk\u0101rtas proced\u016br\u0101m.<\/li>\n<li>Nodro\u0161iniet, lai visi operatori sa\u0146emtu atbilsto\u0161u apm\u0101c\u012bbu par platformas un pac\u0113l\u0101ja darba platformas rot\u0113jo\u0161\u0101 piedzi\u0146as dro\u0161u ekspluat\u0101ciju.<\/li>\n<\/ul>\n<h2><strong>K\u0101 atgaisot hidraulisko sist\u0113mu?<\/strong><\/h2>\n<p>Hidraulisk\u0101s sist\u0113mas atgaiso\u0161ana ir svar\u012bga apkopes proced\u016bra, lai nodro\u0161in\u0101tu optim\u0101lu veiktsp\u0113ju un nov\u0113rstu porainu vai nevienm\u0113r\u012bgu hidraulisko darb\u012bbu. \u0160eit ir sniegta detaliz\u0113ta instrukcija par to, k\u0101 atgaisot hidraulisko sist\u0113mu:<\/p>\n<ol>\n<li><strong>Identific\u0113jiet asi\u0146o\u0161anas punktus:<\/strong><\/li>\n<\/ol>\n<ul>\n<li>Atrodiet hidraulisk\u0101s sist\u0113mas izpl\u016bdes punktus. Tie parasti atrodas pie augstas ener\u0123ijas, piem\u0113ram, hidraulisko cilindru, vad\u012bbas v\u0101rstu vai s\u016bk\u0146u rezervu\u0101ru aug\u0161pus\u0113.<\/li>\n<li>Lai noteiktu konkr\u0113t\u0101s sist\u0113mas izpl\u016bdes vietas, skatiet hidraulisk\u0101s sist\u0113mas rokasgr\u0101matu vai ra\u017eot\u0101ja nor\u0101d\u012bjumus.<\/li>\n<\/ul>\n<ol start=\"2\">\n<li><strong>Sagatavojiet sist\u0113mu:<\/strong><\/li>\n<\/ol>\n<ul>\n<li>Izsl\u0113dziet hidraulisk\u0101s sist\u0113mas baro\u0161anu un samaziniet spiedienu, nolai\u017eot vai ievelkot hidrauliskos cilindrus vai atbr\u012bvojot spiediena v\u0101rstu.<\/li>\n<li>P\u0101rliecinieties, ka jums ir nepiecie\u0161amie instrumenti un dro\u0161\u012bbas apr\u012bkojums asi\u0146o\u0161anas procesa veik\u0161anai, tostarp aizsargbrilles un cimdi.<\/li>\n<\/ul>\n<ol start=\"3\">\n<li><strong>Novietojiet sav\u0101k\u0161anas konteineru:<\/strong><\/li>\n<\/ol>\n<ul>\n<li>Novietojiet piem\u0113rotu trauku vai notekas pannu zem atgaiso\u0161anas vietas, lai sav\u0101ktu hidraulisko \u0161\u0137idrumu, kas var\u0113tu izpl\u016bst atgaiso\u0161anas procesa laik\u0101.<\/li>\n<li>Tas pal\u012bdz\u0113s nov\u0113rst nopl\u016bdes un uztur\u0113t darba zonu t\u012bru.<\/li>\n<\/ul>\n<ol start=\"4\">\n<li><strong>Atveriet iztuk\u0161o\u0161anas v\u0101rstu:<\/strong><\/li>\n<\/ol>\n<ul>\n<li>L\u0113n\u0101m un da\u013c\u0113ji atveriet atgaiso\u0161anas v\u0101rstu nor\u0101d\u012btaj\u0101 atgaiso\u0161anas viet\u0101, izmantojot atbilsto\u0161u uzgrie\u017e\u0146u atsl\u0113gu vai instrumentu.<\/li>\n<li>\u0160aj\u0101 posm\u0101 esiet uzman\u012bgi, lai piln\u012bb\u0101 neno\u0146emtu v\u0101rstu; t\u0101 viet\u0101 izveidojiet nelielu atveri, lai izpl\u016bstu gaiss un \u0161\u0137idrums.<\/li>\n<\/ul>\n<ol start=\"5\">\n<li><strong>S\u0101kt asi\u0146o\u0161anu:<\/strong><\/li>\n<\/ol>\n<ul>\n<li>Kad atgaiso\u0161anas v\u0101rsts ir da\u013c\u0113ji atv\u0113rts, aktiviz\u0113jiet hidraulisko sist\u0113mu, to iesl\u0113dzot vai darbinot attiec\u012bg\u0101s vad\u012bbas ier\u012bces.<\/li>\n<li>\u013baujiet hidrauliskajam \u0161\u0137idrumam pl\u016bst cauri sist\u0113mai, izspie\u017eot visus iesprostotos gaisa burbu\u013cus. J\u016bs paman\u012bsiet, ka gaiss un \u0161\u0137idrums izpl\u016bst caur da\u013c\u0113ji atv\u0113rtu atgaiso\u0161anas v\u0101rstu.<\/li>\n<\/ul>\n<ol start=\"6\">\n<li><strong>Uzraudz\u012bt un atk\u0101rtot:<\/strong><\/li>\n<\/ol>\n<ul>\n<li>Uzraugiet \u0161\u0137idruma pl\u016bsmu un nov\u0113rojiet visus gaisa burbu\u013cus, kas izpl\u016bst no izpl\u016bdes v\u0101rsta.<\/li>\n<li>Kad \u0161\u0137idruma pl\u016bsma ir vienm\u0113r\u012bga un bez gaisa burbu\u013ciem, cie\u0161i aizveriet atgaiso\u0161anas v\u0101rstu, lai nov\u0113rstu turpm\u0101ku gaisa iek\u013c\u016b\u0161anu sist\u0113m\u0101.<\/li>\n<li>Ja gaisa burbu\u013ci joproj\u0101m past\u0101v, atk\u0101rtojiet atgaiso\u0161anas procesu, v\u0113lreiz da\u013c\u0113ji atverot atgaiso\u0161anas v\u0101rstu un \u013caujot cauri pl\u016bst vair\u0101k \u0161\u0137idruma, l\u012bdz gaiss ir izvad\u012bts.<\/li>\n<\/ul>\n<ol start=\"7\">\n<li><strong>P\u0101rbaudiet \u0161\u0137idruma l\u012bmeni:<\/strong><\/li>\n<\/ol>\n<ul>\n<li>P\u0113c gaisa izlai\u0161anas p\u0101rbaudiet hidraulisk\u0101 \u0161\u0137idruma l\u012bmeni sist\u0113mas rezervu\u0101r\u0101 vai tvertn\u0113.<\/li>\n<li>Ja nepiecie\u0161ams, pievienojiet papildu \u0161\u0137idrumu, lai uztur\u0113tu ieteicamo \u0161\u0137idruma l\u012bmeni.<\/li>\n<\/ul>\n<ol start=\"8\">\n<li><strong>P\u0101rbaude un verifik\u0101cija:<\/strong><\/li>\n<\/ol>\n<ul>\n<li>Kad atgaiso\u0161anas process ir pabeigts un hidraulisk\u0101 sist\u0113ma ir salikta atpaka\u013c, p\u0101rbaudiet sist\u0113mas darb\u012bbu, lai nodro\u0161in\u0101tu vienm\u0113r\u012bgu un nemain\u012bgu hidraulisko darb\u012bbu.<\/li>\n<li>P\u0101rliecinieties, vai nav neparastu ska\u0146u vai vibr\u0101ciju un vai sist\u0113ma pareizi rea\u0123\u0113 uz vad\u012bbas ievad\u0113m.<\/li>\n<\/ul>\n<h2><strong>R\u016bpn\u012bcas iesp\u0113jas un jauda:<\/strong><\/h2>\n<h3>(1) Mont\u0101\u017ea<\/h3>\n<p>Mums ir pirmklas\u012bga neatkar\u012bga p\u0113tniec\u012bbas un att\u012bst\u012bbas mont\u0101\u017eas platforma. Hidraulisko cilindru ra\u017eo\u0161anas darbn\u012bc\u0101 ir \u010detras pusautom\u0101tiskas pacel\u0161anas cilindru mont\u0101\u017eas l\u012bnijas un viena autom\u0101tisk\u0101 sl\u012bpuma cilindru mont\u0101\u017eas l\u012bnija ar projekt\u0113to gada ra\u017eo\u0161anas jaudu 1 miljons vien\u012bbu. Speci\u0101lo cilindru darbn\u012bca ir apr\u012bkota ar da\u017e\u0101du specifik\u0101ciju pusautom\u0101tisku t\u012br\u012b\u0161anas mont\u0101\u017eas sist\u0113mu ar projekt\u0113to gada ra\u017eo\u0161anas jaudu 200 000 vien\u012bbu un apr\u012bkota ar slaven\u0101m CNC apstr\u0101des iek\u0101rt\u0101m, apstr\u0101des centru, augstas precizit\u0101tes cilindru apstr\u0101des speci\u0101lo apr\u012bkojumu, robotiz\u0113tu metin\u0101\u0161anas iek\u0101rtu, autom\u0101tisku t\u012br\u012b\u0161anas iek\u0101rtu, autom\u0101tisku cilindru mont\u0101\u017eas iek\u0101rtu un autom\u0101tisku kr\u0101so\u0161anas ra\u017eo\u0161anas l\u012bniju. Eso\u0161ais kritiskais apr\u012bkojums ir vair\u0101k nek\u0101 300 komplektu (komplektu). Optim\u0101la iek\u0101rtu resursu sadale un efekt\u012bva izmanto\u0161ana nodro\u0161ina produktu precizit\u0101tes pras\u012bbas un apmierina produktu augst\u0101s kvalit\u0101tes pras\u012bbas.<\/p>\n<p><img loading=\"lazy\" decoding=\"async\" class=\"alignnone wp-image-626\" src=\"https:\/\/hydraulic-cylinders.net\/wp-content\/uploads\/2023\/08\/hydraulic-cylinder-product-1-300x158.webp\" alt=\"\" width=\"495\" height=\"260\" srcset=\"https:\/\/hydraulic-cylinders.net\/wp-content\/uploads\/2023\/08\/hydraulic-cylinder-product-1-300x158.webp 495w, https:\/\/hydraulic-cylinders.net\/wp-content\/uploads\/2023\/08\/hydraulic-cylinder-product-1-480x252.webp 480w\" sizes=\"(min-width: 0px) and (max-width: 480px) 480px, (min-width: 481px) 495px, 100vw\" \/> <img loading=\"lazy\" decoding=\"async\" class=\"alignnone wp-image-627\" src=\"https:\/\/hydraulic-cylinders.net\/wp-content\/uploads\/2023\/08\/hydraulic-cylinder-product-2-300x189.webp\" alt=\"\" width=\"413\" height=\"260\" \/><\/p>\n<h3>(2) Apstr\u0101de<\/h3>\n<p>Apstr\u0101des cehs ir apr\u012bkots ar piel\u0101gotu sl\u012bpo slie\u017eu virpo\u0161anas centru, apstr\u0101des centru, \u0101trgaitas asin\u0101\u0161anas ma\u0161\u012bnu, metin\u0101\u0161anas robotu un citu saist\u012btu apr\u012bkojumu, kas var apstr\u0101d\u0101t cilindriskas caurules ar maksim\u0101lo iek\u0161\u0113jo diametru 400 mm un maksim\u0101lo garumu 6 metri.<\/p>\n<p><img loading=\"lazy\" decoding=\"async\" class=\"alignnone wp-image-628 size-large\" src=\"https:\/\/hydraulic-cylinders.net\/wp-content\/uploads\/2023\/08\/hydraulic-cylinder-product-3-1024x391.webp\" alt=\"\" width=\"1024\" height=\"391\" srcset=\"https:\/\/hydraulic-cylinders.net\/wp-content\/uploads\/2023\/08\/hydraulic-cylinder-product-3-980x374.webp 980w, https:\/\/hydraulic-cylinders.net\/wp-content\/uploads\/2023\/08\/hydraulic-cylinder-product-3-480x183.webp 480w\" sizes=\"(min-width: 0px) and (max-width: 480px) 480px, (min-width: 481px) and (max-width: 980px) 980px, (min-width: 981px) 1024px, 100vw\" \/><\/p>\n<h3>(3) Metin\u0101\u0161ana<\/h3>\n<p><img loading=\"lazy\" decoding=\"async\" class=\"alignnone wp-image-629 size-large\" src=\"https:\/\/hydraulic-cylinders.net\/wp-content\/uploads\/2023\/08\/hydraulic-cylinder-product-4-1024x510.webp\" alt=\"\" width=\"1024\" height=\"510\" srcset=\"https:\/\/hydraulic-cylinders.net\/wp-content\/uploads\/2023\/08\/hydraulic-cylinder-product-4-980x488.webp 980w, https:\/\/hydraulic-cylinders.net\/wp-content\/uploads\/2023\/08\/hydraulic-cylinder-product-4-480x239.webp 480w\" sizes=\"(min-width: 0px) and (max-width: 480px) 480px, (min-width: 481px) and (max-width: 980px) 980px, (min-width: 981px) 1024px, 100vw\" \/><\/p>\n<h3>(4) Kr\u0101so\u0161ana un p\u0101rkl\u0101\u0161ana<\/h3>\n<p>Ar maz\u0101m un vid\u0113ja izm\u0113ra cilindrisk\u0101m autom\u0101tisk\u0101m \u016bdens b\u0101zes kr\u0101su p\u0101rkl\u0101\u0161anas l\u012bnij\u0101m, lai pan\u0101ktu autom\u0101tisku robotu iekrau\u0161anu un izkrau\u0161anu un autom\u0101tisku izsmidzin\u0101\u0161anu, projekt\u0113t\u0101 jauda ir 4000 gabali mai\u0146\u0101;<br \/>\nMums ir ar\u012b pusautom\u0101tiska kr\u0101su ra\u017eo\u0161anas l\u012bnija lieliem baloniem, ko darbina \u0137\u0113des piedzi\u0146a, ar 60 kastu konstrukcijas jaudu vien\u0101 mai\u0146\u0101.<\/p>\n<p><img loading=\"lazy\" decoding=\"async\" class=\"alignnone wp-image-630\" src=\"https:\/\/hydraulic-cylinders.net\/wp-content\/uploads\/2023\/08\/hydraulic-cylinder-product-5-300x213.webp\" alt=\"\" width=\"366\" height=\"260\" \/> <img loading=\"lazy\" decoding=\"async\" class=\"alignnone wp-image-631\" src=\"https:\/\/hydraulic-cylinders.net\/wp-content\/uploads\/2023\/08\/hydraulic-cylinder-product-6-300x225.webp\" alt=\"\" width=\"347\" height=\"260\" \/><\/p>\n<h3>(5) Test\u0113\u0161ana<\/h3>\n<p>Mums ir augst\u0101k\u0101s klases p\u0101rbaudes iek\u0101rtas un test\u0113\u0161anas stendi, lai nodro\u0161in\u0101tu, ka balona veiktsp\u0113ja atbilst pras\u012bb\u0101m.<\/p>\n<p><img loading=\"lazy\" decoding=\"async\" class=\"alignnone wp-image-632\" src=\"https:\/\/hydraulic-cylinders.net\/wp-content\/uploads\/2023\/08\/hydraulic-cylinder-product-8-300x200.webp\" alt=\"\" width=\"389\" height=\"260\" \/><\/p>\n<p>&nbsp;<\/p>\n<p>&nbsp;<\/p>\n<p>M\u0113s esam viens no lab\u0101kajiem hidraulisko cilindru ra\u017eot\u0101jiem. M\u0113s varam pied\u0101v\u0101t visaptvero\u0161us hidrauliskos cilindrus. M\u0113s nodro\u0161in\u0101m ar\u012b atbilsto\u0161us <a href=\"https:\/\/hzpt.com\/agricultural-pto-gearbox\/\" target=\"_blank\" rel=\"noopener\">lauksaimniec\u012bbas p\u0101rnesumk\u0101rbas<\/a>. M\u0113s esam eksport\u0113ju\u0161i savus produktus klientiem vis\u0101 pasaul\u0113 un esam ieguvu\u0161i labu reput\u0101ciju, pateicoties m\u016bsu izcilajai produktu kvalit\u0101tei un p\u0113cp\u0101rdo\u0161anas servisam. M\u0113s aicin\u0101m klientus no valsts un \u0101rvalst\u012bm sazin\u0101ties ar mums, lai risin\u0101tu biznesa sarunas, apmain\u012btos ar inform\u0101ciju un... <a href=\"https:\/\/www.hydraulic-cylinders.net\/lv\/contact-us\/\">sadarboties ar mums<\/a>!<\/p>","protected":false},"excerpt":{"rendered":"<p>Aerial Work Platform Rotary Actuator HBM series rotary actuator is a rotary actuator independently designed and developed for the arms control of articulated aerial work platforms. According to customer installation and performance requirements, the corresponding customized design can be realized to ensure the adaptability and flexibility of operation. Based on the metric unit design, the [&hellip;]<\/p>","protected":false},"featured_media":1523,"comment_status":"open","ping_status":"closed","template":"","meta":{"_et_pb_use_builder":"","_et_pb_old_content":"","_et_gb_content_width":""},"product_brand":[],"product_cat":[1500,1550,1376],"product_tag":[1380],"class_list":{"0":"post-1520","1":"product","2":"type-product","3":"status-publish","4":"has-post-thumbnail","6":"product_cat-aerial-work-vehicle-hydraulic-cylinder","7":"product_cat-double-acting-hydraulic-cylinder","8":"product_cat-hydraulic-cylinder","9":"product_tag-hydraulic-cylinder","11":"first","12":"instock","13":"shipping-taxable","14":"product-type-simple"},"amp_enabled":true,"_links":{"self":[{"href":"https:\/\/www.hydraulic-cylinders.net\/lv\/wp-json\/wp\/v2\/product\/1520","targetHints":{"allow":["GET"]}}],"collection":[{"href":"https:\/\/www.hydraulic-cylinders.net\/lv\/wp-json\/wp\/v2\/product"}],"about":[{"href":"https:\/\/www.hydraulic-cylinders.net\/lv\/wp-json\/wp\/v2\/types\/product"}],"replies":[{"embeddable":true,"href":"https:\/\/www.hydraulic-cylinders.net\/lv\/wp-json\/wp\/v2\/comments?post=1520"}],"wp:featuredmedia":[{"embeddable":true,"href":"https:\/\/www.hydraulic-cylinders.net\/lv\/wp-json\/wp\/v2\/media\/1523"}],"wp:attachment":[{"href":"https:\/\/www.hydraulic-cylinders.net\/lv\/wp-json\/wp\/v2\/media?parent=1520"}],"wp:term":[{"taxonomy":"product_brand","embeddable":true,"href":"https:\/\/www.hydraulic-cylinders.net\/lv\/wp-json\/wp\/v2\/product_brand?post=1520"},{"taxonomy":"product_cat","embeddable":true,"href":"https:\/\/www.hydraulic-cylinders.net\/lv\/wp-json\/wp\/v2\/product_cat?post=1520"},{"taxonomy":"product_tag","embeddable":true,"href":"https:\/\/www.hydraulic-cylinders.net\/lv\/wp-json\/wp\/v2\/product_tag?post=1520"}],"curies":[{"name":"wp","href":"https:\/\/api.w.org\/{rel}","templated":true}]}}