{"id":15200,"date":"2025-01-19T14:13:46","date_gmt":"2025-01-19T14:13:46","guid":{"rendered":"https:\/\/www.hydraulic-cylinders.net\/product\/bucket-cylinder-for-caterpillar-small-excavator-e70-70b\/"},"modified":"2025-01-19T14:13:54","modified_gmt":"2025-01-19T14:13:54","slug":"bucket-cylinder-for-caterpillar-small-excavator-e70-70b","status":"publish","type":"product","link":"https:\/\/www.hydraulic-cylinders.net\/lv\/products\/bucket-cylinder-for-caterpillar-small-excavator-e70-70b\/","title":{"rendered":"Kausa cilindrs Caterpillar mazajam ekskavatoram E70\/70B"},"content":{"rendered":"<h1>Kausa cilindrs Caterpillar mazajam ekskavatoram E70\/70B<\/h1>\n<h2>Ievads<\/h2>\n<p>Kausa cilindrs ir speci\u0101li izstr\u0101d\u0101ts hidrauliskais cilindrs, ko galvenok\u0101rt izmanto, lai kontrol\u0113tu kausa kust\u012bbu smagaj\u0101s ma\u0161\u012bn\u0101s, piem\u0113ram, ekskavatoros, univers\u0101lajos iekr\u0101v\u0113jos un front\u0101lajos iekr\u0101v\u0113jos. T\u0101 galven\u0101 funkcija ir nodro\u0161in\u0101t kausa pacel\u0161anas, nolai\u0161anas un noliek\u0161anas darb\u012bbu veik\u0161anu, padarot to \u0113rtu da\u017e\u0101diem materi\u0101lu apstr\u0101des uzdevumiem. Hidrauliskaj\u0101 sist\u0113m\u0101 kausa cilindrs pan\u0101k prec\u012bzu kausa vad\u012bbu, mainot hidraulisk\u0101s e\u013c\u013cas spiedienu, \u013caujot operatoriem efekt\u012bvi apstr\u0101d\u0101t smagas kravas un piel\u0101goties sare\u017e\u0123\u012btai darba videi un da\u017e\u0101d\u0101m ekspluat\u0101cijas pras\u012bb\u0101m.<\/p>\n<p><img decoding=\"async\" src=\"https:\/\/www.hydraulic-cylinders.net\/wp-content\/uploads\/2025\/01\/songte-company-2.webp\" alt=\"Kausa cilindrs\"><\/p>\n<h2>Funkcijas<\/h2>\n<ul>\n<li>Augsta iztur\u012bba un ilgm\u016b\u017e\u012bba: Parasti izgatavots no augstas stipr\u012bbas t\u0113rauda vai alum\u012bnija, var iztur\u0113t augstu spiedienu un lielas slodzes, piem\u0113rots skarbai darba videi, izstr\u0101d\u0101ts, \u0146emot v\u0113r\u0101 nodilumiztur\u012bbu un korozijas iztur\u012bbu, pagarinot kalpo\u0161anas laiku.<\/li>\n<li>Efekt\u012bva hidraulisk\u0101 darb\u012bba: Izmantojot hidraulisk\u0101s e\u013c\u013cas spiedienu, tiek pan\u0101kta vienm\u0113r\u012bga izstiep\u0161ana un ievilk\u0161ana, kas \u013cauj \u0101tri rea\u0123\u0113t uz vad\u012bbas komand\u0101m, nodro\u0161ina sp\u0113c\u012bgus stum\u0161anas un vilk\u0161anas sp\u0113kus, un ir piem\u0113rota smagu kravu apstr\u0101dei un sare\u017e\u0123\u012btiem ekspluat\u0101cijas uzdevumiem.<\/li>\n<li>Da\u017e\u0101di veidi: vienas darb\u012bbas (hidrauliski darbojas tikai vien\u0101 virzien\u0101) vai divk\u0101r\u0161as darb\u012bbas (hidrauliski darbojas abos virzienos) cilindrus var izv\u0113l\u0113ties atbilsto\u0161i vajadz\u012bb\u0101m, lai apmierin\u0101tu da\u017e\u0101das ekspluat\u0101cijas pras\u012bbas. Da\u017ei mode\u013ci ir teleskopiski, kas \u013cauj tos pagarin\u0101t, nepalielinot \u0101r\u0113jos izm\u0113rus, un ir piem\u0113roti lietojumiem ar ierobe\u017eotu vietu.<\/li>\n<li>Viegli uzst\u0101d\u0101ms: Var viegli uzst\u0101d\u012bt ori\u0123in\u0101l\u0101 cilindra viet\u0101, ietaupot laiku un darbasp\u0113ka izmaksas. Piel\u0101gojams atbilsto\u0161i klienta pras\u012bb\u0101m.<\/li>\n<li>Univers\u0101la sader\u012bba: Var aizst\u0101t da\u017e\u0101dus hidrauliskos cilindrus, nodro\u0161inot rentablu risin\u0101jumu iek\u0101rtu apkopei un remontam.<\/li>\n<\/ul>\n<p><img decoding=\"async\" src=\"https:\/\/www.hydraulic-cylinders.net\/wp-content\/uploads\/2025\/01\/songte-cylinder-head-with-all-kinds-excavator-models.webp\" alt=\"Cilindra galva\"><\/p>\n<h2>Pieteikumi<\/h2>\n<p>Kausa cilindrs tiek pla\u0161i izmantots da\u017e\u0101d\u0101s smagaj\u0101s ma\u0161\u012bn\u0101s, tostarp:<\/p>\n<ul>\n<li>B\u016bvniec\u012bbas apr\u012bkojums: ekskavatoros tie ir nepiecie\u0161ami augsnes vai gru\u017eu rak\u0161anai, iekrau\u0161anai un p\u0101rvieto\u0161anai. Ekskavatoros kausa cilindri pal\u012bdz rak\u0161an\u0101 un cel\u0161an\u0101. <\/li>\n<li>Lauksaimniec\u012bbas tehnika: Izmanto front\u0101lajos iekr\u0101v\u0113jos augsnes, siena un citu materi\u0101lu sav\u0101k\u0161anai, cel\u0161anai un transport\u0113\u0161anai. <\/li>\n<li>Materi\u0101lu apstr\u0101des iek\u0101rtas: izmanto iekr\u0101v\u0113jos un citos r\u016bpnieciskajos transportl\u012bdzek\u013cos pre\u010du pacel\u0161anai, transport\u0113\u0161anai un sakrau\u0161anai.<\/li>\n<\/ul>\n<h2>Dizaina apsv\u0113rumi un atlases krit\u0113riji<\/h2>\n<p>Kausa cilindra konstrukcijai ir iz\u0161\u0137iro\u0161a noz\u012bme t\u0101 darb\u012bb\u0101 un iztur\u012bbai. Galvenie apsv\u0113rumi ir \u0161\u0101di:<\/p>\n<ul>\n<li>Nestsp\u0113ja: Balonam j\u0101sp\u0113j iztur\u0113t paredzamo slodzi bez atteices vai boj\u0101jumiem.<\/li>\n<li>Bl\u012bv\u0113jums: Balonam j\u0101b\u016bt nosl\u0113gtam, lai nov\u0113rstu nopl\u016bdes un pies\u0101r\u0146ojumu.<\/li>\n<li>Iztur\u012bba: Balonam j\u0101sp\u0113j iztur\u0113t paredzamo nodilumu, ko rada lieto\u0161ana skarbos apst\u0101k\u013cos.<\/li>\n<li>Dro\u0161\u012bba: Balonam j\u0101b\u016bt konstru\u0113tam ar dro\u0161\u012bbas funkcij\u0101m, lai nov\u0113rstu negad\u012bjumus un traumas.<\/li>\n<li>Uzturam\u012bba: Balonam j\u0101b\u016bt konstru\u0113tam t\u0101, lai to b\u016btu viegli uztur\u0113t un remont\u0113t.<\/li>\n<\/ul>\n<p><img decoding=\"async\" src=\"https:\/\/www.hydraulic-cylinders.net\/wp-content\/uploads\/2025\/01\/songte-oil-pipes-and-spare-parts.webp\" alt=\"E\u013c\u013cas caurules un rezerves da\u013cas\"><\/p>\n<h2>Bl\u012bv\u0113\u0161ana un e\u013c\u013co\u0161ana<\/h2>\n<p>Kausa cilindr\u0101 tiek izmantoti da\u017e\u0101di bl\u012bv\u0113\u0161anas komponenti, piem\u0113ram, virzu\u013ca bl\u012bvgredzeni un stie\u0146a bl\u012bvgredzeni, kas izgatavoti no nodilumiztur\u012bgiem materi\u0101liem, piem\u0113ram, poliuret\u0101na un nitrila gumijas. Cilindra korpuss un v\u012bt\u0146ot\u0101s gala virsmas ir smalki apstr\u0101d\u0101tas, lai uzlabotu nodilumiztur\u012bbu. Lai nodro\u0161in\u0101tu vienm\u0113r\u012bgu darb\u012bbu un pagarin\u0101tu cilindra kalpo\u0161anas laiku, ir nepiecie\u0161ama regul\u0101ra e\u013c\u013co\u0161ana ar atbilsto\u0161u hidraulisko e\u013c\u013cu.<\/p>\n<h2>Apkope un remonts<\/h2>\n<p>Regular inspection, lubrication, and replacement of seals are essential for maintaining the bucket cylinder&#8217;s performance and extending its service life. Proper installation, lubrication, and adjustment are critical to ensure the cylinder&#8217;s efficient operation and prevent damage or failure. It is recommended to use appropriate installation brackets to fix the cylinder in place and follow the recommended inspection, repair, and replacement procedures to ensure proper function and safety.<\/p>\n<p><img decoding=\"async\" src=\"https:\/\/www.hydraulic-cylinders.net\/wp-content\/uploads\/2025\/01\/songte-chushion-collar.webp\" alt=\"\u010cemod\u0101na apkakle\"><\/p>\n<h2>Dro\u0161\u012bbas un vides apsv\u0113rumi<\/h2>\n<p>Izmantojot kausa cilindru, ir svar\u012bgi iev\u0113rot atbilsto\u0161as \u200b\u200bdro\u0161\u012bbas proced\u016bras, lai nov\u0113rstu negad\u012bjumus un traumas. Regul\u0101ra apkope un p\u0101rbaudes var ar\u012b pal\u012bdz\u0113t nov\u0113rst vides pies\u0101r\u0146ojumu, ko rada \u0161\u0137idruma nopl\u016bdes vai citi cilindra boj\u0101jumi.<\/p>\n<h2>Probl\u0113mu nov\u0113r\u0161ana un bie\u017ei sastopamas probl\u0113mas<\/h2>\n<p>Bie\u017ei sastopamas probl\u0113mas ar kausa cilindru ir nopl\u016bde, samazin\u0101ta veiktsp\u0113ja un nepareiza darb\u012bba. \u0160o probl\u0113mu pareizai diagnostikai un nov\u0113r\u0161anai ir nepiecie\u0161ama pieredze un zin\u0101\u0161anas, un to dr\u012bkst veikt tikai apm\u0101c\u012bti speci\u0101listi. Regul\u0101ra apkope un p\u0101rbaudes var pal\u012bdz\u0113t nov\u0113rst \u0161o probl\u0113mu ra\u0161anos.<\/p>\n<p><img decoding=\"async\" src=\"https:\/\/www.hydraulic-cylinders.net\/wp-content\/uploads\/2025\/01\/songte-bushings-with-all-kinds-of-excavator-models.webp\" alt=\"Bukses\"><\/p>\n<h2>Par m\u016bsu uz\u0146\u0113mumu<\/h2>\n<p>M\u0113s esam rezerves hidraulisko cilindru ra\u017eot\u0101js un vado\u0161ais hidraulisko cilindru ra\u017eot\u0101js un vairumtirgot\u0101js viet\u0113j\u0101 un starptautiskaj\u0101 tirg\u016b. M\u0113s iev\u0113rojam izcil\u012bbas kvalit\u0101tes principu un pa\u013caujamies uz industrializ\u0113t\u0101m ra\u017eo\u0161anas vad\u012bbas strat\u0113\u0123ij\u0101m smalk\u0101s ra\u017eo\u0161anas darbn\u012bc\u0101s. M\u016bsu uz\u0146\u0113mums past\u0101v\u012bgi uzlabo darbn\u012bcas ra\u017eo\u0161anas platformu, pielietojot tehniskos talantus, digit\u0101las augstas klases ra\u017eo\u0161anas iek\u0101rtas un profesion\u0101las test\u0113\u0161anas sist\u0113mas, lai uzlabotu produkta kvalitat\u012bvu ra\u017eo\u0161anas ce\u013cu. M\u016bsu uz\u0146\u0113mumam piem\u012bt sp\u0113c\u012bgas rado\u0161\u0101s sp\u0113jas, un tas balst\u0101s uz augstas efektivit\u0101tes, augstas precizit\u0101tes un augstas kvalit\u0101tes principiem, lai apmierin\u0101tu klientu da\u017e\u0101d\u0101s vajadz\u012bbas.<\/p>\n<ul>\n<li>Profesionalit\u0101te: M\u016bsu ekspertu komanda sniedz profesion\u0101lus pakalpojumus un tehnisko atbalstu klientiem no da\u017e\u0101d\u0101m nozar\u0113m.<\/li>\n<li>Starptautisk\u0101 sertifik\u0101cija: M\u016bsu produkti ir iztur\u0113ju\u0161i da\u017e\u0101das starptautiskas sertifik\u0101cijas, piem\u0113ram, ISO un CE.<\/li>\n<li>Piel\u0101go\u0161anas pakalpojumi: M\u0113s pied\u0101v\u0101jam piel\u0101gotus hidrauliskos cilindrus atbilsto\u0161i klienta pras\u012bb\u0101m un specifik\u0101cij\u0101m.<\/li>\n<li>Ra\u017eo\u0161anas iek\u0101rtas: M\u0113s izmantojam modernu ra\u017eo\u0161anas apr\u012bkojumu, lai nodro\u0161in\u0101tu produktu kvalit\u0101ti un precizit\u0101ti.<\/li>\n<li>P\u0113cp\u0101rdo\u0161anas serviss: M\u0113s nodro\u0161in\u0101m savlaic\u012bgu un efekt\u012bvu p\u0113cp\u0101rdo\u0161anas servisu, lai nodro\u0161in\u0101tu klientu apmierin\u0101t\u012bbu.<\/li>\n<\/ul>\n<p><img decoding=\"async\" src=\"https:\/\/www.hydraulic-cylinders.net\/wp-content\/uploads\/2025\/01\/songte-company-3.webp\" alt=\"Uz\u0146\u0113mums\"><\/p>\n<p>Autors: lil<\/p>","protected":false},"excerpt":{"rendered":"<p>Bucket Cylinder For Caterpillar Small Excavator E70\/70B Introduction A bucket cylinder is a specially designed hydraulic cylinder primarily used to control the movement of the bucket in heavy machinery such as excavators, backhoes, and front-end loaders. Its main function is to enable the bucket to perform lifting, lowering, and tilting operations, making it convenient for [&hellip;]<\/p>","protected":false},"featured_media":14776,"comment_status":"open","ping_status":"closed","template":"","meta":{"_et_pb_use_builder":"","_et_pb_old_content":"","_et_gb_content_width":""},"product_brand":[],"product_cat":[1494],"product_tag":[1495,1496],"class_list":{"0":"post-15200","1":"product","2":"type-product","3":"status-publish","4":"has-post-thumbnail","6":"product_cat-bucket-cylinders","7":"product_tag-bucket-cylinders","8":"product_tag-hydraulic-cylinders","10":"first","11":"instock","12":"shipping-taxable","13":"product-type-simple"},"amp_enabled":true,"_links":{"self":[{"href":"https:\/\/www.hydraulic-cylinders.net\/lv\/wp-json\/wp\/v2\/product\/15200","targetHints":{"allow":["GET"]}}],"collection":[{"href":"https:\/\/www.hydraulic-cylinders.net\/lv\/wp-json\/wp\/v2\/product"}],"about":[{"href":"https:\/\/www.hydraulic-cylinders.net\/lv\/wp-json\/wp\/v2\/types\/product"}],"replies":[{"embeddable":true,"href":"https:\/\/www.hydraulic-cylinders.net\/lv\/wp-json\/wp\/v2\/comments?post=15200"}],"wp:featuredmedia":[{"embeddable":true,"href":"https:\/\/www.hydraulic-cylinders.net\/lv\/wp-json\/wp\/v2\/media\/14776"}],"wp:attachment":[{"href":"https:\/\/www.hydraulic-cylinders.net\/lv\/wp-json\/wp\/v2\/media?parent=15200"}],"wp:term":[{"taxonomy":"product_brand","embeddable":true,"href":"https:\/\/www.hydraulic-cylinders.net\/lv\/wp-json\/wp\/v2\/product_brand?post=15200"},{"taxonomy":"product_cat","embeddable":true,"href":"https:\/\/www.hydraulic-cylinders.net\/lv\/wp-json\/wp\/v2\/product_cat?post=15200"},{"taxonomy":"product_tag","embeddable":true,"href":"https:\/\/www.hydraulic-cylinders.net\/lv\/wp-json\/wp\/v2\/product_tag?post=15200"}],"curies":[{"name":"wp","href":"https:\/\/api.w.org\/{rel}","templated":true}]}}