{"id":15201,"date":"2025-01-19T14:13:56","date_gmt":"2025-01-19T14:13:56","guid":{"rendered":"https:\/\/www.hydraulic-cylinders.net\/product\/bucket-cylinder-for-caterpillar-small-excavator-e302-4d\/"},"modified":"2025-01-19T14:13:58","modified_gmt":"2025-01-19T14:13:58","slug":"bucket-cylinder-for-caterpillar-small-excavator-e302-4d","status":"publish","type":"product","link":"https:\/\/www.hydraulic-cylinders.net\/lv\/products\/bucket-cylinder-for-caterpillar-small-excavator-e302-4d\/","title":{"rendered":"Kausa cilindrs Caterpillar mazajam ekskavatoram E302.4D"},"content":{"rendered":"<h1>Kausa cilindrs Caterpillar mazajam ekskavatoram E302.4D<\/h1>\n<h2>Ievads<\/h2>\n<p>Kausa cilindrs ir speci\u0101li izstr\u0101d\u0101ts hidrauliskais cilindrs, ko galvenok\u0101rt izmanto, lai kontrol\u0113tu kausa kust\u012bbu smagaj\u0101s ma\u0161\u012bn\u0101s, piem\u0113ram, ekskavatoros, iekr\u0101v\u0113ju ekskavatoros un front\u0101lajos iekr\u0101v\u0113jos. T\u0101 galven\u0101 funkcija ir nodro\u0161in\u0101t kausa pacel\u0161anu, nolai\u0161anu un noliek\u0161anu, lai atvieglotu da\u017e\u0101dus materi\u0101lu apstr\u0101des uzdevumus. Hidrauliskaj\u0101 sist\u0113m\u0101 kausa cilindrs pan\u0101k prec\u012bzu kausa kust\u012bbas kontroli, mainot hidraulisk\u0101s e\u013c\u013cas spiedienu, \u013caujot operatoriem efekt\u012bvi apstr\u0101d\u0101t smagas kravas un piel\u0101goties sare\u017e\u0123\u012btai darba videi un da\u017e\u0101d\u0101m ekspluat\u0101cijas vajadz\u012bb\u0101m.<\/p>\n<p><img decoding=\"async\" src=\"https:\/\/www.hydraulic-cylinders.net\/wp-content\/uploads\/2025\/01\/songte-company-2.webp\" alt=\"Kausa cilindra att\u0113ls\"><\/p>\n<h2>Funkcijas<\/h2>\n<ul>\n<li>\n<h3>Augsta iztur\u012bba un ilgm\u016b\u017e\u012bba<\/h3>\n<p>Kausa cilindri parasti ir izgatavoti no augstas stipr\u012bbas t\u0113rauda vai alum\u012bnija, kas var iztur\u0113t augstu spiedienu un lielas slodzes, padarot tos piem\u0113rotus skarbiem darba apst\u0101k\u013ciem. Projekt\u0113\u0161an\u0101 ir \u0146emta v\u0113r\u0101 ar\u012b nodilumiztur\u012bba un iztur\u012bba pret koroziju, kas pagarina t\u0101 kalpo\u0161anas laiku.<\/p>\n<\/li>\n<li>\n<h3>Efekt\u012bva hidraulisk\u0101 darb\u012bba<\/h3>\n<p>Kausa cilindri izmanto hidraulisk\u0101s e\u013c\u013cas spiedienu, lai pan\u0101ktu vienm\u0113r\u012bgu izstiep\u0161anu un ievilk\u0161anu, nodro\u0161inot \u0101tru rea\u0123\u0113\u0161anu uz vad\u012bbas komand\u0101m un sp\u0113c\u012bgu stum\u0161anas un vilk\u0161anas sp\u0113ku, padarot tos piem\u0113rotus smagu kravu apstr\u0101dei un sare\u017e\u0123\u012btiem ekspluat\u0101cijas uzdevumiem.<\/p>\n<\/li>\n<li>\n<h3>Da\u017e\u0101di veidi<\/h3>\n<p>Kausa cilindrus var izv\u0113l\u0113ties k\u0101 vienas darb\u012bbas (hidrauliski tiek izmantoti tikai vien\u0101 virzien\u0101) vai divk\u0101r\u0161as darb\u012bbas (hidrauliski tiek izmantoti divos virzienos) cilindrus atbilsto\u0161i pras\u012bb\u0101m, un da\u017ei mode\u013ci ir teleskopiski, kas \u013cauj tos liel\u0101kus izstiepumus pan\u0101kt, nepalielinot \u0101r\u0113jos izm\u0113rus, padarot tos piem\u0113rotus lietojumiem ar ierobe\u017eotu telpu.<\/p>\n<\/li>\n<li>\n<h3>Produkta pieejam\u012bba<\/h3>\n<p>M\u016bsu kausu cilindri var lieliski aizst\u0101t \u0161os hidrauliskos cilindrus, m\u0113s varam pied\u0101v\u0101t da\u017e\u0101dus kausu cilindru mode\u013cus un veidus, no kuriem klienti var izv\u0113l\u0113ties.<\/p>\n<\/li>\n<\/ul>\n<p><img decoding=\"async\" src=\"https:\/\/www.hydraulic-cylinders.net\/wp-content\/uploads\/2025\/01\/songte-cylinder-head-with-all-kinds-excavator-models.webp\" alt=\"Kausa cilindra nomai\u0146as att\u0113ls\"><\/p>\n<h2>Pieteikumi<\/h2>\n<p>Kausa cilindriem ir iz\u0161\u0137iro\u0161a noz\u012bme da\u017e\u0101da veida smagaj\u0101s ma\u0161\u012bn\u0101s, piem\u0113ram:<\/p>\n<ul>\n<li>\n<h3>Celtniec\u012bbas apr\u012bkojums<\/h3>\n<p>Tie ir vit\u0101li svar\u012bgi ekskavatoriem, lai raktu, iekrautu un p\u0101rvietotu augsni vai gru\u017eus. Ekskavatoros-iekr\u0101v\u0113jos kausa cilindrs pal\u012bdz gan rak\u0161anas, gan cel\u0161anas darbos. <\/p>\n<\/li>\n<li>\n<h3>Lauksaimniec\u012bbas tehnika<\/h3>\n<p>Tos izmanto front\u0101lajos iekr\u0101v\u0113jos, lai gr\u0101btu, paceltu un transport\u0113tu augsni, sienu un citus materi\u0101lus. Ekskavatoros kausa cilindrs nodro\u0161ina rak\u0161anas darb\u012bbu, \u013caujot kausam iek\u013c\u016bt augsn\u0113. Front\u0101lajos iekr\u0101v\u0113jos tie pal\u012bdz efekt\u012bvi pacelt un izg\u0101zt preces.<\/p>\n<\/li>\n<\/ul>\n<h2>Projekt\u0113\u0161anas apsv\u0113rumi un atlases standarti<\/h2>\n<p>Kausa cilindri ir konstru\u0113ti, \u0146emot v\u0113r\u0101 vair\u0101kus galvenos faktorus, piem\u0113ram:<\/p>\n<ul>\n<li>\n<h3>Nestsp\u0113ja<\/h3>\n<p>Kausa cilindri ir izgatavoti no augstas stipr\u012bbas materi\u0101liem un ir paredz\u0113ti, lai iztur\u0113tu lielas slodzes un augstu spiedienu.<\/p>\n<\/li>\n<li>\n<h3>Bl\u012bv\u0113\u0161ana<\/h3>\n<p>Da\u017e\u0101di bl\u012bv\u0113juma komponenti, piem\u0113ram, virzu\u013ca bl\u012bvsl\u0113gi \u200b\u200bun stie\u0146a bl\u012bvsl\u0113gi, ir izgatavoti no nodilumiztur\u012bgiem materi\u0101liem, lai nodro\u0161in\u0101tu ilgu kalpo\u0161anas laiku. Cilindru korpusi un v\u012bt\u0146u gala virsmas ir smalki apstr\u0101d\u0101tas, lai uzlabotu nodilumiztur\u012bbu.<\/p>\n<\/li>\n<li>\n<h3>Iztur\u012bba un dro\u0161\u012bba<\/h3>\n<p>Kausu cilindri tiek pak\u013cauti stingrai kvalit\u0101tes kontrolei, lai nodro\u0161in\u0101tu to atbilst\u012bbu nozares standartiem un dro\u0161u ekspluat\u0101ciju. Tie ir konstru\u0113ti t\u0101, lai tos b\u016btu viegli uztur\u0113t un remont\u0113t, t\u0101d\u0113j\u0101di nodro\u0161inot ilgu kalpo\u0161anas laiku.<\/p>\n<\/li>\n<\/ul>\n<p><img decoding=\"async\" src=\"https:\/\/www.hydraulic-cylinders.net\/wp-content\/uploads\/2025\/01\/songte-oil-pipes-and-spare-parts.webp\" alt=\"Kausa cilindra deta\u013cu att\u0113ls\"><\/p>\n<h2>Bl\u012bv\u0113jums un e\u013c\u013co\u0161ana<\/h2>\n<p>Kausu cilindros tiek izmantoti da\u017e\u0101di bl\u012bv\u0113jumu veidi, piem\u0113ram, virzu\u013ca bl\u012bv\u0113jumi un stie\u0146a bl\u012bv\u0113jumi, kas izgatavoti no nodilumiztur\u012bgiem materi\u0101liem, piem\u0113ram, poliuret\u0101na un nitrila gumijas. Cilindru korpusi un v\u012bt\u0146u gala virsmas ir smalki apstr\u0101d\u0101tas, lai uzlabotu nodilumiztur\u012bbu. Ir svar\u012bgi regul\u0101ri pievienot atbilsto\u0161u hidraulisko e\u013c\u013cu, lai cilindrs tiktu iee\u013c\u013cots.<\/p>\n<h2>Periodiska apkope un prevent\u012bvie pas\u0101kumi<\/h2>\n<p>Pareiza apkope ir \u013coti svar\u012bga, lai nodro\u0161in\u0101tu kausu cilindru ilgm\u016b\u017e\u012bbu un optim\u0101lu veiktsp\u0113ju. Bie\u017ei sastopamie apkopes uzdevumi ietver:<\/p>\n<ul>\n<li>\n<h3>Regul\u0101ra p\u0101rbaude<\/h3>\n<p>Regul\u0101ras p\u0101rbaudes pal\u012bdz identific\u0113t iesp\u0113jam\u0101s probl\u0113mas un nov\u0113rst nopietnus boj\u0101jumus, pirms tie rodas.<\/p>\n<\/li>\n<li>\n<h3>E\u013c\u013co\u0161ana<\/h3>\n<p>Lai cilindrs darbotos nevainojami, nepiecie\u0161ama regul\u0101ra e\u013c\u013co\u0161ana.<\/p>\n<\/li>\n<li>\n<h3>Bl\u012bv\u0113juma nomai\u0146a un kalibr\u0113\u0161anas p\u0101rbaude<\/h3>\n<p>Regul\u0101ra nodilu\u0161o bl\u012bv\u0113jumu nomai\u0146a un kalibr\u0113\u0161anas p\u0101rbaudes pal\u012bdz uztur\u0113t optim\u0101lu veiktsp\u0113ju.<\/p>\n<\/li>\n<\/ul>\n<p><img decoding=\"async\" src=\"https:\/\/www.hydraulic-cylinders.net\/wp-content\/uploads\/2025\/01\/songte-chushion-collar.webp\" alt=\"Kausa cilindra apkopes att\u0113ls\"><\/p>\n<h2>Dro\u0161\u012bbas apsv\u0113rumi un vides faktori<\/h2>\n<p>Kausu cilindri ir konstru\u0113ti t\u0101, lai tos b\u016btu dro\u0161i lietot, un, darbinot smag\u0101s ma\u0161\u012bnas, j\u0101veic atbilsto\u0161i dro\u0161\u012bbas pas\u0101kumi. Vides faktori, piem\u0113ram, temperat\u016bra un mitrums, var ietekm\u0113t kausu cilindru darb\u012bbu, un j\u0101veic atbilsto\u0161i pas\u0101kumi, lai nodro\u0161in\u0101tu to optim\u0101lu darb\u012bbu da\u017e\u0101dos vides apst\u0101k\u013cos.<\/p>\n<h2>K\u013c\u016bmju diagnostika un bie\u017ei sastopam\u0101s probl\u0113mas<\/h2>\n<p>Bie\u017ei sastopamas probl\u0113mas ar kausu cilindriem ir nopl\u016bde, bl\u012bv\u0113jumu boj\u0101jumi un nepareiza darb\u012bba. Regul\u0101ra p\u0101rbaude un apkope var pal\u012bdz\u0113t nov\u0113rst \u0161o probl\u0113mu ra\u0161anos. Ja probl\u0113ma tom\u0113r rodas, ir svar\u012bgi veikt pareizu diagnostiku, un bie\u017ei sastopami risin\u0101jumi ietver boj\u0101tu deta\u013cu remontu vai nomai\u0146u.<\/p>\n<p><img decoding=\"async\" src=\"https:\/\/www.hydraulic-cylinders.net\/wp-content\/uploads\/2025\/01\/songte-bushings-with-all-kinds-of-excavator-models.webp\" alt=\"Kausa cilindra probl\u0113mas att\u0113ls\"><\/p>\n<h2>Par m\u016bsu uz\u0146\u0113mumu<\/h2>\n<p>M\u0113s esam vado\u0161ais hidraulisko cilindru ra\u017eot\u0101js un vairumtirdzniec\u012bbas izplat\u012bt\u0101js, kas pied\u0101v\u0101 pilnu produktu kl\u0101stu viet\u0113jam un starptautiskajam tirgum. M\u016bsu uz\u0146\u0113mums iev\u0113ro industrializ\u0113tas ra\u017eo\u0161anas vad\u012bbas strat\u0113\u0123iju, kuras pamat\u0101 ir izcila kvalit\u0101te, pa\u013caujoties uz modernu ra\u017eo\u0161anas darbn\u012bcu, tehniskajiem talantiem, digit\u0101l\u0101m augstas klases ra\u017eo\u0161anas iek\u0101rt\u0101m, k\u0101 ar\u012b profesion\u0101l\u0101m test\u0113\u0161anas sist\u0113m\u0101m, lai nep\u0101rtraukti uzlabotu m\u016bsu ra\u017eo\u0161anas platformu, pilnveidotu m\u016bsu produktu kvalit\u0101tes ra\u017eo\u0161anas ce\u013cu un nodro\u0161in\u0101tu sp\u0113c\u012bgas inov\u0101ciju sp\u0113jas. M\u0113s esam ap\u0146\u0113mu\u0161ies apmierin\u0101t m\u016bsu klientu da\u017e\u0101d\u0101s vajadz\u012bbas ar augstu efektivit\u0101ti, precizit\u0101ti un kvalit\u0101ti.<\/p>\n<p><img decoding=\"async\" src=\"https:\/\/hzpt.com\/wp-content\/uploads\/2024\/11\/songte-company-1.webp\" alt=\"Uz\u0146\u0113muma t\u0113ls\"><\/p>\n<h3>Profesionalit\u0101te<\/h3>\n<p>M\u0113s esam ap\u0146\u0113mu\u0161ies sniegt profesion\u0101las konsult\u0101cijas un risin\u0101jumus m\u016bsu klientiem, nodro\u0161inot, ka vi\u0146i sa\u0146em pareizo produktu atbilsto\u0161i sav\u0101m \u012bpa\u0161aj\u0101m vajadz\u012bb\u0101m.<\/p>\n<h3>Starptautisk\u0101 sertifik\u0101cija<\/h3>\n<p>M\u016bsu produkti ir sertific\u0113ti atbilsto\u0161i starptautiskajiem standartiem, nodro\u0161inot, ka tie atbilst glob\u0101l\u0101 tirgus vajadz\u012bb\u0101m.<\/p>\n<h3>Piel\u0101go\u0161anas pakalpojums<\/h3>\n<p>M\u0113s pied\u0101v\u0101jam piel\u0101gotus pakalpojumus, lai apmierin\u0101tu individu\u0101l\u0101s klientu vajadz\u012bbas, nodro\u0161inot, ka vi\u0146i sa\u0146em produktu, kas atbilst vi\u0146u unik\u0101laj\u0101m pras\u012bb\u0101m.<\/p>\n<h3>Ra\u017eo\u0161anas iek\u0101rtas<\/h3>\n<p>M\u016bsu ra\u017eo\u0161anas darbn\u012bcas ir apr\u012bkotas ar modern\u0101kaj\u0101m iek\u0101rt\u0101m, lai nodro\u0161in\u0101tu augstas kvalit\u0101tes hidraulisko cilindru ra\u017eo\u0161anu.<\/p>\n<h3>P\u0113cp\u0101rdo\u0161anas serviss<\/h3>\n<p>M\u0113s pied\u0101v\u0101jam visaptvero\u0161u p\u0113cp\u0101rdo\u0161anas servisu, lai nodro\u0161in\u0101tu, ka m\u016bsu klienti sa\u0146em nepiecie\u0161amo atbalstu vis\u0101 hidraulisk\u0101 cilindra kalpo\u0161anas laik\u0101.<\/p>\n<h4>Autors: lil<\/h4>","protected":false},"excerpt":{"rendered":"<p>Bucket Cylinder For Caterpillar Small Excavator E302.4D Introduction A bucket cylinder is a specially designed hydraulic cylinder mainly used to control the movement of the bucket in heavy machinery such as excavators, backhoe loaders, and front loaders. Its main function is to enable the bucket to lift, lower and tilt to facilitate various material handling [&hellip;]<\/p>","protected":false},"featured_media":14773,"comment_status":"open","ping_status":"closed","template":"","meta":{"_et_pb_use_builder":"","_et_pb_old_content":"","_et_gb_content_width":""},"product_brand":[],"product_cat":[1494],"product_tag":[1495,1496],"class_list":{"0":"post-15201","1":"product","2":"type-product","3":"status-publish","4":"has-post-thumbnail","6":"product_cat-bucket-cylinders","7":"product_tag-bucket-cylinders","8":"product_tag-hydraulic-cylinders","10":"first","11":"instock","12":"shipping-taxable","13":"product-type-simple"},"amp_enabled":true,"_links":{"self":[{"href":"https:\/\/www.hydraulic-cylinders.net\/lv\/wp-json\/wp\/v2\/product\/15201","targetHints":{"allow":["GET"]}}],"collection":[{"href":"https:\/\/www.hydraulic-cylinders.net\/lv\/wp-json\/wp\/v2\/product"}],"about":[{"href":"https:\/\/www.hydraulic-cylinders.net\/lv\/wp-json\/wp\/v2\/types\/product"}],"replies":[{"embeddable":true,"href":"https:\/\/www.hydraulic-cylinders.net\/lv\/wp-json\/wp\/v2\/comments?post=15201"}],"wp:featuredmedia":[{"embeddable":true,"href":"https:\/\/www.hydraulic-cylinders.net\/lv\/wp-json\/wp\/v2\/media\/14773"}],"wp:attachment":[{"href":"https:\/\/www.hydraulic-cylinders.net\/lv\/wp-json\/wp\/v2\/media?parent=15201"}],"wp:term":[{"taxonomy":"product_brand","embeddable":true,"href":"https:\/\/www.hydraulic-cylinders.net\/lv\/wp-json\/wp\/v2\/product_brand?post=15201"},{"taxonomy":"product_cat","embeddable":true,"href":"https:\/\/www.hydraulic-cylinders.net\/lv\/wp-json\/wp\/v2\/product_cat?post=15201"},{"taxonomy":"product_tag","embeddable":true,"href":"https:\/\/www.hydraulic-cylinders.net\/lv\/wp-json\/wp\/v2\/product_tag?post=15201"}],"curies":[{"name":"wp","href":"https:\/\/api.w.org\/{rel}","templated":true}]}}