{"id":15202,"date":"2025-01-19T14:14:00","date_gmt":"2025-01-19T14:14:00","guid":{"rendered":"https:\/\/www.hydraulic-cylinders.net\/product\/bucket-cylinder-for-caterpillar-small-excavator-e305ecr\/"},"modified":"2025-01-19T14:14:02","modified_gmt":"2025-01-19T14:14:02","slug":"bucket-cylinder-for-caterpillar-small-excavator-e305ecr","status":"publish","type":"product","link":"https:\/\/www.hydraulic-cylinders.net\/lv\/products\/bucket-cylinder-for-caterpillar-small-excavator-e305ecr\/","title":{"rendered":"Kausa cilindrs Caterpillar mazajam ekskavatoram E305ECR"},"content":{"rendered":"<h1>Kausa cilindrs Caterpillar mazajam ekskavatoram E305ECR<\/h1>\n<h2>Ievads<\/h2>\n<p>Kausa cilindrs Caterpillar mazajam ekskavatoram E305ECR ir speci\u0101li izstr\u0101d\u0101ts hidrauliskais cilindrs, ko izmanto, lai kontrol\u0113tu kausu kust\u012bbas smagaj\u0101s ma\u0161\u012bn\u0101s, piem\u0113ram, ekskavatoros, univers\u0101lajos ekskavatoros un front\u0101lajos iekr\u0101v\u0113jos. T\u0101 galven\u0101 funkcija ir nodro\u0161in\u0101t kausa pacel\u0161anu, nolai\u0161anu un noliek\u0161anu, padarot to \u0113rtu da\u017e\u0101diem materi\u0101lu apstr\u0101des uzdevumiem. Hidrauliskaj\u0101s sist\u0113m\u0101s kausa cilindri nodro\u0161ina prec\u012bzu kausa kust\u012bbas kontroli, izmantojot hidraulisk\u0101s e\u013c\u013cas spiediena izmai\u0146as, \u013caujot operatoriem efekt\u012bvi apstr\u0101d\u0101t smagas kravas un piel\u0101goties sare\u017e\u0123\u012btai darba videi un da\u017e\u0101d\u0101m ekspluat\u0101cijas vajadz\u012bb\u0101m.<\/p>\n<p><img decoding=\"async\" src=\"https:\/\/www.hydraulic-cylinders.net\/wp-content\/uploads\/2025\/01\/songte-company-2.webp\" alt=\"Kausa cilindrs Caterpillar mazajam ekskavatoram E305ECR\"><\/p>\n<h2>Produkta funkcijas<\/h2>\n<ul>\n<li>Augsta iztur\u012bba un ilgm\u016b\u017e\u012bba: Izgatavots no augstas stipr\u012bbas t\u0113rauda vai alum\u012bnija, tas var iztur\u0113t augstu spiedienu un lielas slodzes, piel\u0101goties skarbai darba videi un ir paredz\u0113ts nodilumiztur\u012bbai un korozijas iztur\u012bbai, lai pagarin\u0101tu t\u0101 kalpo\u0161anas laiku.<\/li>\n<li>Efekt\u012bva hidraulisk\u0101 darb\u012bba: izmanto hidraulisk\u0101s e\u013c\u013cas spiedienu, lai pan\u0101ktu vienm\u0113r\u012bgu teleskopisko darb\u012bbu, var \u0101tri rea\u0123\u0113t uz vad\u012bbas komand\u0101m, nodro\u0161ina sp\u0113c\u012bgu stum\u0161anas un vilk\u0161anas sp\u0113ku un ir piem\u0113rota smagu kravu apstr\u0101dei un sare\u017e\u0123\u012btu ekspluat\u0101cijas uzdevumu veik\u0161anai.<\/li>\n<li>Da\u017e\u0101di veidi: Atkar\u012bb\u0101 no ekspluat\u0101cijas vajadz\u012bb\u0101m var izv\u0113l\u0113ties vienk\u0101r\u0161\u0101s darb\u012bbas (hidrauliski darbojas tikai vien\u0101 virzien\u0101) vai divk\u0101r\u0161\u0101s darb\u012bbas (hidrauliski darbojas divos virzienos) cilindrus. Da\u017ei mode\u013ci ir teleskopiski, kas \u013cauj tos pagarin\u0101t, nepalielinot \u0101r\u0113jos izm\u0113rus, t\u0101p\u0113c tie ir piem\u0113roti lieto\u0161anai ierobe\u017eot\u0101 telp\u0101.<\/li>\n<li>Nomain\u0101ms: m\u016bsu produkts var lieliski aizst\u0101t \u0161os hidrauliskos cilindrus.<\/li>\n<\/ul>\n<p><img decoding=\"async\" src=\"https:\/\/www.hydraulic-cylinders.net\/wp-content\/uploads\/2025\/01\/songte-cylinder-head-with-all-kinds-excavator-models.webp\" alt=\"Kausa cilindrs Caterpillar mazajam ekskavatoram E305ECR\"><\/p>\n<h2>Lietojumprogrammu scen\u0101riji<\/h2>\n<h3>Celtniec\u012bbas apr\u012bkojums<\/h3>\n<p>Ekskavatoros tie ir nepiecie\u0161ami augsnes vai gru\u017eu rak\u0161anai, iekrau\u0161anai un p\u0101rvieto\u0161anai. Ekskavatoros ar iekr\u0101v\u0113ju kausa cilindri pal\u012bdz gan rak\u0161an\u0101, gan cel\u0161an\u0101. To izmanto front\u0101lajos iekr\u0101v\u0113jos augsnes, siena un citu materi\u0101lu sav\u0101k\u0161anai, pacel\u0161anai un transport\u0113\u0161anai.<\/p>\n<h3>Lauksaimniec\u012bbas tehnika<\/h3>\n<p>Izmanto front\u0101lajiem iekr\u0101v\u0113jiem augsnes, siena un citu materi\u0101lu sav\u0101k\u0161anai, pacel\u0161anai un transport\u0113\u0161anai.<\/p>\n<h3>Ekskavatori<\/h3>\n<p>Kausa cilindri pan\u0101k rak\u0161anas darb\u012bbu, \u013caujot kausam iek\u013c\u016bt augsn\u0113.<\/p>\n<h3>Iekr\u0101v\u0113ji<\/h3>\n<p>Front\u0101lajos iekr\u0101v\u0113jos tie pal\u012bdz efekt\u012bvi pacelt un izkraut kravu.<\/p>\n<h2>Dizaina apsv\u0113rumi un atlases krit\u0113riji<\/h2>\n<p>Kausa cilindriem j\u0101b\u016bt konstru\u0113tiem t\u0101, lai tie iztur\u0113tu lielas slodzes, tiem j\u0101b\u016bt nosl\u0113gtiem, lai nov\u0113rstu nopl\u016bdes, un iztur\u012bgiem, lai iztur\u0113tu skarbus darba apst\u0101k\u013cus. Tiem j\u0101b\u016bt ar\u012b dro\u0161iem un viegli kopjamiem.<\/p>\n<h3>Nestsp\u0113ja<\/h3>\n<p>Kausa cilindri ir izgatavoti no augstas stipr\u012bbas materi\u0101liem, lai iztur\u0113tu augstu spiedienu un lielas slodzes. Virzu\u013ca stienim j\u0101b\u016bt izgatavotam no augstas stipr\u012bbas t\u0113rauda.<\/p>\n<h3>Bl\u012bv\u0113\u0161ana<\/h3>\n<p>Lai nov\u0113rstu hidraulisk\u0101 \u0161\u0137idruma nopl\u016bdes, tiek izmantoti da\u017e\u0101di bl\u012bv\u0113jumi, piem\u0113ram, virzu\u013ca bl\u012bv\u0113jumi un stie\u0146a bl\u012bv\u0113jumi. Bl\u012bv\u0113jumiem parasti izmanto poliuret\u0101nu un nitrila gumiju to nodilumiztur\u012bbas d\u0113\u013c. Cilindra korpuss un v\u012btnes gala virsma ir smalki apstr\u0101d\u0101ta, lai uzlabotu nodilumiztur\u012bbu. Lai nov\u0113rstu nodilumu un nodro\u0161in\u0101tu vienm\u0113r\u012bgu darb\u012bbu, ir nepiecie\u0161ama regul\u0101ra e\u013c\u013co\u0161ana.<\/p>\n<h3>Iztur\u012bba<\/h3>\n<p>Kausa cilindriem j\u0101b\u016bt konstru\u0113tiem t\u0101, lai tie iztur\u0113tu skarbus darba apst\u0101k\u013cus un b\u016btu iztur\u012bgi pret koroziju. Lai nodro\u0161in\u0101tu ilgu kalpo\u0161anas laiku, j\u0101izmanto augstas kvalit\u0101tes materi\u0101li un p\u0101rkl\u0101jumi.<\/p>\n<h3>Dro\u0161\u012bba<\/h3>\n<p>Kausa cilindriem j\u0101b\u016bt konstru\u0113tiem t\u0101, lai nodro\u0161in\u0101tu operatora dro\u0161\u012bbu. J\u0101uzst\u0101da dro\u0161\u012bbas v\u0101rsti, lai nov\u0113rstu p\u0101rspiedienu un p\u0101rslodzi.<\/p>\n<h3>Apkope<\/h3>\n<p>Lai nodro\u0161in\u0101tu kausu cilindru dro\u0161u un efekt\u012bvu darb\u012bbu, nepiecie\u0161ama regul\u0101ra p\u0101rbaude un apkope. Tas ietver nopl\u016b\u017eu p\u0101rbaudi, pareizas e\u013c\u013co\u0161anas nodro\u0161in\u0101\u0161anu, nodilu\u0161o bl\u012bv\u0113jumu nomai\u0146u un kalibr\u0113\u0161anas p\u0101rbaudes.<\/p>\n<p><img decoding=\"async\" src=\"https:\/\/www.hydraulic-cylinders.net\/wp-content\/uploads\/2025\/01\/songte-oil-pipes-and-spare-parts.webp\" alt=\"Kausa cilindrs Caterpillar mazajam ekskavatoram E305ECR\"><\/p>\n<h2>Instal\u0101cijas rokasgr\u0101mata<\/h2>\n<p>Lai uzst\u0101d\u012btu kausa cilindru, ir svar\u012bgi to pareizi izl\u012bdzin\u0101t. Ieteicams izmantot atbilsto\u0161us uzst\u0101d\u012b\u0161anas kron\u0161teinus, lai nostiprin\u0101tu cilindru viet\u0101. Ieteicams veikt \u0161\u0101dus apkopes darbus:<\/p>\n<ul>\n<li>Regul\u0101ra p\u0101rbaude<\/li>\n<li>Pareiza e\u013c\u013co\u0161ana<\/li>\n<li>Bl\u012bv\u0113juma nomai\u0146a<\/li>\n<li>Kalibr\u0113\u0161anas p\u0101rbaudes<\/li>\n<\/ul>\n<p><img decoding=\"async\" src=\"https:\/\/www.hydraulic-cylinders.net\/wp-content\/uploads\/2025\/01\/songte-chushion-collar.webp\" alt=\"Kausa cilindrs Caterpillar mazajam ekskavatoram E305ECR\"><\/p>\n<h2>Dro\u0161\u012bbas un vides apsv\u0113rumi<\/h2>\n<p>Lietojot kausu cilindrus, ir svar\u012bgi iev\u0113rot dro\u0161\u012bbas pas\u0101kumus, lai nov\u0113rstu negad\u012bjumus un traumas. Pareiza cilindra lieto\u0161ana un apkope var nov\u0113rst vides kait\u0113jumu un nodro\u0161in\u0101t cilindra ilgm\u016b\u017e\u012bbu.<\/p>\n<h2>Probl\u0113mu nov\u0113r\u0161ana un bie\u017ei sastopamas probl\u0113mas<\/h2>\n<p>Kad rodas probl\u0113mas ar kausu cilindriem, tas var izrais\u012bt kav\u0113\u0161anos un dro\u0161\u012bbas probl\u0113mas. Visbie\u017e\u0101k sastopam\u0101s probl\u0113mas ir nopl\u016bdes, cilindru nob\u012bde un slikta veiktsp\u0113ja. Regul\u0101ra p\u0101rbaude un apkope var pal\u012bdz\u0113t nov\u0113rst \u0161\u012bs probl\u0113mas.<\/p>\n<h2>Par m\u016bsu uz\u0146\u0113mumu<\/h2>\n<p>M\u0113s esam vado\u0161ais hidraulisko cilindru ra\u017eot\u0101js un vairumtirdzniec\u012bbas izplat\u012bt\u0101js viet\u0113j\u0101 un starptautiskaj\u0101 tirg\u016b. M\u0113s iev\u0113rojam ra\u017eo\u0161anas izcil\u012bbas strat\u0113\u0123iju, pa\u013caujoties uz prec\u012bzi noregul\u0113t\u0101m r\u016bpniecisk\u0101s ra\u017eo\u0161anas vad\u012bbas strat\u0113\u0123ij\u0101m, tehnolo\u0123iskajiem talantiem, digit\u0101l\u0101m augstas klases ra\u017eo\u0161anas iek\u0101rt\u0101m un profesion\u0101l\u0101m test\u0113\u0161anas sist\u0113m\u0101m, lai nep\u0101rtraukti uzlabotu m\u016bsu ra\u017eo\u0161anas platformu. M\u0113s pied\u0101v\u0101jam augstas kvalit\u0101tes produktus, kas atbilst klientu da\u017e\u0101daj\u0101m vajadz\u012bb\u0101m un uzlabo vi\u0146u darb\u012bbas efektivit\u0101ti. M\u0113s pied\u0101v\u0101jam profesion\u0101lus pakalpojumus un piel\u0101gotus risin\u0101jumus, lai apmierin\u0101tu vi\u0146u \u012bpa\u0161\u0101s vajadz\u012bbas.<\/p>\n<ul>\n<li>Profesionalit\u0101te<\/li>\n<li>Starptautisk\u0101 sertifik\u0101cija<\/li>\n<li>Piel\u0101goti pakalpojumi<\/li>\n<li>Ra\u017eo\u0161anas iek\u0101rtas<\/li>\n<li>P\u0113cp\u0101rdo\u0161anas pakalpojumi<\/li>\n<\/ul>\n<p><img decoding=\"async\" src=\"https:\/\/hzpt.com\/wp-content\/uploads\/2024\/11\/songte-company-1.webp\" alt=\"Kausa cilindrs Caterpillar mazajam ekskavatoram E305ECR\"><\/p>\n<p>Autors: Lails.<\/p>","protected":false},"excerpt":{"rendered":"<p>Bucket Cylinder For Caterpillar Small Excavator E305ECR Introduction A bucket cylinder for Caterpillar small excavator E305ECR is a specially designed hydraulic cylinder used to control the movements of buckets in heavy machinery such as excavators, backhoe excavators, and front-end loaders. Its main function is to enable the bucket to lift, lower, and tilt, making it [&hellip;]<\/p>","protected":false},"featured_media":14771,"comment_status":"open","ping_status":"closed","template":"","meta":{"_et_pb_use_builder":"","_et_pb_old_content":"","_et_gb_content_width":""},"product_brand":[],"product_cat":[1494],"product_tag":[1495,1496],"class_list":{"0":"post-15202","1":"product","2":"type-product","3":"status-publish","4":"has-post-thumbnail","6":"product_cat-bucket-cylinders","7":"product_tag-bucket-cylinders","8":"product_tag-hydraulic-cylinders","10":"first","11":"instock","12":"shipping-taxable","13":"product-type-simple"},"amp_enabled":true,"_links":{"self":[{"href":"https:\/\/www.hydraulic-cylinders.net\/lv\/wp-json\/wp\/v2\/product\/15202","targetHints":{"allow":["GET"]}}],"collection":[{"href":"https:\/\/www.hydraulic-cylinders.net\/lv\/wp-json\/wp\/v2\/product"}],"about":[{"href":"https:\/\/www.hydraulic-cylinders.net\/lv\/wp-json\/wp\/v2\/types\/product"}],"replies":[{"embeddable":true,"href":"https:\/\/www.hydraulic-cylinders.net\/lv\/wp-json\/wp\/v2\/comments?post=15202"}],"wp:featuredmedia":[{"embeddable":true,"href":"https:\/\/www.hydraulic-cylinders.net\/lv\/wp-json\/wp\/v2\/media\/14771"}],"wp:attachment":[{"href":"https:\/\/www.hydraulic-cylinders.net\/lv\/wp-json\/wp\/v2\/media?parent=15202"}],"wp:term":[{"taxonomy":"product_brand","embeddable":true,"href":"https:\/\/www.hydraulic-cylinders.net\/lv\/wp-json\/wp\/v2\/product_brand?post=15202"},{"taxonomy":"product_cat","embeddable":true,"href":"https:\/\/www.hydraulic-cylinders.net\/lv\/wp-json\/wp\/v2\/product_cat?post=15202"},{"taxonomy":"product_tag","embeddable":true,"href":"https:\/\/www.hydraulic-cylinders.net\/lv\/wp-json\/wp\/v2\/product_tag?post=15202"}],"curies":[{"name":"wp","href":"https:\/\/api.w.org\/{rel}","templated":true}]}}