{"id":15212,"date":"2025-01-19T14:14:40","date_gmt":"2025-01-19T14:14:40","guid":{"rendered":"https:\/\/www.hydraulic-cylinders.net\/product\/bucket-cylinder-for-caterpillar-small-excavator-e120-120b\/"},"modified":"2025-01-19T14:14:42","modified_gmt":"2025-01-19T14:14:42","slug":"bucket-cylinder-for-caterpillar-small-excavator-e120-120b","status":"publish","type":"product","link":"https:\/\/www.hydraulic-cylinders.net\/lv\/products\/bucket-cylinder-for-caterpillar-small-excavator-e120-120b\/","title":{"rendered":"Kausa cilindrs Caterpillar mazajam ekskavatoram E120\/120B"},"content":{"rendered":"<h1>Kausa cilindrs Caterpillar mazajam ekskavatoram E120\/120B<\/h1>\n<h2>Ievads<\/h2>\n<p>Kausa cilindrs Caterpillar mazajam ekskavatoram E120\/120B ir specializ\u0113ts hidrauliskais cilindrs, kas galvenok\u0101rt paredz\u0113ts kausu kust\u012bbas vad\u012bbai smagaj\u0101 ma\u0161\u012bn\u0101, piem\u0113ram, ekskavatoros, ekskavatoros un front\u0101lajos iekr\u0101v\u0113jos. T\u0101 galven\u0101 funkcija ir nodro\u0161in\u0101t kausa pacel\u0161anu, nolai\u0161anu un noliek\u0161anu, atvieglojot da\u017e\u0101du materi\u0101lu apstr\u0101des uzdevumu veik\u0161anu. Hidrauliskaj\u0101 sist\u0113m\u0101 kausa cilindrs pan\u0101k prec\u012bzu kausa vad\u012bbu, mainot hidraulisk\u0101s e\u013c\u013cas spiedienu, \u013caujot operatoriem efekt\u012bvi apstr\u0101d\u0101t smagas kravas, piel\u0101goties sare\u017e\u0123\u012btai darba videi un da\u017e\u0101d\u0101m ekspluat\u0101cijas pras\u012bb\u0101m.<\/p>\n<p><img decoding=\"async\" src=\"https:\/\/www.hydraulic-cylinders.net\/wp-content\/uploads\/2025\/01\/songte-company-2.webp\" alt=\"Kausa cilindrs\" \/><\/p>\n<h2>Funkcijas<\/h2>\n<ul>\n<li>\n<h3>Augsta iztur\u012bba un ilgm\u016b\u017e\u012bba:<\/h3>\n<p> Kausa cilindrs parasti ir izgatavots no augstas stipr\u012bbas t\u0113rauda vai alum\u012bnija, kas var iztur\u0113t augstu spiedienu un lielas slodzes, piel\u0101goties skarbai darba videi un ir paredz\u0113ts, lai \u0146emtu v\u0113r\u0101 nodilumiztur\u012bbu un iztur\u012bbu pret koroziju, lai pagarin\u0101tu t\u0101 kalpo\u0161anas laiku.<\/li>\n<li>\n<h3>Efekt\u012bva hidraulisk\u0101 darb\u012bba:<\/h3>\n<p> Kausa cilindrs izmanto hidraulisk\u0101s e\u013c\u013cas spiedienu, lai pan\u0101ktu vienm\u0113r\u012bgu teleskopisko darb\u012bbu, var \u0101tri rea\u0123\u0113t uz vad\u012bbas komand\u0101m, nodro\u0161in\u0101t sp\u0113c\u012bgus stum\u0161anas un vilk\u0161anas sp\u0113kus un ir piem\u0113rots smagu kravu apstr\u0101dei un sare\u017e\u0123\u012btiem ekspluat\u0101cijas uzdevumiem.<\/li>\n<li>\n<h3>Da\u017e\u0101di veidi:<\/h3>\n<p> Atbilsto\u0161i pras\u012bb\u0101m var izv\u0113l\u0113ties vienk\u0101r\u0161as darb\u012bbas (hidraulika tiek izmantota tikai vien\u0101 virzien\u0101) vai divk\u0101r\u0161as darb\u012bbas (hidraulika tiek izmantota abos virzienos) cilindrus, lai tie atbilstu da\u017e\u0101d\u0101m ekspluat\u0101cijas vajadz\u012bb\u0101m. Da\u017ei mode\u013ci ir teleskopiski, kas \u013cauj tos pagarin\u0101t, nepalielinot \u0101r\u0113jos izm\u0113rus, padarot tos ide\u0101li piem\u0113rotus lietojumiem ierobe\u017eot\u0101 telp\u0101.<\/li>\n<li>\n<h3>Produkta nomai\u0146a:<\/h3>\n<p> M\u0113s varam ra\u017eot \u0161o produktu, un m\u016bsu produkts var lieliski aizst\u0101t \u0161os hidrauliskos cilindrus.<\/li>\n<\/ul>\n<p><img decoding=\"async\" src=\"https:\/\/www.hydraulic-cylinders.net\/wp-content\/uploads\/2025\/01\/songte-cylinder-head-with-all-kinds-excavator-models.webp\" alt=\"Kausa cilindra nomai\u0146a\" \/><\/p>\n<h2>Pieteikumi<\/h2>\n<p>Kausa cilindrs tiek izmantots da\u017e\u0101d\u0101s nozar\u0113s, no kur\u0101m da\u017eas ir:<\/p>\n<ul>\n<li>\n<h3>Celtniec\u012bbas apr\u012bkojums:<\/h3>\n<p> Ekskavatoros tie ir iz\u0161\u0137iro\u0161i svar\u012bgi augsnes vai gru\u017eu rak\u0161anai, iekrau\u0161anai un p\u0101rvieto\u0161anai. Ekskavatoros-iekr\u0101v\u0113jos kausa cilindrs pal\u012bdz gan rak\u0161an\u0101, gan cel\u0161an\u0101.<\/li>\n<li>\n<h3>Lauksaimniec\u012bbas tehnika:<\/h3>\n<p> Kausa cilindrs, ko izmanto front\u0101lajos iekr\u0101v\u0113jos augsnes, siena un citu materi\u0101lu rak\u0161anai, cel\u0161anai un transport\u0113\u0161anai, pan\u0101k rak\u0161anas darb\u012bbu, \u013caujot kausam iek\u013c\u016bt augsn\u0113.<\/li>\n<li>\n<h3>Iekr\u0101v\u0113js:<\/h3>\n<p> Front\u0101lajos iekr\u0101v\u0113jos tie pal\u012bdz efekt\u012bvi pacelt un noliekt preces.<\/li>\n<\/ul>\n<p>Katru lietojumprogrammu var papla\u0161in\u0101t atbilsto\u0161i pras\u012bb\u0101m ar atsl\u0113gv\u0101rdiem un aprakstiem.<\/p>\n<h2>Dizaina apsv\u0113rumi un atlases krit\u0113riji<\/h2>\n<p>No konstrukcijas viedok\u013ca kausa cilindram j\u0101sp\u0113j nest slodzi, j\u0101nodro\u0161ina atbilsto\u0161s bl\u012bv\u0113jums, iztur\u012bba, dro\u0161\u012bba un apkope. J\u0101\u0146em v\u0113r\u0101 \u0161\u0101di punkti:<\/p>\n<ul>\n<li>\n<h3>Nestsp\u0113ja:<\/h3>\n<p> Kausa cilindram j\u0101sp\u0113j iztur\u0113t maksim\u0101lo spiedienu un sp\u0113ku, ar ko tas var saskarties darb\u012bbas laik\u0101. \u0160o ietilp\u012bbu nosaka cilindra izm\u0113rs un t\u0101 ra\u017eo\u0161an\u0101 izmantotais materi\u0101ls.<\/li>\n<li>\n<h3>Bl\u012bv\u0113jums:<\/h3>\n<p> Da\u017e\u0101du bl\u012bv\u0113\u0161anas elementu, piem\u0113ram, virzu\u013ca bl\u012bv\u0113jumu un stie\u0146a bl\u012bv\u0113jumu, kas izgatavoti no nodilumiztur\u012bgiem materi\u0101liem, piem\u0113ram, poliuret\u0101na un nitrila gumijas, izmanto\u0161ana samazina nopl\u016bdes risku un uzlabo cilindra iztur\u012bbu. Turkl\u0101t cilindra urbuma un v\u012btnes gala virsmas tiek r\u016bp\u012bgi apstr\u0101d\u0101tas, lai uzlabotu nodilumiztur\u012bbu.<\/li>\n<li>\n<h3>Iztur\u012bba:<\/h3>\n<p> Konstrukcijai j\u0101nodro\u0161ina, lai cilindrs iztur\u0113tu visliel\u0101ko slodzi un sp\u0113tu tikt gal\u0101 ar vissmag\u0101kajiem darba apst\u0101k\u013ciem. Baloniem j\u0101b\u016bt ar\u012b izcilai iztur\u012bbai pret koroziju, lai pagarin\u0101tu to kalpo\u0161anas laiku.<\/li>\n<li>\n<h3>Dro\u0161\u012bba:<\/h3>\n<p> Baloniem j\u0101b\u016bt konstru\u0113tiem t\u0101, lai nov\u0113rstu nejau\u0161u aktiviz\u0113\u0161anos vai darb\u012bbas trauc\u0113jumus darb\u012bbas laik\u0101. Konstrukcij\u0101 j\u0101\u0146em v\u0113r\u0101 ar\u012b operatora dro\u0161\u012bba ma\u0161\u012bnas ekspluat\u0101cijas laik\u0101.<\/li>\n<li>\n<h3>Uzturam\u012bba:<\/h3>\n<p> Balonam j\u0101b\u016bt konstru\u0113tam t\u0101, lai atvieglotu apkopi un pras\u012btu minim\u0101lu d\u012bkst\u0101vi. Projekt\u0113jot j\u0101\u0146em v\u0113r\u0101 ar\u012b tas, cik viegli ir nomain\u012bt jebkuru nolietotu deta\u013cu.<\/li>\n<\/ul>\n<p><img decoding=\"async\" src=\"https:\/\/www.hydraulic-cylinders.net\/wp-content\/uploads\/2025\/01\/songte-oil-pipes-and-spare-parts.webp\" alt=\"Kausa cilindrs ar rezerves da\u013c\u0101m\" \/><\/p>\n<h2>Bl\u012bv\u0113\u0161ana un e\u013c\u013co\u0161ana<\/h2>\n<p>Kausa cilindram j\u0101izmanto da\u017e\u0101di bl\u012bv\u0113\u0161anas elementi, lai nov\u0113rstu jebk\u0101du nopl\u016bdi. Nodilumiztur\u012bgu materi\u0101lu, piem\u0113ram, poliuret\u0101na un nitrilgumijas, izmanto\u0161ana nodro\u0161ina cilindra iztur\u012bbu. Regul\u0101ra atbilsto\u0161a hidraulisk\u0101s e\u013c\u013cas daudzuma pievieno\u0161ana cilindra e\u013c\u013co\u0161anai var pal\u012bdz\u0113t uzlabot t\u0101 kalpo\u0161anas laiku. Cilindra urbums un v\u012btnes gala virsmas tiek r\u016bp\u012bgi apstr\u0101d\u0101tas, lai uzlabotu to nodilumiztur\u012bbu.<\/p>\n<h2>Prevent\u012bv\u0101 apkope un p\u0101rbaude<\/h2>\n<p>Lai izvair\u012btos no b\u016btiskiem balona boj\u0101jumiem, nepiecie\u0161ama regul\u0101ra p\u0101rbaude un profilaktisk\u0101 apkope. Da\u017ei apkopes darbi, ko var veikt, ir \u0161\u0101di:<\/p>\n<ul>\n<li>\n<h3>Regul\u0101ra p\u0101rbaude:<\/h3>\n<p> Regul\u0101ra balona p\u0101rbaude var pal\u012bdz\u0113t identific\u0113t jebkuru probl\u0113mu, pirms t\u0101 k\u013c\u016bst nopietn\u0101ka. P\u0101rbaud\u0113s j\u0101iek\u013cauj nopl\u016bdes, bl\u012bv\u0113jumu boj\u0101jumu un pareizas izl\u012bdzin\u0101\u0161anas p\u0101rbaude.<\/li>\n<li>\n<h3>Pareiza e\u013c\u013co\u0161ana:<\/h3>\n<p> Pievienojot atbilsto\u0161u hidraulisk\u0101s e\u013c\u013cas daudzumu, var uzlabot cilindra kalpo\u0161anas laiku un nodro\u0161in\u0101t vienm\u0113r\u012bgu darb\u012bbu.<\/li>\n<li>\n<h3>Bl\u012bv\u0113juma nomai\u0146a:<\/h3>\n<p> Regul\u0101ra bl\u012bv\u0113jumu nomai\u0146a var pal\u012bdz\u0113t samazin\u0101t jebk\u0101das nopl\u016bdes un uzlabot cilindra kalpo\u0161anas laiku.<\/li>\n<li>\n<h3>Kalibr\u0113\u0161anas p\u0101rbaude:<\/h3>\n<p> Regul\u0101ra kalibr\u0113\u0161ana var nodro\u0161in\u0101t, ka cilindrs darbojas noteiktaj\u0101s pielaides robe\u017e\u0101s.<\/li>\n<\/ul>\n<p>Pareiza uzst\u0101d\u012b\u0161ana, e\u013c\u013co\u0161ana un regul\u0113\u0161ana ir \u013coti svar\u012bga kausa cilindra ilgsto\u0161ai lieto\u0161anai. Ieteicams pareizi izl\u012bdzin\u0101t cilindru un izmantot atbilsto\u0161us uzst\u0101d\u012b\u0161anas kron\u0161teinus, lai cilindru stingri nostiprin\u0101tu.<\/p>\n<p><img decoding=\"async\" src=\"https:\/\/www.hydraulic-cylinders.net\/wp-content\/uploads\/2025\/01\/songte-chushion-collar.webp\" alt=\"Kausa cilindra uzst\u0101d\u012b\u0161ana\" \/><\/p>\n<h2>Dro\u0161\u012bbas un vides apsv\u0113rumi<\/h2>\n<p>Lietojot kausa cilindru, j\u0101iev\u0113ro atbilsto\u0161i dro\u0161\u012bbas pas\u0101kumi, lai nodro\u0161in\u0101tu operatora un apk\u0101rt\u0113jo cilv\u0113ku dro\u0161\u012bbu. Turkl\u0101t kausa cilindrs ir pareizi j\u0101izn\u012bcina, lai nov\u0113rstu vides pies\u0101r\u0146o\u0161anu.<\/p>\n<h2>K\u013c\u016bmju diagnostika un probl\u0113mu nov\u0113r\u0161ana<\/h2>\n<p>Visbie\u017e\u0101k sastopam\u0101s probl\u0113mas, kas var rasties ar kausa cilindru, ir nopl\u016bde, bl\u012bv\u0113juma boj\u0101jumi un nepareiza izl\u012bdzin\u0101\u0161ana. Lai risin\u0101tu \u0161\u012bs probl\u0113mas, ir nepiecie\u0161amas regul\u0101ras p\u0101rbaudes un profilaktisk\u0101 apkope. Jebkuru probl\u0113mu gad\u012bjum\u0101 var veikt atbilsto\u0161u probl\u0113mu nov\u0113r\u0161anu, lai identific\u0113tu un atrisin\u0101tu probl\u0113mu.<\/p>\n<p><img decoding=\"async\" src=\"https:\/\/www.hydraulic-cylinders.net\/wp-content\/uploads\/2025\/01\/songte-bushings-with-all-kinds-of-excavator-models.webp\" alt=\"Kausa cilindra bukses\" \/><\/p>\n<h2>Par m\u016bsu uz\u0146\u0113mumu<\/h2>\n<p>M\u0113s esam rezerves hidraulisko cilindru ra\u017eot\u0101js un pied\u0101v\u0101jam pilnu produktu kl\u0101stu. M\u0113s esam vado\u0161ais hidraulisko cilindru ra\u017eot\u0101js un vairumtirdzniec\u012bbas izplat\u012bt\u0101js viet\u0113j\u0101 un \u0101rvalstu tirgos. M\u0113s iev\u0113rojam izcilas kvalit\u0101tes politiku, pa\u013caujamies uz smalku ra\u017eo\u0161anas darbn\u012bcu r\u016bpniecisk\u0101s ra\u017eo\u0161anas vad\u012bbas strat\u0113\u0123iju, pa\u013caujamies uz tehnolo\u0123iskajiem talantiem, augstas klases digit\u0101laj\u0101m ra\u017eo\u0161anas iek\u0101rt\u0101m un profesion\u0101l\u0101m noteik\u0161anas sist\u0113m\u0101m, past\u0101v\u012bgi uzlabojam darbn\u012bcas ra\u017eo\u0161anas platformu, pilnveidojam produkta ra\u017eo\u0161anas kvalit\u0101tes ce\u013cu un mums ir sp\u0113c\u012bgas rado\u0161\u0101s sp\u0113jas. M\u0113s apmierin\u0101m da\u017e\u0101das klientu vajadz\u012bbas ar augstu efektivit\u0101ti, precizit\u0101ti un kvalit\u0101ti.<\/p>\n<p><img decoding=\"async\" src=\"https:\/\/hzpt.com\/wp-content\/uploads\/2024\/11\/songte-company-1.webp\" alt=\"Uz\u0146\u0113muma t\u0113ls\" \/><\/p>\n<h3>Profesionalit\u0101te:<\/h3>\n<p>M\u016bsu ekspertu komandai ir daudzu gadu pieredze ra\u017eo\u0161anas nozar\u0113, kas \u013cauj mums ra\u017eot augstas kvalit\u0101tes produktus. M\u0113s iev\u0113rojam stingras kvalit\u0101tes kontroles proced\u016bras katr\u0101 sol\u012b, s\u0101kot no projekt\u0113\u0161anas l\u012bdz ra\u017eo\u0161anai.<\/p>\n<h3>Starptautisk\u0101 sertifik\u0101cija:<\/h3>\n<p>M\u0113s esam sertific\u0113ti atbilsto\u0161i da\u017e\u0101diem starptautiskiem standartiem, piem\u0113ram, ISO 9001 un CE, kas apliecina m\u016bsu ap\u0146em\u0161anos nodro\u0161in\u0101t kvalit\u0101ti un izcil\u012bbu.<\/p>\n<h3>Piel\u0101go\u0161anas pakalpojumi:<\/h3>\n<p>M\u0113s pied\u0101v\u0101jam piel\u0101go\u0161anas pakalpojumus, kur klienti var izv\u0113l\u0113ties no da\u017e\u0101d\u0101m iesp\u0113j\u0101m atbilsto\u0161i sav\u0101m vajadz\u012bb\u0101m. M\u0113s varam ar\u012b projekt\u0113t un ra\u017eot atbilsto\u0161i klienta specifik\u0101cij\u0101m.<\/p>\n<h3>Ra\u017eo\u0161anas iek\u0101rtas:<\/h3>\n<p>M\u016bsu produktu ra\u017eo\u0161anai m\u0113s izmantojam augst\u0101k\u0101s klases ra\u017eo\u0161anas iek\u0101rtas. Mums ir CNC iek\u0101rtas, virpas un cits specializ\u0113ts apr\u012bkojums, kas \u013cauj mums ra\u017eot augstas kvalit\u0101tes hidrauliskos cilindrus.<\/p>\n<h3>P\u0113cp\u0101rdo\u0161anas pakalpojumi:<\/h3>\n<p>M\u0113s pied\u0101v\u0101jam klientiem p\u0113cp\u0101rdo\u0161anas pakalpojumus, kas ietver atbalstu un pal\u012bdz\u012bbu jebkuru probl\u0113mu risin\u0101\u0161an\u0101. M\u016bsu ekspertu komanda vienm\u0113r ir gatava pal\u012bdz\u0113t m\u016bsu klientiem.<\/p>\n<h4>Autors: lil<\/h4>","protected":false},"excerpt":{"rendered":"<p>Bucket Cylinder For Caterpillar Small Excavator E120\/120B Introduction A bucket cylinder for Caterpillar small excavator E120\/120B is a specialized hydraulic cylinder designed primarily to control the movement of buckets in heavy machinery such as excavators, backhoes, and front loaders. Its main function is to enable the bucket to be lifted, lowered, and tilted, making it [&hellip;]<\/p>","protected":false},"featured_media":14782,"comment_status":"open","ping_status":"closed","template":"","meta":{"_et_pb_use_builder":"","_et_pb_old_content":"","_et_gb_content_width":""},"product_brand":[],"product_cat":[1494],"product_tag":[1495,1496],"class_list":{"0":"post-15212","1":"product","2":"type-product","3":"status-publish","4":"has-post-thumbnail","6":"product_cat-bucket-cylinders","7":"product_tag-bucket-cylinders","8":"product_tag-hydraulic-cylinders","10":"first","11":"instock","12":"shipping-taxable","13":"product-type-simple"},"amp_enabled":true,"_links":{"self":[{"href":"https:\/\/www.hydraulic-cylinders.net\/lv\/wp-json\/wp\/v2\/product\/15212","targetHints":{"allow":["GET"]}}],"collection":[{"href":"https:\/\/www.hydraulic-cylinders.net\/lv\/wp-json\/wp\/v2\/product"}],"about":[{"href":"https:\/\/www.hydraulic-cylinders.net\/lv\/wp-json\/wp\/v2\/types\/product"}],"replies":[{"embeddable":true,"href":"https:\/\/www.hydraulic-cylinders.net\/lv\/wp-json\/wp\/v2\/comments?post=15212"}],"wp:featuredmedia":[{"embeddable":true,"href":"https:\/\/www.hydraulic-cylinders.net\/lv\/wp-json\/wp\/v2\/media\/14782"}],"wp:attachment":[{"href":"https:\/\/www.hydraulic-cylinders.net\/lv\/wp-json\/wp\/v2\/media?parent=15212"}],"wp:term":[{"taxonomy":"product_brand","embeddable":true,"href":"https:\/\/www.hydraulic-cylinders.net\/lv\/wp-json\/wp\/v2\/product_brand?post=15212"},{"taxonomy":"product_cat","embeddable":true,"href":"https:\/\/www.hydraulic-cylinders.net\/lv\/wp-json\/wp\/v2\/product_cat?post=15212"},{"taxonomy":"product_tag","embeddable":true,"href":"https:\/\/www.hydraulic-cylinders.net\/lv\/wp-json\/wp\/v2\/product_tag?post=15212"}],"curies":[{"name":"wp","href":"https:\/\/api.w.org\/{rel}","templated":true}]}}