{"id":15217,"date":"2025-01-19T14:15:08","date_gmt":"2025-01-19T14:15:08","guid":{"rendered":"https:\/\/www.hydraulic-cylinders.net\/product\/bucket-cylinder-for-caterpillar-small-excavator-e313bcr\/"},"modified":"2025-01-19T14:15:11","modified_gmt":"2025-01-19T14:15:11","slug":"bucket-cylinder-for-caterpillar-small-excavator-e313bcr","status":"publish","type":"product","link":"https:\/\/www.hydraulic-cylinders.net\/lv\/products\/bucket-cylinder-for-caterpillar-small-excavator-e313bcr\/","title":{"rendered":"Kausa cilindrs Caterpillar mazajam ekskavatoram E313BCR"},"content":{"rendered":"<h1>Kausa cilindrs Caterpillar mazajam ekskavatoram E313BCR<\/h1>\n<h2>Ievads<\/h2>\n<p>Kausa cilindrs Caterpillar mazajam ekskavatoram E313BCR ir \u012bpa\u0161i izstr\u0101d\u0101ts hidrauliskais cilindrs, ko galvenok\u0101rt izmanto, lai kontrol\u0113tu kausu kust\u012bbu smagaj\u0101s ma\u0161\u012bn\u0101s, piem\u0113ram, ekskavatoros, ekskavatoros-iekr\u0101v\u0113jos un front\u0101lajos iekr\u0101v\u0113jos. T\u0101 galven\u0101 funkcija ir nodro\u0161in\u0101t kausa pacel\u0161anu, nolai\u0161anu un noliek\u0161anu, atvieglojot da\u017e\u0101du materi\u0101lu apstr\u0101di. Hidrauliskaj\u0101 sist\u0113m\u0101 kausa cilindrs prec\u012bzi kontrol\u0113 kausa kust\u012bbas, mainot hidraulisk\u0101s e\u013c\u013cas spiedienu, \u013caujot operatoriem efekt\u012bvi apstr\u0101d\u0101t smagas kravas un piel\u0101goties sare\u017e\u0123\u012btai darba videi un da\u017e\u0101d\u0101m ekspluat\u0101cijas pras\u012bb\u0101m.<\/p>\n<p><img decoding=\"async\" src=\"https:\/\/www.hydraulic-cylinders.net\/wp-content\/uploads\/2025\/01\/songte-company-2.webp\" alt=\"Kausa cilindra att\u0113ls\"><\/p>\n<h2>Funkcijas<\/h2>\n<ul>\n<li>Augsta iztur\u012bba un ilgm\u016b\u017e\u012bba: Parasti izgatavots no augstas stipr\u012bbas t\u0113rauda vai alum\u012bnija, tas var iztur\u0113t augstu spiedienu un lielas slodzes, un tas ir izstr\u0101d\u0101ts, \u0146emot v\u0113r\u0101 nodilumiztur\u012bbu un korozijas iztur\u012bbu, pagarinot t\u0101 kalpo\u0161anas laiku.<\/li>\n<li>Efekt\u012bva hidraulisk\u0101 darb\u012bba: t\u0101 izmanto hidraulisk\u0101s e\u013c\u013cas spiedienu, lai pan\u0101ktu vienm\u0113r\u012bgu izstiep\u0161anu un ievilk\u0161anu, var \u0101tri rea\u0123\u0113t uz vad\u012bbas komand\u0101m, nodro\u0161ina sp\u0113c\u012bgu stum\u0161anas un vilk\u0161anas sp\u0113ku un ir piem\u0113rota smagu kravu apstr\u0101dei un sare\u017e\u0123\u012btiem ekspluat\u0101cijas uzdevumiem.<\/li>\n<li>Da\u017e\u0101di veidi: vienas darb\u012bbas (hidrauliku izmanto tikai vien\u0101 virzien\u0101) vai divk\u0101r\u0161as darb\u012bbas (hidrauliku izmanto divos virzienos) cilindrus var izv\u0113l\u0113ties atkar\u012bb\u0101 no vajadz\u012bb\u0101m, lai apmierin\u0101tu da\u017e\u0101das ekspluat\u0101cijas pras\u012bbas. Da\u017ei mode\u013ci ir teleskopiski, kas \u013cauj tos pagarin\u0101t, nepalielinot \u0101r\u0113jos izm\u0113rus, un ir ide\u0101li piem\u0113roti lieto\u0161anai ierobe\u017eot\u0101 telp\u0101.<\/li>\n<li>Viegli izgatavojams: m\u0113s varam ra\u017eot \u0161o produktu, un m\u016bsu produkti var lieliski aizst\u0101t \u0161os hidrauliskos cilindrus.<\/li>\n<\/ul>\n<p><img decoding=\"async\" src=\"https:\/\/www.hydraulic-cylinders.net\/wp-content\/uploads\/2025\/01\/songte-cylinder-head-with-all-kinds-excavator-models.webp\" alt=\"Kausa cilindra att\u0113ls\"><\/p>\n<h2>Pieteikumi<\/h2>\n<h3>Celtniec\u012bbas apr\u012bkojums<\/h3>\n<p>Ekskavatoros tie ir nepiecie\u0161ami zemes vai gru\u017eu rak\u0161anai, iekrau\u0161anai un p\u0101rvieto\u0161anai. Ekskavatoros-iekr\u0101v\u0113jos kausa cilindrs pal\u012bdz rakt un celt. Front\u0101lajos iekr\u0101v\u0113jos tie pal\u012bdz efekt\u012bvi pacelt un izg\u0101zt kravu.<\/p>\n<h3>Lauksaimniec\u012bbas tehnika<\/h3>\n<p>Izmanto front\u0101lajiem iekr\u0101v\u0113jiem, augsnes, siena un citu materi\u0101lu rak\u0161anai, cel\u0161anai un transport\u0113\u0161anai. Ekskavatoros kausa cilindrs nodro\u0161ina rak\u0161anu, \u013caujot kausam iek\u013c\u016bt augsn\u0113. <\/p>\n<p><img decoding=\"async\" src=\"https:\/\/www.hydraulic-cylinders.net\/wp-content\/uploads\/2025\/01\/songte-chushion-collar.webp\" alt=\"Kausa cilindra att\u0113ls\"><\/p>\n<h2>Dizaina apsv\u0113rumi un atlases krit\u0113riji<\/h2>\n<ul>\n<li>Nestsp\u0113ja: Balona nestsp\u0113jai j\u0101sp\u0113j iztur\u0113t maksim\u0101li paredzamo slodzi.<\/li>\n<li>Bl\u012bv\u0113jums: Bl\u012bv\u0113jumiem, piem\u0113ram, virzu\u013ca bl\u012bv\u0113m un stie\u0146a bl\u012bv\u0113m, j\u0101b\u016bt izgatavotiem no nodilumiztur\u012bgiem materi\u0101liem, piem\u0113ram, poliuret\u0101na un nitrila gumijas, un cilindra korpusam un v\u012bt\u0146otajai gala virsmai j\u0101b\u016bt smalki apstr\u0101d\u0101tai, lai uzlabotu nodilumiztur\u012bbu.<\/li>\n<li>Iztur\u012bba: Balonam j\u0101b\u016bt konstru\u0113tam t\u0101, lai tas iztur\u0113tu skarbus vides apst\u0101k\u013cus un b\u016btu iztur\u012bgs pret koroziju.<\/li>\n<li>Dro\u0161\u012bba: J\u0101izstr\u0101d\u0101 dro\u0161\u012bbas pas\u0101kumi, lai nodro\u0161in\u0101tu dro\u0161u darb\u012bbu un nov\u0113rstu negad\u012bjumus.<\/li>\n<li>Apkope: Balonam j\u0101b\u016bt konstru\u0113tam t\u0101, lai to b\u016btu viegli apkopt, un regul\u0101ri j\u0101veic apkopes p\u0101rbaudes, lai nodro\u0161in\u0101tu t\u0101 pareizu darb\u012bbu.<\/li>\n<\/ul>\n<p><img decoding=\"async\" src=\"https:\/\/www.hydraulic-cylinders.net\/wp-content\/uploads\/2025\/01\/songte-oil-pipes-and-spare-parts.webp\" alt=\"Kausa cilindra att\u0113ls\"><\/p>\n<h2>Bl\u012bv\u0113\u0161ana un e\u013c\u013co\u0161ana<\/h2>\n<p>Lai nodro\u0161in\u0101tu, ka hidraulisk\u0101 e\u013c\u013ca neizpl\u016bst no cilindra, tiek izmantotas da\u017e\u0101das bl\u012bv\u0113\u0161anas ier\u012bces, piem\u0113ram, virzu\u013ca bl\u012bves un stie\u0146a bl\u012bves. K\u0101 nodilumiztur\u012bgi bl\u012bv\u0113\u0161anas materi\u0101li parasti tiek izmantoti poliuret\u0101na un nitrila gumijas materi\u0101li. Cilindra korpuss un v\u012bt\u0146ot\u0101 gala virsma ir smalki apstr\u0101d\u0101ta, lai palielin\u0101tu nodilumiztur\u012bbu. Lai nodro\u0161in\u0101tu vienm\u0113r\u012bgu darb\u012bbu, cilindram nepiecie\u0161ama regul\u0101ra e\u013c\u013co\u0161ana ar atbilsto\u0161u hidraulisk\u0101s e\u013c\u013cas daudzumu.<\/p>\n<h2>Prevent\u012bv\u0101 apkope un p\u0101rbaude<\/h2>\n<p>Lai mazin\u0101tu iesp\u0113jam\u0101s probl\u0113mas, j\u0101veic regul\u0101ras p\u0101rbaudes un profilaktisk\u0101 apkope, tostarp:<\/p>\n<ul>\n<li>Regul\u0101ra e\u013c\u013co\u0161ana<\/li>\n<li>Regul\u0101ra bl\u012bv\u0113jumu p\u0101rbaude, vai nav nopl\u016b\u017eu vai nodiluma<\/li>\n<li>Periodiskas kalibr\u0113\u0161anas p\u0101rbaudes<\/li>\n<\/ul>\n<h2>Dro\u0161\u012bbas apsv\u0113rumi un vides faktori<\/h2>\n<p>Str\u0101d\u0101jot ar smag\u0101m ma\u0161\u012bn\u0101m, vienm\u0113r j\u0101iev\u0113ro dro\u0161\u012bbas pas\u0101kumi, tostarp j\u0101nodro\u0161ina atbilsto\u0161a operatoru apm\u0101c\u012bba, regul\u0101ra iek\u0101rtu p\u0101rbaude un j\u0101iev\u0113ro ieteicam\u0101s dro\u0161\u012bbas proced\u016bras. Izv\u0113loties hidraulisko cilindru, j\u0101\u0146em v\u0113r\u0101 ar\u012b vides faktori, piem\u0113ram, biolo\u0123iski no\u0101rd\u0101mas hidraulisk\u0101s e\u013c\u013cas izmanto\u0161ana.<\/p>\n<h2>Probl\u0113mu nov\u0113r\u0161ana un bie\u017ei sastopamas probl\u0113mas<\/h2>\n<p>Bie\u017ei sastopamas probl\u0113mas ir bl\u012bv\u0113jumu nopl\u016bdes, virzu\u013ca stie\u0146a boj\u0101jumi un nepietiekama e\u013c\u013co\u0161ana. Probl\u0113mu nov\u0113r\u0161anas padomi ietver nopl\u016b\u017eu p\u0101rbaudi, virzu\u013ca stie\u0146a apskati un pareizas e\u013c\u013co\u0161anas nodro\u0161in\u0101\u0161anu.<\/p>\n<p><img decoding=\"async\" src=\"https:\/\/www.hydraulic-cylinders.net\/wp-content\/uploads\/2025\/01\/songte-bushings-with-all-kinds-of-excavator-models.webp\" alt=\"Kausa cilindra att\u0113ls\"><\/p>\n<h2>Par m\u016bsu uz\u0146\u0113mumu<\/h2>\n<p>M\u0113s esam rezerves hidraulisko cilindru ra\u017eot\u0101js ar pilnu produktu kl\u0101stu un esam k\u013cuvu\u0161i par vienu no vado\u0161ajiem hidraulisko cilindru ra\u017eot\u0101jiem un vairumtirgot\u0101jiem viet\u0113j\u0101 un starptautiskaj\u0101 tirg\u016b. M\u0113s iev\u0113rojam izcilas kvalit\u0101tes politiku, pa\u013caujoties uz smalko ra\u017eo\u0161anas darbn\u012bcu r\u016bpniecisk\u0101s ra\u017eo\u0161anas vad\u012bbas strat\u0113\u0123iju. M\u0113s past\u0101v\u012bgi uzlabojam darbn\u012bcas ra\u017eo\u0161anas platformu, pilnveidojam produktu kvalit\u0101tes ra\u017eo\u0161anas ce\u013cu un mums piem\u012bt sp\u0113c\u012bga rado\u0161uma sp\u0113ja. M\u0113s apmierin\u0101m klientu da\u017e\u0101d\u0101s vajadz\u012bbas, iev\u0113rojot augstas efektivit\u0101tes, augstas precizit\u0101tes un augstas kvalit\u0101tes principus.<\/p>\n<ul>\n<li>Profesionalit\u0101te<\/li>\n<li>Starptautisk\u0101 sertifik\u0101cija<\/li>\n<li>Piel\u0101go\u0161anas pakalpojumi<\/li>\n<li>Uzlabotas ra\u017eo\u0161anas iek\u0101rtas<\/li>\n<li>P\u0113cp\u0101rdo\u0161anas serviss<\/li>\n<\/ul>\n<p><img decoding=\"async\" src=\"https:\/\/hzpt.com\/wp-content\/uploads\/2024\/11\/songte-company-1.webp\" alt=\"Kausa cilindra att\u0113ls\"><\/p>\n<p>Autors: lil<\/p>","protected":false},"excerpt":{"rendered":"<p>Bucket Cylinder For Caterpillar Small Excavator E313BCR Introduction The Bucket Cylinder for Caterpillar Small Excavator E313BCR is a specially designed hydraulic cylinder primarily used to control the movement of buckets in heavy machinery such as excavators, backhoe loaders, and front-end loaders. Its main function is to enable the bucket to lift, lower, and tilt, making [&hellip;]<\/p>","protected":false},"featured_media":14771,"comment_status":"open","ping_status":"closed","template":"","meta":{"_et_pb_use_builder":"","_et_pb_old_content":"","_et_gb_content_width":""},"product_brand":[],"product_cat":[1494],"product_tag":[1495,1496],"class_list":{"0":"post-15217","1":"product","2":"type-product","3":"status-publish","4":"has-post-thumbnail","6":"product_cat-bucket-cylinders","7":"product_tag-bucket-cylinders","8":"product_tag-hydraulic-cylinders","10":"first","11":"instock","12":"shipping-taxable","13":"product-type-simple"},"amp_enabled":true,"_links":{"self":[{"href":"https:\/\/www.hydraulic-cylinders.net\/lv\/wp-json\/wp\/v2\/product\/15217","targetHints":{"allow":["GET"]}}],"collection":[{"href":"https:\/\/www.hydraulic-cylinders.net\/lv\/wp-json\/wp\/v2\/product"}],"about":[{"href":"https:\/\/www.hydraulic-cylinders.net\/lv\/wp-json\/wp\/v2\/types\/product"}],"replies":[{"embeddable":true,"href":"https:\/\/www.hydraulic-cylinders.net\/lv\/wp-json\/wp\/v2\/comments?post=15217"}],"wp:featuredmedia":[{"embeddable":true,"href":"https:\/\/www.hydraulic-cylinders.net\/lv\/wp-json\/wp\/v2\/media\/14771"}],"wp:attachment":[{"href":"https:\/\/www.hydraulic-cylinders.net\/lv\/wp-json\/wp\/v2\/media?parent=15217"}],"wp:term":[{"taxonomy":"product_brand","embeddable":true,"href":"https:\/\/www.hydraulic-cylinders.net\/lv\/wp-json\/wp\/v2\/product_brand?post=15217"},{"taxonomy":"product_cat","embeddable":true,"href":"https:\/\/www.hydraulic-cylinders.net\/lv\/wp-json\/wp\/v2\/product_cat?post=15217"},{"taxonomy":"product_tag","embeddable":true,"href":"https:\/\/www.hydraulic-cylinders.net\/lv\/wp-json\/wp\/v2\/product_tag?post=15217"}],"curies":[{"name":"wp","href":"https:\/\/api.w.org\/{rel}","templated":true}]}}