{"id":15219,"date":"2025-01-19T14:15:18","date_gmt":"2025-01-19T14:15:18","guid":{"rendered":"https:\/\/www.hydraulic-cylinders.net\/product\/bucket-cylinder-for-caterpillar-small-excavator-e301-7dcr\/"},"modified":"2025-01-19T14:15:20","modified_gmt":"2025-01-19T14:15:20","slug":"bucket-cylinder-for-caterpillar-small-excavator-e301-7dcr","status":"publish","type":"product","link":"https:\/\/www.hydraulic-cylinders.net\/lv\/products\/bucket-cylinder-for-caterpillar-small-excavator-e301-7dcr\/","title":{"rendered":"Kausa cilindrs Caterpillar mazajam ekskavatoram E301.7DCR"},"content":{"rendered":"<h1>Kausa cilindrs Caterpillar mazajam ekskavatoram E301.7DCR<\/h1>\n<h2>Ievads<\/h2>\n<p>Kausa cilindrs Caterpillar mazajam ekskavatoram E301.7DCR ir specializ\u0113ts hidrauliskais cilindrs, ko galvenok\u0101rt izmanto kausu kust\u012bbas vad\u012bbai smagaj\u0101s ma\u0161\u012bn\u0101s, piem\u0113ram, ekskavatoros, univers\u0101lajos ekskavatoros un front\u0101lajos iekr\u0101v\u0113jos. T\u0101 galven\u0101 funkcija ir nodro\u0161in\u0101t kausa pacel\u0161anu, nolai\u0161anu un noliek\u0161anu, atvieglojot da\u017e\u0101du materi\u0101lu transport\u0113\u0161anu. Hidrauliskaj\u0101s sist\u0113m\u0101s kausa cilindrs izmanto hidraulisk\u0101s e\u013c\u013cas spiediena izmai\u0146as, lai pan\u0101ktu prec\u012bzu kausa vad\u012bbu, \u013caujot operatoram efekt\u012bvi apstr\u0101d\u0101t smagus priek\u0161metus un piel\u0101goties sare\u017e\u0123\u012btai darba videi un da\u017e\u0101d\u0101m ekspluat\u0101cijas pras\u012bb\u0101m. <\/p>\n<p><img decoding=\"async\" src=\"https:\/\/www.hydraulic-cylinders.net\/wp-content\/uploads\/2025\/01\/songte-company-2.webp\" alt=\"Kausa cilindra att\u0113ls\"><\/p>\n<h2>Funkcijas<\/h2>\n<ul>\n<li>\n<h3>Augsta iztur\u012bba un ilgm\u016b\u017e\u012bba:<\/h3>\n<p> Parasti izgatavots no augstas stipr\u012bbas t\u0113rauda vai alum\u012bnija, tas var iztur\u0113t augstu spiedienu un lielas slodzes, piel\u0101goties skarbai darba videi un sav\u0101 konstrukcij\u0101 \u0146emt v\u0113r\u0101 nodilumiztur\u012bbu un korozijas iztur\u012bbu, lai pagarin\u0101tu t\u0101 kalpo\u0161anas laiku.<\/li>\n<li>\n<h3>Efekt\u012bva hidraulisk\u0101 darb\u012bba:<\/h3>\n<p> Tas izmanto hidraulisk\u0101s e\u013c\u013cas spiedienu, lai pan\u0101ktu vienm\u0113r\u012bgu izple\u0161an\u0101s un sarau\u0161an\u0101s darb\u012bbu, var \u0101tri rea\u0123\u0113t uz vad\u012bbas komand\u0101m, nodro\u0161in\u0101t sp\u0113c\u012bgu stum\u0161anas un vilk\u0161anas sp\u0113ku un ir piem\u0113rots smagu priek\u0161metu apstr\u0101dei un sare\u017e\u0123\u012btu ekspluat\u0101cijas uzdevumu veik\u0161anai.<\/li>\n<li>\n<h3>Da\u017e\u0101di veidi:<\/h3>\n<p> Atkar\u012bb\u0101 no ekspluat\u0101cijas vajadz\u012bb\u0101m var izv\u0113l\u0113ties vienk\u0101r\u0161as darb\u012bbas (hidrauliski tiek izmantota tikai vien\u0101 virzien\u0101) vai divk\u0101r\u0161as darb\u012bbas (hidrauliski tiek izmantota abos virzienos) cilindrus. Da\u017ei mode\u013ci ir teleskopiski, kas \u013cauj tos papla\u0161in\u0101t, nepalielinot \u0101r\u0113jos izm\u0113rus, un ir piem\u0113roti lieto\u0161anai ierobe\u017eot\u0101 telp\u0101.<\/li>\n<li>\n<h3>Piel\u0101gojams:<\/h3>\n<p> M\u0113s varam ra\u017eot \u0161o produktu, un m\u016bsu produkts var lieliski aizst\u0101t \u0161os hidrauliskos cilindrus.<\/li>\n<\/ul>\n<p><img decoding=\"async\" src=\"https:\/\/www.hydraulic-cylinders.net\/wp-content\/uploads\/2025\/01\/songte-cylinder-head-with-all-kinds-excavator-models.webp\" alt=\"Piel\u0101gojams produkta att\u0113ls\"><\/p>\n<h2>Pieteikumi<\/h2>\n<p>Caterpillar maz\u0101 ekskavatora E301.7DCR kausa cilindru var izmantot da\u017e\u0101d\u0101s nozar\u0113s, piem\u0113ram, celtniec\u012bbas tehnik\u0101, lauksaimniec\u012bbas ma\u0161\u012bn\u0101s, ekskavatoros un front\u0101lajos iekr\u0101v\u0113jos.<\/p>\n<ul>\n<li>\n<h3>Celtniec\u012bbas apr\u012bkojums:<\/h3>\n<p> Ekskavatoros tie ir nepiecie\u0161ami rak\u0161anai, iekrau\u0161anai un augsnes vai gru\u017eu p\u0101rvieto\u0161anai. Ekskavatoros kausa cilindrs pal\u012bdz gan rak\u0161an\u0101, gan cel\u0161an\u0101. <\/li>\n<li>\n<h3>Lauksaimniec\u012bbas tehnika:<\/h3>\n<p> Izmantoti front\u0101lajos iekr\u0101v\u0113jos, tie pal\u012bdz sav\u0101kt, pacelt un p\u0101rvietot augsni, sienu un citus materi\u0101lus.<\/li>\n<li>\n<h3>Ekskavatori:<\/h3>\n<p> Kausa cilindrs nodro\u0161ina rak\u0161anas darb\u012bbu, \u013caujot kausam iek\u013c\u016bt augsn\u0113. <\/li>\n<li>\n<h3>Front\u0101lie iekr\u0101v\u0113ji:<\/h3>\n<p> Front\u0101lajos iekr\u0101v\u0113jos tie pal\u012bdz efekt\u012bvi pacelt un izkraut preces. <\/li>\n<\/ul>\n<h2>Dizaina apsv\u0113rumi un atlases krit\u0113riji<\/h2>\n<ul>\n<li>\n<h3>Nestsp\u0113ja:<\/h3>\n<p> Hidrauliskajam cilindram j\u0101b\u016bt pietiekami iztur\u012bgam, lai iztur\u0113tu lielu slod\u017eu rad\u012bto slodzi.<\/li>\n<li>\n<h3>Bl\u012bv\u0113jums:<\/h3>\n<p> Da\u017e\u0101di bl\u012bv\u0113\u0161anas komponenti, piem\u0113ram, virzu\u013ca bl\u012bvsl\u0113gi, stie\u0146u bl\u012bvsl\u0113gi, logu t\u012br\u012bt\u0101ju bl\u012bvsl\u0113gi \u200b\u200bun nodiluma gredzeni, ir r\u016bp\u012bgi j\u0101izv\u0113las. Tiem j\u0101b\u016bt izgatavotiem no nodilumiztur\u012bgiem materi\u0101liem, piem\u0113ram, poliuret\u0101na vai nitrila gumijas, lai nodro\u0161in\u0101tu ilgu kalpo\u0161anas laiku. <\/li>\n<li>\n<h3>Iztur\u012bba:<\/h3>\n<p> Cilindra korpusam un v\u012bt\u0146otaj\u0101m gala virsm\u0101m j\u0101b\u016bt prec\u012bzi apstr\u0101d\u0101t\u0101m, lai palielin\u0101tu nodilumiztur\u012bbu. <\/li>\n<li>\n<h3>Dro\u0161\u012bba:<\/h3>\n<p> Visiem cilindriem j\u0101atbilst dro\u0161\u012bbas standartiem, lai nov\u0113rstu hidraulisk\u0101s sist\u0113mas k\u013c\u016bmes, kas var\u0113tu izrais\u012bt negad\u012bjumus.<\/li>\n<li>\n<h3>Uzturam\u012bba:<\/h3>\n<p> Hidraulisk\u0101 cilindra konstrukcij\u0101 j\u0101\u0146em v\u0113r\u0101 apkopes iesp\u0113jas, lai atvieglotu remontu un apkopi.<\/li>\n<\/ul>\n<p><img decoding=\"async\" src=\"https:\/\/www.hydraulic-cylinders.net\/wp-content\/uploads\/2025\/01\/songte-oil-pipes-and-spare-parts.webp\" alt=\"Rezerves da\u013cu att\u0113ls\"><\/p>\n<h2>Bl\u012bv\u0113\u0161ana un e\u013c\u013co\u0161ana<\/h2>\n<p>J\u0101izmanto pla\u0161s bl\u012bv\u0113\u0161anas komponentu kl\u0101sts, s\u0101kot no virzu\u013ca bl\u012bv\u0113m l\u012bdz stie\u0146u bl\u012bv\u0113m, stikla t\u012br\u012bt\u0101ju bl\u012bv\u0113m un nodiluma gredzeniem. Tiem j\u0101b\u016bt izgatavotiem no nodilumiztur\u012bgiem materi\u0101liem, piem\u0113ram, poliuret\u0101na vai nitrila gumijas, lai nodro\u0161in\u0101tu ilgu kalpo\u0161anas laiku. Cilindra korpusam un v\u012bt\u0146otaj\u0101m gala virsm\u0101m j\u0101b\u016bt prec\u012bzi apstr\u0101d\u0101t\u0101m, lai palielin\u0101tu nodilumiztur\u012bbu. Regul\u0101ra e\u013c\u013co\u0161ana ir b\u016btiska, lai nodro\u0161in\u0101tu hidraulisk\u0101 cilindra pareizu darb\u012bbu. Regul\u0101ri j\u0101pievieno hidraulisk\u0101 e\u013c\u013ca, lai iee\u013c\u013cotu komponentus un uztur\u0113tu tos lab\u0101 darba st\u0101vokl\u012b.<\/p>\n<h2>Apkope un remonts<\/h2>\n<p>Regul\u0101ra apkope ir b\u016btiska, lai nodro\u0161in\u0101tu hidraulisk\u0101 cilindra ilgm\u016b\u017e\u012bbu. Ieteicams regul\u0101ri p\u0101rbaud\u012bt un apkopt cilindru. Regul\u0101ri apkopes darbi var ietvert e\u013c\u013co\u0161anu, bl\u012bv\u0113juma nomai\u0146u un kalibr\u0113\u0161anas p\u0101rbaudes. Pareiza cilindra uzst\u0101d\u012b\u0161ana un izl\u012bdzin\u0101\u0161ana ir b\u016btiska optim\u0101lai darb\u012bbai. Pareizas apkopes un remonta proced\u016bras var b\u016bt noder\u012bgas probl\u0113mu diagnostic\u0113\u0161an\u0101 un nov\u0113r\u0161an\u0101.<\/p>\n<p><img decoding=\"async\" src=\"https:\/\/www.hydraulic-cylinders.net\/wp-content\/uploads\/2025\/01\/songte-chushion-collar.webp\" alt=\"Apkopes att\u0113ls\"><\/p>\n<h2>Dro\u0161\u012bbas apsv\u0113rumi un vides faktori<\/h2>\n<p>Izmantojot hidrauliskos cilindrus, j\u0101iev\u0113ro dro\u0161\u012bbas pas\u0101kumi, lai nov\u0113rstu negad\u012bjumus. Ir svar\u012bgi r\u016bp\u012bgi iev\u0113rot dro\u0161\u012bbas vadl\u012bnijas un noteikumus. Hidraulisk\u0101s sist\u0113mas regul\u0101ri j\u0101p\u0101rbauda, \u200b\u200bvai nav nopl\u016b\u017eu, korozijas un citu nodiluma paz\u012bmju, lai nodro\u0161in\u0101tu to dro\u0161\u012bbu un funkcionalit\u0101ti. <\/p>\n<p><img decoding=\"async\" src=\"https:\/\/hzpt.com\/wp-content\/uploads\/2024\/11\/songte-company-1.webp\" alt=\"Dro\u0161\u012bbas att\u0113ls\"><\/p>\n<h2>Bie\u017ei sastopamas probl\u0113mas un to nov\u0113r\u0161ana<\/h2>\n<ul>\n<li>\n<h3>Nopl\u016bde:<\/h3>\n<p> Viena no visbie\u017e\u0101k sastopamaj\u0101m probl\u0113m\u0101m ir e\u013c\u013cas nopl\u016bde no hidraulisk\u0101 cilindra. To var izrais\u012bt boj\u0101ti bl\u012bv\u0113jumi vai nolietotas deta\u013cas. Lai nov\u0113rstu nopl\u016bdi, visi bl\u012bv\u0113jumi ir regul\u0101ri j\u0101p\u0101rbauda un j\u0101nomaina p\u0113c nepiecie\u0161am\u012bbas. <\/li>\n<li>\n<h3>L\u0113na darb\u012bba:<\/h3>\n<p> Hidraulisko cilindru l\u0113nu darb\u012bbu var izrais\u012bt da\u017e\u0101di faktori, tostarp zems hidrauliskais spiediens, aizs\u0113r\u0113jis vai net\u012brs hidrauliskais filtrs vai nolietotas deta\u013cas. Hidraulisk\u0101 sist\u0113ma ir j\u0101p\u0101rbauda, \u200b\u200blai noteiktu probl\u0113mas c\u0113loni. <\/li>\n<li>\n<h3>P\u0101rm\u0113r\u012bgs troksnis:<\/h3>\n<p> P\u0101rm\u0113r\u012bgu troksni var izrais\u012bt gaiss hidrauliskaj\u0101 sist\u0113m\u0101 vai nolietots hidrauliskais cilindrs. Sist\u0113ma ir j\u0101atgaiso un hidrauliskais cilindrs ir j\u0101p\u0101rbauda, \u200b\u200bvai nav nodiluma paz\u012bmju.<\/li>\n<\/ul>\n<p>Lai nov\u0113rstu \u0161\u012bs probl\u0113mas, j\u0101veic prevent\u012bvi pas\u0101kumi. Tas var ietvert regul\u0101rus apkopes darbus, piem\u0113ram, e\u013c\u013co\u0161anu, t\u012br\u012b\u0161anu un bl\u012bvju nomai\u0146u. <\/p>\n<p><img decoding=\"async\" src=\"https:\/\/www.hydraulic-cylinders.net\/wp-content\/uploads\/2025\/01\/songte-bushings-with-all-kinds-of-excavator-models.webp\" alt=\"Att\u0113la probl\u0113mu nov\u0113r\u0161ana\"><\/p>\n<h2>Par m\u016bsu uz\u0146\u0113mumu<\/h2>\n<p>M\u0113s esam hidraulisko cilindru ra\u017eot\u0101js, kas var aizst\u0101t eso\u0161os hidrauliskos cilindrus. M\u016bsu uz\u0146\u0113mumam ir pla\u0161s produktu kategoriju kl\u0101sts, un m\u0113s esam k\u013cuvu\u0161i par vienu no vado\u0161ajiem hidraulisko cilindru ra\u017eot\u0101jiem un vairumtirgot\u0101jiem viet\u0113j\u0101 un starptautiskaj\u0101 tirg\u016b. M\u0113s iev\u0113rojam izcilas kvalit\u0101tes principu un pa\u013caujamies uz smalku ra\u017eo\u0161anas darbn\u012bcu industrializ\u0113tu ra\u017eo\u0161anas vad\u012bbas strat\u0113\u0123iju. M\u016bsu produkti tiek ra\u017eoti, izmantojot augstas klases digit\u0101l\u0101s ra\u017eo\u0161anas iek\u0101rtas un profesion\u0101las test\u0113\u0161anas sist\u0113mas, un m\u0113s past\u0101v\u012bgi uzlabojam savas ra\u017eo\u0161anas l\u012bnijas, lai uzlabotu produktu kvalit\u0101ti. Mums ir sp\u0113c\u012bga sp\u0113ja rad\u012bt ar augstu efektivit\u0101ti, augstu precizit\u0101ti un augstu kvalit\u0101ti, lai apmierin\u0101tu da\u017e\u0101das klientu vajadz\u012bbas. <\/p>\n<p><img decoding=\"async\" src=\"https:\/\/www.hydraulic-cylinders.net\/wp-content\/uploads\/2025\/01\/songte-company-3.webp\" alt=\"Uz\u0146\u0113muma t\u0113ls\"><\/p>\n<h2>Profesionalit\u0101te, starptautisk\u0101 sertifik\u0101cija, piel\u0101go\u0161anas pakalpojumi, ra\u017eo\u0161anas iek\u0101rtas un p\u0113cp\u0101rdo\u0161anas pakalpojumi<\/h2>\n<ul>\n<li>\n<h3>Profesionalit\u0101te:<\/h3>\n<p> Mums ir profesion\u0101la tehnisk\u0101 komanda un augstas kvalit\u0101tes produktu ra\u017eo\u0161anas komanda.<\/li>\n<li>\n<h3>Starptautisk\u0101 sertifik\u0101cija:<\/h3>\n<p> M\u016bsu produkti ir ieguvu\u0161i starptautiskus sertifik\u0101tus, piem\u0113ram, ISO9001 un CE.<\/li>\n<li>\n<h3>Piel\u0101go\u0161anas pakalpojumi:<\/h3>\n<p> M\u0113s varam pied\u0101v\u0101t piel\u0101gotus produktus atbilsto\u0161i klientu vajadz\u012bb\u0101m un tehniskaj\u0101m pras\u012bb\u0101m.<\/li>\n<li>\n<h3>Ra\u017eo\u0161anas iek\u0101rtas:<\/h3>\n<p> M\u0113s izmantojam augst\u0101k\u0101s klases digit\u0101l\u0101s ra\u017eo\u0161anas iek\u0101rtas un profesion\u0101las test\u0113\u0161anas sist\u0113mas, lai uzlabotu produktu kvalit\u0101ti.<\/li>\n<li>\n<h3>P\u0113cp\u0101rdo\u0161anas pakalpojumi:<\/h3>\n<p> M\u0113s pied\u0101v\u0101jam klientiem pilnu p\u0113cp\u0101rdo\u0161anas pakalpojumu kl\u0101stu, tostarp produktu apkopi, tehnisko atbalstu un produktu nomai\u0146as pakalpojumus.<\/li>\n<\/ul>\n<p>M\u016bsu uz\u0146\u0113mums ir ap\u0146\u0113mies nodro\u0161in\u0101t klientus ar augstas kvalit\u0101tes hidrauliskajiem cilindriem, profesion\u0101lu tehnisko atbalstu un izcilu p\u0113cp\u0101rdo\u0161anas servisu. <\/p>\n<p>Autors: Lails.<\/p>","protected":false},"excerpt":{"rendered":"<p>Bucket Cylinder For Caterpillar Small Excavator E301.7DCR Introduction The Bucket Cylinder for Caterpillar Small Excavator E301.7DCR is a specialized hydraulic cylinder primarily used for controlling the movement of buckets in heavy machinery such as excavators, backhoe excavators, and front-end loaders. Its main function is to enable the bucket to lift, lower, and tilt, making it [&hellip;]<\/p>","protected":false},"featured_media":14765,"comment_status":"open","ping_status":"closed","template":"","meta":{"_et_pb_use_builder":"","_et_pb_old_content":"","_et_gb_content_width":""},"product_brand":[],"product_cat":[1494],"product_tag":[1495,1496],"class_list":{"0":"post-15219","1":"product","2":"type-product","3":"status-publish","4":"has-post-thumbnail","6":"product_cat-bucket-cylinders","7":"product_tag-bucket-cylinders","8":"product_tag-hydraulic-cylinders","10":"first","11":"instock","12":"shipping-taxable","13":"product-type-simple"},"amp_enabled":true,"_links":{"self":[{"href":"https:\/\/www.hydraulic-cylinders.net\/lv\/wp-json\/wp\/v2\/product\/15219","targetHints":{"allow":["GET"]}}],"collection":[{"href":"https:\/\/www.hydraulic-cylinders.net\/lv\/wp-json\/wp\/v2\/product"}],"about":[{"href":"https:\/\/www.hydraulic-cylinders.net\/lv\/wp-json\/wp\/v2\/types\/product"}],"replies":[{"embeddable":true,"href":"https:\/\/www.hydraulic-cylinders.net\/lv\/wp-json\/wp\/v2\/comments?post=15219"}],"wp:featuredmedia":[{"embeddable":true,"href":"https:\/\/www.hydraulic-cylinders.net\/lv\/wp-json\/wp\/v2\/media\/14765"}],"wp:attachment":[{"href":"https:\/\/www.hydraulic-cylinders.net\/lv\/wp-json\/wp\/v2\/media?parent=15219"}],"wp:term":[{"taxonomy":"product_brand","embeddable":true,"href":"https:\/\/www.hydraulic-cylinders.net\/lv\/wp-json\/wp\/v2\/product_brand?post=15219"},{"taxonomy":"product_cat","embeddable":true,"href":"https:\/\/www.hydraulic-cylinders.net\/lv\/wp-json\/wp\/v2\/product_cat?post=15219"},{"taxonomy":"product_tag","embeddable":true,"href":"https:\/\/www.hydraulic-cylinders.net\/lv\/wp-json\/wp\/v2\/product_tag?post=15219"}],"curies":[{"name":"wp","href":"https:\/\/api.w.org\/{rel}","templated":true}]}}