{"id":15224,"date":"2025-01-19T14:15:37","date_gmt":"2025-01-19T14:15:37","guid":{"rendered":"https:\/\/www.hydraulic-cylinders.net\/product\/bucket-cylinder-for-caterpillar-small-excavator-e318dl\/"},"modified":"2025-01-19T14:15:39","modified_gmt":"2025-01-19T14:15:39","slug":"bucket-cylinder-for-caterpillar-small-excavator-e318dl","status":"publish","type":"product","link":"https:\/\/www.hydraulic-cylinders.net\/lv\/products\/bucket-cylinder-for-caterpillar-small-excavator-e318dl\/","title":{"rendered":"Kausa cilindrs Caterpillar mazajam ekskavatoram E318DL"},"content":{"rendered":"<h1>Kausa cilindrs Caterpillar mazajam ekskavatoram E318DL<\/h1>\n<h2>Ievads<\/h2>\n<p>Kausa cilindrs Caterpillar mazajam ekskavatoram E318DL ir \u012bpa\u0161i izstr\u0101d\u0101ts hidrauliskais cilindrs, ko izmanto, lai kontrol\u0113tu kausa kust\u012bbu smagaj\u0101s ma\u0161\u012bn\u0101s, piem\u0113ram, ekskavatoros, univers\u0101lajos ekskavatoros un front\u0101lo iekr\u0101v\u0113ju ma\u0161\u012bn\u0101s. T\u0101 galven\u0101 funkcija ir nodro\u0161in\u0101t kausa pacel\u0161anu, nolai\u0161anu un noliek\u0161anu, atvieglojot da\u017e\u0101du materi\u0101lu apstr\u0101di. Hidrauliskaj\u0101 sist\u0113m\u0101 kausa cilindrs prec\u012bzi kontrol\u0113 kausa kust\u012bbas, mainot hidraulisk\u0101s e\u013c\u013cas spiedienu, \u013caujot operatoram efekt\u012bvi apstr\u0101d\u0101t smagas kravas un piel\u0101goties sare\u017e\u0123\u012btai darba videi un da\u017e\u0101d\u0101m ekspluat\u0101cijas vajadz\u012bb\u0101m.<\/p>\n<p><img decoding=\"async\" src=\"https:\/\/www.hydraulic-cylinders.net\/wp-content\/uploads\/2025\/01\/songte-company-2.webp\" alt=\"Kausa cilindra att\u0113ls\"><\/p>\n<h2>Produkta funkcijas<\/h2>\n<ul>\n<li>Augsta iztur\u012bba un ilgm\u016b\u017e\u012bba: Izgatavots no augstas stipr\u012bbas t\u0113rauda vai alum\u012bnija, tas var iztur\u0113t augstu spiedienu un lielas slodzes, piel\u0101gojoties skarbai darba videi. Konstrukcij\u0101 \u0146emta v\u0113r\u0101 nodilumiztur\u012bba un iztur\u012bba pret koroziju, pagarinot t\u0101 kalpo\u0161anas laiku.<\/li>\n<li>Efekt\u012bva hidraulisk\u0101 darb\u012bba: Izmanto hidraulisk\u0101s e\u013c\u013cas spiedienu, lai pan\u0101ktu vienm\u0113r\u012bgas, teleskopiskas kust\u012bbas, \u0101tru reakciju uz vad\u012bbas komand\u0101m un nodro\u0161in\u0101tu sp\u0113c\u012bgu stum\u0161anas un vilk\u0161anas sp\u0113ku, kas ir piem\u0113rots smagu kravu apstr\u0101dei un sare\u017e\u0123\u012btu ekspluat\u0101cijas uzdevumu veik\u0161anai.<\/li>\n<li>Da\u017e\u0101di veidi: Cilindru veidus var izv\u0113l\u0113ties atbilsto\u0161i ekspluat\u0101cijas vajadz\u012bb\u0101m, piem\u0113ram, vienas darb\u012bbas (hidraulisk\u0101 sist\u0113ma tiek izmantota tikai vien\u0101 virzien\u0101) vai divk\u0101r\u0161as darb\u012bbas (hidraulisk\u0101 sist\u0113ma tiek izmantota abos virzienos) cilindrus. Da\u017ei mode\u013ci ir papla\u0161in\u0101mi, kas \u013cauj pan\u0101kt liel\u0101ku pagarin\u0101jumu, nepalielinot \u0101r\u0113jo izm\u0113ru, t\u0101p\u0113c tie ir piem\u0113roti lietojumiem ar ierobe\u017eotu vietu.<\/li>\n<li>Var ra\u017eot m\u016bsu uz\u0146\u0113mums: M\u016bsu produkti var lieliski aizst\u0101t \u0161os hidrauliskos cilindrus.<\/li>\n<\/ul>\n<p><img decoding=\"async\" src=\"https:\/\/www.hydraulic-cylinders.net\/wp-content\/uploads\/2025\/01\/songte-cylinder-head-with-all-kinds-excavator-models.webp\" alt=\"Kausa cilindra nomai\u0146as att\u0113ls\"><\/p>\n<h2>Pieteikumi<\/h2>\n<p>Caterpillar maz\u0101 ekskavatora E318DL kausa cilindrs tiek pla\u0161i izmantots da\u017e\u0101d\u0101s smagaj\u0101s ma\u0161\u012bn\u0101s, piem\u0113ram:<\/p>\n<ul>\n<li>B\u016bvniec\u012bbas apr\u012bkojums: ekskavatoros tie ir nepiecie\u0161ami augsnes vai gru\u017eu rak\u0161anai, iekrau\u0161anai un p\u0101rvieto\u0161anai. Ekskavatoros kausa cilindri pal\u012bdz rak\u0161an\u0101 un cel\u0161an\u0101. <\/li>\n<li>Lauksaimniec\u012bbas tehnika: Izmanto front\u0101lajiem iekr\u0101v\u0113jiem, augsnes, siena un citu materi\u0101lu sav\u0101k\u0161anai, cel\u0161anai un transport\u0113\u0161anai. <\/li>\n<li>Ekskavatori: Kausa cilindri \u013cauj veikt izrakumus, \u013caujot kausam iek\u013c\u016bt augsn\u0113. <\/li>\n<li>Iekr\u0101v\u0113ji: Front\u0101lajos iekr\u0101v\u0113jos tie pal\u012bdz efekt\u012bvi pacelt un izkraut preces. <\/li>\n<\/ul>\n<h2>Dizaina apsv\u0113rumi un atlases krit\u0113riji<\/h2>\n<p>Caterpillar maz\u0101 ekskavatora E318DL kausa cilindra konstrukcij\u0101 tiek \u0146emti v\u0113r\u0101 \u0161\u0101di faktori:<\/p>\n<ul>\n<li>Nestsp\u0113ja: Cilindram j\u0101b\u016bt pietiekamam, lai iztur\u0113tu kravas svaru, neliecoties un nel\u016bstot. <\/li>\n<li>Bl\u012bv\u0113jums: Cilindram j\u0101b\u016bt nosl\u0113gtam, lai nov\u0113rstu hidraulisk\u0101s e\u013c\u013cas nopl\u016bdes, kas var saboj\u0101t cilindru un citas ma\u0161\u012bnas sast\u0101vda\u013cas.<\/li>\n<li>Iztur\u012bba: Balonam j\u0101b\u016bt iztur\u012bgam un j\u0101sp\u0113j iztur\u0113t nodilumu, ko izraisa past\u0101v\u012bga lieto\u0161ana, skarba darba vide un laikapst\u0101k\u013cu iedarb\u012bba. <\/li>\n<li>Dro\u0161\u012bba: Balonam j\u0101b\u016bt konstru\u0113tam, \u0146emot v\u0113r\u0101 dro\u0161\u012bbu, tostarp dro\u0161\u012bbas funkcijas, piem\u0113ram, av\u0101rijas aptur\u0113\u0161anas pogas, spiediena samazin\u0101\u0161anas v\u0101rstus un p\u0101rslodzes aizsardz\u012bbu. <\/li>\n<li>Uzturam\u012bba: Balonam j\u0101b\u016bt viegli apkopjamam un remont\u0113jamam, \u013caujot \u0101tri un vienk\u0101r\u0161i nomain\u012bt nolietot\u0101s vai boj\u0101t\u0101s deta\u013cas. <\/li>\n<\/ul>\n<p><img decoding=\"async\" src=\"https:\/\/www.hydraulic-cylinders.net\/wp-content\/uploads\/2025\/01\/songte-oil-pipes-and-spare-parts.webp\" alt=\"Kausa cilindra deta\u013cu att\u0113ls\"><\/p>\n<h2>Bl\u012bv\u0113\u0161ana un e\u013c\u013co\u0161ana<\/h2>\n<p>Caterpillar maz\u0101 ekskavatora E318DL kausa cilindram ir izmantoti da\u017e\u0101di bl\u012bv\u0113\u0161anas komponenti, piem\u0113ram, virzu\u013ca bl\u012bv\u0113jumi, stie\u0146a bl\u012bv\u0113jumi utt., kas izgatavoti no nodilumiztur\u012bgiem materi\u0101liem, piem\u0113ram, poliuret\u0101na un nitrila gumijas. Cilindra korpuss un v\u012bt\u0146otie gali tiek prec\u012bzi apstr\u0101d\u0101ti, lai uzlabotu nodilumiztur\u012bbu. Lai uztur\u0113tu cilindra pareizu darb\u012bbu un pagarin\u0101tu t\u0101 kalpo\u0161anas laiku, ir nepiecie\u0161ama regul\u0101ra e\u013c\u013co\u0161ana ar atbilsto\u0161u hidraulisko e\u013c\u013cu. <\/p>\n<h2>Apkopes un prevent\u012bvie pas\u0101kumi<\/h2>\n<p>Ieteicami \u0161\u0101di prevent\u012bvie pas\u0101kumi un apkopes darbi:<\/p>\n<ul>\n<li>Regul\u0101ra p\u0101rbaude: Regul\u0101ri p\u0101rbaudiet cilindru, vai nav nodiluma, nopl\u016b\u017eu un citu boj\u0101jumu paz\u012bmju. <\/li>\n<li>E\u013c\u013co\u0161ana: Regul\u0101ri iee\u013c\u013cojiet cilindru ar atbilsto\u0161u hidraulisko e\u013c\u013cu. <\/li>\n<li>Bl\u012bv\u0113juma nomai\u0146a: nomainiet cilindra bl\u012bves p\u0113c nepiecie\u0161am\u012bbas. <\/li>\n<li>Kalibr\u0113\u0161anas p\u0101rbaude: Regul\u0101ri p\u0101rbaudiet cilindra kalibr\u0113\u0161anu, lai nodro\u0161in\u0101tu pareizu darb\u012bbu. <\/li>\n<\/ul>\n<p><img decoding=\"async\" src=\"https:\/\/www.hydraulic-cylinders.net\/wp-content\/uploads\/2025\/01\/songte-chushion-collar.webp\" alt=\"Kausa cilindra uzst\u0101d\u012b\u0161anas att\u0113ls\"><\/p>\n<h2>Dro\u0161\u012bbas apsv\u0113rumi un vides faktori<\/h2>\n<p>Str\u0101d\u0101jot ar smago tehniku, kur\u0101 tiek izmantots kausa cilindrs Caterpillar mazajam ekskavatoram E318DL, j\u0101iev\u0113ro atbilsto\u0161i dro\u0161\u012bbas pas\u0101kumi. Cilindra darb\u012bbu var ietekm\u0113t ar\u012b vides faktori, piem\u0113ram, temperat\u016bra, mitrums un gaisa kvalit\u0101te, un tie ir j\u0101\u0146em v\u0113r\u0101.<\/p>\n<h2>Bie\u017ei sastopamas probl\u0113mas un to nov\u0113r\u0161ana<\/h2>\n<p>Bie\u017ei sastopamas probl\u0113mas, kas var rasties ar Caterpillar maz\u0101 ekskavatora E318DL kausa cilindru, ir nopl\u016bdes, nodilu\u0161as bl\u012bves un kalibr\u0113\u0161anas probl\u0113mas. Probl\u0113mu nov\u0113r\u0161anas padomi un risin\u0101jumi var ietvert boj\u0101tu deta\u013cu nomai\u0146u, kalibr\u0113\u0161anas piel\u0101go\u0161anu utt. Prevent\u012bvie pas\u0101kumi var pal\u012bdz\u0113t samazin\u0101t iesp\u0113jam\u0101s probl\u0113mas.<\/p>\n<p><img decoding=\"async\" src=\"https:\/\/www.hydraulic-cylinders.net\/wp-content\/uploads\/2025\/01\/songte-bushings-with-all-kinds-of-excavator-models.webp\" alt=\"Kausa cilindra bukses att\u0113ls\"><\/p>\n<h2>Par m\u016bsu uz\u0146\u0113mumu<\/h2>\n<p>M\u0113s esam rezerves hidraulisko cilindru ra\u017eot\u0101js, kas pied\u0101v\u0101 pla\u0161u produktu kl\u0101stu un k\u013c\u016bst par vado\u0161o hidraulisko cilindru ra\u017eot\u0101ju un vairumtirgot\u0101ju viet\u0113j\u0101 un starptautiskaj\u0101 tirg\u016b. M\u0113s iev\u0113rojam izcilu kvalit\u0101ti un pa\u013caujamies uz r\u016bpniecisk\u0101s ra\u017eo\u0161anas vad\u012bbas strat\u0113\u0123ij\u0101m no smalk\u0101m ra\u017eo\u0161anas darbn\u012bc\u0101m, izmantojot tehnolo\u0123iskos talantus, augst\u0101k\u0101s klases digit\u0101l\u0101s ra\u017eo\u0161anas iek\u0101rtas un profesion\u0101lu test\u0113\u0161anas sist\u0113mu, lai nep\u0101rtraukti uzlabotu ra\u017eo\u0161anas platformu, pilnveidotu produktu kvalit\u0101tes ra\u017eo\u0161anas l\u012bniju un ieg\u016btu sp\u0113c\u012bgas rado\u0161\u0101s sp\u0113jas. Ar augstu efektivit\u0101ti, augstu precizit\u0101ti un augstas kvalit\u0101tes principiem m\u0113s apmierin\u0101m m\u016bsu klientu da\u017e\u0101d\u0101s vajadz\u012bbas.<\/p>\n<ul>\n<li>Profesionalit\u0101te<\/li>\n<li>Starptautisk\u0101 sertifik\u0101cija<\/li>\n<li>Piel\u0101go\u0161anas pakalpojumi<\/li>\n<li>Ra\u017eo\u0161anas iek\u0101rtas<\/li>\n<li>P\u0113cp\u0101rdo\u0161anas pakalpojumi<\/li>\n<\/ul>\n<p><img decoding=\"async\" src=\"https:\/\/hzpt.com\/wp-content\/uploads\/2024\/11\/songte-company-1.webp\" alt=\"Uz\u0146\u0113muma t\u0113ls\"><\/p>\n<p>Autors: lil<\/p>","protected":false},"excerpt":{"rendered":"<p>Bucket Cylinder For Caterpillar Small Excavator E318DL Introduction The Bucket Cylinder for Caterpillar Small Excavator E318DL is a specially designed hydraulic cylinder used to control the movement of the bucket in heavy machinery such as excavators, backhoe excavators, and front loader machines. Its main function is to enable the bucket to lift, lower, and tilt, [&hellip;]<\/p>","protected":false},"featured_media":14787,"comment_status":"open","ping_status":"closed","template":"","meta":{"_et_pb_use_builder":"","_et_pb_old_content":"","_et_gb_content_width":""},"product_brand":[],"product_cat":[1494],"product_tag":[1495,1496],"class_list":{"0":"post-15224","1":"product","2":"type-product","3":"status-publish","4":"has-post-thumbnail","6":"product_cat-bucket-cylinders","7":"product_tag-bucket-cylinders","8":"product_tag-hydraulic-cylinders","10":"first","11":"instock","12":"shipping-taxable","13":"product-type-simple"},"amp_enabled":true,"_links":{"self":[{"href":"https:\/\/www.hydraulic-cylinders.net\/lv\/wp-json\/wp\/v2\/product\/15224","targetHints":{"allow":["GET"]}}],"collection":[{"href":"https:\/\/www.hydraulic-cylinders.net\/lv\/wp-json\/wp\/v2\/product"}],"about":[{"href":"https:\/\/www.hydraulic-cylinders.net\/lv\/wp-json\/wp\/v2\/types\/product"}],"replies":[{"embeddable":true,"href":"https:\/\/www.hydraulic-cylinders.net\/lv\/wp-json\/wp\/v2\/comments?post=15224"}],"wp:featuredmedia":[{"embeddable":true,"href":"https:\/\/www.hydraulic-cylinders.net\/lv\/wp-json\/wp\/v2\/media\/14787"}],"wp:attachment":[{"href":"https:\/\/www.hydraulic-cylinders.net\/lv\/wp-json\/wp\/v2\/media?parent=15224"}],"wp:term":[{"taxonomy":"product_brand","embeddable":true,"href":"https:\/\/www.hydraulic-cylinders.net\/lv\/wp-json\/wp\/v2\/product_brand?post=15224"},{"taxonomy":"product_cat","embeddable":true,"href":"https:\/\/www.hydraulic-cylinders.net\/lv\/wp-json\/wp\/v2\/product_cat?post=15224"},{"taxonomy":"product_tag","embeddable":true,"href":"https:\/\/www.hydraulic-cylinders.net\/lv\/wp-json\/wp\/v2\/product_tag?post=15224"}],"curies":[{"name":"wp","href":"https:\/\/api.w.org\/{rel}","templated":true}]}}