{"id":15227,"date":"2025-01-19T14:15:48","date_gmt":"2025-01-19T14:15:48","guid":{"rendered":"https:\/\/www.hydraulic-cylinders.net\/product\/bucket-cylinder-for-caterpillar-middle-excavator-e320d-gc\/"},"modified":"2025-01-19T14:15:56","modified_gmt":"2025-01-19T14:15:56","slug":"bucket-cylinder-for-caterpillar-middle-excavator-e320d-gc","status":"publish","type":"product","link":"https:\/\/www.hydraulic-cylinders.net\/lv\/products\/bucket-cylinder-for-caterpillar-middle-excavator-e320d-gc\/","title":{"rendered":"Kausa cilindrs Caterpillar vid\u0113ja izm\u0113ra ekskavatoram E320D GC"},"content":{"rendered":"<p><!DOCTYPE html><br \/>\n<html><br \/>\n<head><br \/>\n<title>Kausa cilindrs Caterpillar vid\u0113ja izm\u0113ra ekskavatoram E320D GC<\/title><br \/>\n<\/head><br \/>\n<body><\/p>\n<h1>Kausa cilindrs Caterpillar vid\u0113ja izm\u0113ra ekskavatoram E320D GC<\/h1>\n<h2>Ievads<\/h2>\n<p>Kausa cilindrs Caterpillar vid\u0113j\u0101 ekskavatora E320D GC ir \u012bpa\u0161i izstr\u0101d\u0101ts hidrauliskais cilindrs, ko izmanto, lai kontrol\u0113tu kausa kust\u012bbu smagaj\u0101s ma\u0161\u012bn\u0101s, piem\u0113ram, ekskavatoros, ekskavatoros-iekr\u0101v\u0113jos un front\u0101lajos iekr\u0101v\u0113jos. T\u0101 galven\u0101 funkcija ir nodro\u0161in\u0101t kausa pacel\u0161anu, nolai\u0161anu un noliek\u0161anu, atvieglojot da\u017e\u0101du materi\u0101lu apstr\u0101des uzdevumu veik\u0161anu. Hidrauliskaj\u0101 sist\u0113m\u0101 kausa cilindrs pan\u0101k prec\u012bzu kausa vad\u012bbu, izmantojot hidraulisk\u0101s e\u013c\u013cas spiediena izmai\u0146as, \u013caujot operatoriem efekt\u012bvi apstr\u0101d\u0101t smagas kravas un piel\u0101goties sare\u017e\u0123\u012btai darba videi un da\u017e\u0101d\u0101m ekspluat\u0101cijas pras\u012bb\u0101m.<\/p>\n<p><img decoding=\"async\" src=\"https:\/\/www.hydraulic-cylinders.net\/wp-content\/uploads\/2025\/01\/songte-company-2.webp\" alt=\"Kausa cilindra att\u0113ls\"><\/p>\n<h2>Funkcijas<\/h2>\n<ul>\n<li>Augsta iztur\u012bba un ilgm\u016b\u017e\u012bba: Parasti izgatavots no augstas stipr\u012bbas t\u0113rauda vai alum\u012bnija, sp\u0113j iztur\u0113t augstu spiedienu un lielas slodzes, piel\u0101gojams skarbai darba videi, konstru\u0113ts, \u0146emot v\u0113r\u0101 nodilumiztur\u012bbu un korozijas iztur\u012bbu, pagarinot kalpo\u0161anas laiku.<\/li>\n<li>Efekt\u012bva hidraulisk\u0101 darb\u012bba: izmanto hidraulisk\u0101s e\u013c\u013cas spiedienu, lai pan\u0101ktu vienm\u0113r\u012bgas izstiep\u0161anas un ievilk\u0161anas kust\u012bbas, sp\u0113j \u0101tri rea\u0123\u0113t uz vad\u012bbas komand\u0101m, nodro\u0161inot sp\u0113c\u012bgu stum\u0161anas un vilk\u0161anas sp\u0113ku, kas ir piem\u0113rots smagu kravu apstr\u0101dei un sare\u017e\u0123\u012btu ekspluat\u0101cijas uzdevumu veik\u0161anai.<\/li>\n<li>Da\u017e\u0101di veidi: Atkar\u012bb\u0101 no vajadz\u012bb\u0101m var izv\u0113l\u0113ties vienas darb\u012bbas (hidrauliski darbojas tikai vien\u0101 virzien\u0101) vai divk\u0101r\u0161as darb\u012bbas (hidrauliski darbojas abos virzienos) cilindrus; da\u017ei mode\u013ci ir teleskopiski, kas \u013cauj liel\u0101ku pagarin\u0101jumu, nepalielinot \u0101r\u0113jos izm\u0113rus, t\u0101p\u0113c tie ir piem\u0113roti lietojumiem ar ierobe\u017eotu vietu.<\/li>\n<li>Perfekta nomai\u0146a: m\u016bsu produkts var lieliski nomain\u012bt \u0161os hidrauliskos cilindrus.<\/li>\n<\/ul>\n<p><img decoding=\"async\" src=\"https:\/\/www.hydraulic-cylinders.net\/wp-content\/uploads\/2025\/01\/songte-cylinder-head-with-all-kinds-excavator-models.webp\" alt=\"Kausa cilindra nomai\u0146as att\u0113ls\"><\/p>\n<h2>Pieteikumi<\/h2>\n<p>Kausa cilindri tiek pla\u0161i izmantoti da\u017e\u0101d\u0101s iek\u0101rt\u0101s un nozar\u0113s:<\/p>\n<ul>\n<li>B\u016bvniec\u012bbas tehnika: atrodama ekskavatoros, tie ir \u013coti svar\u012bgi augsnes vai gru\u017eu rak\u0161anai, iekrau\u0161anai un p\u0101rvieto\u0161anai. Ekskavatoros-iekr\u0101v\u0113jos kausa cilindri pal\u012bdz gan rak\u0161an\u0101, gan cel\u0161an\u0101.<\/li>\n<li>Lauksaimniec\u012bbas tehnika: Izmanto front\u0101lajos iekr\u0101v\u0113jos augsnes, siena un citu materi\u0101lu sav\u0101k\u0161anai, cel\u0161anai un transport\u0113\u0161anai.<\/li>\n<li>Ekskavatori: Kausa cilindri \u013cauj veikt izrakumus, \u013caujot kausam iek\u013c\u016bt augsn\u0113.<\/li>\n<li>Iekr\u0101v\u0113ji: Front\u0101lajos iekr\u0101v\u0113jos tie pal\u012bdz pacelt un noliekt preces, lai efekt\u012bvi izg\u0101ztu preces.<\/li>\n<\/ul>\n<h2>Dizaina apsv\u0113rumi un atlases krit\u0113riji<\/h2>\n<ul>\n<li>Nestsp\u0113ja: Kausa cilindrs ir konstru\u0113ts t\u0101, lai iztur\u0113tu paredzam\u0101s slodzes un sp\u0113kus, ar kuriem saskaras ekspluat\u0101cijas laik\u0101.<\/li>\n<li>Bl\u012bv\u0113jums: Lai nodro\u0161in\u0101tu hidraulisk\u0101 \u0161\u0137idruma pareizu satur\u0113\u0161anu un nov\u0113rstu nopl\u016bdi, tiek izmantoti da\u017e\u0101di bl\u012bv\u0113\u0161anas komponenti, piem\u0113ram, virzu\u013ca bl\u012bv\u0113jumi un stie\u0146a bl\u012bv\u0113jumi.<\/li>\n<li>Iztur\u012bba: Cilindrs ir izgatavots no materi\u0101liem un p\u0101rkl\u0101jumiem, kas uzlabo t\u0101 iztur\u012bbu pret nodilumu un koroziju, nodro\u0161inot ilg\u0101ku kalpo\u0161anas laiku.<\/li>\n<li>Dro\u0161\u012bba: Lai nov\u0113rstu negad\u012bjumus, ir iek\u013cautas t\u0101das dro\u0161\u012bbas funkcijas k\u0101 spiediena samazin\u0101\u0161anas v\u0101rsti un pareiza uzst\u0101d\u012b\u0161ana.<\/li>\n<li>Uzturam\u012bba: Pieejamas deta\u013cas un viegla demont\u0101\u017ea atvieglo apkopi un remontu.<\/li>\n<\/ul>\n<p><img decoding=\"async\" src=\"https:\/\/www.hydraulic-cylinders.net\/wp-content\/uploads\/2025\/01\/songte-oil-pipes-and-spare-parts.webp\" alt=\"Bl\u012bv\u0113\u0161anas un e\u013c\u013co\u0161anas att\u0113ls\"><\/p>\n<h2>Bl\u012bv\u0113\u0161ana un e\u013c\u013co\u0161ana<\/h2>\n<p>Kausa cilindr\u0101 tiek izmantoti da\u017e\u0101di bl\u012bv\u0113jumi, piem\u0113ram, virzu\u013ca bl\u012bv\u0113jumi un stie\u0146a bl\u012bv\u0113jumi, kas izgatavoti no nodilumiztur\u012bgiem materi\u0101liem, piem\u0113ram, poliuret\u0101na un nitrila gumijas. Cilindra korpuss un v\u012bt\u0146ot\u0101s gala virsmas tiek r\u016bp\u012bgi apstr\u0101d\u0101tas, lai uzlabotu nodilumiztur\u012bbu. Lai nodro\u0161in\u0101tu vienm\u0113r\u012bgu darb\u012bbu, ir nepiecie\u0161ama regul\u0101ra e\u013c\u013co\u0161ana ar atbilsto\u0161u hidraulisk\u0101s e\u013c\u013cas daudzumu.<\/p>\n<h2>Regul\u0101ra p\u0101rbaude un profilaktisk\u0101 apkope<\/h2>\n<ul>\n<li>Regul\u0101ri p\u0101rbaudiet cilindru, vai nav nodiluma, nopl\u016bdes vai boj\u0101jumu paz\u012bmju.<\/li>\n<li>Nodro\u0161iniet visu kust\u012bgo da\u013cu pien\u0101c\u012bgu e\u013c\u013co\u0161anu.<\/li>\n<li>Lai uztur\u0113tu optim\u0101lu veiktsp\u0113ju, nomainiet bl\u012bves un citas sast\u0101vda\u013cas p\u0113c nepiecie\u0161am\u012bbas.<\/li>\n<\/ul>\n<h2>Instal\u0101cijas rokasgr\u0101mata<\/h2>\n<p>Pareiza uzst\u0101d\u012b\u0161ana ir \u013coti svar\u012bga kausa cilindra efekt\u012bvai darb\u012bbai:<\/p>\n<ul>\n<li>Uzst\u0101d\u012b\u0161anas laik\u0101 p\u0101rliecinieties, ka cilindrs ir pareizi izl\u012bdzin\u0101ts.<\/li>\n<li>Cilindra nostiprin\u0101\u0161anai izmantojiet atbilsto\u0161us mont\u0101\u017eas kron\u0161teinus.<\/li>\n<\/ul>\n<p><img decoding=\"async\" src=\"https:\/\/www.hydraulic-cylinders.net\/wp-content\/uploads\/2025\/01\/songte-chushion-collar.webp\" alt=\"Instal\u0113\u0161anas rokasgr\u0101matas att\u0113ls\"><\/p>\n<h2>Apkopes uzdevumi<\/h2>\n<ul>\n<li>Regul\u0101ras p\u0101rbaudes<\/li>\n<li>Pareiza e\u013c\u013co\u0161ana<\/li>\n<li>Bl\u012bv\u0113juma nomai\u0146a<\/li>\n<li>Kalibr\u0113\u0161anas p\u0101rbaudes<\/li>\n<\/ul>\n<p>Pareiza uzst\u0101d\u012b\u0161ana, e\u013c\u013co\u0161ana un regul\u0113\u0161ana ir b\u016btiska. Sniegt nor\u0101d\u012bjumus par cilindra pareizu izl\u012bdzin\u0101\u0161anu uzst\u0101d\u012b\u0161anas laik\u0101. Ieteikt atbilsto\u0161u uzst\u0101d\u012b\u0161anas kron\u0161teinu izmanto\u0161anu cilindra nostiprin\u0101\u0161anai. Ieteikt ieteicam\u0101s p\u0101rbaudes, remonta un nomai\u0146as proced\u016bras. Sniegt padomus kausa cilindra kalpo\u0161anas laika pagarin\u0101\u0161anai.<\/p>\n<p><img decoding=\"async\" src=\"https:\/\/www.hydraulic-cylinders.net\/wp-content\/uploads\/2025\/01\/songte-bushings-with-all-kinds-of-excavator-models.webp\" alt=\"Apkopes uzdevumu att\u0113ls\"><\/p>\n<h2>Dro\u0161\u012bbas apsv\u0113rumi un vides faktori<\/h2>\n<p>Lietojot kausa cilindru, ir svar\u012bgi iev\u0113rot dro\u0161\u012bbas pas\u0101kumus, lai nov\u0113rstu ar t\u0101 darb\u012bbu saist\u012btus negad\u012bjumus, un \u0146emt v\u0113r\u0101 vides faktorus, lai pareizi utiliz\u0113tu un p\u0101rstr\u0101d\u0101tu deta\u013cas.<\/p>\n<h2>Probl\u0113mu nov\u0113r\u0161ana un bie\u017ei sastopamas probl\u0113mas<\/h2>\n<p>Bie\u017ei sastopamas probl\u0113mas, kas var rasties ar kausa cilindru:<\/p>\n<ul>\n<li>Nopl\u016bde<\/li>\n<li>L\u0113na vai saraust\u012bta kust\u012bba<\/li>\n<li>Jaudas tr\u016bkums<\/li>\n<\/ul>\n<p>Sniedzot probl\u0113mu nov\u0113r\u0161anas padomus un risin\u0101jumus, lai pal\u012bdz\u0113tu las\u012bt\u0101jiem efekt\u012bvi diagnostic\u0113t un nov\u0113rst probl\u0113mas. Iesakot prevent\u012bvus pas\u0101kumus, lai samazin\u0101tu potenci\u0101l\u0101s probl\u0113mas.<\/p>\n<p><img decoding=\"async\" src=\"https:\/\/www.hydraulic-cylinders.net\/wp-content\/uploads\/2025\/01\/songte-company-1.webp\" alt=\"Att\u0113la probl\u0113mu nov\u0113r\u0161ana\"><\/p>\n<h2>Par m\u016bsu uz\u0146\u0113mumu<\/h2>\n<p>M\u0113s esam vado\u0161ais rezerves hidraulisko cilindru ra\u017eot\u0101js un vairumtirdzniec\u012bbas izplat\u012bt\u0101js viet\u0113j\u0101 un starptautiskaj\u0101 tirg\u016b. M\u016bsu uz\u0146\u0113mums pied\u0101v\u0101 pla\u0161u produktu kl\u0101stu un ir ap\u0146\u0113mies nodro\u0161in\u0101t izcilu kvalit\u0101ti. Ar m\u016bsu modernaj\u0101m ra\u017eo\u0161anas iek\u0101rt\u0101m, kvalific\u0113tiem tehni\u0137iem un profesion\u0101l\u0101m test\u0113\u0161anas sist\u0113m\u0101m m\u0113s cen\u0161amies apmierin\u0101t da\u017e\u0101das klientu pras\u012bbas ar augstu efektivit\u0101ti, precizit\u0101ti un kvalit\u0101ti.<\/p>\n<p><img decoding=\"async\" src=\"https:\/\/www.hydraulic-cylinders.net\/wp-content\/uploads\/2025\/01\/songte-company-3.webp\" alt=\"Uz\u0146\u0113muma t\u0113ls\"><\/p>\n<h3>Uz\u0146\u0113muma svar\u012bg\u0101kie aspekti:<\/h3>\n<ul>\n<li>Profesionalit\u0101te<\/li>\n<li>Starptautisk\u0101s sertifik\u0101cijas<\/li>\n<li>Piel\u0101go\u0161anas pakalpojumi<\/li>\n<li>Uzlabotas ra\u017eo\u0161anas iek\u0101rtas<\/li>\n<li>P\u0113cp\u0101rdo\u0161anas pakalpojumi<\/li>\n<\/ul>\n<p><\/body><br \/>\n<\/html><br \/>\n<!-- Author: lyl --><\/p>","protected":false},"excerpt":{"rendered":"<p>Bucket Cylinder For Caterpillar Middle Excavator E320D GC Bucket Cylinder For Caterpillar Middle Excavator E320D GC Introduction The bucket cylinder for Caterpillar middle excavator E320D GC is a specially designed hydraulic cylinder used to control the movement of the bucket in heavy machinery such as excavators, backhoe loaders, and front-end loaders. Its main function is [&hellip;]<\/p>","protected":false},"featured_media":14782,"comment_status":"open","ping_status":"closed","template":"","meta":{"_et_pb_use_builder":"","_et_pb_old_content":"","_et_gb_content_width":""},"product_brand":[],"product_cat":[1494],"product_tag":[1495,1496],"class_list":{"0":"post-15227","1":"product","2":"type-product","3":"status-publish","4":"has-post-thumbnail","6":"product_cat-bucket-cylinders","7":"product_tag-bucket-cylinders","8":"product_tag-hydraulic-cylinders","10":"first","11":"instock","12":"shipping-taxable","13":"product-type-simple"},"amp_enabled":true,"_links":{"self":[{"href":"https:\/\/www.hydraulic-cylinders.net\/lv\/wp-json\/wp\/v2\/product\/15227","targetHints":{"allow":["GET"]}}],"collection":[{"href":"https:\/\/www.hydraulic-cylinders.net\/lv\/wp-json\/wp\/v2\/product"}],"about":[{"href":"https:\/\/www.hydraulic-cylinders.net\/lv\/wp-json\/wp\/v2\/types\/product"}],"replies":[{"embeddable":true,"href":"https:\/\/www.hydraulic-cylinders.net\/lv\/wp-json\/wp\/v2\/comments?post=15227"}],"wp:featuredmedia":[{"embeddable":true,"href":"https:\/\/www.hydraulic-cylinders.net\/lv\/wp-json\/wp\/v2\/media\/14782"}],"wp:attachment":[{"href":"https:\/\/www.hydraulic-cylinders.net\/lv\/wp-json\/wp\/v2\/media?parent=15227"}],"wp:term":[{"taxonomy":"product_brand","embeddable":true,"href":"https:\/\/www.hydraulic-cylinders.net\/lv\/wp-json\/wp\/v2\/product_brand?post=15227"},{"taxonomy":"product_cat","embeddable":true,"href":"https:\/\/www.hydraulic-cylinders.net\/lv\/wp-json\/wp\/v2\/product_cat?post=15227"},{"taxonomy":"product_tag","embeddable":true,"href":"https:\/\/www.hydraulic-cylinders.net\/lv\/wp-json\/wp\/v2\/product_tag?post=15227"}],"curies":[{"name":"wp","href":"https:\/\/api.w.org\/{rel}","templated":true}]}}