{"id":15232,"date":"2025-01-19T14:16:19","date_gmt":"2025-01-19T14:16:19","guid":{"rendered":"https:\/\/www.hydraulic-cylinders.net\/product\/bucket-cylinder-for-caterpillar-middle-excavator-e320dzcc\/"},"modified":"2025-01-19T14:16:21","modified_gmt":"2025-01-19T14:16:21","slug":"bucket-cylinder-for-caterpillar-middle-excavator-e320dzcc","status":"publish","type":"product","link":"https:\/\/www.hydraulic-cylinders.net\/lv\/products\/bucket-cylinder-for-caterpillar-middle-excavator-e320dzcc\/","title":{"rendered":"Kausa cilindrs Caterpillar vid\u0113jam ekskavatoram E320DZCC"},"content":{"rendered":"<p><!DOCTYPE html><br \/>\n<html><br \/>\n<head><br \/>\n<title>Kausa cilindrs Caterpillar vid\u0113jam ekskavatoram E320DZCC<\/title><br \/>\n<\/head><br \/>\n<body><\/p>\n<h1>Kausa cilindrs Caterpillar vid\u0113jam ekskavatoram E320DZCC<\/h1>\n<h2>Ievads<\/h2>\n<p>Kausa cilindrs Caterpillar vid\u0113j\u0101 ekskavatora E320DZCC ir \u012bpa\u0161i izstr\u0101d\u0101ts hidrauliskais cilindrs, ko izmanto, lai kontrol\u0113tu kausa kust\u012bbu smagaj\u0101s ma\u0161\u012bn\u0101s, piem\u0113ram, ekskavatoros, ekskavatoros-iekr\u0101v\u0113jos un front\u0101lajos iekr\u0101v\u0113jos. T\u0101 galven\u0101 funkcija ir atvieglot kausa pacel\u0161anu, nolai\u0161anu un noliek\u0161anu, padarot to piem\u0113rotu da\u017e\u0101diem materi\u0101lu apstr\u0101des uzdevumiem. Hidrauliskaj\u0101 sist\u0113m\u0101 kausa cilindrs pan\u0101k prec\u012bzu kausa vad\u012bbu, izmantojot hidraulisk\u0101s e\u013c\u013cas spiediena izmai\u0146as, \u013caujot operatoriem efekt\u012bvi apstr\u0101d\u0101t smagas kravas un piel\u0101goties sare\u017e\u0123\u012btai darba videi un da\u017e\u0101d\u0101m darba pras\u012bb\u0101m.<\/p>\n<p><img decoding=\"async\" src=\"https:\/\/www.hydraulic-cylinders.net\/wp-content\/uploads\/2025\/01\/songte-company-2.webp\" alt=\"Produkta att\u0113ls\"><\/p>\n<h2>Funkcijas<\/h2>\n<ul>\n<li>Augsta iztur\u012bba un ilgm\u016b\u017e\u012bba: Parasti izgatavots no augstas stipr\u012bbas t\u0113rauda vai alum\u012bnija, sp\u0113j iztur\u0113t augstu spiedienu un lielas slodzes, piel\u0101gojams skarbajiem darba apst\u0101k\u013ciem, izstr\u0101d\u0101ts, \u0146emot v\u0113r\u0101 nodilumiztur\u012bbu un korozijas iztur\u012bbu, lai pagarin\u0101tu t\u0101 kalpo\u0161anas laiku.<\/li>\n<li>Efekt\u012bva hidraulisk\u0101 darb\u012bba: izmanto hidraulisk\u0101s e\u013c\u013cas spiedienu, lai pan\u0101ktu vienm\u0113r\u012bgas izstiep\u0161anas un ievilk\u0161anas kust\u012bbas, sp\u0113j \u0101tri rea\u0123\u0113t uz vad\u012bbas komand\u0101m, nodro\u0161inot sp\u0113c\u012bgu stum\u0161anas un vilk\u0161anas sp\u0113ku, kas ir piem\u0113rots smagu kravu apstr\u0101dei un sare\u017e\u0123\u012btu darba uzdevumu veik\u0161anai.<\/li>\n<li>Da\u017e\u0101di veidi: Pieejami ar vienas darb\u012bbas (hidrauliski darbojas tikai vien\u0101 virzien\u0101) vai divk\u0101r\u0161as darb\u012bbas (hidrauliski darbojas abos virzienos) cilindriem, lai apmierin\u0101tu da\u017e\u0101das ekspluat\u0101cijas pras\u012bbas; da\u017ei mode\u013ci ir teleskopiski, kas \u013cauj liel\u0101ku pagarin\u0101jumu, nepalielinot \u0101r\u0113jos izm\u0113rus, t\u0101p\u0113c tie ir piem\u0113roti lietojumiem ar ierobe\u017eotu vietu.<\/li>\n<li>Perfekta nomai\u0146a: m\u016bsu produkts var lieliski nomain\u012bt \u0161os hidrauliskos cilindrus.<\/li>\n<\/ul>\n<p><img decoding=\"async\" src=\"https:\/\/www.hydraulic-cylinders.net\/wp-content\/uploads\/2025\/01\/songte-cylinder-head-with-all-kinds-excavator-models.webp\" alt=\"Produkta nomai\u0146a\"><\/p>\n<h2>Pieteikumi<\/h2>\n<ul>\n<li>B\u016bvniec\u012bbas tehnika: atrodama ekskavatoros, t\u0101 ir \u013coti svar\u012bga rak\u0161anai, iekrau\u0161anai un augsnes vai gru\u017eu p\u0101rvieto\u0161anai. Ekskavatoros-iekr\u0101v\u0113jos kausa cilindrs pal\u012bdz gan rak\u0161an\u0101, gan cel\u0161an\u0101.<\/li>\n<li>Lauksaimniec\u012bbas tehnika: Izmanto front\u0101lajos iekr\u0101v\u0113jos augsnes, siena un citu materi\u0101lu sav\u0101k\u0161anai, cel\u0161anai un transport\u0113\u0161anai.<\/li>\n<li>Ekskavatori: Kausa cilindrs nodro\u0161ina rak\u0161anas darb\u012bbas, \u013caujot kausam iek\u013c\u016bt augsn\u0113.<\/li>\n<li>Rite\u0146u iekr\u0101v\u0113ji: Front\u0101lajos iekr\u0101v\u0113jos tie pal\u012bdz efekt\u012bvi pacelt un izkraut preces.<\/li>\n<\/ul>\n<h2>Dizaina apsv\u0113rumi un atlases krit\u0113riji<\/h2>\n<ul>\n<li>Nestsp\u0113ja: Apspriediet cilindra sp\u0113ju iztur\u0113t lielas slodzes.<\/li>\n<li>Bl\u012bv\u0113jums: Apspriediet da\u017e\u0101du bl\u012bv\u0113jumu, piem\u0113ram, virzu\u013ca bl\u012bv\u0113jumu un stie\u0146a bl\u012bv\u0113jumu, kas izgatavoti no nodilumiztur\u012bgiem materi\u0101liem, piem\u0113ram, poliuret\u0101na un nitrila gumijas, izmanto\u0161anas noz\u012bmi. Pieminiet cilindra korpusa un v\u012bt\u0146ot\u0101 gala smalko virsmas apstr\u0101di, lai uzlabotu nodilumiztur\u012bbu. Uzsveriet nepiecie\u0161am\u012bbu regul\u0101ri e\u013c\u013cot ar atbilsto\u0161u hidraulisko e\u013c\u013cu.<\/li>\n<\/ul>\n<p><img decoding=\"async\" src=\"https:\/\/www.hydraulic-cylinders.net\/wp-content\/uploads\/2025\/01\/songte-oil-pipes-and-spare-parts.webp\" alt=\"Bl\u012bv\u0113jumi un e\u013c\u013co\u0161ana\"><\/p>\n<h2>Apkope un probl\u0113mu nov\u0113r\u0161ana<\/h2>\n<ul>\n<li>Regul\u0101ra p\u0101rbaude un profilaktisk\u0101 apkope: Apspriediet regul\u0101ru p\u0101rbau\u017eu un pareizas e\u013c\u013co\u0161anas noz\u012bmi, lai nodro\u0161in\u0101tu cilindra ilgm\u016b\u017e\u012bbu. Sniedziet padomus un risin\u0101jumus bie\u017ei sastopamiem apkopes uzdevumiem, piem\u0113ram, bl\u012bv\u0113juma nomai\u0146ai un kalibr\u0113\u0161anas p\u0101rbaud\u0113m.<\/li>\n<\/ul>\n<p><img decoding=\"async\" src=\"https:\/\/www.hydraulic-cylinders.net\/wp-content\/uploads\/2025\/01\/songte-chushion-collar.webp\" alt=\"Apkopes uzdevumi\"><\/p>\n<h2>Dro\u0161\u012bbas apsv\u0113rumi un vides faktori<\/h2>\n<p>Apspriediet dro\u0161\u012bbas pas\u0101kumu noz\u012bmi, lietojot balonu, un izceliet visus vides faktorus, kas j\u0101\u0146em v\u0113r\u0101.<\/p>\n<p><img decoding=\"async\" src=\"https:\/\/www.hydraulic-cylinders.net\/wp-content\/uploads\/2025\/01\/songte-bushings-with-all-kinds-of-excavator-models.webp\" alt=\"Dro\u0161\u012bbas un vides faktori\"><\/p>\n<h2>Boj\u0101jumu diagnostika un probl\u0113mu nov\u0113r\u0161ana<\/h2>\n<p>Identific\u0113jiet bie\u017ei sastopam\u0101s k\u013c\u016bmes un sniedziet probl\u0113mu nov\u0113r\u0161anas padomus un risin\u0101jumus, lai pal\u012bdz\u0113tu las\u012bt\u0101jiem efekt\u012bvi diagnostic\u0113t un nov\u0113rst probl\u0113mas. Pied\u0101v\u0101jiet prevent\u012bvus pas\u0101kumus, lai samazin\u0101tu potenci\u0101l\u0101s probl\u0113mas.<\/p>\n<h2>Instal\u0101cijas rokasgr\u0101mata<\/h2>\n<p>Sniedziet detaliz\u0113tu nor\u0101d\u012bjumu par pareizu produkta uzst\u0101d\u012b\u0161anu, uzsverot pareizas izl\u012bdzin\u0101\u0161anas noz\u012bmi un piem\u0113rotu uzst\u0101d\u012b\u0161anas kron\u0161teinu izmanto\u0161anu cilindra nostiprin\u0101\u0161anai.<\/p>\n<h2>Apkopes uzdevumi<\/h2>\n<ul>\n<li>Regul\u0101ra p\u0101rbaude: Uzsveriet periodisku p\u0101rbau\u017eu noz\u012bmi, lai identific\u0113tu jebk\u0101das probl\u0113mas vai potenci\u0101las probl\u0113mas.<\/li>\n<li>Pareiza e\u013c\u013co\u0161ana: Uzsveriet regul\u0101ras e\u013c\u013co\u0161anas noz\u012bmi, lai nodro\u0161in\u0101tu vienm\u0113r\u012bgu darb\u012bbu un pagarin\u0101tu cilindra kalpo\u0161anas laiku.<\/li>\n<li>Bl\u012bv\u0113jumu nomai\u0146a un kalibr\u0113\u0161anas p\u0101rbaudes: Apspriediet nolietotu bl\u012bv\u0113jumu nomai\u0146as un kalibr\u0113\u0161anas p\u0101rbau\u017eu veik\u0161anas noz\u012bmi, lai uztur\u0113tu optim\u0101lu veiktsp\u0113ju.<\/li>\n<\/ul>\n<p><img decoding=\"async\" src=\"https:\/\/hzpt.com\/wp-content\/uploads\/2024\/11\/songte-company-1.webp\" alt=\"Produkta apkope\"><\/p>\n<h2>Par m\u016bsu uz\u0146\u0113mumu<\/h2>\n<p>M\u0113s esam ra\u017eot\u0101js, kas specializ\u0113jas rezerves hidraulisko cilindru ra\u017eo\u0161an\u0101. Ar pla\u0161u produktu kl\u0101stu esam k\u013cuvu\u0161i par vienu no vado\u0161ajiem hidraulisko cilindru ra\u017eot\u0101jiem un vairumtirgot\u0101jiem viet\u0113j\u0101 un starptautiskaj\u0101 tirg\u016b. M\u0113s iev\u0113rojam izcilas kvalit\u0101tes principus un sav\u0101s sare\u017e\u0123\u012btaj\u0101s ra\u017eo\u0161anas darbn\u012bc\u0101s pa\u013caujamies uz industrializ\u0113t\u0101m ra\u017eo\u0161anas vad\u012bbas strat\u0113\u0123ij\u0101m. Izmantojot tehnolo\u0123iskos talantus, modernu ra\u017eo\u0161anas apr\u012bkojumu un profesion\u0101las test\u0113\u0161anas sist\u0113mas, m\u0113s nep\u0101rtraukti uzlabojam savu ra\u017eo\u0161anas platformu, optimiz\u0113jam ra\u017eo\u0161anas procesu, lai nodro\u0161in\u0101tu augst\u0101ko produktu kvalit\u0101ti, un mums ir sp\u0113c\u012bgas inov\u0101ciju sp\u0113jas. Ar augstu efektivit\u0101ti, precizit\u0101ti un kvalit\u0101ti k\u0101 m\u016bsu vadl\u012bnij\u0101m m\u0113s cen\u0161amies apmierin\u0101t m\u016bsu klientu daudzveid\u012bg\u0101s vajadz\u012bbas.<\/p>\n<p><img decoding=\"async\" src=\"https:\/\/www.hydraulic-cylinders.net\/wp-content\/uploads\/2025\/01\/songte-company-3.webp\" alt=\"Uz\u0146\u0113muma p\u0101rskats\"><\/p>\n<p>S\u0101kot ar profesionalit\u0101ti, starptautiskiem sertifik\u0101tiem, pas\u016bt\u012bjuma pakalpojumiem, ra\u017eo\u0161anas iek\u0101rt\u0101m un beidzot ar p\u0113cp\u0101rdo\u0161anas pakalpojumiem, m\u0113s papla\u0161in\u0101m savu uz\u0146\u0113muma darb\u012bbas jomu.<\/p>\n<p>Autors: lil<\/p>\n<p><\/body><br \/>\n<\/html><\/p>","protected":false},"excerpt":{"rendered":"<p>Bucket Cylinder For Caterpillar Middle Excavator E320DZCC Bucket Cylinder For Caterpillar Middle Excavator E320DZCC Introduction The bucket cylinder for Caterpillar middle excavator E320DZCC is a specially designed hydraulic cylinder used to control the movement of the bucket in heavy machinery such as excavators, backhoe loaders, and wheel loaders. Its main function is to facilitate the [&hellip;]<\/p>","protected":false},"featured_media":14771,"comment_status":"open","ping_status":"closed","template":"","meta":{"_et_pb_use_builder":"","_et_pb_old_content":"","_et_gb_content_width":""},"product_brand":[],"product_cat":[1494],"product_tag":[1495,1496],"class_list":{"0":"post-15232","1":"product","2":"type-product","3":"status-publish","4":"has-post-thumbnail","6":"product_cat-bucket-cylinders","7":"product_tag-bucket-cylinders","8":"product_tag-hydraulic-cylinders","10":"first","11":"instock","12":"shipping-taxable","13":"product-type-simple"},"amp_enabled":true,"_links":{"self":[{"href":"https:\/\/www.hydraulic-cylinders.net\/lv\/wp-json\/wp\/v2\/product\/15232","targetHints":{"allow":["GET"]}}],"collection":[{"href":"https:\/\/www.hydraulic-cylinders.net\/lv\/wp-json\/wp\/v2\/product"}],"about":[{"href":"https:\/\/www.hydraulic-cylinders.net\/lv\/wp-json\/wp\/v2\/types\/product"}],"replies":[{"embeddable":true,"href":"https:\/\/www.hydraulic-cylinders.net\/lv\/wp-json\/wp\/v2\/comments?post=15232"}],"wp:featuredmedia":[{"embeddable":true,"href":"https:\/\/www.hydraulic-cylinders.net\/lv\/wp-json\/wp\/v2\/media\/14771"}],"wp:attachment":[{"href":"https:\/\/www.hydraulic-cylinders.net\/lv\/wp-json\/wp\/v2\/media?parent=15232"}],"wp:term":[{"taxonomy":"product_brand","embeddable":true,"href":"https:\/\/www.hydraulic-cylinders.net\/lv\/wp-json\/wp\/v2\/product_brand?post=15232"},{"taxonomy":"product_cat","embeddable":true,"href":"https:\/\/www.hydraulic-cylinders.net\/lv\/wp-json\/wp\/v2\/product_cat?post=15232"},{"taxonomy":"product_tag","embeddable":true,"href":"https:\/\/www.hydraulic-cylinders.net\/lv\/wp-json\/wp\/v2\/product_tag?post=15232"}],"curies":[{"name":"wp","href":"https:\/\/api.w.org\/{rel}","templated":true}]}}