{"id":15233,"date":"2025-01-19T14:16:23","date_gmt":"2025-01-19T14:16:23","guid":{"rendered":"https:\/\/www.hydraulic-cylinders.net\/product\/bucket-cylinder-for-caterpillar-middle-excavator-e33202\/"},"modified":"2025-01-19T14:16:25","modified_gmt":"2025-01-19T14:16:25","slug":"bucket-cylinder-for-caterpillar-middle-excavator-e33202","status":"publish","type":"product","link":"https:\/\/www.hydraulic-cylinders.net\/lv\/products\/bucket-cylinder-for-caterpillar-middle-excavator-e33202\/","title":{"rendered":"Kausa cilindrs Caterpillar vid\u0113jam ekskavatoram E33202"},"content":{"rendered":"<h1>Kausa cilindrs Caterpillar vid\u0113jam ekskavatoram E33202<\/h1>\n<h2>Ievads<\/h2>\n<h3>Defin\u012bcija un skaidrojums<\/h3>\n<p>Kausa cilindrs Caterpillar vid\u0113j\u0101 ekskavatora E33202 modelim ir specializ\u0113ts hidrauliskais cilindrs, ko galvenok\u0101rt izmanto, lai kontrol\u0113tu kausu kust\u012bbu smagaj\u0101s ma\u0161\u012bn\u0101s, piem\u0113ram, ekskavatoros, univers\u0101lajos ekskavatoros un front\u0101lajos iekr\u0101v\u0113jos. T\u0101 galven\u0101 funkcija ir nodro\u0161in\u0101t kausa pacel\u0161anu, nolai\u0161anu un noliek\u0161anu, kas atvieglo da\u017e\u0101dus materi\u0101lu apstr\u0101des uzdevumus. Hidrauliskaj\u0101 sist\u0113m\u0101 kausa cilindrs pan\u0101k prec\u012bzu kausa kontroli, mainot hidraulisk\u0101s e\u013c\u013cas spiedienu, \u013caujot operatoriem efekt\u012bvi apstr\u0101d\u0101t smagas kravas, piel\u0101goties sare\u017e\u0123\u012btai darba videi un da\u017e\u0101d\u0101m ekspluat\u0101cijas pras\u012bb\u0101m.<\/p>\n<div>\n    <img decoding=\"async\" src=\"https:\/\/www.hydraulic-cylinders.net\/wp-content\/uploads\/2025\/01\/songte-company-2.webp\" alt=\"Kausa cilindrs Caterpillar vid\u0113jam ekskavatoram E33202\">\n<\/div>\n<h2>Produkta funkcijas<\/h2>\n<h3>Augsta iztur\u012bba un ilgm\u016b\u017e\u012bba<\/h3>\n<p>Kausa cilindri parasti ir izgatavoti no augstas stipr\u012bbas t\u0113rauda vai alum\u012bnija, tie sp\u0113j iztur\u0113t augstu spiedienu un lielas slodzes, piel\u0101goties skarbai darba videi un ir konstru\u0113ti, \u0146emot v\u0113r\u0101 nodilumiztur\u012bbu un korozijas iztur\u012bbu, pagarinot to kalpo\u0161anas laiku.<\/p>\n<h3>Efekt\u012bvas hidraulisk\u0101s darb\u012bbas<\/h3>\n<p>Kausa cilindri izmanto hidraulisk\u0101s e\u013c\u013cas spiedienu, lai pan\u0101ktu vienm\u0113r\u012bgas pagarin\u0101\u0161anas un sarau\u0161an\u0101s kust\u012bbas, sp\u0113j \u0101tri rea\u0123\u0113t uz vad\u012bbas komand\u0101m, nodro\u0161inot sp\u0113c\u012bgus stum\u0161anas un vilk\u0161anas sp\u0113kus, un ir piem\u0113roti smagu kravu apstr\u0101dei un sare\u017e\u0123\u012btu ekspluat\u0101cijas uzdevumu veik\u0161anai.<\/p>\n<h3>Vair\u0101ki veidi<\/h3>\n<p>Kausa cilindri var b\u016bt vienvirziena darb\u012bbas (izmantojot hidrauliku tikai vien\u0101 virzien\u0101) vai divk\u0101r\u0161as darb\u012bbas (izmantojot hidrauliku abos virzienos) atkar\u012bb\u0101 no ekspluat\u0101cijas vajadz\u012bb\u0101m. Da\u017ei mode\u013ci ir teleskopiski, kas \u013cauj tos liel\u0101kus izstiepumus pan\u0101kt, nepalielinot \u0101r\u0113jos izm\u0113rus, padarot tos piem\u0113rotus lieto\u0161anai ierobe\u017eot\u0101s telp\u0101s.<\/p>\n<h3>Produktu ra\u017eo\u0161ana<\/h3>\n<p>M\u0113s varam ra\u017eot \u0161o produktu, un m\u016bsu produkts var lieliski aizst\u0101t \u0161os hidrauliskos cilindrus.<\/p>\n<div>\n    <img decoding=\"async\" src=\"https:\/\/www.hydraulic-cylinders.net\/wp-content\/uploads\/2025\/01\/songte-cylinder-head-with-all-kinds-excavator-models.webp\" alt=\"Kausa cilindrs Caterpillar vid\u0113j\u0101 ekskavatora E33202 ra\u017eo\u0161anai\">\n<\/div>\n<h2>Lietojumprogrammu scen\u0101riji<\/h2>\n<h3>Celtniec\u012bbas apr\u012bkojums<\/h3>\n<p>Ekskavatoros tie ir kritiski svar\u012bgi augsnes vai gru\u017eu rak\u0161anai, iekrau\u0161anai un p\u0101rvieto\u0161anai. Ekskavatoros ar iekr\u0101v\u0113ju kausa cilindri pal\u012bdz gan rak\u0161an\u0101, gan cel\u0161an\u0101. Front\u0101lajos iekr\u0101v\u0113jos tie pal\u012bdz efekt\u012bvi izg\u0101zt un izliet preces.<\/p>\n<h3>Lauksaimniec\u012bbas tehnika<\/h3>\n<p>Izmanto front\u0101lajiem iekr\u0101v\u0113jiem augsnes, siena un citu materi\u0101lu cel\u0161anai un transport\u0113\u0161anai.<\/p>\n<h3>Ekskavatori<\/h3>\n<p>Kausa cilindri nodro\u0161ina rak\u0161anas darb\u012bbas, \u013caujot kausam iek\u013c\u016bt augsn\u0113.<\/p>\n<h3>Iekr\u0101v\u0113ji<\/h3>\n<p>Front\u0101lajos iekr\u0101v\u0113jos tie pal\u012bdz efekt\u012bvi pacelt un ieliet preces.<\/p>\n<div>\n    <img decoding=\"async\" src=\"https:\/\/www.hydraulic-cylinders.net\/wp-content\/uploads\/2025\/01\/songte-bushings-with-all-kinds-of-excavator-models.webp\" alt=\"Kausa cilindrs Caterpillar vid\u0113j\u0101 ekskavatora E33202 pielietojuma scen\u0101rijiem\">\n<\/div>\n<h2>Dizaina apsv\u0113rumi un atlases krit\u0113riji<\/h2>\n<h3>Kravnes\u012bba<\/h3>\n<p>Kausa cilindram j\u0101b\u016bt konstru\u0113tam t\u0101, lai tas iztur\u0113tu maksim\u0101lo sp\u0113ku, kas uz to iedarbojas darb\u012bbas laik\u0101.<\/p>\n<h3>Bl\u012bv\u0113\u0161ana<\/h3>\n<p>Da\u017e\u0101du bl\u012bv\u0113\u0161anas komponentu, piem\u0113ram, virzu\u013ca bl\u012bv\u0113jumu un stie\u0146a bl\u012bv\u0113jumu, izmanto\u0161ana, kas izgatavoti no nodilumiztur\u012bgiem materi\u0101liem, piem\u0113ram, poliuret\u0101na un nitrila gumijas, nodro\u0161ina ilg\u0101ku kalpo\u0161anas laiku. Cilindra korpusa virsma un v\u012bt\u0146otais gals tiek r\u016bp\u012bgi apstr\u0101d\u0101ti, lai uzlabotu nodilumiztur\u012bbu. Regul\u0101ra uzpild\u012b\u0161ana ar atbilsto\u0161u hidraulisk\u0101s e\u013c\u013cas daudzumu nodro\u0161ina vienm\u0113r\u012bgu darb\u012bbu.<\/p>\n<h3>Iztur\u012bba<\/h3>\n<p>Kausa cilindram j\u0101b\u016bt izgatavotam no augstas stipr\u012bbas materi\u0101liem, kas ir iztur\u012bgi pret koroziju, nodilumu un skarbu vidi, lai nodro\u0161in\u0101tu ilgtermi\u0146a iztur\u012bbu un uzticam\u012bbu.<\/p>\n<h3>Dro\u0161\u012bba<\/h3>\n<p>Kausa cilindri j\u0101projekt\u0113 un j\u0101uzst\u0101da t\u0101, lai nodro\u0161in\u0101tu operatora dro\u0161\u012bbu, un to darb\u012bbas trauc\u0113jumi nedr\u012bkst rad\u012bt kait\u0113jumu person\u0101lam vai tehnikai.<\/p>\n<h3>Apkope<\/h3>\n<p>Regul\u0101ra apkope un p\u0101rbaudes, tostarp e\u013c\u013co\u0161ana, bl\u012bvju nomai\u0146a un kalibr\u0113\u0161anas p\u0101rbaudes, nodro\u0161ina kausa cilindra ilgm\u016b\u017e\u012bbu un optim\u0101lu veiktsp\u0113ju.<\/p>\n<div>\n    <img decoding=\"async\" src=\"https:\/\/www.hydraulic-cylinders.net\/wp-content\/uploads\/2025\/01\/songte-oil-pipes-and-spare-parts.webp\" alt=\"Kausa cilindrs Caterpillar vid\u0113jam ekskavatoram E33202 Projekt\u0113\u0161anas apsv\u0113rumi un atlases krit\u0113riji\">\n<\/div>\n<h2>Bl\u012bv\u0113\u0161ana un e\u013c\u013co\u0161ana<\/h2>\n<p>Kausu cilindros tiek izmantoti da\u017e\u0101di bl\u012bv\u0113\u0161anas komponenti, lai nodro\u0161in\u0101tu uzticam\u012bbu, virzu\u013ca bl\u012bv\u0113jumi un stie\u0146u bl\u012bv\u0113jumi parasti ir izgatavoti no nodilumiztur\u012bgiem materi\u0101liem, piem\u0113ram, poliuret\u0101na un nitrila gumijas. Cilindra korpuss un v\u012bt\u0146otais gals tiek r\u016bp\u012bgi apstr\u0101d\u0101ti, lai palielin\u0101tu nodilumiztur\u012bbu. Regul\u0101ra uzpild\u012b\u0161ana ar atbilsto\u0161u hidraulisk\u0101s e\u013c\u013cas daudzumu nodro\u0161ina vienm\u0113r\u012bgu darb\u012bbu.<\/p>\n<div>\n    <img decoding=\"async\" src=\"https:\/\/www.hydraulic-cylinders.net\/wp-content\/uploads\/2025\/01\/songte-chushion-collar.webp\" alt=\"Kausa cilindrs Caterpillar vid\u0113jam ekskavatoram E33202, bl\u012bv\u0113\u0161ana un e\u013c\u013co\u0161ana\">\n<\/div>\n<h2>Prevent\u012bv\u0101s apkopes un remonta pas\u0101kumi<\/h2>\n<h3>Regul\u0101ra p\u0101rbaude<\/h3>\n<p>Regul\u0101ra kausa cilindra p\u0101rbaude nodro\u0161ina, ka visas probl\u0113mas tiek atkl\u0101tas un savlaic\u012bgi nov\u0113rstas.<\/p>\n<h3>Piem\u0113rota e\u013c\u013co\u0161ana<\/h3>\n<p>Pareiza kausa cilindra e\u013c\u013co\u0161ana nodro\u0161ina vienm\u0113r\u012bgu darb\u012bbu un pagarina cilindra kalpo\u0161anas laiku.<\/p>\n<h3>Bl\u012bv\u0113juma nomai\u0146a un kalibr\u0113\u0161anas p\u0101rbaude<\/h3>\n<p>Nodilu\u0161u bl\u012bv\u0113juma deta\u013cu nomai\u0146a un cilindra kalibr\u0113\u0161ana nodro\u0161ina optim\u0101lu veiktsp\u0113ju un ilgm\u016b\u017e\u012bbu.<\/p>\n<p>Uzst\u0101d\u012b\u0161anas laik\u0101 ir svar\u012bgi pareizi izl\u012bdzin\u0101t cilindru un izmantot atbilsto\u0161us uzst\u0101d\u012b\u0161anas kron\u0161teinus, lai nostiprin\u0101tu cilindru. Ieteicam\u0101s p\u0101rbaudes, remonta un nomai\u0146as proced\u016bras, k\u0101 ar\u012b atjauno\u0161anas pakalpojumi sniedz padomus, k\u0101 pagarin\u0101t kausa cilindra kalpo\u0161anas laiku.<\/p>\n<div>\n    <img decoding=\"async\" src=\"https:\/\/hzpt.com\/wp-content\/uploads\/2024\/11\/songte-company-1.webp\" alt=\"Kausa cilindrs Caterpillar vid\u0113jam ekskavatoram E33202 Prevent\u012bv\u0101s apkopes un remonta pas\u0101kumi\">\n<\/div>\n<h2>Dro\u0161\u012bbas apsv\u0113rumi un vides faktori<\/h2>\n<p>Izmantojot kausu cilindrus, j\u0101veic dro\u0161\u012bbas pas\u0101kumi, lai nov\u0113rstu person\u0101la vai tehnikas savaino\u0161anu. J\u0101uzsver dro\u0161\u012bbas pas\u0101kumu iev\u0113ro\u0161anas noz\u012bme, lietojot produktu.<\/p>\n<h2>Boj\u0101jumu diagnostika un bie\u017ei sastopam\u0101s probl\u0113mas<\/h2>\n<p>Kausu cilindriem darb\u012bbas laik\u0101 var rasties da\u017e\u0101das probl\u0113mas, tostarp e\u013c\u013cas nopl\u016bdes, nepietiekams spiediens un meh\u0101niski boj\u0101jumi. Lai identific\u0113tu un nov\u0113rstu \u0161\u0101das probl\u0113mas, ir nepiecie\u0161ama pareiza diagnostika un probl\u0113mu nov\u0113r\u0161ana. Regul\u0101ra apkope un p\u0101rbaudes samazina potenci\u0101lo probl\u0113mu ra\u0161anos.<\/p>\n<div>\n    <img decoding=\"async\" src=\"https:\/\/www.hydraulic-cylinders.net\/wp-content\/uploads\/2025\/01\/songte-company-3.webp\" alt=\"Kausa cilindrs Caterpillar vid\u0113jam ekskavatoram E33202 Uz\u0146\u0113muma ievads\">\n<\/div>\n<h2>Uz\u0146\u0113muma ievads<\/h2>\n<p>M\u0113s esam rezerves hidraulisko cilindru ra\u017eot\u0101js, un m\u016bsu produktu kl\u0101stam ir pilns kl\u0101sts, padarot m\u016bs par vienu no vado\u0161ajiem hidraulisko cilindru ra\u017eot\u0101jiem un vairumtirgot\u0101jiem viet\u0113j\u0101 un starptautiskaj\u0101 tirg\u016b. M\u0113s iev\u0113rojam izcilas kvalit\u0101tes principu, pa\u013caujamies uz industrializ\u0113t\u0101m ra\u017eo\u0161anas vad\u012bbas strat\u0113\u0123ij\u0101m r\u016bp\u012bgi izstr\u0101d\u0101t\u0101s ra\u017eo\u0161anas darbn\u012bc\u0101s un past\u0101v\u012bgi uzlabojam savu ra\u017eo\u0161anas platformu, pilnveidojam savu produktu kvalit\u0101tes ra\u017eo\u0161anas l\u012bniju un mums ir sp\u0113c\u012bgas rado\u0161\u0101s sp\u0113jas apmierin\u0101t m\u016bsu klientu da\u017e\u0101d\u0101s vajadz\u012bbas ar augstu efektivit\u0101ti, augstu precizit\u0101ti un augstas kvalit\u0101tes principiem.<\/p>\n<p>M\u0113s pied\u0101v\u0101jam piel\u0101gotus pakalpojumus un esam ieguvu\u0161i starptautiskus sertifik\u0101tus. M\u0113s izmantojam modernas ra\u017eo\u0161anas iek\u0101rtas un mums ir profesion\u0101la p\u0113cp\u0101rdo\u0161anas apkalpo\u0161anas komanda, lai nodro\u0161in\u0101tu m\u016bsu klientiem augstas kvalit\u0101tes produktus un pakalpojumus.<\/p>\n<div>\n    <img decoding=\"async\" src=\"https:\/\/www.hydraulic-cylinders.net\/wp-content\/uploads\/2025\/01\/songte-company-3.webp\" alt=\"Kausa cilindrs Caterpillar vid\u0113jam ekskavatoram E33202 Uz\u0146\u0113muma ievads\">\n<\/div>\n<p>Autors: Lails.<\/p>","protected":false},"excerpt":{"rendered":"<p>Bucket Cylinder For Caterpillar Middle Excavator E33202 Introduction Definition and Explanation A Bucket Cylinder for Caterpillar Middle Excavator E33202 is a specialized hydraulic cylinder primarily used to control the movement of buckets in heavy machinery, such as excavators, backhoe excavators, and front-end loaders. Its main function is to enable the bucket to lift, lower, and [&hellip;]<\/p>","protected":false},"featured_media":14769,"comment_status":"open","ping_status":"closed","template":"","meta":{"_et_pb_use_builder":"","_et_pb_old_content":"","_et_gb_content_width":""},"product_brand":[],"product_cat":[1494],"product_tag":[1495,1496],"class_list":{"0":"post-15233","1":"product","2":"type-product","3":"status-publish","4":"has-post-thumbnail","6":"product_cat-bucket-cylinders","7":"product_tag-bucket-cylinders","8":"product_tag-hydraulic-cylinders","10":"first","11":"instock","12":"shipping-taxable","13":"product-type-simple"},"amp_enabled":true,"_links":{"self":[{"href":"https:\/\/www.hydraulic-cylinders.net\/lv\/wp-json\/wp\/v2\/product\/15233","targetHints":{"allow":["GET"]}}],"collection":[{"href":"https:\/\/www.hydraulic-cylinders.net\/lv\/wp-json\/wp\/v2\/product"}],"about":[{"href":"https:\/\/www.hydraulic-cylinders.net\/lv\/wp-json\/wp\/v2\/types\/product"}],"replies":[{"embeddable":true,"href":"https:\/\/www.hydraulic-cylinders.net\/lv\/wp-json\/wp\/v2\/comments?post=15233"}],"wp:featuredmedia":[{"embeddable":true,"href":"https:\/\/www.hydraulic-cylinders.net\/lv\/wp-json\/wp\/v2\/media\/14769"}],"wp:attachment":[{"href":"https:\/\/www.hydraulic-cylinders.net\/lv\/wp-json\/wp\/v2\/media?parent=15233"}],"wp:term":[{"taxonomy":"product_brand","embeddable":true,"href":"https:\/\/www.hydraulic-cylinders.net\/lv\/wp-json\/wp\/v2\/product_brand?post=15233"},{"taxonomy":"product_cat","embeddable":true,"href":"https:\/\/www.hydraulic-cylinders.net\/lv\/wp-json\/wp\/v2\/product_cat?post=15233"},{"taxonomy":"product_tag","embeddable":true,"href":"https:\/\/www.hydraulic-cylinders.net\/lv\/wp-json\/wp\/v2\/product_tag?post=15233"}],"curies":[{"name":"wp","href":"https:\/\/api.w.org\/{rel}","templated":true}]}}