{"id":15244,"date":"2025-01-19T14:17:12","date_gmt":"2025-01-19T14:17:12","guid":{"rendered":"https:\/\/www.hydraulic-cylinders.net\/product\/bucket-cylinder-for-caterpillar-large-excavator-e349dz\/"},"modified":"2025-01-19T14:17:14","modified_gmt":"2025-01-19T14:17:14","slug":"bucket-cylinder-for-caterpillar-large-excavator-e349dz","status":"publish","type":"product","link":"https:\/\/www.hydraulic-cylinders.net\/lv\/products\/bucket-cylinder-for-caterpillar-large-excavator-e349dz\/","title":{"rendered":"Kausa cilindrs Caterpillar lielajam ekskavatoram E349DZ"},"content":{"rendered":"<h1>Kausa cilindrs Caterpillar lielajam ekskavatoram E349DZ<\/h1>\n<h2>Ievads<\/h2>\n<p>Kausa cilindrs ir speci\u0101li izstr\u0101d\u0101ts hidrauliskais cilindrs, kas kontrol\u0113 kausu kust\u012bbu smagaj\u0101s ma\u0161\u012bn\u0101s, piem\u0113ram, ekskavatoros, iekr\u0101v\u0113ju ekskavatoros un front\u0101lajos iekr\u0101v\u0113jos. T\u0101 galven\u0101 funkcija ir \u013caut kausam pacelties, nolaisties un sasv\u0113rties, t\u0101d\u0113j\u0101di atvieglojot da\u017e\u0101du materi\u0101lu apstr\u0101di. Hidrauliskaj\u0101 sist\u0113m\u0101 kausa cilindrs pan\u0101k prec\u012bzu kausa kust\u012bbas kontroli, mainot hidraulisk\u0101s e\u013c\u013cas spiedienu, \u013caujot operatoriem efekt\u012bvi apstr\u0101d\u0101t smagas kravas un piel\u0101goties sare\u017e\u0123\u012btai darba videi un da\u017e\u0101d\u0101m ekspluat\u0101cijas vajadz\u012bb\u0101m.<\/p>\n<p><img decoding=\"async\" src=\"https:\/\/www.hydraulic-cylinders.net\/wp-content\/uploads\/2025\/01\/songte-company-2.webp\"><\/p>\n<h2>Funkcijas<\/h2>\n<ul>\n<li>\n<h3>Augsta iztur\u012bba un ilgm\u016b\u017e\u012bba<\/h3>\n<\/li>\n<p>Kausa cilindri parasti ir izgatavoti no augstas stipr\u012bbas t\u0113rauda vai alum\u012bnija, kas var iztur\u0113t augstu spiedienu un lielas slodzes, piel\u0101goties skarbai darba videi un ir izstr\u0101d\u0101ti, \u0146emot v\u0113r\u0101 nodilumiztur\u012bbu un korozijas iztur\u012bbu, lai pagarin\u0101tu to kalpo\u0161anas laiku.<\/p>\n<li>\n<h3>Efekt\u012bva hidraulisk\u0101 darb\u012bba<\/h3>\n<\/li>\n<p>Kausa cilindri izmanto hidraulisk\u0101s e\u013c\u013cas spiedienu, lai pan\u0101ktu vienm\u0113r\u012bgas pagarin\u0101\u0161anas un sarau\u0161an\u0101s kust\u012bbas, un var \u0101tri rea\u0123\u0113t uz vad\u012bbas komand\u0101m, lai nodro\u0161in\u0101tu sp\u0113c\u012bgus stum\u0161anas un vilk\u0161anas sp\u0113kus, padarot tos piem\u0113rotus smagu kravu apstr\u0101dei un sare\u017e\u0123\u012btiem ekspluat\u0101cijas uzdevumiem.<\/p>\n<li>\n<h3>Da\u017e\u0101di veidi<\/h3>\n<\/li>\n<p>Kausa cilindrus var izv\u0113l\u0113ties atbilsto\u0161i ekspluat\u0101cijas vajadz\u012bb\u0101m, piem\u0113ram, vienas darb\u012bbas (hidrauliku izmanto tikai vien\u0101 virzien\u0101) vai divk\u0101r\u0161as darb\u012bbas (hidrauliku izmanto abos virzienos) cilindrus. Da\u017ei mode\u013ci ir teleskopiski, kas \u013cauj tos pagarin\u0101t, nepalielinot \u0101r\u0113jos izm\u0113rus, padarot tos piem\u0113rotus lieto\u0161anai ierobe\u017eot\u0101 telp\u0101.<\/p>\n<li>\n<h3>Sader\u012bga nomai\u0146a<\/h3>\n<\/li>\n<p>M\u016bsu produkti var lieliski aizst\u0101t \u0161os hidrauliskos cilindrus.<\/p>\n<\/ul>\n<p><img decoding=\"async\" src=\"https:\/\/www.hydraulic-cylinders.net\/wp-content\/uploads\/2025\/01\/songte-cylinder-head-with-all-kinds-excavator-models.webp\"><\/p>\n<h2>Pieteikumi<\/h2>\n<p>Kausa cilindri tiek pla\u0161i izmantoti da\u017e\u0101d\u0101s nozar\u0113s, piem\u0113ram, celtniec\u012bbas ma\u0161\u012bn\u0101s, lauksaimniec\u012bbas ma\u0161\u012bn\u0101s, ekskavatoros un iekr\u0101v\u0113jos. \u0160eit ir da\u017ei piem\u0113ri:<\/p>\n<ul>\n<li>\n<h3>Celtniec\u012bbas apr\u012bkojums<\/h3>\n<\/li>\n<p>Kausa cilindri ir nepiecie\u0161ami rak\u0161anai, iekrau\u0161anai un augsnes vai gru\u017eu p\u0101rvieto\u0161anai ekskavatoros un iekr\u0101v\u0113jos ar daudzfunkcion\u0101lu apr\u012bkojumu. Front\u0101lajos iekr\u0101v\u0113jos tie pal\u012bdz efekt\u012bvi pacelt un noliekt preces.<\/p>\n<li>\n<h3>Lauksaimniec\u012bbas tehnika<\/h3>\n<\/li>\n<p>Kausa cilindri tiek izmantoti front\u0101lajos iekr\u0101v\u0113jos, lai paceltu, paceltu un transport\u0113tu augsni, sienu un citus materi\u0101lus.<\/p>\n<li>\n<h3>Ekskavatori<\/h3>\n<\/li>\n<p>Kausa cilindri nodro\u0161ina rak\u0161anas darbus, \u013caujot kausam iek\u013c\u016bt augsn\u0113.<\/p>\n<li>\n<h3>Iekr\u0101v\u0113ji<\/h3>\n<\/li>\n<p>Kausa cilindri pal\u012bdz efekt\u012bvi pacelt un noliekt preces front\u0101lajos iekr\u0101v\u0113jos.<\/p>\n<\/ul>\n<h2>Dizaina apsv\u0113rumi un atlases krit\u0113riji<\/h2>\n<p>Izv\u0113loties kausa cilindrus, j\u0101\u0146em v\u0113r\u0101 da\u017e\u0101di faktori, piem\u0113ram, kravnes\u012bba, bl\u012bv\u0113jums, iztur\u012bba, dro\u0161\u012bba un apkopes iesp\u0113jas. \u0160eit ir da\u017ei dizaina apsv\u0113rumi un izv\u0113les krit\u0113riji:<\/p>\n<ul>\n<li>\n<h3>Kravnes\u012bba<\/h3>\n<\/li>\n<p>Kausa cilindram j\u0101sp\u0113j iztur\u0113t maksim\u0101lo slodzi, kas var rasties darb\u012bbas laik\u0101.<\/p>\n<li>\n<h3>Bl\u012bv\u0113\u0161ana<\/h3>\n<\/li>\n<p>Kausa cilindram j\u0101b\u016bt ar labu bl\u012bv\u0113jumu, lai nov\u0113rstu e\u013c\u013cas nopl\u016bdi un nodro\u0161in\u0101tu vienm\u0113r\u012bgu darb\u012bbu.<\/p>\n<li>\n<h3>Iztur\u012bba<\/h3>\n<\/li>\n<p>Kausa cilindram j\u0101b\u016bt izgatavotam no augstas kvalit\u0101tes un iztur\u012bgiem materi\u0101liem, lai iztur\u0113tu skarbo darba vidi un nodro\u0161in\u0101tu ilgu kalpo\u0161anas laiku.<\/p>\n<li>\n<h3>Dro\u0161\u012bba<\/h3>\n<\/li>\n<p>Kausa cilindram j\u0101b\u016bt apr\u012bkotam ar dro\u0161\u012bbas funkcij\u0101m, piem\u0113ram, spiediena samazin\u0101\u0161anas v\u0101rstiem un spiediena m\u0113r\u012bt\u0101jiem, lai nov\u0113rstu p\u0101rslodzi un nodro\u0161in\u0101tu dro\u0161u darb\u012bbu.<\/p>\n<li>\n<h3>Uzturam\u012bba<\/h3>\n<\/li>\n<p>Kausa cilindram j\u0101b\u016bt viegli kopjamam un remont\u0113jamam, un rezerves da\u013c\u0101m j\u0101b\u016bt viegli pieejam\u0101m.<\/p>\n<\/ul>\n<p><img decoding=\"async\" src=\"https:\/\/www.hydraulic-cylinders.net\/wp-content\/uploads\/2025\/01\/songte-oil-pipes-and-spare-parts.webp\"><\/p>\n<h2>Bl\u012bv\u0113\u0161ana un e\u013c\u013co\u0161ana<\/h2>\n<p>Kausa cilindros j\u0101izmanto da\u017e\u0101di bl\u012bv\u0113\u0161anas komponenti, piem\u0113ram, virzu\u013ca bl\u012bves un stie\u0146a bl\u012bves, lai nov\u0113rstu e\u013c\u013cas nopl\u016bdi un nodro\u0161in\u0101tu vienm\u0113r\u012bgu darb\u012bbu. Bl\u012bv\u0113jumiem j\u0101b\u016bt izgatavotiem no nodilumiztur\u012bgiem materi\u0101liem, piem\u0113ram, poliuret\u0101na un nitrila gumijas. Cilindra korpusam un v\u012btnes gala virsm\u0101m j\u0101b\u016bt smalki apstr\u0101d\u0101t\u0101m, lai uzlabotu nodilumiztur\u012bbu. Lai nodro\u0161in\u0101tu vienm\u0113r\u012bgu darb\u012bbu, kausa cilindram nepiecie\u0161ama regul\u0101ra e\u013c\u013co\u0161ana ar hidraulisko e\u013c\u013cu. <\/p>\n<h2>Apkope un remonts<\/h2>\n<p>Regul\u0101ras p\u0101rbaudes un profilaktisk\u0101s apkopes pas\u0101kumi var pal\u012bdz\u0113t nov\u0113rst potenci\u0101las probl\u0113mas un pagarin\u0101t kausa cilindra kalpo\u0161anas laiku. \u0160eit ir tr\u012bs bie\u017ei sastopami apkopes uzdevumi:<\/p>\n<ul>\n<li>Regul\u0101ra p\u0101rbaude<\/li>\n<p>Regul\u0101ri p\u0101rbaudiet, vai nav e\u013c\u013cas nopl\u016bdes, nodiluma paz\u012bmes un citas probl\u0113mas.<\/p>\n<li>Piem\u0113rota e\u013c\u013co\u0161ana<\/li>\n<p>P\u0101rliecinieties, ka kausa cilindrs ir pareizi iee\u013c\u013cots ar hidraulisko e\u013c\u013cu.<\/p>\n<li>Bl\u012bv\u0113juma nomai\u0146a un kalibr\u0113\u0161anas p\u0101rbaude<\/li>\n<p>Lai nodro\u0161in\u0101tu optim\u0101lu veiktsp\u0113ju, regul\u0101ri nomainiet nolietot\u0101s bl\u012bves un p\u0101rbaudiet kalibr\u0113\u0161anu.<\/p>\n<\/ul>\n<p><img decoding=\"async\" src=\"https:\/\/www.hydraulic-cylinders.net\/wp-content\/uploads\/2025\/01\/songte-chushion-collar.webp\"><\/p>\n<h2>Dro\u0161\u012bbas un vides apsv\u0113rumi<\/h2>\n<p>Lietojot kausu cilindrus, j\u0101iev\u0113ro dro\u0161\u012bbas pas\u0101kumi, lai nov\u0113rstu negad\u012bjumus. Ir svar\u012bgi iev\u0113rot dro\u0161\u012bbas vadl\u012bnijas un lietot atbilsto\u0161us individu\u0101los aizsardz\u012bbas l\u012bdzek\u013cus. J\u0101\u0146em v\u0113r\u0101 ar\u012b vides apsv\u0113rumi, piem\u0113ram, pareiza hidraulisk\u0101s e\u013c\u013cas un citu atkritumu utiliz\u0101cija.<\/p>\n<h2>Probl\u0113mu nov\u0113r\u0161ana un bie\u017ei sastopamas probl\u0113mas<\/h2>\n<p>\u0160eit ir da\u017eas bie\u017ei sastopamas probl\u0113mas, kas var rasties, lietojot kausu cilindrus, un da\u017ei ieteikumi probl\u0113mu nov\u0113r\u0161anai un risin\u0101\u0161anai:<\/p>\n<ul>\n<li>\n<h3>E\u013c\u013cas nopl\u016bde<\/h3>\n<\/li>\n<p>P\u0101rbaudiet, vai nav boj\u0101tas bl\u012bves, un, ja nepiecie\u0161ams, nomainiet t\u0101s.<\/p>\n<li>\n<h3>L\u0113na darb\u012bba<\/h3>\n<\/li>\n<p>P\u0101rbaudiet, vai nav pietiekami daudz hidraulisk\u0101s e\u013c\u013cas, un, ja nepiecie\u0161ams, uzpildiet.<\/p>\n<li>\n<h3>P\u0101rm\u0113r\u012bgs troksnis<\/h3>\n<\/li>\n<p>P\u0101rbaudiet, vai nav boj\u0101tu vai nolietotu deta\u013cu, un, ja nepiecie\u0161ams, nomainiet t\u0101s.<\/p>\n<\/ul>\n<p><img decoding=\"async\" src=\"https:\/\/www.hydraulic-cylinders.net\/wp-content\/uploads\/2025\/01\/songte-bushings-with-all-kinds-of-excavator-models.webp\"><\/p>\n<h2>Par m\u016bsu uz\u0146\u0113mumu<\/h2>\n<p>M\u0113s esam rezerves hidraulisko cilindru ra\u017eot\u0101js ar pilnu produktu kl\u0101stu un esam k\u013cuvu\u0161i par vienu no vado\u0161ajiem hidraulisko cilindru ra\u017eot\u0101jiem un vairumtirgot\u0101jiem viet\u0113j\u0101 un starptautiskaj\u0101 tirg\u016b. M\u0113s iev\u0113rojam izcil\u012bbas kvalit\u0101tes principu un pa\u013caujamies uz r\u016bpniecisk\u0101s ra\u017eo\u0161anas vad\u012bbas strat\u0113\u0123ij\u0101m smalk\u0101s ra\u017eo\u0161anas darbn\u012bc\u0101s. M\u016bsu uz\u0146\u0113mums past\u0101v\u012bgi uzlabo darbn\u012bcas ra\u017eo\u0161anas platformu, pilnveido produktu kvalit\u0101tes ra\u017eo\u0161anas l\u012bniju un mums ir sp\u0113c\u012bgas rado\u0161\u0101s sp\u0113jas. M\u0113s apmierin\u0101m m\u016bsu klientu da\u017e\u0101d\u0101s vajadz\u012bbas ar augstu efektivit\u0101ti, augstu precizit\u0101ti un augstiem kvalit\u0101tes standartiem.<\/p>\n<p><img decoding=\"async\" src=\"https:\/\/hzpt.com\/wp-content\/uploads\/2024\/11\/songte-company-1.webp\"><\/p>\n<h2>M\u016bsu pakalpojumi<\/h2>\n<ul>\n<li>\n<h3>Profesionalit\u0101te<\/h3>\n<\/li>\n<p>Mums ir profesion\u0101lu in\u017eenieru un tehni\u0137u komanda, kas var nodro\u0161in\u0101t piel\u0101gotus risin\u0101jumus j\u016bsu hidraulisko cilindru vajadz\u012bb\u0101m.<\/p>\n<li>\n<h3>Starptautisk\u0101 sertifik\u0101cija<\/h3>\n<\/li>\n<p>M\u0113s esam ieguvu\u0161i t\u0101dus starptautiskus sertifik\u0101tus k\u0101 ISO9001, CE un SGS, kas apliecina m\u016bsu produktu kvalit\u0101tes atbilst\u012bbu starptautiskajiem standartiem.<\/p>\n<li>\n<h3>Piel\u0101go\u0161anas pakalpojumi<\/h3>\n<\/li>\n<p>M\u0113s pied\u0101v\u0101jam piel\u0101go\u0161anas pakalpojumus, lai apmierin\u0101tu m\u016bsu klientu \u012bpa\u0161\u0101s vajadz\u012bbas.<\/p>\n<li>\n<h3>Uzlabots ra\u017eo\u0161anas apr\u012bkojums<\/h3>\n<\/li>\n<p>M\u0113s izmantojam modernas ra\u017eo\u0161anas iek\u0101rtas un test\u0113\u0161anas sist\u0113mas, lai nodro\u0161in\u0101tu m\u016bsu produktu kvalit\u0101ti.<\/p>\n<li>\n<h3>P\u0113cp\u0101rdo\u0161anas serviss<\/h3>\n<\/li>\n<p>M\u0113s pied\u0101v\u0101jam p\u0113cp\u0101rdo\u0161anas servisu un tehnisko atbalstu, lai nodro\u0161in\u0101tu m\u016bsu produktu ilgtermi\u0146a darb\u012bbu.<\/p>\n<\/ul>\n<p>Autors: lil<\/p>","protected":false},"excerpt":{"rendered":"<p>Bucket Cylinder For Caterpillar Large Excavator E349DZ Introduction A bucket cylinder is a specially designed hydraulic cylinder that controls the movement of buckets in heavy machinery such as excavators, backhoe loaders, and front-end loaders. Its main function is to allow the bucket to lift, lower, and tilt, making it easier to handle various materials. In [&hellip;]<\/p>","protected":false},"featured_media":14778,"comment_status":"open","ping_status":"closed","template":"","meta":{"_et_pb_use_builder":"","_et_pb_old_content":"","_et_gb_content_width":""},"product_brand":[],"product_cat":[1494],"product_tag":[1495,1496],"class_list":{"0":"post-15244","1":"product","2":"type-product","3":"status-publish","4":"has-post-thumbnail","6":"product_cat-bucket-cylinders","7":"product_tag-bucket-cylinders","8":"product_tag-hydraulic-cylinders","10":"first","11":"instock","12":"shipping-taxable","13":"product-type-simple"},"amp_enabled":true,"_links":{"self":[{"href":"https:\/\/www.hydraulic-cylinders.net\/lv\/wp-json\/wp\/v2\/product\/15244","targetHints":{"allow":["GET"]}}],"collection":[{"href":"https:\/\/www.hydraulic-cylinders.net\/lv\/wp-json\/wp\/v2\/product"}],"about":[{"href":"https:\/\/www.hydraulic-cylinders.net\/lv\/wp-json\/wp\/v2\/types\/product"}],"replies":[{"embeddable":true,"href":"https:\/\/www.hydraulic-cylinders.net\/lv\/wp-json\/wp\/v2\/comments?post=15244"}],"wp:featuredmedia":[{"embeddable":true,"href":"https:\/\/www.hydraulic-cylinders.net\/lv\/wp-json\/wp\/v2\/media\/14778"}],"wp:attachment":[{"href":"https:\/\/www.hydraulic-cylinders.net\/lv\/wp-json\/wp\/v2\/media?parent=15244"}],"wp:term":[{"taxonomy":"product_brand","embeddable":true,"href":"https:\/\/www.hydraulic-cylinders.net\/lv\/wp-json\/wp\/v2\/product_brand?post=15244"},{"taxonomy":"product_cat","embeddable":true,"href":"https:\/\/www.hydraulic-cylinders.net\/lv\/wp-json\/wp\/v2\/product_cat?post=15244"},{"taxonomy":"product_tag","embeddable":true,"href":"https:\/\/www.hydraulic-cylinders.net\/lv\/wp-json\/wp\/v2\/product_tag?post=15244"}],"curies":[{"name":"wp","href":"https:\/\/api.w.org\/{rel}","templated":true}]}}