{"id":15269,"date":"2025-01-19T14:19:04","date_gmt":"2025-01-19T14:19:04","guid":{"rendered":"https:\/\/www.hydraulic-cylinders.net\/product\/bucket-cylinder-for-doosan-small-excavator-dh150-7\/"},"modified":"2025-01-19T14:19:06","modified_gmt":"2025-01-19T14:19:06","slug":"bucket-cylinder-for-doosan-small-excavator-dh150-7","status":"publish","type":"product","link":"https:\/\/www.hydraulic-cylinders.net\/lv\/products\/bucket-cylinder-for-doosan-small-excavator-dh150-7\/","title":{"rendered":"Kausa cilindrs Doosan mazajam ekskavatoram DH150-7"},"content":{"rendered":"<h1>Kausa cilindrs Doosan mazajam ekskavatoram DH150-7<\/h1>\n<h2>Ievads<\/h2>\n<p>Kausa cilindrs ir speci\u0101li izstr\u0101d\u0101ts hidrauliskais cilindrs, ko galvenok\u0101rt izmanto, lai kontrol\u0113tu kausu kust\u012bbu smagaj\u0101s ma\u0161\u012bn\u0101s, piem\u0113ram, ekskavatoros, univers\u0101lajos iekr\u0101v\u0113jos un front\u0101lajos iekr\u0101v\u0113jos. T\u0101 galven\u0101 funkcija ir nodro\u0161in\u0101t kausa pacel\u0161anu, nolai\u0161anu un noliek\u0161anu, atvieglojot da\u017e\u0101du materi\u0101lu apstr\u0101des uzdevumu veik\u0161anu. Hidrauliskaj\u0101 sist\u0113m\u0101 kausa cilindrs kontrol\u0113 prec\u012bzu kausa kust\u012bbu, mainot hidraulisk\u0101s e\u013c\u013cas spiedienu, \u013caujot operatoriem efekt\u012bvi apstr\u0101d\u0101t smagas kravas un piel\u0101goties sare\u017e\u0123\u012btai darba videi un da\u017e\u0101d\u0101m darba pras\u012bb\u0101m.<\/p>\n<p><img decoding=\"async\" src=\"https:\/\/www.hydraulic-cylinders.net\/wp-content\/uploads\/2025\/01\/songte-company-2.webp\"><\/p>\n<h2>Funkcijas<\/h2>\n<ul>\n<li>Augsta iztur\u012bba un ilgm\u016b\u017e\u012bba: Parasti izgatavots no augstas stipr\u012bbas t\u0113rauda vai alum\u012bnija, tas sp\u0113j iztur\u0113t augstu spiedienu un lielas slodzes, piel\u0101gojoties skarbai darba videi. T\u0101 konstrukcija \u0146em v\u0113r\u0101 nodilumiztur\u012bbu un iztur\u012bbu pret koroziju, pagarinot t\u0101 kalpo\u0161anas laiku.<\/li>\n<li>Efekt\u012bva hidraulisk\u0101 darb\u012bba: t\u0101 izmanto hidraulisk\u0101s e\u013c\u013cas spiedienu, lai pan\u0101ktu vienm\u0113r\u012bgu teleskopisko darb\u012bbu, var \u0101tri rea\u0123\u0113t uz vad\u012bbas komand\u0101m, nodro\u0161in\u0101t sp\u0113c\u012bgu vilk\u0161anas sp\u0113ku un ir piem\u0113rota smagu priek\u0161metu apstr\u0101dei un sare\u017e\u0123\u012btu uzdevumu veik\u0161anai.<\/li>\n<li>Da\u017e\u0101di veidi: vienas darb\u012bbas (hidrauliski darbojas tikai vien\u0101 virzien\u0101) vai divk\u0101r\u0161as darb\u012bbas (hidrauliski darbojas abos virzienos) cilindrus var izv\u0113l\u0113ties atbilsto\u0161i pras\u012bb\u0101m, lai apmierin\u0101tu da\u017e\u0101das ekspluat\u0101cijas vajadz\u012bbas. Da\u017ei mode\u013ci ir teleskopiski, kas \u013cauj tos pagarin\u0101t, nepalielinot \u0101r\u0113jos izm\u0113rus, un ir piem\u0113roti lieto\u0161anai ierobe\u017eot\u0101 telp\u0101.<\/li>\n<li>Viegli uzst\u0101d\u012bt: Var viegli uzst\u0101d\u012bt un ir piem\u0113rots da\u017e\u0101du veidu ma\u0161\u012bn\u0101m.<\/li>\n<li>Piel\u0101gojams: Var piel\u0101got individu\u0101l\u0101m klientu vajadz\u012bb\u0101m, nodro\u0161inot individu\u0101li piel\u0101gotus risin\u0101jumus da\u017e\u0101diem lietojumiem.<\/li>\n<\/ul>\n<p><img decoding=\"async\" src=\"https:\/\/www.hydraulic-cylinders.net\/wp-content\/uploads\/2025\/01\/songte-cylinder-head-with-all-kinds-excavator-models.webp\"><\/p>\n<h2>Pieteikumi<\/h2>\n<p>Kausa cilindri tiek pla\u0161i izmantoti da\u017e\u0101d\u0101s nozar\u0113s, piem\u0113ram, b\u016bvniec\u012bb\u0101, lauksaimniec\u012bb\u0101 un ieguves r\u016bpniec\u012bb\u0101.<\/p>\n<h3>Celtniec\u012bbas apr\u012bkojums<\/h3>\n<ul>\n<li>Ekskavatoros tie ir kritiski svar\u012bgi augsnes vai gru\u017eu rak\u0161anai, iekrau\u0161anai un p\u0101rvieto\u0161anai. <\/li>\n<li>Ekskavatoros kausa cilindri pal\u012bdz gan rak\u0161anas, gan cel\u0161anas darbos.<\/li>\n<li>Front\u0101lajos iekr\u0101v\u0113jos tie pal\u012bdz efekt\u012bvi pacelt un izkraut kravu.<\/li>\n<\/ul>\n<h3>Lauksaimniec\u012bbas tehnika<\/h3>\n<ul>\n<li>Izmanto front\u0101lajos iekr\u0101v\u0113jos augsnes, siena un citu materi\u0101lu sav\u0101k\u0161anai, cel\u0161anai un transport\u0113\u0161anai.<\/li>\n<\/ul>\n<h3>Kalnr\u016bpniec\u012bbas tehnika<\/h3>\n<ul>\n<li>Ekskavatoros kausa cilindri \u013cauj veikt izrakumus, \u013caujot kausam iek\u013c\u016bt augsn\u0113.<\/li>\n<\/ul>\n<h2>Dizaina apsv\u0113rumi un atlases krit\u0113riji<\/h2>\n<ul>\n<li>Nestsp\u0113ja: cilindra sp\u0113ja iztur\u0113t slodzi bez deform\u0101cijas vai boj\u0101jumiem.<\/li>\n<li>Bl\u012bv\u0113jums: Lai nodro\u0161in\u0101tu darb\u012bbu bez nopl\u016bd\u0113m, izmantojiet da\u017e\u0101dus bl\u012bv\u0113\u0161anas elementus, piem\u0113ram, virzu\u013ca bl\u012bves, stie\u0146a bl\u012bves utt.<\/li>\n<li>Iztur\u012bba: Balonam j\u0101sp\u0113j iztur\u0113t skarbu vidi un lielas slodzes ilgsto\u0161\u0101 laika period\u0101.<\/li>\n<li>Dro\u0161\u012bba: Lai nov\u0113rstu p\u0101rslodzi un nodro\u0161in\u0101tu dro\u0161u darb\u012bbu, j\u0101uzst\u0101da dro\u0161\u012bbas funkcijas, piem\u0113ram, ierobe\u017eojo\u0161ie sl\u0113d\u017ei un dro\u0161\u012bbas v\u0101rsti.<\/li>\n<li>Apkope: Balonam j\u0101b\u016bt konstru\u0113tam t\u0101, lai to b\u016btu viegli apkopt un remont\u0113t.<\/li>\n<\/ul>\n<p><img decoding=\"async\" src=\"https:\/\/www.hydraulic-cylinders.net\/wp-content\/uploads\/2025\/01\/songte-oil-pipes-and-spare-parts.webp\"><\/p>\n<h2>Bl\u012bv\u0113\u0161ana un e\u013c\u013co\u0161ana<\/h2>\n<p>Lai nodro\u0161in\u0101tu darb\u012bbu bez nopl\u016bd\u0113m, tiek izmantoti da\u017e\u0101di bl\u012bv\u0113\u0161anas elementi, piem\u0113ram, virzu\u013ca bl\u012bvsl\u0113gi, stie\u0146a bl\u012bvsl\u0113gi \u200b\u200butt. Bl\u012bv\u0113jumi ir izgatavoti no nodilumiztur\u012bgiem materi\u0101liem, piem\u0113ram, poliuret\u0101na un nitrila gumijas. Cilindra korpuss un v\u012btnes gala virsma ir smalki apstr\u0101d\u0101ta, lai uzlabotu nodilumiztur\u012bbu. Regul\u0101ri j\u0101pievieno hidraulisk\u0101 e\u013c\u013ca, lai iee\u013c\u013cotu cilindru un nodro\u0161in\u0101tu t\u0101 vienm\u0113r\u012bgu darb\u012bbu.<\/p>\n<h2>Regul\u0101ras p\u0101rbaudes un profilaktisk\u0101s apkopes pas\u0101kumi<\/h2>\n<ul>\n<li>Regul\u0101ra p\u0101rbaude: Regul\u0101ri p\u0101rbaudiet cilindru, vai nav nodiluma un boj\u0101jumu paz\u012bmju, piem\u0113ram, skr\u0101p\u0113jumu, iespiedumu un plaisu.<\/li>\n<li>E\u013c\u013co\u0161ana: Pareiza e\u013c\u013co\u0161ana ir nepiecie\u0161ama, lai nov\u0113rstu cilindra boj\u0101jumus nepietiekamas e\u013c\u013co\u0161anas d\u0113\u013c.<\/li>\n<li>Bl\u012bv\u0113juma nomai\u0146a: Ja bl\u012bv\u0113jums ir boj\u0101ts vai nodilis, tas savlaic\u012bgi j\u0101nomaina, lai izvair\u012btos no e\u013c\u013cas nopl\u016bdes un cilindra boj\u0101jumiem.<\/li>\n<li>Kalibr\u0113\u0161anas p\u0101rbaude: Kalibr\u0113\u0161ana regul\u0101ri j\u0101p\u0101rbauda, \u200b\u200blai p\u0101rliecin\u0101tos, ka cilindrs darbojas nor\u0101d\u012bto parametru robe\u017e\u0101s.<\/li>\n<\/ul>\n<p>Pareiza uzst\u0101d\u012b\u0161ana, e\u013c\u013co\u0161ana un regul\u0113\u0161ana ir svar\u012bga cilindra pareizai darb\u012bbai un ilgam kalpo\u0161anas laikam. Uzst\u0101d\u012b\u0161anas procesa laik\u0101 ir svar\u012bgi pareizi izl\u012bdzin\u0101t cilindru un izmantot atbilsto\u0161us uzst\u0101d\u012b\u0161anas kron\u0161teinus t\u0101 nostiprin\u0101\u0161anai. Lai uzlabotu cilindra kalpo\u0161anas laiku, ir sniegtas ieteicam\u0101s p\u0101rbaudes, remonta un nomai\u0146as proced\u016bras.<\/p>\n<p><img decoding=\"async\" src=\"https:\/\/www.hydraulic-cylinders.net\/wp-content\/uploads\/2025\/01\/songte-chushion-collar.webp\"><\/p>\n<h2>Dro\u0161\u012bbas apsv\u0113rumi un vides faktori<\/h2>\n<p>Izmantojot kausu cilindrus, ir svar\u012bgi iev\u0113rot dro\u0161\u012bbas pas\u0101kumus, lai izvair\u012btos no negad\u012bjumiem un traum\u0101m. Pareiza uzst\u0101d\u012b\u0161ana, regul\u0101ra apkope un p\u0101rbaude var samazin\u0101t cilindru boj\u0101jumu risku un nodro\u0161in\u0101t dro\u0161u darb\u012bbu. Izv\u0113loties un lietojot kausu cilindrus, j\u0101\u0146em v\u0113r\u0101 ar\u012b t\u0101di vides faktori k\u0101 temperat\u016bra, mitrums un \u0137\u012bmisko vielu iedarb\u012bba.<\/p>\n<p><img decoding=\"async\" src=\"https:\/\/hzpt.com\/wp-content\/uploads\/2024\/11\/songte-company-1.webp\"><\/p>\n<h2>Bie\u017ei sastopamas probl\u0113mas un to nov\u0113r\u0161ana<\/h2>\n<p>Bie\u017e\u0101k\u0101s probl\u0113mas, kas var rasties ar kausu cilindriem, ir e\u013c\u013cas nopl\u016bde, boj\u0101ti bl\u012bv\u0113jumi un nodilu\u0161i virzu\u013ci un stie\u0146i. Probl\u0113mu nov\u0113r\u0161ana var pal\u012bdz\u0113t noteikt probl\u0113mas c\u0113loni un pied\u0101v\u0101t efekt\u012bvus risin\u0101jumus. Regul\u0101ra p\u0101rbaude, apkope un remonts var nov\u0113rst potenci\u0101lu probl\u0113mu ra\u0161anos.<\/p>\n<p><img decoding=\"async\" src=\"https:\/\/www.hydraulic-cylinders.net\/wp-content\/uploads\/2025\/01\/songte-bushings-with-all-kinds-of-excavator-models.webp\"><\/p>\n<h2>Par m\u016bsu uz\u0146\u0113mumu<\/h2>\n<p>M\u0113s esam vado\u0161ais hidraulisko cilindru ra\u017eot\u0101js un vairumtirdzniec\u012bbas izplat\u012bt\u0101js viet\u0113j\u0101 un starptautiskaj\u0101 tirg\u016b, pied\u0101v\u0101jot pilnu produktu kl\u0101stu. M\u0113s iev\u0113rojam izcilas kvalit\u0101tes principu, pa\u013caujoties uz smalkra\u017eo\u0161anas darbn\u012bcu r\u016bpniecisk\u0101s ra\u017eo\u0161anas vad\u012bbas strat\u0113\u0123iju, past\u0101v\u012bgi uzlabojot darbn\u012bcu ra\u017eo\u0161anas platformas, uzlabojot produktu kvalit\u0101tes ra\u017eo\u0161anas ce\u013cu un ar sp\u0113c\u012bg\u0101m rado\u0161\u0101m sp\u0113j\u0101m apmierin\u0101t m\u016bsu klientu da\u017e\u0101d\u0101s vajadz\u012bbas ar augstu efektivit\u0101ti, precizit\u0101ti un kvalit\u0101ti. M\u0113s nodro\u0161in\u0101m profesion\u0101lus, starptautiski sertific\u0113tus, piel\u0101gotus pakalpojumus, izmantojot modernu ra\u017eo\u0161anas apr\u012bkojumu un profesion\u0101las test\u0113\u0161anas sist\u0113mas, k\u0101 ar\u012b nodro\u0161in\u0101m rezerves da\u013cas un atjauno\u0161anas pakalpojumus, lai uzlabotu cilindru kalpo\u0161anas laiku.<\/p>\n<p>Autors: lil<\/p>","protected":false},"excerpt":{"rendered":"<p>Bucket Cylinder For Doosan Small Excavator DH150-7 Introduction A bucket cylinder is a specially designed hydraulic cylinder that is primarily used to control the movement of buckets in heavy machinery such as excavators, backhoes, and front loaders. Its main function is to enable the bucket to lift, lower, and tilt, making it easier to handle [&hellip;]<\/p>","protected":false},"featured_media":14787,"comment_status":"open","ping_status":"closed","template":"","meta":{"_et_pb_use_builder":"","_et_pb_old_content":"","_et_gb_content_width":""},"product_brand":[],"product_cat":[1494],"product_tag":[1495,1496],"class_list":{"0":"post-15269","1":"product","2":"type-product","3":"status-publish","4":"has-post-thumbnail","6":"product_cat-bucket-cylinders","7":"product_tag-bucket-cylinders","8":"product_tag-hydraulic-cylinders","10":"first","11":"instock","12":"shipping-taxable","13":"product-type-simple"},"amp_enabled":true,"_links":{"self":[{"href":"https:\/\/www.hydraulic-cylinders.net\/lv\/wp-json\/wp\/v2\/product\/15269","targetHints":{"allow":["GET"]}}],"collection":[{"href":"https:\/\/www.hydraulic-cylinders.net\/lv\/wp-json\/wp\/v2\/product"}],"about":[{"href":"https:\/\/www.hydraulic-cylinders.net\/lv\/wp-json\/wp\/v2\/types\/product"}],"replies":[{"embeddable":true,"href":"https:\/\/www.hydraulic-cylinders.net\/lv\/wp-json\/wp\/v2\/comments?post=15269"}],"wp:featuredmedia":[{"embeddable":true,"href":"https:\/\/www.hydraulic-cylinders.net\/lv\/wp-json\/wp\/v2\/media\/14787"}],"wp:attachment":[{"href":"https:\/\/www.hydraulic-cylinders.net\/lv\/wp-json\/wp\/v2\/media?parent=15269"}],"wp:term":[{"taxonomy":"product_brand","embeddable":true,"href":"https:\/\/www.hydraulic-cylinders.net\/lv\/wp-json\/wp\/v2\/product_brand?post=15269"},{"taxonomy":"product_cat","embeddable":true,"href":"https:\/\/www.hydraulic-cylinders.net\/lv\/wp-json\/wp\/v2\/product_cat?post=15269"},{"taxonomy":"product_tag","embeddable":true,"href":"https:\/\/www.hydraulic-cylinders.net\/lv\/wp-json\/wp\/v2\/product_tag?post=15269"}],"curies":[{"name":"wp","href":"https:\/\/api.w.org\/{rel}","templated":true}]}}