{"id":15271,"date":"2025-01-19T14:19:13","date_gmt":"2025-01-19T14:19:13","guid":{"rendered":"https:\/\/www.hydraulic-cylinders.net\/product\/bucket-cylinder-for-doosan-small-excavator-dh55-5\/"},"modified":"2025-01-19T14:19:15","modified_gmt":"2025-01-19T14:19:15","slug":"bucket-cylinder-for-doosan-small-excavator-dh55-5","status":"publish","type":"product","link":"https:\/\/www.hydraulic-cylinders.net\/lv\/products\/bucket-cylinder-for-doosan-small-excavator-dh55-5\/","title":{"rendered":"Kausa cilindrs Doosan mazajam ekskavatoram DH55-5"},"content":{"rendered":"<h1>Kausa cilindrs Doosan mazajam ekskavatoram DH55-5<\/h1>\n<h2>Ievads<\/h2>\n<h3>Kausa cilindra defin\u0113\u0161ana Doosan mazajam ekskavatoram DH55-5<\/h3>\n<p>Kausa cilindrs ir speci\u0101li izstr\u0101d\u0101ts hidrauliskais cilindrs, ko galvenok\u0101rt izmanto, lai kontrol\u0113tu kausa kust\u012bbu smagaj\u0101s ma\u0161\u012bn\u0101s, piem\u0113ram, ekskavatoros, iekr\u0101v\u0113jos ar ekskavatoru un front\u0101lajos iekr\u0101v\u0113jos. T\u0101 galven\u0101 funkcija ir nodro\u0161in\u0101t kausa pacel\u0161anu, nolai\u0161anu un noliek\u0161anu, t\u0101d\u0113j\u0101di atvieglojot da\u017e\u0101dus materi\u0101lu apstr\u0101des uzdevumus. Hidrauliskaj\u0101 sist\u0113m\u0101 kausa cilindrs pan\u0101k prec\u012bzu kausa vad\u012bbu, mainot hidraulisk\u0101s e\u013c\u013cas spiedienu, \u013caujot operatoriem efekt\u012bvi apstr\u0101d\u0101t smagas kravas un piel\u0101goties sare\u017e\u0123\u012btai darba videi un da\u017e\u0101d\u0101m ekspluat\u0101cijas pras\u012bb\u0101m.<\/p>\n<p><img decoding=\"async\" src=\"https:\/\/www.hydraulic-cylinders.net\/wp-content\/uploads\/2025\/01\/songte-company-2.webp\" alt=\"Kausa cilindrs\" \/><\/p>\n<h3>Doosan maz\u0101 ekskavatora DH55-5 kausa cilindra \u012bpa\u0161\u012bbas<\/h3>\n<ul>\n<li>Augsta iztur\u012bba un ilgm\u016b\u017e\u012bba: Parasti izgatavots no augstas stipr\u012bbas t\u0113rauda vai alum\u012bnija, tas var iztur\u0113t augstu spiedienu un lielas slodzes, piel\u0101goties skarbai darba videi un ir izstr\u0101d\u0101ts, \u0146emot v\u0113r\u0101 nodilumiztur\u012bbu un korozijas iztur\u012bbu, pagarinot t\u0101 kalpo\u0161anas laiku.<\/li>\n<li>Efekt\u012bva hidraulisk\u0101 darb\u012bba: Izmantojot hidraulisk\u0101s e\u013c\u013cas spiedienu, lai pan\u0101ktu vienm\u0113r\u012bgas teleskopisk\u0101s kust\u012bbas, t\u0101 var \u0101tri rea\u0123\u0113t uz vad\u012bbas komand\u0101m, nodro\u0161in\u0101t sp\u0113c\u012bgus stum\u0161anas un vilk\u0161anas sp\u0113kus un ir piem\u0113rota smagu kravu apstr\u0101dei un sare\u017e\u0123\u012btu ekspluat\u0101cijas uzdevumu veik\u0161anai.<\/li>\n<li>Vair\u0101ki veidi: Atbilsto\u0161i ekspluat\u0101cijas pras\u012bb\u0101m var izv\u0113l\u0113ties vienk\u0101r\u0161\u0101s darb\u012bbas (hidrauliski tikai vien\u0101 virzien\u0101) vai divk\u0101r\u0161\u0101s darb\u012bbas (hidrauliski abos virzienos) cilindrus. Da\u017ei mode\u013ci ir teleskopiski, kas \u013cauj tos papla\u0161in\u0101t, nepalielinot \u0101r\u0113jos izm\u0113rus, padarot tos piem\u0113rotus lieto\u0161anai ierobe\u017eot\u0101 telp\u0101.<\/li>\n<li>Nomain\u0101ms: m\u016bsu produkts var lieliski aizst\u0101t \u0161os hidrauliskos cilindrus.<\/li>\n<\/ul>\n<p><img decoding=\"async\" src=\"https:\/\/www.hydraulic-cylinders.net\/wp-content\/uploads\/2025\/01\/songte-cylinder-head-with-all-kinds-excavator-models.webp\" alt=\"Kausa cilindru mode\u013ci\" \/><\/p>\n<h3>Kausa cilindra pielietojums Doosan mazajam ekskavatoram DH55-5<\/h3>\n<p>Kausa cilindrs tiek pla\u0161i izmantots da\u017e\u0101d\u0101s smagaj\u0101s ma\u0161\u012bn\u0101s, piem\u0113ram:<\/p>\n<ul>\n<li>B\u016bvniec\u012bbas apr\u012bkojums: ekskavatoros tie ir nepiecie\u0161ami augsnes vai gru\u017eu rak\u0161anai, iekrau\u0161anai un p\u0101rvieto\u0161anai. Ekskavatoros-iekr\u0101v\u0113jos kausa cilindri pal\u012bdz gan rak\u0161an\u0101, gan cel\u0161an\u0101. <\/li>\n<li>Lauksaimniec\u012bbas tehnika: Izmanto front\u0101lajos iekr\u0101v\u0113jos augsnes, siena un citu materi\u0101lu sav\u0101k\u0161anai, cel\u0161anai un transport\u0113\u0161anai. <\/li>\n<li>Ekskavatori: Kausa cilindrs veic izrak\u0161anu, \u013caujot spainim iek\u013c\u016bt augsn\u0113. <\/li>\n<li>Iekr\u0101v\u0113ji: Front\u0101lajos iekr\u0101v\u0113jos tie pal\u012bdz efekt\u012bvi pacelt un noliekt kravu. <\/li>\n<\/ul>\n<p>Katrs kausa cilindra pielietojums ir s\u012bk\u0101k izv\u0113rsts turpm\u0101k.<\/p>\n<h3>Dizaina apsv\u0113rumi un atlases krit\u0113riji<\/h3>\n<p>Kausa cilindrs ir konstru\u0113ts, \u0146emot v\u0113r\u0101 \u0161\u0101dus apsv\u0113rumus:<\/p>\n<ul>\n<li>Nestsp\u0113ja: Balonam j\u0101sp\u0113j iztur\u0113t lielas slodzes un saglab\u0101t stabilit\u0101ti ekspluat\u0101cijas laik\u0101.<\/li>\n<li>Bl\u012bv\u0113jums: Balonam j\u0101b\u016bt nosl\u0113gtam, lai nov\u0113rstu \u0161\u0137idruma nopl\u016bdi un uztur\u0113tu atbilsto\u0161u spiedienu.<\/li>\n<li>Iztur\u012bba: Balonam j\u0101b\u016bt konstru\u0113tam t\u0101, lai tas iztur\u0113tu skarbus ekspluat\u0101cijas apst\u0101k\u013cus un b\u016btu iztur\u012bgs pret nodilumu un koroziju.<\/li>\n<li>Dro\u0161\u012bba: Balonam j\u0101b\u016bt konstru\u0113tam t\u0101, lai nov\u0113rstu negad\u012bjumus un samazin\u0101tu traumu risku operatoriem.<\/li>\n<li>Uzturam\u012bba: Balonam j\u0101b\u016bt viegli apkopjamam un remont\u0113jamam.<\/li>\n<\/ul>\n<p><img decoding=\"async\" src=\"https:\/\/www.hydraulic-cylinders.net\/wp-content\/uploads\/2025\/01\/songte-oil-pipes-and-spare-parts.webp\" alt=\"Kausa cilindra deta\u013cas\" \/><\/p>\n<h3>Doosan maz\u0101 ekskavatora DH55-5 kausa cilindra bl\u012bv\u0113\u0161ana un e\u013c\u013co\u0161ana<\/h3>\n<ul>\n<li>Da\u017e\u0101di bl\u012bv\u0113\u0161anas elementi: Cilindr\u0101 tiek izmantoti virzu\u013ca bl\u012bv\u0113jumi, stie\u0146a bl\u012bv\u0113jumi utt. Bl\u012bv\u0113\u0161anas elementi ir izgatavoti no nodilumiztur\u012bgiem materi\u0101liem, piem\u0113ram, poliuret\u0101na un nitrila gumijas.<\/li>\n<li>Smalki apstr\u0101d\u0101ts cilindra korpuss: Cilindra korpuss un v\u012btnes gala virsma ir smalki apstr\u0101d\u0101ta, lai uzlabotu nodilumiztur\u012bbu.<\/li>\n<li>E\u013c\u013co\u0161ana: Cilindrs regul\u0101ri j\u0101iee\u013c\u013co ar atbilsto\u0161u hidraulisk\u0101s e\u013c\u013cas daudzumu.<\/li>\n<\/ul>\n<h3>Regul\u0101ras p\u0101rbaudes un profilaktisk\u0101s apkopes pas\u0101kumi<\/h3>\n<p>Ieteicams regul\u0101ri veikt \u0161\u0101dus apkopes darbus:<\/p>\n<ul>\n<li>Regul\u0101ra p\u0101rbaude: Regul\u0101ri p\u0101rbaudiet cilindru, vai nav boj\u0101jumu, nopl\u016b\u017eu un nodiluma paz\u012bmju.<\/li>\n<li>Pareiza e\u013c\u013co\u0161ana: Nodro\u0161iniet, lai cilindrs b\u016btu pareizi iee\u013c\u013cots.<\/li>\n<li>Bl\u012bvju nomai\u0146a: nomainiet bl\u012bves p\u0113c nepiecie\u0161am\u012bbas.<\/li>\n<li>Kalibr\u0113\u0161anas p\u0101rbaude: periodiski p\u0101rbaudiet cilindra kalibr\u0113\u0161anu.<\/li>\n<\/ul>\n<p>Pareiza uzst\u0101d\u012b\u0161ana, e\u013c\u013co\u0161ana un regul\u0113\u0161ana ir b\u016btiska, lai nodro\u0161in\u0101tu kausa cilindra dro\u0161u un efekt\u012bvu darb\u012bbu. Uzst\u0101d\u012b\u0161anas laik\u0101 ieteicams pareizi izl\u012bdzin\u0101t cilindru un izmantot atbilsto\u0161us stiprin\u0101juma kron\u0161teinus, lai nostiprin\u0101tu cilindru. M\u016bsu uz\u0146\u0113mums nodro\u0161ina rezerves da\u013cas un atjauno\u0161anas pakalpojumus, lai pal\u012bdz\u0113tu pagarin\u0101t j\u016bsu kausa cilindra kalpo\u0161anas laiku.<\/p>\n<p><img decoding=\"async\" src=\"https:\/\/www.hydraulic-cylinders.net\/wp-content\/uploads\/2025\/01\/songte-chushion-collar.webp\" alt=\"Kausa cilindra uzst\u0101d\u012b\u0161ana\" \/><\/p>\n<h3>Dro\u0161\u012bbas apsv\u0113rumi un vides faktori<\/h3>\n<p>Izmantojot kausa cilindru, ir svar\u012bgi iev\u0113rot dro\u0161\u012bbas pas\u0101kumus, lai nov\u0113rstu negad\u012bjumus un traumas. Ir svar\u012bgi \u0146emt v\u0113r\u0101 ar\u012b vides faktorus, piem\u0113ram, hidraulisk\u0101 \u0161\u0137idruma nopl\u016bdes ietekmi uz vidi un to, k\u0101 pareizi utiliz\u0113t atkritumus.<\/p>\n<h3>Doosan maz\u0101 ekskavatora DH55-5 kausa cilindra probl\u0113mu nov\u0113r\u0161ana un bie\u017ei sastopam\u0101s probl\u0113mas<\/h3>\n<p>Bie\u017ei sastopamas probl\u0113mas, kas var rasties ar kausa cilindru, ir e\u013c\u013cas nopl\u016bde, cilindra nob\u012bde un nepietiekams sp\u0113ks. M\u016bsu probl\u0113mu nov\u0113r\u0161anas padomi un risin\u0101jumi pal\u012bdz efekt\u012bvi diagnostic\u0113t un nov\u0113rst \u0161\u012bs probl\u0113mas. Ieteicams ar\u012b veikt prevent\u012bvus pas\u0101kumus, lai samazin\u0101tu potenci\u0101l\u0101s probl\u0113mas.<\/p>\n<p><img decoding=\"async\" src=\"https:\/\/www.hydraulic-cylinders.net\/wp-content\/uploads\/2025\/01\/songte-bushings-with-all-kinds-of-excavator-models.webp\" alt=\"Kausa cilindra bukses\" \/><\/p>\n<h2>Par m\u016bsu uz\u0146\u0113mumu<\/h2>\n<p>M\u0113s esam hidraulisko cilindru ra\u017eot\u0101js, kas var aizst\u0101t tradicion\u0101los hidrauliskos cilindrus. M\u016bsu uz\u0146\u0113mums pied\u0101v\u0101 pilnu hidraulisko cilindru kl\u0101stu un ir k\u013cuvis par vienu no vado\u0161ajiem ra\u017eot\u0101jiem un vairumtirgot\u0101jiem viet\u0113j\u0101 un starptautiskaj\u0101 tirg\u016b. M\u0113s iev\u0113rojam izcilas kvalit\u0101tes principus, pa\u013caujamies uz industrializ\u0113t\u0101m ra\u017eo\u0161anas vad\u012bbas strat\u0113\u0123ij\u0101m un esam nep\u0101rtraukti uzlaboju\u0161i savas ra\u017eo\u0161anas platformas, izmantojot tehnolo\u0123iskos talantus, digitaliz\u0113tu augstas klases ra\u017eo\u0161anas apr\u012bkojumu un profesion\u0101las test\u0113\u0161anas sist\u0113mas, un mums ir sp\u0113c\u012bga sp\u0113ja rad\u012bt augstas efektivit\u0101tes, augstas precizit\u0101tes un augstas kvalit\u0101tes produktus, lai apmierin\u0101tu m\u016bsu klientu da\u017e\u0101d\u0101s vajadz\u012bbas.<\/p>\n<p><img decoding=\"async\" src=\"https:\/\/hzpt.com\/wp-content\/uploads\/2024\/11\/songte-company-1.webp\" alt=\"Uz\u0146\u0113muma p\u0101rskats\" \/><\/p>\n<h3>M\u016bsu kompetence<\/h3>\n<p>M\u016bsu uz\u0146\u0113mumam ir pieredze \u0161\u0101d\u0101s jom\u0101s:<\/p>\n<ul>\n<li>Starptautisk\u0101 sertifik\u0101cija: M\u016bsu produkti ir iztur\u0113ju\u0161i da\u017e\u0101das starptautiskas sertifik\u0101cijas, tostarp ISO9001, CE, SGS un TUV. <\/li>\n<li>Piel\u0101goti pakalpojumi: M\u016bsu uz\u0146\u0113mums var sniegt piel\u0101gotus pakalpojumus atbilsto\u0161i klientu vajadz\u012bb\u0101m, piem\u0113ram, piel\u0101gotu produktu dizainu, piel\u0101gotu iepakojumu utt.<\/li>\n<li>Ra\u017eo\u0161anas iek\u0101rtas: Lai nodro\u0161in\u0101tu produktu kvalit\u0101ti, m\u0113s izmantojam augstas klases CNC apstr\u0101des iek\u0101rtas, modernas metin\u0101\u0161anas iek\u0101rtas un da\u017e\u0101das test\u0113\u0161anas iek\u0101rtas.<\/li>\n<li>P\u0113cp\u0101rdo\u0161anas serviss: M\u0113s pied\u0101v\u0101jam visaptvero\u0161u p\u0113cp\u0101rdo\u0161anas atbalstu, tostarp uzst\u0101d\u012b\u0161anu, apkopi un remontu.<\/li>\n<\/ul>\n<p>Paldies, ka apsverat m\u016bsu produktus. Lai ieg\u016btu pla\u0161\u0101ku inform\u0101ciju, l\u016bdzu, apmekl\u0113jiet m\u016bsu t\u012bmek\u013ca vietni vai sazinieties ar mums tie\u0161i.<\/p>\n<footer>Autors: lil<\/footer>","protected":false},"excerpt":{"rendered":"<p>Bucket Cylinder For Doosan Small Excavator DH55-5 Introduction Defining Bucket Cylinder for Doosan Small Excavator DH55-5 A bucket cylinder is a specially designed hydraulic cylinder that is primarily used to control the movement of the bucket in heavy machinery such as excavators, backhoe loaders, and front-end loaders. Its main function is to enable the bucket [&hellip;]<\/p>","protected":false},"featured_media":14784,"comment_status":"open","ping_status":"closed","template":"","meta":{"_et_pb_use_builder":"","_et_pb_old_content":"","_et_gb_content_width":""},"product_brand":[],"product_cat":[1494],"product_tag":[1495,1496],"class_list":{"0":"post-15271","1":"product","2":"type-product","3":"status-publish","4":"has-post-thumbnail","6":"product_cat-bucket-cylinders","7":"product_tag-bucket-cylinders","8":"product_tag-hydraulic-cylinders","10":"first","11":"instock","12":"shipping-taxable","13":"product-type-simple"},"amp_enabled":true,"_links":{"self":[{"href":"https:\/\/www.hydraulic-cylinders.net\/lv\/wp-json\/wp\/v2\/product\/15271","targetHints":{"allow":["GET"]}}],"collection":[{"href":"https:\/\/www.hydraulic-cylinders.net\/lv\/wp-json\/wp\/v2\/product"}],"about":[{"href":"https:\/\/www.hydraulic-cylinders.net\/lv\/wp-json\/wp\/v2\/types\/product"}],"replies":[{"embeddable":true,"href":"https:\/\/www.hydraulic-cylinders.net\/lv\/wp-json\/wp\/v2\/comments?post=15271"}],"wp:featuredmedia":[{"embeddable":true,"href":"https:\/\/www.hydraulic-cylinders.net\/lv\/wp-json\/wp\/v2\/media\/14784"}],"wp:attachment":[{"href":"https:\/\/www.hydraulic-cylinders.net\/lv\/wp-json\/wp\/v2\/media?parent=15271"}],"wp:term":[{"taxonomy":"product_brand","embeddable":true,"href":"https:\/\/www.hydraulic-cylinders.net\/lv\/wp-json\/wp\/v2\/product_brand?post=15271"},{"taxonomy":"product_cat","embeddable":true,"href":"https:\/\/www.hydraulic-cylinders.net\/lv\/wp-json\/wp\/v2\/product_cat?post=15271"},{"taxonomy":"product_tag","embeddable":true,"href":"https:\/\/www.hydraulic-cylinders.net\/lv\/wp-json\/wp\/v2\/product_tag?post=15271"}],"curies":[{"name":"wp","href":"https:\/\/api.w.org\/{rel}","templated":true}]}}