{"id":15276,"date":"2025-01-19T14:19:36","date_gmt":"2025-01-19T14:19:36","guid":{"rendered":"https:\/\/www.hydraulic-cylinders.net\/product\/bucket-cylinder-for-doosan-middle-excavator-dh220-3-5-7\/"},"modified":"2025-01-19T14:19:38","modified_gmt":"2025-01-19T14:19:38","slug":"bucket-cylinder-for-doosan-middle-excavator-dh220-3-5-7","status":"publish","type":"product","link":"https:\/\/www.hydraulic-cylinders.net\/lv\/products\/bucket-cylinder-for-doosan-middle-excavator-dh220-3-5-7\/","title":{"rendered":"Kausa cilindrs Doosan vid\u0113jam ekskavatoram DH220-3-5-7"},"content":{"rendered":"<h1>Kausa cilindrs Doosan vid\u0113jam ekskavatoram DH220-3-5-7<\/h1>\n<h2>Ievads<\/h2>\n<p>Kausa cilindrs ir speci\u0101li izstr\u0101d\u0101ts hidrauliskais cilindrs, ko izmanto, lai kontrol\u0113tu kausa kust\u012bbu smagaj\u0101s ma\u0161\u012bn\u0101s, piem\u0113ram, ekskavatoros, univers\u0101lajos iekr\u0101v\u0113jos un front\u0101lajos iekr\u0101v\u0113jos. T\u0101 galven\u0101 funkcija ir \u013caut kausam pacelties, nolaisties un sasv\u0113rties, t\u0101d\u0113j\u0101di atvieglojot da\u017e\u0101du materi\u0101lu apstr\u0101des uzdevumu veik\u0161anu. Hidrauliskaj\u0101 sist\u0113m\u0101 kausa cilindrs pan\u0101k prec\u012bzu kausa vad\u012bbu, mainot hidraulisk\u0101s e\u013c\u013cas spiedienu, \u013caujot operatoram efekt\u012bvi apstr\u0101d\u0101t smagas kravas un piel\u0101goties sare\u017e\u0123\u012btai darba videi un da\u017e\u0101d\u0101m darba pras\u012bb\u0101m.<\/p>\n<p><img decoding=\"async\" src=\"https:\/\/www.hydraulic-cylinders.net\/wp-content\/uploads\/2025\/01\/songte-company-2.webp\" alt=\"Kausa cilindra att\u0113ls\"><\/p>\n<h2>Funkcijas<\/h2>\n<ul>\n<li>Augsta iztur\u012bba un ilgm\u016b\u017e\u012bba: Parasti izgatavots no augstas stipr\u012bbas t\u0113rauda vai alum\u012bnija, tas var iztur\u0113t augstu spiedienu un lielas slodzes, ir piem\u0113rots skarbai darba videi un ir izstr\u0101d\u0101ts, \u0146emot v\u0113r\u0101 nodilumiztur\u012bbu un korozijas iztur\u012bbu, lai pagarin\u0101tu kalpo\u0161anas laiku. <\/li>\n<li>Efekt\u012bva hidraulisk\u0101 darb\u012bba: Vienm\u0113r\u012bga teleskopisk\u0101 darb\u012bba tiek pan\u0101kta, izmantojot hidraulisk\u0101s e\u013c\u013cas spiedienu, \u0101tru reakciju uz vad\u012bbas komand\u0101m un nodro\u0161inot sp\u0113c\u012bgus stum\u0161anas un vilk\u0161anas sp\u0113kus, padarot to piem\u0113rotu smagu kravu apstr\u0101dei un sare\u017e\u0123\u012btu darbu veik\u0161anai. <\/li>\n<li>Vair\u0101ki veidi: vienas darb\u012bbas (hidrauliski tiek izmantota tikai vien\u0101 virzien\u0101) vai divk\u0101r\u0161as darb\u012bbas (hidrauliski tiek izmantota divos virzienos) cilindrus var izv\u0113l\u0113ties p\u0113c vajadz\u012bbas, lai apmierin\u0101tu da\u017e\u0101das darb\u012bbas pras\u012bbas. Da\u017ei mode\u013ci ir teleskopiski, kas \u013cauj tos papla\u0161in\u0101t, nepalielinot \u0101r\u0113jos izm\u0113rus, padarot tos piem\u0113rotus lietojumiem ar ierobe\u017eotu vietu. <\/li>\n<li>Piln\u012bgi nomain\u0101ms: m\u016bsu produkti var piln\u012bb\u0101 aizst\u0101t \u0161os hidrauliskos cilindrus.<\/li>\n<li>Pieejams piel\u0101gots dizains un ra\u017eo\u0161ana.<\/li>\n<\/ul>\n<p><img decoding=\"async\" src=\"https:\/\/www.hydraulic-cylinders.net\/wp-content\/uploads\/2025\/01\/songte-cylinder-head-with-all-kinds-excavator-models.webp\" alt=\"Kausa cilindra nomai\u0146as att\u0113ls\"><\/p>\n<h2>Pieteikumi<\/h2>\n<p>Kausa cilindri tiek izmantoti da\u017e\u0101d\u0101s celtniec\u012bbas un lauksaimniec\u012bbas ma\u0161\u012bn\u0101s un iek\u0101rt\u0101s, tostarp:<\/p>\n<ul>\n<li>Ekskavatori: kausa cilindri \u013cauj kausam iek\u013c\u016bt augsn\u0113, lai veiktu rak\u0161anas darb\u012bbas. <\/li>\n<li>Front\u0101lie iekr\u0101v\u0113ji: tie pal\u012bdz efekt\u012bvi pacelt un noliekt preces.<\/li>\n<li>Ekskavatori: kausa cilindri pal\u012bdz gan rak\u0161anas, gan cel\u0161anas darbos.<\/li>\n<li>Lauksaimniec\u012bbas tehnika: izmanto front\u0101lajiem iekr\u0101v\u0113jiem, augsnes, siena un citu materi\u0101lu sav\u0101k\u0161anai, cel\u0161anai un transport\u0113\u0161anai.<\/li>\n<\/ul>\n<h2>Dizaina apsv\u0113rumi un atlases krit\u0113riji<\/h2>\n<p>Apsverot kausu cilindru projekt\u0113\u0161anas un izv\u0113les krit\u0113rijus, j\u0101\u0146em v\u0113r\u0101 vair\u0101ki faktori:<\/p>\n<ul>\n<li>Nestsp\u0113ja: Cilindram j\u0101b\u016bt pietiekami iztur\u012bgam, lai iztur\u0113tu ma\u0161\u012bnas svaru un dinamisk\u0101s slodzes, kas rodas darb\u012bbas laik\u0101. <\/li>\n<li>Bl\u012bv\u0113jums: Cilindram j\u0101b\u016bt labi nosl\u0113gtam, lai nov\u0113rstu e\u013c\u013cas nopl\u016bdi un nodro\u0161in\u0101tu efekt\u012bvu darb\u012bbu.<\/li>\n<li>Iztur\u012bba: Balonam j\u0101b\u016bt iztur\u012bgam un sp\u0113j\u012bgam iztur\u0113t skarbos darba vides apst\u0101k\u013cus, lai pagarin\u0101tu t\u0101 kalpo\u0161anas laiku. <\/li>\n<li>Dro\u0161\u012bba: Balonam j\u0101b\u016bt apr\u012bkotam ar dro\u0161\u012bbas funkcij\u0101m, kas nov\u0113r\u0161 negad\u012bjumus un aizsarg\u0101 operatorus un apr\u012bkojumu. <\/li>\n<li>Apkope: Balonam j\u0101b\u016bt viegli kopjamam un remont\u0113jamam, lai samazin\u0101tu d\u012bkst\u0101ves laiku.<\/li>\n<\/ul>\n<p><img decoding=\"async\" src=\"https:\/\/www.hydraulic-cylinders.net\/wp-content\/uploads\/2025\/01\/songte-oil-pipes-and-spare-parts.webp\" alt=\"Kausa cilindra deta\u013cu att\u0113ls\"><\/p>\n<h2>Bl\u012bv\u0113\u0161ana un e\u013c\u013co\u0161ana<\/h2>\n<p>Kausu cilindriem tiek izmantoti da\u017e\u0101di bl\u012bv\u0113\u0161anas komponenti, piem\u0113ram, virzu\u013ca bl\u012bvsl\u0113gi \u200b\u200bun stie\u0146a bl\u012bvsl\u0113gi. Bl\u012bv\u0113jumi ir izgatavoti no nodilumiztur\u012bgiem materi\u0101liem, piem\u0113ram, poliuret\u0101na un nitrila gumijas. Cilindra korpuss un v\u012bt\u0146ot\u0101s gala virsmas ir r\u016bp\u012bgi apstr\u0101d\u0101tas, lai uzlabotu nodilumiztur\u012bbu. Lai e\u013c\u013cotu un uztur\u0113tu pareizu darb\u012bbu, ir nepiecie\u0161ams regul\u0101ri pievienot cilindram atbilsto\u0161u hidraulisk\u0101s e\u013c\u013cas daudzumu.<\/p>\n<h2>Apkope un remonts<\/h2>\n<p>Regul\u0101ra apkope ir b\u016btiska, lai nodro\u0161in\u0101tu kausa cilindru pareizu darb\u012bbu. J\u0101veic \u0161\u0101di uzdevumi:<\/p>\n<ul>\n<li>Regul\u0101ra p\u0101rbaude: p\u0101rbaudiet, vai nav boj\u0101jumu, nodiluma un e\u013c\u013cas nopl\u016b\u017eu paz\u012bmju.<\/li>\n<li>E\u013c\u013co\u0161ana: Lai nodro\u0161in\u0101tu pareizu darb\u012bbu, uz kust\u012bgaj\u0101m da\u013c\u0101m uzkl\u0101jiet sm\u0113rvielu.<\/li>\n<li>Bl\u012bv\u0113jumu nomai\u0146a: nomainiet nolietotas vai boj\u0101tas bl\u012bves, lai nov\u0113rstu e\u013c\u013cas nopl\u016bdi un uztur\u0113tu pareizu darb\u012bbu.<\/li>\n<li>Kalibr\u0113\u0161anas p\u0101rbaudes: p\u0101rliecinieties, vai cilindrs ir pareizi kalibr\u0113ts un noregul\u0113ts, un vai visas sast\u0101vda\u013cas darbojas pareizi.<\/li>\n<\/ul>\n<p><img decoding=\"async\" src=\"https:\/\/www.hydraulic-cylinders.net\/wp-content\/uploads\/2025\/01\/songte-chushion-collar.webp\" alt=\"Kausa cilindra apkakles att\u0113ls\"><\/p>\n<h2>Dro\u0161\u012bbas un vides apsv\u0113rumi<\/h2>\n<p>Izmantojot kausu cilindrus, j\u0101veic dro\u0161\u012bbas pas\u0101kumi, lai nov\u0113rstu negad\u012bjumus. Operatoriem j\u0101uzman\u0101s, lai nep\u0101rslogotu cilindru, un regul\u0101ri j\u0101p\u0101rbauda cilindrs, vai nav nodiluma un boj\u0101jumu paz\u012bmju. Turkl\u0101t ir svar\u012bgi pareizi utiliz\u0113t jebkuru izlietoto hidraulisko e\u013c\u013cu vai citus b\u012bstamus materi\u0101lus.<\/p>\n<h2>Bie\u017ei sastopamas probl\u0113mas un to nov\u0113r\u0161ana<\/h2>\n<p>Da\u017eas bie\u017ei sastopamas probl\u0113mas, kas var rasties ar kausu cilindriem, ir e\u013c\u013cas nopl\u016bde, bl\u012bv\u0113jumu boj\u0101jumi un nepareiza darb\u012bba. \u0160\u0101dos gad\u012bjumos ir svar\u012bgi p\u0101rbaud\u012bt cilindru, vai nav nodiluma un boj\u0101jumu paz\u012bmju, un nepiecie\u0161am\u012bbas gad\u012bjum\u0101 nomain\u012bt deta\u013cas. Regul\u0101ra apkope un p\u0101rbaude var pal\u012bdz\u0113t nov\u0113rst \u0161o probl\u0113mu ra\u0161anos.<\/p>\n<p><img decoding=\"async\" src=\"https:\/\/www.hydraulic-cylinders.net\/wp-content\/uploads\/2025\/01\/songte-bushings-with-all-kinds-of-excavator-models.webp\" alt=\"Kausa cilindra bukses att\u0113ls\"><\/p>\n<h2>Par m\u016bsu uz\u0146\u0113mumu<\/h2>\n<p>M\u016bsu uz\u0146\u0113mums ir rezerves hidraulisko cilindru ra\u017eot\u0101js, pied\u0101v\u0101jot pla\u0161u produktu kl\u0101stu un k\u013c\u016bstot par vienu no vado\u0161ajiem hidraulisko cilindru ra\u017eot\u0101jiem un vairumtirdzniec\u012bbas izplat\u012bt\u0101jiem viet\u0113j\u0101 un starptautiskaj\u0101 tirg\u016b. M\u0113s iev\u0113rojam izcilas kvalit\u0101tes principu, pa\u013caujamies uz m\u016bsu sare\u017e\u0123\u012bto ra\u017eo\u0161anas darbn\u012bcu industrializ\u0113to ra\u017eo\u0161anas vad\u012bbas strat\u0113\u0123iju, past\u0101v\u012bgi uzlabojam darbn\u012bcu ra\u017eo\u0161anas platformu, pilnveidojam produktu kvalit\u0101tes ra\u017eo\u0161anas ce\u013cus un mums ir sp\u0113c\u012bgas rado\u0161as sp\u0113jas apmierin\u0101t klientu da\u017e\u0101d\u0101s vajadz\u012bbas ar augstu efektivit\u0101ti, precizit\u0101ti un kvalit\u0101ti.<\/p>\n<h3>Profesionalit\u0101te<\/h3>\n<p>M\u016bsu profesion\u0101l\u0101 komanda ir gan zino\u0161a, gan pieredz\u0113jusi, nodro\u0161inot klientiem augst\u0101k\u0101s kvalit\u0101tes produktus un pakalpojumus.<\/p>\n<h3>Starptautisk\u0101 sertifik\u0101cija<\/h3>\n<p>M\u016bsu produkti ir iztur\u0113ju\u0161i starptautiskus sertifik\u0101tus, piem\u0113ram, ISO9001 un CE, kas nodro\u0161ina kvalit\u0101ti un uzticam\u012bbu.<\/p>\n<h3>Piel\u0101goti pakalpojumi<\/h3>\n<p>M\u0113s pied\u0101v\u0101jam piel\u0101gotus pakalpojumus, lai apmierin\u0101tu \u012bpa\u0161as klientu pras\u012bbas, un pied\u0101v\u0101jam piel\u0101gotus risin\u0101jumus.<\/p>\n<h3>Uzlabots ra\u017eo\u0161anas apr\u012bkojums<\/h3>\n<p>M\u0113s izmantojam modernas ra\u017eo\u0161anas iek\u0101rtas, lai nodro\u0161in\u0101tu efekt\u012bvu un augstas kvalit\u0101tes ra\u017eo\u0161anu un produkciju.<\/p>\n<h3>P\u0113cp\u0101rdo\u0161anas serviss<\/h3>\n<p>M\u0113s nodro\u0161in\u0101m izcilu p\u0113cp\u0101rdo\u0161anas apkalpo\u0161anu un atbalstu, nodro\u0161inot klientu apmierin\u0101t\u012bbu un lojalit\u0101ti.<\/p>\n<p><img decoding=\"async\" src=\"https:\/\/hzpt.com\/wp-content\/uploads\/2024\/11\/songte-company-1.webp\" alt=\"Uz\u0146\u0113muma t\u0113ls\"><\/p>\n<p>Autors: Lails.<\/p>","protected":false},"excerpt":{"rendered":"<p>Bucket Cylinder For Doosan Middle Excavator DH220-3-5-7 Introduction The bucket cylinder is a specially designed hydraulic cylinder used to control the movement of the bucket in heavy machinery such as excavators, backhoes, and front loaders. Its main function is to allow the bucket to lift, lower, and tilt, making it easier to handle various material [&hellip;]<\/p>","protected":false},"featured_media":14773,"comment_status":"open","ping_status":"closed","template":"","meta":{"_et_pb_use_builder":"","_et_pb_old_content":"","_et_gb_content_width":""},"product_brand":[],"product_cat":[1494],"product_tag":[1495,1496],"class_list":{"0":"post-15276","1":"product","2":"type-product","3":"status-publish","4":"has-post-thumbnail","6":"product_cat-bucket-cylinders","7":"product_tag-bucket-cylinders","8":"product_tag-hydraulic-cylinders","10":"first","11":"instock","12":"shipping-taxable","13":"product-type-simple"},"amp_enabled":true,"_links":{"self":[{"href":"https:\/\/www.hydraulic-cylinders.net\/lv\/wp-json\/wp\/v2\/product\/15276","targetHints":{"allow":["GET"]}}],"collection":[{"href":"https:\/\/www.hydraulic-cylinders.net\/lv\/wp-json\/wp\/v2\/product"}],"about":[{"href":"https:\/\/www.hydraulic-cylinders.net\/lv\/wp-json\/wp\/v2\/types\/product"}],"replies":[{"embeddable":true,"href":"https:\/\/www.hydraulic-cylinders.net\/lv\/wp-json\/wp\/v2\/comments?post=15276"}],"wp:featuredmedia":[{"embeddable":true,"href":"https:\/\/www.hydraulic-cylinders.net\/lv\/wp-json\/wp\/v2\/media\/14773"}],"wp:attachment":[{"href":"https:\/\/www.hydraulic-cylinders.net\/lv\/wp-json\/wp\/v2\/media?parent=15276"}],"wp:term":[{"taxonomy":"product_brand","embeddable":true,"href":"https:\/\/www.hydraulic-cylinders.net\/lv\/wp-json\/wp\/v2\/product_brand?post=15276"},{"taxonomy":"product_cat","embeddable":true,"href":"https:\/\/www.hydraulic-cylinders.net\/lv\/wp-json\/wp\/v2\/product_cat?post=15276"},{"taxonomy":"product_tag","embeddable":true,"href":"https:\/\/www.hydraulic-cylinders.net\/lv\/wp-json\/wp\/v2\/product_tag?post=15276"}],"curies":[{"name":"wp","href":"https:\/\/api.w.org\/{rel}","templated":true}]}}