{"id":15282,"date":"2025-01-19T14:20:06","date_gmt":"2025-01-19T14:20:06","guid":{"rendered":"https:\/\/www.hydraulic-cylinders.net\/product\/bucket-cylinder-for-doosan-middle-excavator-dh225lc-9\/"},"modified":"2025-01-19T14:20:09","modified_gmt":"2025-01-19T14:20:09","slug":"bucket-cylinder-for-doosan-middle-excavator-dh225lc-9","status":"publish","type":"product","link":"https:\/\/www.hydraulic-cylinders.net\/lv\/products\/bucket-cylinder-for-doosan-middle-excavator-dh225lc-9\/","title":{"rendered":"Kausa cilindrs Doosan vid\u0113jam ekskavatoram DH225LC-9"},"content":{"rendered":"<h1>Kausa cilindrs Doosan vid\u0113jam ekskavatoram DH225LC-9<\/h1>\n<h2>Ievads<\/h2>\n<p>Doosan vid\u0113j\u0101 ekskavatora DH225LC-9 kausa cilindrs ir specializ\u0113ts hidrauliskais cilindrs, kas galvenok\u0101rt paredz\u0113ts kausa kust\u012bbu vad\u012bbai smagaj\u0101s ma\u0161\u012bn\u0101s, piem\u0113ram, ekskavatoros, ekskavatoros-iekr\u0101v\u0113jos un front\u0101lajos iekr\u0101v\u0113jos. T\u0101 galven\u0101 funkcija ir nodro\u0161in\u0101t kausa pacel\u0161anu, nolai\u0161anu un noliek\u0161anu, atvieglojot da\u017e\u0101du materi\u0101lu apstr\u0101des uzdevumu veik\u0161anu. Hidrauliskaj\u0101 sist\u0113m\u0101 kausa cilindrs izmanto hidraulisk\u0101s e\u013c\u013cas spiediena izmai\u0146as, lai prec\u012bzi vad\u012btu kausu, \u013caujot operatoriem efekt\u012bvi apstr\u0101d\u0101t smagas kravas un piel\u0101goties sare\u017e\u0123\u012btai darba videi un da\u017e\u0101d\u0101m ekspluat\u0101cijas pras\u012bb\u0101m.<\/p>\n<p><img decoding=\"async\" src=\"https:\/\/www.hydraulic-cylinders.net\/wp-content\/uploads\/2025\/01\/songte-company-2.webp\"\/><\/p>\n<h2>Funkcijas<\/h2>\n<ul>\n<li>Augsta iztur\u012bba un ilgm\u016b\u017e\u012bba: Parasti izgatavots no augstas stipr\u012bbas t\u0113rauda vai alum\u012bnija, tas var iztur\u0113t augstu spiedienu un lielas slodzes, piel\u0101goties skarbai darba videi un ir izstr\u0101d\u0101ts, \u0146emot v\u0113r\u0101 nodilumiztur\u012bbu un korozijas iztur\u012bbu, lai pagarin\u0101tu kalpo\u0161anas laiku. <\/li>\n<li>Efekt\u012bva hidraulisk\u0101 darb\u012bba: Vienm\u0113r\u012bga izple\u0161an\u0101s un sarau\u0161an\u0101s tiek pan\u0101kta, izmantojot hidraulisk\u0101s e\u013c\u013cas spiedienu, kas var \u0101tri rea\u0123\u0113t uz vad\u012bbas komand\u0101m, nodro\u0161in\u0101t sp\u0113c\u012bgus stum\u0161anas un vilk\u0161anas sp\u0113kus un ir piem\u0113rota smagu kravu apstr\u0101dei un sare\u017e\u0123\u012btu ekspluat\u0101cijas uzdevumu veik\u0161anai. <\/li>\n<li>Da\u017e\u0101di veidi: atkar\u012bb\u0101 no ekspluat\u0101cijas vajadz\u012bb\u0101m var izv\u0113l\u0113ties vienas darb\u012bbas (hidraulika tiek izmantota tikai vien\u0101 virzien\u0101) vai divk\u0101r\u0161as darb\u012bbas (hidraulika tiek izmantota divos virzienos) cilindrus. Da\u017ei mode\u013ci ir teleskopiski, kas \u013cauj tos pla\u0161\u0101k izstiept, nepalielinot \u0101r\u0113jos izm\u0113rus, kas ir piem\u0113rots lietojumiem ar ierobe\u017eotu telpu. <\/li>\n<li>Var ra\u017eot m\u016bsu uz\u0146\u0113mums: M\u016bsu produkti var lieliski aizst\u0101t \u0161os hidrauliskos cilindrus.<\/li>\n<\/ul>\n<p><img decoding=\"async\" src=\"https:\/\/www.hydraulic-cylinders.net\/wp-content\/uploads\/2025\/01\/songte-cylinder-head-with-all-kinds-excavator-models.webp\"\/><\/p>\n<h2>Pieteikumi<\/h2>\n<p>Doosan vid\u0113j\u0101 ekskavatora DH225LC-9 kausa cilindrs tiek pla\u0161i izmantots da\u017e\u0101d\u0101s jom\u0101s, tostarp:<\/p>\n<ul>\n<li>B\u016bvniec\u012bbas apr\u012bkojums: Tas ir nepiecie\u0161ams ekskavatoriem, veicot rak\u0161anu, iekrau\u0161anu un augsnes vai gru\u017eu p\u0101rvieto\u0161anu. Ekskavatoros-iekr\u0101v\u0113jos kausa cilindrs pal\u012bdz rakt un celt. <\/li>\n<li>Lauksaimniec\u012bbas tehnika: Izmanto front\u0101lajiem iekr\u0101v\u0113jiem augsnes, siena un citu materi\u0101lu sav\u0101k\u0161anai, pacel\u0161anai un transport\u0113\u0161anai. <\/li>\n<li>Ekskavatori: Kausa cilindrs \u013cauj kausam iek\u013c\u016bt augsn\u0113, lai pan\u0101ktu rak\u0161anas darb\u012bbu. <\/li>\n<li>Iekr\u0101v\u0113ji: Front\u0101lajos iekr\u0101v\u0113jos tas pal\u012bdz efekt\u012bvi pacelt un noliekt preces. <\/li>\n<\/ul>\n<p>Katrs pieteikums ir izv\u0113rst\u0101ks zem\u0101k:<\/p>\n<h3>Celtniec\u012bbas tehnika<\/h3>\n<p>Kausa cilindram ir svar\u012bga loma ekskavatoros augsnes vai gru\u017eu rak\u0161an\u0101, iekrau\u0161an\u0101 un p\u0101rvieto\u0161an\u0101. Tie ar\u012b pal\u012bdz ekskavatoriem-iekr\u0101v\u0113jiem rakt un celt.<\/p>\n<h3>Lauksaimniec\u012bbas tehnika<\/h3>\n<p>Kausa cilindrs tiek izmantots front\u0101lajos iekr\u0101v\u0113jos, lai sav\u0101ktu, paceltu un transport\u0113tu augsni, sienu un citus materi\u0101lus.<\/p>\n<h3>Ekskavatori<\/h3>\n<p>Kausa cilindrs tiek izmantots, lai kauss var\u0113tu iek\u013c\u016bt augsn\u0113 un veikt rak\u0161anas darb\u012bbu.<\/p>\n<h3>Iekr\u0101v\u0113ji<\/h3>\n<p>Front\u0101lajos iekr\u0101v\u0113jos kausa cilindrs pal\u012bdz efekt\u012bvi pacelt un noliekt preces.<\/p>\n<h2>Dizaina apsv\u0113rumi un atlases krit\u0113riji<\/h2>\n<p>Izv\u0113loties kausa cilindru Doosan vid\u0113j\u0101 ekskavatora DH225LC-9 modelim, j\u0101\u0146em v\u0113r\u0101 da\u017e\u0101di konstrukcijas apsv\u0113rumi un atlases krit\u0113riji. Tie ietver:<\/p>\n<ul>\n<li>Nestsp\u0113ja<\/li>\n<li>Bl\u012bv\u0113\u0161ana<\/li>\n<li>Iztur\u012bba<\/li>\n<li>Dro\u0161\u012bba<\/li>\n<li>Uzturam\u012bba<\/li>\n<\/ul>\n<p><img decoding=\"async\" src=\"https:\/\/www.hydraulic-cylinders.net\/wp-content\/uploads\/2025\/01\/songte-oil-pipes-and-spare-parts.webp\"\/><\/p>\n<h2>Bl\u012bv\u0113\u0161ana un e\u013c\u013co\u0161ana<\/h2>\n<p>Doosan vid\u0113j\u0101 ekskavatora DH225LC-9 kausa cilindram tiek izmantoti da\u017e\u0101di bl\u012bv\u0113\u0161anas komponenti, piem\u0113ram, virzu\u013ca bl\u012bvsl\u0113gi \u200b\u200bun stie\u0146a bl\u012bvsl\u0113gi, kas ir izgatavoti no nodilumiztur\u012bgiem materi\u0101liem, piem\u0113ram, poliuret\u0101na un nitrila gumijas. Cilindra korpuss un v\u012bt\u0146ot\u0101 gala virsma ir smalki apstr\u0101d\u0101ta, lai uzlabotu nodilumiztur\u012bbu. E\u013c\u013co\u0161anas nol\u016bkos ir nepiecie\u0161ama regul\u0101ra piem\u0113rotas hidraulisk\u0101s e\u013c\u013cas pievieno\u0161ana.<\/p>\n<h2>Apkope un piesardz\u012bbas pas\u0101kumi<\/h2>\n<p>Lai kausa cilindrs darbotos pareizi, ir nepiecie\u0161amas regul\u0101ras p\u0101rbaudes un profilaktisk\u0101s apkopes pas\u0101kumi. \u0160ie pas\u0101kumi ietver:<\/p>\n<ul>\n<li>Regul\u0101ras p\u0101rbaudes<\/li>\n<li>Pareiza e\u013c\u013co\u0161ana<\/li>\n<li>Bl\u012bvju nomai\u0146a un kalibr\u0113\u0161anas p\u0101rbaude<\/li>\n<\/ul>\n<p>Uzst\u0101d\u012b\u0161anas laik\u0101 ir svar\u012bgi nodro\u0161in\u0101t pareizu izl\u012bdzin\u0101\u0161anu un izmantot atbilsto\u0161us uzst\u0101d\u012b\u0161anas kron\u0161teinus, lai nostiprin\u0101tu cilindru viet\u0101. M\u0113s iesak\u0101m izmantot ieteicam\u0101s p\u0101rbaudes, remonta un nomai\u0146as proced\u016bras, lai pagarin\u0101tu Doosan vid\u0113j\u0101 ekskavatora DH225LC-9 kausa cilindra kalpo\u0161anas laiku.<\/p>\n<p><img decoding=\"async\" src=\"https:\/\/www.hydraulic-cylinders.net\/wp-content\/uploads\/2025\/01\/songte-chushion-collar.webp\"\/><\/p>\n<h2>Dro\u0161\u012bbas apsv\u0113rumi un vides faktori<\/h2>\n<p>Izmantojot kausa cilindru Doosan vid\u0113j\u0101 ekskavatora DH225LC-9, ir svar\u012bgi iev\u0113rot dro\u0161\u012bbas pas\u0101kumus, lai izvair\u012btos no negad\u012bjumiem, un \u0146emt v\u0113r\u0101 vides faktorus, kas var ietekm\u0113t cilindra darb\u012bbu.<\/p>\n<h2>Probl\u0113mu nov\u0113r\u0161ana un bie\u017ei sastopamas probl\u0113mas<\/h2>\n<p>Izmantojot Doosan vid\u0113j\u0101 ekskavatora DH225LC-9 kausa cilindru, var rasties da\u017e\u0101das probl\u0113mu nov\u0113r\u0161anas un bie\u017ei sastopamas probl\u0113mas. \u0160eit ir da\u017ei no risin\u0101jumiem:<\/p>\n<ul>\n<li>Bl\u012bvju nomai\u0146a<\/li>\n<li>Nopl\u016b\u017eu p\u0101rbaude<\/li>\n<li>Deform\u0101ciju un boj\u0101jumu p\u0101rbaude <\/li>\n<\/ul>\n<p>Lai mazin\u0101tu iesp\u0113jam\u0101s probl\u0113mas, ieteicams veikt prevent\u012bvus pas\u0101kumus.<\/p>\n<p><img decoding=\"async\" src=\"https:\/\/www.hydraulic-cylinders.net\/wp-content\/uploads\/2025\/01\/songte-bushings-with-all-kinds-of-excavator-models.webp\"\/><\/p>\n<h2>Par m\u016bsu uz\u0146\u0113mumu<\/h2>\n<p>M\u0113s esam vado\u0161ais hidraulisko cilindru ra\u017eot\u0101js un vairumtirgot\u0101js viet\u0113j\u0101 un starptautiskaj\u0101 tirg\u016b, nodro\u0161inot pilnu produktu kl\u0101stu hidraulisko cilindru nomai\u0146ai. M\u0113s iev\u0113rojam izcilas kvalit\u0101tes principu, pa\u013caujamies uz smalk\u0101s ra\u017eo\u0161anas darbn\u012bcas industrializ\u0113to ra\u017eo\u0161anas vad\u012bbas strat\u0113\u0123iju un nep\u0101rtraukti uzlabojam darbn\u012bcas ra\u017eo\u0161anas platformu, pilnveidojam produktu kvalit\u0101tes ra\u017eo\u0161anas ce\u013cu un mums ir sp\u0113c\u012bgas rad\u012b\u0161anas sp\u0113jas. <\/p>\n<p>Papildus tehnolo\u0123iju talantiem, digit\u0101laj\u0101m augstas klases ra\u017eo\u0161anas iek\u0101rt\u0101m un profesion\u0101l\u0101m p\u0101rbaudes sist\u0113m\u0101m m\u0113s pied\u0101v\u0101jam piel\u0101gotus pakalpojumus, ra\u017eo\u0161anas iek\u0101rtas un p\u0113cp\u0101rdo\u0161anas pakalpojumus, lai apmierin\u0101tu klientu da\u017e\u0101d\u0101s vajadz\u012bbas, par pamatprincipiem izvirzot augstu efektivit\u0101ti, augstu precizit\u0101ti un augstu kvalit\u0101ti.<\/p>\n<p>M\u016bsu uz\u0146\u0113mums pied\u0101v\u0101 ar\u012b virkni pakalpojumu, piem\u0113ram, specializ\u0113tas piel\u0101go\u0161anas, atjauno\u0161anas pakalpojumus un rezerves da\u013cas, lai pal\u012bdz\u0113tu klientiem pagarin\u0101t savu iek\u0101rtu kalpo\u0161anas laiku.<\/p>\n<p><img decoding=\"async\" src=\"https:\/\/hzpt.com\/wp-content\/uploads\/2024\/11\/songte-company-1.webp\"\/><\/p>\n<h2>Autors<\/h2>\n<p>lails<\/p>","protected":false},"excerpt":{"rendered":"<p>Bucket Cylinder For Doosan Middle Excavator DH225LC-9 Introduction The Bucket Cylinder for Doosan Middle Excavator DH225LC-9 is a specialized hydraulic cylinder designed primarily for controlling the movements of the bucket in heavy machinery, such as excavators, backhoe loaders, and front loaders. Its main function is to enable lifting, lowering, and tilting of the bucket, making [&hellip;]<\/p>","protected":false},"featured_media":14789,"comment_status":"open","ping_status":"closed","template":"","meta":{"_et_pb_use_builder":"","_et_pb_old_content":"","_et_gb_content_width":""},"product_brand":[],"product_cat":[1494],"product_tag":[1495,1496],"class_list":{"0":"post-15282","1":"product","2":"type-product","3":"status-publish","4":"has-post-thumbnail","6":"product_cat-bucket-cylinders","7":"product_tag-bucket-cylinders","8":"product_tag-hydraulic-cylinders","10":"first","11":"instock","12":"shipping-taxable","13":"product-type-simple"},"amp_enabled":true,"_links":{"self":[{"href":"https:\/\/www.hydraulic-cylinders.net\/lv\/wp-json\/wp\/v2\/product\/15282","targetHints":{"allow":["GET"]}}],"collection":[{"href":"https:\/\/www.hydraulic-cylinders.net\/lv\/wp-json\/wp\/v2\/product"}],"about":[{"href":"https:\/\/www.hydraulic-cylinders.net\/lv\/wp-json\/wp\/v2\/types\/product"}],"replies":[{"embeddable":true,"href":"https:\/\/www.hydraulic-cylinders.net\/lv\/wp-json\/wp\/v2\/comments?post=15282"}],"wp:featuredmedia":[{"embeddable":true,"href":"https:\/\/www.hydraulic-cylinders.net\/lv\/wp-json\/wp\/v2\/media\/14789"}],"wp:attachment":[{"href":"https:\/\/www.hydraulic-cylinders.net\/lv\/wp-json\/wp\/v2\/media?parent=15282"}],"wp:term":[{"taxonomy":"product_brand","embeddable":true,"href":"https:\/\/www.hydraulic-cylinders.net\/lv\/wp-json\/wp\/v2\/product_brand?post=15282"},{"taxonomy":"product_cat","embeddable":true,"href":"https:\/\/www.hydraulic-cylinders.net\/lv\/wp-json\/wp\/v2\/product_cat?post=15282"},{"taxonomy":"product_tag","embeddable":true,"href":"https:\/\/www.hydraulic-cylinders.net\/lv\/wp-json\/wp\/v2\/product_tag?post=15282"}],"curies":[{"name":"wp","href":"https:\/\/api.w.org\/{rel}","templated":true}]}}