{"id":15283,"date":"2025-01-19T14:20:12","date_gmt":"2025-01-19T14:20:12","guid":{"rendered":"https:\/\/www.hydraulic-cylinders.net\/product\/bucket-cylinder-for-doosan-middle-excavator-dh260lc\/"},"modified":"2025-01-19T14:20:14","modified_gmt":"2025-01-19T14:20:14","slug":"bucket-cylinder-for-doosan-middle-excavator-dh260lc","status":"publish","type":"product","link":"https:\/\/www.hydraulic-cylinders.net\/lv\/products\/bucket-cylinder-for-doosan-middle-excavator-dh260lc\/","title":{"rendered":"Kausa cilindrs Doosan vid\u0113jam ekskavatoram DH260LC"},"content":{"rendered":"<h1>Kausa cilindrs Doosan vid\u0113jam ekskavatoram DH260LC<\/h1>\n<h2>Ievads<\/h2>\n<p>Kausa cilindrs Doosan vid\u0113j\u0101 ekskavatora DH260LC ir speci\u0101li izstr\u0101d\u0101ts hidrauliskais cilindrs, ko galvenok\u0101rt izmanto, lai kontrol\u0113tu kausa kust\u012bbu smagaj\u0101s ma\u0161\u012bn\u0101s, piem\u0113ram, ekskavatoros, ekskavatoros-iekr\u0101v\u0113jos un front\u0101lajos iekr\u0101v\u0113jos. T\u0101 galven\u0101 funkcija ir \u013caut pacelt, nolaist un noliekt kausu, kas atvieglo da\u017e\u0101dus materi\u0101lu apstr\u0101des uzdevumus. Hidrauliskaj\u0101 sist\u0113m\u0101 kausa cilindrs nodro\u0161ina prec\u012bzu kausa vad\u012bbu, mainot hidraulisk\u0101s e\u013c\u013cas spiedienu, \u013caujot operatoriem efekt\u012bvi apstr\u0101d\u0101t smagas kravas un piel\u0101goties sare\u017e\u0123\u012btai darba videi un da\u017e\u0101d\u0101m ekspluat\u0101cijas pras\u012bb\u0101m.<\/p>\n<p><img decoding=\"async\" src=\"https:\/\/www.hydraulic-cylinders.net\/wp-content\/uploads\/2025\/01\/songte-company-2.webp\" alt=\"Kausa cilindra att\u0113ls\"><\/p>\n<h2>Produkta funkcijas<\/h2>\n<ul>\n<li>Augsta iztur\u012bba un ilgm\u016b\u017e\u012bba: Parasti izgatavots no augstas stipr\u012bbas t\u0113rauda vai alum\u012bnija, tas var iztur\u0113t augstu spiedienu un lielas slodzes, piel\u0101gojoties skarbai darba videi. Konstrukcij\u0101 \u0146emta v\u0113r\u0101 nodilumiztur\u012bba un iztur\u012bba pret koroziju, pagarinot kalpo\u0161anas laiku.<\/li>\n<li>Efekt\u012bva hidraulisk\u0101 darb\u012bba: Izmantojot hidraulisk\u0101s e\u013c\u013cas spiedienu, tiek pan\u0101ktas vienm\u0113r\u012bgas izple\u0161an\u0101s un sarau\u0161an\u0101s kust\u012bbas, kas nodro\u0161ina \u0101tru reakciju uz vad\u012bbas komand\u0101m un jaud\u012bgu stum\u0161anas un vilk\u0161anas sp\u0113ku, kas piem\u0113rots smagu kravu apstr\u0101dei un sare\u017e\u0123\u012btu ekspluat\u0101cijas uzdevumu veik\u0161anai.<\/li>\n<li>Da\u017e\u0101di veidi: Cilindru tipus var izv\u0113l\u0113ties atbilsto\u0161i ekspluat\u0101cijas pras\u012bb\u0101m, tostarp vienk\u0101r\u0161\u0101s darb\u012bbas (hidraulika tiek izmantota tikai vien\u0101 virzien\u0101) vai divk\u0101r\u0161\u0101s darb\u012bbas (hidraulika tiek izmantota abos virzienos). Da\u017ei mode\u013ci ir teleskopiski, kas \u013cauj pan\u0101kt liel\u0101ku pagarin\u0101jumu, nepalielinot \u0101r\u0113jos izm\u0113rus, padarot tos piem\u0113rotus lieto\u0161anai ierobe\u017eot\u0101 telp\u0101.<\/li>\n<li>Sader\u012bga nomai\u0146a: m\u016bsu produkti var lieliski aizst\u0101t l\u012bdz\u012bgus hidrauliskos cilindrus, nodro\u0161inot klientiem rentablu cilindru nomai\u0146as risin\u0101jumu.<\/li>\n<\/ul>\n<p><img decoding=\"async\" src=\"https:\/\/www.hydraulic-cylinders.net\/wp-content\/uploads\/2025\/01\/songte-cylinder-head-with-all-kinds-excavator-models.webp\" alt=\"Kausa cilindra nomai\u0146as att\u0113ls\"><\/p>\n<h2>Pieteikumi<\/h2>\n<p>Doosan vid\u0113j\u0101 ekskavatora DH260LC kausa cilindru var izmantot da\u017e\u0101dos smago ma\u0161\u012bnu pielietojumos:<\/p>\n<h3>Celtniec\u012bbas apr\u012bkojums<\/h3>\n<p>Ekskavatoros tas ir svar\u012bgi augsnes vai gru\u017eu rak\u0161anai, iekrau\u0161anai un p\u0101rvieto\u0161anai. Ekskavatoros-iekr\u0101v\u0113jos kausa cilindrs pal\u012bdz gan rak\u0161an\u0101, gan cel\u0161an\u0101. Front\u0101lajos iekr\u0101v\u0113jos tas pal\u012bdz efekt\u012bvi pacelt un noliekt kravas.<\/p>\n<h3>Lauksaimniec\u012bbas tehnika<\/h3>\n<p>Izmanto front\u0101lajos iekr\u0101v\u0113jos augsnes, siena un citu materi\u0101lu iekrau\u0161anai, cel\u0161anai un transport\u0113\u0161anai. Ekskavatoros kausa cilindrs nodro\u0161ina rak\u0161anas darb\u012bbu, \u013caujot kausam iek\u013c\u016bt augsn\u0113. <\/p>\n<h3>Citi<\/h3>\n<p>Da\u017e\u0101d\u0101s r\u016bpniec\u012bbas vid\u0113s kausa cilindrs var atvieglot smagu priek\u0161metu p\u0101rvieto\u0161anu, padarot to par v\u0113rt\u012bgu instrumentu materi\u0101lu apstr\u0101des oper\u0101cij\u0101s.<\/p>\n<h2>Dizaina apsv\u0113rumi un atlases krit\u0113riji<\/h2>\n<p>Kausa cilindri j\u0101projekt\u0113 un j\u0101izv\u0113las, pamatojoties uz vair\u0101kiem galvenajiem faktoriem:<\/p>\n<h3>Nestsp\u0113ja<\/h3>\n<p>Balona nestsp\u0113jai j\u0101b\u016bt t\u0101dai, lai tas ekspluat\u0101cijas laik\u0101 iztur\u0113tu augstu spiedienu un lielas slodzes.<\/p>\n<h3>Bl\u012bv\u0113\u0161ana<\/h3>\n<p>Lai nov\u0113rstu e\u013c\u013cas nopl\u016bdi un uzlabotu cilindra bl\u012bv\u0113juma veiktsp\u0113ju, j\u0101izmanto da\u017e\u0101di bl\u012bv\u0113\u0161anas elementi, piem\u0113ram, virzu\u013ca bl\u012bves un stie\u0146a bl\u012bves. Bl\u012bv\u0113\u0161anas elementiem j\u0101b\u016bt izgatavotiem no nodilumiztur\u012bgiem materi\u0101liem, piem\u0113ram, poliuret\u0101na un nitrila gumijas. Cilindra korpuss un v\u012btnes gala virsma ir j\u0101apstr\u0101d\u0101 ar smalku apstr\u0101di, lai uzlabotu nodilumiztur\u012bbu.<\/p>\n<h3>Iztur\u012bba<\/h3>\n<p>Balonam j\u0101b\u016bt izgatavotam no augstas iztur\u012bbas materi\u0101liem, kas sp\u0113j iztur\u0113t skarbus darba apst\u0101k\u013cus un pretoties nodilumam un korozijai, lai pagarin\u0101tu t\u0101 kalpo\u0161anas laiku.<\/p>\n<h3>Dro\u0161\u012bba<\/h3>\n<p>Balons j\u0101projekt\u0113, \u0146emot v\u0113r\u0101 dro\u0161\u012bbu, lai nov\u0113rstu negad\u012bjumus darb\u012bbas laik\u0101.<\/p>\n<h3>Apkope<\/h3>\n<p>Balonam j\u0101b\u016bt konstru\u0113tam t\u0101, lai to var\u0113tu viegli uztur\u0113t un remont\u0113t, un tam j\u0101b\u016bt viegli pieejam\u0101m nomain\u0101m\u0101m deta\u013c\u0101m. Lai nodro\u0161in\u0101tu optim\u0101lu veiktsp\u0113ju, j\u0101veic regul\u0101ra apkope un p\u0101rbaudes.<\/p>\n<p><img decoding=\"async\" src=\"https:\/\/www.hydraulic-cylinders.net\/wp-content\/uploads\/2025\/01\/songte-oil-pipes-and-spare-parts.webp\" alt=\"Kausa cilindra deta\u013cu att\u0113ls\"><\/p>\n<h2>Bl\u012bv\u0113\u0161ana un e\u013c\u013co\u0161ana<\/h2>\n<p>Kausa cilindriem ir nepiecie\u0161ami da\u017e\u0101di bl\u012bv\u0113\u0161anas elementi, lai nov\u0113rstu e\u013c\u013cas nopl\u016bdi un uzlabotu bl\u012bv\u0113\u0161anas veiktsp\u0113ju. \u0160ie elementi ietver virzu\u013ca bl\u012bv\u0113jumus, stie\u0146a bl\u012bv\u0113jumus un citus bl\u012bv\u0113jumus, kas izgatavoti no nodilumiztur\u012bgiem materi\u0101liem, piem\u0113ram, poliuret\u0101na un nitrila gumijas. Cilindra korpuss un v\u012btnes gala virsma ir r\u016bp\u012bgi j\u0101apstr\u0101d\u0101, lai uzlabotu nodilumiztur\u012bbu. Lai uztur\u0113tu cilindra veiktsp\u0113ju, ir nepiecie\u0161ama regul\u0101ra e\u013c\u013co\u0161ana ar piem\u0113rotu hidraulisko e\u013c\u013cu.<\/p>\n<h2>Apkope un prevent\u012bvie pas\u0101kumi<\/h2>\n<p>Regul\u0101ra apkope un p\u0101rbaudes ir b\u016btiskas, lai nodro\u0161in\u0101tu kausu cilindru optim\u0101lu darb\u012bbu. Da\u017ei prevent\u012bvie pas\u0101kumi, ko var veikt, ir \u0161\u0101di:<\/p>\n<ul>\n<li>Regul\u0101ras p\u0101rbaudes, lai atkl\u0101tu un nov\u0113rstu nodilumu un boj\u0101jumus.<\/li>\n<li>Regul\u0101ra e\u013c\u013co\u0161ana ar pareizo hidraulisko e\u013c\u013cu, lai nov\u0113rstu boj\u0101jumus, ko rada e\u013c\u013cas pies\u0101r\u0146ojums.<\/li>\n<li>Regul\u0101ra nodilu\u0161u vai boj\u0101tu bl\u012bv\u0113jumu nomai\u0146a, lai nov\u0113rstu e\u013c\u013cas nopl\u016bdi.<\/li>\n<\/ul>\n<p>Pareiza uzst\u0101d\u012b\u0161ana, e\u013c\u013co\u0161ana un regul\u0113\u0161ana ir \u013coti svar\u012bga kausu cilindru optim\u0101lai veiktsp\u0113jai un ilgm\u016b\u017e\u012bbai. Uzst\u0101d\u012b\u0161anas laik\u0101 j\u0101nodro\u0161ina atbilsto\u0161a izl\u012bdzin\u0101\u0161anas vadl\u012bnijas un cilindra nostiprin\u0101\u0161anai j\u0101izmanto atbilsto\u0161i uzst\u0101d\u012b\u0161anas kron\u0161teini. Lai uzlabotu cilindra kalpo\u0161anas laiku, j\u0101iev\u0113ro ieteicam\u0101s p\u0101rbaudes, remonta un nomai\u0146as proced\u016bras.<\/p>\n<p><img decoding=\"async\" src=\"https:\/\/www.hydraulic-cylinders.net\/wp-content\/uploads\/2025\/01\/songte-chushion-collar.webp\" alt=\"Kausa cilindra uzst\u0101d\u012b\u0161anas att\u0113ls\"><\/p>\n<h2>Dro\u0161\u012bbas un vides apsv\u0113rumi<\/h2>\n<p>Kausu cilindri j\u0101izmanto, iev\u0113rojot dro\u0161\u012bbas pas\u0101kumus, lai nov\u0113rstu negad\u012bjumus ekspluat\u0101cijas laik\u0101. J\u0101\u0146em v\u0113r\u0101 ar\u012b vides apsv\u0113rumi, lai samazin\u0101tu hidraulisko \u0161\u0137idrumu ietekmi uz vidi.<\/p>\n<h2>Diagnoze un probl\u0113mu nov\u0113r\u0161ana<\/h2>\n<p>Da\u017eas bie\u017ei sastopamas probl\u0113mas, kas var rasties ar kausu cilindriem, ir e\u013c\u013cas nopl\u016bde, nepietiekams sp\u0113ks un l\u0113ns reakcijas laiks. \u0160\u012bs probl\u0113mas var atrisin\u0101t, nomainot nolietotas vai boj\u0101tas bl\u012bves, regul\u0113jot hidraulisk\u0101s sist\u0113mas spiedienu vai nomainot deta\u013cas.<\/p>\n<h2>Par m\u016bsu uz\u0146\u0113mumu<\/h2>\n<p>M\u0113s esam cien\u012bjami hidraulisko cilindru ra\u017eot\u0101ji, kas pied\u0101v\u0101 pla\u0161u produktu kl\u0101stu, kas ir padar\u012bjis m\u016bs par vado\u0161o hidraulisko cilindru ra\u017eot\u0101ju un vairumtirgot\u0101ju viet\u0113j\u0101 un starptautiskaj\u0101 tirg\u016b. M\u0113s tiecamies sasniegt izcil\u012bbu kvalit\u0101t\u0113, pa\u013caujoties uz industrializ\u0113t\u0101m ra\u017eo\u0161anas vad\u012bbas strat\u0113\u0123ij\u0101m ar sare\u017e\u0123\u012bt\u0101m ra\u017eo\u0161anas darbn\u012bc\u0101m, modernu digit\u0101lo ra\u017eo\u0161anas apr\u012bkojumu un profesion\u0101l\u0101m test\u0113\u0161anas sist\u0113m\u0101m. M\u0113s nep\u0101rtraukti uzlabojam savu ra\u017eo\u0161anas platformu, pilnveidojam savu produktu kvalit\u0101tes ra\u017eo\u0161anas l\u012bniju un mums ir sp\u0113c\u012bgas inov\u0101ciju iesp\u0113jas. M\u0113s iev\u0113rojam augstas efektivit\u0101tes, augstas precizit\u0101tes un augstas kvalit\u0101tes principus, lai apmierin\u0101tu m\u016bsu klientu da\u017e\u0101d\u0101s vajadz\u012bbas.<\/p>\n<p><img decoding=\"async\" src=\"https:\/\/hzpt.com\/wp-content\/uploads\/2024\/11\/songte-company-1.webp\" alt=\"Uz\u0146\u0113muma t\u0113ls\"><\/p>\n<h3>Profesionalit\u0101te<\/h3>\n<p>M\u016bsu uz\u0146\u0113mum\u0101 str\u0101d\u0101 ekspertu komanda ar pla\u0161u pieredzi hidraulisko cilindru izstr\u0101d\u0113, ra\u017eo\u0161an\u0101 un test\u0113\u0161an\u0101. M\u016bsu profesion\u0101l\u0101 komanda nodro\u0161ina, ka m\u016bsu produkti atbilst augst\u0101kajiem kvalit\u0101tes standartiem.<\/p>\n<h3>Starptautisk\u0101 sertifik\u0101cija<\/h3>\n<p>M\u016bsu produkti ir sertific\u0113ti atbilsto\u0161i starptautiskiem standartiem, piem\u0113ram, ISO9001, CE un ROHS, kas nodro\u0161ina m\u016bsu produktu kvalit\u0101ti un dro\u0161\u012bbu.<\/p>\n<h3>Piel\u0101go\u0161anas pakalpojumi<\/h3>\n<p>M\u0113s pied\u0101v\u0101jam individu\u0101li izgatavotus hidrauliskos cilindrus, lai apmierin\u0101tu m\u016bsu klientu \u012bpa\u0161\u0101s vajadz\u012bbas.<\/p>\n<h3>Ra\u017eo\u0161anas iek\u0101rtas<\/h3>\n<p>Mums ir uzlabotas ra\u017eo\u0161anas iek\u0101rtas, piem\u0113ram, CNC apstr\u0101des centri un autom\u0101tisk\u0101s metin\u0101\u0161anas iek\u0101rtas, lai nodro\u0161in\u0101tu m\u016bsu produktu precizit\u0101ti.<\/p>\n<h3>P\u0113cp\u0101rdo\u0161anas serviss<\/h3>\n<p>M\u0113s saviem klientiem pied\u0101v\u0101jam lielisku p\u0113cp\u0101rdo\u0161anas apkalpo\u0161anu un tehnisko atbalstu, tostarp remonta un nomai\u0146as pakalpojumus.<\/p>\n<p>Autors Lails.<\/p>\n<p><img decoding=\"async\" src=\"https:\/\/www.hydraulic-cylinders.net\/wp-content\/uploads\/2025\/01\/songte-bushings-with-all-kinds-of-excavator-models.webp\" alt=\"Kausa cilindra bukses att\u0113ls\"><\/p>","protected":false},"excerpt":{"rendered":"<p>Bucket Cylinder For Doosan Middle Excavator DH260LC Introduction The Bucket Cylinder for Doosan Middle Excavator DH260LC is a specially designed hydraulic cylinder that is primarily used to control the movement of the bucket in heavy machinery such as excavators, backhoe loaders, and front-end loaders. Its main function is to allow the bucket to be lifted, [&hellip;]<\/p>","protected":false},"featured_media":14788,"comment_status":"open","ping_status":"closed","template":"","meta":{"_et_pb_use_builder":"","_et_pb_old_content":"","_et_gb_content_width":""},"product_brand":[],"product_cat":[1494],"product_tag":[1495,1496],"class_list":{"0":"post-15283","1":"product","2":"type-product","3":"status-publish","4":"has-post-thumbnail","6":"product_cat-bucket-cylinders","7":"product_tag-bucket-cylinders","8":"product_tag-hydraulic-cylinders","10":"first","11":"instock","12":"shipping-taxable","13":"product-type-simple"},"amp_enabled":true,"_links":{"self":[{"href":"https:\/\/www.hydraulic-cylinders.net\/lv\/wp-json\/wp\/v2\/product\/15283","targetHints":{"allow":["GET"]}}],"collection":[{"href":"https:\/\/www.hydraulic-cylinders.net\/lv\/wp-json\/wp\/v2\/product"}],"about":[{"href":"https:\/\/www.hydraulic-cylinders.net\/lv\/wp-json\/wp\/v2\/types\/product"}],"replies":[{"embeddable":true,"href":"https:\/\/www.hydraulic-cylinders.net\/lv\/wp-json\/wp\/v2\/comments?post=15283"}],"wp:featuredmedia":[{"embeddable":true,"href":"https:\/\/www.hydraulic-cylinders.net\/lv\/wp-json\/wp\/v2\/media\/14788"}],"wp:attachment":[{"href":"https:\/\/www.hydraulic-cylinders.net\/lv\/wp-json\/wp\/v2\/media?parent=15283"}],"wp:term":[{"taxonomy":"product_brand","embeddable":true,"href":"https:\/\/www.hydraulic-cylinders.net\/lv\/wp-json\/wp\/v2\/product_brand?post=15283"},{"taxonomy":"product_cat","embeddable":true,"href":"https:\/\/www.hydraulic-cylinders.net\/lv\/wp-json\/wp\/v2\/product_cat?post=15283"},{"taxonomy":"product_tag","embeddable":true,"href":"https:\/\/www.hydraulic-cylinders.net\/lv\/wp-json\/wp\/v2\/product_tag?post=15283"}],"curies":[{"name":"wp","href":"https:\/\/api.w.org\/{rel}","templated":true}]}}