{"id":15285,"date":"2025-01-19T14:20:20","date_gmt":"2025-01-19T14:20:20","guid":{"rendered":"https:\/\/www.hydraulic-cylinders.net\/product\/bucket-cylinder-for-doosan-large-excavator-dh290\/"},"modified":"2025-01-19T14:20:22","modified_gmt":"2025-01-19T14:20:22","slug":"bucket-cylinder-for-doosan-large-excavator-dh290","status":"publish","type":"product","link":"https:\/\/www.hydraulic-cylinders.net\/lv\/products\/bucket-cylinder-for-doosan-large-excavator-dh290\/","title":{"rendered":"Kausa cilindrs Doosan lielajam ekskavatoram DH290"},"content":{"rendered":"<h1>Kausa cilindrs Doosan lielajam ekskavatoram DH290<\/h1>\n<h2>Ievads<\/h2>\n<p>Doosan lielizm\u0113ra ekskavatora DH290 kausa cilindrs ir \u012bpa\u0161i izstr\u0101d\u0101ts hidrauliskais cilindrs, ko izmanto, lai kontrol\u0113tu kausa kust\u012bbu smagaj\u0101s ma\u0161\u012bn\u0101s, piem\u0113ram, ekskavatoros, univers\u0101lajos ekskavatoros un front\u0101lajos iekr\u0101v\u0113jos. T\u0101 galven\u0101 funkcija ir nodro\u0161in\u0101t kausa pacel\u0161anu, nolai\u0161anu un noliek\u0161anu, atvieglojot da\u017e\u0101du materi\u0101lu apstr\u0101des uzdevumu veik\u0161anu. Hidrauliskaj\u0101 sist\u0113m\u0101 kausa cilindrs kontrol\u0113 prec\u012bzu kausa kust\u012bbu, mainot hidraulisk\u0101s e\u013c\u013cas spiedienu, \u013caujot operatoriem efekt\u012bvi apstr\u0101d\u0101t smagas kravas un piel\u0101goties sare\u017e\u0123\u012btai darba videi un da\u017e\u0101d\u0101m darba pras\u012bb\u0101m.<\/p>\n<p><img decoding=\"async\" src=\"https:\/\/www.hydraulic-cylinders.net\/wp-content\/uploads\/2025\/01\/songte-company-2.webp\" alt=\"Kausa cilindra att\u0113ls\" \/><\/p>\n<h2>Funkcijas<\/h2>\n<ul>\n<li>\n<h3>Augsta iztur\u012bba un ilgm\u016b\u017e\u012bba<\/h3>\n<p>Kausa cilindrs parasti ir izgatavots no augstas stipr\u012bbas t\u0113rauda vai alum\u012bnija, kas var iztur\u0113t augstu spiedienu un lielas slodzes, piel\u0101goties skarbai darba videi, un ir izstr\u0101d\u0101ts, \u0146emot v\u0113r\u0101 nodilumiztur\u012bbu un korozijas iztur\u012bbu, lai pagarin\u0101tu t\u0101 kalpo\u0161anas laiku.<\/p>\n<\/li>\n<li>\n<h3>Efekt\u012bva hidraulisk\u0101 darb\u012bba<\/h3>\n<p>Kausa cilindrs izmanto hidraulisk\u0101s e\u013c\u013cas spiedienu, lai pan\u0101ktu vienm\u0113r\u012bgu izstiep\u0161anu un sarau\u0161anos, \u0101tri rea\u0123\u0113 uz vad\u012bbas komand\u0101m, nodro\u0161ina sp\u0113c\u012bgu stum\u0161anas un vilk\u0161anas sp\u0113ku un ir piem\u0113rots smagu kravu apstr\u0101dei un sare\u017e\u0123\u012btu darba uzdevumu veik\u0161anai.<\/p>\n<\/li>\n<li>\n<h3>Da\u017e\u0101di veidi<\/h3>\n<p>Kausa cilindru var izv\u0113l\u0113ties k\u0101 vienvirziena darb\u012bbas (hidraulika tiek izmantota tikai vien\u0101 virzien\u0101) vai divk\u0101r\u0161as darb\u012bbas (hidraulika tiek izmantota abos virzienos) cilindru atbilsto\u0161i pras\u012bb\u0101m, un da\u017ei mode\u013ci ir teleskopiski, kas \u013cauj to liel\u0101ku pagarin\u0101jumu pan\u0101kt, nepalielinot \u0101r\u0113jos izm\u0113rus, kas ir piem\u0113roti lietojumiem ar ierobe\u017eotu vietu.<\/p>\n<\/li>\n<li>\n<h3>Perfekta nomai\u0146a<\/h3>\n<p>M\u016bsu produkts var lieliski aizst\u0101t \u0161os hidrauliskos cilindrus.<\/p>\n<\/li>\n<\/ul>\n<p><img decoding=\"async\" src=\"https:\/\/www.hydraulic-cylinders.net\/wp-content\/uploads\/2025\/01\/songte-cylinder-head-with-all-kinds-excavator-models.webp\" alt=\"Kausa cilindra nomai\u0146as att\u0113ls\" \/><\/p>\n<h2>Pieteikumi<\/h2>\n<p>Kausa cilindrs tiek pla\u0161i izmantots da\u017e\u0101d\u0101s smagaj\u0101s ma\u0161\u012bn\u0101s, tostarp:<\/p>\n<ul>\n<li>\n<h3>Celtniec\u012bbas apr\u012bkojums<\/h3>\n<p>Ekskavatoros tie ir vit\u0101li svar\u012bgi augsnes vai gru\u017eu rak\u0161anai, iekrau\u0161anai un p\u0101rvieto\u0161anai. Ekskavatoros ar iekr\u0101v\u0113ju kausa cilindrs pal\u012bdz rakt un celt. Front\u0101lajos iekr\u0101v\u0113jos tie efekt\u012bvi atvieglo pre\u010du cel\u0161anu un noliek\u0161anu.<\/p>\n<\/li>\n<li>\n<h3>Lauksaimniec\u012bbas tehnika<\/h3>\n<p>Izmanto front\u0101lajiem iekr\u0101v\u0113jiem, augsnes, siena un citu materi\u0101lu sav\u0101k\u0161anai, cel\u0161anai un transport\u0113\u0161anai.<\/p>\n<\/li>\n<li>\n<h3>Ekskavatori<\/h3>\n<p>Kausa cilindrs \u013cauj kausam iek\u013c\u016bt augsn\u0113, lai veiktu rak\u0161anas darb\u012bbu.<\/p>\n<\/li>\n<\/ul>\n<h2>Dizaina apsv\u0113rumi un atlases krit\u0113riji<\/h2>\n<p>Kausa cilindra konstrukcij\u0101 tiek \u0146emta v\u0113r\u0101 t\u0101 nestsp\u0113ja, bl\u012bv\u0113jums, iztur\u012bba, dro\u0161\u012bba un apkopes iesp\u0113jas. Galvenie konstrukcijas apsv\u0113rumi ir \u0161\u0101di:<\/p>\n<ul>\n<li>\n<h3>Nestsp\u0113ja<\/h3>\n<p>Kausa cilindrs ir konstru\u0113ts un ra\u017eots t\u0101, lai iztur\u0113tu maksim\u0101lo sp\u0113ku un svaru, kas nepiecie\u0161ams t\u0101 paredz\u0113tajam pielietojumam.<\/p>\n<\/li>\n<li>\n<h3>Bl\u012bv\u0113\u0161ana<\/h3>\n<p>Kausa cilindr\u0101 tiek izmantoti da\u017e\u0101di bl\u012bv\u0113\u0161anas komponenti, piem\u0113ram, virzu\u013ca bl\u012bv\u0113jumi, stie\u0146a bl\u012bv\u0113jumi utt., ar nodilumiztur\u012bgiem materi\u0101liem, piem\u0113ram, poliuret\u0101nu un nitrilgumiju, lai nodro\u0161in\u0101tu labu bl\u012bv\u0113jumu un nov\u0113rstu \u0161\u0137idruma nopl\u016bdi.<\/p>\n<\/li>\n<li>\n<h3>Iztur\u012bba<\/h3>\n<p>Cilindra korpuss un v\u012bt\u0146ot\u0101 gala virsma ir smalki apstr\u0101d\u0101ta, lai palielin\u0101tu nodilumiztur\u012bbu. Ar\u012b kausa cilindrs ir izgatavots no korozijiztur\u012bgiem materi\u0101liem un p\u0101rkl\u0101jumiem, lai pagarin\u0101tu t\u0101 kalpo\u0161anas laiku.<\/p>\n<\/li>\n<li>\n<h3>Dro\u0161\u012bba<\/h3>\n<p>Kausa cilindrs ir apr\u012bkots ar dro\u0161\u012bbas ier\u012bc\u0113m, piem\u0113ram, dro\u0161\u012bbas v\u0101rstiem un p\u0101rslodzes aizsardz\u012bbu, lai nov\u0113rstu cilindra vai meh\u0101nismu boj\u0101jumus vai traumas.<\/p>\n<\/li>\n<li>\n<h3>Uzturam\u012bba<\/h3>\n<p>Lai nodro\u0161in\u0101tu optim\u0101lu darb\u012bbu, kausa cilindram nepiecie\u0161ama regul\u0101ra p\u0101rbaude un profilaktisk\u0101 apkope. Hidraulisk\u0101 e\u013c\u013ca ir regul\u0101ri j\u0101maina un j\u0101uzpilda, un bl\u012bv\u0113jums ir j\u0101p\u0101rbauda un j\u0101nomaina, ja nepiecie\u0161ams.<\/p>\n<\/li>\n<\/ul>\n<p><img decoding=\"async\" src=\"https:\/\/www.hydraulic-cylinders.net\/wp-content\/uploads\/2025\/01\/songte-oil-pipes-and-spare-parts.webp\" alt=\"Kausa cilindra rezerves da\u013cu att\u0113ls\" \/><\/p>\n<h2>Bl\u012bv\u0113\u0161ana un e\u013c\u013co\u0161ana<\/h2>\n<p>Kausa cilindr\u0101 tiek izmantoti da\u017e\u0101di bl\u012bv\u0113\u0161anas komponenti, piem\u0113ram, virzu\u013ca bl\u012bv\u0113jumi, stie\u0146a bl\u012bv\u0113jumi utt., no nodilumiztur\u012bgiem materi\u0101liem, piem\u0113ram, poliuret\u0101na un nitrila gumijas, lai nodro\u0161in\u0101tu labu bl\u012bv\u0113jumu un nov\u0113rstu \u0161\u0137idruma nopl\u016bdi. Cilindra korpuss un v\u012bt\u0146ot\u0101 gala virsma ir smalki apstr\u0101d\u0101ta, lai palielin\u0101tu nodilumiztur\u012bbu. Lai uztur\u0113tu optim\u0101lu veiktsp\u0113ju, tas regul\u0101ri j\u0101iee\u013c\u013co ar atbilsto\u0161u hidraulisk\u0101s e\u013c\u013cas daudzumu.<\/p>\n<h2>Apkope un remonts<\/h2>\n<p>T\u0101l\u0101k ir nor\u0101d\u012bti da\u017ei bie\u017ei veicamie kausa cilindra apkopes darbi:<\/p>\n<ul>\n<li>\n<h3>Regul\u0101ra p\u0101rbaude<\/h3>\n<p>Kausa cilindrs ir regul\u0101ri j\u0101p\u0101rbauda, \u200b\u200blai p\u0101rliecin\u0101tos, ka tas darbojas pareizi, un lai laikus atkl\u0101tu iesp\u0113jam\u0101s probl\u0113mas.<\/p>\n<\/li>\n<li>\n<h3>E\u013c\u013co\u0161ana<\/h3>\n<p>Lai uztur\u0113tu optim\u0101lu veiktsp\u0113ju, kausa cilindrs ir j\u0101iee\u013c\u013co ar atbilsto\u0161u hidraulisk\u0101s e\u013c\u013cas daudzumu.<\/p>\n<\/li>\n<li>\n<h3>Bl\u012bv\u0113juma nomai\u0146a<\/h3>\n<p>Lai uztur\u0113tu labu bl\u012bv\u0113jumu un nov\u0113rstu \u0161\u0137idruma nopl\u016bdi, bl\u012bv\u0113jums ir j\u0101p\u0101rbauda un, ja nepiecie\u0161ams, j\u0101nomaina.<\/p>\n<\/li>\n<li>\n<h3>Izl\u012bdzin\u0101\u0161anas p\u0101rbaude<\/h3>\n<p>Uzst\u0101d\u012b\u0161anas laik\u0101 kausa cilindrs ir pareizi j\u0101novieto, lai nodro\u0161in\u0101tu t\u0101 pareizu darb\u012bbu.<\/p>\n<\/li>\n<\/ul>\n<p>Pareiza uzst\u0101d\u012b\u0161ana, e\u013c\u013co\u0161ana un regul\u0113\u0161ana ir b\u016btiska, lai nodro\u0161in\u0101tu kausa cilindra ilgm\u016b\u017e\u012bbu. Cilindra nostiprin\u0101\u0161anai ieteicams izmantot atbilsto\u0161us uzst\u0101d\u012b\u0161anas kron\u0161teinus. M\u0113s pied\u0101v\u0101jam ieteicamo p\u0101rbaudes, remonta un nomai\u0146as proced\u016bru, lai pagarin\u0101tu kausa cilindra kalpo\u0161anas laiku.<\/p>\n<p><img decoding=\"async\" src=\"https:\/\/www.hydraulic-cylinders.net\/wp-content\/uploads\/2025\/01\/songte-chushion-collar.webp\" alt=\"Kausa cilindra apkakles att\u0113ls\" \/><\/p>\n<h2>Dro\u0161\u012bbas apsv\u0113rumi un vides faktori<\/h2>\n<p>Izmantojot kausa cilindru, ir svar\u012bgi iev\u0113rot atbilsto\u0161as \u200b\u200bdro\u0161\u012bbas proced\u016bras, lai nov\u0113rstu traumas vai cilindra vai meh\u0101nismu boj\u0101jumus. Regul\u0101ra p\u0101rbaude, apkope un remonts var pal\u012bdz\u0113t samazin\u0101t iesp\u0113jamos vides apdraud\u0113jumus.<\/p>\n<h2>Probl\u0113mu nov\u0113r\u0161ana un bie\u017ei sastopamas probl\u0113mas<\/h2>\n<p>T\u0101l\u0101k ir nor\u0101d\u012btas da\u017eas bie\u017ei sastopamas probl\u0113mas, kas var rasties ar kausa cilindru:<\/p>\n<ul>\n<li>\n<h3>Nopl\u016bde<\/h3>\n<p>Cilindrs var nopl\u016bst boj\u0101tu bl\u012bv\u0113jumu, pies\u0101r\u0146otas hidraulisk\u0101s e\u013c\u013cas vai va\u013c\u012bgu savienojumu d\u0113\u013c.<\/p>\n<\/li>\n<li>\n<h3>L\u0113na darb\u012bba<\/h3>\n<p>Cilindrs var darboties l\u0113ni nepietiekama hidraulisk\u0101s e\u013c\u013cas daudzuma, nolietotu bl\u012bv\u0113jumu vai boj\u0101tu stie\u0146u d\u0113\u013c.<\/p>\n<\/li>\n<li>\n<h3>P\u0101rkar\u0161ana<\/h3>\n<p>Cilindrs var p\u0101rkarst zema e\u013c\u013cas l\u012bme\u0146a, aizs\u0113r\u0113ju\u0161u e\u013c\u013cas kan\u0101lu vai boj\u0101tu p\u0101rspiediena v\u0101rstu d\u0113\u013c.<\/p>\n<\/li>\n<\/ul>\n<p>Lai atrisin\u0101tu \u0161\u012bs probl\u0113mas, ir j\u0101nosaka c\u0113lonis un j\u0101veic atbilsto\u0161as \u200b\u200bkorekt\u012bv\u0101s darb\u012bbas, piem\u0113ram, j\u0101nomaina boj\u0101tas bl\u012bves, j\u0101t\u012bra hidraulisk\u0101 e\u013c\u013ca vai j\u0101remont\u0113 vai j\u0101nomaina boj\u0101tas deta\u013cas.<\/p>\n<p><img decoding=\"async\" src=\"https:\/\/www.hydraulic-cylinders.net\/wp-content\/uploads\/2025\/01\/songte-bushings-with-all-kinds-of-excavator-models.webp\" alt=\"Kausa cilindra bukses att\u0113ls\" \/><\/p>\n<h2>Par mums<\/h2>\n<p>M\u016bsu uz\u0146\u0113mums ir rezerves hidraulisko cilindru ra\u017eot\u0101js ar pilnu produktu kl\u0101stu un ir k\u013cuvis par vienu no vado\u0161ajiem hidraulisko cilindru ra\u017eot\u0101jiem un vairumtirgot\u0101jiem viet\u0113j\u0101 un starptautiskaj\u0101 tirg\u016b. M\u0113s iev\u0113rojam izcilas kvalit\u0101tes principus, pa\u013caujamies uz industrializ\u0113t\u0101m ra\u017eo\u0161anas vad\u012bbas strat\u0113\u0123ij\u0101m smalk\u0101s ra\u017eo\u0161anas darbn\u012bc\u0101s un nep\u0101rtraukti uzlabojam savu ra\u017eo\u0161anas platformu, uzlabojam produktu kvalit\u0101tes ra\u017eo\u0161anas l\u012bnijas un mums ir sp\u0113c\u012bga sp\u0113ja rad\u012bt augstas efektivit\u0101tes, augstas precizit\u0101tes un augstas kvalit\u0101tes produktus, lai apmierin\u0101tu m\u016bsu klientu da\u017e\u0101d\u0101s vajadz\u012bbas.<\/p>\n<p><img decoding=\"async\" src=\"https:\/\/hzpt.com\/wp-content\/uploads\/2024\/11\/songte-company-1.webp\" alt=\"Uz\u0146\u0113muma t\u0113ls\" \/><\/p>\n<h3>Profesionalit\u0101te<\/h3>\n<p>M\u016bsu uz\u0146\u0113mum\u0101 str\u0101d\u0101 profesion\u0101lu tehni\u0137u un in\u017eenieru komanda ar daudzu gadu pieredzi hidraulisko cilindru un ar tiem saist\u012bto iek\u0101rtu projekt\u0113\u0161an\u0101 un ra\u017eo\u0161an\u0101.<\/p>\n<h3>Starptautisk\u0101 sertifik\u0101cija<\/h3>\n<p>M\u016bsu produkti ir iztur\u0113ju\u0161i starptautiskus sertifik\u0101tus, piem\u0113ram, ISO9001, CE un SGS, nodro\u0161inot, ka m\u016bsu produkti atbilst starptautiskajiem kvalit\u0101tes standartiem.<\/p>\n<h3>Piel\u0101go\u0161anas pakalpojumi<\/h3>\n<p>M\u0113s pied\u0101v\u0101jam hidraulisko cilindru piel\u0101go\u0161anas pakalpojumus, lai apmierin\u0101tu m\u016bsu klientu \u012bpa\u0161\u0101s vajadz\u012bbas.<\/p>\n<h3>Ra\u017eo\u0161anas iek\u0101rtas<\/h3>\n<p>M\u016bsu uz\u0146\u0113mumam ir modernas ra\u017eo\u0161anas iek\u0101rtas, piem\u0113ram, CNC darbgaldi, apstr\u0101des centri un test\u0113\u0161anas iek\u0101rtas, lai nodro\u0161in\u0101tu augstas kvalit\u0101tes un efekt\u012bvu ra\u017eo\u0161anu.<\/p>\n<h3>P\u0113cp\u0101rdo\u0161anas serviss<\/h3>\n<p>M\u0113s saviem klientiem pied\u0101v\u0101jam lielisku p\u0113cp\u0101rdo\u0161anas servisu, tostarp tehnisko atbalstu, apkopi un remonta pakalpojumus.<\/p>\n<p>Autors: lil<\/p>","protected":false},"excerpt":{"rendered":"<p>Bucket Cylinder For Doosan Large Excavator DH290 Introduction The bucket cylinder for Doosan large excavator DH290 is a specially designed hydraulic cylinder used to control the movement of the bucket in heavy machinery such as excavators, backhoe excavators, and front-end loaders. Its main function is to enable the bucket to lift, lower, and tilt, making [&hellip;]<\/p>","protected":false},"featured_media":14785,"comment_status":"open","ping_status":"closed","template":"","meta":{"_et_pb_use_builder":"","_et_pb_old_content":"","_et_gb_content_width":""},"product_brand":[],"product_cat":[1494],"product_tag":[1495,1496],"class_list":{"0":"post-15285","1":"product","2":"type-product","3":"status-publish","4":"has-post-thumbnail","6":"product_cat-bucket-cylinders","7":"product_tag-bucket-cylinders","8":"product_tag-hydraulic-cylinders","10":"first","11":"instock","12":"shipping-taxable","13":"product-type-simple"},"amp_enabled":true,"_links":{"self":[{"href":"https:\/\/www.hydraulic-cylinders.net\/lv\/wp-json\/wp\/v2\/product\/15285","targetHints":{"allow":["GET"]}}],"collection":[{"href":"https:\/\/www.hydraulic-cylinders.net\/lv\/wp-json\/wp\/v2\/product"}],"about":[{"href":"https:\/\/www.hydraulic-cylinders.net\/lv\/wp-json\/wp\/v2\/types\/product"}],"replies":[{"embeddable":true,"href":"https:\/\/www.hydraulic-cylinders.net\/lv\/wp-json\/wp\/v2\/comments?post=15285"}],"wp:featuredmedia":[{"embeddable":true,"href":"https:\/\/www.hydraulic-cylinders.net\/lv\/wp-json\/wp\/v2\/media\/14785"}],"wp:attachment":[{"href":"https:\/\/www.hydraulic-cylinders.net\/lv\/wp-json\/wp\/v2\/media?parent=15285"}],"wp:term":[{"taxonomy":"product_brand","embeddable":true,"href":"https:\/\/www.hydraulic-cylinders.net\/lv\/wp-json\/wp\/v2\/product_brand?post=15285"},{"taxonomy":"product_cat","embeddable":true,"href":"https:\/\/www.hydraulic-cylinders.net\/lv\/wp-json\/wp\/v2\/product_cat?post=15285"},{"taxonomy":"product_tag","embeddable":true,"href":"https:\/\/www.hydraulic-cylinders.net\/lv\/wp-json\/wp\/v2\/product_tag?post=15285"}],"curies":[{"name":"wp","href":"https:\/\/api.w.org\/{rel}","templated":true}]}}