{"id":15288,"date":"2025-01-19T14:20:32","date_gmt":"2025-01-19T14:20:32","guid":{"rendered":"https:\/\/www.hydraulic-cylinders.net\/product\/bucket-cylinder-for-doosan-large-excavator-dx300lc\/"},"modified":"2025-01-19T14:20:34","modified_gmt":"2025-01-19T14:20:34","slug":"bucket-cylinder-for-doosan-large-excavator-dx300lc","status":"publish","type":"product","link":"https:\/\/www.hydraulic-cylinders.net\/lv\/products\/bucket-cylinder-for-doosan-large-excavator-dx300lc\/","title":{"rendered":"Kausa cilindrs Doosan lielajam ekskavatoram DX300LC"},"content":{"rendered":"<h1>Kausa cilindrs Doosan lielajam ekskavatoram DX300LC<\/h1>\n<h2>Ievads<\/h2>\n<h3>Defin\u012bcija<\/h3>\n<p>Kausa cilindrs, \u012bpa\u0161i izstr\u0101d\u0101ts hidrauliskais cilindrs, ko izmanto, lai kontrol\u0113tu kausa kust\u012bbu smagaj\u0101s ma\u0161\u012bn\u0101s, piem\u0113ram, ekskavatoros, univers\u0101lajos iekr\u0101v\u0113jos un front\u0101lajos iekr\u0101v\u0113jos. T\u0101 galven\u0101 funkcija ir nodro\u0161in\u0101t kausa pacel\u0161anu, nolai\u0161anu un noliek\u0161anu, lai atvieglotu materi\u0101lu apstr\u0101di. Hidrauliskaj\u0101 sist\u0113m\u0101 kausa cilindrs prec\u012bzi kontrol\u0113 kausa kust\u012bbu, mainot hidraulisk\u0101s e\u013c\u013cas spiedienu, \u013caujot operatoriem efekt\u012bvi apstr\u0101d\u0101t smagas kravas un piel\u0101goties sare\u017e\u0123\u012btai darba videi un da\u017e\u0101d\u0101m darba pras\u012bb\u0101m.<\/p>\n<p><img decoding=\"async\" src=\"https:\/\/www.hydraulic-cylinders.net\/wp-content\/uploads\/2025\/01\/songte-company-2.webp\" alt=\"Kausa cilindra att\u0113ls\"><\/p>\n<h3>Funkcijas<\/h3>\n<ul>\n<li>Augsta iztur\u012bba un ilgm\u016b\u017e\u012bba: Parasti izgatavots no augstas stipr\u012bbas t\u0113rauda vai alum\u012bnija, var iztur\u0113t augstu spiedienu un lielas slodzes, piel\u0101goties skarbai darba videi un ir izstr\u0101d\u0101ts, \u0146emot v\u0113r\u0101 nodilumiztur\u012bbu un korozijas iztur\u012bbu, lai pagarin\u0101tu kalpo\u0161anas laiku.<\/li>\n<li>Efekt\u012bva hidraulisk\u0101 darb\u012bba: izmanto hidraulisk\u0101s e\u013c\u013cas spiedienu, lai pan\u0101ktu vienm\u0113r\u012bgu teleskopisko darb\u012bbu, \u0101tri rea\u0123\u0113 uz vad\u012bbas komand\u0101m, nodro\u0161ina sp\u0113c\u012bgu stum\u0161anas un vilk\u0161anas sp\u0113ku, piem\u0113rots smagu kravu apstr\u0101dei un sare\u017e\u0123\u012btiem darba uzdevumiem.<\/li>\n<li>Da\u017e\u0101di veidi: Izv\u0113lieties vienas darb\u012bbas (hidrauliski darbojas tikai vien\u0101 virzien\u0101) vai divk\u0101r\u0161as darb\u012bbas (hidrauliski darbojas abos virzienos) cilindrus atbilsto\u0161i pras\u012bb\u0101m, lai apmierin\u0101tu da\u017e\u0101das ekspluat\u0101cijas vajadz\u012bbas; da\u017ei mode\u013ci ir teleskopiski, kas \u013cauj tos pagarin\u0101t, nepalielinot \u0101r\u0113jos izm\u0113rus, un ir piem\u0113roti lietojumiem ar ierobe\u017eotu vietu.<\/li>\n<li>Tie\u0161a nomai\u0146a: m\u016bsu produkts var perfekti nomain\u012bt \u0161os hidrauliskos cilindrus.<\/li>\n<\/ul>\n<p><img decoding=\"async\" src=\"https:\/\/www.hydraulic-cylinders.net\/wp-content\/uploads\/2025\/01\/songte-cylinder-head-with-all-kinds-excavator-models.webp\" alt=\"Produkta att\u0113ls\"><\/p>\n<h2>Pieteikumi<\/h2>\n<h3>Celtniec\u012bbas apr\u012bkojums<\/h3>\n<p>Ekskavatoros tie ir nepiecie\u0161ami augsnes vai gru\u017eu rak\u0161anai, iekrau\u0161anai un p\u0101rvieto\u0161anai. Ekskavatoros ar iekr\u0101v\u0113ju kausa cilindrs pal\u012bdz gan rak\u0161an\u0101, gan cel\u0161an\u0101. Front\u0101lajos iekr\u0101v\u0113jos tie pal\u012bdz efekt\u012bvi pacelt un izg\u0101zt preces.<\/p>\n<h3>Lauksaimniec\u012bbas tehnika<\/h3>\n<p>Izmanto front\u0101lajos iekr\u0101v\u0113jos augsnes, siena un citu materi\u0101lu rak\u0161anai, cel\u0161anai un transport\u0113\u0161anai. Ekskavatoros kausa cilindrs \u013cauj veikt izrakumus, \u013caujot kausam iek\u013c\u016bt augsn\u0113. Tie ir noder\u012bgi ar\u012b cel\u0161anai un noliek\u0161anai cit\u0101s lauksaimniec\u012bbas tehnik\u0101.<\/p>\n<h2>Dizaina apsv\u0113rumi un atlases krit\u0113riji<\/h2>\n<h3>Kravnes\u012bba<\/h3>\n<p>Cilindra nestsp\u0113ja ir viens no svar\u012bg\u0101kajiem konstrukcijas apsv\u0113rumiem. Tam j\u0101b\u016bt pietiekami iztur\u012bgam un iztur\u012bgam, lai iztur\u0113tu slodzes svaru un augstu spiedienu.<\/p>\n<h3>Bl\u012bv\u0113jums un iztur\u012bba<\/h3>\n<p>Balonam j\u0101b\u016bt labi nosl\u0113gtam, lai nov\u0113rstu nopl\u016bdes, kas var izrais\u012bt priek\u0161laic\u012bgu nodilumu un boj\u0101jumus. Pareizu bl\u012bv\u0113\u0161anas materi\u0101lu izv\u0113le ir b\u016btiska, un da\u017eos gad\u012bjumos balona stienim un cilindram var b\u016bt nepiecie\u0161ama virsmas apstr\u0101de vai p\u0101rkl\u0101jumi, lai uzlabotu nodilumiztur\u012bbu un nov\u0113rstu koroziju.<\/p>\n<h3>Dro\u0161\u012bba un apkope<\/h3>\n<p>Dro\u0161\u012bba ir kritiski svar\u012bgs apsv\u0113rums, projekt\u0113jot hidrauliskos cilindrus, un j\u0101iek\u013cauj atbilsto\u0161as \u200b\u200bdro\u0161\u012bbas funkcijas, lai nov\u0113rstu negad\u012bjumus. Turkl\u0101t pareiza apkope ir b\u016btiska, lai nodro\u0161in\u0101tu cilindra ilgu kalpo\u0161anas laiku un nov\u0113rstu darb\u012bbas trauc\u0113jumus.<\/p>\n<p><img decoding=\"async\" src=\"https:\/\/www.hydraulic-cylinders.net\/wp-content\/uploads\/2025\/01\/songte-oil-pipes-and-spare-parts.webp\" alt=\"Produkta att\u0113ls\"><\/p>\n<h2>Bl\u012bv\u0113\u0161ana un e\u013c\u013co\u0161ana<\/h2>\n<p>Lai nodro\u0161in\u0101tu pareizu cilindra bl\u012bv\u0113jumu, tiek izmantoti da\u017e\u0101di bl\u012bv\u0113\u0161anas komponenti, piem\u0113ram, virzu\u013ca bl\u012bv\u0113jumi, stie\u0146a bl\u012bv\u0113jumi utt. Bl\u012bv\u0113\u0161anas komponentiem parasti tiek izmantoti poliuret\u0101ns un nitrila gumija. Cilindra korpuss un v\u012bt\u0146ot\u0101 gala virsma tiek r\u016bp\u012bgi apstr\u0101d\u0101ta, lai uzlabotu nodilumiztur\u012bbu. Lai nodro\u0161in\u0101tu vienm\u0113r\u012bgu darb\u012bbu un nov\u0113rstu nodilumu, ir nepiecie\u0161ama regul\u0101ra e\u013c\u013co\u0161ana ar hidraulisko e\u013c\u013cu.<\/p>\n<h2>Apkope un remonts<\/h2>\n<p>Regul\u0101ras p\u0101rbaudes, pareiza e\u013c\u013co\u0161ana un nodilu\u0161o bl\u012bv\u0113juma deta\u013cu nomai\u0146a ir bie\u017ei veicami apkopes darbi. Pareiza uzst\u0101d\u012b\u0161ana, e\u013c\u013co\u0161ana un regul\u0113\u0161ana ir \u013coti svar\u012bga, lai nodro\u0161in\u0101tu uzticamu un ilgsto\u0161u darb\u012bbu. Lai dro\u0161i uzst\u0101d\u012btu cilindru, ieteicams izmantot atbilsto\u0161us uzst\u0101d\u012b\u0161anas kron\u0161teinus. Ieteicam\u0101s p\u0101rbaudes, remonta un nomai\u0146as proced\u016bras ir b\u016btiskas, lai pagarin\u0101tu cilindra kalpo\u0161anas laiku.<\/p>\n<p><img decoding=\"async\" src=\"https:\/\/www.hydraulic-cylinders.net\/wp-content\/uploads\/2025\/01\/songte-chushion-collar.webp\" alt=\"Produkta att\u0113ls\"><\/p>\n<h2>Dro\u0161\u012bbas apsv\u0113rumi un vides faktori<\/h2>\n<p>Izmantojot hidrauliskos cilindrus, j\u0101veic dro\u0161\u012bbas pas\u0101kumi, piem\u0113ram, pareiza uzst\u0101d\u012b\u0161ana, regul\u0101ra apkope un p\u0101rbaudes, lai nov\u0113rstu negad\u012bjumus. Cilindr\u0101 izmantot\u0101 hidraulisk\u0101 e\u013c\u013ca var rad\u012bt vides apdraud\u0113jumu, ja t\u0101 netiek pareizi utiliz\u0113ta. T\u0101p\u0113c j\u0101veic atbilsto\u0161i pas\u0101kumi, lai nov\u0113rstu vides pies\u0101r\u0146ojumu.<\/p>\n<h2>Diagnoze un probl\u0113mu nov\u0113r\u0161ana<\/h2>\n<p>Bie\u017ei sastopamas probl\u0113mas, piem\u0113ram, nopl\u016bdes, samazin\u0101ta jauda un nevienm\u0113r\u012bga kust\u012bba, prasa t\u016bl\u012bt\u0113ju diagnostiku un probl\u0113mu nov\u0113r\u0161anu. Atbilsto\u0161a diagnostikas apr\u012bkojuma un instrumentu, piem\u0113ram, spiediena m\u0113r\u012bt\u0101ju un pl\u016bsmas m\u0113r\u012bt\u0101ju, izmanto\u0161ana ir b\u016btiska, lai noteiktu probl\u0113mas pamatc\u0113loni. Regul\u0101ra apkope un p\u0101rbaudes var pal\u012bdz\u0113t nov\u0113rst \u0161o probl\u0113mu ra\u0161anos.<\/p>\n<p><img decoding=\"async\" src=\"https:\/\/www.hydraulic-cylinders.net\/wp-content\/uploads\/2025\/01\/songte-bushings-with-all-kinds-of-excavator-models.webp\" alt=\"Produkta att\u0113ls\"><\/p>\n<h2>Par m\u016bsu uz\u0146\u0113mumu<\/h2>\n<p>M\u0113s esam rezerves hidraulisko cilindru ra\u017eot\u0101js ar pilnu produktu kl\u0101stu. M\u0113s esam k\u013cuvu\u0161i par vienu no vado\u0161ajiem hidraulisko cilindru ra\u017eot\u0101jiem un vairumtirgot\u0101jiem viet\u0113j\u0101 un \u0101rvalstu tirgos, iev\u0113rojot izcilu kvalit\u0101ti, pa\u013caujoties uz r\u016bpniecisk\u0101s ra\u017eo\u0161anas vad\u012bbas strat\u0113\u0123ij\u0101m sare\u017e\u0123\u012bt\u0101s ra\u017eo\u0161anas darbn\u012bc\u0101s, nep\u0101rtraukti uzlabojot ra\u017eo\u0161anas platformu darbn\u012bc\u0101, izmantojot tehniskos talantus, digit\u0101las augstas klases ra\u017eo\u0161anas iek\u0101rtas un profesion\u0101las test\u0113\u0161anas sist\u0113mas, k\u0101 ar\u012b mums ir sp\u0113c\u012bgas rado\u0161\u0101s sp\u0113jas apmierin\u0101t klientu da\u017e\u0101d\u0101s vajadz\u012bbas ar augstu efektivit\u0101ti, augstu precizit\u0101ti un augstas kvalit\u0101tes principiem. <\/p>\n<h3>Profesionalit\u0101te<\/h3>\n<p>M\u016bsu profesion\u0101\u013cu komanda ir ap\u0146\u0113musies sniegt m\u016bsu klientiem lab\u0101kos produktus un pakalpojumus.<\/p>\n<h3>Starptautisk\u0101 sertifik\u0101cija<\/h3>\n<p>M\u016bsu produkti ir sertific\u0113ti atbilsto\u0161i starptautiskiem kvalit\u0101tes un dro\u0161\u012bbas standartiem, piem\u0113ram, ISO un CE.<\/p>\n<h3>Piel\u0101go\u0161anas pakalpojumi<\/h3>\n<p>M\u0113s pied\u0101v\u0101jam piel\u0101gotus pakalpojumus, lai apmierin\u0101tu da\u017e\u0101das m\u016bsu klientu vajadz\u012bbas.<\/p>\n<h3>Ra\u017eo\u0161anas iek\u0101rtas<\/h3>\n<p>M\u016bsu ra\u017eo\u0161anas iek\u0101rtas ir modern\u0101k\u0101s un garant\u0113 augstas kvalit\u0101tes produktus.<\/p>\n<h3>P\u0113cp\u0101rdo\u0161anas serviss<\/h3>\n<p>M\u0113s pied\u0101v\u0101jam lielisku p\u0113cp\u0101rdo\u0161anas servisu, lai nodro\u0161in\u0101tu klientu apmierin\u0101t\u012bbu.<\/p>\n<p><img decoding=\"async\" src=\"https:\/\/www.hydraulic-cylinders.net\/wp-content\/uploads\/2025\/01\/songte-company-3.webp\" alt=\"Uz\u0146\u0113muma t\u0113ls\"><\/p>\n<p>Autors: lil<\/p>","protected":false},"excerpt":{"rendered":"<p>Bucket Cylinder For Doosan Large Excavator DX300LC Introduction Definition A bucket cylinder, specifically designed hydraulic cylinder, used to control the movement of the bucket in heavy machinery such as excavators, backhoes, and front-end loaders. Its main function is to enable the bucket to lift, lower, and tilt for easy material-handling tasks. In the hydraulic system, [&hellip;]<\/p>","protected":false},"featured_media":14780,"comment_status":"open","ping_status":"closed","template":"","meta":{"_et_pb_use_builder":"","_et_pb_old_content":"","_et_gb_content_width":""},"product_brand":[],"product_cat":[1494],"product_tag":[1495,1496],"class_list":{"0":"post-15288","1":"product","2":"type-product","3":"status-publish","4":"has-post-thumbnail","6":"product_cat-bucket-cylinders","7":"product_tag-bucket-cylinders","8":"product_tag-hydraulic-cylinders","10":"first","11":"instock","12":"shipping-taxable","13":"product-type-simple"},"amp_enabled":true,"_links":{"self":[{"href":"https:\/\/www.hydraulic-cylinders.net\/lv\/wp-json\/wp\/v2\/product\/15288","targetHints":{"allow":["GET"]}}],"collection":[{"href":"https:\/\/www.hydraulic-cylinders.net\/lv\/wp-json\/wp\/v2\/product"}],"about":[{"href":"https:\/\/www.hydraulic-cylinders.net\/lv\/wp-json\/wp\/v2\/types\/product"}],"replies":[{"embeddable":true,"href":"https:\/\/www.hydraulic-cylinders.net\/lv\/wp-json\/wp\/v2\/comments?post=15288"}],"wp:featuredmedia":[{"embeddable":true,"href":"https:\/\/www.hydraulic-cylinders.net\/lv\/wp-json\/wp\/v2\/media\/14780"}],"wp:attachment":[{"href":"https:\/\/www.hydraulic-cylinders.net\/lv\/wp-json\/wp\/v2\/media?parent=15288"}],"wp:term":[{"taxonomy":"product_brand","embeddable":true,"href":"https:\/\/www.hydraulic-cylinders.net\/lv\/wp-json\/wp\/v2\/product_brand?post=15288"},{"taxonomy":"product_cat","embeddable":true,"href":"https:\/\/www.hydraulic-cylinders.net\/lv\/wp-json\/wp\/v2\/product_cat?post=15288"},{"taxonomy":"product_tag","embeddable":true,"href":"https:\/\/www.hydraulic-cylinders.net\/lv\/wp-json\/wp\/v2\/product_tag?post=15288"}],"curies":[{"name":"wp","href":"https:\/\/api.w.org\/{rel}","templated":true}]}}