{"id":15289,"date":"2025-01-19T14:20:36","date_gmt":"2025-01-19T14:20:36","guid":{"rendered":"https:\/\/www.hydraulic-cylinders.net\/product\/bucket-cylinder-for-doosan-large-excavator-dx500lc\/"},"modified":"2025-01-19T14:20:38","modified_gmt":"2025-01-19T14:20:38","slug":"bucket-cylinder-for-doosan-large-excavator-dx500lc","status":"publish","type":"product","link":"https:\/\/www.hydraulic-cylinders.net\/lv\/products\/bucket-cylinder-for-doosan-large-excavator-dx500lc\/","title":{"rendered":"Kausa cilindrs Doosan lielajam ekskavatoram DX500LC"},"content":{"rendered":"<h1>Kausa cilindrs Doosan lielajam ekskavatoram DX500LC<\/h1>\n<h2>Ievads<\/h2>\n<p>Kausa cilindrs Doosan lielajam ekskavatoram DX500LC ir speci\u0101li izstr\u0101d\u0101ts hidrauliskais cilindrs, kas galvenok\u0101rt kontrol\u0113 kausa kust\u012bbu smagaj\u0101s ma\u0161\u012bn\u0101s, piem\u0113ram, ekskavatoros, univers\u0101lajos ekskavatoros un front\u0101lajos iekr\u0101v\u0113jos. T\u0101 galven\u0101 funkcija ir nodro\u0161in\u0101t kausa pacel\u0161anu, nolai\u0161anu un noliek\u0161anu, padarot to \u0113rtu da\u017e\u0101diem materi\u0101lu apstr\u0101des uzdevumiem. Hidrauliskaj\u0101 sist\u0113m\u0101 kausa cilindrs pan\u0101k prec\u012bzu kausa kust\u012bbas kontroli, mainot hidraulisk\u0101s e\u013c\u013cas spiedienu, \u013caujot operatoriem efekt\u012bvi apstr\u0101d\u0101t smagas kravas un piel\u0101goties sare\u017e\u0123\u012btai darba videi un da\u017e\u0101d\u0101m ekspluat\u0101cijas vajadz\u012bb\u0101m.<\/p>\n<p><img decoding=\"async\" src=\"https:\/\/www.hydraulic-cylinders.net\/wp-content\/uploads\/2025\/01\/songte-company-2.webp\"><\/p>\n<h2>Funkcijas<\/h2>\n<ul>\n<li>Augsta iztur\u012bba un ilgm\u016b\u017e\u012bba: Parasti izgatavots no augstas stipr\u012bbas t\u0113rauda vai alum\u012bnija, tas var iztur\u0113t augstu spiedienu un lielas slodzes, piel\u0101goties skarbai darba videi un ir izstr\u0101d\u0101ts ar nodilumiztur\u012bbu un korozijas iztur\u012bbu, lai pagarin\u0101tu t\u0101 kalpo\u0161anas laiku.<\/li>\n<li>Efekt\u012bva hidraulisk\u0101 darb\u012bba: Izmantojot hidraulisk\u0101s e\u013c\u013cas spiedienu, lai pan\u0101ktu vienm\u0113r\u012bgu izple\u0161an\u0101s un sarau\u0161an\u0101s darb\u012bbu, t\u0101 var \u0101tri rea\u0123\u0113t uz vad\u012bbas komand\u0101m, nodro\u0161in\u0101t sp\u0113c\u012bgus stum\u0161anas un vilk\u0161anas sp\u0113kus un ir piem\u0113rota smagu kravu apstr\u0101dei un sare\u017e\u0123\u012btu ekspluat\u0101cijas uzdevumu veik\u0161anai.<\/li>\n<li>Da\u017e\u0101di veidi: Atkar\u012bb\u0101 no vajadz\u012bb\u0101m, lai apmierin\u0101tu da\u017e\u0101das ekspluat\u0101cijas pras\u012bbas, var izv\u0113l\u0113ties vienas darb\u012bbas (hidrauliski darbojas tikai vien\u0101 virzien\u0101) vai divk\u0101r\u0161as darb\u012bbas (hidrauliski darbojas divos virzienos) cilindrus. Da\u017ei mode\u013ci ir teleskopiski, kas \u013cauj veikt liel\u0101ku izple\u0161anos, nepalielinot \u0101r\u0113jos izm\u0113rus, un ir piem\u0113roti lietojumiem ar ierobe\u017eotu telpu.<\/li>\n<li>Vienk\u0101r\u0161a nomai\u0146a: m\u016bsu produkts var lieliski nomain\u012bt \u0161os hidrauliskos cilindrus.<\/li>\n<\/ul>\n<p><img decoding=\"async\" src=\"https:\/\/www.hydraulic-cylinders.net\/wp-content\/uploads\/2025\/01\/songte-cylinder-head-with-all-kinds-excavator-models.webp\"><\/p>\n<h2>Pieteikumi<\/h2>\n<p>Kausa cilindri tiek pla\u0161i izmantoti da\u017e\u0101d\u0101s nozar\u0113s, piem\u0113ram, b\u016bvniec\u012bb\u0101, lauksaimniec\u012bb\u0101 un ieguves r\u016bpniec\u012bb\u0101. \u0160eit ir da\u017ei izplat\u012bti pielietojumi:<\/p>\n<ul>\n<li>B\u016bvniec\u012bbas apr\u012bkojums: ekskavatoros tie ir nepiecie\u0161ami zemes vai gru\u017eu rak\u0161anai, iekrau\u0161anai un p\u0101rvieto\u0161anai. Ekskavatoros kausa cilindri pal\u012bdz gan rak\u0161anas, gan cel\u0161anas darbos. <\/li>\n<li>Lauksaimniec\u012bbas tehnika: Tos izmanto front\u0101lajos iekr\u0101v\u0113jos augsnes, siena un citu materi\u0101lu sav\u0101k\u0161anai, cel\u0161anai un transport\u0113\u0161anai. <\/li>\n<li>Ekskavatori: Kausa cilindri veic izrak\u0161anu, \u013caujot spainim iek\u013c\u016bt augsn\u0113. <\/li>\n<li>Iekr\u0101v\u0113ji: Front\u0101lie iekr\u0101v\u0113ji pal\u012bdz efekt\u012bvi pacelt un izkraut preces. <\/li>\n<\/ul>\n<h2>Dizaina apsv\u0113rumi un atlases krit\u0113riji<\/h2>\n<p>Izv\u0113loties kausa cilindru, ir svar\u012bgi \u0146emt v\u0113r\u0101 \u0161\u0101dus dizaina apsv\u0113rumus un atlases krit\u0113rijus:<\/p>\n<ul>\n<li>Nestsp\u0113ja: Ir j\u0101nodro\u0161ina, lai cilindrs iztur\u0113tu t\u0101 atbalst\u012bt\u0101s slodzes svaru.<\/li>\n<li>Bl\u012bv\u0113jums: Da\u017e\u0101diem bl\u012bv\u0113\u0161anas elementiem, piem\u0113ram, virzu\u013ca bl\u012bv\u0113jumiem, stie\u0146a bl\u012bv\u0113jumiem utt., j\u0101nodro\u0161ina, ka cilindrs var saglab\u0101t pozit\u012bvu bl\u012bv\u0113jumu un nov\u0113rst hidraulisk\u0101 \u0161\u0137idruma nopl\u016bdi. <\/li>\n<li>Iztur\u012bba: Lai pagarin\u0101tu balona kalpo\u0161anas laiku, j\u0101\u0146em v\u0113r\u0101 t\u0101 materi\u0101ls un t\u0101 iztur\u012bba pret nodilumu un koroziju.<\/li>\n<li>Dro\u0161\u012bba: Ir j\u0101nodro\u0161ina, lai cilindrs b\u016btu dro\u0161s lieto\u0161an\u0101 un iztur\u0113tu iesp\u0113jamus negad\u012bjumus, piem\u0113ram, p\u0101rslodzi, vibr\u0101ciju utt.<\/li>\n<li>Uzturam\u012bba: Ir j\u0101p\u0101rliecin\u0101s, ka cilindru ir viegli uztur\u0113t un remont\u0113t, un ka t\u0101 deta\u013cas ir viegli pieejamas.<\/li>\n<\/ul>\n<p><img decoding=\"async\" src=\"https:\/\/www.hydraulic-cylinders.net\/wp-content\/uploads\/2025\/01\/songte-oil-pipes-and-spare-parts.webp\"><\/p>\n<h2>Bl\u012bv\u0113\u0161ana un e\u013c\u013co\u0161ana<\/h2>\n<p>Kausa cilindros tiek izmantoti da\u017e\u0101di bl\u012bv\u0113\u0161anas komponenti, piem\u0113ram, virzu\u013ca bl\u012bv\u0113jumi, stie\u0146a bl\u012bv\u0113jumi utt., lai nodro\u0161in\u0101tu cilindra labu bl\u012bv\u0113jumu un nov\u0113rstu hidraulisk\u0101 \u0161\u0137idruma nopl\u016bdi. Bl\u012bv\u0113\u0161anas komponentos ir izmantoti nodilumiztur\u012bgi materi\u0101li, piem\u0113ram, poliuret\u0101ns un nitrilgumija. Cilindra korpuss un v\u012bt\u0146ot\u0101s gala virsmas tiek r\u016bp\u012bgi apstr\u0101d\u0101tas, lai uzlabotu nodilumiztur\u012bbu. Ir svar\u012bgi regul\u0101ri pievienot atbilsto\u0161u daudzumu hidraulisk\u0101s e\u013c\u013cas e\u013c\u013co\u0161anai.<\/p>\n<h2>Apkope un piesardz\u012bbas pas\u0101kumi<\/h2>\n<p>Lai nodro\u0161in\u0101tu ilg\u0101ku kausa cilindra kalpo\u0161anas laiku, nepiecie\u0161amas regul\u0101ras p\u0101rbaudes un profilaktisk\u0101s apkopes pas\u0101kumi. \u0160eit ir da\u017ei bie\u017ei veicami apkopes darbi:<\/p>\n<ul>\n<li>Regul\u0101ra p\u0101rbaude<\/li>\n<li>Pareiza e\u013c\u013co\u0161ana<\/li>\n<li>Bl\u012bv\u0113juma nomai\u0146a un kalibr\u0113\u0161anas p\u0101rbaude<\/li>\n<\/ul>\n<p>Uzst\u0101d\u012b\u0161anas laik\u0101 ir svar\u012bgi nodro\u0161in\u0101t pareizus cilindra izl\u012bdzin\u0101\u0161anas nor\u0101d\u012bjumus. Balona nostiprin\u0101\u0161anai ieteicams izmantot atbilsto\u0161us uzst\u0101d\u012b\u0161anas kron\u0161teinus. M\u0113s ar\u012b iesak\u0101m izmantot ieteicam\u0101s p\u0101rbaudes, remonta un nomai\u0146as proced\u016bras, lai uzlabotu cilindra kalpo\u0161anas laiku.<\/p>\n<p><img decoding=\"async\" src=\"https:\/\/www.hydraulic-cylinders.net\/wp-content\/uploads\/2025\/01\/songte-chushion-collar.webp\"><\/p>\n<h2>Dro\u0161\u012bbas un vides apsv\u0113rumi<\/h2>\n<p>Izmantojot kausu cilindrus, ir svar\u012bgi iev\u0113rot dro\u0161\u012bbas pas\u0101kumus, lai izvair\u012btos no iesp\u0113jamiem apdraud\u0113jumiem, piem\u0113ram, p\u0101rslodzes, vibr\u0101cijas utt. Vides faktori, piem\u0113ram, putek\u013cu iedarb\u012bba un augsta temperat\u016bra, var ietekm\u0113t ar\u012b cilindra darb\u012bbu. T\u0101p\u0113c ir nepiecie\u0161ams uztur\u0113t t\u012bru un dro\u0161u darba vidi.<\/p>\n<h2>Boj\u0101jumu diagnostika un probl\u0113mu nov\u0113r\u0161ana<\/h2>\n<p>\u0160eit ir da\u017eas bie\u017ei sastopamas probl\u0113mas, kas var rasties, lietojot kausa cilindru:<\/p>\n<ul>\n<li>Hidraulisk\u0101 \u0161\u0137idruma nopl\u016bde<\/li>\n<li>Gr\u016bt\u012bbas p\u0101rvietot virzuli<\/li>\n<li>Troksnis darb\u012bbas laik\u0101<\/li>\n<\/ul>\n<p>Lai atrisin\u0101tu \u0161\u012bs probl\u0113mas, ir svar\u012bgi p\u0101rbaud\u012bt cilindra bl\u012bves, virzuli un citas sast\u0101vda\u013cas. Regul\u0101ra t\u012br\u012b\u0161ana un pareiza e\u013c\u013co\u0161ana var pal\u012bdz\u0113t nov\u0113rst \u0161\u012bs probl\u0113mas.<\/p>\n<p><img decoding=\"async\" src=\"https:\/\/www.hydraulic-cylinders.net\/wp-content\/uploads\/2025\/01\/songte-bushings-with-all-kinds-of-excavator-models.webp\"><\/p>\n<h2>Par m\u016bsu uz\u0146\u0113mumu<\/h2>\n<p>M\u0113s esam rezerves hidraulisko cilindru ra\u017eot\u0101js ar pilnu produktu kategoriju kl\u0101stu un esam k\u013cuvu\u0161i par vienu no vado\u0161ajiem hidraulisko cilindru ra\u017eot\u0101jiem un vairumtirgot\u0101jiem viet\u0113j\u0101 un starptautiskaj\u0101 tirg\u016b. M\u0113s iev\u0113rojam izcilas kvalit\u0101tes principu un pa\u013caujamies uz sare\u017e\u0123\u012btas ra\u017eo\u0161anas darbn\u012bcas r\u016bpniecisk\u0101s ra\u017eo\u0161anas vad\u012bbas strat\u0113\u0123iju. Izmantojot tehnolo\u0123iskos talantus, augstas klases digit\u0101l\u0101s ra\u017eo\u0161anas iek\u0101rtas un profesion\u0101las test\u0113\u0161anas sist\u0113mas, m\u0113s nep\u0101rtraukti uzlabojam darbn\u012bcas ra\u017eo\u0161anas platformu, uzlabojam produktu kvalit\u0101tes ra\u017eo\u0161anas l\u012bniju un mums ir sp\u0113c\u012bgas rado\u0161\u0101s sp\u0113jas. M\u016bsu m\u0113r\u0137is ir apmierin\u0101t klientu da\u017e\u0101d\u0101s vajadz\u012bbas ar augstu efektivit\u0101ti, augstu precizit\u0101ti un augstas kvalit\u0101tes principiem.<\/p>\n<p><img decoding=\"async\" src=\"https:\/\/hzpt.com\/wp-content\/uploads\/2024\/11\/songte-company-1.webp\"><\/p>\n<h2>Profesionalit\u0101te<\/h2>\n<p>Mums ir profesion\u0101la komanda, kas var sniegt tehnisko atbalstu un piel\u0101gotus pakalpojumus, lai apmierin\u0101tu klientu \u012bpa\u0161\u0101s vajadz\u012bbas.<\/p>\n<h2>Starptautisk\u0101 sertifik\u0101cija<\/h2>\n<p>M\u016bsu produkti ir iztur\u0113ju\u0161i starptautiskus sertifik\u0101tus, piem\u0113ram, ISO9001, CE un SGS utt.<\/p>\n<h2>Piel\u0101goti pakalpojumi<\/h2>\n<p>M\u0113s pied\u0101v\u0101jam piel\u0101gotus pakalpojumus da\u017e\u0101d\u0101m pras\u012bb\u0101m, tostarp materi\u0101lam, izm\u0113ram un cit\u0101m specifik\u0101cij\u0101m.<\/p>\n<h2>Ra\u017eo\u0161anas iek\u0101rtas<\/h2>\n<p>M\u0113s izmantojam modernu ra\u017eo\u0161anas apr\u012bkojumu, lai nodro\u0161in\u0101tu produktu kvalit\u0101ti un ra\u017eo\u0161anas efektivit\u0101ti.<\/p>\n<h2>P\u0113cp\u0101rdo\u0161anas serviss<\/h2>\n<p>M\u0113s pied\u0101v\u0101jam visaptvero\u0161u p\u0113cp\u0101rdo\u0161anas servisu, tostarp apkopi, remontu un deta\u013cu nomai\u0146u, lai pal\u012bdz\u0113tu klientiem uztur\u0113t hidraulisk\u0101 cilindra izcilo veiktsp\u0113ju.<\/p>\n<h4>Autors: lil<\/h4>","protected":false},"excerpt":{"rendered":"<p>Bucket Cylinder For Doosan Large Excavator DX500LC Introduction A bucket cylinder for Doosan large excavator DX500LC is a specially designed hydraulic cylinder that mainly controls the movement of the bucket in heavy machinery such as excavators, backhoe excavators, and front loaders. Its primary function is to enable the bucket to lift, lower, and tilt, making [&hellip;]<\/p>","protected":false},"featured_media":14778,"comment_status":"open","ping_status":"closed","template":"","meta":{"_et_pb_use_builder":"","_et_pb_old_content":"","_et_gb_content_width":""},"product_brand":[],"product_cat":[1494],"product_tag":[1495,1496],"class_list":{"0":"post-15289","1":"product","2":"type-product","3":"status-publish","4":"has-post-thumbnail","6":"product_cat-bucket-cylinders","7":"product_tag-bucket-cylinders","8":"product_tag-hydraulic-cylinders","10":"first","11":"instock","12":"shipping-taxable","13":"product-type-simple"},"amp_enabled":true,"_links":{"self":[{"href":"https:\/\/www.hydraulic-cylinders.net\/lv\/wp-json\/wp\/v2\/product\/15289","targetHints":{"allow":["GET"]}}],"collection":[{"href":"https:\/\/www.hydraulic-cylinders.net\/lv\/wp-json\/wp\/v2\/product"}],"about":[{"href":"https:\/\/www.hydraulic-cylinders.net\/lv\/wp-json\/wp\/v2\/types\/product"}],"replies":[{"embeddable":true,"href":"https:\/\/www.hydraulic-cylinders.net\/lv\/wp-json\/wp\/v2\/comments?post=15289"}],"wp:featuredmedia":[{"embeddable":true,"href":"https:\/\/www.hydraulic-cylinders.net\/lv\/wp-json\/wp\/v2\/media\/14778"}],"wp:attachment":[{"href":"https:\/\/www.hydraulic-cylinders.net\/lv\/wp-json\/wp\/v2\/media?parent=15289"}],"wp:term":[{"taxonomy":"product_brand","embeddable":true,"href":"https:\/\/www.hydraulic-cylinders.net\/lv\/wp-json\/wp\/v2\/product_brand?post=15289"},{"taxonomy":"product_cat","embeddable":true,"href":"https:\/\/www.hydraulic-cylinders.net\/lv\/wp-json\/wp\/v2\/product_cat?post=15289"},{"taxonomy":"product_tag","embeddable":true,"href":"https:\/\/www.hydraulic-cylinders.net\/lv\/wp-json\/wp\/v2\/product_tag?post=15289"}],"curies":[{"name":"wp","href":"https:\/\/api.w.org\/{rel}","templated":true}]}}