{"id":15290,"date":"2025-01-19T14:20:40","date_gmt":"2025-01-19T14:20:40","guid":{"rendered":"https:\/\/www.hydraulic-cylinders.net\/product\/bucket-cylinder-for-doosan-large-excavator-dh300-5\/"},"modified":"2025-01-19T14:20:42","modified_gmt":"2025-01-19T14:20:42","slug":"bucket-cylinder-for-doosan-large-excavator-dh300-5","status":"publish","type":"product","link":"https:\/\/www.hydraulic-cylinders.net\/lv\/products\/bucket-cylinder-for-doosan-large-excavator-dh300-5\/","title":{"rendered":"Kausa cilindrs Doosan lielajam ekskavatoram DH300-5"},"content":{"rendered":"<h1>Kausa cilindrs Doosan lielajam ekskavatoram DH300-5<\/h1>\n<h2>Ievads<\/h2>\n<p>Doosan liel\u0101 ekskavatora DH300-5 kausa cilindrs ir specializ\u0113ts hidrauliskais cilindrs, ko izmanto, lai kontrol\u0113tu kausa kust\u012bbu smagaj\u0101s ma\u0161\u012bn\u0101s, piem\u0113ram, ekskavatoros, ekskavatoros-iekr\u0101v\u0113jos un front\u0101lajos iekr\u0101v\u0113jos. T\u0101 galvenais m\u0113r\u0137is ir \u013caut pacelt, nolaist un noliekt kausu, atvieglojot da\u017e\u0101du materi\u0101lu apstr\u0101di. Hidrauliskaj\u0101 sist\u0113m\u0101 kausa cilindrs prec\u012bzi kontrol\u0113 kausa kust\u012bbu, mainot hidraulisk\u0101s e\u013c\u013cas spiedienu, \u013caujot operatoriem efekt\u012bvi apstr\u0101d\u0101t smagas kravas un piel\u0101goties sare\u017e\u0123\u012btai darba videi un da\u017e\u0101d\u0101m ekspluat\u0101cijas vajadz\u012bb\u0101m.<\/p>\n<p><img decoding=\"async\" src=\"https:\/\/www.hydraulic-cylinders.net\/wp-content\/uploads\/2025\/01\/songte-company-2.webp\" alt=\"Kausa cilindra att\u0113ls\"><\/p>\n<h2>Funkcijas<\/h2>\n<ul>\n<li><strong>Augsta iztur\u012bba un ilgm\u016b\u017e\u012bba:<\/strong> Parasti izgatavots no augstas stipr\u012bbas t\u0113rauda vai alum\u012bnija, tas var iztur\u0113t augstu spiedienu un lielas slodzes, piel\u0101goties skarbai darba videi un ir izstr\u0101d\u0101ts, \u0146emot v\u0113r\u0101 nodilumiztur\u012bbu un korozijas iztur\u012bbu, lai pagarin\u0101tu t\u0101 kalpo\u0161anas laiku.<\/li>\n<li><strong>Efekt\u012bvas hidraulisk\u0101s darb\u012bbas:<\/strong> Izmanto hidraulisk\u0101s e\u013c\u013cas spiedienu, lai pan\u0101ktu vienm\u0113r\u012bgas teleskopisk\u0101s darb\u012bbas, var \u0101tri rea\u0123\u0113t uz vad\u012bbas komand\u0101m, nodro\u0161in\u0101t sp\u0113c\u012bgu stum\u0161anas un vilk\u0161anas sp\u0113ku un ir piem\u0113rots smagu kravu apstr\u0101dei un sare\u017e\u0123\u012btu ekspluat\u0101cijas uzdevumu veik\u0161anai.<\/li>\n<li><strong>Da\u017e\u0101di veidi:<\/strong> Atbilsto\u0161i pras\u012bb\u0101m var izv\u0113l\u0113ties vienk\u0101r\u0161as darb\u012bbas (hidraulika tiek izmantota tikai vien\u0101 virzien\u0101) vai divk\u0101r\u0161as darb\u012bbas (hidraulika tiek izmantota divos virzienos) cilindrus, lai tie atbilstu da\u017e\u0101d\u0101m ekspluat\u0101cijas vajadz\u012bb\u0101m. Da\u017ei mode\u013ci ir teleskopiski, kas \u013cauj tos papla\u0161in\u0101t, nepalielinot \u0101r\u0113jos izm\u0113rus, padarot tos piem\u0113rotus lietojumiem ar ierobe\u017eotu telpu.<\/li>\n<li><strong>Perfekta nomai\u0146a:<\/strong> M\u016bsu kausa cilindrs var lieliski aizst\u0101t ra\u017eot\u0101ja ori\u0123in\u0101lo hidraulisko cilindru.<\/li>\n<\/ul>\n<p><img decoding=\"async\" src=\"https:\/\/www.hydraulic-cylinders.net\/wp-content\/uploads\/2025\/01\/songte-cylinder-head-with-all-kinds-excavator-models.webp\" alt=\"Rezerves cilindra att\u0113ls\"><\/p>\n<h2>Pieteikumi<\/h2>\n<p>Kausa cilindram ir pla\u0161s pielietojumu kl\u0101sts da\u017e\u0101d\u0101s nozar\u0113s. Da\u017ei piem\u0113ri:<\/p>\n<ul>\n<li><strong>Celtniec\u012bbas apr\u012bkojums:<\/strong> Ekskavatoros tie ir nepiecie\u0161ami rak\u0161anai, iekrau\u0161anai un augsnes vai gru\u017eu p\u0101rvieto\u0161anai. Ekskavatoros-iekr\u0101v\u0113jos kausa cilindrs pal\u012bdz gan rak\u0161anas, gan cel\u0161anas darbos. <\/li>\n<li><strong>Lauksaimniec\u012bbas tehnika:<\/strong> Izmanto front\u0101lajos iekr\u0101v\u0113jos augsnes, siena un citu materi\u0101lu sav\u0101k\u0161anai, cel\u0161anai un transport\u0113\u0161anai. <\/li>\n<li><strong>Ekskavatori:<\/strong> Kausa cilindrs \u013cauj spainim iek\u013c\u016bt augsn\u0113, lai veiktu rak\u0161anas darb\u012bbas. <\/li>\n<li><strong>Front\u0101lie iekr\u0101v\u0113ji:<\/strong> Front\u0101lajos iekr\u0101v\u0113jos tie pal\u012bdz efekt\u012bvi pacelt un noliekt kravu. <\/li>\n<\/ul>\n<h2>Dizaina apsv\u0113rumi un atlases krit\u0113riji<\/h2>\n<p>Kausa cilindra konstrukcijas apsv\u0113rumi un izv\u0113les krit\u0113riji ir b\u016btiski, lai nodro\u0161in\u0101tu t\u0101 pareizu darb\u012bbu un ilgm\u016b\u017e\u012bbu. Da\u017ei no \u0161iem apsv\u0113rumiem ir \u0161\u0101di:<\/p>\n<h3>Kravnes\u012bba<\/h3>\n<p>Kausa cilindram ir j\u0101sp\u0113j iztur\u0113t ma\u0161\u012bnas, kur\u0101 tas ir uzst\u0101d\u012bts, kravnes\u012bbu. Ir svar\u012bgi izv\u0113l\u0113ties cilindru, kas var iztur\u0113t ma\u0161\u012bnas maksim\u0101lo kravnes\u012bbu, \u0146emot v\u0113r\u0101 visas iesp\u0113jam\u0101s p\u0101rslodzes.<\/p>\n<h3>Bl\u012bv\u0113\u0161ana<\/h3>\n<p>Kausa cilindram j\u0101b\u016bt pareizi nosl\u0113gtam, lai nov\u0113rstu hidraulisk\u0101 \u0161\u0137idruma nopl\u016bdes. Ir svar\u012bgi izv\u0113l\u0113ties bl\u012bves, kas izgatavotas no iztur\u012bgiem materi\u0101liem un ir paredz\u0113tas nodiluma iztur\u012bbai.<\/p>\n<h3>Iztur\u012bba<\/h3>\n<p>Kausa cilindram j\u0101b\u016bt iztur\u012bgam un konstru\u0113tam t\u0101, lai tas iztur\u0113tu skarbus vides apst\u0101k\u013cus. Cilindra korpusam un gala v\u0101ci\u0146iem j\u0101b\u016bt izgatavotiem no augstas stipr\u012bbas materi\u0101liem, kas ir iztur\u012bgi pret koroziju un nodilumu.<\/p>\n<h3>Dro\u0161\u012bba<\/h3>\n<p>Kausa cilindram j\u0101b\u016bt konstru\u0113tam, \u0146emot v\u0113r\u0101 dro\u0161\u012bbu. Ir svar\u012bgi izv\u0113l\u0113ties cilindru, kam ir dro\u0161\u012bbas funkcijas, piem\u0113ram, spiediena samazin\u0101\u0161anas v\u0101rsti un dro\u0161\u012bbas sl\u0113dzenes, lai nov\u0113rstu negad\u012bjumus.<\/p>\n<h3>Apkope<\/h3>\n<p>Kausa cilindram j\u0101b\u016bt viegli kopjamam. Ir svar\u012bgi izv\u0113l\u0113ties cilindru, kuru ir viegli izjaukt un salikt apkopei. Regul\u0101ra apkope, piem\u0113ram, e\u013c\u013co\u0161ana un bl\u012bvju nomai\u0146a, ir b\u016btiska, lai pagarin\u0101tu t\u0101 kalpo\u0161anas laiku.<\/p>\n<p><img decoding=\"async\" src=\"https:\/\/www.hydraulic-cylinders.net\/wp-content\/uploads\/2025\/01\/songte-oil-pipes-and-spare-parts.webp\" alt=\"Hidraulisk\u0101 cilindra deta\u013cu att\u0113ls\"><\/p>\n<h2>Bl\u012bv\u0113\u0161ana un e\u013c\u013co\u0161ana<\/h2>\n<p>Kausa cilindr\u0101 tiek izmantoti da\u017e\u0101di bl\u012bv\u0113\u0161anas komponenti, piem\u0113ram, virzu\u013ca bl\u012bvsl\u0113gi \u200b\u200bun stie\u0146a bl\u012bvsl\u0113gi, kas izgatavoti no t\u0101diem materi\u0101liem k\u0101 poliuret\u0101ns un nitrilgumija, lai nov\u0113rstu \u0161\u0137idruma nopl\u016bdes. Cilindra korpuss un gala v\u0101ci\u0146i ir smalki apstr\u0101d\u0101ti, lai uzlabotu nodilumiztur\u012bbu. Regul\u0101ra e\u013c\u013co\u0161ana ar hidraulisko e\u013c\u013cu ir nepiecie\u0161ama, lai uztur\u0113tu vienm\u0113r\u012bgu darb\u012bbu un samazin\u0101tu nodilumu.<\/p>\n<h2>P\u0101rbaude un profilaktisk\u0101 apkope<\/h2>\n<p>Regul\u0101ra p\u0101rbaude un profilaktisk\u0101 apkope ir b\u016btiska, lai pagarin\u0101tu kausa cilindra kalpo\u0161anas laiku. Da\u017ei bie\u017ei veicami apkopes darbi ir \u0161\u0101di:<\/p>\n<ul>\n<li><strong>Regul\u0101ra p\u0101rbaude:<\/strong> P\u0101rbaudiet cilindru, vai nav nodiluma vai boj\u0101jumu, p\u0101rbaudiet bl\u012bves un p\u0101rbaudiet visus savienojumus, vai nav nopl\u016b\u017eu.<\/li>\n<li><strong>E\u013c\u013co\u0161ana:<\/strong> Regul\u0101ri iee\u013c\u013cojiet cilindru ar hidraulisko e\u013c\u013cu, lai samazin\u0101tu berzi un nodilumu.<\/li>\n<li><strong>Bl\u012bv\u0113juma nomai\u0146a:<\/strong> Nomainiet visus boj\u0101tos bl\u012bv\u0113jumus, lai nov\u0113rstu hidraulisk\u0101 \u0161\u0137idruma nopl\u016bdes.<\/li>\n<li><strong>Kalibr\u0113\u0161anas p\u0101rbaude:<\/strong> P\u0101rbaudiet cilindra kalibr\u0113\u0161anu, lai p\u0101rliecin\u0101tos, ka tas darbojas pareizi.<\/li>\n<\/ul>\n<p>Ir svar\u012bgi pareizi uzst\u0101d\u012bt kausa cilindru, lai izvair\u012btos no iesp\u0113jamiem boj\u0101jumiem un nodro\u0161in\u0101tu dro\u0161u darb\u012bbu. Vienm\u0113r iev\u0113rojiet ra\u017eot\u0101ja nor\u0101d\u012bjumus un izmantojiet atbilsto\u0161us uzst\u0101d\u012b\u0161anas instrumentus un apr\u012bkojumu. Pareiza izl\u012bdzin\u0101\u0161ana un piem\u0113rotu uzst\u0101d\u012b\u0161anas kron\u0161teinu izmanto\u0161ana var pal\u012bdz\u0113t stabiliz\u0113t cilindru. Ja cilindrs ir j\u0101remont\u0113 vai j\u0101p\u0101rb\u016bv\u0113, ieteicams izmantot ori\u0123in\u0101l\u0101s deta\u013cas un iev\u0113rot ra\u017eot\u0101ja nor\u0101d\u012bjumus.<\/p>\n<p><img decoding=\"async\" src=\"https:\/\/www.hydraulic-cylinders.net\/wp-content\/uploads\/2025\/01\/songte-chushion-collar.webp\" alt=\"Spilvenu apkakles att\u0113ls\"><\/p>\n<h2>Dro\u0161\u012bbas un vides apsv\u0113rumi<\/h2>\n<p>Izmantojot kausa cilindru, j\u0101iev\u0113ro dro\u0161\u012bbas pas\u0101kumi, lai izvair\u012btos no negad\u012bjumiem. Ir svar\u012bgi iev\u0113rot dro\u0161\u012bbas vadl\u012bnijas un noteikumus, piem\u0113ram, valk\u0101t atbilsto\u0161u aizsargap\u0123\u0113rbu un nodro\u0161in\u0101t ma\u0161\u012bnas pareizu apkopi un ekspluat\u0101ciju. J\u0101\u0146em v\u0113r\u0101 ar\u012b vides apsv\u0113rumi, piem\u0113ram, pareiza hidraulisko \u0161\u0137idrumu un citu materi\u0101lu, kas var b\u016bt kait\u012bgi videi, utiliz\u0101cija.<\/p>\n<h2>Bie\u017ei sastopamas probl\u0113mas un to nov\u0113r\u0161ana<\/h2>\n<p>Kausa cilindram darb\u012bbas laik\u0101 var rasties da\u017e\u0101das probl\u0113mas. Da\u017eas bie\u017ei sastopamas probl\u0113mas ir \u0161\u0101das:<\/p>\n<ul>\n<li><strong>\u0160\u0137idruma nopl\u016bdes:<\/strong> To var izrais\u012bt boj\u0101ti bl\u012bv\u0113jumi vai savienojumi.<\/li>\n<li><strong>L\u0113na darb\u012bba:<\/strong> To var izrais\u012bt zems hidraulisk\u0101 \u0161\u0137idruma l\u012bmenis vai nolietotas bl\u012bves.<\/li>\n<li><strong>P\u0101rm\u0113r\u012bgs troksnis:<\/strong> To var izrais\u012bt nolietoti gult\u0146i vai citas kust\u012bgas deta\u013cas.<\/li>\n<\/ul>\n<p>Lai nov\u0113rstu un atrisin\u0101tu \u0161\u012bs probl\u0113mas, ir svar\u012bgi iev\u0113rot ra\u017eot\u0101ja nor\u0101d\u012bjumus un izmantot atbilsto\u0161as \u200b\u200bprobl\u0113mu nov\u0113r\u0161anas metodes. Lai nov\u0113rstu \u0161o probl\u0113mu ra\u0161anos, ieteicams veikt regul\u0101ru apkopi.<\/p>\n<p><img decoding=\"async\" src=\"https:\/\/www.hydraulic-cylinders.net\/wp-content\/uploads\/2025\/01\/songte-bushings-with-all-kinds-of-excavator-models.webp\" alt=\"Hidraulisko cilindru bukses att\u0113ls\"><\/p>\n<h2>Par m\u016bsu uz\u0146\u0113mumu<\/h2>\n<p>M\u0113s esam vado\u0161ais hidraulisko cilindru ra\u017eot\u0101js un vairumtirdzniec\u012bbas izplat\u012bt\u0101js, kas specializ\u0113jas hidraulisko cilindru nomai\u0146\u0101. M\u016bsu uz\u0146\u0113mums pied\u0101v\u0101 pla\u0161u produktu kl\u0101stu, tostarp da\u017e\u0101du veidu hidrauliskos cilindrus, kas ir k\u013cuvu\u0161i par vienu no vado\u0161ajiem produktiem viet\u0113j\u0101 un \u0101rvalstu tirgos. M\u016bsu uz\u0146\u0113mums iev\u0113ro izcilas kvalit\u0101tes principu un pa\u013caujas uz nozarei specifisk\u0101m ra\u017eo\u0161anas vad\u012bbas strat\u0113\u0123ij\u0101m smalki ra\u017eot\u0101s darbn\u012bc\u0101s, k\u0101 ar\u012b uz tehniskajiem talantiem, digit\u0101l\u0101m augstas klases ra\u017eo\u0161anas iek\u0101rt\u0101m un profesion\u0101l\u0101m test\u0113\u0161anas sist\u0113m\u0101m, nep\u0101rtraukti uzlabojot ra\u017eo\u0161anas platformu darbn\u012bc\u0101 un uzlabojot produktu ra\u017eo\u0161anas kvalit\u0101ti. Mums ir sp\u0113c\u012bgas rado\u0161\u0101s sp\u0113jas un m\u0113s varam apmierin\u0101t klientu da\u017e\u0101d\u0101s vajadz\u012bbas, pamatojoties uz augstas efektivit\u0101tes, augstas precizit\u0101tes un augstas kvalit\u0101tes principiem.<\/p>\n<p><img decoding=\"async\" src=\"https:\/\/hzpt.com\/wp-content\/uploads\/2024\/11\/songte-company-1.webp\" alt=\"Uz\u0146\u0113muma t\u0113ls\"><\/p>\n<h3>Profesionalit\u0101te<\/h3>\n<p>M\u016bsu uz\u0146\u0113mum\u0101 str\u0101d\u0101 augsti specializ\u0113ta profesion\u0101\u013cu komanda ar daudzu gadu pieredzi nozar\u0113. S\u0101kot no projekt\u0113\u0161anas l\u012bdz ra\u017eo\u0161anai un p\u0101rdo\u0161anai, m\u016bsu ekspertu komanda nodro\u0161ina kvalit\u0101ti un efektivit\u0101ti.<\/p>\n<h3>Starptautisk\u0101 sertifik\u0101cija<\/h3>\n<p>M\u016bsu uz\u0146\u0113mums ir ieguvis da\u017e\u0101dus starptautiskus sertifik\u0101tus, piem\u0113ram, ISO9001 un CE, kas apliecina, ka m\u016bsu produkti atbilst starptautiskajiem kvalit\u0101tes un dro\u0161\u012bbas standartiem.<\/p>\n<h3>Piel\u0101goti pakalpojumi<\/h3>\n<p>M\u016bsu uz\u0146\u0113mums pied\u0101v\u0101 piel\u0101gotus pakalpojumus, lai apmierin\u0101tu \u012bpa\u0161as klientu vajadz\u012bbas, tostarp piel\u0101gotus dizainus, izm\u0113rus un materi\u0101lus.<\/p>\n<h3>Ra\u017eo\u0161anas iek\u0101rtas<\/h3>\n<p>M\u016bsu uz\u0146\u0113mums ir ieguld\u012bjis l\u012bdzek\u013cus modern\u0101s ra\u017eo\u0161anas iek\u0101rt\u0101s, tostarp CNC ma\u0161\u012bn\u0101s un test\u0113\u0161anas iek\u0101rt\u0101s, lai nodro\u0161in\u0101tu precizit\u0101ti un efektivit\u0101ti ra\u017eo\u0161an\u0101.<\/p>\n<h3>P\u0113cp\u0101rdo\u0161anas serviss<\/h3>\n<p>M\u016bsu uz\u0146\u0113mums nodro\u0161ina visaptvero\u0161us p\u0113cp\u0101rdo\u0161anas pakalpojumus, tostarp apkopi un remontu, lai nodro\u0161in\u0101tu klientu apmierin\u0101t\u012bbu un pagarin\u0101tu produktu kalpo\u0161anas laiku.<\/p>\n<h4>Autors: lil<\/h4>","protected":false},"excerpt":{"rendered":"<p>Bucket Cylinder For Doosan Large Excavator DH300-5 Introduction The bucket cylinder for Doosan large excavator DH300-5 is a specialized hydraulic cylinder used to control the movement of the bucket in heavy machinery such as excavators, backhoe loaders, and front-end loaders. Its main purpose is to allow the bucket to be raised, lowered, and tilted, making [&hellip;]<\/p>","protected":false},"featured_media":14776,"comment_status":"open","ping_status":"closed","template":"","meta":{"_et_pb_use_builder":"","_et_pb_old_content":"","_et_gb_content_width":""},"product_brand":[],"product_cat":[1494],"product_tag":[1495,1496],"class_list":{"0":"post-15290","1":"product","2":"type-product","3":"status-publish","4":"has-post-thumbnail","6":"product_cat-bucket-cylinders","7":"product_tag-bucket-cylinders","8":"product_tag-hydraulic-cylinders","10":"first","11":"instock","12":"shipping-taxable","13":"product-type-simple"},"amp_enabled":true,"_links":{"self":[{"href":"https:\/\/www.hydraulic-cylinders.net\/lv\/wp-json\/wp\/v2\/product\/15290","targetHints":{"allow":["GET"]}}],"collection":[{"href":"https:\/\/www.hydraulic-cylinders.net\/lv\/wp-json\/wp\/v2\/product"}],"about":[{"href":"https:\/\/www.hydraulic-cylinders.net\/lv\/wp-json\/wp\/v2\/types\/product"}],"replies":[{"embeddable":true,"href":"https:\/\/www.hydraulic-cylinders.net\/lv\/wp-json\/wp\/v2\/comments?post=15290"}],"wp:featuredmedia":[{"embeddable":true,"href":"https:\/\/www.hydraulic-cylinders.net\/lv\/wp-json\/wp\/v2\/media\/14776"}],"wp:attachment":[{"href":"https:\/\/www.hydraulic-cylinders.net\/lv\/wp-json\/wp\/v2\/media?parent=15290"}],"wp:term":[{"taxonomy":"product_brand","embeddable":true,"href":"https:\/\/www.hydraulic-cylinders.net\/lv\/wp-json\/wp\/v2\/product_brand?post=15290"},{"taxonomy":"product_cat","embeddable":true,"href":"https:\/\/www.hydraulic-cylinders.net\/lv\/wp-json\/wp\/v2\/product_cat?post=15290"},{"taxonomy":"product_tag","embeddable":true,"href":"https:\/\/www.hydraulic-cylinders.net\/lv\/wp-json\/wp\/v2\/product_tag?post=15290"}],"curies":[{"name":"wp","href":"https:\/\/api.w.org\/{rel}","templated":true}]}}