{"id":15305,"date":"2025-01-19T14:21:46","date_gmt":"2025-01-19T14:21:46","guid":{"rendered":"https:\/\/www.hydraulic-cylinders.net\/product\/bucket-cylinder-for-doosan-wheel-excavator-dx60n\/"},"modified":"2025-01-19T14:21:48","modified_gmt":"2025-01-19T14:21:48","slug":"bucket-cylinder-for-doosan-wheel-excavator-dx60n","status":"publish","type":"product","link":"https:\/\/www.hydraulic-cylinders.net\/lv\/products\/bucket-cylinder-for-doosan-wheel-excavator-dx60n\/","title":{"rendered":"Kausa cilindrs Doosan rite\u0146u ekskavatoram DX60N"},"content":{"rendered":"<h1>Kausa cilindrs Doosan rite\u0146u ekskavatoram DX60N<\/h1>\n<h2>Ievads<\/h2>\n<p>Doosan rite\u0146u ekskavatora DX60N kausa cilindrs ir specializ\u0113ts hidrauliskais cilindrs, kas paredz\u0113ts kausa kust\u012bbu vad\u012bbai smagaj\u0101s ma\u0161\u012bn\u0101s, piem\u0113ram, ekskavatoros, ekskavatoros-iekr\u0101v\u0113jos un front\u0101lajos iekr\u0101v\u0113jos. T\u0101 galven\u0101 funkcija ir nodro\u0161in\u0101t kausa pacel\u0161anu, nolai\u0161anu un noliek\u0161anu, padarot to piem\u0113rotu da\u017e\u0101diem materi\u0101lu apstr\u0101des uzdevumiem. Hidrauliskaj\u0101 sist\u0113m\u0101 kausa cilindrs pan\u0101k prec\u012bzu kausa kust\u012bbu kontroli, mainot hidraulisk\u0101s e\u013c\u013cas spiedienu, \u013caujot operatoriem efekt\u012bvi apstr\u0101d\u0101t smagas kravas un piel\u0101goties sare\u017e\u0123\u012btai darba videi un da\u017e\u0101d\u0101m ekspluat\u0101cijas pras\u012bb\u0101m.<\/p>\n<p><img decoding=\"async\" src=\"https:\/\/www.hydraulic-cylinders.net\/wp-content\/uploads\/2025\/01\/songte-company-2.webp\" alt=\"Kausa cilindrs Doosan rite\u0146u ekskavatoram DX60N\"><\/p>\n<h2>Produkta funkcijas<\/h2>\n<ul>\n<li>Augsta iztur\u012bba un ilgm\u016b\u017e\u012bba: Parasti izgatavots no augstas stipr\u012bbas t\u0113rauda vai alum\u012bnija, tas var iztur\u0113t augstu spiedienu un lielas slodzes, piel\u0101goties skarbai darba videi un ir izstr\u0101d\u0101ts, \u0146emot v\u0113r\u0101 nodilumiztur\u012bbu un korozijas iztur\u012bbu, pagarinot t\u0101 kalpo\u0161anas laiku.<\/li>\n<li>Efekt\u012bva hidraulisk\u0101 darb\u012bba: Izmantojot hidraulisk\u0101s e\u013c\u013cas spiedienu, lai pan\u0101ktu vienm\u0113r\u012bgas izstiep\u0161anas un ievilk\u0161anas kust\u012bbas, t\u0101 var \u0101tri rea\u0123\u0113t uz vad\u012bbas komand\u0101m, nodro\u0161in\u0101t sp\u0113c\u012bgus stum\u0161anas un vilk\u0161anas sp\u0113kus un ir piem\u0113rota smagu kravu apstr\u0101dei un sare\u017e\u0123\u012btu darba uzdevumu veik\u0161anai.<\/li>\n<li>Da\u017e\u0101di veidi: vienas darb\u012bbas (hidrauliski tiek izmantots tikai vien\u0101 virzien\u0101) vai divk\u0101r\u0161as darb\u012bbas (hidrauliski tiek izmantots abos virzienos) cilindrus var izv\u0113l\u0113ties atbilsto\u0161i vajadz\u012bb\u0101m, lai apmierin\u0101tu da\u017e\u0101das ekspluat\u0101cijas pras\u012bbas. Da\u017ei mode\u013ci ir teleskopiski, kas \u013cauj tos papla\u0161in\u0101t, nepalielinot \u0101r\u0113jos izm\u0113rus, padarot tos piem\u0113rotus lietojumiem ar ierobe\u017eotu vietu.<\/li>\n<li>Tie\u0161a nomai\u0146a: m\u016bsu produkts var aizst\u0101t da\u017e\u0101dus hidrauliskos cilindrus.<\/li>\n<\/ul>\n<p><img decoding=\"async\" src=\"https:\/\/www.hydraulic-cylinders.net\/wp-content\/uploads\/2025\/01\/songte-cylinder-head-with-all-kinds-excavator-models.webp\" alt=\"Kausa cilindrs Doosan rite\u0146u ekskavatoram DX60N\"><\/p>\n<h2>Pieteikumi<\/h2>\n<p>Doosan rite\u0146u ekskavatora DX60N kausa cilindrs tiek pla\u0161i izmantots da\u017e\u0101d\u0101s smagaj\u0101s ma\u0161\u012bn\u0101s, tostarp:<\/p>\n<ul>\n<li>B\u016bvniec\u012bbas apr\u012bkojums: ekskavatoros tas ir nepiecie\u0161ams rak\u0161anas darbiem, iekrau\u0161anai un augsnes vai gru\u017eu p\u0101rvieto\u0161anai. Ekskavatoros-iekr\u0101v\u0113jos kausa cilindrs pal\u012bdz gan rak\u0161anas, gan cel\u0161anas darbos. <\/li>\n<li>Lauksaimniec\u012bbas tehnika: Izmanto front\u0101lajos iekr\u0101v\u0113jos augsnes, siena un citu materi\u0101lu sav\u0101k\u0161anai, cel\u0161anai un transport\u0113\u0161anai. <\/li>\n<li>Ekskavatori: Kausa cilindrs \u013cauj rakt, \u013caujot kausam iek\u013c\u016bt augsn\u0113. <\/li>\n<li>Front\u0101lie iekr\u0101v\u0113ji: Front\u0101lie iekr\u0101v\u0113ji pal\u012bdz efekt\u012bvi pacelt un izkraut preces.<\/li>\n<\/ul>\n<h2>Dizaina apsv\u0113rumi un atlases krit\u0113riji<\/h2>\n<p>Doosan rite\u0146u ekskavatora DX60N kausa cilindrs ir izstr\u0101d\u0101ts, \u0146emot v\u0113r\u0101 da\u017e\u0101dus faktorus, tostarp:<\/p>\n<ul>\n<li>Nestsp\u0113ja: Balonam j\u0101sp\u0113j iztur\u0113t slodzes, kur\u0101m tas tiek pak\u013cauts, neradot boj\u0101jumus vai deform\u0101ciju. <\/li>\n<li>Bl\u012bv\u0113jums: Lai nov\u0113rstu hidraulisk\u0101 \u0161\u0137idruma nopl\u016bdes, kas var saboj\u0101t apr\u012bkojumu un palielin\u0101t negad\u012bjumu risku, ir nepiecie\u0161ams atbilsto\u0161s bl\u012bv\u0113jums. <\/li>\n<li>Iztur\u012bba: Balonam j\u0101sp\u0113j kalpot ilgu laiku bez nepiecie\u0161am\u012bbas bie\u017ei remont\u0113t vai nomain\u012bt. <\/li>\n<li>Dro\u0161\u012bba: Balonam j\u0101b\u016bt projekt\u0113tam t\u0101, lai to b\u016btu dro\u0161i lietot un uztur\u0113t, un j\u0101ievie\u0161 atbilsto\u0161i dro\u0161\u012bbas pas\u0101kumi negad\u012bjumu nov\u0113r\u0161anai. <\/li>\n<li>Uzturam\u012bba: Balonam j\u0101b\u016bt viegli apkopjamam un remont\u0113jamam, un rezerves da\u013c\u0101m j\u0101b\u016bt viegli pieejam\u0101m. <\/li>\n<\/ul>\n<p><img decoding=\"async\" src=\"https:\/\/www.hydraulic-cylinders.net\/wp-content\/uploads\/2025\/01\/songte-oil-pipes-and-spare-parts.webp\" alt=\"Kausa cilindrs Doosan rite\u0146u ekskavatoram DX60N\"><\/p>\n<h2>Bl\u012bv\u0113\u0161ana un e\u013c\u013co\u0161ana<\/h2>\n<p>Doosan rite\u0146u ekskavatora DX60N kausa cilindram tiek izmantoti da\u017e\u0101di bl\u012bv\u0113juma komponenti, piem\u0113ram, virzu\u013ca bl\u012bv\u0113jumi un stie\u0146a bl\u012bv\u0113jumi. \u0160ie bl\u012bv\u0113juma komponenti ir izgatavoti no nodilumiztur\u012bgiem materi\u0101liem, piem\u0113ram, poliuret\u0101na un nitrila gumijas. Cilindra korpuss un v\u012bt\u0146ot\u0101 gala virsma ir smalki apstr\u0101d\u0101ta, lai uzlabotu nodilumiztur\u012bbu. Lai cilindrs darbotos nevainojami, tas ir regul\u0101ri j\u0101iee\u013c\u013co ar piem\u0113rotu hidraulisko e\u013c\u013cu.<\/p>\n<h2>Apkope un remonts<\/h2>\n<p>Regul\u0101ra p\u0101rbaude un profilaktisk\u0101 apkope ir b\u016btiska, lai uztur\u0113tu Doosan rite\u0146u ekskavatora DX60N kausa cilindru lab\u0101 darba k\u0101rt\u012bb\u0101. Bie\u017ei veicamie apkopes darbi ietver:<\/p>\n<ul>\n<li>Regul\u0101ra p\u0101rbaude<\/li>\n<li>Pareiza e\u013c\u013co\u0161ana<\/li>\n<li>Bl\u012bv\u0113juma nomai\u0146a<\/li>\n<li>Kalibr\u0113\u0161anas p\u0101rbaude<\/li>\n<\/ul>\n<p>Pareiza uzst\u0101d\u012b\u0161ana, e\u013c\u013co\u0161ana un regul\u0113\u0161ana ir \u013coti svar\u012bga, lai nodro\u0161in\u0101tu cilindra ilgm\u016b\u017e\u012bbu. Ieteicams pareizi izl\u012bdzin\u0101t un izmantot atbilsto\u0161u uzst\u0101d\u012b\u0161anas kron\u0161teinu cilindra nostiprin\u0101\u0161anai. M\u0113s pied\u0101v\u0101jam ar\u012b ieteicam\u0101s p\u0101rbaudes, remonta un nomai\u0146as proced\u016bras, rezerves da\u013cas un atjauno\u0161anas pakalpojumus, lai uzlabotu Doosan rite\u0146u ekskavatora DX60N kausa cilindra kalpo\u0161anas laiku.<\/p>\n<p><img decoding=\"async\" src=\"https:\/\/www.hydraulic-cylinders.net\/wp-content\/uploads\/2025\/01\/songte-chushion-collar.webp\" alt=\"Kausa cilindrs Doosan rite\u0146u ekskavatoram DX60N\"><\/p>\n<h2>Dro\u0161\u012bbas un vides apsv\u0113rumi<\/h2>\n<p>Pareizi dro\u0161\u012bbas pas\u0101kumi, piem\u0113ram, aizsargl\u012bdzek\u013cu valk\u0101\u0161ana un dro\u0161\u012bbas vadl\u012bniju iev\u0113ro\u0161ana uzst\u0101d\u012b\u0161anas un apkopes laik\u0101, ir \u013coti svar\u012bgi, lai nov\u0113rstu negad\u012bjumus. J\u0101\u0146em v\u0113r\u0101 vides apsv\u0113rumi, piem\u0113ram, pareiza izlietot\u0101 hidraulisk\u0101 \u0161\u0137idruma un citu apkopes un remonta laik\u0101 radu\u0161os atkritumu utiliz\u0101cija.<\/p>\n<h2>Diagnoze un probl\u0113mu nov\u0113r\u0161ana<\/h2>\n<p>Doosan rite\u0146u ekskavatora DX60N kausa cilindram var rasties t\u0101das probl\u0113mas k\u0101 nopl\u016bdes, nepietiekama jauda vai l\u0113na kust\u012bba. Pareiza diagnostika un probl\u0113mu nov\u0113r\u0161ana ir \u013coti svar\u012bga, lai identific\u0113tu un atrisin\u0101tu \u0161\u012bs probl\u0113mas. Pareizi prevent\u012bvie pas\u0101kumi var pal\u012bdz\u0113t nov\u0113rst \u0161o probl\u0113mu ra\u0161anos.<\/p>\n<p><img decoding=\"async\" src=\"https:\/\/www.hydraulic-cylinders.net\/wp-content\/uploads\/2025\/01\/songte-bushings-with-all-kinds-of-excavator-models.webp\" alt=\"Kausa cilindrs Doosan rite\u0146u ekskavatoram DX60N\"><\/p>\n<h2>Par m\u016bsu uz\u0146\u0113mumu<\/h2>\n<p>M\u0113s esam vado\u0161ais da\u017e\u0101du hidraulisko cilindru, tostarp Doosan rite\u0146u ekskavatora DX60N kausa cilindru, ra\u017eot\u0101js un vairumtirdzniec\u012bbas izplat\u012bt\u0101js. M\u016bsu uz\u0146\u0113mums pied\u0101v\u0101 visaptvero\u0161as produktu l\u012bnijas un piel\u0101gotus risin\u0101jumus, lai apmierin\u0101tu da\u017e\u0101das klientu vajadz\u012bbas. M\u0113s esam ap\u0146\u0113mu\u0161ies nodro\u0161in\u0101t izcil\u012bbu kvalit\u0101t\u0113, pa\u013caujoties uz r\u016bpniecisk\u0101s ra\u017eo\u0161anas vad\u012bbas strat\u0113\u0123ij\u0101m un uzlabojot produktu kvalit\u0101tes ra\u017eo\u0161anas mar\u0161rutus ar tehnisko talantu, digit\u0101lu augstas klases ra\u017eo\u0161anas apr\u012bkojumu un profesion\u0101lu noteik\u0161anas sist\u0113mu. M\u0113s izmantojam augstas efektivit\u0101tes, augstas precizit\u0101tes un augstas kvalit\u0101tes principus, lai apmierin\u0101tu da\u017e\u0101das klientu vajadz\u012bbas. M\u0113s esam uzticams partneris j\u016bsu hidraulisko cilindru vajadz\u012bb\u0101m.<\/p>\n<p><img decoding=\"async\" src=\"https:\/\/hzpt.com\/wp-content\/uploads\/2024\/11\/songte-company-1.webp\" alt=\"Kausa cilindrs Doosan rite\u0146u ekskavatoram DX60N\"><\/p>\n<p>Autors: lil<\/p>","protected":false},"excerpt":{"rendered":"<p>Bucket Cylinder For Doosan Wheel Excavator DX60N Introduction The bucket cylinder for Doosan wheel excavator DX60N is a specialized hydraulic cylinder designed to control the movements of the bucket in heavy machinery such as excavators, backhoe loaders, and front-end loaders. Its main function is to enable the bucket to lift, lower, and tilt, making it [&hellip;]<\/p>","protected":false},"featured_media":14776,"comment_status":"open","ping_status":"closed","template":"","meta":{"_et_pb_use_builder":"","_et_pb_old_content":"","_et_gb_content_width":""},"product_brand":[],"product_cat":[1494],"product_tag":[1495,1496],"class_list":{"0":"post-15305","1":"product","2":"type-product","3":"status-publish","4":"has-post-thumbnail","6":"product_cat-bucket-cylinders","7":"product_tag-bucket-cylinders","8":"product_tag-hydraulic-cylinders","10":"first","11":"instock","12":"shipping-taxable","13":"product-type-simple"},"amp_enabled":true,"_links":{"self":[{"href":"https:\/\/www.hydraulic-cylinders.net\/lv\/wp-json\/wp\/v2\/product\/15305","targetHints":{"allow":["GET"]}}],"collection":[{"href":"https:\/\/www.hydraulic-cylinders.net\/lv\/wp-json\/wp\/v2\/product"}],"about":[{"href":"https:\/\/www.hydraulic-cylinders.net\/lv\/wp-json\/wp\/v2\/types\/product"}],"replies":[{"embeddable":true,"href":"https:\/\/www.hydraulic-cylinders.net\/lv\/wp-json\/wp\/v2\/comments?post=15305"}],"wp:featuredmedia":[{"embeddable":true,"href":"https:\/\/www.hydraulic-cylinders.net\/lv\/wp-json\/wp\/v2\/media\/14776"}],"wp:attachment":[{"href":"https:\/\/www.hydraulic-cylinders.net\/lv\/wp-json\/wp\/v2\/media?parent=15305"}],"wp:term":[{"taxonomy":"product_brand","embeddable":true,"href":"https:\/\/www.hydraulic-cylinders.net\/lv\/wp-json\/wp\/v2\/product_brand?post=15305"},{"taxonomy":"product_cat","embeddable":true,"href":"https:\/\/www.hydraulic-cylinders.net\/lv\/wp-json\/wp\/v2\/product_cat?post=15305"},{"taxonomy":"product_tag","embeddable":true,"href":"https:\/\/www.hydraulic-cylinders.net\/lv\/wp-json\/wp\/v2\/product_tag?post=15305"}],"curies":[{"name":"wp","href":"https:\/\/api.w.org\/{rel}","templated":true}]}}