{"id":1531,"date":"2023-09-28T03:14:41","date_gmt":"2023-09-28T03:14:41","guid":{"rendered":"https:\/\/hydraulic-cylinders.net\/?post_type=product&#038;p=1531"},"modified":"2025-04-11T03:25:57","modified_gmt":"2025-04-11T03:25:57","slug":"aerial-work-platform-luffing-cylinder","status":"publish","type":"product","link":"https:\/\/www.hydraulic-cylinders.net\/lv\/products\/aerial-work-platform-luffing-cylinder\/","title":{"rendered":"Pac\u0113l\u0101ja darba platformas pacel\u0161anas cilindrs"},"content":{"rendered":"<h1 style=\"text-align: center;\"><strong>Pac\u0113l\u0101ja darba platformas pacel\u0161anas cilindrs<\/strong><\/h1>\n<p><img loading=\"lazy\" decoding=\"async\" class=\"wp-image-1532 aligncenter\" src=\"https:\/\/hydraulic-cylinders.net\/wp-content\/uploads\/2023\/09\/luffing-cylinder-1-300x300.webp\" alt=\"\" width=\"400\" height=\"400\" \/><\/p>\n<p>Pace\u013cam\u0101s darba platformas pacel\u0161anas cilindrs ir b\u016btiska pace\u013camo darba platformu sast\u0101vda\u013ca, kas paredz\u0113ta, lai uzlabotu dro\u0161\u012bbu un efektivit\u0101ti paaugstin\u0101t\u0101 darba vid\u0113. \u0160is inovat\u012bvais hidrauliskais cilindrs nodro\u0161ina kontrol\u0113tu vertik\u0101lu kust\u012bbu, \u013caujot prec\u012bzi pacelt un nolaist platformu.<\/p>\n<p>Pace\u013cam\u0101s darba platformas pacel\u0161anas cilindrs ir b\u016btiska pace\u013camo darba platformu sast\u0101vda\u013ca, kas nodro\u0161ina kontrol\u0113tu vertik\u0101lu kust\u012bbu un uzlabo dro\u0161\u012bbu un efektivit\u0101ti paaugstin\u0101t\u0101 darba vid\u0113. Ar prec\u012bzaj\u0101m pacel\u0161anas sp\u0113j\u0101m, augsto kravnes\u012bbu un integr\u0113taj\u0101m dro\u0161\u012bbas funkcij\u0101m \u0161is cilindrs \u013cauj operatoriem p\u0101rliecino\u0161i str\u0101d\u0101t da\u017e\u0101dos augstumos. Iev\u0113rojot ieteicam\u0101s lieto\u0161anas metodes un apkopes praksi, operatori var maksim\u0101li pagarin\u0101t pace\u013cam\u0101s darba platformas pacel\u0161anas cilindra kalpo\u0161anas laiku un veiktsp\u0113ju, k\u0101 rezult\u0101t\u0101 palielin\u0101s produktivit\u0101te, samazin\u0101sies d\u012bkst\u0101ves laiks un tiks uzlabota dro\u0161\u012bba paaugstin\u0101tu darbu veik\u0161anas laik\u0101. Ieguldiet \u0161aj\u0101 uzlabotaj\u0101 hidrauliskaj\u0101 komponent\u0101, lai paaugstin\u0101tu savas pace\u013cam\u0101s darba platformas iesp\u0113jas un paceltu savu veiksmes darbu jaun\u0101 l\u012bmen\u012b.<\/p>\n<p>Pac\u0113l\u0101ja darba platformas pacel\u0161anas cilindra galven\u0101s \u012bpa\u0161\u012bbas:<\/p>\n<ol>\n<li>Kontrol\u0113ta vertik\u0101la kust\u012bba:<\/li>\n<\/ol>\n<ul>\n<li>Darba platformas pacel\u0161anas cilindrs nodro\u0161ina prec\u012bzu un kontrol\u0113tu vertik\u0101lu kust\u012bbu, \u013caujot operatoriem prec\u012bzi un viegli piel\u0101got platformas darba augstumu.<\/li>\n<li>Tas nodro\u0161ina vienm\u0113r\u012bgas un stabilas pacel\u0161anas un nolai\u0161anas darb\u012bbas, garant\u0113jot dro\u0161u un \u0113rtu darba vidi da\u017e\u0101dos augstumos.<\/li>\n<\/ul>\n<ol start=\"2\">\n<li>Augsta kravnes\u012bba:<\/li>\n<\/ol>\n<ul>\n<li>\u0160im cilindram ir liela kravnes\u012bba, kas \u013cauj tam iztur\u0113t smagas slodzes un uz pac\u0113l\u0101ja platformas novietot vair\u0101kus darbiniekus, instrumentus un apr\u012bkojumu.<\/li>\n<li>Tas nodro\u0161ina uzticamu cel\u0161anas veiktsp\u0113ju, saglab\u0101jot stabilit\u0101ti un dro\u0161\u012bbu pat ar iev\u0113rojamu kravu.<\/li>\n<\/ul>\n<ol start=\"3\">\n<li>Kompakts un iztur\u012bgs dizains:<\/li>\n<\/ol>\n<ul>\n<li>Pace\u013cam\u0101s darba platformas pacel\u0161anas cilindram ir kompakts dizains, kas samazina pace\u013cam\u0101s darba platformas kop\u0113jo svaru un aiz\u0146emto vietu.<\/li>\n<li>T\u0101 iztur\u012bg\u0101 konstrukcija nodro\u0161ina iztur\u012bbu un ilgm\u016b\u017e\u012bbu, izturot sare\u017e\u0123\u012btus darba apst\u0101k\u013cus paaugstin\u0101t\u0101 darba vid\u0113.<\/li>\n<\/ul>\n<ol start=\"4\">\n<li>Integr\u0113t\u0101s dro\u0161\u012bbas funkcijas:<\/li>\n<\/ol>\n<ul>\n<li>\u0160im cilindram ir integr\u0113tas dro\u0161\u012bbas funkcijas, piem\u0113ram, p\u0101rslodzes aizsardz\u012bba un av\u0101rijas nolai\u0161anas sist\u0113mas.<\/li>\n<li>\u0160ie dro\u0161\u012bbas meh\u0101nismi nodro\u0161ina papildu sirdsmieru, pasarg\u0101jot no potenci\u0101liem negad\u012bjumiem un atvieglojot \u0101tru rea\u0123\u0113\u0161anu \u0101rk\u0101rtas situ\u0101cij\u0101s.<\/li>\n<\/ul>\n<h2><strong>Darba platformas pacel\u0161anas cilindra parametrs:<\/strong><\/h2>\n<table border=\"1\" cellspacing=\"0\" cellpadding=\"0\">\n<tbody>\n<tr>\n<td>Produkta nosaukums<\/td>\n<td>Pac\u0113l\u0101ja darba platformas pacel\u0161anas cilindrs<\/td>\n<\/tr>\n<tr>\n<td>Funkcijas:<\/td>\n<td>Str\u0113les aug\u0161upv\u0113rst\u0101s un lejupv\u0113rst\u0101s rot\u0101cijas apzin\u0101\u0161an\u0101s ir galvenais cel\u0161anas virz\u012bt\u0101jsp\u0113ks<\/td>\n<\/tr>\n<tr>\n<td>Urbuma diametrs:<\/td>\n<td>50 mm\uff5e350 mm<\/td>\n<\/tr>\n<tr>\n<td>Stie\u0146a diametrs:<\/td>\n<td>30 mm\uff5e300 mm<br \/>\nG\u0101jiens \u22643000 mm<\/td>\n<\/tr>\n<tr>\n<td>Spiediens:<\/td>\n<td>30MPa (maksim\u0101lais spiediens)<\/td>\n<\/tr>\n<tr>\n<td>Luf\u0113\u0161anas cilindra pielietojumi:<\/td>\n<td>Pac\u0113l\u0101ja darba platforma<\/td>\n<\/tr>\n<\/tbody>\n<\/table>\n<h2><strong>Darba platformas identifik\u0101cijas sh\u0113ma:<\/strong><\/h2>\n<p><img loading=\"lazy\" decoding=\"async\" class=\"alignnone wp-image-1517 size-full\" src=\"https:\/\/hydraulic-cylinders.net\/wp-content\/uploads\/2023\/09\/aerial-work-platform-cylinder-construct.webp\" alt=\"\" width=\"600\" height=\"400\" srcset=\"https:\/\/hydraulic-cylinders.net\/wp-content\/uploads\/2023\/09\/aerial-work-platform-cylinder-construct.webp 600w, https:\/\/hydraulic-cylinders.net\/wp-content\/uploads\/2023\/09\/aerial-work-platform-cylinder-construct-480x320.webp 480w\" sizes=\"(min-width: 0px) and (max-width: 480px) 480px, (min-width: 481px) 600px, 100vw\" \/><\/p>\n<h2><strong>Lieto\u0161anas metode <\/strong><strong>Pac\u0113l\u0101ja darba platformas pacel\u0161anas cilindrs<\/strong><strong>:<\/strong><\/h2>\n<ol>\n<li><strong>Cilindra uzst\u0101d\u012b\u0161ana:<\/strong><\/li>\n<\/ol>\n<ul>\n<li>Lai pareizi uzst\u0101d\u012btu pace\u013cam\u0101s darba platformas pacel\u0161anas cilindru, iev\u0113rojiet ra\u017eot\u0101ja nor\u0101d\u012bjumus.<\/li>\n<li>P\u0101rliecinieties, vai cilindrs ir dro\u0161i piestiprin\u0101ts pie pac\u0113l\u0101ja darba platformas konstrukcijas, nodro\u0161inot stabilu un uzticamu savienojumu.<\/li>\n<\/ul>\n<ol start=\"2\">\n<li><strong>Hidrauliskais savienojums:<\/strong><\/li>\n<\/ol>\n<ul>\n<li>Pievienojiet cilindru pac\u0113l\u0101ja hidrauliskajai sist\u0113mai saska\u0146\u0101 ar sniegtaj\u0101m vadl\u012bnij\u0101m.<\/li>\n<li>P\u0101rliecinieties, vai visi hidrauliskie savienojumi ir dro\u0161i un pareizi nosl\u0113gti, lai nov\u0113rstu hidraulisk\u0101 \u0161\u0137idruma nopl\u016bdes vai zudumus.<\/li>\n<\/ul>\n<ol start=\"3\">\n<li><strong>Vad\u012bbas aktiviz\u0113\u0161ana:<\/strong><\/li>\n<\/ol>\n<ul>\n<li>Izmantojiet platformas vad\u012bbas paneli vai saskarni, lai aktiviz\u0113tu darba platformas pacel\u0161anas cilindru.<\/li>\n<li>Lai paceltu vai nolaistu platformu v\u0113lamaj\u0101 augstum\u0101, iev\u0113rojiet ieteicam\u0101s ekspluat\u0101cijas proced\u016bras.<\/li>\n<\/ul>\n<ol start=\"4\">\n<li><strong>Dro\u0161\u012bbas pas\u0101kumi:<\/strong><\/li>\n<\/ol>\n<ul>\n<li>Pirms pace\u013cam\u0101s darba platformas lieto\u0161anas iepaz\u012bstieties ar dro\u0161\u012bbas funkcij\u0101m un \u0101rk\u0101rtas proced\u016br\u0101m.<\/li>\n<li>Nodro\u0161iniet, lai visi operatori sa\u0146emtu atbilsto\u0161u apm\u0101c\u012bbu par platformas un pace\u013cam\u0101s darba platformas pacel\u0161anas cilindra dro\u0161u ekspluat\u0101ciju.<\/li>\n<\/ul>\n<h2><strong>K\u0101 izvad\u012bt \u016bdeni no traktora hidraulisk\u0101s sist\u0113mas?<\/strong><\/h2>\n<p>\u016adens izvad\u012b\u0161ana no traktora hidraulisk\u0101s sist\u0113mas ir b\u016btiska, lai uztur\u0113tu sist\u0113mas darb\u012bbu un nov\u0113rstu boj\u0101jumus. \u0160eit ir sniegta detaliz\u0113ta instrukcija par to, k\u0101 izvad\u012bt \u016bdeni no traktora hidraulisk\u0101s sist\u0113mas:<\/p>\n<ol>\n<li><strong>\u016adens pies\u0101r\u0146ojuma noteik\u0161ana:<\/strong><\/li>\n<\/ol>\n<ul>\n<li>P\u0101rbaudiet, vai rezervu\u0101r\u0101 nav \u016bdens pies\u0101r\u0146ojuma paz\u012bmju, piem\u0113ram, pienaina vai du\u013c\u0137aina hidraulisk\u0101 \u0161\u0137idruma, samazin\u0101tas sist\u0113mas veiktsp\u0113jas vai \u016bdens pilienu.<\/li>\n<li>Apstipriniet, ka probl\u0113mas c\u0113lonis ir \u016bdens, izsl\u0113dzot citas iesp\u0113jam\u0101s probl\u0113mas.<\/li>\n<\/ul>\n<ol start=\"2\">\n<li><strong>Hidraulisk\u0101s sist\u0113mas iztuk\u0161o\u0161ana:<\/strong><\/li>\n<\/ol>\n<ul>\n<li>Atrodiet hidraulisk\u0101s tvertnes vai rezervu\u0101ra iztuk\u0161o\u0161anas aizb\u0101zni vai v\u0101rstu.<\/li>\n<li>Novietojiet zem iztuk\u0161o\u0161anas aizb\u0101\u017e\u0146a piem\u0113rotu trauku vai notekas pannu, lai sav\u0101ktu \u0161\u0137idrumu.<\/li>\n<\/ul>\n<ol start=\"3\">\n<li><strong>Atveriet iztuk\u0161o\u0161anas aizb\u0101zni:<\/strong><\/li>\n<\/ol>\n<ul>\n<li>Uzman\u012bgi atskr\u016bv\u0113jiet un iz\u0146emiet iztuk\u0161o\u0161anas aizb\u0101zni vai atveriet v\u0101rstu, izmantojot atbilsto\u0161u uzgrie\u017e\u0146u atsl\u0113gu vai instrumentu.<\/li>\n<li>\u013baujiet pies\u0101r\u0146otajam hidrauliskajam \u0161\u0137idrumam piln\u012bb\u0101 iztec\u0113t no sist\u0113mas.<\/li>\n<li>Pies\u0101r\u0146oto \u0161\u0137idrumu utiliz\u0113jiet saska\u0146\u0101 ar viet\u0113jiem noteikumiem.<\/li>\n<\/ul>\n<ol start=\"4\">\n<li><strong>Sist\u0113mas izskalo\u0161ana:<\/strong><\/li>\n<\/ol>\n<ul>\n<li>Kad hidrauliskais \u0161\u0137idrums ir iztuk\u0161ots, izskalojiet sist\u0113mu ar piem\u0113rotu skalo\u0161anas l\u012bdzekli vai t\u012bru hidraulisko \u0161\u0137idrumu.<\/li>\n<li>Iev\u0113rojiet ra\u017eot\u0101ja ieteikumus par atbilsto\u0161u skalo\u0161anas l\u012bdzekli un proced\u016bru.<\/li>\n<li>Pievienojiet \u0161\u013c\u016bteni hidraulisk\u0101s sist\u0113mas iepl\u016bdes atverei un izmantojiet to, lai s\u016bkn\u0113tu skalo\u0161anas l\u012bdzekli vai t\u012br\u012b\u0161anas \u0161\u0137idrumu caur sist\u0113mu.<\/li>\n<li>\u013baujiet skalo\u0161anas l\u012bdzeklim pietiekami cirkul\u0113t sist\u0113m\u0101, lai izvad\u012btu atliku\u0161o \u016bdeni.<\/li>\n<\/ul>\n<ol start=\"5\">\n<li><strong>Izlejiet skalo\u0161anas l\u012bdzekli:<\/strong><\/li>\n<\/ol>\n<ul>\n<li>V\u0113lreiz atveriet iztuk\u0161o\u0161anas aizb\u0101zni vai v\u0101rstu, lai iztuk\u0161otu skalo\u0161anas l\u012bdzekli no sist\u0113mas.<\/li>\n<li>\u013baujiet skalo\u0161anas l\u012bdzeklim piln\u012bb\u0101 iztec\u0113t trauk\u0101 vai notekas pann\u0101.<\/li>\n<\/ul>\n<ol start=\"6\">\n<li><strong>Uzpild\u012b\u0161ana ar t\u012bru hidraulisko \u0161\u0137idrumu:<\/strong><\/li>\n<\/ol>\n<ul>\n<li>Kad viss skalo\u0161anas l\u012bdzeklis ir iztuk\u0161ots, aizveriet iztuk\u0161o\u0161anas aizb\u0101zni vai v\u0101rstu.<\/li>\n<li>Uzpildiet hidraulisko sist\u0113mu ar t\u012bru, ieteicamo hidraulisko \u0161\u0137idrumu.<\/li>\n<li>Iev\u0113rojiet ra\u017eot\u0101ja nor\u0101d\u012bjumus par atbilsto\u0161o \u0161\u0137idruma veidu un uzpildes l\u012bmeni.<\/li>\n<\/ul>\n<ol start=\"7\">\n<li><strong>Atgaisojiet sist\u0113mu:<\/strong><\/li>\n<\/ol>\n<ul>\n<li>Izlaidiet gaisu no hidraulisk\u0101s sist\u0113mas saska\u0146\u0101 ar ra\u017eot\u0101ja nor\u0101d\u012bjumiem vai atgaiso\u0161anas proced\u016br\u0101m, kas paredz\u0113tas j\u016bsu traktora modelim.<\/li>\n<li>\u0160is solis nodro\u0161ina pareizu hidraulisk\u0101s sist\u0113mas darb\u012bbu un nov\u0113r\u0161 jebk\u0101das gaisa kabatas.<\/li>\n<\/ul>\n<ol start=\"8\">\n<li><strong>Sist\u0113mas p\u0101rbaude:<\/strong><\/li>\n<\/ol>\n<ul>\n<li>Iedarbiniet traktoru un iesl\u0113dziet hidraulisko sist\u0113mu.<\/li>\n<li>P\u0101rbaudiet, vai nav dzirdamas neparastas ska\u0146as, nopl\u016bdes vai veiktsp\u0113jas probl\u0113mas.<\/li>\n<li>Darbiniet hidraulisko sist\u0113mu, lai p\u0101rliecin\u0101tos, ka t\u0101 darbojas nevainojami, bez ar \u016bdeni saist\u012bt\u0101m probl\u0113m\u0101m.<\/li>\n<\/ul>\n<h2><strong>R\u016bpn\u012bcas iesp\u0113jas un jauda:<\/strong><\/h2>\n<h3>(1) Mont\u0101\u017ea<\/h3>\n<p>Mums ir pirmklas\u012bga neatkar\u012bga p\u0113tniec\u012bbas un att\u012bst\u012bbas mont\u0101\u017eas platforma. Hidraulisko cilindru ra\u017eo\u0161anas darbn\u012bc\u0101 ir \u010detras pusautom\u0101tiskas pacel\u0161anas cilindru mont\u0101\u017eas l\u012bnijas un viena autom\u0101tisk\u0101 sl\u012bpuma cilindru mont\u0101\u017eas l\u012bnija ar projekt\u0113to gada ra\u017eo\u0161anas jaudu 1 miljons vien\u012bbu. Speci\u0101lo cilindru darbn\u012bca ir apr\u012bkota ar da\u017e\u0101du specifik\u0101ciju pusautom\u0101tisku t\u012br\u012b\u0161anas mont\u0101\u017eas sist\u0113mu ar projekt\u0113to gada ra\u017eo\u0161anas jaudu 200 000 vien\u012bbu un apr\u012bkota ar slaven\u0101m CNC apstr\u0101des iek\u0101rt\u0101m, apstr\u0101des centru, augstas precizit\u0101tes cilindru apstr\u0101des speci\u0101lo apr\u012bkojumu, robotiz\u0113tu metin\u0101\u0161anas iek\u0101rtu, autom\u0101tisku t\u012br\u012b\u0161anas iek\u0101rtu, autom\u0101tisku cilindru mont\u0101\u017eas iek\u0101rtu un autom\u0101tisku kr\u0101so\u0161anas ra\u017eo\u0161anas l\u012bniju. Eso\u0161ais kritiskais apr\u012bkojums ir vair\u0101k nek\u0101 300 komplektu (komplektu). Optim\u0101la iek\u0101rtu resursu sadale un efekt\u012bva izmanto\u0161ana nodro\u0161ina produktu precizit\u0101tes pras\u012bbas un apmierina produktu augst\u0101s kvalit\u0101tes pras\u012bbas.<\/p>\n<p><img loading=\"lazy\" decoding=\"async\" class=\"alignnone wp-image-626\" src=\"https:\/\/hydraulic-cylinders.net\/wp-content\/uploads\/2023\/08\/hydraulic-cylinder-product-1-300x158.webp\" alt=\"\" width=\"495\" height=\"260\" srcset=\"https:\/\/hydraulic-cylinders.net\/wp-content\/uploads\/2023\/08\/hydraulic-cylinder-product-1-300x158.webp 495w, https:\/\/hydraulic-cylinders.net\/wp-content\/uploads\/2023\/08\/hydraulic-cylinder-product-1-480x252.webp 480w\" sizes=\"(min-width: 0px) and (max-width: 480px) 480px, (min-width: 481px) 495px, 100vw\" \/> <img loading=\"lazy\" decoding=\"async\" class=\"alignnone wp-image-627\" src=\"https:\/\/hydraulic-cylinders.net\/wp-content\/uploads\/2023\/08\/hydraulic-cylinder-product-2-300x189.webp\" alt=\"\" width=\"413\" height=\"260\" \/><\/p>\n<h3>(2) Apstr\u0101de<\/h3>\n<p>Apstr\u0101des cehs ir apr\u012bkots ar piel\u0101gotu sl\u012bpo slie\u017eu virpo\u0161anas centru, apstr\u0101des centru, \u0101trgaitas asin\u0101\u0161anas ma\u0161\u012bnu, metin\u0101\u0161anas robotu un citu saist\u012btu apr\u012bkojumu, kas var apstr\u0101d\u0101t cilindriskas caurules ar maksim\u0101lo iek\u0161\u0113jo diametru 400 mm un maksim\u0101lo garumu 6 metri.<\/p>\n<p><img loading=\"lazy\" decoding=\"async\" class=\"alignnone wp-image-628 size-large\" src=\"https:\/\/hydraulic-cylinders.net\/wp-content\/uploads\/2023\/08\/hydraulic-cylinder-product-3-1024x391.webp\" alt=\"\" width=\"1024\" height=\"391\" srcset=\"https:\/\/hydraulic-cylinders.net\/wp-content\/uploads\/2023\/08\/hydraulic-cylinder-product-3-980x374.webp 980w, https:\/\/hydraulic-cylinders.net\/wp-content\/uploads\/2023\/08\/hydraulic-cylinder-product-3-480x183.webp 480w\" sizes=\"(min-width: 0px) and (max-width: 480px) 480px, (min-width: 481px) and (max-width: 980px) 980px, (min-width: 981px) 1024px, 100vw\" \/><\/p>\n<h3>(3) Metin\u0101\u0161ana<\/h3>\n<p><img loading=\"lazy\" decoding=\"async\" class=\"alignnone wp-image-629 size-large\" src=\"https:\/\/hydraulic-cylinders.net\/wp-content\/uploads\/2023\/08\/hydraulic-cylinder-product-4-1024x510.webp\" alt=\"\" width=\"1024\" height=\"510\" srcset=\"https:\/\/hydraulic-cylinders.net\/wp-content\/uploads\/2023\/08\/hydraulic-cylinder-product-4-980x488.webp 980w, https:\/\/hydraulic-cylinders.net\/wp-content\/uploads\/2023\/08\/hydraulic-cylinder-product-4-480x239.webp 480w\" sizes=\"(min-width: 0px) and (max-width: 480px) 480px, (min-width: 481px) and (max-width: 980px) 980px, (min-width: 981px) 1024px, 100vw\" \/><\/p>\n<h3>(4) Kr\u0101so\u0161ana un p\u0101rkl\u0101\u0161ana<\/h3>\n<p>Ar maz\u0101m un vid\u0113ja izm\u0113ra cilindrisk\u0101m autom\u0101tisk\u0101m \u016bdens b\u0101zes kr\u0101su p\u0101rkl\u0101\u0161anas l\u012bnij\u0101m, lai pan\u0101ktu autom\u0101tisku robotu iekrau\u0161anu un izkrau\u0161anu un autom\u0101tisku izsmidzin\u0101\u0161anu, projekt\u0113t\u0101 jauda ir 4000 gabali mai\u0146\u0101;<br \/>\nMums ir ar\u012b pusautom\u0101tiska kr\u0101su ra\u017eo\u0161anas l\u012bnija lieliem baloniem, ko darbina \u0137\u0113des piedzi\u0146a, ar 60 kastu konstrukcijas jaudu vien\u0101 mai\u0146\u0101.<\/p>\n<p><img loading=\"lazy\" decoding=\"async\" class=\"alignnone wp-image-630\" src=\"https:\/\/hydraulic-cylinders.net\/wp-content\/uploads\/2023\/08\/hydraulic-cylinder-product-5-300x213.webp\" alt=\"\" width=\"366\" height=\"260\" \/> <img loading=\"lazy\" decoding=\"async\" class=\"alignnone wp-image-631\" src=\"https:\/\/hydraulic-cylinders.net\/wp-content\/uploads\/2023\/08\/hydraulic-cylinder-product-6-300x225.webp\" alt=\"\" width=\"347\" height=\"260\" \/><\/p>\n<h3>(5) Test\u0113\u0161ana<\/h3>\n<p>Mums ir augst\u0101k\u0101s klases p\u0101rbaudes iek\u0101rtas un test\u0113\u0161anas stendi, lai nodro\u0161in\u0101tu, ka balona veiktsp\u0113ja atbilst pras\u012bb\u0101m.<\/p>\n<p><img loading=\"lazy\" decoding=\"async\" class=\"alignnone wp-image-632\" src=\"https:\/\/hydraulic-cylinders.net\/wp-content\/uploads\/2023\/08\/hydraulic-cylinder-product-8-300x200.webp\" alt=\"\" width=\"389\" height=\"260\" \/><\/p>\n<p>&nbsp;<\/p>\n<p>&nbsp;<\/p>\n<p>M\u0113s esam viens no lab\u0101kajiem hidraulisko cilindru ra\u017eot\u0101jiem. M\u0113s varam pied\u0101v\u0101t visaptvero\u0161us hidrauliskos cilindrus. M\u0113s nodro\u0161in\u0101m ar\u012b atbilsto\u0161us <a href=\"https:\/\/hzpt.com\/agricultural-pto-gearbox\/\" target=\"_blank\" rel=\"noopener\">lauksaimniec\u012bbas p\u0101rnesumk\u0101rbas<\/a>. M\u0113s esam eksport\u0113ju\u0161i savus produktus klientiem vis\u0101 pasaul\u0113 un esam ieguvu\u0161i labu reput\u0101ciju, pateicoties m\u016bsu izcilajai produktu kvalit\u0101tei un p\u0113cp\u0101rdo\u0161anas servisam. M\u0113s aicin\u0101m klientus no valsts un \u0101rvalst\u012bm sazin\u0101ties ar mums, lai risin\u0101tu biznesa sarunas, apmain\u012btos ar inform\u0101ciju un... <a href=\"https:\/\/www.hydraulic-cylinders.net\/lv\/contact-us\/\">sadarboties ar mums<\/a>!<\/p>","protected":false},"excerpt":{"rendered":"<p>Aerial Work Platform Luffing Cylinder The aerial work platform luffing cylinder is a vital component in aerial work platforms, designed to enhance safety and efficiency in elevated work environments. This innovative hydraulic cylinder provides controlled vertical movement, allowing for precise lifting and lowering of the platform. The aerial work platform luffing cylinder is a crucial [&hellip;]<\/p>","protected":false},"featured_media":1533,"comment_status":"open","ping_status":"closed","template":"","meta":{"_et_pb_use_builder":"","_et_pb_old_content":"","_et_gb_content_width":""},"product_brand":[],"product_cat":[1500,1550],"product_tag":[1380],"class_list":{"0":"post-1531","1":"product","2":"type-product","3":"status-publish","4":"has-post-thumbnail","6":"product_cat-aerial-work-vehicle-hydraulic-cylinder","7":"product_cat-double-acting-hydraulic-cylinder","8":"product_tag-hydraulic-cylinder","10":"first","11":"instock","12":"shipping-taxable","13":"product-type-simple"},"amp_enabled":true,"_links":{"self":[{"href":"https:\/\/www.hydraulic-cylinders.net\/lv\/wp-json\/wp\/v2\/product\/1531","targetHints":{"allow":["GET"]}}],"collection":[{"href":"https:\/\/www.hydraulic-cylinders.net\/lv\/wp-json\/wp\/v2\/product"}],"about":[{"href":"https:\/\/www.hydraulic-cylinders.net\/lv\/wp-json\/wp\/v2\/types\/product"}],"replies":[{"embeddable":true,"href":"https:\/\/www.hydraulic-cylinders.net\/lv\/wp-json\/wp\/v2\/comments?post=1531"}],"wp:featuredmedia":[{"embeddable":true,"href":"https:\/\/www.hydraulic-cylinders.net\/lv\/wp-json\/wp\/v2\/media\/1533"}],"wp:attachment":[{"href":"https:\/\/www.hydraulic-cylinders.net\/lv\/wp-json\/wp\/v2\/media?parent=1531"}],"wp:term":[{"taxonomy":"product_brand","embeddable":true,"href":"https:\/\/www.hydraulic-cylinders.net\/lv\/wp-json\/wp\/v2\/product_brand?post=1531"},{"taxonomy":"product_cat","embeddable":true,"href":"https:\/\/www.hydraulic-cylinders.net\/lv\/wp-json\/wp\/v2\/product_cat?post=1531"},{"taxonomy":"product_tag","embeddable":true,"href":"https:\/\/www.hydraulic-cylinders.net\/lv\/wp-json\/wp\/v2\/product_tag?post=1531"}],"curies":[{"name":"wp","href":"https:\/\/api.w.org\/{rel}","templated":true}]}}