{"id":15312,"date":"2025-01-19T14:22:19","date_gmt":"2025-01-19T14:22:19","guid":{"rendered":"https:\/\/www.hydraulic-cylinders.net\/product\/bucket-cylinder-for-hyundai-middle-excavator-r170lc-5\/"},"modified":"2025-01-19T14:22:21","modified_gmt":"2025-01-19T14:22:21","slug":"bucket-cylinder-for-hyundai-middle-excavator-r170lc-5","status":"publish","type":"product","link":"https:\/\/www.hydraulic-cylinders.net\/lv\/products\/bucket-cylinder-for-hyundai-middle-excavator-r170lc-5\/","title":{"rendered":"Kausa cilindrs Hyundai vid\u0113jam ekskavatoram R170LC-5"},"content":{"rendered":"<h1>Kausa cilindrs Hyundai vid\u0113jam ekskavatoram R170LC-5<\/h1>\n<h2>Ievads<\/h2>\n<p>Kausa cilindrs Hyundai vid\u0113j\u0101 ekskavatora R170LC-5 ir specializ\u0113ts hidrauliskais cilindrs, ko galvenok\u0101rt izmanto, lai kontrol\u0113tu ekskavatora kausu kust\u012bbu smagaj\u0101s ma\u0161\u012bn\u0101s, piem\u0113ram, ekskavatoros, univers\u0101lajos ekskavatoros un front\u0101lajos iekr\u0101v\u0113jos. T\u0101 galven\u0101 funkcija ir nodro\u0161in\u0101t kausa pacel\u0161anu, nolai\u0161anu un noliek\u0161anu, atvieglojot da\u017e\u0101du materi\u0101lu p\u0101rvieto\u0161anas uzdevumu veik\u0161anu. Hidrauliskaj\u0101 sist\u0113m\u0101 kausa cilindrs izmanto hidraulisk\u0101s e\u013c\u013cas spiediena izmai\u0146as, lai pan\u0101ktu prec\u012bzu kausa vad\u012bbu, \u013caujot operatoriem efekt\u012bvi apstr\u0101d\u0101t smagas kravas un piel\u0101goties sare\u017e\u0123\u012btai darba videi un da\u017e\u0101d\u0101m darba pras\u012bb\u0101m.<\/p>\n<p><img decoding=\"async\" src=\"https:\/\/www.hydraulic-cylinders.net\/wp-content\/uploads\/2025\/01\/songte-company-2.webp\"><\/p>\n<h2>Produkta funkcijas<\/h2>\n<ul>\n<li>\n<h3>Augsta iztur\u012bba un ilgm\u016b\u017e\u012bba<\/h3>\n<p>Parasti no augstas stipr\u012bbas t\u0113rauda vai alum\u012bnija izgatavotais kausa cilindrs var iztur\u0113t augstu spiedienu un lielas slodzes, piel\u0101gojoties skarbai darba videi. Konstrukcij\u0101 \u0146emta v\u0113r\u0101 ar\u012b nodilumiztur\u012bba un iztur\u012bba pret koroziju, lai pagarin\u0101tu cilindra kalpo\u0161anas laiku.<\/p>\n<\/li>\n<li>\n<h3>Efekt\u012bva hidraulisk\u0101 darb\u012bba<\/h3>\n<p>Izmantojot hidraulisk\u0101s e\u013c\u013cas spiedienu, lai pan\u0101ktu vienm\u0113r\u012bgu izstiep\u0161anu un ievilk\u0161anu, cilindrs var \u0101tri rea\u0123\u0113t uz komand\u0101m un nodro\u0161in\u0101t sp\u0113c\u012bgu stum\u0161anas un vilk\u0161anas sp\u0113ku, kas ir piem\u0113rots smagu kravu apstr\u0101dei un sare\u017e\u0123\u012btiem darba uzdevumiem.<\/p>\n<\/li>\n<li>\n<h3>Da\u017e\u0101di veidi<\/h3>\n<p>Vienk\u0101r\u0161as vai divpus\u0113jas darb\u012bbas cilindrus var izv\u0113l\u0113ties atbilsto\u0161i vajadz\u012bb\u0101m, lai apmierin\u0101tu da\u017e\u0101das ekspluat\u0101cijas pras\u012bbas. Da\u017ei mode\u013ci ir teleskopiski, kas \u013cauj tos pagarin\u0101t, nepalielinot \u0101r\u0113jos izm\u0113rus, t\u0101p\u0113c tie ir piem\u0113roti lietojumiem ar ierobe\u017eotu vietu.<\/p>\n<\/li>\n<li>\n<h3>Perfekta nomai\u0146a<\/h3>\n<p>M\u016bsu produkts var lieliski aizst\u0101t \u0161os hidrauliskos cilindrus. <\/p>\n<\/li>\n<\/ul>\n<p><img decoding=\"async\" src=\"https:\/\/www.hydraulic-cylinders.net\/wp-content\/uploads\/2025\/01\/songte-cylinder-head-with-all-kinds-excavator-models.webp\"><\/p>\n<h2>Pieteikumi<\/h2>\n<p>Hyundai vid\u0113j\u0101 ekskavatora R170LC-5 kausa cilindru var pla\u0161i izmantot da\u017e\u0101d\u0101s smagaj\u0101s ma\u0161\u012bn\u0101s, tostarp:<\/p>\n<ul>\n<li>\n<h3>Celtniec\u012bbas apr\u012bkojums<\/h3>\n<p>Ekskavatoros tie ir nepiecie\u0161ami rak\u0161anai, iekrau\u0161anai un augsnes vai gru\u017eu p\u0101rvieto\u0161anai. Ekskavatoros ar kausu cilindrs pal\u012bdz gan rak\u0161an\u0101, gan cel\u0161an\u0101. <\/p>\n<\/li>\n<li>\n<h3>Lauksaimniec\u012bbas tehnika<\/h3>\n<p>Cilindru, ko izmanto front\u0101lajos iekr\u0101v\u0113jos augsnes, siena un citu materi\u0101lu apstr\u0101dei, var pacelt un noliekt, lai nodro\u0161in\u0101tu efekt\u012bvu izg\u0101\u0161anu. <\/p>\n<\/li>\n<li>\n<h3>Ekskavatori<\/h3>\n<p>Kausa cilindrs \u013cauj kausam iek\u013c\u016bt augsn\u0113 rak\u0161anas darbu veik\u0161anai. <\/p>\n<\/li>\n<li>\n<h3>Iekr\u0101v\u0113ji<\/h3>\n<p>Front\u0101lajos iekr\u0101v\u0113jos tie pal\u012bdz efekt\u012bvi pacelt un izkraut preces. <\/p>\n<\/li>\n<\/ul>\n<h2>Dizaina apsv\u0113rumi un atlases krit\u0113riji<\/h2>\n<p>Hyundai vid\u0113j\u0101 ekskavatora R170LC-5 kausa cilindrs ir izstr\u0101d\u0101ts, \u0146emot v\u0113r\u0101 da\u017e\u0101dus faktorus, tostarp:<\/p>\n<ul>\n<li>\n<h3>Nestsp\u0113ja<\/h3>\n<p>Balonam j\u0101sp\u0113j iztur\u0113t maksim\u0101lo slodzi, ar kuru tas tiks izmantots. <\/p>\n<\/li>\n<li>\n<h3>Bl\u012bv\u0113juma veiktsp\u0113ja<\/h3>\n<p>Balonam j\u0101b\u016bt ar uzticamu bl\u012bv\u0113juma veiktsp\u0113ju, lai nov\u0113rstu e\u013c\u013cas nopl\u016bdi un nodro\u0161in\u0101tu vienm\u0113r\u012bgu darb\u012bbu. <\/p>\n<\/li>\n<li>\n<h3>Iztur\u012bba<\/h3>\n<p>Balonam j\u0101b\u016bt izgatavotam no augstas kvalit\u0101tes materi\u0101liem ar lielu nodilumiztur\u012bbu un iztur\u012bbu pret koroziju, lai pagarin\u0101tu t\u0101 kalpo\u0161anas laiku. <\/p>\n<\/li>\n<li>\n<h3>Dro\u0161\u012bba<\/h3>\n<p>Balons j\u0101projekt\u0113, \u0146emot v\u0113r\u0101 dro\u0161\u012bbas apsv\u0113rumus, lai nov\u0113rstu negad\u012bjumus, ko izraisa balona atteice. <\/p>\n<\/li>\n<li>\n<h3>Uzturam\u012bba<\/h3>\n<p>Balonam j\u0101b\u016bt viegli kopjamam, lai samazin\u0101tu apkopes izmaksas un d\u012bkst\u0101ves laiku. <\/p>\n<\/li>\n<\/ul>\n<p><img decoding=\"async\" src=\"https:\/\/www.hydraulic-cylinders.net\/wp-content\/uploads\/2025\/01\/songte-oil-pipes-and-spare-parts.webp\"><\/p>\n<h2>Bl\u012bv\u0113\u0161ana un e\u013c\u013co\u0161ana<\/h2>\n<p>Hyundai vid\u0113j\u0101 ekskavatora R170LC-5 kausa cilindram ir izmantoti da\u017e\u0101di bl\u012bv\u0113\u0161anas komponenti, piem\u0113ram, virzu\u013ca bl\u012bvsl\u0113gi \u200b\u200bun stie\u0146a bl\u012bvsl\u0113gi, kas izgatavoti no nodilumiztur\u012bgiem materi\u0101liem, piem\u0113ram, poliuret\u0101na un nitrila gumijas. Cilindra korpuss, virzulis un stie\u0146a virsma ir ar\u012b smalki apstr\u0101d\u0101ti, lai uzlabotu nodilumiztur\u012bbu. Lai nodro\u0161in\u0101tu vienm\u0113r\u012bgu darb\u012bbu, ir nepiecie\u0161ama regul\u0101ra e\u013c\u013co\u0161ana ar atbilsto\u0161u hidraulisko e\u013c\u013cu. <\/p>\n<h2>Regul\u0101ra p\u0101rbaude un profilaktisk\u0101 apkope<\/h2>\n<p>Regul\u0101ra p\u0101rbaude un profilaktisk\u0101 apkope ir svar\u012bga, lai nodro\u0161in\u0101tu Hyundai vid\u0113j\u0101 ekskavatora R170LC-5 kausa cilindra dro\u0161u un efekt\u012bvu darb\u012bbu. Da\u017ei profilaktisk\u0101s apkopes pas\u0101kumi ietver:<\/p>\n<ul>\n<li>Regul\u0101ra e\u013c\u013co\u0161ana<\/li>\n<li>Bl\u012bv\u0113juma nomai\u0146a<\/li>\n<li>Kalibr\u0113\u0161anas p\u0101rbaude<\/li>\n<\/ul>\n<h2>Produkta uzst\u0101d\u012b\u0161anas rokasgr\u0101mata<\/h2>\n<p>Pareiza uzst\u0101d\u012b\u0161ana ir b\u016btiska Hyundai vid\u0113j\u0101 ekskavatora R170LC-5 kausa cilindra dro\u0161ai un efekt\u012bvai darb\u012bbai. Turpm\u0101k nor\u0101d\u012bt\u0101s darb\u012bbas sniedz nor\u0101d\u012bjumus par pareizu uzst\u0101d\u012b\u0161anu:<\/p>\n<ol>\n<li>Novietojiet cilindru ar mont\u0101\u017eas virsmu.<\/li>\n<li>Cilindra nostiprin\u0101\u0161anai izmantojiet atbilsto\u0161us stiprin\u0101juma kron\u0161teinus.<\/li>\n<li>Pievienojiet hidraulisk\u0101s \u0161\u013c\u016btenes cilindram.<\/li>\n<li>P\u0101rliecinieties, ka \u0161\u013c\u016btenes nav sav\u012btas vai saloc\u012btas.<\/li>\n<li>Pirms darba izskalojiet hidraulisko sist\u0113mu.<\/li>\n<\/ol>\n<p>Tiek uzsv\u0113rta pareizas uzst\u0101d\u012b\u0161anas, e\u013c\u013co\u0161anas un regul\u0113\u0161anas noz\u012bme, lai uzlabotu cilindra kalpo\u0161anas laiku un veiktsp\u0113ju. Lai nodro\u0161in\u0101tu vislab\u0101kos rezult\u0101tus, iesak\u0101m izmantot atbilsto\u0161us uzst\u0101d\u012b\u0161anas instrumentus un iev\u0113rot ieteicam\u0101s p\u0101rbaudes, remonta un nomai\u0146as proced\u016bras. <\/p>\n<p><img decoding=\"async\" src=\"https:\/\/www.hydraulic-cylinders.net\/wp-content\/uploads\/2025\/01\/songte-chushion-collar.webp\"><\/p>\n<h2>Dro\u0161\u012bbas apsv\u0113rumi un vides faktori<\/h2>\n<p>Str\u0101d\u0101jot ar kausa cilindru Hyundai vid\u0113j\u0101 ekskavatora R170LC-5 vid\u0113jam izm\u0113ram, ir svar\u012bgi iev\u0113rot dro\u0161\u012bbas pas\u0101kumus. Lai nov\u0113rstu negad\u012bjumus, cilindrs j\u0101darbina atbilsto\u0161i noteiktajiem parametriem. Darbinot cilindru, j\u0101\u0146em v\u0113r\u0101 ar\u012b t\u0101di vides faktori k\u0101 temperat\u016bra un mitrums.<\/p>\n<h2>Probl\u0113mu nov\u0113r\u0161ana un bie\u017ei sastopamas probl\u0113mas<\/h2>\n<p>\u0160\u012bs ir bie\u017ei sastopamas probl\u0113mas, ar kur\u0101m var saskarties, lietojot kausa cilindru Hyundai vid\u0113j\u0101 ekskavatora R170LC-5:<\/p>\n<ul>\n<li>E\u013c\u013cas nopl\u016bde<\/li>\n<li>L\u0113na darb\u012bba<\/li>\n<li>Neregul\u0101ra darb\u012bba<\/li>\n<li>Troksnis<\/li>\n<\/ul>\n<p>Lai atrisin\u0101tu \u0161\u012bs probl\u0113mas, j\u0101veic atbilsto\u0161i probl\u0113mu nov\u0113r\u0161anas pas\u0101kumi. Piem\u0113ram, e\u013c\u013cas nopl\u016bdi var izrais\u012bt boj\u0101ti bl\u012bv\u0113jumi vai va\u013c\u012bgi savienojumi. L\u0113na darb\u012bba var b\u016bt saist\u012bta ar zemu hidraulisk\u0101s e\u013c\u013cas spiedienu. Neregul\u0101ru darb\u012bbu var izrais\u012bt nepareizi funkcion\u0113jo\u0161s v\u0101rsts vai cilindrs. Troksni var izrais\u012bt hidrauliskaj\u0101 sist\u0113m\u0101 iesprostots gaiss. Regul\u0101ra p\u0101rbaude un profilaktisk\u0101 apkope var pal\u012bdz\u0113t nov\u0113rst \u0161o probl\u0113mu ra\u0161anos.<\/p>\n<p><img decoding=\"async\" src=\"https:\/\/www.hydraulic-cylinders.net\/wp-content\/uploads\/2025\/01\/songte-bushings-with-all-kinds-of-excavator-models.webp\"><\/p>\n<h2>Par m\u016bsu uz\u0146\u0113mumu<\/h2>\n<p>M\u0113s esam rezerves hidraulisko cilindru ra\u017eot\u0101js, kas pied\u0101v\u0101 pilnu produktu kl\u0101stu. Esam k\u013cuvu\u0161i par vienu no vado\u0161ajiem hidraulisko cilindru ra\u017eot\u0101jiem un vairumtirgot\u0101jiem viet\u0113j\u0101 un starptautiskaj\u0101 tirg\u016b. M\u0113s iev\u0113rojam izcilas kvalit\u0101tes strat\u0113\u0123iju, pa\u013caujoties uz smalku ra\u017eo\u0161anas darbn\u012bcu industrializ\u0113tu ra\u017eo\u0161anas vad\u012bbu. M\u0113s past\u0101v\u012bgi uzlabojam darbn\u012bcas ra\u017eo\u0161anas platformu, uzlabojam produkta ra\u017eo\u0161anas kvalit\u0101ti un mums ir sp\u0113c\u012bgas rado\u0161\u0101s sp\u0113jas. M\u016bsu principi ir augsta efektivit\u0101te, augsta precizit\u0101te un augsta kvalit\u0101te, lai apmierin\u0101tu da\u017e\u0101das klientu vajadz\u012bbas.<\/p>\n<p>M\u0113s esam ap\u0146\u0113mu\u0161ies nodro\u0161in\u0101t profesion\u0101lus, starptautiski sertific\u0113tus, piel\u0101gotus pakalpojumus, k\u0101 ar\u012b modernu ra\u017eo\u0161anas apr\u012bkojumu un izcilu p\u0113cp\u0101rdo\u0161anas apkalpo\u0161anu. M\u016bsu uz\u0146\u0113mums turpina augt un att\u012bst\u012bties, un m\u0113s esam p\u0101rliecin\u0101ti, ka varam nodro\u0161in\u0101t saviem klientiem kvalitat\u012bvus produktus un pakalpojumus.<\/p>\n<p><img decoding=\"async\" src=\"https:\/\/hzpt.com\/wp-content\/uploads\/2024\/11\/songte-company-1.webp\"><\/p>\n<p>Autors: lil<\/p>","protected":false},"excerpt":{"rendered":"<p>Bucket Cylinder For Hyundai Middle Excavator R170LC-5 Introduction The Bucket Cylinder for Hyundai Middle Excavator R170LC-5 is a specialized hydraulic cylinder primarily used to control the motion of excavator buckets in heavy machinery such as excavators, backhoe excavators, and front-end loaders. Its main function is to enable the bucket to lift, lower, and tilt, making [&hellip;]<\/p>","protected":false},"featured_media":14789,"comment_status":"open","ping_status":"closed","template":"","meta":{"_et_pb_use_builder":"","_et_pb_old_content":"","_et_gb_content_width":""},"product_brand":[],"product_cat":[1494],"product_tag":[1495,1496],"class_list":{"0":"post-15312","1":"product","2":"type-product","3":"status-publish","4":"has-post-thumbnail","6":"product_cat-bucket-cylinders","7":"product_tag-bucket-cylinders","8":"product_tag-hydraulic-cylinders","10":"first","11":"instock","12":"shipping-taxable","13":"product-type-simple"},"amp_enabled":true,"_links":{"self":[{"href":"https:\/\/www.hydraulic-cylinders.net\/lv\/wp-json\/wp\/v2\/product\/15312","targetHints":{"allow":["GET"]}}],"collection":[{"href":"https:\/\/www.hydraulic-cylinders.net\/lv\/wp-json\/wp\/v2\/product"}],"about":[{"href":"https:\/\/www.hydraulic-cylinders.net\/lv\/wp-json\/wp\/v2\/types\/product"}],"replies":[{"embeddable":true,"href":"https:\/\/www.hydraulic-cylinders.net\/lv\/wp-json\/wp\/v2\/comments?post=15312"}],"wp:featuredmedia":[{"embeddable":true,"href":"https:\/\/www.hydraulic-cylinders.net\/lv\/wp-json\/wp\/v2\/media\/14789"}],"wp:attachment":[{"href":"https:\/\/www.hydraulic-cylinders.net\/lv\/wp-json\/wp\/v2\/media?parent=15312"}],"wp:term":[{"taxonomy":"product_brand","embeddable":true,"href":"https:\/\/www.hydraulic-cylinders.net\/lv\/wp-json\/wp\/v2\/product_brand?post=15312"},{"taxonomy":"product_cat","embeddable":true,"href":"https:\/\/www.hydraulic-cylinders.net\/lv\/wp-json\/wp\/v2\/product_cat?post=15312"},{"taxonomy":"product_tag","embeddable":true,"href":"https:\/\/www.hydraulic-cylinders.net\/lv\/wp-json\/wp\/v2\/product_tag?post=15312"}],"curies":[{"name":"wp","href":"https:\/\/api.w.org\/{rel}","templated":true}]}}