{"id":15316,"date":"2025-01-19T14:22:36","date_gmt":"2025-01-19T14:22:36","guid":{"rendered":"https:\/\/www.hydraulic-cylinders.net\/product\/bucket-cylinder-for-hyundai-middle-excavator-r225lc-7-7x-9\/"},"modified":"2025-01-19T14:22:38","modified_gmt":"2025-01-19T14:22:38","slug":"bucket-cylinder-for-hyundai-middle-excavator-r225lc-7-7x-9","status":"publish","type":"product","link":"https:\/\/www.hydraulic-cylinders.net\/lv\/products\/bucket-cylinder-for-hyundai-middle-excavator-r225lc-7-7x-9\/","title":{"rendered":"Kausa cilindrs Hyundai vid\u0113ja izm\u0113ra ekskavatoram R225LC-7-7X-9"},"content":{"rendered":"<h1>Kausa cilindrs Hyundai vid\u0113ja izm\u0113ra ekskavatoram R225LC-7-7X-9<\/h1>\n<h2>Ievads<\/h2>\n<p>Kausa cilindrs Hyundai vid\u0113j\u0101 ekskavatora R225LC-7-7X-9 ir \u012bpa\u0161i izstr\u0101d\u0101ts hidrauliskais cilindrs, ko izmanto, lai kontrol\u0113tu kausa kust\u012bbu smagaj\u0101s ma\u0161\u012bn\u0101s, piem\u0113ram, ekskavatoros, ekskavatoros-iekr\u0101v\u0113jos un front\u0101lajos iekr\u0101v\u0113jos. T\u0101 galven\u0101 funkcija ir nodro\u0161in\u0101t kausa pacel\u0161anu, nolai\u0161anu un noliek\u0161anu, atvieglojot da\u017e\u0101dus materi\u0101lu apstr\u0101des uzdevumus. Hidrauliskaj\u0101 sist\u0113m\u0101 kausa cilindrs pan\u0101k prec\u012bzu kausa vad\u012bbu, izmantojot hidraulisk\u0101s e\u013c\u013cas spiediena izmai\u0146as, \u013caujot operatoriem efekt\u012bvi apstr\u0101d\u0101t smagas kravas un piel\u0101goties sare\u017e\u0123\u012btai darba videi un da\u017e\u0101d\u0101m ekspluat\u0101cijas vajadz\u012bb\u0101m.<\/p>\n<p><img decoding=\"async\" src=\"https:\/\/www.hydraulic-cylinders.net\/wp-content\/uploads\/2025\/01\/songte-company-2.webp\" \/><\/p>\n<h2>Funkcijas<\/h2>\n<ul>\n<li><strong>Augsta iztur\u012bba un ilgm\u016b\u017e\u012bba:<\/strong> Parasti no augstas stipr\u012bbas t\u0113rauda vai alum\u012bnija izgatavotais kausa cilindrs sp\u0113j iztur\u0113t augstu spiedienu un lielas slodzes, piel\u0101gojoties skarbajiem darba apst\u0101k\u013ciem. T\u0101 konstrukcija \u0146em v\u0113r\u0101 nodilumiztur\u012bbu un iztur\u012bbu pret koroziju, pagarinot t\u0101 kalpo\u0161anas laiku.<\/li>\n<li><strong>Efekt\u012bva hidraulisk\u0101 darb\u012bba:<\/strong> Izmantojot hidraulisk\u0101s e\u013c\u013cas spiedienu, kausa cilindrs pan\u0101k vienm\u0113r\u012bgu izstiep\u0161anu un ievilk\u0161anu, nodro\u0161inot \u0101tru rea\u0123\u0113\u0161anu uz vad\u012bbas komand\u0101m un jaud\u012bgu stum\u0161anas un vilk\u0161anas sp\u0113ku, kas ir piem\u0113rots smagu kravu apstr\u0101dei un sare\u017e\u0123\u012btu ekspluat\u0101cijas uzdevumu veik\u0161anai.<\/li>\n<li><strong>Veidu daudzpus\u012bba:<\/strong> Kausa cilindrs ir pieejams da\u017e\u0101dos veidos, lai atbilstu da\u017e\u0101d\u0101m ekspluat\u0101cijas pras\u012bb\u0101m. To var izv\u0113l\u0113ties k\u0101 vienvirziena darb\u012bbas (hidrauliskais spiediens tiek izmantots tikai vien\u0101 virzien\u0101) vai divk\u0101r\u0161as darb\u012bbas (hidrauliskais spiediens tiek izmantots abos virzienos). Da\u017ei mode\u013ci ir teleskopiski, kas \u013cauj veikt liel\u0101ku pagarin\u0101jumu, nepalielinot \u0101r\u0113jos izm\u0113rus, padarot tos piem\u0113rotus lietojumiem ar ierobe\u017eotu telpu.<\/li>\n<li><strong>Perfekta nomai\u0146a:<\/strong> M\u016bsu produkti var lieliski aizst\u0101t \u0161os hidrauliskos cilindrus.<\/li>\n<\/ul>\n<p><img decoding=\"async\" src=\"https:\/\/www.hydraulic-cylinders.net\/wp-content\/uploads\/2025\/01\/songte-cylinder-head-with-all-kinds-excavator-models.webp\" \/><\/p>\n<h2>Pieteikumi<\/h2>\n<p>Kausa cilindrs tiek izmantots da\u017e\u0101d\u0101s iek\u0101rt\u0101s:<\/p>\n<h3>Celtniec\u012bbas apr\u012bkojums<\/h3>\n<p>Tas ir vit\u0101li svar\u012bgi ekskavatoros, jo tie ir nepiecie\u0161ami augsnes vai gru\u017eu rak\u0161anai, iekrau\u0161anai un p\u0101rvieto\u0161anai. Ekskavatoros-iekr\u0101v\u0113jos kausa cilindrs pal\u012bdz gan rak\u0161anas, gan cel\u0161anas darbos.<\/p>\n<h3>Lauksaimniec\u012bbas tehnika<\/h3>\n<p>Izmanto front\u0101lajos iekr\u0101v\u0113jos augsnes, siena un citu materi\u0101lu sav\u0101k\u0161anai, cel\u0161anai un transport\u0113\u0161anai.<\/p>\n<h3>Ekskavatori<\/h3>\n<p>Kausa cilindrs nodro\u0161ina rak\u0161anas darb\u012bbas, \u013caujot kausam iek\u013c\u016bt augsn\u0113.<\/p>\n<h3>Iekr\u0101v\u0113ji<\/h3>\n<p>Front\u0101lajos iekr\u0101v\u0113jos tie pal\u012bdz efekt\u012bvi pacelt un izkraut preces.<\/p>\n<p><img decoding=\"async\" src=\"https:\/\/www.hydraulic-cylinders.net\/wp-content\/uploads\/2025\/01\/songte-oil-pipes-and-spare-parts.webp\" \/><\/p>\n<h2>Dizaina apsv\u0113rumi un atlases krit\u0113riji<\/h2>\n<ul>\n<li><strong>Nestsp\u0113ja:<\/strong> Balona konstrukcija \u0146em v\u0113r\u0101 t\u0101 sp\u0113ju iztur\u0113t noteikto slodzi.<\/li>\n<li><strong>Bl\u012bv\u0113jums:<\/strong> Lai nodro\u0161in\u0101tu efekt\u012bvu bl\u012bv\u0113\u0161anu, tiek izmantoti da\u017e\u0101di bl\u012bv\u0113\u0161anas komponenti, piem\u0113ram, virzu\u013ca bl\u012bvsl\u0113gi \u200b\u200bun stie\u0146u bl\u012bvsl\u0113gi, kas izgatavoti no nodilumiztur\u012bgiem materi\u0101liem, piem\u0113ram, poliuret\u0101na un nitrila gumijas. Cilindra korpuss un v\u012bt\u0146otie gali tiek r\u016bp\u012bgi apstr\u0101d\u0101ti, lai uzlabotu nodilumiztur\u012bbu.<\/li>\n<li><strong>Iztur\u012bba:<\/strong> Dizains ietver iztur\u012bbu, lai iztur\u0113tu paredz\u0113tos darba apst\u0101k\u013cus un saglab\u0101tu veiktsp\u0113ju laika gait\u0101.<\/li>\n<li><strong>Dro\u0161\u012bba:<\/strong> Lai nodro\u0161in\u0101tu cilindra dro\u0161u darb\u012bbu, tiek \u0146emti v\u0113r\u0101 dro\u0161\u012bbas aspekti.<\/li>\n<li><strong>Uzturam\u012bba:<\/strong> Tiek \u0146emta v\u0113r\u0101 apkopes vienk\u0101r\u0161\u012bba, tostarp piek\u013cuve komponentiem un iesp\u0113ja veikt remontu.<\/li>\n<\/ul>\n<p><img decoding=\"async\" src=\"https:\/\/www.hydraulic-cylinders.net\/wp-content\/uploads\/2025\/01\/songte-chushion-collar.webp\" \/><\/p>\n<h2>Bl\u012bv\u0113\u0161ana un e\u013c\u013co\u0161ana<\/h2>\n<p>Kausa cilindram tiek izmantoti da\u017e\u0101di bl\u012bv\u0113jumi, piem\u0113ram, virzu\u013ca bl\u012bv\u0113jumi un stie\u0146a bl\u012bv\u0113jumi, kas izgatavoti no nodilumiztur\u012bgiem materi\u0101liem, piem\u0113ram, poliuret\u0101na un nitrila gumijas. Cilindra korpuss un v\u012bt\u0146otie gali tiek r\u016bp\u012bgi apstr\u0101d\u0101ti, lai uzlabotu nodilumiztur\u012bbu. Lai nodro\u0161in\u0101tu vienm\u0113r\u012bgu darb\u012bbu, ir nepiecie\u0161ama regul\u0101ra e\u013c\u013co\u0161ana ar atbilsto\u0161u hidraulisk\u0101s e\u013c\u013cas daudzumu.<\/p>\n<h2>Regul\u0101ra p\u0101rbaude un profilaktisk\u0101 apkope<\/h2>\n<ul>\n<li>Regul\u0101ri p\u0101rbaudiet cilindru, vai nav nopl\u016b\u017eu, boj\u0101jumu vai nodiluma paz\u012bmju.<\/li>\n<li>Nodro\u0161iniet pareizu e\u013c\u013co\u0161anu saska\u0146\u0101 ar ra\u017eot\u0101ja nor\u0101d\u012bjumiem.<\/li>\n<li>Periodiski p\u0101rbaudiet un nomainiet bl\u012bves, lai saglab\u0101tu to efektivit\u0101ti.<\/li>\n<li>Veiciet kalibr\u0113\u0161anas p\u0101rbaudes, lai p\u0101rliecin\u0101tos, ka cilindrs darbojas prec\u012bzi.<\/li>\n<\/ul>\n<p><img decoding=\"async\" src=\"https:\/\/www.hydraulic-cylinders.net\/wp-content\/uploads\/2025\/01\/songte-bushings-with-all-kinds-of-excavator-models.webp\" \/><\/p>\n<h2>Dro\u0161\u012bbas apsv\u0113rumi un vides faktori<\/h2>\n<p>Izmantojot kausa cilindru, ir svar\u012bgi iev\u0113rot dro\u0161\u012bbas pas\u0101kumus, lai nov\u0113rstu negad\u012bjumus un nodro\u0161in\u0101tu dro\u0161u darba vidi.<\/p>\n<h2>Probl\u0113mu nov\u0113r\u0161ana un bie\u017ei sastopamas probl\u0113mas<\/h2>\n<p>Bie\u017ei sastopamas probl\u0113mas ar kausu cilindriem var b\u016bt nopl\u016bde, l\u0113na darb\u012bba vai nevienm\u0113r\u012bga kust\u012bba. Lai risin\u0101tu \u0161\u012bs probl\u0113mas:<\/p>\n<ul>\n<li>P\u0101rbaudiet, vai nav nopl\u016b\u017eu paz\u012bmju, un nekav\u0113joties nov\u0113rsiet t\u0101s.<\/li>\n<li>P\u0101rliecinieties, vai hidrauliskaj\u0101 sist\u0113m\u0101 ir pareizs spiediens un \u0161\u0137idruma l\u012bmenis.<\/li>\n<li>P\u0101rbaudiet un not\u012briet cilindra deta\u013cas, vai taj\u0101s nav aizsprostojumu vai gru\u017eu.<\/li>\n<li>Ja nepiecie\u0161ams, mekl\u0113jiet profesion\u0101lu pal\u012bdz\u012bbu remontam vai nomai\u0146ai.<\/li>\n<\/ul>\n<p><img decoding=\"async\" src=\"https:\/\/www.hydraulic-cylinders.net\/wp-content\/uploads\/2025\/01\/songte-company-1.webp\" \/><\/p>\n<h2>Apkopes uzdevumi<\/h2>\n<p>Kausa cilindru bie\u017ei veicamie apkopes darbi ietver regul\u0101ru p\u0101rbaudi, atbilsto\u0161u e\u013c\u013co\u0161anu, bl\u012bvju nomai\u0146u un kalibr\u0113\u0161anas p\u0101rbaudes. Pareiza uzst\u0101d\u012b\u0161ana, e\u013c\u013co\u0161ana un regul\u0113\u0161ana ir b\u016btiska. Uzst\u0101d\u012b\u0161anas laik\u0101 sniedziet pareizas cilindra izl\u012bdzin\u0101\u0161anas vadl\u012bnijas un iesakiet izmantot piem\u0113rotus stiprin\u0101juma kron\u0161teinus cilindra nostiprin\u0101\u0161anai. Pied\u0101v\u0101jiet ieteicam\u0101s p\u0101rbaudes, remonta un nomai\u0146as proced\u016bras, k\u0101 ar\u012b padomus, k\u0101 pagarin\u0101t kausa cilindra kalpo\u0161anas laiku.<\/p>\n<p><img decoding=\"async\" src=\"https:\/\/www.hydraulic-cylinders.net\/wp-content\/uploads\/2025\/01\/songte-company-3.webp\" \/><\/p>\n<h2>Par m\u016bsu uz\u0146\u0113mumu<\/h2>\n<p>M\u0113s esam rezerves hidraulisko cilindru ra\u017eot\u0101js, pied\u0101v\u0101jot pla\u0161u produktu kl\u0101stu. M\u0113s esam viens no vado\u0161ajiem hidraulisko cilindru ra\u017eot\u0101jiem un vairumtirdzniec\u012bbas izplat\u012bt\u0101jiem gan viet\u0113j\u0101, gan starptautiskaj\u0101 tirg\u016b. Koncentr\u0113joties uz izcilu kvalit\u0101ti, m\u0113s sav\u0101 pilnveidotaj\u0101 ra\u017eo\u0161anas darbn\u012bc\u0101 pa\u013caujamies uz r\u016bpniecisk\u0101s ra\u017eo\u0161anas vad\u012bbas strat\u0113\u0123ij\u0101m. M\u016bsu uz\u0146\u0113mums nep\u0101rtraukti uzlabo m\u016bsu darbn\u012bcas ra\u017eo\u0161anas platformu, ieguldot tehniskajos talantos, augstas klases digit\u0101l\u0101s ra\u017eo\u0161anas iek\u0101rt\u0101s un profesion\u0101l\u0101s test\u0113\u0161anas sist\u0113m\u0101s. Mums ir sp\u0113c\u012bgas inovat\u012bvas sp\u0113jas un m\u0113s cen\u0161amies apmierin\u0101t da\u017e\u0101das klientu vajadz\u012bbas, iev\u0113rojot augstas efektivit\u0101tes, augstas precizit\u0101tes un augstas kvalit\u0101tes principus.<\/p>\n<p>M\u016bsu uz\u0146\u0113mums ir paz\u012bstams ar:<\/p>\n<ul>\n<li>Profesionalit\u0101te<\/li>\n<li>Starptautisk\u0101s sertifik\u0101cijas<\/li>\n<li>Piel\u0101go\u0161anas pakalpojumi<\/li>\n<li>Ra\u017eo\u0161anas iek\u0101rtas<\/li>\n<li>P\u0113cp\u0101rdo\u0161anas serviss<\/li>\n<\/ul>\n<p>Lai ieg\u016btu pla\u0161\u0101ku inform\u0101ciju, l\u016bdzu, skatiet t\u0101l\u0101k redzamo att\u0113lu:<\/p>\n<p><img decoding=\"async\" src=\"https:\/\/www.hydraulic-cylinders.net\/wp-content\/uploads\/2025\/01\/songte-company-3.webp\" \/><\/p>\n<p>Autors: LYL<\/p>","protected":false},"excerpt":{"rendered":"<p>Bucket Cylinder For Hyundai Middle Excavator R225LC-7-7X-9 Introduction The Bucket Cylinder for Hyundai Middle Excavator R225LC-7-7X-9 is a specially designed hydraulic cylinder used to control the movement of the bucket in heavy machinery such as excavators, backhoe loaders, and front loaders. Its main function is to enable the lifting, lowering, and tilting of the bucket, [&hellip;]<\/p>","protected":false},"featured_media":14784,"comment_status":"open","ping_status":"closed","template":"","meta":{"_et_pb_use_builder":"","_et_pb_old_content":"","_et_gb_content_width":""},"product_brand":[],"product_cat":[1494],"product_tag":[1495,1496],"class_list":{"0":"post-15316","1":"product","2":"type-product","3":"status-publish","4":"has-post-thumbnail","6":"product_cat-bucket-cylinders","7":"product_tag-bucket-cylinders","8":"product_tag-hydraulic-cylinders","10":"first","11":"instock","12":"shipping-taxable","13":"product-type-simple"},"amp_enabled":true,"_links":{"self":[{"href":"https:\/\/www.hydraulic-cylinders.net\/lv\/wp-json\/wp\/v2\/product\/15316","targetHints":{"allow":["GET"]}}],"collection":[{"href":"https:\/\/www.hydraulic-cylinders.net\/lv\/wp-json\/wp\/v2\/product"}],"about":[{"href":"https:\/\/www.hydraulic-cylinders.net\/lv\/wp-json\/wp\/v2\/types\/product"}],"replies":[{"embeddable":true,"href":"https:\/\/www.hydraulic-cylinders.net\/lv\/wp-json\/wp\/v2\/comments?post=15316"}],"wp:featuredmedia":[{"embeddable":true,"href":"https:\/\/www.hydraulic-cylinders.net\/lv\/wp-json\/wp\/v2\/media\/14784"}],"wp:attachment":[{"href":"https:\/\/www.hydraulic-cylinders.net\/lv\/wp-json\/wp\/v2\/media?parent=15316"}],"wp:term":[{"taxonomy":"product_brand","embeddable":true,"href":"https:\/\/www.hydraulic-cylinders.net\/lv\/wp-json\/wp\/v2\/product_brand?post=15316"},{"taxonomy":"product_cat","embeddable":true,"href":"https:\/\/www.hydraulic-cylinders.net\/lv\/wp-json\/wp\/v2\/product_cat?post=15316"},{"taxonomy":"product_tag","embeddable":true,"href":"https:\/\/www.hydraulic-cylinders.net\/lv\/wp-json\/wp\/v2\/product_tag?post=15316"}],"curies":[{"name":"wp","href":"https:\/\/api.w.org\/{rel}","templated":true}]}}