{"id":15321,"date":"2025-01-19T14:22:56","date_gmt":"2025-01-19T14:22:56","guid":{"rendered":"https:\/\/www.hydraulic-cylinders.net\/product\/bucket-cylinder-for-hyundai-middle-excavator-r260lc-7\/"},"modified":"2025-01-19T14:22:58","modified_gmt":"2025-01-19T14:22:58","slug":"bucket-cylinder-for-hyundai-middle-excavator-r260lc-7","status":"publish","type":"product","link":"https:\/\/www.hydraulic-cylinders.net\/lv\/products\/bucket-cylinder-for-hyundai-middle-excavator-r260lc-7\/","title":{"rendered":"Kausa cilindrs Hyundai vid\u0113ja izm\u0113ra ekskavatoram R260LC-7"},"content":{"rendered":"<h1>Kausa cilindrs Hyundai vid\u0113ja izm\u0113ra ekskavatoram R260LC-7<\/h1>\n<h2>Ievads<\/h2>\n<h3>Defin\u012bcija<\/h3>\n<p>Kausa cilindrs ir speci\u0101li izstr\u0101d\u0101ts hidrauliskais cilindrs, ko galvenok\u0101rt izmanto, lai kontrol\u0113tu kausa kust\u012bbu smagaj\u0101s ma\u0161\u012bn\u0101s, piem\u0113ram, ekskavatoros, univers\u0101lajos iekr\u0101v\u0113jos un front\u0101lajos iekr\u0101v\u0113jos. T\u0101 galven\u0101 funkcija ir \u013caut pacelt, nolaist un noliekt kausu, t\u0101d\u0113j\u0101di atvieglojot da\u017e\u0101du materi\u0101lu apstr\u0101des uzdevumu veik\u0161anu. Hidrauliskaj\u0101 sist\u0113m\u0101 kausa cilindrs pan\u0101k prec\u012bzu kausa kontroli, mainot hidraulisk\u0101s e\u013c\u013cas spiedienu, \u013caujot operatoriem efekt\u012bvi apstr\u0101d\u0101t smagas kravas, piel\u0101goties sare\u017e\u0123\u012btai darba videi un da\u017e\u0101d\u0101m ekspluat\u0101cijas pras\u012bb\u0101m.<\/p>\n<p><img decoding=\"async\" src=\"https:\/\/www.hydraulic-cylinders.net\/wp-content\/uploads\/2025\/01\/songte-company-2.webp\" alt=\"Kausa cilindra att\u0113ls\"><\/p>\n<h3>Funkcijas<\/h3>\n<ul>\n<li>Augsta iztur\u012bba un ilgm\u016b\u017e\u012bba: Parasti izgatavots no augstas stipr\u012bbas t\u0113rauda vai alum\u012bnija, kas var iztur\u0113t augstu spiedienu un lielas slodzes, piel\u0101gojams skarbai darba videi. Izstr\u0101d\u0101ts, \u0146emot v\u0113r\u0101 nodilumiztur\u012bbu un korozijas iztur\u012bbu, pagarinot kalpo\u0161anas laiku.<\/li>\n<li>Efekt\u012bva hidraulisk\u0101 darb\u012bba: Vienm\u0113r\u012bga izstiep\u0161ana un ievilk\u0161ana tiek pan\u0101kta, izmantojot hidraulisk\u0101s e\u013c\u013cas spiedienu, kas \u013cauj \u0101tri rea\u0123\u0113t uz vad\u012bbas komand\u0101m un nodro\u0161ina sp\u0113c\u012bgus stum\u0161anas un vilk\u0161anas sp\u0113kus, kas ir piem\u0113roti smagu kravu apstr\u0101dei un sare\u017e\u0123\u012btu ekspluat\u0101cijas uzdevumu veik\u0161anai.<\/li>\n<li>Da\u017e\u0101di veidi: Cilindru var izv\u0113l\u0113ties k\u0101 vienvirziena darb\u012bbas (hidrauliski tiek izmantota tikai vien\u0101 virzien\u0101) vai divk\u0101r\u0161as darb\u012bbas (hidrauliski tiek izmantota abos virzienos) atbilsto\u0161i pras\u012bb\u0101m, lai apmierin\u0101tu da\u017e\u0101das ekspluat\u0101cijas vajadz\u012bbas. Da\u017ei mode\u013ci ir teleskopiski, kas \u013cauj pan\u0101kt liel\u0101ku pagarin\u0101jumu, nepalielinot \u0101r\u0113jos izm\u0113rus, un ir piem\u0113roti lieto\u0161anai ierobe\u017eot\u0101 telp\u0101.<\/li>\n<li>Nomain\u0101ms: m\u016bsu produkts var lieliski aizst\u0101t \u0161os hidrauliskos cilindrus.<\/li>\n<\/ul>\n<p><img decoding=\"async\" src=\"https:\/\/www.hydraulic-cylinders.net\/wp-content\/uploads\/2025\/01\/songte-cylinder-head-with-all-kinds-excavator-models.webp\" alt=\"Nomain\u0101ma cilindra att\u0113ls\"><\/p>\n<h2>Pieteikumi<\/h2>\n<p>Kausa cilindri tiek izmantoti da\u017e\u0101d\u0101s nozar\u0113s un pielietojumos, tostarp:<\/p>\n<h3>Celtniec\u012bbas apr\u012bkojums<\/h3>\n<p>Ekskavatoros tie ir kritiski svar\u012bgi augsnes vai gru\u017eu rak\u0161anai, iekrau\u0161anai un p\u0101rvieto\u0161anai. Ekskavatoros kausa cilindrs pal\u012bdz rak\u0161anas un cel\u0161anas darbos. Front\u0101lajos iekr\u0101v\u0113jos tie pal\u012bdz efekt\u012bvi pacelt un noliekt preces.<\/p>\n<h3>Lauksaimniec\u012bbas tehnika<\/h3>\n<p>Izmanto front\u0101lajos iekr\u0101v\u0113jos augsnes, siena un citu materi\u0101lu sav\u0101k\u0161anai, cel\u0161anai un transport\u0113\u0161anai.<\/p>\n<h3>Ekskavatori<\/h3>\n<p>Kausa cilindrs \u013cauj veikt izrakumus, \u013caujot kausam iek\u013c\u016bt augsn\u0113.<\/p>\n<h3>Iekr\u0101v\u0113ji<\/h3>\n<p>Front\u0101lajos iekr\u0101v\u0113jos tie pal\u012bdz efekt\u012bvi pacelt un noliekt preces.<\/p>\n<h2>Dizaina apsv\u0113rumi un atlases krit\u0113riji<\/h2>\n<p>Galvenie apsv\u0113rumi kausu cilindru projekt\u0113\u0161an\u0101 ir \u0161\u0101di:<\/p>\n<ul>\n<li>Nestsp\u0113ja: Balonam j\u0101sp\u0113j iztur\u0113t augstu spiedienu un lielas slodzes.<\/li>\n<li>Bl\u012bv\u0113juma \u012bpa\u0161\u012bba: Cilindram j\u0101b\u016bt ar labu bl\u012bv\u0113juma \u012bpa\u0161\u012bbu, lai nov\u0113rstu hidraulisk\u0101s e\u013c\u013cas nopl\u016bdi.<\/li>\n<li>Iztur\u012bba: Lai nodro\u0161in\u0101tu ilgu kalpo\u0161anas laiku, cilindram j\u0101b\u016bt nodilumiztur\u012bgam un korozijiztur\u012bgam.<\/li>\n<li>Dro\u0161\u012bba: Balonam j\u0101b\u016bt konstru\u0113tam, \u0146emot v\u0113r\u0101 dro\u0161\u012bbu, un tam j\u0101nodro\u0161ina uzticama un dro\u0161a darb\u012bba.<\/li>\n<li>Uzturam\u012bba: Balonam j\u0101b\u016bt viegli kopjamam un remont\u0113jamam ilgsto\u0161ai lieto\u0161anai.<\/li>\n<\/ul>\n<p><img decoding=\"async\" src=\"https:\/\/www.hydraulic-cylinders.net\/wp-content\/uploads\/2025\/01\/songte-oil-pipes-and-spare-parts.webp\" alt=\"Hidraulisk\u0101 cilindra deta\u013cu att\u0113ls\"><\/p>\n<h2>Bl\u012bv\u0113\u0161ana un e\u013c\u013co\u0161ana<\/h2>\n<p>Tiek izmantoti da\u017e\u0101di bl\u012bv\u0113jumi, piem\u0113ram, virzu\u013ca bl\u012bvsl\u0113gi \u200b\u200bun stie\u0146a bl\u012bvsl\u0113gi, un bl\u012bvsl\u0113gi \u200b\u200bir izgatavoti no nodilumiztur\u012bgiem materi\u0101liem, piem\u0113ram, poliuret\u0101na un nitrila gumijas. Cilindra korpuss un v\u012bt\u0146ot\u0101 gala virsma ir smalki apstr\u0101d\u0101ta, lai uzlabotu nodilumiztur\u012bbu. E\u013c\u013co\u0161anai ir nepiecie\u0161ama regul\u0101ra atbilsto\u0161as \u200b\u200bhidraulisk\u0101s e\u013c\u013cas pievieno\u0161ana.<\/p>\n<h2>Apkope un remonts<\/h2>\n<p>Lai nodro\u0161in\u0101tu kausa cilindra pareizu darb\u012bbu, j\u0101veic regul\u0101ra apkope un prevent\u012bvie pas\u0101kumi. Bie\u017ei veicamie apkopes darbi ietver:<\/p>\n<ul>\n<li>Periodiska p\u0101rbaude<\/li>\n<li>Piem\u0113rota e\u013c\u013co\u0161ana<\/li>\n<li>Bl\u012bv\u0113juma nomai\u0146a<\/li>\n<li>Kalibr\u0113\u0161anas p\u0101rbaude<\/li>\n<\/ul>\n<p>Pareiza uzst\u0101d\u012b\u0161ana ir b\u016btiska, lai nodro\u0161in\u0101tu cilindra ilgm\u016b\u017e\u012bbu. Cilindra stabilit\u0101tei un izl\u012bdzin\u0101\u0161anai ieteicams izmantot atbilsto\u0161us mont\u0101\u017eas kron\u0161teinus, k\u0101 ar\u012b iev\u0113rot ieteicam\u0101s p\u0101rbaudes, remonta un nomai\u0146as proced\u016bras. Ir pieejami deta\u013cu nomai\u0146as un atjauno\u0161anas pakalpojumi, lai uzlabotu kausa cilindra kalpo\u0161anas laiku.<\/p>\n<p><img decoding=\"async\" src=\"https:\/\/www.hydraulic-cylinders.net\/wp-content\/uploads\/2025\/01\/songte-chushion-collar.webp\" alt=\"Hidraulisk\u0101 cilindra remonta att\u0113ls\"><\/p>\n<h2>Dro\u0161\u012bbas apsv\u0113rumi un vides faktori<\/h2>\n<p>Dro\u0161\u012bba ir \u0101rk\u0101rt\u012bgi svar\u012bga, str\u0101d\u0101jot ar hidrauliskaj\u0101m iek\u0101rt\u0101m. Pareiza apm\u0101c\u012bba un dro\u0161\u012bbas pas\u0101kumu iev\u0113ro\u0161ana ir b\u016btiska, lai izvair\u012btos no negad\u012bjumiem un traum\u0101m.<\/p>\n<p><img decoding=\"async\" src=\"https:\/\/hzpt.com\/wp-content\/uploads\/2024\/11\/songte-company-1.webp\" alt=\"Hidraulisk\u0101s dro\u0161\u012bbas att\u0113ls\"><\/p>\n<h2>K\u013c\u016bmju diagnostika un probl\u0113mu nov\u0113r\u0161ana<\/h2>\n<p>Bie\u017e\u0101k sastopamie kausu cilindru defekti ir nopl\u016bdes, nepietiekams spiediens un l\u0113na darb\u012bba. Ir pieejami probl\u0113mu nov\u0113r\u0161anas padomi un risin\u0101jumi, kas pal\u012bdz diagnostic\u0113t un nov\u0113rst probl\u0113mas, k\u0101 ar\u012b prevent\u012bvie pas\u0101kumi, lai samazin\u0101tu potenci\u0101l\u0101s probl\u0113mas.<\/p>\n<p><img decoding=\"async\" src=\"https:\/\/www.hydraulic-cylinders.net\/wp-content\/uploads\/2025\/01\/songte-bushings-with-all-kinds-of-excavator-models.webp\" alt=\"Hidraulisk\u0101 cilindra probl\u0113mu nov\u0113r\u0161anas att\u0113ls\"><\/p>\n<h2>Par m\u016bsu uz\u0146\u0113mumu<\/h2>\n<p>M\u0113s esam rezerves hidraulisko cilindru ra\u017eot\u0101js. M\u016bsu pla\u0161ais produktu kl\u0101sts ir padar\u012bjis m\u016bs par vienu no vado\u0161ajiem hidraulisko cilindru ra\u017eot\u0101jiem un vairumtirgot\u0101jiem gan viet\u0113j\u0101, gan starptautiskaj\u0101 tirg\u016b. M\u0113s iev\u0113rojam izcil\u012bbas kvalit\u0101tes principu un pa\u013caujamies uz smalkas ra\u017eo\u0161anas darbn\u012bcas ra\u017eo\u0161anas vad\u012bbas strat\u0113\u0123iju. M\u0113s past\u0101v\u012bgi uzlabojam darbn\u012bcas ra\u017eo\u0161anas platformu, izmantojot kvalific\u0113tu tehnisko person\u0101lu, digit\u0101las augstas klases ra\u017eo\u0161anas iek\u0101rtas un profesion\u0101las test\u0113\u0161anas sist\u0113mas. Mums piem\u012bt sp\u0113c\u012bgas rado\u0161\u0101s sp\u0113jas, un m\u0113s apmierin\u0101m klientu vajadz\u012bbas ar augstu efektivit\u0101ti, augstu precizit\u0101ti un augstas kvalit\u0101tes produktiem. <\/p>\n<p><img decoding=\"async\" src=\"https:\/\/www.hydraulic-cylinders.net\/wp-content\/uploads\/2025\/01\/songte-company-3.webp\" alt=\"M\u016bsu uz\u0146\u0113muma t\u0113ls\"><\/p>\n<h3>Profesionalit\u0101te<\/h3>\n<p>Mums ir profesion\u0101ls tehniskais person\u0101ls un modernas ra\u017eo\u0161anas iek\u0101rtas, lai nodro\u0161in\u0101tu m\u016bsu produktu augstu kvalit\u0101ti.<\/p>\n<h3>Starptautisk\u0101s sertifik\u0101cijas<\/h3>\n<p>M\u016bsu produkti ir iztur\u0113ju\u0161i da\u017e\u0101dus starptautiskus sertifik\u0101tus, piem\u0113ram, ISO, CE un SGS.<\/p>\n<h3>Piel\u0101go\u0161anas pakalpojums<\/h3>\n<p>M\u0113s pied\u0101v\u0101jam piel\u0101gotus pakalpojumus, lai apmierin\u0101tu klientu da\u017e\u0101d\u0101s vajadz\u012bbas.<\/p>\n<h3>Ra\u017eo\u0161anas iek\u0101rtas<\/h3>\n<p>Mums ir modernas CNC grie\u0161anas ma\u0161\u012bnas, CNC virpas un citas augstas klases iek\u0101rtas, kas nodro\u0161ina stabilu pamatu m\u016bsu ra\u017eo\u0161anas kvalit\u0101tei.<\/p>\n<h3>P\u0113cp\u0101rdo\u0161anas serviss<\/h3>\n<p>M\u0113s pied\u0101v\u0101jam visaptvero\u0161u p\u0113cp\u0101rdo\u0161anas servisu un tehnisko atbalstu, lai nodro\u0161in\u0101tu klientu apmierin\u0101t\u012bbu.<\/p>\n<p>Autors: lil<\/p>","protected":false},"excerpt":{"rendered":"<p>Bucket Cylinder For Hyundai Middle Excavator R260LC-7 Introduction Definition A bucket cylinder is a specially designed hydraulic cylinder that is primarily used to control the movement of the bucket in heavy machinery such as excavators, backhoes, and front-end loaders. Its primary function is to allow the bucket to be lifted, lowered, and tilted, making it [&hellip;]<\/p>","protected":false},"featured_media":14773,"comment_status":"open","ping_status":"closed","template":"","meta":{"_et_pb_use_builder":"","_et_pb_old_content":"","_et_gb_content_width":""},"product_brand":[],"product_cat":[1494],"product_tag":[1495,1496],"class_list":{"0":"post-15321","1":"product","2":"type-product","3":"status-publish","4":"has-post-thumbnail","6":"product_cat-bucket-cylinders","7":"product_tag-bucket-cylinders","8":"product_tag-hydraulic-cylinders","10":"first","11":"instock","12":"shipping-taxable","13":"product-type-simple"},"amp_enabled":true,"_links":{"self":[{"href":"https:\/\/www.hydraulic-cylinders.net\/lv\/wp-json\/wp\/v2\/product\/15321","targetHints":{"allow":["GET"]}}],"collection":[{"href":"https:\/\/www.hydraulic-cylinders.net\/lv\/wp-json\/wp\/v2\/product"}],"about":[{"href":"https:\/\/www.hydraulic-cylinders.net\/lv\/wp-json\/wp\/v2\/types\/product"}],"replies":[{"embeddable":true,"href":"https:\/\/www.hydraulic-cylinders.net\/lv\/wp-json\/wp\/v2\/comments?post=15321"}],"wp:featuredmedia":[{"embeddable":true,"href":"https:\/\/www.hydraulic-cylinders.net\/lv\/wp-json\/wp\/v2\/media\/14773"}],"wp:attachment":[{"href":"https:\/\/www.hydraulic-cylinders.net\/lv\/wp-json\/wp\/v2\/media?parent=15321"}],"wp:term":[{"taxonomy":"product_brand","embeddable":true,"href":"https:\/\/www.hydraulic-cylinders.net\/lv\/wp-json\/wp\/v2\/product_brand?post=15321"},{"taxonomy":"product_cat","embeddable":true,"href":"https:\/\/www.hydraulic-cylinders.net\/lv\/wp-json\/wp\/v2\/product_cat?post=15321"},{"taxonomy":"product_tag","embeddable":true,"href":"https:\/\/www.hydraulic-cylinders.net\/lv\/wp-json\/wp\/v2\/product_tag?post=15321"}],"curies":[{"name":"wp","href":"https:\/\/api.w.org\/{rel}","templated":true}]}}