{"id":15323,"date":"2025-01-19T14:23:04","date_gmt":"2025-01-19T14:23:04","guid":{"rendered":"https:\/\/www.hydraulic-cylinders.net\/product\/bucket-cylinder-for-hyundai-large-excavator-r290lc-7\/"},"modified":"2025-01-19T14:23:12","modified_gmt":"2025-01-19T14:23:12","slug":"bucket-cylinder-for-hyundai-large-excavator-r290lc-7","status":"publish","type":"product","link":"https:\/\/www.hydraulic-cylinders.net\/lv\/products\/bucket-cylinder-for-hyundai-large-excavator-r290lc-7\/","title":{"rendered":"Kausa cilindrs Hyundai lielajam ekskavatoram R290LC-7"},"content":{"rendered":"<h1>Kausa cilindrs Hyundai lielajam ekskavatoram R290LC-7<\/h1>\n<h2>Ievads<\/h2>\n<p>Hyundai lielizm\u0113ra ekskavatora R290LC-7 kausa cilindrs ir specializ\u0113ts hidrauliskais cilindrs, kas paredz\u0113ts kausa kust\u012bbas vad\u012bbai smagaj\u0101s ma\u0161\u012bn\u0101s, piem\u0113ram, ekskavatoros, iekr\u0101v\u0113jos un front\u0101lajos iekr\u0101v\u0113jos. T\u0101 galven\u0101 funkcija ir nodro\u0161in\u0101t kausa pacel\u0161anu, nolai\u0161anu un noliek\u0161anu, atvieglojot da\u017e\u0101du materi\u0101lu apstr\u0101des uzdevumu veik\u0161anu. Hidrauliskaj\u0101 sist\u0113m\u0101 kausa cilindrs pan\u0101k prec\u012bzu kausa vad\u012bbu, mainot hidraulisk\u0101s e\u013c\u013cas spiedienu, \u013caujot operatoriem efekt\u012bvi apstr\u0101d\u0101t smagas kravas un piel\u0101goties sare\u017e\u0123\u012btai darba videi un da\u017e\u0101d\u0101m darba pras\u012bb\u0101m.<\/p>\n<p><img decoding=\"async\" src=\"https:\/\/www.hydraulic-cylinders.net\/wp-content\/uploads\/2025\/01\/songte-company-2.webp\" alt=\"Produkta att\u0113ls\"><\/p>\n<h2>Funkcijas<\/h2>\n<ul>\n<li>Augsta iztur\u012bba un ilgm\u016b\u017e\u012bba: Parasti izgatavots no augstas stipr\u012bbas t\u0113rauda vai alum\u012bnija, sp\u0113j iztur\u0113t augstu spiedienu un lielas slodzes, piel\u0101gojoties skarbai darba videi. Izstr\u0101d\u0101ts, \u0146emot v\u0113r\u0101 nodilumiztur\u012bbu un korozijas iztur\u012bbu, lai pagarin\u0101tu kalpo\u0161anas laiku.<\/li>\n<li>Efekt\u012bva hidraulisk\u0101 darb\u012bba: Izmanto hidraulisk\u0101s e\u013c\u013cas spiedienu, lai pan\u0101ktu vienm\u0113r\u012bgas izstiep\u0161anas un ievilk\u0161anas kust\u012bbas, \u013caujot \u0101tri rea\u0123\u0113t uz vad\u012bbas komand\u0101m, nodro\u0161inot jaud\u012bgu stum\u0161anas un vilk\u0161anas sp\u0113ku, kas piem\u0113rots smagu kravu apstr\u0101dei un sare\u017e\u0123\u012btu darbu uzdevumiem.<\/li>\n<li>Da\u017e\u0101di veidi: var izv\u0113l\u0113ties starp vienas darb\u012bbas (hidrauliskiem tikai vien\u0101 virzien\u0101) vai divk\u0101r\u0161as darb\u012bbas (hidrauliskiem abos virzienos) cilindriem atbilsto\u0161i pras\u012bb\u0101m, lai apmierin\u0101tu da\u017e\u0101das ekspluat\u0101cijas vajadz\u012bbas. Da\u017ei mode\u013ci ir teleskopiski, kas \u013cauj tos pagarin\u0101t, nepalielinot \u0101r\u0113jos izm\u0113rus, t\u0101p\u0113c tie ir piem\u0113roti lietojumiem ar ierobe\u017eotu vietu.<\/li>\n<\/ul>\n<p><img decoding=\"async\" src=\"https:\/\/www.hydraulic-cylinders.net\/wp-content\/uploads\/2025\/01\/songte-cylinder-head-with-all-kinds-excavator-models.webp\" alt=\"Produkta att\u0113ls\"><\/p>\n<h2>Pieteikumi<\/h2>\n<ul>\n<li>B\u016bvniec\u012bbas tehnika: atrodama ekskavatoros, t\u0101 ir \u013coti svar\u012bga rak\u0161anai, iekrau\u0161anai un augsnes vai gru\u017eu p\u0101rvieto\u0161anai. Ekskavatoros-iekr\u0101v\u0113jos kausa cilindrs pal\u012bdz gan rak\u0161an\u0101, gan cel\u0161an\u0101.<\/li>\n<li>Lauksaimniec\u012bbas tehnika: Izmanto front\u0101lajos iekr\u0101v\u0113jos augsnes, siena un citu materi\u0101lu sav\u0101k\u0161anai, pacel\u0161anai un transport\u0113\u0161anai.<\/li>\n<li>Ekskavatori: Kausa cilindrs nodro\u0161ina rak\u0161anas darb\u012bbas, \u013caujot kausam iek\u013c\u016bt augsn\u0113.<\/li>\n<li>Iekr\u0101v\u0113ji: Front\u0101lajos iekr\u0101v\u0113jos tie pal\u012bdz efekt\u012bvi pacelt un izkraut preces.<\/li>\n<\/ul>\n<h2>Dizaina apsv\u0113rumi un atlases krit\u0113riji<\/h2>\n<ul>\n<li>Bearing Capacity: Discuss the cylinder&#8217;s ability to withstand heavy loads and the importance of selecting the appropriate cylinder for the application.<\/li>\n<li>Bl\u012bv\u0113jums: Aprakstiet da\u017e\u0101du bl\u012bv\u0113jumu, piem\u0113ram, virzu\u013ca bl\u012bv\u0113jumu un stie\u0146a bl\u012bv\u0113jumu, kas izgatavoti no nodilumiztur\u012bgiem materi\u0101liem, piem\u0113ram, poliuret\u0101na un nitrila gumijas, izmanto\u0161anu. Uzsveriet smalki apstr\u0101d\u0101ta cilindra korpusa un v\u012bt\u0146oto gala virsmu noz\u012bmi nodilumiztur\u012bbas uzlabo\u0161an\u0101.<\/li>\n<\/ul>\n<p><img decoding=\"async\" src=\"https:\/\/www.hydraulic-cylinders.net\/wp-content\/uploads\/2025\/01\/songte-oil-pipes-and-spare-parts.webp\" alt=\"Produkta att\u0113ls\"><\/p>\n<h2>Bl\u012bv\u0113\u0161ana un e\u013c\u013co\u0161ana<\/h2>\n<p>Kausa cilindr\u0101 tiek izmantoti da\u017e\u0101di bl\u012bv\u0113\u0161anas elementi, piem\u0113ram, virzu\u013ca bl\u012bvsl\u0113gi \u200b\u200bun stie\u0146a bl\u012bvsl\u0113gi, kas izgatavoti no nodilumiztur\u012bgiem materi\u0101liem, piem\u0113ram, poliuret\u0101na un nitrila gumijas. Cilindra korpuss un v\u012bt\u0146ot\u0101s gala virsmas ir smalki apstr\u0101d\u0101tas, lai uzlabotu nodilumiztur\u012bbu. Lai nodro\u0161in\u0101tu vienm\u0113r\u012bgu darb\u012bbu, ir nepiecie\u0161ama regul\u0101ra e\u013c\u013co\u0161ana ar atbilsto\u0161u hidraulisk\u0101s e\u013c\u013cas daudzumu.<\/p>\n<h2>Regul\u0101ra p\u0101rbaude un profilaktisk\u0101 apkope<\/h2>\n<ul>\n<li>Regul\u0101ri p\u0101rbaudiet cilindru, vai nav nopl\u016b\u017eu, boj\u0101jumu vai nodiluma paz\u012bmju.<\/li>\n<li>Nodro\u0161iniet pareizu cilindra e\u013c\u013co\u0161anu un nepiecie\u0161am\u012bbas gad\u012bjum\u0101 nomainiet bl\u012bves.<\/li>\n<li>Veiciet kalibr\u0113\u0161anas p\u0101rbaudes, lai uztur\u0113tu optim\u0101lu veiktsp\u0113ju.<\/li>\n<\/ul>\n<p><img decoding=\"async\" src=\"https:\/\/www.hydraulic-cylinders.net\/wp-content\/uploads\/2025\/01\/songte-chushion-collar.webp\" alt=\"Produkta att\u0113ls\"><\/p>\n<h2>Dro\u0161\u012bbas apsv\u0113rumi un vides faktori<\/h2>\n<p>Izmantojot kausa cilindru, ir svar\u012bgi iev\u0113rot atbilsto\u0161us dro\u0161\u012bbas pas\u0101kumus, lai nov\u0113rstu negad\u012bjumus un nodro\u0161in\u0101tu dro\u0161u darba vidi. \u0145emiet v\u0113r\u0101 vides faktorus, piem\u0113ram, pareizu hidraulisk\u0101s e\u013c\u013cas atkritumu utiliz\u0101ciju un vides noteikumu iev\u0113ro\u0161anu.<\/p>\n<h2>Probl\u0113mu nov\u0113r\u0161ana un bie\u017ei sastopamas probl\u0113mas<\/h2>\n<p>Bie\u017ei sastopamas probl\u0113mas, kas var rasties ar kausu cilindriem, ir nopl\u016bde, samazin\u0101ta veiktsp\u0113ja un neparasts troksnis. J\u0101sniedz probl\u0113mu nov\u0113r\u0161anas padomi un risin\u0101jumi, lai pal\u012bdz\u0113tu las\u012bt\u0101jiem efekt\u012bvi diagnostic\u0113t un nov\u0113rst probl\u0113mas. J\u0101iesaka ar\u012b prevent\u012bvie pas\u0101kumi, lai samazin\u0101tu iesp\u0113jam\u0101s probl\u0113mas.<\/p>\n<p><img decoding=\"async\" src=\"https:\/\/www.hydraulic-cylinders.net\/wp-content\/uploads\/2025\/01\/songte-bushings-with-all-kinds-of-excavator-models.webp\" alt=\"Produkta att\u0113ls\"><\/p>\n<h2>Apkopes uzdevumi<\/h2>\n<ul>\n<li>Regul\u0101ra p\u0101rbaude: P\u0101rbaudiet cilindru, vai nav boj\u0101jumu vai nodiluma paz\u012bmju.<\/li>\n<li>Pareiza e\u013c\u013co\u0161ana: P\u0101rliecinieties, vai cilindrs ir pareizi iee\u013c\u013cots, lai uztur\u0113tu optim\u0101lu veiktsp\u0113ju.<\/li>\n<li>Bl\u012bvju nomai\u0146a: nomainiet bl\u012bves p\u0113c nepiecie\u0161am\u012bbas, lai nov\u0113rstu nopl\u016bdes un saglab\u0101tu efektivit\u0101ti.<\/li>\n<\/ul>\n<h2>Par m\u016bsu uz\u0146\u0113mumu<\/h2>\n<p>M\u0113s esam rezerves hidraulisko cilindru ra\u017eot\u0101js un pied\u0101v\u0101jam pla\u0161u produktu kl\u0101stu. K\u0101 viens no vado\u0161ajiem hidraulisko cilindru ra\u017eot\u0101jiem un vairumtirgot\u0101jiem viet\u0113j\u0101 un starptautiskaj\u0101 tirg\u016b, m\u0113s iev\u0113rojam izcilas kvalit\u0101tes principus un sav\u0101s sare\u017e\u0123\u012btaj\u0101s ra\u017eo\u0161anas darbn\u012bc\u0101s pa\u013caujamies uz r\u016bpniecisk\u0101s ra\u017eo\u0161anas vad\u012bbas strat\u0113\u0123ij\u0101m. Koncentr\u0113joties uz tehnolo\u0123iskajiem talantiem, modern\u0101m digit\u0101laj\u0101m ra\u017eo\u0161anas iek\u0101rt\u0101m un profesion\u0101l\u0101m test\u0113\u0161anas sist\u0113m\u0101m, m\u0113s nep\u0101rtraukti uzlabojam savu ra\u017eo\u0161anas platformu, uzlabojam produktu kvalit\u0101tes ra\u017eo\u0161anas ce\u013cus un mums ir sp\u0113c\u012bgas rado\u0161\u0101s sp\u0113jas, lai apmierin\u0101tu da\u017e\u0101das klientu vajadz\u012bbas ar augstu efektivit\u0101ti, augstu precizit\u0101ti un augstas kvalit\u0101tes principiem.<\/p>\n<p><img decoding=\"async\" src=\"https:\/\/www.hydraulic-cylinders.net\/wp-content\/uploads\/2025\/01\/songte-company-3.webp\" alt=\"Uz\u0146\u0113muma t\u0113ls\"><\/p>\n<p>We provide comprehensive descriptions of our company&#8217;s professionalism, international certifications, customized services, production equipment, and after-sales services.<\/p>\n<p>Autors: lil<\/p>","protected":false},"excerpt":{"rendered":"<p>Bucket Cylinder For Hyundai Large Excavator R290LC-7 Introduction The bucket cylinder for Hyundai large excavator R290LC-7 is a specialized hydraulic cylinder designed to control the movement of the bucket in heavy machinery such as excavators, backhoe loaders, and front-end loaders. Its main function is to enable the lifting, lowering, and tilting of the bucket, making [&hellip;]<\/p>","protected":false},"featured_media":14769,"comment_status":"open","ping_status":"closed","template":"","meta":{"_et_pb_use_builder":"","_et_pb_old_content":"","_et_gb_content_width":""},"product_brand":[],"product_cat":[1494],"product_tag":[1495,1496],"class_list":{"0":"post-15323","1":"product","2":"type-product","3":"status-publish","4":"has-post-thumbnail","6":"product_cat-bucket-cylinders","7":"product_tag-bucket-cylinders","8":"product_tag-hydraulic-cylinders","10":"first","11":"instock","12":"shipping-taxable","13":"product-type-simple"},"amp_enabled":true,"_links":{"self":[{"href":"https:\/\/www.hydraulic-cylinders.net\/lv\/wp-json\/wp\/v2\/product\/15323","targetHints":{"allow":["GET"]}}],"collection":[{"href":"https:\/\/www.hydraulic-cylinders.net\/lv\/wp-json\/wp\/v2\/product"}],"about":[{"href":"https:\/\/www.hydraulic-cylinders.net\/lv\/wp-json\/wp\/v2\/types\/product"}],"replies":[{"embeddable":true,"href":"https:\/\/www.hydraulic-cylinders.net\/lv\/wp-json\/wp\/v2\/comments?post=15323"}],"wp:featuredmedia":[{"embeddable":true,"href":"https:\/\/www.hydraulic-cylinders.net\/lv\/wp-json\/wp\/v2\/media\/14769"}],"wp:attachment":[{"href":"https:\/\/www.hydraulic-cylinders.net\/lv\/wp-json\/wp\/v2\/media?parent=15323"}],"wp:term":[{"taxonomy":"product_brand","embeddable":true,"href":"https:\/\/www.hydraulic-cylinders.net\/lv\/wp-json\/wp\/v2\/product_brand?post=15323"},{"taxonomy":"product_cat","embeddable":true,"href":"https:\/\/www.hydraulic-cylinders.net\/lv\/wp-json\/wp\/v2\/product_cat?post=15323"},{"taxonomy":"product_tag","embeddable":true,"href":"https:\/\/www.hydraulic-cylinders.net\/lv\/wp-json\/wp\/v2\/product_tag?post=15323"}],"curies":[{"name":"wp","href":"https:\/\/api.w.org\/{rel}","templated":true}]}}