{"id":15324,"date":"2025-01-19T14:23:14","date_gmt":"2025-01-19T14:23:14","guid":{"rendered":"https:\/\/www.hydraulic-cylinders.net\/product\/bucket-cylinder-for-hyundai-large-excavator-r350lc-7\/"},"modified":"2025-01-19T14:23:16","modified_gmt":"2025-01-19T14:23:16","slug":"bucket-cylinder-for-hyundai-large-excavator-r350lc-7","status":"publish","type":"product","link":"https:\/\/www.hydraulic-cylinders.net\/lv\/products\/bucket-cylinder-for-hyundai-large-excavator-r350lc-7\/","title":{"rendered":"Kausa cilindrs Hyundai lielajam ekskavatoram R350LC-7"},"content":{"rendered":"<h1>Kausa cilindrs Hyundai lielajam ekskavatoram R350LC-7<\/h1>\n<h2>Ievads<\/h2>\n<h3>Kausa cilindra defin\u0113\u0161ana<\/h3>\n<p>Kausa cilindrs ir speci\u0101li izstr\u0101d\u0101ts hidrauliskais cilindrs, ko galvenok\u0101rt izmanto, lai kontrol\u0113tu kausa kust\u012bbu smagaj\u0101s ma\u0161\u012bn\u0101s, piem\u0113ram, ekskavatoros, iekr\u0101v\u0113jos ar ekskavatoru un front\u0101lajos iekr\u0101v\u0113jos. T\u0101 galven\u0101 funkcija ir nodro\u0161in\u0101t kausa pacel\u0161anu, nolai\u0161anu un noliek\u0161anu, atvieglojot da\u017e\u0101du materi\u0101lu apstr\u0101des uzdevumu veik\u0161anu. Hidrauliskaj\u0101 sist\u0113m\u0101 kausa cilindrs pan\u0101k prec\u012bzu kausa vad\u012bbu, mainot hidraulisk\u0101s e\u013c\u013cas spiedienu, \u013caujot operatoram efekt\u012bvi apstr\u0101d\u0101t smagas kravas un piel\u0101goties sare\u017e\u0123\u012btai darba videi un daudzveid\u012bg\u0101m darba vajadz\u012bb\u0101m.<\/p>\n<p><img decoding=\"async\" src=\"https:\/\/www.hydraulic-cylinders.net\/wp-content\/uploads\/2025\/01\/songte-company-2.webp\" alt=\"Kausa cilindra att\u0113ls\"><\/p>\n<h3>Funkcijas<\/h3>\n<ul>\n<li>Augsta iztur\u012bba un ilgm\u016b\u017e\u012bba: Parasti izgatavots no augstas stipr\u012bbas t\u0113rauda vai alum\u012bnija, tas var iztur\u0113t augstu spiedienu un lielas slodzes, piel\u0101goties skarbai darba videi un \u0146emt v\u0113r\u0101 nodilumiztur\u012bbu un korozijas iztur\u012bbu, pagarinot kalpo\u0161anas laiku.<\/li>\n<li>Efekt\u012bva hidraulisk\u0101 darb\u012bba: Izmantojot hidraulisk\u0101s e\u013c\u013cas spiedienu, tiek pan\u0101ktas vienm\u0113r\u012bgas izstiep\u0161anas un sarau\u0161an\u0101s kust\u012bbas, kas nodro\u0161ina sp\u0113c\u012bgus stum\u0161anas un vilk\u0161anas sp\u0113kus, kas ir piem\u0113roti smagu kravu apstr\u0101dei un sare\u017e\u0123\u012btu darba uzdevumu veik\u0161anai.<\/li>\n<li>Da\u017e\u0101di veidi: atkar\u012bb\u0101 no vajadz\u012bb\u0101m var izv\u0113l\u0113ties vienas darb\u012bbas (hidrauliski tikai vien\u0101 virzien\u0101) vai divk\u0101r\u0161as darb\u012bbas (hidrauliski abos virzienos) cilindrus, lai apmierin\u0101tu da\u017e\u0101das ekspluat\u0101cijas pras\u012bbas. Da\u017ei mode\u013ci ir teleskopiski, kas \u013cauj tos papla\u0161in\u0101t, nepalielinot \u0101r\u0113jos izm\u0113rus, un ir piem\u0113roti lietojumiem ar ierobe\u017eotu vietu.<\/li>\n<li>Viegli nomain\u0101ms: m\u016bsu produkts var lieliski aizst\u0101t \u0161os hidrauliskos cilindrus.<\/li>\n<\/ul>\n<p><img decoding=\"async\" src=\"https:\/\/www.hydraulic-cylinders.net\/wp-content\/uploads\/2025\/01\/songte-cylinder-head-with-all-kinds-excavator-models.webp\" alt=\"Kausa cilindra nomai\u0146as att\u0113ls\"><\/p>\n<h3>Pieteikumi<\/h3>\n<p>Kausa cilindrs tiek pla\u0161i izmantots da\u017e\u0101d\u0101s jom\u0101s, tostarp:<\/p>\n<h4>Celtniec\u012bbas apr\u012bkojums<\/h4>\n<ul>\n<li>Ekskavatori: Ekskavatora kausa cilindri \u013cauj veikt rak\u0161anas un rak\u0161anas darbus. <\/li>\n<li>Ekskavatori-iekr\u0101v\u0113ji: Ekskavatoru-iekr\u0101v\u0113ju kausu cilindri veicina gan rak\u0161anu, gan cel\u0161anu.<\/li>\n<\/ul>\n<h4>Lauksaimniec\u012bbas tehnika<\/h4>\n<ul>\n<li>Front\u0101lie iekr\u0101v\u0113ji: Izmanto augsnes, siena un citu materi\u0101lu sav\u0101k\u0161anai, cel\u0161anai un transport\u0113\u0161anai.<\/li>\n<\/ul>\n<p>\u0160ie ir tikai da\u017ei piem\u0113ri no daudzajiem kausu cilindru pielietojumiem.<\/p>\n<h3>Dizaina apsv\u0113rumi un atlases krit\u0113riji<\/h3>\n<p>Projekt\u0113jot un izv\u0113loties cilindrus, tiek \u0146emti v\u0113r\u0101 da\u017ei galvenie faktori:<\/p>\n<h4>Nestsp\u0113ja<\/h4>\n<p>Balonam j\u0101sp\u0113j iztur\u0113t lielas slodzes bez deform\u0101cijas vai boj\u0101jumiem, nodro\u0161inot ilgtermi\u0146a dro\u0161u un uzticamu darb\u012bbu.<\/p>\n<h4>Bl\u012bv\u0113\u0161ana<\/h4>\n<p>Bl\u012bv\u0113\u0161anas sist\u0113mai j\u0101sp\u0113j nov\u0113rst vai samazin\u0101t hidraulisk\u0101s e\u013c\u013cas iek\u0161\u0113jo un \u0101r\u0113jo nopl\u016bdi, nodro\u0161inot efekt\u012bvu un t\u012bru darb\u012bbu.<\/p>\n<h4>Iztur\u012bba<\/h4>\n<p>Balonam j\u0101b\u016bt iztur\u012bgam un notur\u012bgam pret nodilumu, koroziju un boj\u0101jumiem no vides un \u0101r\u0113jiem sp\u0113kiem, nodro\u0161inot ilgu kalpo\u0161anas laiku.<\/p>\n<h4>Dro\u0161\u012bba<\/h4>\n<p>Balonam j\u0101b\u016bt projekt\u0113tam un ra\u017eotam t\u0101, lai nodro\u0161in\u0101tu dro\u0161u un uzticamu darb\u012bbu, aizsarg\u0101jot operatorus un iek\u0101rtas no negad\u012bjumiem un boj\u0101jumiem.<\/p>\n<h4>Uzturam\u012bba<\/h4>\n<p>Balonam j\u0101b\u016bt konstru\u0113tam t\u0101, lai to b\u016btu viegli uztur\u0113t, nodro\u0161inot \u0113rtu piek\u013cuvi iek\u0161\u0113j\u0101m sast\u0101vda\u013c\u0101m un nolietoto deta\u013cu nomai\u0146u, t\u0101d\u0113j\u0101di samazinot d\u012bkst\u0101ves laiku un apkopes izmaksas.<\/p>\n<p><img decoding=\"async\" src=\"https:\/\/www.hydraulic-cylinders.net\/wp-content\/uploads\/2025\/01\/songte-oil-pipes-and-spare-parts.webp\" alt=\"Kausa cilindra dizaina att\u0113ls\"><\/p>\n<h3>Bl\u012bv\u0113\u0161ana un e\u013c\u013co\u0161ana<\/h3>\n<p>Kausa cilindr\u0101 tiek izmantoti da\u017e\u0101di bl\u012bv\u0113\u0161anas elementi, piem\u0113ram, virzu\u013ca bl\u012bves un stie\u0146a bl\u012bves, kas izgatavotas no nodilumiztur\u012bgiem materi\u0101liem, piem\u0113ram, poliuret\u0101na un nitrila gumijas, lai nov\u0113rstu iek\u0161\u0113ju un \u0101r\u0113ju e\u013c\u013cas nopl\u016bdi. Cilindra korpuss un v\u012bt\u0146ot\u0101 gala virsma tiek r\u016bp\u012bgi apstr\u0101d\u0101ta, lai uzlabotu nodilumiztur\u012bbu.<\/p>\n<p>Lai nodro\u0161in\u0101tu vienm\u0113r\u012bgu darb\u012bbu, cilindram nepiecie\u0161ama regul\u0101ra e\u013c\u013co\u0161ana. Ieteicams izmantot piem\u0113rotu hidraulisko e\u013c\u013cu un regul\u0101ri pievienot to atbilsto\u0161\u0101 daudzum\u0101.<\/p>\n<h3>Apkope un remonts<\/h3>\n<p>Regul\u0101ra p\u0101rbaude un profilaktisk\u0101 apkope ir b\u016btiska, lai nodro\u0161in\u0101tu kausa cilindra ilgtermi\u0146a un uzticamu darb\u012bbu. Ieteicams veikt \u0161\u0101dus apkopes darbus:<\/p>\n<ul>\n<li>Regul\u0101ra p\u0101rbaude<\/li>\n<li>Pareiza e\u013c\u013co\u0161ana<\/li>\n<li>Bl\u012bv\u0113juma nomai\u0146a<\/li>\n<li>Kalibr\u0113\u0161anas p\u0101rbaude<\/li>\n<\/ul>\n<p>Ir svar\u012bgi sniegt atbilsto\u0161us nor\u0101d\u012bjumus par pareizu cilindra uzst\u0101d\u012b\u0161anu, tostarp par cilindra pareizu izl\u012bdzin\u0101\u0161anu un atbilsto\u0161u uzst\u0101d\u012b\u0161anas kron\u0161teinu izmanto\u0161anu cilindra nostiprin\u0101\u0161anai. Tiek sniegtas ieteicam\u0101s p\u0101rbaudes, remonta un nomai\u0146as proced\u016bras, tostarp rezerves da\u013cas un atjauno\u0161anas pakalpojumi, lai palielin\u0101tu kausa cilindra kalpo\u0161anas laiku.<\/p>\n<p><img decoding=\"async\" src=\"https:\/\/www.hydraulic-cylinders.net\/wp-content\/uploads\/2025\/01\/songte-chushion-collar.webp\" alt=\"Kausa cilindra apkopes att\u0113ls\"><\/p>\n<h3>Dro\u0161\u012bbas apsv\u0113rumi un vides faktori<\/h3>\n<p>Kausa cilindrs ir kritiski svar\u012bga smago ma\u0161\u012bnu sast\u0101vda\u013ca, un dro\u0161\u012bbas apsv\u0113rumi ir \u0101rk\u0101rt\u012bgi svar\u012bgi. J\u0101veic atbilsto\u0161i pas\u0101kumi, lai nodro\u0161in\u0101tu dro\u0161u ekspluat\u0101ciju un nov\u0113rstu negad\u012bjumus vai boj\u0101jumus.<\/p>\n<p>Vides faktori, piem\u0113ram, temperat\u016bra, mitrums un pies\u0101r\u0146ojums, var ietekm\u0113t kausa cilindra darb\u012bbu un kalpo\u0161anas laiku. J\u0101veic atbilsto\u0161i pas\u0101kumi, lai aizsarg\u0101tu cilindru un nodro\u0161in\u0101tu pareizu darb\u012bbu.<\/p>\n<h3>Probl\u0113mu nov\u0113r\u0161ana un bie\u017ei sastopamas probl\u0113mas<\/h3>\n<p>Bie\u017ei sastopamas probl\u0113mas, kas saist\u012btas ar kausa cilindru, ir e\u013c\u013cas nopl\u016bdes, l\u0113na darb\u012bba un neparasts troksnis. Tiek sniegti probl\u0113mu nov\u0113r\u0161anas padomi un risin\u0101jumi, lai pal\u012bdz\u0113tu diagnostic\u0113t un nov\u0113rst probl\u0113mas, k\u0101 ar\u012b prevent\u012bvie pas\u0101kumi, lai samazin\u0101tu potenci\u0101l\u0101s probl\u0113mas.<\/p>\n<p><img decoding=\"async\" src=\"https:\/\/www.hydraulic-cylinders.net\/wp-content\/uploads\/2025\/01\/songte-bushings-with-all-kinds-of-excavator-models.webp\" alt=\"Kausa cilindra probl\u0113mu nov\u0113r\u0161anas att\u0113ls\"><\/p>\n<h2>Par m\u016bsu uz\u0146\u0113mumu<\/h2>\n<p>M\u0113s esam rezerves hidraulisko cilindru ra\u017eot\u0101js ar pilnu produktu kl\u0101stu un k\u013c\u016bstam par vienu no vado\u0161ajiem hidraulisko cilindru ra\u017eot\u0101jiem un vairumtirgot\u0101jiem viet\u0113j\u0101 un \u0101rvalstu tirgos. M\u0113s iev\u0113rojam izcil\u012bbas kvalit\u0101tes principu, pa\u013caujamies uz r\u016bpniecisk\u0101s ra\u017eo\u0161anas vad\u012bbas strat\u0113\u0123ij\u0101m smalk\u0101s ra\u017eo\u0161anas darbn\u012bc\u0101s un past\u0101v\u012bgi uzlabojam darbn\u012bcas ra\u017eo\u0161anas platformu un pilnveidojam produktu kvalit\u0101tes ra\u017eo\u0161anas l\u012bniju. M\u016bsu uz\u0146\u0113mumam piem\u012bt sp\u0113c\u012bga rado\u0161uma, augsta efektivit\u0101te, augsta precizit\u0101te un augstas kvalit\u0101tes principi, lai apmierin\u0101tu klientu da\u017e\u0101d\u0101s vajadz\u012bbas.<\/p>\n<h3>Profesionalit\u0101te<\/h3>\n<p>M\u016bsu komandu veido profesion\u0101\u013ci ar pla\u0161u pieredzi nozar\u0113 un ap\u0146\u0113m\u012bbu nodro\u0161in\u0101t augstas kvalit\u0101tes produktus un pakalpojumus.<\/p>\n<h3>Starptautisk\u0101 sertifik\u0101cija<\/h3>\n<p>Esam ieguvu\u0161i t\u0101dus starptautiskus sertifik\u0101tus k\u0101 ISO 9001, CE un SGS, kas apliecina m\u016bsu produktu atbilst\u012bbu augstiem kvalit\u0101tes standartiem.<\/p>\n<h3>Piel\u0101go\u0161anas pakalpojumi<\/h3>\n<p>M\u0113s pied\u0101v\u0101jam piel\u0101go\u0161anas pakalpojumus, lai apmierin\u0101tu \u012bpa\u0161as klientu vajadz\u012bbas un pras\u012bbas, nodro\u0161inot piel\u0101gotus risin\u0101jumus da\u017e\u0101diem lietojumiem.<\/p>\n<h3>Ra\u017eo\u0161anas iek\u0101rtas<\/h3>\n<p>M\u016bsu uz\u0146\u0113mumam ir modernas ra\u017eo\u0161anas iek\u0101rtas un tehnolo\u0123ijas, tostarp CNC apstr\u0101des centri, metin\u0101\u0161anas roboti un citas augstas klases digit\u0101l\u0101s ra\u017eo\u0161anas iek\u0101rtas.<\/p>\n<h3>P\u0113cp\u0101rdo\u0161anas serviss<\/h3>\n<p>M\u0113s pied\u0101v\u0101jam visaptvero\u0161u p\u0113cp\u0101rdo\u0161anas servisu, tostarp tehnisko atbalstu, remontu un apkopi, lai nodro\u0161in\u0101tu klientu apmierin\u0101t\u012bbu un ilgtermi\u0146a sadarb\u012bbu.<\/p>\n<p><img decoding=\"async\" src=\"https:\/\/www.hydraulic-cylinders.net\/wp-content\/uploads\/2025\/01\/songte-company-3.webp\" alt=\"Kausa cilindra uz\u0146\u0113muma att\u0113ls\"><\/p>\n<p>Autors: lil<\/p>","protected":false},"excerpt":{"rendered":"<p>Bucket Cylinder For Hyundai Large Excavator R350LC-7 Introduction Defining the Bucket Cylinder A bucket cylinder is a specially designed hydraulic cylinder that is primarily used to control the movement of the bucket in heavy machinery such as excavators, backhoe loaders, and front-end loaders. Its main function is to enable the bucket to lift, lower, and [&hellip;]<\/p>","protected":false},"featured_media":14765,"comment_status":"open","ping_status":"closed","template":"","meta":{"_et_pb_use_builder":"","_et_pb_old_content":"","_et_gb_content_width":""},"product_brand":[],"product_cat":[1494],"product_tag":[1495,1496],"class_list":{"0":"post-15324","1":"product","2":"type-product","3":"status-publish","4":"has-post-thumbnail","6":"product_cat-bucket-cylinders","7":"product_tag-bucket-cylinders","8":"product_tag-hydraulic-cylinders","10":"first","11":"instock","12":"shipping-taxable","13":"product-type-simple"},"amp_enabled":true,"_links":{"self":[{"href":"https:\/\/www.hydraulic-cylinders.net\/lv\/wp-json\/wp\/v2\/product\/15324","targetHints":{"allow":["GET"]}}],"collection":[{"href":"https:\/\/www.hydraulic-cylinders.net\/lv\/wp-json\/wp\/v2\/product"}],"about":[{"href":"https:\/\/www.hydraulic-cylinders.net\/lv\/wp-json\/wp\/v2\/types\/product"}],"replies":[{"embeddable":true,"href":"https:\/\/www.hydraulic-cylinders.net\/lv\/wp-json\/wp\/v2\/comments?post=15324"}],"wp:featuredmedia":[{"embeddable":true,"href":"https:\/\/www.hydraulic-cylinders.net\/lv\/wp-json\/wp\/v2\/media\/14765"}],"wp:attachment":[{"href":"https:\/\/www.hydraulic-cylinders.net\/lv\/wp-json\/wp\/v2\/media?parent=15324"}],"wp:term":[{"taxonomy":"product_brand","embeddable":true,"href":"https:\/\/www.hydraulic-cylinders.net\/lv\/wp-json\/wp\/v2\/product_brand?post=15324"},{"taxonomy":"product_cat","embeddable":true,"href":"https:\/\/www.hydraulic-cylinders.net\/lv\/wp-json\/wp\/v2\/product_cat?post=15324"},{"taxonomy":"product_tag","embeddable":true,"href":"https:\/\/www.hydraulic-cylinders.net\/lv\/wp-json\/wp\/v2\/product_tag?post=15324"}],"curies":[{"name":"wp","href":"https:\/\/api.w.org\/{rel}","templated":true}]}}