{"id":15327,"date":"2025-01-19T14:23:28","date_gmt":"2025-01-19T14:23:28","guid":{"rendered":"https:\/\/www.hydraulic-cylinders.net\/product\/bucket-cylinder-for-hyundai-large-excavator-r445lc-7\/"},"modified":"2025-01-19T14:23:30","modified_gmt":"2025-01-19T14:23:30","slug":"bucket-cylinder-for-hyundai-large-excavator-r445lc-7","status":"publish","type":"product","link":"https:\/\/www.hydraulic-cylinders.net\/lv\/products\/bucket-cylinder-for-hyundai-large-excavator-r445lc-7\/","title":{"rendered":"Kausa cilindrs Hyundai lielajam ekskavatoram R445LC-7"},"content":{"rendered":"<p><!DOCTYPE html><br \/>\n<html><br \/>\n<head><br \/>\n<title>Kausa cilindrs Hyundai lielajam ekskavatoram R445LC-7<\/title><br \/>\n<\/head><br \/>\n<body><\/p>\n<h1>Kausa cilindrs Hyundai lielajam ekskavatoram R445LC-7<\/h1>\n<h2>Ievads<\/h2>\n<p>Kausa cilindrs Hyundai lielajam ekskavatoram R445LC-7 ir \u012bpa\u0161i izstr\u0101d\u0101ts hidrauliskais cilindrs, ko izmanto, lai kontrol\u0113tu kausa kust\u012bbu smagaj\u0101s ma\u0161\u012bn\u0101s, piem\u0113ram, ekskavatoros, ekskavatoros-iekr\u0101v\u0113jos un front\u0101lajos iekr\u0101v\u0113jos. T\u0101 galven\u0101 funkcija ir nodro\u0161in\u0101t kausa pacel\u0161anu, nolai\u0161anu un noliek\u0161anu, atvieglojot da\u017e\u0101dus materi\u0101lu apstr\u0101des uzdevumus. Hidrauliskaj\u0101 sist\u0113m\u0101 kausa cilindrs pan\u0101k prec\u012bzu kausa vad\u012bbu, izmantojot hidraulisk\u0101s e\u013c\u013cas spiediena izmai\u0146as, \u013caujot operatoriem efekt\u012bvi apstr\u0101d\u0101t smagas kravas un piel\u0101goties sare\u017e\u0123\u012btai darba videi un da\u017e\u0101d\u0101m ekspluat\u0101cijas vajadz\u012bb\u0101m.<\/p>\n<p><img decoding=\"async\" src=\"https:\/\/www.hydraulic-cylinders.net\/wp-content\/uploads\/2025\/01\/songte-company-2.webp\" alt=\"Produkta att\u0113ls\"><\/p>\n<h2>Funkcijas<\/h2>\n<ul>\n<li>Augsta iztur\u012bba un ilgm\u016b\u017e\u012bba: Parasti izgatavoti no augstas stipr\u012bbas t\u0113rauda vai alum\u012bnija, sp\u0113j iztur\u0113t augstu spiedienu un lielas slodzes, k\u0101 ar\u012b piel\u0101gojami skarbajai darba videi. Projekt\u0113\u0161an\u0101 \u0146emta v\u0113r\u0101 nodilumiztur\u012bba un iztur\u012bba pret koroziju, pagarinot kalpo\u0161anas laiku.<\/li>\n<li>Efekt\u012bva hidraulisk\u0101 darb\u012bba: izmanto hidraulisk\u0101s e\u013c\u013cas spiedienu, lai pan\u0101ktu vienm\u0113r\u012bgas izstiep\u0161anas un ievilk\u0161anas kust\u012bbas, sp\u0113j \u0101tri rea\u0123\u0113t uz vad\u012bbas komand\u0101m, nodro\u0161inot jaud\u012bgu stum\u0161anas un vilk\u0161anas sp\u0113ku, kas piem\u0113rots smagu kravu apstr\u0101dei un sare\u017e\u0123\u012btiem ekspluat\u0101cijas uzdevumiem.<\/li>\n<li>Da\u017e\u0101di veidi: atkar\u012bb\u0101 no pras\u012bb\u0101m var izv\u0113l\u0113ties vienas darb\u012bbas (hidrauliski darbojas tikai vien\u0101 virzien\u0101) vai divk\u0101r\u0161as darb\u012bbas (hidrauliski darbojas divos virzienos) cilindrus, kas atbilst da\u017e\u0101d\u0101m ekspluat\u0101cijas vajadz\u012bb\u0101m. Da\u017ei mode\u013ci ir teleskopiski, kas \u013cauj veikt liel\u0101ku pagarin\u0101jumu, nepalielinot \u0101r\u0113jos izm\u0113rus, t\u0101p\u0113c tie ir piem\u0113roti lietojumiem ar ierobe\u017eotu vietu.<\/li>\n<li>Lieliska nomai\u0146a: m\u016bsu produkts var lieliski nomain\u012bt \u0161os hidrauliskos cilindrus.<\/li>\n<\/ul>\n<p><img decoding=\"async\" src=\"https:\/\/www.hydraulic-cylinders.net\/wp-content\/uploads\/2025\/01\/songte-cylinder-head-with-all-kinds-excavator-models.webp\" alt=\"Produkta aizst\u0101\u0161anas att\u0113ls\"><\/p>\n<h2>Pieteikumi<\/h2>\n<h3>Celtniec\u012bbas apr\u012bkojums:<\/h3>\n<p>Ekskavatoros tie ir \u013coti svar\u012bgi augsnes vai gru\u017eu rak\u0161anai, iekrau\u0161anai un p\u0101rvieto\u0161anai. Ekskavatoros-iekr\u0101v\u0113jos kausa cilindrs pal\u012bdz gan rak\u0161an\u0101, gan cel\u0161an\u0101.<\/p>\n<h3>Lauksaimniec\u012bbas tehnika:<\/h3>\n<p>Izmanto front\u0101lajos iekr\u0101v\u0113jos augsnes, siena un citu materi\u0101lu sav\u0101k\u0161anai, cel\u0161anai un transport\u0113\u0161anai.<\/p>\n<h3>Ekskavatori:<\/h3>\n<p>Kausa cilindrs nodro\u0161ina rak\u0161anas darb\u012bbu, \u013caujot kausam iek\u013c\u016bt augsn\u0113.<\/p>\n<h3>Iekr\u0101v\u0113ji:<\/h3>\n<p>Front\u0101lajos iekr\u0101v\u0113jos tie pal\u012bdz efekt\u012bvi pacelt un izkraut preces.<\/p>\n<h2>Dizaina apsv\u0113rumi un atlases krit\u0113riji<\/h2>\n<ul>\n<li>Bearing capacity: The cylinder&#8217;s ability to withstand load without failure.<\/li>\n<li>Bl\u012bv\u0113jums: Efekt\u012bvs bl\u012bv\u0113jums, lai nov\u0113rstu nopl\u016bdes un uztur\u0113tu hidraulisk\u0101s sist\u0113mas darb\u012bbu.<\/li>\n<li>Durability: Resistance to wear, corrosion, and other factors that may affect the cylinder&#8217;s lifespan.<\/li>\n<li>Safety: Ensuring the cylinder&#8217;s operation does not pose a risk to operators or surrounding equipment.<\/li>\n<li>Uzturam\u012bba: Vienk\u0101r\u0161a apkope un remonts, lai samazin\u0101tu d\u012bkst\u0101ves laiku.<\/li>\n<\/ul>\n<p><img decoding=\"async\" src=\"https:\/\/www.hydraulic-cylinders.net\/wp-content\/uploads\/2025\/01\/songte-oil-pipes-and-spare-parts.webp\" alt=\"Bl\u012bv\u0113\u0161anas un e\u013c\u013co\u0161anas att\u0113ls\"><\/p>\n<h2>Bl\u012bv\u0113\u0161ana un e\u013c\u013co\u0161ana<\/h2>\n<p>Kausa cilindr\u0101 tiek izmantoti da\u017e\u0101di bl\u012bv\u0113jumi, piem\u0113ram, virzu\u013ca bl\u012bv\u0113jumi un stie\u0146a bl\u012bv\u0113jumi, kas izgatavoti no nodilumiztur\u012bgiem materi\u0101liem, piem\u0113ram, poliuret\u0101na un nitrila gumijas. Cilindra korpuss un v\u012bt\u0146otie gali tiek r\u016bp\u012bgi apstr\u0101d\u0101ti, lai uzlabotu nodilumiztur\u012bbu. Lai nodro\u0161in\u0101tu vienm\u0113r\u012bgu darb\u012bbu, ir nepiecie\u0161ama regul\u0101ra e\u013c\u013co\u0161ana ar atbilsto\u0161u hidraulisk\u0101s e\u013c\u013cas daudzumu.<\/p>\n<h2>Regul\u0101ras p\u0101rbaudes un profilaktisk\u0101s apkopes pas\u0101kumi<\/h2>\n<ul>\n<li>Regul\u0101ra p\u0101rbaude: p\u0101rbaudiet, vai nav boj\u0101jumu, nopl\u016b\u017eu vai neparasta darb\u012bbas paz\u012bmju.<\/li>\n<li>Pareiza e\u013c\u013co\u0161ana: P\u0101rliecinieties, vai cilindrs ir pien\u0101c\u012bgi iee\u013c\u013cots, lai nov\u0113rstu p\u0101rm\u0113r\u012bgu nodilumu.<\/li>\n<li>Bl\u012bvju nomai\u0146a: nomainiet nolietot\u0101s bl\u012bves, lai saglab\u0101tu optim\u0101lu veiktsp\u0113ju.<\/li>\n<li>Kalibr\u0113\u0161anas p\u0101rbaude: p\u0101rbaudiet, vai cilindrs darbojas noteikto parametru robe\u017e\u0101s.<\/li>\n<\/ul>\n<p><img decoding=\"async\" src=\"https:\/\/www.hydraulic-cylinders.net\/wp-content\/uploads\/2025\/01\/songte-chushion-collar.webp\" alt=\"Regul\u0101ras apkopes att\u0113ls\"><\/p>\n<h2>Dro\u0161\u012bbas apsv\u0113rumi un vides faktori<\/h2>\n<p>Izmantojot kausa cilindru, ir svar\u012bgi iev\u0113rot dro\u0161\u012bbas pas\u0101kumus, lai nov\u0113rstu negad\u012bjumus vai traumas. Tas ietver atbilsto\u0161u apm\u0101c\u012bbu, atbilsto\u0161u individu\u0101lo aizsardz\u012bbas l\u012bdzek\u013cu lieto\u0161anu un ekspluat\u0101cijas vadl\u012bniju iev\u0113ro\u0161anu. J\u0101\u0146em v\u0113r\u0101 ar\u012b vides faktori, lai nodro\u0161in\u0101tu atbilst\u012bbu noteikumiem un samazin\u0101tu jebk\u0101du negat\u012bvu ietekmi.<\/p>\n<h2>K\u013c\u016bmju diagnostika un bie\u017e\u0101k sastopam\u0101s probl\u0113mas<\/h2>\n<p>Bie\u017ei sastopamas probl\u0113mas ar kausu cilindriem var b\u016bt nopl\u016bde, nepietiekama jauda vai nevienm\u0113r\u012bgas kust\u012bbas. Pareiza k\u013c\u016bmju diagnostika un probl\u0113mu nov\u0113r\u0161ana ir \u013coti svar\u012bga, lai efekt\u012bvi identific\u0113tu un nov\u0113rstu probl\u0113mas. Regul\u0101ra apkope un prevent\u012bvo pas\u0101kumu ievie\u0161ana var pal\u012bdz\u0113t samazin\u0101t potenci\u0101l\u0101s probl\u0113mas.<\/p>\n<p><img decoding=\"async\" src=\"https:\/\/www.hydraulic-cylinders.net\/wp-content\/uploads\/2025\/01\/songte-bushings-with-all-kinds-of-excavator-models.webp\" alt=\"K\u013c\u016bmes diagnostikas att\u0113ls\"><\/p>\n<h2>Secin\u0101jums<\/h2>\n<p>Nosl\u0113gum\u0101 j\u0101saka, ka kausa cilindrs Hyundai lielajam ekskavatoram R445LC-7 ir b\u016btiska smago ma\u0161\u012bnu sast\u0101vda\u013ca, kas nodro\u0161ina prec\u012bzu kontroli materi\u0101lu apstr\u0101des darbos. M\u016bsu uz\u0146\u0113mums ir vado\u0161ais hidraulisko cilindru ra\u017eot\u0101js un vairumtirgot\u0101js, kas pied\u0101v\u0101 pla\u0161u produktu kl\u0101stu, kas lieliski aizst\u0101j un uzlabo da\u017e\u0101du hidraulisko sist\u0113mu veiktsp\u0113ju. Ar m\u016bsu ap\u0146em\u0161anos nodro\u0161in\u0101t izcil\u012bbu, modern\u0101m ra\u017eo\u0161anas iek\u0101rt\u0101m un \u012bpa\u0161u klientu apkalpo\u0161anu m\u0113s cen\u0161amies apmierin\u0101t m\u016bsu klientu da\u017e\u0101d\u0101s vajadz\u012bbas ar augstu efektivit\u0101ti, precizit\u0101ti un kvalit\u0101ti.<\/p>\n<p><img decoding=\"async\" src=\"https:\/\/www.hydraulic-cylinders.net\/wp-content\/uploads\/2025\/01\/songte-company-3.webp\" alt=\"Uz\u0146\u0113muma t\u0113ls\"><\/p>\n<p>S\u0101kot ar m\u016bsu profesionalit\u0101ti, starptautiskajiem sertifik\u0101tiem, piel\u0101gotiem pakalpojumiem, ra\u017eo\u0161anas iek\u0101rt\u0101m un beidzot ar p\u0113cp\u0101rdo\u0161anas atbalstu, m\u0113s cen\u0161amies nodro\u0161in\u0101t visaptvero\u0161u risin\u0101jumu. M\u0113s lepojamies ar savu ap\u0146em\u0161anos nodro\u0161in\u0101t izcilu kvalit\u0101ti un nep\u0101rtrauktu uzlabo\u0161anu, padarot m\u016bs par uzticamu partneri hidraulisko cilindru nozar\u0113.<\/p>\n<p>Autors: lil<\/p>\n<p><\/body><br \/>\n<\/html><\/p>","protected":false},"excerpt":{"rendered":"<p>Bucket Cylinder For Hyundai Large Excavator R445LC-7 Bucket Cylinder For Hyundai Large Excavator R445LC-7 Introduction The bucket cylinder for Hyundai large excavator R445LC-7 is a specially designed hydraulic cylinder used to control the movement of the bucket in heavy machinery such as excavators, backhoe loaders, and front-end loaders. Its main function is to enable the [&hellip;]<\/p>","protected":false},"featured_media":14789,"comment_status":"open","ping_status":"closed","template":"","meta":{"_et_pb_use_builder":"","_et_pb_old_content":"","_et_gb_content_width":""},"product_brand":[],"product_cat":[1494],"product_tag":[1495,1496],"class_list":{"0":"post-15327","1":"product","2":"type-product","3":"status-publish","4":"has-post-thumbnail","6":"product_cat-bucket-cylinders","7":"product_tag-bucket-cylinders","8":"product_tag-hydraulic-cylinders","10":"first","11":"instock","12":"shipping-taxable","13":"product-type-simple"},"amp_enabled":true,"_links":{"self":[{"href":"https:\/\/www.hydraulic-cylinders.net\/lv\/wp-json\/wp\/v2\/product\/15327","targetHints":{"allow":["GET"]}}],"collection":[{"href":"https:\/\/www.hydraulic-cylinders.net\/lv\/wp-json\/wp\/v2\/product"}],"about":[{"href":"https:\/\/www.hydraulic-cylinders.net\/lv\/wp-json\/wp\/v2\/types\/product"}],"replies":[{"embeddable":true,"href":"https:\/\/www.hydraulic-cylinders.net\/lv\/wp-json\/wp\/v2\/comments?post=15327"}],"wp:featuredmedia":[{"embeddable":true,"href":"https:\/\/www.hydraulic-cylinders.net\/lv\/wp-json\/wp\/v2\/media\/14789"}],"wp:attachment":[{"href":"https:\/\/www.hydraulic-cylinders.net\/lv\/wp-json\/wp\/v2\/media?parent=15327"}],"wp:term":[{"taxonomy":"product_brand","embeddable":true,"href":"https:\/\/www.hydraulic-cylinders.net\/lv\/wp-json\/wp\/v2\/product_brand?post=15327"},{"taxonomy":"product_cat","embeddable":true,"href":"https:\/\/www.hydraulic-cylinders.net\/lv\/wp-json\/wp\/v2\/product_cat?post=15327"},{"taxonomy":"product_tag","embeddable":true,"href":"https:\/\/www.hydraulic-cylinders.net\/lv\/wp-json\/wp\/v2\/product_tag?post=15327"}],"curies":[{"name":"wp","href":"https:\/\/api.w.org\/{rel}","templated":true}]}}