{"id":15329,"date":"2025-01-19T14:23:37","date_gmt":"2025-01-19T14:23:37","guid":{"rendered":"https:\/\/www.hydraulic-cylinders.net\/product\/bucket-cylinder-for-hyundai-large-excavator-r320lc-7\/"},"modified":"2025-01-19T14:23:39","modified_gmt":"2025-01-19T14:23:39","slug":"bucket-cylinder-for-hyundai-large-excavator-r320lc-7","status":"publish","type":"product","link":"https:\/\/www.hydraulic-cylinders.net\/lv\/products\/bucket-cylinder-for-hyundai-large-excavator-r320lc-7\/","title":{"rendered":"Kausa cilindrs Hyundai lielajam ekskavatoram R320LC-7"},"content":{"rendered":"<h1>Kausa cilindrs Hyundai lielajam ekskavatoram R320LC-7<\/h1>\n<h2>Ievads<\/h2>\n<p>Kausa cilindrs ir specializ\u0113ts hidrauliskais cilindrs, ko galvenok\u0101rt izmanto, lai kontrol\u0113tu kausu kust\u012bbu smagaj\u0101s ma\u0161\u012bn\u0101s, piem\u0113ram, ekskavatoros, ekskavatoros un front\u0101lajos iekr\u0101v\u0113jos. T\u0101 galven\u0101 funkcija ir pacelt, nolaist un noliekt kausu, atvieglojot da\u017e\u0101du materi\u0101lu apstr\u0101di. Hidrauliskaj\u0101 sist\u0113m\u0101 kausa cilindrs pan\u0101k prec\u012bzu kausa kontroli, mainot hidraulisk\u0101s e\u013c\u013cas spiedienu, \u013caujot operatoriem efekt\u012bvi apstr\u0101d\u0101t smagas kravas un piel\u0101goties sare\u017e\u0123\u012btai darba videi un da\u017e\u0101d\u0101m ekspluat\u0101cijas pras\u012bb\u0101m.<\/p>\n<p><img decoding=\"async\" src=\"https:\/\/www.hydraulic-cylinders.net\/wp-content\/uploads\/2025\/01\/songte-company-2.webp\" alt=\"kausa cilindra att\u0113ls\"><\/p>\n<h2>Funkcijas<\/h2>\n<ul>\n<li>Augsta iztur\u012bba un ilgm\u016b\u017e\u012bba: Parasti no augstas stipr\u012bbas t\u0113rauda vai alum\u012bnija izgatavotais kausa cilindrs var iztur\u0113t augstu spiedienu un lielas slodzes, piel\u0101gojoties skarbai darba videi. Konstrukcij\u0101 \u0146emta v\u0113r\u0101 nodilumiztur\u012bba un iztur\u012bba pret koroziju, pagarinot t\u0101 kalpo\u0161anas laiku.<\/li>\n<li>Efekt\u012bva hidraulisk\u0101 darb\u012bba: Izmantojot hidraulisk\u0101s e\u013c\u013cas spiedienu, t\u0101 pan\u0101k vienm\u0113r\u012bgu teleskopisko kust\u012bbu, nodro\u0161inot sp\u0113c\u012bgu stum\u0161anas un vilk\u0161anas sp\u0113ku, kas ir piem\u0113rots smagu kravu apstr\u0101dei un sare\u017e\u0123\u012btu ekspluat\u0101cijas uzdevumu veik\u0161anai.<\/li>\n<li>Da\u017e\u0101di veidi: vienas darb\u012bbas (hidraulisk\u0101 sist\u0113ma tiek izmantota tikai vien\u0101 virzien\u0101) vai divk\u0101r\u0161as darb\u012bbas (hidraulisk\u0101 sist\u0113ma tiek izmantota abos virzienos) cilindru var izv\u0113l\u0113ties atbilsto\u0161i vajadz\u012bb\u0101m, lai apmierin\u0101tu da\u017e\u0101das ekspluat\u0101cijas pras\u012bbas. Da\u017ei mode\u013ci ir teleskopiski, kas \u013cauj pan\u0101kt liel\u0101ku pagarin\u0101jumu, nepalielinot \u0101r\u0113jo izm\u0113ru, t\u0101p\u0113c tie ir piem\u0113roti lietojumiem ar ierobe\u017eotu vietu.<\/li>\n<li>Piel\u0101gota ra\u017eo\u0161ana: m\u016bsu produkts var lieliski aizst\u0101t \u0161os hidrauliskos cilindrus.<\/li>\n<\/ul>\n<p><img decoding=\"async\" src=\"https:\/\/www.hydraulic-cylinders.net\/wp-content\/uploads\/2025\/01\/songte-cylinder-head-with-all-kinds-excavator-models.webp\" alt=\"kausa cilindra nomai\u0146as att\u0113ls\"><\/p>\n<h2>Pieteikumi<\/h2>\n<p>Kausa cilindrs tiek pla\u0161i izmantots da\u017e\u0101d\u0101s smagaj\u0101s ma\u0161\u012bn\u0101s, piem\u0113ram:<\/p>\n<ul>\n<li>B\u016bvniec\u012bbas tehnika: Ekskavatoros t\u0101s ir \u013coti svar\u012bgas augsnes vai gru\u017eu rak\u0161anai, iekrau\u0161anai un p\u0101rvieto\u0161anai. Ekskavatoros kausa cilindrs pal\u012bdz gan rak\u0161an\u0101, gan cel\u0161an\u0101. Front\u0101lajos iekr\u0101v\u0113jos t\u0101s pal\u012bdz efekt\u012bvi pacelt un izg\u0101zt preces.<\/li>\n<li>Lauksaimniec\u012bbas tehnika: Izmanto front\u0101lajos iekr\u0101v\u0113jos augsnes, siena un citu materi\u0101lu rak\u0161anai, cel\u0161anai un transport\u0113\u0161anai. Ekskavatoros kausa cilindrs pan\u0101k rak\u0161anas darb\u012bbu, \u013caujot kausam iek\u013c\u016bt augsn\u0113. <\/li>\n<\/ul>\n<h2>Projekt\u0113\u0161anas apsv\u0113rumi un atlases standarti<\/h2>\n<p>Kausa cilindrs ir izstr\u0101d\u0101ts, \u0146emot v\u0113r\u0101 \u0161\u0101dus faktorus:<\/p>\n<ul>\n<li>Nestsp\u0113ja<\/li>\n<li>Bl\u012bv\u0113\u0161anas veiktsp\u0113ja<\/li>\n<li>Iztur\u012bba<\/li>\n<li>Dro\u0161\u012bba<\/li>\n<li>Uzturam\u012bba<\/li>\n<\/ul>\n<p>Galvenie dizaina apsv\u0113rumi ir \u0161\u0101di:<\/p>\n<h3>Nestsp\u0113ja<\/h3>\n<p>Kausa cilindri ir izgatavoti no augstas iztur\u012bbas materi\u0101liem, piem\u0113ram, t\u0113rauda vai alum\u012bnija, kas var iztur\u0113t augstu spiedienu un lielas slodzes. Konstrukcij\u0101 \u0146emta v\u0113r\u0101 nodilumiztur\u012bba un iztur\u012bba pret koroziju, pagarinot t\u0101 kalpo\u0161anas laiku.<\/p>\n<h3>Bl\u012bv\u0113juma veiktsp\u0113ja<\/h3>\n<p>Lai nov\u0113rstu hidraulisk\u0101s e\u013c\u013cas nopl\u016bdi, tiek izmantoti da\u017e\u0101di bl\u012bv\u0113\u0161anas komponenti, piem\u0113ram, virzu\u013ca bl\u012bvsl\u0113gi \u200b\u200bun stie\u0146a bl\u012bvsl\u0113gi. \u0160ie bl\u012bvsl\u0113gi \u200b\u200bir izgatavoti no nodilumiztur\u012bgiem materi\u0101liem, piem\u0113ram, poliuret\u0101na un nitrila gumijas.<\/p>\n<h3>Iztur\u012bba<\/h3>\n<p>Cilindra korpuss un v\u012bt\u0146ot\u0101 gala virsma ir prec\u012bzi apstr\u0101d\u0101ta, lai uzlabotu nodilumiztur\u012bbu. Virsma ir apstr\u0101d\u0101ta ar pretkorozijas materi\u0101liem, lai pagarin\u0101tu cilindra kalpo\u0161anas laiku.<\/p>\n<h3>Dro\u0161\u012bba<\/h3>\n<p>Kausa cilindrs ir apr\u012bkots ar dro\u0161\u012bbas ier\u012bc\u0113m, piem\u0113ram, spiediena samazin\u0101\u0161anas v\u0101rstu, lai nov\u0113rstu boj\u0101jumus p\u0101rm\u0113r\u012bga spiediena d\u0113\u013c.<\/p>\n<h3>Uzturam\u012bba<\/h3>\n<p>Cilindrs ir konstru\u0113ts t\u0101, lai to b\u016btu viegli uztur\u0113t. Ieteicams regul\u0101ri p\u0101rbaud\u012bt un nomain\u012bt nolietot\u0101s deta\u013cas, piem\u0113ram, bl\u012bves un bukses.<\/p>\n<p><img decoding=\"async\" src=\"https:\/\/www.hydraulic-cylinders.net\/wp-content\/uploads\/2025\/01\/songte-oil-pipes-and-spare-parts.webp\" alt=\"kausa cilindra deta\u013cu att\u0113ls\"><\/p>\n<h2>Bl\u012bv\u0113\u0161ana un e\u013c\u013co\u0161ana<\/h2>\n<p>Lai nov\u0113rstu hidraulisk\u0101s e\u013c\u013cas nopl\u016bdi, tiek izmantoti da\u017e\u0101di bl\u012bv\u0113\u0161anas komponenti, piem\u0113ram, virzu\u013ca bl\u012bvsl\u0113gi \u200b\u200bun stie\u0146a bl\u012bvsl\u0113gi. \u0160ie bl\u012bvsl\u0113gi \u200b\u200bir izgatavoti no nodilumiztur\u012bgiem materi\u0101liem, piem\u0113ram, poliuret\u0101na un nitrila gumijas. Cilindra korpuss un v\u012bt\u0146ot\u0101 gala virsma ir prec\u012bzi apstr\u0101d\u0101ta, lai uzlabotu nodilumiztur\u012bbu. Virsma ir apstr\u0101d\u0101ta ar pretkorozijas materi\u0101liem, lai pagarin\u0101tu cilindra kalpo\u0161anas laiku. Nepiecie\u0161ama regul\u0101ra e\u013c\u013co\u0161ana ar atbilsto\u0161u hidraulisk\u0101s e\u013c\u013cas daudzumu.<\/p>\n<h2>P\u0101rbaudes un profilaktisk\u0101s apkopes pas\u0101kumi<\/h2>\n<p>Regul\u0101ras p\u0101rbaudes un prevent\u012bv\u0101s apkopes pas\u0101kumi ietver:<\/p>\n<ul>\n<li>Nopl\u016b\u017eu p\u0101rbaude<\/li>\n<li>Va\u013c\u012bguma vai boj\u0101jumu p\u0101rbaude<\/li>\n<li>P\u0101rm\u0113r\u012bga nodiluma p\u0101rbaude<\/li>\n<li>E\u013c\u013co\u0161ana<\/li>\n<li>Nodilu\u0161o deta\u013cu nomai\u0146a<\/li>\n<li>Kalibr\u0113\u0161anas p\u0101rbaudes<\/li>\n<\/ul>\n<p>Pareiza kausa cilindra uzst\u0101d\u012b\u0161ana, e\u013c\u013co\u0161ana un regul\u0113\u0161ana ir b\u016btiska. Uzst\u0101d\u012b\u0161anas laik\u0101 j\u0101nodro\u0161ina atbilsto\u0161a izl\u012bdzin\u0101\u0161anas vadl\u012bnijas. Balona nostiprin\u0101\u0161anai iesak\u0101m izmantot atbilsto\u0161us mont\u0101\u017eas kron\u0161teinus. Ir pieejamas ieteicam\u0101s p\u0101rbaudes, remonta un nomai\u0146as proced\u016bras, lai uzlabotu kausa cilindra kalpo\u0161anas laiku. <\/p>\n<p><img decoding=\"async\" src=\"https:\/\/www.hydraulic-cylinders.net\/wp-content\/uploads\/2025\/01\/songte-chushion-collar.webp\" alt=\"kausa cilindra uzst\u0101d\u012b\u0161anas att\u0113ls\"><\/p>\n<h2>Dro\u0161\u012bbas apsv\u0113rumi un vides faktori<\/h2>\n<p>Str\u0101d\u0101jot ar smag\u0101m ma\u0161\u012bn\u0101m, piem\u0113ram, kausa cilindru, ir svar\u012bgi iev\u0113rot dro\u0161\u012bbas pas\u0101kumus. J\u0101izmanto atbilsto\u0161s dro\u0161\u012bbas apr\u012bkojums, piem\u0113ram, cimdi, aizsargbrilles un \u0137iveres. E\u013c\u013cas nopl\u016bdes nekav\u0113joties j\u0101not\u012bra, lai samazin\u0101tu pasl\u012bd\u0113\u0161anas un kritiena risku. Lietojot kausa cilindru, j\u0101\u0146em v\u0113r\u0101 ar\u012b t\u0101di vides faktori k\u0101 temperat\u016bra un mitrums.<\/p>\n<h2>Probl\u0113mu nov\u0113r\u0161ana un bie\u017ei sastopamas probl\u0113mas<\/h2>\n<p>Bie\u017e\u0101k\u0101s probl\u0113mas, kas var rasties, lietojot kausa cilindru, ir \u0161\u0101das:<\/p>\n<ul>\n<li>Hidraulisk\u0101s e\u013c\u013cas nopl\u016bde<\/li>\n<li>Balona korpusa boj\u0101jumi<\/li>\n<li>Nolietotas bl\u012bves<\/li>\n<li>Va\u013c\u012bgas vai boj\u0101tas deta\u013cas<\/li>\n<li>Nerea\u0123\u0113\u0161ana uz vad\u012bbas komand\u0101m<\/li>\n<\/ul>\n<p>Lai efekt\u012bvi diagnostic\u0113tu un risin\u0101tu probl\u0113mas, iesak\u0101m iev\u0113rot ieteicam\u0101s p\u0101rbaudes, remonta un nomai\u0146as proced\u016bras. Iesak\u0101m ar\u012b prevent\u012bvus pas\u0101kumus, piem\u0113ram, regul\u0101ras p\u0101rbaudes, apkopi un kalibr\u0113\u0161anas p\u0101rbaudes.<\/p>\n<p><img decoding=\"async\" src=\"https:\/\/www.hydraulic-cylinders.net\/wp-content\/uploads\/2025\/01\/songte-bushings-with-all-kinds-of-excavator-models.webp\" alt=\"kausa cilindra bukses att\u0113ls\"><\/p>\n<h2>Par m\u016bsu uz\u0146\u0113mumu<\/h2>\n<p>M\u0113s esam vado\u0161ais hidraulisko cilindru ra\u017eot\u0101js un vairumtirgot\u0101js viet\u0113j\u0101 un starptautiskaj\u0101 tirg\u016b. M\u0113s specializ\u0113jamies kausu cilindru ra\u017eo\u0161an\u0101, kas var lieliski aizst\u0101t \u0161os hidrauliskos cilindrus. M\u016bsu produkti ir paz\u012bstami ar savu izcilo kvalit\u0101ti, un m\u0113s pa\u013caujamies uz m\u016bsu sare\u017e\u0123\u012bt\u0101s ra\u017eo\u0161anas darbn\u012bcas industrializ\u0113to ra\u017eo\u0161anas vad\u012bbas strat\u0113\u0123iju, tehnolo\u0123iskajiem talantiem, digit\u0101laj\u0101m progres\u012bvaj\u0101m ra\u017eo\u0161anas iek\u0101rt\u0101m un profesion\u0101laj\u0101m test\u0113\u0161anas sist\u0113m\u0101m, lai past\u0101v\u012bgi uzlabotu savu ra\u017eo\u0161anas platformu. Mums ir sp\u0113c\u012bgas rado\u0161\u0101s sp\u0113jas un m\u0113s iev\u0113rojam augstas efektivit\u0101tes, augstas precizit\u0101tes un augstas kvalit\u0101tes principus, un m\u0113s esam ap\u0146\u0113mu\u0161ies apmierin\u0101t m\u016bsu klientu da\u017e\u0101d\u0101s vajadz\u012bbas.<\/p>\n<p>M\u016bsu uz\u0146\u0113mums pied\u0101v\u0101 profesion\u0101lus pakalpojumus un piel\u0101gotus produktus, un mums ir starptautiski sertifik\u0101ti, piem\u0113ram, ISO9001 un CE, kas garant\u0113 m\u016bsu produktu un pakalpojumu kvalit\u0101ti.<\/p>\n<p>Mums ir profesion\u0101la ra\u017eo\u0161anas komanda un modernas ra\u017eo\u0161anas iek\u0101rtas, tostarp CNC iek\u0101rtas, hidraulisk\u0101s p\u0101rbaudes stendi un citas test\u0113\u0161anas iek\u0101rtas, lai nodro\u0161in\u0101tu m\u016bsu produktu atbilst\u012bbu augst\u0101kajiem kvalit\u0101tes standartiem. M\u0113s pied\u0101v\u0101jam ar\u012b p\u0113cp\u0101rdo\u0161anas servisu, tostarp deta\u013cu nomai\u0146as un atjauno\u0161anas pakalpojumus, lai maksim\u0101li palielin\u0101tu m\u016bsu produktu kalpo\u0161anas laiku.<\/p>\n<p><img decoding=\"async\" src=\"https:\/\/hzpt.com\/wp-content\/uploads\/2024\/11\/songte-company-1.webp\" alt=\"uz\u0146\u0113muma t\u0113ls\"><\/p>\n<p>Autors: lil<\/p>","protected":false},"excerpt":{"rendered":"<p>Bucket Cylinder For Hyundai Large Excavator R320LC-7 Introduction A bucket cylinder is a specialized hydraulic cylinder used primarily to control the movement of buckets in heavy machinery such as excavators, backhoes, and front loaders. Its main function is to lift, lower, and tilt the bucket, making it easier to handle various materials. In the hydraulic [&hellip;]<\/p>","protected":false},"featured_media":14787,"comment_status":"open","ping_status":"closed","template":"","meta":{"_et_pb_use_builder":"","_et_pb_old_content":"","_et_gb_content_width":""},"product_brand":[],"product_cat":[1494],"product_tag":[1495,1496],"class_list":{"0":"post-15329","1":"product","2":"type-product","3":"status-publish","4":"has-post-thumbnail","6":"product_cat-bucket-cylinders","7":"product_tag-bucket-cylinders","8":"product_tag-hydraulic-cylinders","10":"first","11":"instock","12":"shipping-taxable","13":"product-type-simple"},"amp_enabled":true,"_links":{"self":[{"href":"https:\/\/www.hydraulic-cylinders.net\/lv\/wp-json\/wp\/v2\/product\/15329","targetHints":{"allow":["GET"]}}],"collection":[{"href":"https:\/\/www.hydraulic-cylinders.net\/lv\/wp-json\/wp\/v2\/product"}],"about":[{"href":"https:\/\/www.hydraulic-cylinders.net\/lv\/wp-json\/wp\/v2\/types\/product"}],"replies":[{"embeddable":true,"href":"https:\/\/www.hydraulic-cylinders.net\/lv\/wp-json\/wp\/v2\/comments?post=15329"}],"wp:featuredmedia":[{"embeddable":true,"href":"https:\/\/www.hydraulic-cylinders.net\/lv\/wp-json\/wp\/v2\/media\/14787"}],"wp:attachment":[{"href":"https:\/\/www.hydraulic-cylinders.net\/lv\/wp-json\/wp\/v2\/media?parent=15329"}],"wp:term":[{"taxonomy":"product_brand","embeddable":true,"href":"https:\/\/www.hydraulic-cylinders.net\/lv\/wp-json\/wp\/v2\/product_brand?post=15329"},{"taxonomy":"product_cat","embeddable":true,"href":"https:\/\/www.hydraulic-cylinders.net\/lv\/wp-json\/wp\/v2\/product_cat?post=15329"},{"taxonomy":"product_tag","embeddable":true,"href":"https:\/\/www.hydraulic-cylinders.net\/lv\/wp-json\/wp\/v2\/product_tag?post=15329"}],"curies":[{"name":"wp","href":"https:\/\/api.w.org\/{rel}","templated":true}]}}