{"id":15330,"date":"2025-01-19T14:23:41","date_gmt":"2025-01-19T14:23:41","guid":{"rendered":"https:\/\/www.hydraulic-cylinders.net\/product\/bucket-cylinder-for-hyundai-large-excavator-r370lc-7\/"},"modified":"2025-01-19T14:23:43","modified_gmt":"2025-01-19T14:23:43","slug":"bucket-cylinder-for-hyundai-large-excavator-r370lc-7","status":"publish","type":"product","link":"https:\/\/www.hydraulic-cylinders.net\/lv\/products\/bucket-cylinder-for-hyundai-large-excavator-r370lc-7\/","title":{"rendered":"Kausa cilindrs Hyundai lielajam ekskavatoram R370LC-7"},"content":{"rendered":"<h1>Kausa cilindrs Hyundai lielajam ekskavatoram R370LC-7<\/h1>\n<h2>Ievads<\/h2>\n<h3>Produkta defin\u012bcija<\/h3>\n<p>Kausa cilindrs ir hidraulisk\u0101 cilindra veids, kas \u012bpa\u0161i paredz\u0113ts kausu kust\u012bbas vad\u012bbai smagaj\u0101s ma\u0161\u012bn\u0101s, piem\u0113ram, ekskavatoros, univers\u0101lajos iekr\u0101v\u0113jos un front\u0101lajos iekr\u0101v\u0113jos. T\u0101 galven\u0101 funkcija ir nodro\u0161in\u0101t kausu pacel\u0161anu, nolai\u0161anu un noliek\u0161anu, atvieglojot da\u017e\u0101du materi\u0101lu apstr\u0101des uzdevumu veik\u0161anu. Hidrauliskaj\u0101s sist\u0113m\u0101s kausa cilindri izmanto hidraulisk\u0101s e\u013c\u013cas spiediena izmai\u0146as, lai pan\u0101ktu prec\u012bzu kausa vad\u012bbu, \u013caujot operatoriem efekt\u012bvi apstr\u0101d\u0101t smagas kravas, piel\u0101goties sare\u017e\u0123\u012btai darba videi un da\u017e\u0101d\u0101m darba pras\u012bb\u0101m.<\/p>\n<p><img decoding=\"async\" src=\"https:\/\/www.hydraulic-cylinders.net\/wp-content\/uploads\/2025\/01\/songte-company-2.webp\" alt=\"Kausa cilindra att\u0113ls\"><\/p>\n<h3>Produkta funkcijas<\/h3>\n<ul>\n<li><strong>Augsta iztur\u012bba un ilgm\u016b\u017e\u012bba:<\/strong> Kausa cilindri, kas parasti ir izgatavoti no augstas stipr\u012bbas t\u0113rauda vai alum\u012bnija, var iztur\u0113t augstu spiedienu un lielas slodzes, piel\u0101gojoties skarbai darba videi. Konstrukcij\u0101 \u0146emta v\u0113r\u0101 nodilumiztur\u012bba un iztur\u012bba pret koroziju, pagarinot to kalpo\u0161anas laiku.<\/li>\n<li><strong>Efekt\u012bva hidraulisk\u0101 darb\u012bba:<\/strong> Izmantojot hidraulisk\u0101s e\u013c\u013cas spiedienu, lai pan\u0101ktu vienm\u0113r\u012bgu izstiep\u0161anu un sarau\u0161anos, kausa cilindri var \u0101tri rea\u0123\u0113t uz vad\u012bbas komand\u0101m, nodro\u0161inot sp\u0113c\u012bgu stum\u0161anas un vilk\u0161anas sp\u0113ku, kas ir piem\u0113rots smagu kravu apstr\u0101dei un sare\u017e\u0123\u012btiem darba uzdevumiem.<\/li>\n<li><strong>Veidu da\u017e\u0101d\u012bba:<\/strong> Kausa cilindrus var izv\u0113l\u0113ties k\u0101 vienk\u0101r\u0161as darb\u012bbas (hidraulika tiek izmantota tikai vien\u0101 virzien\u0101) vai divk\u0101r\u0161as darb\u012bbas (hidraulika tiek izmantota abos virzienos) atkar\u012bb\u0101 no konkr\u0113taj\u0101m ekspluat\u0101cijas vajadz\u012bb\u0101m. Da\u017ei mode\u013ci ir teleskopiski, kas \u013cauj tos papla\u0161in\u0101t, nepalielinot \u0101r\u0113jos izm\u0113rus, un ir piem\u0113roti lieto\u0161anai ierobe\u017eot\u0101 telp\u0101.<\/li>\n<li><strong>Perfekta nomai\u0146a:<\/strong> M\u016bsu kausa cilindrs var lieliski aizst\u0101t \u0161os hidrauliskos cilindrus. <\/li>\n<\/ul>\n<p><img decoding=\"async\" src=\"https:\/\/www.hydraulic-cylinders.net\/wp-content\/uploads\/2025\/01\/songte-cylinder-head-with-all-kinds-excavator-models.webp\" alt=\"Kausa cilindra nomai\u0146as att\u0113ls\"><\/p>\n<h3>Lietojumprogrammu scen\u0101riji<\/h3>\n<p>Kausa cilindri tiek pla\u0161i izmantoti da\u017e\u0101d\u0101s celtniec\u012bbas, lauksaimniec\u012bbas un kalnr\u016bpniec\u012bbas ma\u0161\u012bn\u0101s, piem\u0113ram:<\/p>\n<ul>\n<li><strong>Celtniec\u012bbas apr\u012bkojums:<\/strong> Ekskavatoros tie ir kritiski svar\u012bgi rak\u0161anas, iekrau\u0161anas un augsnes vai gru\u017eu p\u0101rvieto\u0161anas darbiem. Ekskavatoros kausa cilindri pal\u012bdz gan rak\u0161anas, gan cel\u0161anas darbos. <\/li>\n<li><strong>Lauksaimniec\u012bbas tehnika:<\/strong> Izmanto front\u0101lajos iekr\u0101v\u0113jos augsnes, siena un citu materi\u0101lu sav\u0101k\u0161anai, cel\u0161anai un transport\u0113\u0161anai.<\/li>\n<li><strong>Kalnr\u016bpniec\u012bbas tehnika:<\/strong> Kausa cilindri nodro\u0161ina rak\u0161anas darbus, \u013caujot kausam iek\u013c\u016bt augsn\u0113. <\/li>\n<li><strong>Citas ma\u0161\u012bnas:<\/strong> Front\u0101lajos iekr\u0101v\u0113jos kausa cilindri pal\u012bdz efekt\u012bvi pacelt un izg\u0101zt preces.<\/li>\n<\/ul>\n<h3>Dizaina apsv\u0113rumi un atlases krit\u0113riji<\/h3>\n<p>Izv\u0113loties cilindru, j\u0101\u0146em v\u0113r\u0101 vair\u0101ki faktori, tostarp:<\/p>\n<ul>\n<li><strong>Nestsp\u0113ja:<\/strong> Balonam j\u0101sp\u0113j iztur\u0113t maksim\u0101lo slodzi, kurai tas tiks pak\u013cauts, neliecoties vai neradot katastrof\u0101lus boj\u0101jumus.<\/li>\n<li><strong>Bl\u012bv\u0113jums:<\/strong> Cilindram ir j\u0101uztur labs bl\u012bv\u0113jums, lai nov\u0113rstu hidraulisk\u0101 \u0161\u0137idruma nopl\u016bdi, kas samazin\u0101tu t\u0101 efektivit\u0101ti un rad\u012btu potenci\u0101lus dro\u0161\u012bbas apdraud\u0113jumus.<\/li>\n<li><strong>Iztur\u012bba:<\/strong> Balonam j\u0101b\u016bt izgatavotam no materi\u0101liem, kas iztur nodilumu un koroziju, nodro\u0161inot t\u0101 ilgu kalpo\u0161anas laiku skarbos apst\u0101k\u013cos. <\/li>\n<li><strong>Dro\u0161\u012bba:<\/strong> Balonam j\u0101b\u016bt projekt\u0113tam un uzst\u0101d\u012btam ar dro\u0161\u012bbas funkcij\u0101m, lai nov\u0113rstu negad\u012bjumus ekspluat\u0101cijas laik\u0101.<\/li>\n<li><strong>Uzturam\u012bba:<\/strong> Balonam j\u0101b\u016bt viegli kopjamam un remont\u0113jamam, ar viegli pieejam\u0101m rezerves da\u013c\u0101m, un stingri j\u0101iev\u0113ro apkopes proced\u016bras, lai nodro\u0161in\u0101tu t\u0101 uzticamu darb\u012bbu.<\/li>\n<\/ul>\n<p><img decoding=\"async\" src=\"https:\/\/www.hydraulic-cylinders.net\/wp-content\/uploads\/2025\/01\/songte-oil-pipes-and-spare-parts.webp\" alt=\"Kausa cilindra dizaina att\u0113ls\"><\/p>\n<h3>Bl\u012bv\u0113\u0161ana un e\u013c\u013co\u0161ana<\/h3>\n<p>Kausa cilindram ir nepiecie\u0161ami da\u017e\u0101di bl\u012bv\u0113\u0161anas komponenti, piem\u0113ram, virzu\u013ca bl\u012bv\u0113jumi un stie\u0146a bl\u012bv\u0113jumi, lai uztur\u0113tu labu bl\u012bv\u0113jumu un nov\u0113rstu hidraulisk\u0101 \u0161\u0137idruma nopl\u016bdi. Bl\u012bv\u0113jumi ir izgatavoti no nodilumiztur\u012bgiem materi\u0101liem, piem\u0113ram, poliuret\u0101na un nitrila gumijas. Cilindra korpuss un v\u012bt\u0146ot\u0101s gala virsmas ir smalki apstr\u0101d\u0101tas, lai uzlabotu nodilumiztur\u012bbu. Lai nodro\u0161in\u0101tu vienm\u0113r\u012bgu darb\u012bbu, cilindram ir nepiecie\u0161ama regul\u0101ra e\u013c\u013co\u0161ana ar hidraulisko e\u013c\u013cu.<\/p>\n<h3>Apkope un prevent\u012bvie pas\u0101kumi<\/h3>\n<p>Regul\u0101ra apkope un prevent\u012bvie pas\u0101kumi ir \u013coti svar\u012bgi, lai nodro\u0161in\u0101tu kausa cilindra ilgtermi\u0146a darb\u012bbu un kalpo\u0161anas laiku. Bie\u017ei veicamie apkopes darbi ietver:<\/p>\n<ul>\n<li><strong>Regul\u0101ra p\u0101rbaude:<\/strong> Regul\u0101ri p\u0101rbaudiet cilindru, lai atkl\u0101tu nopl\u016bdes, plaisas vai iespiedumus, un p\u0101rbaudiet, vai tas ir pareizi izl\u012bdzin\u0101ts un sader ar cit\u0101m sast\u0101vda\u013c\u0101m.<\/li>\n<li><strong>Pareiza e\u013c\u013co\u0161ana:<\/strong> Pievienojiet atbilsto\u0161u hidraulisk\u0101s e\u013c\u013cas daudzumu, lai iee\u013c\u013cotu cilindru, nodro\u0161inot vienm\u0113r\u012bgu darb\u012bbu.<\/li>\n<li><strong>Bl\u012bv\u0113juma nomai\u0146a:<\/strong> Regul\u0101ri nomainiet bl\u012bves, lai uztur\u0113tu labu bl\u012bv\u0113jumu un nov\u0113rstu hidraulisk\u0101 \u0161\u0137idruma nopl\u016bdi.<\/li>\n<li><strong>Kalibr\u0113\u0161anas p\u0101rbaude:<\/strong> Regul\u0101ri p\u0101rbaudiet cilindra kalibr\u0113\u0161anu, lai p\u0101rliecin\u0101tos, ka tas darbojas nor\u0101d\u012bto parametru robe\u017e\u0101s.<\/li>\n<\/ul>\n<p><img decoding=\"async\" src=\"https:\/\/www.hydraulic-cylinders.net\/wp-content\/uploads\/2025\/01\/songte-chushion-collar.webp\" alt=\"Kausa cilindra apkopes att\u0113ls\"><\/p>\n<h3>Dro\u0161\u012bbas apsv\u0113rumi un vides faktori<\/h3>\n<p>Izmantojot kausu cilindrus, j\u0101\u0146em v\u0113r\u0101 dro\u0161\u012bbas pas\u0101kumi, lai nov\u0113rstu negad\u012bjumus. Operatoriem j\u0101b\u016bt apm\u0101c\u012btiem par pareizu apr\u012bkojuma lieto\u0161anu, tostarp dro\u0161\u012bbas proced\u016br\u0101m un piesardz\u012bbas pas\u0101kumiem. Vides faktori, piem\u0113ram, temperat\u016bra, mitrums un putek\u013ci, var ietekm\u0113t cilindra veiktsp\u0113ju un kalpo\u0161anas laiku, un j\u0101veic atbilsto\u0161i apkopes un aizsardz\u012bbas pas\u0101kumi, lai nodro\u0161in\u0101tu t\u0101 dro\u0161u darb\u012bbu.<\/p>\n<h3>Probl\u0113mu nov\u0113r\u0161ana un bie\u017ei sastopamas probl\u0113mas<\/h3>\n<p>Bie\u017ei sastopamas probl\u0113mas ar kausu cilindriem ir \u0161\u0101das:<\/p>\n<ul>\n<li><strong>Nopl\u016bde:<\/strong> Hidraulisk\u0101 \u0161\u0137idruma nopl\u016bde var izrais\u012bt spiediena zudumu un samazin\u0101t cilindra efektivit\u0101ti.<\/li>\n<li><strong>Bl\u012bv\u0113juma boj\u0101jums:<\/strong> Bl\u012bv\u0113jumi var nolietoties vai tikt boj\u0101ti, izraisot hidraulisk\u0101 \u0161\u0137idruma nopl\u016bdi un cilindra boj\u0101jumu.<\/li>\n<li><strong>Liek\u0161ana:<\/strong> Cilindrs var saliekties p\u0101rslodzes vai nepareizas uzst\u0101d\u012b\u0161anas d\u0113\u013c, samazinot t\u0101 efektivit\u0101ti un, iesp\u0113jams, radot dro\u0161\u012bbas apdraud\u0113jumus.<\/li>\n<\/ul>\n<p>Lai diagnostic\u0113tu un atrisin\u0101tu \u0161\u012bs probl\u0113mas, operatoriem j\u0101iev\u0113ro atbilsto\u0161as \u200b\u200bapkopes un p\u0101rbaudes proced\u016bras, j\u0101izmanto atbilsto\u0161i hidrauliskie \u0161\u0137idrumi un sm\u0113rvielas, k\u0101 ar\u012b j\u0101nomaina visas boj\u0101t\u0101s vai nolietot\u0101s deta\u013cas.<\/p>\n<p><img decoding=\"async\" src=\"https:\/\/www.hydraulic-cylinders.net\/wp-content\/uploads\/2025\/01\/songte-bushings-with-all-kinds-of-excavator-models.webp\" alt=\"Kausa cilindra probl\u0113mu nov\u0113r\u0161anas att\u0113ls\"><\/p>\n<h2>Par m\u016bsu uz\u0146\u0113mumu<\/h2>\n<p>M\u0113s esam vado\u0161ais hidraulisko cilindru ra\u017eot\u0101js un vairumtirdzniec\u012bbas izplat\u012bt\u0101js viet\u0113j\u0101 un starptautiskaj\u0101 tirg\u016b. M\u0113s esam ap\u0146\u0113mu\u0161ies nodro\u0161in\u0101t augstas kvalit\u0101tes produktus un pakalpojumus, pa\u013caujoties uz m\u016bsu industrializ\u0113to ra\u017eo\u0161anas vad\u012bbas strat\u0113\u0123iju, kuras pamat\u0101 ir izcila kvalit\u0101te, progres\u012bvas tehnolo\u0123ijas un profesion\u0101li talanti. M\u016bsu ra\u017eo\u0161anas platforma tiek nep\u0101rtraukti uzlabota, un mums ir sp\u0113c\u012bgas ra\u017eo\u0161anas jaudas, lai apmierin\u0101tu m\u016bsu klientu da\u017e\u0101d\u0101s vajadz\u012bbas.<\/p>\n<h3>Profesionalit\u0101te<\/h3>\n<p>M\u016bsu uz\u0146\u0113mum\u0101 str\u0101d\u0101 pieredz\u0113ju\u0161u un profesion\u0101lu in\u017eenieru un tehni\u0137u komanda, kas specializ\u0113jas hidraulisko cilindru projekt\u0113\u0161an\u0101, izstr\u0101d\u0113 un ra\u017eo\u0161an\u0101. Mums ir ar\u012b modern\u0101kais apr\u012bkojums un visaptvero\u0161a test\u0113\u0161anas sist\u0113ma, lai nodro\u0161in\u0101tu m\u016bsu produktu kvalit\u0101ti.<\/p>\n<h3>Starptautisk\u0101 sertifik\u0101cija<\/h3>\n<p>M\u016bsu hidrauliskie cilindri ir iztur\u0113ju\u0161i ISO 9001:2015 starptautisk\u0101s kvalit\u0101tes vad\u012bbas sist\u0113mas sertifik\u0101ciju, CE sertifik\u0101ciju un citus starptautiskos sertifik\u0101cijas standartus. M\u0113s iev\u0113rojam stingrus kvalit\u0101tes kontroles standartus, lai nodro\u0161in\u0101tu, ka m\u016bsu produkti atbilst vai p\u0101rsniedz m\u016bsu klientu cer\u012bbas.<\/p>\n<h3>Piel\u0101go\u0161anas pakalpojumi<\/h3>\n<p>M\u0113s pied\u0101v\u0101jam piel\u0101gotus pakalpojumus, lai apmierin\u0101tu da\u017e\u0101das klientu pras\u012bbas. M\u016bsu dizaineru un in\u017eenieru komanda var izstr\u0101d\u0101t piel\u0101gotus hidraulisko cilindru risin\u0101jumus konkr\u0113tiem r\u016bpnieciskiem pielietojumiem.<\/p>\n<h3>Ra\u017eo\u0161anas iek\u0101rtas<\/h3>\n<p>M\u016bsu uz\u0146\u0113mumam ir modernas ra\u017eo\u0161anas iek\u0101rtas, tostarp CNC virpas, fr\u0113zma\u0161\u012bnas, sl\u012bpma\u0161\u012bnas un citas prec\u012bzijas apstr\u0101des iek\u0101rtas, lai nodro\u0161in\u0101tu m\u016bsu produktu precizit\u0101ti un kvalit\u0101ti.<\/p>\n<h3>P\u0113cp\u0101rdo\u0161anas serviss<\/h3>\n<p>M\u0113s pied\u0101v\u0101jam visaptvero\u0161us p\u0113cp\u0101rdo\u0161anas pakalpojumus, lai pal\u012bdz\u0113tu klientiem atrisin\u0101t probl\u0113mas, ar kur\u0101m vi\u0146i saskaras m\u016bsu produktu lieto\u0161anas laik\u0101. M\u0113s ar\u012b nodro\u0161in\u0101m rezerves da\u013cas un remonta pakalpojumus, lai uzlabotu m\u016bsu produktu kalpo\u0161anas laiku.<\/p>\n<p><img decoding=\"async\" src=\"https:\/\/hzpt.com\/wp-content\/uploads\/2024\/11\/songte-company-1.webp\" alt=\"Par m\u016bsu uz\u0146\u0113muma t\u0113lu\"><\/p>\n<h3>Autors: Lails.<\/h3>","protected":false},"excerpt":{"rendered":"<p>Bucket Cylinder For Hyundai Large Excavator R370LC-7 Introduction Product Definition A bucket cylinder is a type of hydraulic cylinder specially designed for controlling the movement of buckets in heavy machinery such as excavators, backhoes, and front-end loaders. Its main function is to enable buckets to be lifted, lowered, and tilted, making it easier to carry [&hellip;]<\/p>","protected":false},"featured_media":14785,"comment_status":"open","ping_status":"closed","template":"","meta":{"_et_pb_use_builder":"","_et_pb_old_content":"","_et_gb_content_width":""},"product_brand":[],"product_cat":[1494],"product_tag":[1495,1496],"class_list":{"0":"post-15330","1":"product","2":"type-product","3":"status-publish","4":"has-post-thumbnail","6":"product_cat-bucket-cylinders","7":"product_tag-bucket-cylinders","8":"product_tag-hydraulic-cylinders","10":"first","11":"instock","12":"shipping-taxable","13":"product-type-simple"},"amp_enabled":true,"_links":{"self":[{"href":"https:\/\/www.hydraulic-cylinders.net\/lv\/wp-json\/wp\/v2\/product\/15330","targetHints":{"allow":["GET"]}}],"collection":[{"href":"https:\/\/www.hydraulic-cylinders.net\/lv\/wp-json\/wp\/v2\/product"}],"about":[{"href":"https:\/\/www.hydraulic-cylinders.net\/lv\/wp-json\/wp\/v2\/types\/product"}],"replies":[{"embeddable":true,"href":"https:\/\/www.hydraulic-cylinders.net\/lv\/wp-json\/wp\/v2\/comments?post=15330"}],"wp:featuredmedia":[{"embeddable":true,"href":"https:\/\/www.hydraulic-cylinders.net\/lv\/wp-json\/wp\/v2\/media\/14785"}],"wp:attachment":[{"href":"https:\/\/www.hydraulic-cylinders.net\/lv\/wp-json\/wp\/v2\/media?parent=15330"}],"wp:term":[{"taxonomy":"product_brand","embeddable":true,"href":"https:\/\/www.hydraulic-cylinders.net\/lv\/wp-json\/wp\/v2\/product_brand?post=15330"},{"taxonomy":"product_cat","embeddable":true,"href":"https:\/\/www.hydraulic-cylinders.net\/lv\/wp-json\/wp\/v2\/product_cat?post=15330"},{"taxonomy":"product_tag","embeddable":true,"href":"https:\/\/www.hydraulic-cylinders.net\/lv\/wp-json\/wp\/v2\/product_tag?post=15330"}],"curies":[{"name":"wp","href":"https:\/\/api.w.org\/{rel}","templated":true}]}}