{"id":1534,"date":"2023-09-28T03:59:02","date_gmt":"2023-09-28T03:59:02","guid":{"rendered":"https:\/\/hydraulic-cylinders.net\/?post_type=product&#038;p=1534"},"modified":"2025-04-14T01:11:44","modified_gmt":"2025-04-14T01:11:44","slug":"aerial-work-platform-telescopic-cylinder","status":"publish","type":"product","link":"https:\/\/www.hydraulic-cylinders.net\/lv\/products\/aerial-work-platform-telescopic-cylinder\/","title":{"rendered":"Pac\u0113l\u0101ja darba platformas teleskopiskais cilindrs"},"content":{"rendered":"<h1 style=\"text-align: center;\"><strong>Pac\u0113l\u0101ja darba platformas teleskopiskais cilindrs<\/strong><\/h1>\n<p><img loading=\"lazy\" decoding=\"async\" class=\"wp-image-1535 aligncenter\" src=\"https:\/\/hydraulic-cylinders.net\/wp-content\/uploads\/2023\/09\/telescopic-cylinder-1-300x300.webp\" alt=\"\" width=\"400\" height=\"400\" \/>Pace\u013cam\u0101s darba platformas teleskopiskais cilindrs ir jaud\u012bga un b\u016btiska pace\u013camo darba platformu sast\u0101vda\u013ca, kas paredz\u0113ta, lai nodro\u0161in\u0101tu pla\u0161\u0101ku sniedzam\u012bbu un uzlabotu daudzpus\u012bbu paaugstin\u0101t\u0101s darba vid\u0113s. \u0160is inovat\u012bvais hidrauliskais cilindrs nodro\u0161ina platformas teleskopisko kust\u012bbu, \u013caujot operatoriem viegli un prec\u012bzi piek\u013c\u016bt pacelt\u0101m viet\u0101m.<\/p>\n<p>Pace\u013cam\u0101s darba platformas teleskopiskais cilindrs ir revolucion\u0101rs pace\u013camo darba platformu jom\u0101, nodro\u0161inot liel\u0101ku sniedzam\u012bbu un uzlabotu daudzpus\u012bbu. Ar sav\u0101m iev\u0113rojamaj\u0101m \u012bpa\u0161\u012bb\u0101m, tostarp papla\u0161in\u0101to sniedzam\u012bbu, vienm\u0113r\u012bgu teleskopisko kust\u012bbu, lielo kravnes\u012bbu un kompakto dizainu, \u0161is cilindrs dod operatoriem iesp\u0113ju efekt\u012bvi un p\u0101rliecino\u0161i veikt paaugstin\u0101tus uzdevumus. Iev\u0113rojot ieteicam\u0101s lieto\u0161anas metodes un apkopes praksi, operatori var maksim\u0101li palielin\u0101t pace\u013cam\u0101s darba platformas teleskopisk\u0101 cilindra kalpo\u0161anas laiku un veiktsp\u0113ju, k\u0101 rezult\u0101t\u0101 palielin\u0101s produktivit\u0101te, samazin\u0101sies d\u012bkst\u0101ves laiks un tiks uzlabota dro\u0161\u012bba paaugstin\u0101tu darbu veik\u0161anas laik\u0101. Invest\u0113jiet \u0161aj\u0101 modernaj\u0101 hidrauliskaj\u0101 komponent\u0101, lai paaugstin\u0101tu savas pace\u013cam\u0101s darba platformas iesp\u0113jas un paceltu savu pacelto darbu jaun\u0101 l\u012bmen\u012b.<\/p>\n<p>Pac\u0113l\u0101ja darba platformas teleskopisk\u0101 cilindra galven\u0101s \u012bpa\u0161\u012bbas:<\/p>\n<ol>\n<li>Papla\u0161in\u0101ta sasniedzam\u012bbas iesp\u0113ja:<\/li>\n<\/ol>\n<ul>\n<li>Pace\u013cam\u0101s darba platformas teleskopiskais cilindrs lepojas ar iespaid\u012bgu pagarin\u0101\u0161anas diapazonu, kas \u013cauj operatoriem bez piep\u016bles sasniegt liel\u0101ku augstumu un att\u0101lumu.<\/li>\n<li>Tas nodro\u0161ina elast\u012bbu un piel\u0101go\u0161an\u0101s sp\u0113ju, \u013caujot darbiniekiem piek\u013c\u016bt sare\u017e\u0123\u012bt\u0101m viet\u0101m un efekt\u012bvi veikt uzdevumus.<\/li>\n<\/ul>\n<ol start=\"2\">\n<li>Vienm\u0113r\u012bga teleskopisk\u0101 kust\u012bba:<\/li>\n<\/ol>\n<ul>\n<li>\u0160is cilindrs nodro\u0161ina vienm\u0113r\u012bgu un kontrol\u0113tu teleskopisko kust\u012bbu, \u013caujot prec\u012bzi pozicion\u0113t pace\u013camo darba platformu.<\/li>\n<li>Tas pied\u0101v\u0101 stabilas un vienm\u0113r\u012bgas izstiep\u0161anas un ievilk\u0161anas darb\u012bbas, nodro\u0161inot dro\u0161u darba vidi da\u017e\u0101dos augstumos.<\/li>\n<\/ul>\n<ol start=\"3\">\n<li>Augsta kravnes\u012bba:<\/li>\n<\/ol>\n<ul>\n<li>Pace\u013cam\u0101s darba platformas teleskopiskais cilindrs ir paredz\u0113ts smagu kravu iztur\u0113\u0161anai, un tam ir iztur\u012bga konstrukcija, kas var iztur\u0113t iev\u0113rojamas kravas.<\/li>\n<li>Tas \u013cauj operatoriem uz platformas p\u0101rvad\u0101t vair\u0101kus darbiniekus, instrumentus un apr\u012bkojumu, neapdraudot stabilit\u0101ti vai dro\u0161\u012bbu.<\/li>\n<\/ul>\n<ol start=\"4\">\n<li>Kompakts dizains:<\/li>\n<\/ol>\n<ul>\n<li>Pateicoties kompaktajam dizainam, \u0161is cilindrs optimiz\u0113 vietu uz pac\u0113l\u0101ja platformas, nodro\u0161inot minim\u0101lu ietekmi uz kop\u0113jo svaru un nospiedumu.<\/li>\n<li>Balona kompaktums nodro\u0161ina lielisku manevr\u0113tsp\u0113ju un \u0113rtu transport\u0113\u0161anu.<\/li>\n<\/ul>\n<h2><strong>Darba platformas teleskopisk\u0101 cilindra parametrs:<\/strong><\/h2>\n<table border=\"1\" cellspacing=\"0\" cellpadding=\"0\">\n<tbody>\n<tr>\n<td>Produkta nosaukums<\/td>\n<td>Pac\u0113l\u0101ja darba platformas teleskopiskais cilindrs<\/td>\n<\/tr>\n<tr>\n<td>Funkcijas:<\/td>\n<td>Realiz\u0113t str\u0113les line\u0101ro teleskopisko kust\u012bbu<\/td>\n<\/tr>\n<tr>\n<td>Urbuma diametrs:<\/td>\n<td>45 mm\uff5e200 mm<\/td>\n<\/tr>\n<tr>\n<td>Stie\u0146a diametrs:<\/td>\n<td>32 mm\uff5e180 mm<br \/>\nG\u0101jiens \u226415000 mm<\/td>\n<\/tr>\n<tr>\n<td>Spiediens:<\/td>\n<td>30MPa (maksim\u0101lais spiediens)<\/td>\n<\/tr>\n<tr>\n<td>Teleskopisk\u0101 cilindra pielietojums:<\/td>\n<td>Pac\u0113l\u0101ja darba platforma<\/td>\n<\/tr>\n<\/tbody>\n<\/table>\n<h2><strong>Darba platformas identifik\u0101cijas sh\u0113ma:<\/strong><\/h2>\n<p><img loading=\"lazy\" decoding=\"async\" class=\"alignnone wp-image-1517 size-full\" src=\"https:\/\/hydraulic-cylinders.net\/wp-content\/uploads\/2023\/09\/aerial-work-platform-cylinder-construct.webp\" alt=\"\" width=\"600\" height=\"400\" srcset=\"https:\/\/hydraulic-cylinders.net\/wp-content\/uploads\/2023\/09\/aerial-work-platform-cylinder-construct.webp 600w, https:\/\/hydraulic-cylinders.net\/wp-content\/uploads\/2023\/09\/aerial-work-platform-cylinder-construct-480x320.webp 480w\" sizes=\"(min-width: 0px) and (max-width: 480px) 480px, (min-width: 481px) 600px, 100vw\" \/><\/p>\n<h2><strong>Gaisa darba platformas teleskopisk\u0101 cilindra lieto\u0161anas metode<\/strong><strong>:<\/strong><\/h2>\n<ol>\n<li><strong>Cilindra uzst\u0101d\u012b\u0161ana:<\/strong><\/li>\n<\/ol>\n<ul>\n<li>Lai pareizi uzst\u0101d\u012btu pace\u013cam\u0101s darba platformas pacel\u0161anas cilindru, iev\u0113rojiet ra\u017eot\u0101ja nor\u0101d\u012bjumus.<\/li>\n<li>P\u0101rliecinieties, vai cilindrs ir dro\u0161i piestiprin\u0101ts pie pac\u0113l\u0101ja darba platformas konstrukcijas, nodro\u0161inot stabilu un uzticamu savienojumu.<\/li>\n<\/ul>\n<ol start=\"2\">\n<li><strong>Hidrauliskais savienojums:<\/strong><\/li>\n<\/ol>\n<ul>\n<li>Pievienojiet cilindru pac\u0113l\u0101ja hidrauliskajai sist\u0113mai saska\u0146\u0101 ar sniegtaj\u0101m vadl\u012bnij\u0101m.<\/li>\n<li>P\u0101rliecinieties, vai visi hidrauliskie savienojumi ir dro\u0161i un pareizi nosl\u0113gti, lai nov\u0113rstu hidraulisk\u0101 \u0161\u0137idruma nopl\u016bdes vai zudumus.<\/li>\n<\/ul>\n<ol start=\"3\">\n<li><strong>Vad\u012bbas aktiviz\u0113\u0161ana:<\/strong><\/li>\n<\/ol>\n<ul>\n<li>Izmantojiet platformas vad\u012bbas paneli vai saskarni, lai aktiviz\u0113tu darba platformas pacel\u0161anas cilindru.<\/li>\n<li>Lai paceltu vai nolaistu platformu v\u0113lamaj\u0101 augstum\u0101, iev\u0113rojiet ieteicam\u0101s ekspluat\u0101cijas proced\u016bras.<\/li>\n<\/ul>\n<ol start=\"4\">\n<li><strong>Dro\u0161\u012bbas pas\u0101kumi:<\/strong><\/li>\n<\/ol>\n<ul>\n<li>Pirms pace\u013cam\u0101s darba platformas lieto\u0161anas iepaz\u012bstieties ar dro\u0161\u012bbas funkcij\u0101m un \u0101rk\u0101rtas proced\u016br\u0101m.<\/li>\n<li>Nodro\u0161iniet, lai visi operatori sa\u0146emtu atbilsto\u0161u apm\u0101c\u012bbu par platformas un pace\u013cam\u0101s darba platformas pacel\u0161anas cilindra dro\u0161u ekspluat\u0101ciju.<\/li>\n<\/ul>\n<h2><strong>K\u0101du hidraulikas likumu izmanto brem\u017eu sist\u0113ma?<\/strong><\/h2>\n<p>Transportl\u012bdzek\u013cu brem\u017eu sist\u0113m\u0101 parasti tiek izmantots Pask\u0101la hidraulikas likums. Pask\u0101la likums nosaka, ka, kad uz \u0161\u0137idrumu sl\u0113gt\u0101 sist\u0113m\u0101 tiek pielikts spiediens, spiediens tiek vien\u0101di p\u0101rnests visos virzienos.<\/p>\n<p>Hidraulisk\u0101s brem\u017eu sist\u0113mas gad\u012bjum\u0101, nospie\u017eot brem\u017eu ped\u0101li, tas pieliek sp\u0113ku galvenajam cilindram, kur\u0101 atrodas hidrauliskais \u0161\u0137idrums. Sp\u0113ks, kas pielikts \u0161\u0137idrumam, rada spiedienu, kas vienm\u0113r\u012bgi tiek p\u0101rnests vis\u0101 brem\u017eu sist\u0113m\u0101.<\/p>\n<p>\u0160is spiediens p\u0113c tam tiek p\u0101rnests uz brem\u017eu suportiem vai rite\u0146u cilindriem atkar\u012bb\u0101 no brem\u017eu sist\u0113mas veida, kas atrodas pie katra rite\u0146a. Spiediens izraisa suportu vai cilindru iedarbin\u0101\u0161anu, kas savuk\u0101rt piespie\u017e brem\u017eu klu\u010dus vai kurpes pie brem\u017eu diskiem vai trumu\u013ciem, radot berzi un pal\u0113ninot vai apturot transportl\u012bdzekli.<\/p>\n<p>Pask\u0101la likums nodro\u0161ina, ka brem\u017eu ped\u0101lim pieliktais sp\u0113ks tiek reizin\u0101ts un vien\u0101di p\u0101rnests uz vis\u0101m sist\u0113mas bremz\u0113m neatkar\u012bgi no to atra\u0161an\u0101s vietas. Tas \u013cauj nodro\u0161in\u0101t vienm\u0113r\u012bgu bremz\u0113\u0161anas veiktsp\u0113ju visiem rite\u0146iem un nodro\u0161ina efekt\u012bvu bremz\u0113\u0161anu pat sare\u017e\u0123\u012bt\u0101s hidraulisk\u0101s brem\u017eu sist\u0113m\u0101s.<\/p>\n<p>J\u0101atz\u012bm\u0113, ka da\u017e\u0101s modern\u0101s brem\u017eu sist\u0113m\u0101s bremz\u0113\u0161anas veiktsp\u0113jas, stabilit\u0101tes un vad\u012bbas optimiz\u0113\u0161anai var izmantot ar\u012b papildu hidraulikas principus, piem\u0113ram, Bernulli principu vai \u0161\u0137idruma dinamikas principu. Tom\u0113r Pask\u0101la likums joproj\u0101m ir hidraulisko brem\u017eu sist\u0113mu pamatdarb\u012bbas pamat\u0101.<\/p>\n<h2><strong>R\u016bpn\u012bcas iesp\u0113jas un jauda:<\/strong><\/h2>\n<h3>(1) Mont\u0101\u017ea<\/h3>\n<p>Mums ir pirmklas\u012bga neatkar\u012bga p\u0113tniec\u012bbas un att\u012bst\u012bbas mont\u0101\u017eas platforma. Hidraulisko cilindru ra\u017eo\u0161anas darbn\u012bc\u0101 ir \u010detras pusautom\u0101tiskas pacel\u0161anas cilindru mont\u0101\u017eas l\u012bnijas un viena autom\u0101tisk\u0101 sl\u012bpuma cilindru mont\u0101\u017eas l\u012bnija ar projekt\u0113to gada ra\u017eo\u0161anas jaudu 1 miljons vien\u012bbu. Speci\u0101lo cilindru darbn\u012bca ir apr\u012bkota ar da\u017e\u0101du specifik\u0101ciju pusautom\u0101tisku t\u012br\u012b\u0161anas mont\u0101\u017eas sist\u0113mu ar projekt\u0113to gada ra\u017eo\u0161anas jaudu 200 000 vien\u012bbu un apr\u012bkota ar slaven\u0101m CNC apstr\u0101des iek\u0101rt\u0101m, apstr\u0101des centru, augstas precizit\u0101tes cilindru apstr\u0101des speci\u0101lo apr\u012bkojumu, robotiz\u0113tu metin\u0101\u0161anas iek\u0101rtu, autom\u0101tisku t\u012br\u012b\u0161anas iek\u0101rtu, autom\u0101tisku cilindru mont\u0101\u017eas iek\u0101rtu un autom\u0101tisku kr\u0101so\u0161anas ra\u017eo\u0161anas l\u012bniju. Eso\u0161ais kritiskais apr\u012bkojums ir vair\u0101k nek\u0101 300 komplektu (komplektu). Optim\u0101la iek\u0101rtu resursu sadale un efekt\u012bva izmanto\u0161ana nodro\u0161ina produktu precizit\u0101tes pras\u012bbas un apmierina produktu augst\u0101s kvalit\u0101tes pras\u012bbas.<\/p>\n<p><img loading=\"lazy\" decoding=\"async\" class=\"alignnone wp-image-626\" src=\"https:\/\/hydraulic-cylinders.net\/wp-content\/uploads\/2023\/08\/hydraulic-cylinder-product-1-300x158.webp\" alt=\"\" width=\"495\" height=\"260\" srcset=\"https:\/\/hydraulic-cylinders.net\/wp-content\/uploads\/2023\/08\/hydraulic-cylinder-product-1-300x158.webp 495w, https:\/\/hydraulic-cylinders.net\/wp-content\/uploads\/2023\/08\/hydraulic-cylinder-product-1-480x252.webp 480w\" sizes=\"(min-width: 0px) and (max-width: 480px) 480px, (min-width: 481px) 495px, 100vw\" \/> <img loading=\"lazy\" decoding=\"async\" class=\"alignnone wp-image-627\" src=\"https:\/\/hydraulic-cylinders.net\/wp-content\/uploads\/2023\/08\/hydraulic-cylinder-product-2-300x189.webp\" alt=\"\" width=\"413\" height=\"260\" \/><\/p>\n<h3>(2) Apstr\u0101de<\/h3>\n<p>Apstr\u0101des cehs ir apr\u012bkots ar piel\u0101gotu sl\u012bpo slie\u017eu virpo\u0161anas centru, apstr\u0101des centru, \u0101trgaitas asin\u0101\u0161anas ma\u0161\u012bnu, metin\u0101\u0161anas robotu un citu saist\u012btu apr\u012bkojumu, kas var apstr\u0101d\u0101t cilindriskas caurules ar maksim\u0101lo iek\u0161\u0113jo diametru 400 mm un maksim\u0101lo garumu 6 metri.<\/p>\n<p><img loading=\"lazy\" decoding=\"async\" class=\"alignnone wp-image-628 size-large\" src=\"https:\/\/hydraulic-cylinders.net\/wp-content\/uploads\/2023\/08\/hydraulic-cylinder-product-3-1024x391.webp\" alt=\"\" width=\"1024\" height=\"391\" srcset=\"https:\/\/hydraulic-cylinders.net\/wp-content\/uploads\/2023\/08\/hydraulic-cylinder-product-3-980x374.webp 980w, https:\/\/hydraulic-cylinders.net\/wp-content\/uploads\/2023\/08\/hydraulic-cylinder-product-3-480x183.webp 480w\" sizes=\"(min-width: 0px) and (max-width: 480px) 480px, (min-width: 481px) and (max-width: 980px) 980px, (min-width: 981px) 1024px, 100vw\" \/><\/p>\n<h3>(3) Metin\u0101\u0161ana<\/h3>\n<p><img loading=\"lazy\" decoding=\"async\" class=\"alignnone wp-image-629 size-large\" src=\"https:\/\/hydraulic-cylinders.net\/wp-content\/uploads\/2023\/08\/hydraulic-cylinder-product-4-1024x510.webp\" alt=\"\" width=\"1024\" height=\"510\" srcset=\"https:\/\/hydraulic-cylinders.net\/wp-content\/uploads\/2023\/08\/hydraulic-cylinder-product-4-980x488.webp 980w, https:\/\/hydraulic-cylinders.net\/wp-content\/uploads\/2023\/08\/hydraulic-cylinder-product-4-480x239.webp 480w\" sizes=\"(min-width: 0px) and (max-width: 480px) 480px, (min-width: 481px) and (max-width: 980px) 980px, (min-width: 981px) 1024px, 100vw\" \/><\/p>\n<h3>(4) Kr\u0101so\u0161ana un p\u0101rkl\u0101\u0161ana<\/h3>\n<p>Ar maz\u0101m un vid\u0113ja izm\u0113ra cilindrisk\u0101m autom\u0101tisk\u0101m \u016bdens b\u0101zes kr\u0101su p\u0101rkl\u0101\u0161anas l\u012bnij\u0101m, lai pan\u0101ktu autom\u0101tisku robotu iekrau\u0161anu un izkrau\u0161anu un autom\u0101tisku izsmidzin\u0101\u0161anu, projekt\u0113t\u0101 jauda ir 4000 gabali mai\u0146\u0101;<br \/>\nMums ir ar\u012b pusautom\u0101tiska kr\u0101su ra\u017eo\u0161anas l\u012bnija lieliem baloniem, ko darbina \u0137\u0113des piedzi\u0146a, ar 60 kastu konstrukcijas jaudu vien\u0101 mai\u0146\u0101.<\/p>\n<p><img loading=\"lazy\" decoding=\"async\" class=\"alignnone wp-image-630\" src=\"https:\/\/hydraulic-cylinders.net\/wp-content\/uploads\/2023\/08\/hydraulic-cylinder-product-5-300x213.webp\" alt=\"\" width=\"366\" height=\"260\" \/> <img loading=\"lazy\" decoding=\"async\" class=\"alignnone wp-image-631\" src=\"https:\/\/hydraulic-cylinders.net\/wp-content\/uploads\/2023\/08\/hydraulic-cylinder-product-6-300x225.webp\" alt=\"\" width=\"347\" height=\"260\" \/><\/p>\n<h3>(5) Test\u0113\u0161ana<\/h3>\n<p>Mums ir augst\u0101k\u0101s klases p\u0101rbaudes iek\u0101rtas un test\u0113\u0161anas stendi, lai nodro\u0161in\u0101tu, ka balona veiktsp\u0113ja atbilst pras\u012bb\u0101m.<\/p>\n<p><img loading=\"lazy\" decoding=\"async\" class=\"alignnone wp-image-632\" src=\"https:\/\/hydraulic-cylinders.net\/wp-content\/uploads\/2023\/08\/hydraulic-cylinder-product-8-300x200.webp\" alt=\"\" width=\"389\" height=\"260\" \/><\/p>\n<p>&nbsp;<\/p>\n<p>&nbsp;<\/p>\n<p>M\u0113s esam viens no lab\u0101kajiem hidraulisko cilindru ra\u017eot\u0101jiem. M\u0113s varam pied\u0101v\u0101t visaptvero\u0161us hidrauliskos cilindrus. M\u0113s nodro\u0161in\u0101m ar\u012b atbilsto\u0161us <a href=\"https:\/\/hzpt.com\/agricultural-pto-gearbox\/\" target=\"_blank\" rel=\"noopener\">lauksaimniec\u012bbas p\u0101rnesumk\u0101rbas<\/a>. M\u0113s esam eksport\u0113ju\u0161i savus produktus klientiem vis\u0101 pasaul\u0113 un esam ieguvu\u0161i labu reput\u0101ciju, pateicoties m\u016bsu izcilajai produktu kvalit\u0101tei un p\u0113cp\u0101rdo\u0161anas servisam. M\u0113s aicin\u0101m klientus no valsts un \u0101rvalst\u012bm sazin\u0101ties ar mums, lai risin\u0101tu biznesa sarunas, apmain\u012btos ar inform\u0101ciju un... <a href=\"https:\/\/www.hydraulic-cylinders.net\/lv\/contact-us\/\">sadarboties ar mums<\/a>!<\/p>","protected":false},"excerpt":{"rendered":"<p>Aerial Work Platform Telescopic Cylinder The aerial work platform telescopic cylinder is a powerful and essential component in aerial work platforms, designed to provide extended reach and enhanced versatility in elevated work environments. This innovative hydraulic cylinder enables the telescopic movement of the platform, allowing operators to access elevated areas with ease and precision. The [&hellip;]<\/p>","protected":false},"featured_media":1536,"comment_status":"open","ping_status":"closed","template":"","meta":{"_et_pb_use_builder":"","_et_pb_old_content":"","_et_gb_content_width":""},"product_brand":[],"product_cat":[1500,1550,1393],"product_tag":[1380],"class_list":{"0":"post-1534","1":"product","2":"type-product","3":"status-publish","4":"has-post-thumbnail","6":"product_cat-aerial-work-vehicle-hydraulic-cylinder","7":"product_cat-double-acting-hydraulic-cylinder","8":"product_cat-telescopic-hydraulic-cylinder","9":"product_tag-hydraulic-cylinder","11":"first","12":"instock","13":"shipping-taxable","14":"product-type-simple"},"amp_enabled":true,"_links":{"self":[{"href":"https:\/\/www.hydraulic-cylinders.net\/lv\/wp-json\/wp\/v2\/product\/1534","targetHints":{"allow":["GET"]}}],"collection":[{"href":"https:\/\/www.hydraulic-cylinders.net\/lv\/wp-json\/wp\/v2\/product"}],"about":[{"href":"https:\/\/www.hydraulic-cylinders.net\/lv\/wp-json\/wp\/v2\/types\/product"}],"replies":[{"embeddable":true,"href":"https:\/\/www.hydraulic-cylinders.net\/lv\/wp-json\/wp\/v2\/comments?post=1534"}],"wp:featuredmedia":[{"embeddable":true,"href":"https:\/\/www.hydraulic-cylinders.net\/lv\/wp-json\/wp\/v2\/media\/1536"}],"wp:attachment":[{"href":"https:\/\/www.hydraulic-cylinders.net\/lv\/wp-json\/wp\/v2\/media?parent=1534"}],"wp:term":[{"taxonomy":"product_brand","embeddable":true,"href":"https:\/\/www.hydraulic-cylinders.net\/lv\/wp-json\/wp\/v2\/product_brand?post=1534"},{"taxonomy":"product_cat","embeddable":true,"href":"https:\/\/www.hydraulic-cylinders.net\/lv\/wp-json\/wp\/v2\/product_cat?post=1534"},{"taxonomy":"product_tag","embeddable":true,"href":"https:\/\/www.hydraulic-cylinders.net\/lv\/wp-json\/wp\/v2\/product_tag?post=1534"}],"curies":[{"name":"wp","href":"https:\/\/api.w.org\/{rel}","templated":true}]}}