{"id":15340,"date":"2025-01-19T14:24:26","date_gmt":"2025-01-19T14:24:26","guid":{"rendered":"https:\/\/www.hydraulic-cylinders.net\/product\/bucket-cylinder-for-kobelco-small-excavator-sk135sr-2\/"},"modified":"2025-01-19T14:24:28","modified_gmt":"2025-01-19T14:24:28","slug":"bucket-cylinder-for-kobelco-small-excavator-sk135sr-2","status":"publish","type":"product","link":"https:\/\/www.hydraulic-cylinders.net\/lv\/products\/bucket-cylinder-for-kobelco-small-excavator-sk135sr-2\/","title":{"rendered":"Kausa cilindrs Kobelco mazajam ekskavatoram SK135SR-2"},"content":{"rendered":"<h2>Kausa cilindrs Kobelco mazajam ekskavatoram SK135SR-2<\/h2>\n<p>Ievads:<\/p>\n<p>Kausa cilindrs ir speci\u0101li izstr\u0101d\u0101ts hidrauliskais cilindrs, ko izmanto, lai kontrol\u0113tu kausa kust\u012bbu smagaj\u0101s ma\u0161\u012bn\u0101s, piem\u0113ram, ekskavatoros, iekr\u0101v\u0113jos ar ekskavatoru un front\u0101lajos iekr\u0101v\u0113jos. T\u0101 galven\u0101 funkcija ir nodro\u0161in\u0101t kausa pacel\u0161anu, nolai\u0161anu un noliek\u0161anu, padarot to piem\u0113rotu da\u017e\u0101diem materi\u0101lu apstr\u0101des uzdevumiem. Hidrauliskaj\u0101 sist\u0113m\u0101 kausa cilindrs izmanto hidraulisk\u0101s e\u013c\u013cas spiediena izmai\u0146as, lai pan\u0101ktu prec\u012bzu kausa vad\u012bbu, \u013caujot operatoriem efekt\u012bvi apstr\u0101d\u0101t smagas kravas un piel\u0101goties sare\u017e\u0123\u012btai darba videi un da\u017e\u0101d\u0101m darba pras\u012bb\u0101m.<\/p>\n<p><img decoding=\"async\" src=\"https:\/\/www.hydraulic-cylinders.net\/wp-content\/uploads\/2025\/01\/songte-company-2.webp\" alt=\"Kausa cilindra att\u0113ls\"><\/p>\n<h3>Funkcijas:<\/h3>\n<ol>\n<li>Augsta iztur\u012bba un ilgm\u016b\u017e\u012bba: Parasti no augstas stipr\u012bbas t\u0113rauda vai alum\u012bnija izgatavotais kausa cilindrs var iztur\u0113t augstu spiedienu un lielas slodzes, piel\u0101gojoties skarbai darba videi. T\u0101 konstrukcij\u0101 ir \u0146emta v\u0113r\u0101 nodilumiztur\u012bba un iztur\u012bba pret koroziju, pagarinot t\u0101 kalpo\u0161anas laiku.<\/li>\n<li>Efekt\u012bva hidraulisk\u0101 darb\u012bba: Izmantojot hidraulisk\u0101s e\u013c\u013cas spiedienu, kausa cilindrs pan\u0101k vienm\u0113r\u012bgu izstiep\u0161anu un ievilk\u0161anu, nodro\u0161inot \u0101tru rea\u0123\u0113\u0161anu uz vad\u012bbas komand\u0101m un jaud\u012bgu stum\u0161anas un vilk\u0161anas sp\u0113ku, padarot to piem\u0113rotu smagu kravu apstr\u0101dei un sare\u017e\u0123\u012btu darbu veik\u0161anai.<\/li>\n<li>Da\u017e\u0101di veidi: Kausa cilindru var izv\u0113l\u0113ties k\u0101 vienvirziena darb\u012bbas (hidrauliskais \u0161\u0137idrums tiek izmantots tikai vien\u0101 virzien\u0101) vai divk\u0101r\u0161as darb\u012bbas (hidrauliskais \u0161\u0137idrums tiek izmantots abos virzienos) cilindrus atbilsto\u0161i \u012bpa\u0161aj\u0101m ekspluat\u0101cijas pras\u012bb\u0101m. Da\u017ei mode\u013ci ir teleskopiski, kas \u013cauj pan\u0101kt liel\u0101ku pagarin\u0101jumu, nepalielinot \u0101r\u0113jos izm\u0113rus, padarot tos piem\u0113rotus lietojumiem ar ierobe\u017eotu telpu.<\/li>\n<li>Perfekta nomai\u0146a: m\u016bsu produkti var perfekti nomain\u012bt \u0161os hidrauliskos cilindrus. <\/li>\n<\/ol>\n<p><img decoding=\"async\" src=\"https:\/\/www.hydraulic-cylinders.net\/wp-content\/uploads\/2025\/01\/songte-cylinder-head-with-all-kinds-excavator-models.webp\" alt=\"Produkta aizst\u0101\u0161anas att\u0113ls\"><\/p>\n<h3>Lietojumi:<\/h3>\n<ul>\n<li>B\u016bvniec\u012bbas tehnika: atrodama ekskavatoros, t\u0101 ir \u013coti svar\u012bga rak\u0161anai, iekrau\u0161anai un augsnes vai gru\u017eu p\u0101rvieto\u0161anai. Ekskavatoros-iekr\u0101v\u0113jos kausa cilindrs pal\u012bdz gan rak\u0161an\u0101, gan cel\u0161an\u0101.<\/li>\n<li>Lauksaimniec\u012bbas tehnika: Izmanto front\u0101lajos iekr\u0101v\u0113jos augsnes, siena un citu materi\u0101lu sav\u0101k\u0161anai, cel\u0161anai un transport\u0113\u0161anai.<\/li>\n<li>Ekskavatori: Kausa cilindrs nodro\u0161ina rak\u0161anas darb\u012bbas, \u013caujot kausam iek\u013c\u016bt augsn\u0113.<\/li>\n<li>Iekr\u0101v\u0113ji: Front\u0101lajos iekr\u0101v\u0113jos tie pal\u012bdz efekt\u012bvi pacelt un izkraut preces.<\/li>\n<\/ul>\n<h3>Dizaina apsv\u0113rumi un atlases krit\u0113riji:<\/h3>\n<ul>\n<li>Nestsp\u0113ja: Kausa cilindram j\u0101b\u016bt projekt\u0113tam t\u0101, lai tas iztur\u0113tu konkr\u0113t\u0101s pielietojuma slodzes pras\u012bbas.<\/li>\n<li>Bl\u012bv\u0113jums: Lai nodro\u0161in\u0101tu uzticamu un efekt\u012bvu darb\u012bbu, tiek izmantoti da\u017e\u0101di bl\u012bv\u0113\u0161anas komponenti, piem\u0113ram, virzu\u013ca bl\u012bvsl\u0113gi \u200b\u200bun stie\u0146a bl\u012bvsl\u0113gi. \u0160ie bl\u012bvsl\u0113gi \u200b\u200bir izgatavoti no nodilumiztur\u012bgiem materi\u0101liem, piem\u0113ram, poliuret\u0101na un nitrila gumijas.<\/li>\n<li>Iztur\u012bba: Cilindra korpuss un v\u012bt\u0146otie gali tiek r\u016bp\u012bgi apstr\u0101d\u0101ti, lai uzlabotu nodilumiztur\u012bbu.<\/li>\n<li>Dro\u0161\u012bba: Lai nov\u0113rstu negad\u012bjumus, var b\u016bt iek\u013cautas dro\u0161\u012bbas funkcijas, piem\u0113ram, spiediena samazin\u0101\u0161anas v\u0101rsti un blo\u0137\u0113\u0161anas meh\u0101nismi.<\/li>\n<li>Uzturam\u012bba: Projekt\u0113\u0161anai j\u0101nodro\u0161ina vienk\u0101r\u0161a apkope un remonts, k\u0101 ar\u012b viegli pieejamas rezerves da\u013cas.<\/li>\n<\/ul>\n<p><img decoding=\"async\" src=\"https:\/\/www.hydraulic-cylinders.net\/wp-content\/uploads\/2025\/01\/songte-oil-pipes-and-spare-parts.webp\" alt=\"Bl\u012bv\u0113\u0161anas un e\u013c\u013co\u0161anas att\u0113ls\"><\/p>\n<h3>Bl\u012bv\u0113\u0161ana un e\u013c\u013co\u0161ana:<\/h3>\n<p>Kausa cilindr\u0101 tiek izmantoti da\u017e\u0101di bl\u012bv\u0113\u0161anas komponenti, tostarp virzu\u013ca bl\u012bv\u0113jumi un stie\u0146a bl\u012bv\u0113jumi. \u0160ie bl\u012bv\u0113jumi ir izgatavoti no nodilumiztur\u012bgiem materi\u0101liem, piem\u0113ram, poliuret\u0101na un nitrila gumijas. Cilindra korpuss un v\u012bt\u0146otie gali tiek r\u016bp\u012bgi apstr\u0101d\u0101ti, lai uzlabotu nodilumiztur\u012bbu. Lai nodro\u0161in\u0101tu optim\u0101lu veiktsp\u0113ju, ir nepiecie\u0161ama regul\u0101ra e\u013c\u013co\u0161ana ar atbilsto\u0161u hidraulisko e\u013c\u013cu.<\/p>\n<h3>Regul\u0101ra p\u0101rbaude un profilaktisk\u0101 apkope:<\/h3>\n<ul>\n<li>Regul\u0101ri p\u0101rbaudiet cilindru, vai nav nodiluma, nopl\u016bdes vai boj\u0101jumu paz\u012bmju.<\/li>\n<li>Nodro\u0161iniet visu kust\u012bgo da\u013cu pien\u0101c\u012bgu e\u013c\u013co\u0161anu.<\/li>\n<li>Lai uztur\u0113tu optim\u0101lu veiktsp\u0113ju, periodiski nomainiet bl\u012bves.<\/li>\n<li>Veiciet kalibr\u0113\u0161anas p\u0101rbaudes, lai nodro\u0161in\u0101tu prec\u012bzu darb\u012bbu.<\/li>\n<\/ul>\n<h3>Pareiza produkta uzst\u0101d\u012b\u0161ana:<\/h3>\n<p>Pareiza uzst\u0101d\u012b\u0161ana ir \u013coti svar\u012bga kausa cilindra optim\u0101lai veiktsp\u0113jai un ilgm\u016b\u017e\u012bbai. \u0160eit ir sniegtas da\u017eas vadl\u012bnijas:<\/p>\n<ul>\n<li>Uzst\u0101d\u012b\u0161anas laik\u0101 p\u0101rliecinieties, ka cilindrs ir pareizi izl\u012bdzin\u0101ts.<\/li>\n<li>Izmantojiet atbilsto\u0161us mont\u0101\u017eas kron\u0161teinus, lai nostiprin\u0101tu cilindru viet\u0101.<\/li>\n<\/ul>\n<p><img decoding=\"async\" src=\"https:\/\/www.hydraulic-cylinders.net\/wp-content\/uploads\/2025\/01\/songte-chushion-collar.webp\" alt=\"Instal\u0101cijas att\u0113ls\"><\/p>\n<h3>Bie\u017ei veicamie apkopes uzdevumi:<\/h3>\n<p>Tr\u012bs izplat\u012bti kausu cilindru apkopes uzdevumi ir:<\/p>\n<ol>\n<li>Regul\u0101ra p\u0101rbaude: p\u0101rbaudiet, vai cilindram nav nodiluma, nopl\u016bdes vai boj\u0101jumu paz\u012bmju.<\/li>\n<li>Pareiza e\u013c\u013co\u0161ana: P\u0101rliecinieties, vai visas kust\u012bg\u0101s da\u013cas ir pareizi iee\u013c\u013cotas, lai samazin\u0101tu berzi un nodilumu.<\/li>\n<li>Bl\u012bvju nomai\u0146a: Regul\u0101ri nomainiet bl\u012bves, lai uztur\u0113tu optim\u0101lu veiktsp\u0113ju un nov\u0113rstu nopl\u016bdes.<\/li>\n<\/ol>\n<p>Pareiza uzst\u0101d\u012b\u0161ana, e\u013c\u013co\u0161ana un regul\u0113\u0161ana ir \u013coti svar\u012bga kausa cilindra ilgm\u016b\u017e\u012bbai. Nor\u0101d\u012bjumu snieg\u0161ana par cilindra pareizu izl\u012bdzin\u0101\u0161anu un atbilsto\u0161u uzst\u0101d\u012b\u0161anas kron\u0161teinu izmanto\u0161anu var iev\u0113rojami uzlabot veiktsp\u0113ju. Ieteicams ar\u012b iev\u0113rot ieteicam\u0101s p\u0101rbaudes, remonta un nomai\u0146as proced\u016bras un izmantot deta\u013cu nomai\u0146as un atjauno\u0161anas pakalpojumus, lai pagarin\u0101tu kausa cilindra kalpo\u0161anas laiku.<\/p>\n<p><img decoding=\"async\" src=\"https:\/\/www.hydraulic-cylinders.net\/wp-content\/uploads\/2025\/01\/songte-bushings-with-all-kinds-of-excavator-models.webp\" alt=\"Probl\u0113mu nov\u0113r\u0161anas un apkopes att\u0113ls\"><\/p>\n<h3>Dro\u0161\u012bbas apsv\u0113rumi un vides faktori:<\/h3>\n<p>Izmantojot kausa cilindru, ir svar\u012bgi priorit\u0101ri noteikt dro\u0161\u012bbas pas\u0101kumus, lai nov\u0113rstu negad\u012bjumus un nodro\u0161in\u0101tu dro\u0161u darba vidi. J\u0101iev\u0113ro dro\u0161\u012bbas pas\u0101kumi, piem\u0113ram, atbilsto\u0161a apm\u0101c\u012bba, ekspluat\u0101cijas vadl\u012bniju iev\u0113ro\u0161ana un individu\u0101lo aizsardz\u012bbas l\u012bdzek\u013cu lieto\u0161ana.<\/p>\n<h3>Probl\u0113mu nov\u0113r\u0161ana un bie\u017ei sastopamas probl\u0113mas:<\/h3>\n<p>\u0160eit ir da\u017eas bie\u017ei sastopamas probl\u0113mas, kas var rasties ar kausa cilindru:<\/p>\n<ul>\n<li>Nopl\u016bde: P\u0101rbaudiet visus bl\u012bv\u0113jumus un savienojumus, vai nav nopl\u016b\u017eu, un nomainiet visas nolietot\u0101s vai boj\u0101t\u0101s deta\u013cas.<\/li>\n<li>L\u0113na darb\u012bba: p\u0101rbaudiet hidraulisko sist\u0113mu, vai nav ierobe\u017eojumu vai nepietiekama spiediena, un attiec\u012bgi nov\u0113rsiet probl\u0113mu.<\/li>\n<li>Neregul\u0101ra kust\u012bba: p\u0101rbaudiet, vai nav \u0161\u0137\u0113r\u0161\u013cu vai boj\u0101tu deta\u013cu, kas var\u0113tu ietekm\u0113t cilindra vienm\u0113r\u012bgu darb\u012bbu.<\/li>\n<\/ul>\n<p>Probl\u0113mu nov\u0113r\u0161anas padomu un risin\u0101jumu snieg\u0161ana var pal\u012bdz\u0113t las\u012bt\u0101jiem efekt\u012bvi diagnostic\u0113t un nov\u0113rst probl\u0113mas. Turkl\u0101t prevent\u012bvo pas\u0101kumu ieteik\u0161ana var samazin\u0101t potenci\u0101l\u0101s probl\u0113mas.<\/p>\n<p><img decoding=\"async\" src=\"https:\/\/www.hydraulic-cylinders.net\/wp-content\/uploads\/2025\/01\/songte-company-1.webp\" alt=\"Uz\u0146\u0113muma t\u0113ls\"><\/p>\n<p>Atcerieties lo\u0123iski sak\u0101rtot rakstu, izmantot apak\u0161virsrakstus \u0113rtai navig\u0101cijai, iek\u013caut atbilsto\u0161us att\u0113lus vai diagrammas, lai uzlabotu izpratni, un nodro\u0161in\u0101t, lai saturs b\u016btu skaidrs, kodol\u012bgs un piem\u0113rots las\u012bt\u0101jiem ar da\u017e\u0101diem tehnisko zin\u0101\u0161anu l\u012bme\u0146iem.<\/p>\n<h2>Par m\u016bsu uz\u0146\u0113mumu<\/h2>\n<p>M\u0113s esam rezerves hidraulisko cilindru ra\u017eot\u0101js. M\u016bsu uz\u0146\u0113mums pied\u0101v\u0101 pla\u0161u produktu kl\u0101stu un ir k\u013cuvis par vienu no vado\u0161ajiem hidraulisko cilindru ra\u017eot\u0101jiem un vairumtirdzniec\u012bbas izplat\u012bt\u0101jiem viet\u0113j\u0101 un starptautiskaj\u0101 tirg\u016b. M\u0113s iev\u0113rojam izcilas kvalit\u0101tes principus un sav\u0101s izsmalcin\u0101taj\u0101s ra\u017eo\u0161anas darbn\u012bc\u0101s pa\u013caujamies uz industrializ\u0113t\u0101m ra\u017eo\u0161anas vad\u012bbas strat\u0113\u0123ij\u0101m.<\/p>\n<p><img decoding=\"async\" src=\"https:\/\/www.hydraulic-cylinders.net\/wp-content\/uploads\/2025\/01\/songte-company-3.webp\" alt=\"Uz\u0146\u0113muma inform\u0101cijas att\u0113ls\"><\/p>\n<h3>M\u016bsu uz\u0146\u0113muma svar\u012bg\u0101kie aspekti:<\/h3>\n<ul>\n<li>Profesionalit\u0101te: Mums ir kvalific\u0113tu profesion\u0101\u013cu komanda, kas velt\u012bta augstas kvalit\u0101tes produktu un pakalpojumu snieg\u0161anai.<\/li>\n<li>Starptautisk\u0101 sertifik\u0101cija: M\u016bsu produkti atbilst starptautiskajiem standartiem un ir ieguvu\u0161i atbilsto\u0161us sertifik\u0101tus.<\/li>\n<li>Piel\u0101go\u0161anas pakalpojumi: M\u0113s pied\u0101v\u0101jam piel\u0101gotus risin\u0101jumus, lai apmierin\u0101tu \u012bpa\u0161as klientu pras\u012bbas.<\/li>\n<li>Uzlabots ra\u017eo\u0161anas apr\u012bkojums<br \/>","protected":false},"excerpt":{"rendered":"<p>Bucket Cylinder For Kobelco Small Excavator SK135SR-2 Introduction: The bucket cylinder is a specially designed hydraulic cylinder used to control the movement of the bucket in heavy machinery such as excavators, backhoe loaders, and front-end loaders. Its main function is to enable the bucket to lift, lower, and tilt, making it suitable for various material [&hellip;]<\/p>","protected":false},"featured_media":14762,"comment_status":"open","ping_status":"closed","template":"","meta":{"_et_pb_use_builder":"","_et_pb_old_content":"","_et_gb_content_width":""},"product_brand":[],"product_cat":[1494],"product_tag":[1495,1496],"class_list":{"0":"post-15340","1":"product","2":"type-product","3":"status-publish","4":"has-post-thumbnail","6":"product_cat-bucket-cylinders","7":"product_tag-bucket-cylinders","8":"product_tag-hydraulic-cylinders","10":"first","11":"instock","12":"shipping-taxable","13":"product-type-simple"},"amp_enabled":true,"_links":{"self":[{"href":"https:\/\/www.hydraulic-cylinders.net\/lv\/wp-json\/wp\/v2\/product\/15340","targetHints":{"allow":["GET"]}}],"collection":[{"href":"https:\/\/www.hydraulic-cylinders.net\/lv\/wp-json\/wp\/v2\/product"}],"about":[{"href":"https:\/\/www.hydraulic-cylinders.net\/lv\/wp-json\/wp\/v2\/types\/product"}],"replies":[{"embeddable":true,"href":"https:\/\/www.hydraulic-cylinders.net\/lv\/wp-json\/wp\/v2\/comments?post=15340"}],"wp:featuredmedia":[{"embeddable":true,"href":"https:\/\/www.hydraulic-cylinders.net\/lv\/wp-json\/wp\/v2\/media\/14762"}],"wp:attachment":[{"href":"https:\/\/www.hydraulic-cylinders.net\/lv\/wp-json\/wp\/v2\/media?parent=15340"}],"wp:term":[{"taxonomy":"product_brand","embeddable":true,"href":"https:\/\/www.hydraulic-cylinders.net\/lv\/wp-json\/wp\/v2\/product_brand?post=15340"},{"taxonomy":"product_cat","embeddable":true,"href":"https:\/\/www.hydraulic-cylinders.net\/lv\/wp-json\/wp\/v2\/product_cat?post=15340"},{"taxonomy":"product_tag","embeddable":true,"href":"https:\/\/www.hydraulic-cylinders.net\/lv\/wp-json\/wp\/v2\/product_tag?post=15340"}],"curies":[{"name":"wp","href":"https:\/\/api.w.org\/{rel}","templated":true}]}}