{"id":15346,"date":"2025-01-19T14:24:50","date_gmt":"2025-01-19T14:24:50","guid":{"rendered":"https:\/\/www.hydraulic-cylinders.net\/product\/bucket-cylinder-for-kobelco-small-excavator-sk135-6\/"},"modified":"2025-01-19T14:24:52","modified_gmt":"2025-01-19T14:24:52","slug":"bucket-cylinder-for-kobelco-small-excavator-sk135-6","status":"publish","type":"product","link":"https:\/\/www.hydraulic-cylinders.net\/lv\/products\/bucket-cylinder-for-kobelco-small-excavator-sk135-6\/","title":{"rendered":"Kausa cilindrs Kobelco mazajam ekskavatoram SK135-6"},"content":{"rendered":"<p><!DOCTYPE html><br \/>\n<html><br \/>\n<head><br \/>\n<title>Kausa cilindrs Kobelco mazajam ekskavatoram SK135-6<\/title><br \/>\n<\/head><br \/>\n<body><\/p>\n<h1>Kausa cilindrs Kobelco mazajam ekskavatoram SK135-6<\/h1>\n<h2>Ievads<\/h2>\n<p>Kausa cilindrs Kobelco mazajam ekskavatoram SK135-6 ir speci\u0101li izstr\u0101d\u0101ts hidrauliskais cilindrs, ko izmanto, lai kontrol\u0113tu kausa kust\u012bbu smagaj\u0101s ma\u0161\u012bn\u0101s, piem\u0113ram, ekskavatoros, ekskavatoros-iekr\u0101v\u0113jos un front\u0101lajos iekr\u0101v\u0113jos. T\u0101 galven\u0101 funkcija ir \u013caut pacelt, nolaist un noliekt kausu, atvieglojot da\u017e\u0101du materi\u0101lu apstr\u0101des uzdevumu veik\u0161anu. Hidrauliskaj\u0101 sist\u0113m\u0101 kausa cilindrs pan\u0101k prec\u012bzu kausa vad\u012bbu, izmantojot hidraulisk\u0101s e\u013c\u013cas spiediena izmai\u0146as, \u013caujot operatoriem efekt\u012bvi apstr\u0101d\u0101t smagas kravas un piel\u0101goties sare\u017e\u0123\u012btai darba videi un da\u017e\u0101d\u0101m ekspluat\u0101cijas pras\u012bb\u0101m.<\/p>\n<p><img decoding=\"async\" src=\"https:\/\/www.hydraulic-cylinders.net\/wp-content\/uploads\/2025\/01\/songte-company-2.webp\" alt=\"Kausa cilindra att\u0113ls\"><\/p>\n<h2>Funkcijas<\/h2>\n<ul>\n<li>Augsta iztur\u012bba un ilgm\u016b\u017e\u012bba: Tas parasti ir izgatavots no augstas stipr\u012bbas t\u0113rauda vai alum\u012bnija, kas sp\u0113j iztur\u0113t augstu spiedienu un lielas slodzes, piel\u0101gojoties skarbai darba videi. Projekt\u0113\u0161an\u0101 \u0146emta v\u0113r\u0101 nodilumiztur\u012bba un iztur\u012bba pret koroziju, lai pagarin\u0101tu t\u0101 kalpo\u0161anas laiku.<\/li>\n<li>Efekt\u012bva hidraulisk\u0101 darb\u012bba: Izmantojot hidraulisk\u0101s e\u013c\u013cas spiedienu, t\u0101 pan\u0101k vienm\u0113r\u012bgas izstiep\u0161anas un ievilk\u0161anas kust\u012bbas, \u0101tri rea\u0123\u0113 uz vad\u012bbas komand\u0101m, nodro\u0161ina sp\u0113c\u012bgu stum\u0161anas un vilk\u0161anas sp\u0113ku, kas ir piem\u0113rots smagu kravu apstr\u0101dei un sare\u017e\u0123\u012btu ekspluat\u0101cijas uzdevumu veik\u0161anai.<\/li>\n<li>Da\u017e\u0101di veidi: Tas pied\u0101v\u0101 vienas darb\u012bbas (hidraulisk\u0101 sist\u0113ma tiek izmantota tikai vien\u0101 virzien\u0101) vai divk\u0101r\u0161as darb\u012bbas (hidraulisk\u0101 sist\u0113ma tiek izmantota abos virzienos) cilindru iesp\u0113jas, lai apmierin\u0101tu da\u017e\u0101das ekspluat\u0101cijas pras\u012bbas. Da\u017ei mode\u013ci ir teleskopiski, kas \u013cauj liel\u0101ku pagarin\u0101jumu, nepalielinot \u0101r\u0113jos izm\u0113rus, padarot tos piem\u0113rotus lietojumiem ar ierobe\u017eotu vietu.<\/li>\n<li>Perfekta nomai\u0146a: m\u016bsu produkts var lieliski nomain\u012bt \u0161os hidrauliskos cilindrus.<\/li>\n<\/ul>\n<p><img decoding=\"async\" src=\"https:\/\/www.hydraulic-cylinders.net\/wp-content\/uploads\/2025\/01\/songte-cylinder-head-with-all-kinds-excavator-models.webp\" alt=\"Hidraulisk\u0101 cilindra att\u0113ls\"><\/p>\n<h2>Pieteikumi<\/h2>\n<p>Kobelco maz\u0101 ekskavatora SK135-6 kausa cilindrs tiek pla\u0161i izmantots da\u017e\u0101dos pielietojumos, tostarp:<\/p>\n<ul>\n<li>B\u016bvniec\u012bbas tehnika: Ekskavatoros t\u0101s ir svar\u012bgas zemes vai gru\u017eu rak\u0161anai, iekrau\u0161anai un p\u0101rvieto\u0161anai. Ekskavatoros-iekr\u0101v\u0113jos kausa cilindrs pal\u012bdz gan rak\u0161anas, gan cel\u0161anas darbos.<\/li>\n<li>Lauksaimniec\u012bbas tehnika: Izmanto front\u0101lajos iekr\u0101v\u0113jos augsnes, siena un citu materi\u0101lu sav\u0101k\u0161anai, cel\u0161anai un transport\u0113\u0161anai.<\/li>\n<li>Ekskavatori: Kausa cilindrs nodro\u0161ina rak\u0161anas darb\u012bbu, \u013caujot kausam iek\u013c\u016bt augsn\u0113.<\/li>\n<li>Rite\u0146u iekr\u0101v\u0113ji: Rite\u0146u iekr\u0101v\u0113jos tie pal\u012bdz efekt\u012bvi pacelt un izkraut preces.<\/li>\n<\/ul>\n<h2>Dizaina apsv\u0113rumi un atlases krit\u0113riji<\/h2>\n<p>Run\u0101jot par konstrukcijas apsv\u0113rumiem, kausa cilindram ir j\u0101atbilst t\u0101d\u0101m galvenaj\u0101m pras\u012bb\u0101m k\u0101 nestsp\u0113ja, bl\u012bv\u0113jums, iztur\u012bba, dro\u0161\u012bba un apkopes iesp\u0113jas.<\/p>\n<p><img decoding=\"async\" src=\"https:\/\/www.hydraulic-cylinders.net\/wp-content\/uploads\/2025\/01\/songte-oil-pipes-and-spare-parts.webp\" alt=\"E\u013c\u013cas caurules un rezerves da\u013cas\"><\/p>\n<h2>Bl\u012bv\u0113\u0161ana un e\u013c\u013co\u0161ana<\/h2>\n<p>Kausa cilindr\u0101 tiek izmantoti da\u017e\u0101di bl\u012bv\u0113jumi, piem\u0113ram, virzu\u013ca bl\u012bv\u0113jumi, stie\u0146a bl\u012bv\u0113jumi utt., kas izgatavoti no nodilumiztur\u012bgiem materi\u0101liem, piem\u0113ram, poliuret\u0101na un nitrila gumijas. Cilindra korpuss un v\u012bt\u0146otie gali tiek r\u016bp\u012bgi apstr\u0101d\u0101ti, lai uzlabotu nodilumiztur\u012bbu. Lai nodro\u0161in\u0101tu vienm\u0113r\u012bgu darb\u012bbu, ir nepiecie\u0161ama regul\u0101ra e\u013c\u013co\u0161ana ar atbilsto\u0161u hidraulisk\u0101s e\u013c\u013cas daudzumu.<\/p>\n<h2>P\u0101rbaude un profilaktisk\u0101 apkope<\/h2>\n<p>Regul\u0101ras p\u0101rbaudes un profilaktisk\u0101s apkopes pas\u0101kumi ir b\u016btiski, lai nodro\u0161in\u0101tu kausa cilindra optim\u0101lu darb\u012bbu un ilgm\u016b\u017e\u012bbu. J\u0101\u0146em v\u0113r\u0101 \u0161\u0101di punkti:<\/p>\n<h2>Instal\u0101cijas rokasgr\u0101mata<\/h2>\n<p>Pareiza kausa cilindra uzst\u0101d\u012b\u0161ana ir \u013coti svar\u012bga t\u0101 funkcionalit\u0101tei un dro\u0161\u012bbai. J\u0101iev\u0113ro \u0161\u0101das darb\u012bbas:<\/p>\n<h2>Apkopes uzdevumi<\/h2>\n<p>Kausa cilindra bie\u017ei veicamie apkopes darbi ietver regul\u0101ras p\u0101rbaudes, atbilsto\u0161u e\u013c\u013co\u0161anu, bl\u012bv\u0113juma nomai\u0146u un kalibr\u0113\u0161anas p\u0101rbaudes. Ir svar\u012bgi uzsv\u0113rt pareizas uzst\u0101d\u012b\u0161anas, e\u013c\u013co\u0161anas un regul\u0113\u0161anas noz\u012bmi. Uzst\u0101d\u012b\u0161anas laik\u0101 ieteicams pareizi izl\u012bdzin\u0101t cilindru, un cilindra nostiprin\u0101\u0161anai ieteicams izmantot piem\u0113rotus stiprin\u0101juma kron\u0161teinus. J\u0101sniedz ieteicam\u0101s p\u0101rbaudes, remonta un nomai\u0146as proced\u016bras, k\u0101 ar\u012b padomi, k\u0101 pagarin\u0101t kausa cilindra kalpo\u0161anas laiku.<\/p>\n<p><img decoding=\"async\" src=\"https:\/\/www.hydraulic-cylinders.net\/wp-content\/uploads\/2025\/01\/songte-chushion-collar.webp\" alt=\"\u010cusjona apkakles att\u0113ls\"><\/p>\n<h2>Dro\u0161\u012bbas apsv\u0113rumi un vides faktori<\/h2>\n<p>Lietojot kausa cilindru, ir \u0101rk\u0101rt\u012bgi svar\u012bgi iev\u0113rot dro\u0161\u012bbas pas\u0101kumus. J\u0101\u0146em v\u0113r\u0101 ar\u012b vides faktori, lai l\u012bdz minimumam samazin\u0101tu ietekmi uz apk\u0101rt\u0113jo vidi.<\/p>\n<h2>Probl\u0113mu nov\u0113r\u0161ana un bie\u017ei sastopamas probl\u0113mas<\/h2>\n<p>Sastopoties ar probl\u0113mu nov\u0113r\u0161anas situ\u0101cij\u0101m un bie\u017ei sastopam\u0101m probl\u0113m\u0101m ar kausa cilindru, j\u0101\u0146em v\u0113r\u0101 \u0161\u0101di padomi un risin\u0101jumi, lai efekt\u012bvi diagnostic\u0113tu un nov\u0113rstu probl\u0113mas. J\u0101izkl\u0101sta piesardz\u012bbas pas\u0101kumi, lai samazin\u0101tu potenci\u0101l\u0101s probl\u0113mas.<\/p>\n<p><img decoding=\"async\" src=\"https:\/\/www.hydraulic-cylinders.net\/wp-content\/uploads\/2025\/01\/songte-bushings-with-all-kinds-of-excavator-models.webp\" alt=\"Bukses ar ekskavatora mode\u013ciem\"><\/p>\n<h2>Par m\u016bsu uz\u0146\u0113mumu<\/h2>\n<p>M\u0113s esam rezerves hidraulisko cilindru ra\u017eot\u0101js. M\u016bsu uz\u0146\u0113mums pied\u0101v\u0101 pla\u0161u produktu kl\u0101stu un ir k\u013cuvis par vienu no vado\u0161ajiem hidraulisko cilindru ra\u017eot\u0101jiem un vairumtirdzniec\u012bbas izplat\u012bt\u0101jiem gan viet\u0113j\u0101, gan starptautiskaj\u0101 tirg\u016b. M\u0113s iev\u0113rojam izcil\u012bbas principus un sav\u0101s sare\u017e\u0123\u012btaj\u0101s ra\u017eo\u0161anas darbn\u012bc\u0101s pa\u013caujamies uz industrializ\u0113t\u0101m ra\u017eo\u0161anas vad\u012bbas strat\u0113\u0123ij\u0101m. Koncentr\u0113joties uz tehnolo\u0123iskajiem talantiem, modern\u0101m digit\u0101laj\u0101m ra\u017eo\u0161anas iek\u0101rt\u0101m un profesion\u0101l\u0101m test\u0113\u0161anas sist\u0113m\u0101m, m\u0113s nep\u0101rtraukti uzlabojam savu ra\u017eo\u0161anas platformu un uzlabojam produktu kvalit\u0101ti. Mums ir sp\u0113c\u012bgas inov\u0101ciju sp\u0113jas un m\u0113s cen\u0161amies apmierin\u0101t da\u017e\u0101das klientu pras\u012bbas ar augstu efektivit\u0101ti, precizit\u0101ti un kvalit\u0101ti.<\/p>\n<p><img decoding=\"async\" src=\"https:\/\/www.hydraulic-cylinders.net\/wp-content\/uploads\/2025\/01\/songte-company-3.webp\" alt=\"Uz\u0146\u0113muma t\u0113ls\"><\/p>\n<p>M\u016bsu uz\u0146\u0113mums ir paz\u012bstams ar savu profesionalit\u0101ti, starptautiskajiem sertifik\u0101tiem, piel\u0101gotiem pakalpojumiem, ra\u017eo\u0161anas iek\u0101rt\u0101m un p\u0113cp\u0101rdo\u0161anas atbalstu.<\/p>\n<p>Autors: lil<\/p>\n<p><\/body><br \/>\n<\/html><\/p>","protected":false},"excerpt":{"rendered":"<p>Bucket Cylinder For Kobelco Small Excavator SK135-6 Bucket Cylinder For Kobelco Small Excavator SK135-6 Introduction The bucket cylinder for Kobelco small excavator SK135-6 is a specially designed hydraulic cylinder used to control the movement of the bucket in heavy machinery such as excavators, backhoe loaders, and wheel loaders. Its main function is to allow the [&hellip;]<\/p>","protected":false},"featured_media":14784,"comment_status":"open","ping_status":"closed","template":"","meta":{"_et_pb_use_builder":"","_et_pb_old_content":"","_et_gb_content_width":""},"product_brand":[],"product_cat":[1494],"product_tag":[1495,1496],"class_list":{"0":"post-15346","1":"product","2":"type-product","3":"status-publish","4":"has-post-thumbnail","6":"product_cat-bucket-cylinders","7":"product_tag-bucket-cylinders","8":"product_tag-hydraulic-cylinders","10":"first","11":"instock","12":"shipping-taxable","13":"product-type-simple"},"amp_enabled":true,"_links":{"self":[{"href":"https:\/\/www.hydraulic-cylinders.net\/lv\/wp-json\/wp\/v2\/product\/15346","targetHints":{"allow":["GET"]}}],"collection":[{"href":"https:\/\/www.hydraulic-cylinders.net\/lv\/wp-json\/wp\/v2\/product"}],"about":[{"href":"https:\/\/www.hydraulic-cylinders.net\/lv\/wp-json\/wp\/v2\/types\/product"}],"replies":[{"embeddable":true,"href":"https:\/\/www.hydraulic-cylinders.net\/lv\/wp-json\/wp\/v2\/comments?post=15346"}],"wp:featuredmedia":[{"embeddable":true,"href":"https:\/\/www.hydraulic-cylinders.net\/lv\/wp-json\/wp\/v2\/media\/14784"}],"wp:attachment":[{"href":"https:\/\/www.hydraulic-cylinders.net\/lv\/wp-json\/wp\/v2\/media?parent=15346"}],"wp:term":[{"taxonomy":"product_brand","embeddable":true,"href":"https:\/\/www.hydraulic-cylinders.net\/lv\/wp-json\/wp\/v2\/product_brand?post=15346"},{"taxonomy":"product_cat","embeddable":true,"href":"https:\/\/www.hydraulic-cylinders.net\/lv\/wp-json\/wp\/v2\/product_cat?post=15346"},{"taxonomy":"product_tag","embeddable":true,"href":"https:\/\/www.hydraulic-cylinders.net\/lv\/wp-json\/wp\/v2\/product_tag?post=15346"}],"curies":[{"name":"wp","href":"https:\/\/api.w.org\/{rel}","templated":true}]}}