{"id":15355,"date":"2025-01-19T14:25:34","date_gmt":"2025-01-19T14:25:34","guid":{"rendered":"https:\/\/www.hydraulic-cylinders.net\/product\/bucket-cylinder-for-kobelco-middle-excavator-sk250-8\/"},"modified":"2025-01-19T14:25:36","modified_gmt":"2025-01-19T14:25:36","slug":"bucket-cylinder-for-kobelco-middle-excavator-sk250-8","status":"publish","type":"product","link":"https:\/\/www.hydraulic-cylinders.net\/lv\/products\/bucket-cylinder-for-kobelco-middle-excavator-sk250-8\/","title":{"rendered":"Kausa cilindrs Kobelco vid\u0113jam ekskavatoram SK250-8"},"content":{"rendered":"<h1>Kausa cilindrs Kobelco vid\u0113jam ekskavatoram SK250-8<\/h1>\n<h2>Ievads<\/h2>\n<h3>Kas ir kausa cilindrs?<\/h3>\n<p>Kausa cilindrs ir specializ\u0113ts hidrauliskais cilindrs, kas paredz\u0113ts kausu kust\u012bbas vad\u012bbai smagaj\u0101s ma\u0161\u012bn\u0101s, piem\u0113ram, ekskavatoros, iekr\u0101v\u0113ju ekskavatoros un front\u0101lajos iekr\u0101v\u0113jos. T\u0101 galven\u0101 funkcija ir nodro\u0161in\u0101t kausa pacel\u0161anu, nolai\u0161anu un noliek\u0161anu, atvieglojot da\u017e\u0101du materi\u0101lu apstr\u0101des uzdevumu veik\u0161anu. Hidrauliskaj\u0101 sist\u0113m\u0101 kausa cilindrs pan\u0101k prec\u012bzu kausa vad\u012bbu, mainot hidraulisk\u0101s e\u013c\u013cas spiedienu, \u013caujot operatoriem efekt\u012bvi apstr\u0101d\u0101t smagas kravas un piel\u0101goties sare\u017e\u0123\u012btai darba videi un da\u017e\u0101d\u0101m ekspluat\u0101cijas pras\u012bb\u0101m.<\/p>\n<p><img decoding=\"async\" src=\"https:\/\/www.hydraulic-cylinders.net\/wp-content\/uploads\/2025\/01\/songte-company-2.webp\" alt=\"Kausa cilindra att\u0113ls\"><\/p>\n<h3>Kausa cilindra \u012bpa\u0161\u012bbas<\/h3>\n<ul>\n<li><strong>Augsta iztur\u012bba un ilgm\u016b\u017e\u012bba:<\/strong> Parasti izgatavots no augstas stipr\u012bbas t\u0113rauda vai alum\u012bnija, tas var iztur\u0113t augstu spiedienu un lielas slodzes, t\u0101p\u0113c ir piem\u0113rots skarbiem darba apst\u0101k\u013ciem. Konstrukcij\u0101 \u0146emta v\u0113r\u0101 nodilumiztur\u012bba un iztur\u012bba pret koroziju, pagarinot kalpo\u0161anas laiku.<\/li>\n<li><strong>Efekt\u012bva hidraulisk\u0101 darb\u012bba:<\/strong> Izmantojot hidraulisk\u0101s e\u013c\u013cas spiedienu, lai pan\u0101ktu vienm\u0113r\u012bgu izstiep\u0161anu un sarau\u0161anos, tas var \u0101tri rea\u0123\u0113t uz vad\u012bbas komand\u0101m, nodro\u0161in\u0101t sp\u0113c\u012bgu stum\u0161anas un vilk\u0161anas sp\u0113ku un ir piem\u0113rots smagu kravu un sare\u017e\u0123\u012btu uzdevumu apstr\u0101dei.<\/li>\n<li><strong>Da\u017e\u0101di veidi:<\/strong> Atbilsto\u0161i pras\u012bb\u0101m var izv\u0113l\u0113ties vienk\u0101r\u0161as darb\u012bbas (hidrauliski darbojas tikai vien\u0101 virzien\u0101) vai divk\u0101r\u0161as darb\u012bbas (hidrauliski darbojas divos virzienos) cilindrus, lai tie atbilstu da\u017e\u0101d\u0101m ekspluat\u0101cijas vajadz\u012bb\u0101m. Da\u017ei mode\u013ci ir teleskopiski, kas \u013cauj tos pagarin\u0101t, nepalielinot \u0101r\u0113jos izm\u0113rus, un ir piem\u0113roti lietojumiem ar ierobe\u017eotu vietu.<\/li>\n<li><strong>Vienk\u0101r\u0161a uzst\u0101d\u012b\u0161ana:<\/strong> M\u016bsu produkts var lieliski aizst\u0101t \u0161os hidrauliskos cilindrus.<\/li>\n<li><strong>Piel\u0101gojams:<\/strong> M\u0113s varam izgatavot piel\u0101gotus hidrauliskos cilindrus atbilsto\u0161i m\u016bsu klientu \u012bpa\u0161aj\u0101m pras\u012bb\u0101m.<\/li>\n<\/ul>\n<p><img decoding=\"async\" src=\"https:\/\/www.hydraulic-cylinders.net\/wp-content\/uploads\/2025\/01\/songte-cylinder-head-with-all-kinds-excavator-models.webp\" alt=\"Kausa cilindra 2. att\u0113ls\"><\/p>\n<h3>Kausa cilindra pielietojums<\/h3>\n<h4>Celtniec\u012bbas apr\u012bkojums<\/h4>\n<p>Ekskavatoros tie ir \u013coti svar\u012bgi zemes vai gru\u017eu rak\u0161anai, iekrau\u0161anai un p\u0101rvieto\u0161anai. Ekskavatoros-iekr\u0101v\u0113jos kausa cilindrs pal\u012bdz gan rak\u0161an\u0101, gan cel\u0161an\u0101. <\/p>\n<h4>Lauksaimniec\u012bbas tehnika<\/h4>\n<p>Izmanto front\u0101lajos iekr\u0101v\u0113jos augsnes, siena un citu materi\u0101lu sav\u0101k\u0161anai, cel\u0161anai un transport\u0113\u0161anai. Ekskavatoros kausa cilindrs \u013cauj kausam iek\u013c\u016bt augsn\u0113 rak\u0161anas darb\u012bbas veik\u0161anai. Front\u0101lajos iekr\u0101v\u0113jos tie pal\u012bdz efekt\u012bvi noliekt un izg\u0101zt kravu.<\/p>\n<h4>Citi pielietojumi<\/h4>\n<p>Kausa cilindru izmanto ar\u012b cit\u0101s jom\u0101s, piem\u0113ram, ieguves r\u016bpniec\u012bb\u0101, me\u017esaimniec\u012bb\u0101 un materi\u0101lu apstr\u0101d\u0113.<\/p>\n<h3>Dizaina apsv\u0113rumi un atlases krit\u0113riji<\/h3>\n<h4>Nestsp\u0113ja<\/h4>\n<p>Kausa cilindra nestsp\u0113ja ir kritiski svar\u012bga, un t\u0101 j\u0101izv\u0113las, pamatojoties uz maksim\u0101lo slodzi, kas tam j\u0101iztur. Ir svar\u012bgi nodro\u0161in\u0101t, lai cilindrs iztur\u0113tu maksim\u0101lo spiedienu un slodzi, k\u0101dai tas tiks pak\u013cauts darb\u012bbas laik\u0101.<\/p>\n<h4>Bl\u012bv\u0113jums un iztur\u012bba<\/h4>\n<p>Bl\u012bv\u0113jums un iztur\u012bba ir \u013coti svar\u012bgi cilindra veiktsp\u0113jai un kalpo\u0161anas laikam. Virzu\u013ca bl\u012bv\u0113jumam un stie\u0146a bl\u012bv\u0113jumam j\u0101b\u016bt izgatavotam no nodilumiztur\u012bgiem un korozijiztur\u012bgiem materi\u0101liem, piem\u0113ram, poliuret\u0101na un nitrila gumijas. Cilindra korpuss un v\u012bt\u0146ot\u0101s gala virsmas ir r\u016bp\u012bgi j\u0101apstr\u0101d\u0101, lai uzlabotu nodilumiztur\u012bbu. Lai uztur\u0113tu cilindra optim\u0101lu veiktsp\u0113ju, ir nepiecie\u0161ama ar\u012b regul\u0101ra e\u013c\u013co\u0161ana ar atbilsto\u0161u hidraulisko e\u013c\u013cu.<\/p>\n<p><img decoding=\"async\" src=\"https:\/\/www.hydraulic-cylinders.net\/wp-content\/uploads\/2025\/01\/songte-oil-pipes-and-spare-parts.webp\" alt=\"Kausa cilindra 3. att\u0113ls\"><\/p>\n<h3>Apkope un remonts<\/h3>\n<h4>Uzst\u0101d\u012b\u0161ana<\/h4>\n<p>Pareiza uzst\u0101d\u012b\u0161ana ir b\u016btiska, lai nodro\u0161in\u0101tu kausa cilindra optim\u0101lu veiktsp\u0113ju un ilgm\u016b\u017e\u012bbu. Uzst\u0101d\u012b\u0161anas laik\u0101 ieteicams pareizi izl\u012bdzin\u0101t cilindru un izmantot atbilsto\u0161us uzst\u0101d\u012b\u0161anas kron\u0161teinus t\u0101 nostiprin\u0101\u0161anai.<\/p>\n<h4>Apkope<\/h4>\n<ul>\n<li><strong>Regul\u0101ra p\u0101rbaude:<\/strong> Regul\u0101ra cilindra st\u0101vok\u013ca p\u0101rbaude ir nepiecie\u0161ama, lai atkl\u0101tu jebk\u0101du nodilumu vai boj\u0101jumus un savlaic\u012bgi veiktu korekt\u012bvus pas\u0101kumus.<\/li>\n<li><strong>E\u013c\u013co\u0161ana:<\/strong> Lai uztur\u0113tu cilindra optim\u0101lu darb\u012bbu, ir nepiecie\u0161ama regul\u0101ra e\u013c\u013co\u0161ana ar atbilsto\u0161u hidraulisko e\u013c\u013cu.<\/li>\n<li><strong>Bl\u012bv\u0113juma nomai\u0146a:<\/strong> Lai nodro\u0161in\u0101tu pareizu bl\u012bv\u0113jumu un nov\u0113rstu e\u013c\u013cas nopl\u016bdi, periodiski j\u0101nomaina bl\u012bves.<\/li>\n<\/ul>\n<h4>Remonts<\/h4>\n<p>Jebkuru remontdarbu gad\u012bjum\u0101 ieteicams konsult\u0113ties ar m\u016bsu pieredz\u0113ju\u0161ajiem tehni\u0137iem, lai nodro\u0161in\u0101tu, ka darbs tiek veikts atbilsto\u0161i augst\u0101kajiem standartiem.<\/p>\n<h3>Dro\u0161\u012bbas un vides apsv\u0113rumi<\/h3>\n<p>R\u012bkojoties ar kausa cilindru, ir svar\u012bgi iev\u0113rot visus nepiecie\u0161amos dro\u0161\u012bbas pas\u0101kumus, lai nov\u0113rstu negad\u012bjumus. Pareiza izlietot\u0101s hidraulisk\u0101s e\u013c\u013cas un citu b\u012bstamo atkritumu utiliz\u0101cija ir svar\u012bga ar\u012b vides aizsardz\u012bbai.<\/p>\n<p><img decoding=\"async\" src=\"https:\/\/www.hydraulic-cylinders.net\/wp-content\/uploads\/2025\/01\/songte-chushion-collar.webp\" alt=\"Kausa cilindra att\u0113ls 4\"><\/p>\n<h3>Probl\u0113mu nov\u0113r\u0161ana un bie\u017ei sastopamas probl\u0113mas<\/h3>\n<p>Bie\u017ei sastopamas probl\u0113mas ar kausa cilindriem ir e\u013c\u013cas nopl\u016bde, bl\u012bv\u0113juma boj\u0101jumi un virzu\u013ca stie\u0146a darb\u012bbas trauc\u0113jumi. Ja rodas probl\u0113mas ar kausa cilindru, l\u016bdzu, sazinieties ar m\u016bsu pieredz\u0113ju\u0161ajiem tehni\u0137iem, lai sa\u0146emtu pal\u012bdz\u012bbu.<\/p>\n<h3>Par mums<\/h3>\n<p>M\u0113s esam rezerves hidraulisko cilindru ra\u017eot\u0101js, kas pied\u0101v\u0101 pla\u0161u produktu kl\u0101stu un k\u013c\u016bst par vienu no vado\u0161ajiem hidraulisko cilindru ra\u017eot\u0101jiem un vairumtirgot\u0101jiem viet\u0113j\u0101 un starptautiskaj\u0101 tirg\u016b. M\u0113s iev\u0113rojam izcilas kvalit\u0101tes strat\u0113\u0123iju, pa\u013caujoties uz sare\u017e\u0123\u012btu ra\u017eo\u0161anas darbn\u012bcu industrializ\u0101cijas ra\u017eo\u0161anas vad\u012bbu. M\u016bsu uz\u0146\u0113mums nep\u0101rtraukti uzlabo darbn\u012bcas ra\u017eo\u0161anas platformu, uzlabo produktu ra\u017eo\u0161anas kvalit\u0101ti un tam ir sp\u0113c\u012bgas rad\u012b\u0161anas sp\u0113jas. M\u0113s apmierin\u0101m klientu da\u017e\u0101d\u0101s vajadz\u012bbas, iev\u0113rojot augstas efektivit\u0101tes, augstas precizit\u0101tes un augstas kvalit\u0101tes principus. <\/p>\n<p><img decoding=\"async\" src=\"https:\/\/hzpt.com\/wp-content\/uploads\/2024\/11\/songte-company-1.webp\" alt=\"Kausa cilindra att\u0113ls 5\"><\/p>\n<h4>Profesionalit\u0101te<\/h4>\n<p>Mums ir profesion\u0101\u013cu komanda ar daudzu gadu pieredzi, tehnisk\u0101m zin\u0101\u0161an\u0101m un modern\u0101m ra\u017eo\u0161anas iek\u0101rt\u0101m.<\/p>\n<h4>Starptautisk\u0101 sertifik\u0101cija<\/h4>\n<p>M\u016bsu produkti ir sertific\u0113ti starptautisk\u0101s organiz\u0101cij\u0101s un atbilst augst\u0101kajiem kvalit\u0101tes un dro\u0161\u012bbas standartiem.<\/p>\n<h4>Piel\u0101go\u0161anas pakalpojumi<\/h4>\n<p>M\u0113s pied\u0101v\u0101jam piel\u0101go\u0161anas pakalpojumus, lai apmierin\u0101tu m\u016bsu klientu \u012bpa\u0161\u0101s pras\u012bbas.<\/p>\n<h4>Ra\u017eo\u0161anas iek\u0101rtas<\/h4>\n<p>Mums ir modernas digit\u0101l\u0101s ra\u017eo\u0161anas iek\u0101rtas un profesion\u0101las test\u0113\u0161anas sist\u0113mas, lai nodro\u0161in\u0101tu m\u016bsu produktu augstu kvalit\u0101ti.<\/p>\n<h4>P\u0113cp\u0101rdo\u0161anas serviss<\/h4>\n<p>M\u0113s pied\u0101v\u0101jam visaptvero\u0161u p\u0113cp\u0101rdo\u0161anas servisu, tostarp deta\u013cu nomai\u0146u un remontu, lai nodro\u0161in\u0101tu m\u016bsu produktu ilgm\u016b\u017e\u012bbu.<\/p>\n<p>Autors: Lails.<\/p>","protected":false},"excerpt":{"rendered":"<p>Bucket Cylinder For Kobelco Middle Excavator SK250-8 Introduction What is a Bucket Cylinder? A bucket cylinder is a specialized hydraulic cylinder designed for controlling the movement of buckets in heavy machinery such as excavators, backhoe loaders, and front-end loaders. Its main function is to enable the bucket to lift, lower, and tilt, making it easier [&hellip;]<\/p>","protected":false},"featured_media":14762,"comment_status":"open","ping_status":"closed","template":"","meta":{"_et_pb_use_builder":"","_et_pb_old_content":"","_et_gb_content_width":""},"product_brand":[],"product_cat":[1494],"product_tag":[1495,1496],"class_list":{"0":"post-15355","1":"product","2":"type-product","3":"status-publish","4":"has-post-thumbnail","6":"product_cat-bucket-cylinders","7":"product_tag-bucket-cylinders","8":"product_tag-hydraulic-cylinders","10":"first","11":"instock","12":"shipping-taxable","13":"product-type-simple"},"amp_enabled":true,"_links":{"self":[{"href":"https:\/\/www.hydraulic-cylinders.net\/lv\/wp-json\/wp\/v2\/product\/15355","targetHints":{"allow":["GET"]}}],"collection":[{"href":"https:\/\/www.hydraulic-cylinders.net\/lv\/wp-json\/wp\/v2\/product"}],"about":[{"href":"https:\/\/www.hydraulic-cylinders.net\/lv\/wp-json\/wp\/v2\/types\/product"}],"replies":[{"embeddable":true,"href":"https:\/\/www.hydraulic-cylinders.net\/lv\/wp-json\/wp\/v2\/comments?post=15355"}],"wp:featuredmedia":[{"embeddable":true,"href":"https:\/\/www.hydraulic-cylinders.net\/lv\/wp-json\/wp\/v2\/media\/14762"}],"wp:attachment":[{"href":"https:\/\/www.hydraulic-cylinders.net\/lv\/wp-json\/wp\/v2\/media?parent=15355"}],"wp:term":[{"taxonomy":"product_brand","embeddable":true,"href":"https:\/\/www.hydraulic-cylinders.net\/lv\/wp-json\/wp\/v2\/product_brand?post=15355"},{"taxonomy":"product_cat","embeddable":true,"href":"https:\/\/www.hydraulic-cylinders.net\/lv\/wp-json\/wp\/v2\/product_cat?post=15355"},{"taxonomy":"product_tag","embeddable":true,"href":"https:\/\/www.hydraulic-cylinders.net\/lv\/wp-json\/wp\/v2\/product_tag?post=15355"}],"curies":[{"name":"wp","href":"https:\/\/api.w.org\/{rel}","templated":true}]}}