{"id":15369,"date":"2025-01-19T14:26:44","date_gmt":"2025-01-19T14:26:44","guid":{"rendered":"https:\/\/www.hydraulic-cylinders.net\/product\/bucket-cylinder-for-kobelco-large-excavator-sk330-8\/"},"modified":"2025-01-19T14:26:46","modified_gmt":"2025-01-19T14:26:46","slug":"bucket-cylinder-for-kobelco-large-excavator-sk330-8","status":"publish","type":"product","link":"https:\/\/www.hydraulic-cylinders.net\/lv\/products\/bucket-cylinder-for-kobelco-large-excavator-sk330-8\/","title":{"rendered":"Kausa cilindrs Kobelco lielajam ekskavatoram SK330-8"},"content":{"rendered":"<h1>Kausa cilindrs Kobelco lielajam ekskavatoram SK330-8<\/h1>\n<h2>Ievads<\/h2>\n<p>Kausa cilindrs Kobelco lielajam ekskavatoram SK330-8 ir \u012bpa\u0161i izstr\u0101d\u0101ts hidrauliskais cilindrs, ko galvenok\u0101rt izmanto, lai kontrol\u0113tu kausa kust\u012bbu smagaj\u0101s ma\u0161\u012bn\u0101s, piem\u0113ram, ekskavatoros, univers\u0101lajos ekskavatoros un front\u0101lajos iekr\u0101v\u0113jos. T\u0101 galven\u0101 funkcija ir nodro\u0161in\u0101t kausa pacel\u0161anu, nolai\u0161anu un noliek\u0161anu, atvieglojot da\u017e\u0101du materi\u0101lu apstr\u0101des uzdevumu veik\u0161anu. Hidrauliskaj\u0101 sist\u0113m\u0101 kausa cilindrs pan\u0101k prec\u012bzu kausa vad\u012bbu, mainot hidraulisk\u0101s e\u013c\u013cas spiedienu, \u013caujot operatoram efekt\u012bvi apstr\u0101d\u0101t smagas kravas, piel\u0101goties sare\u017e\u0123\u012btai darba videi un apmierin\u0101t da\u017e\u0101das ekspluat\u0101cijas vajadz\u012bbas.<\/p>\n<p><img decoding=\"async\" src=\"https:\/\/www.hydraulic-cylinders.net\/wp-content\/uploads\/2025\/01\/songte-company-2.webp\" alt=\"Kausa cilindrs\" \/><\/p>\n<h2>Funkcijas<\/h2>\n<ul>\n<li>\n<h3>Augsta iztur\u012bba un ilgm\u016b\u017e\u012bba<\/h3>\n<p>Parasti no augstas stipr\u012bbas t\u0113rauda vai alum\u012bnija izgatavotais kausa cilindrs var iztur\u0113t augstu spiedienu un lielas slodzes, piel\u0101gojoties skarbai darba videi. Konstrukcij\u0101 \u0146emta v\u0113r\u0101 nodilumiztur\u012bba un iztur\u012bba pret koroziju, pagarinot kalpo\u0161anas laiku.<\/p>\n<\/li>\n<li>\n<h3>Efekt\u012bva hidraulisk\u0101 darb\u012bba<\/h3>\n<p>Izmantojot hidraulisk\u0101s e\u013c\u013cas spiedienu, lai pan\u0101ktu vienm\u0113r\u012bgu izstiep\u0161anu un sarau\u0161anos, kausa cilindrs var \u0101tri rea\u0123\u0113t uz darb\u012bbas komand\u0101m, nodro\u0161inot jaud\u012bgu stum\u0161anas un vilk\u0161anas sp\u0113ku, kas piem\u0113rots smagu kravu apstr\u0101dei un sare\u017e\u0123\u012btu uzdevumu veik\u0161anai.<\/p>\n<\/li>\n<li>\n<h3>Da\u017e\u0101di veidi<\/h3>\n<p>Kausa cilindru var izv\u0113l\u0113ties k\u0101 vienas darb\u012bbas (hidrauliski izmantojams tikai vien\u0101 virzien\u0101) vai divk\u0101r\u0161as darb\u012bbas (hidrauliski izmantojams abos virzienos) cilindru atkar\u012bb\u0101 no ekspluat\u0101cijas vajadz\u012bb\u0101m. Da\u017ei mode\u013ci ir teleskopiski, kas \u013cauj to liel\u0101ku pagarin\u0101jumu veikt, nepalielinot \u0101r\u0113jos izm\u0113rus, un ir piem\u0113roti lieto\u0161anai ierobe\u017eot\u0101 telp\u0101.<\/p>\n<\/li>\n<li>\n<h3>Ra\u017eo\u0161anas jauda<\/h3>\n<p>M\u0113s varam ra\u017eot \u0161o produktu, un m\u016bsu produkts var lieliski aizst\u0101t \u0161os hidrauliskos cilindrus.<\/p>\n<p>    <img decoding=\"async\" src=\"https:\/\/www.hydraulic-cylinders.net\/wp-content\/uploads\/2025\/01\/songte-cylinder-head-with-all-kinds-excavator-models.webp\" alt=\"Ekskavatoru mode\u013ci\" \/>\n  <\/li>\n<\/ul>\n<h2>Pieteikumi<\/h2>\n<p>Kausa cilindrs tiek pla\u0161i izmantots da\u017e\u0101d\u0101s smago ma\u0161\u012bnu iek\u0101rt\u0101s, tostarp:<\/p>\n<ul>\n<li>\n<h3>Celtniec\u012bbas apr\u012bkojums<\/h3>\n<p>Ekskavatoros tie ir kritiski svar\u012bgi augsnes vai gru\u017eu rak\u0161anai, iekrau\u0161anai un p\u0101rvieto\u0161anai. Ekskavatoros ar iekr\u0101v\u0113ju kausa cilindrs pal\u012bdz gan rak\u0161an\u0101, gan cel\u0161an\u0101. Front\u0101lajos iekr\u0101v\u0113jos tie pal\u012bdz efekt\u012bvi pacelt un izg\u0101zt materi\u0101lus.<\/p>\n<\/li>\n<li>\n<h3>Lauksaimniec\u012bbas tehnika<\/h3>\n<p>Izmanto front\u0101lajos iekr\u0101v\u0113jos augsnes, siena un citu materi\u0101lu sav\u0101k\u0161anai, cel\u0161anai un transport\u0113\u0161anai.<\/p>\n<\/li>\n<li>\n<h3>Ekskavatori<\/h3>\n<p>Kausa cilindrs \u013cauj spainim iek\u013c\u016bt augsn\u0113, lai veiktu rak\u0161anas darb\u012bbas.<\/p>\n<\/li>\n<li>\n<h3>Iekr\u0101v\u0113ji<\/h3>\n<p>Front\u0101lajos iekr\u0101v\u0113jos tie pal\u012bdz efekt\u012bvi pacelt un izkraut preces.<\/p>\n<\/li>\n<\/ul>\n<h2>Dizaina apsv\u0113rumi un atlases krit\u0113riji<\/h2>\n<p>Kausa cilindra konstrukcijas apsv\u0113rumi ir \u013coti svar\u012bgi, tostarp t\u0101 nestsp\u0113ja, bl\u012bv\u0113jums, iztur\u012bba, dro\u0161\u012bba un apkopes iesp\u0113jas. Da\u017ei no galvenajiem diskusiju punktiem ir \u0161\u0101di:<\/p>\n<ul>\n<li>\n<h3>Nestsp\u0113ja<\/h3>\n<p>Kausa cilindram j\u0101sp\u0113j iztur\u0113t spiedienu un slodzes skarbos darba apst\u0101k\u013cos, t\u0101p\u0113c materi\u0101la izv\u0113le un konstrukcijas dizains ir b\u016btiski.<\/p>\n<\/li>\n<li>\n<h3>Bl\u012bv\u0113\u0161ana<\/h3>\n<p>Kausa cilindram tiek izmantoti da\u017e\u0101di bl\u012bv\u0113jumi, piem\u0113ram, virzu\u013ca bl\u012bv\u0113jumi un stie\u0146a bl\u012bv\u0113jumi, kuriem j\u0101b\u016bt izgatavotiem no nodilumiztur\u012bgiem materi\u0101liem, piem\u0113ram, poliuret\u0101na un nitrila gumijas. Cilindra korpuss un v\u012btnes gala virsma ir smalki apstr\u0101d\u0101ta, lai uzlabotu nodilumiztur\u012bbu. Nepiecie\u0161ama regul\u0101ra e\u013c\u013co\u0161ana ar hidraulisko e\u013c\u013cu.<\/p>\n<p>    <img decoding=\"async\" src=\"https:\/\/www.hydraulic-cylinders.net\/wp-content\/uploads\/2025\/01\/songte-oil-pipes-and-spare-parts.webp\" alt=\"E\u013c\u013cas caurules un rezerves da\u013cas\" \/>\n  <\/li>\n<li>\n<h3>Iztur\u012bba<\/h3>\n<p>Kausa cilindram j\u0101b\u016bt konstru\u0113tam t\u0101, lai tas iztur\u0113tu nodilumu un koroziju, pagarinot kalpo\u0161anas laiku un samazinot apkopes bie\u017eumu.<\/p>\n<\/li>\n<li>\n<h3>Dro\u0161\u012bba<\/h3>\n<p>Lai nodro\u0161in\u0101tu dro\u0161u darb\u012bbu, kausa cilindram j\u0101atbilst dro\u0161\u012bbas noteikumiem, piem\u0113ram, ISO dro\u0161\u012bbas standartiem.<\/p>\n<\/li>\n<li>\n<h3>Uzturam\u012bba<\/h3>\n<p>Kausa cilindram j\u0101b\u016bt viegli kopjamam un remont\u0113jamam, un rezerves da\u013c\u0101m j\u0101b\u016bt viegli pieejam\u0101m.<\/p>\n<\/li>\n<\/ul>\n<h2>Apkope un remonts<\/h2>\n<p>Regul\u0101ra apkope un remonts ir \u013coti svar\u012bgi, lai pagarin\u0101tu kausa cilindra kalpo\u0161anas laiku. T\u0101l\u0101k ir nor\u0101d\u012bti da\u017ei no bie\u017e\u0101k veicamajiem apkopes uzdevumiem:<\/p>\n<ul>\n<li>\n<h3>Regul\u0101ra p\u0101rbaude<\/h3>\n<p>Regul\u0101ra kausa cilindra p\u0101rbaude var pal\u012bdz\u0113t atkl\u0101t potenci\u0101las probl\u0113mas, pirms t\u0101s rodas.<\/p>\n<\/li>\n<li>\n<h3>E\u013c\u013co\u0161ana<\/h3>\n<p>Lai nodro\u0161in\u0101tu vienm\u0113r\u012bgu darb\u012bbu, kausa cilindram ir nepiecie\u0161ama regul\u0101ra e\u013c\u013co\u0161ana ar hidraulisko e\u013c\u013cu.<\/p>\n<\/li>\n<li>\n<h3>Bl\u012bv\u0113juma nomai\u0146a un kalibr\u0113\u0161anas p\u0101rbaude<\/h3>\n<p>Regul\u0101ra bl\u012bv\u0113juma nomai\u0146a un kalibr\u0113\u0161anas p\u0101rbaudes var nov\u0113rst nopl\u016bdi un nodro\u0161in\u0101t kausa cilindra pareizu darb\u012bbu.<\/p>\n<\/li>\n<\/ul>\n<p>Pareiza uzst\u0101d\u012b\u0161ana, e\u013c\u013co\u0161ana un regul\u0113\u0161ana ir \u013coti svar\u012bga kausa cilindra darb\u012bbai. Pareiza izl\u012bdzin\u0101\u0161anas vadl\u012bnija cilindra uzst\u0101d\u012b\u0161anas laik\u0101 ir b\u016btiska, un cilindra nostiprin\u0101\u0161anai ieteicams izmantot atbilsto\u0161us stiprin\u0101juma kron\u0161teinus. Ieteicam\u0101s p\u0101rbaudes, remonta un nomai\u0146as proced\u016bras var uzlabot kausa cilindra kalpo\u0161anas laiku.<\/p>\n<p><img decoding=\"async\" src=\"https:\/\/www.hydraulic-cylinders.net\/wp-content\/uploads\/2025\/01\/songte-chushion-collar.webp\" alt=\"\u010cemod\u0101na apkakle\" \/><\/p>\n<h2>Dro\u0161\u012bbas un vides apsv\u0113rumi<\/h2>\n<p>Lietojot kausa cilindru, j\u0101iev\u0113ro atbilsto\u0161i dro\u0161\u012bbas pas\u0101kumi, piem\u0113ram, j\u0101iev\u0113ro dro\u0161\u012bbas noteikumi un j\u0101valk\u0101 aizsargl\u012bdzek\u013ci. Kausa cilindrs j\u0101izmanto ar\u012b videi draudz\u012bg\u0101 veid\u0101, nodro\u0161inot, ka visi atkritumi tiek pareizi utiliz\u0113ti.<\/p>\n<h2>Probl\u0113mu nov\u0113r\u0161ana un bie\u017ei sastopamas probl\u0113mas<\/h2>\n<p>Kausa cilindram var rasties da\u017eas bie\u017ei sastopamas probl\u0113mas, tostarp nopl\u016bde, nepietiekams sp\u0113ks un l\u0113na kust\u012bba. Pareiza probl\u0113mu nov\u0113r\u0161ana un \u0101tra probl\u0113mu risin\u0101\u0161ana var samazin\u0101t d\u012bkst\u0101ves laiku un samazin\u0101t apkopes izmaksas. Da\u017ei prevent\u012bvie pas\u0101kumi ietver augstas kvalit\u0101tes hidraulisk\u0101s e\u013c\u013cas izmanto\u0161anu, regul\u0101ru bl\u012bv\u0113jumu p\u0101rbaudi, remontu un nomai\u0146u, k\u0101 ar\u012b pareizu uzst\u0101d\u012b\u0161anu un regul\u0113\u0161anu.<\/p>\n<p><img decoding=\"async\" src=\"https:\/\/www.hydraulic-cylinders.net\/wp-content\/uploads\/2025\/01\/songte-bushings-with-all-kinds-of-excavator-models.webp\" alt=\"Bukses ar ekskavatora mode\u013ciem\" \/><\/p>\n<h2>Par m\u016bsu uz\u0146\u0113mumu<\/h2>\n<p>M\u0113s esam rezerves hidraulisko cilindru ra\u017eot\u0101js ar pilnu produktu kl\u0101stu, k\u013c\u016bstot par vienu no vado\u0161ajiem hidraulisko cilindru ra\u017eot\u0101jiem un vairumtirgot\u0101jiem viet\u0113j\u0101 un starptautiskaj\u0101 tirg\u016b. M\u0113s iev\u0113rojam izcilas kvalit\u0101tes principu, pa\u013caujoties uz smalkra\u017eo\u0161anas darbn\u012bcu industrializ\u0113to ra\u017eo\u0161anas vad\u012bbas strat\u0113\u0123iju, un nep\u0101rtraukti uzlabojam darbn\u012bcas ra\u017eo\u0161anas platformu, uzlabojam produkta kvalitat\u012bvu ra\u017eo\u0161anas ce\u013cu un mums ir sp\u0113c\u012bgas rado\u0161\u0101s sp\u0113jas. M\u0113s apmierin\u0101m klientu da\u017e\u0101d\u0101s vajadz\u012bbas ar augstu efektivit\u0101ti, augstu precizit\u0101ti un augstas kvalit\u0101tes produktiem.<\/p>\n<p><img decoding=\"async\" src=\"https:\/\/hzpt.com\/wp-content\/uploads\/2024\/11\/songte-company-1.webp\" alt=\"Uz\u0146\u0113muma p\u0101rskats\" \/><\/p>\n<h3>M\u016bsu uz\u0146\u0113muma stipr\u0101s puses ir:<\/h3>\n<ul>\n<li>\n<p>Profesionalit\u0101te<\/p>\n<\/li>\n<li>\n<p>Starptautisk\u0101 sertifik\u0101cija<\/p>\n<\/li>\n<li>\n<p>Piel\u0101gots pakalpojums<\/p>\n<\/li>\n<li>\n<p>Uzlabots ra\u017eo\u0161anas apr\u012bkojums<\/p>\n<\/li>\n<li>\n<p>P\u0113cp\u0101rdo\u0161anas serviss<\/p>\n<\/li>\n<\/ul>\n<p>Autors: lil<\/p>","protected":false},"excerpt":{"rendered":"<p>Bucket Cylinder For Kobelco Large Excavator SK330-8 Introduction The Bucket Cylinder for Kobelco Large Excavator SK330-8 is a specially designed hydraulic cylinder primarily used to control the movement of the bucket in heavy machinery such as excavators, backhoe excavators, and front-end loaders. Its main function is to enable the bucket to lift, lower, and tilt, [&hellip;]<\/p>","protected":false},"featured_media":14765,"comment_status":"open","ping_status":"closed","template":"","meta":{"_et_pb_use_builder":"","_et_pb_old_content":"","_et_gb_content_width":""},"product_brand":[],"product_cat":[1494],"product_tag":[1495,1496],"class_list":{"0":"post-15369","1":"product","2":"type-product","3":"status-publish","4":"has-post-thumbnail","6":"product_cat-bucket-cylinders","7":"product_tag-bucket-cylinders","8":"product_tag-hydraulic-cylinders","10":"first","11":"instock","12":"shipping-taxable","13":"product-type-simple"},"amp_enabled":true,"_links":{"self":[{"href":"https:\/\/www.hydraulic-cylinders.net\/lv\/wp-json\/wp\/v2\/product\/15369","targetHints":{"allow":["GET"]}}],"collection":[{"href":"https:\/\/www.hydraulic-cylinders.net\/lv\/wp-json\/wp\/v2\/product"}],"about":[{"href":"https:\/\/www.hydraulic-cylinders.net\/lv\/wp-json\/wp\/v2\/types\/product"}],"replies":[{"embeddable":true,"href":"https:\/\/www.hydraulic-cylinders.net\/lv\/wp-json\/wp\/v2\/comments?post=15369"}],"wp:featuredmedia":[{"embeddable":true,"href":"https:\/\/www.hydraulic-cylinders.net\/lv\/wp-json\/wp\/v2\/media\/14765"}],"wp:attachment":[{"href":"https:\/\/www.hydraulic-cylinders.net\/lv\/wp-json\/wp\/v2\/media?parent=15369"}],"wp:term":[{"taxonomy":"product_brand","embeddable":true,"href":"https:\/\/www.hydraulic-cylinders.net\/lv\/wp-json\/wp\/v2\/product_brand?post=15369"},{"taxonomy":"product_cat","embeddable":true,"href":"https:\/\/www.hydraulic-cylinders.net\/lv\/wp-json\/wp\/v2\/product_cat?post=15369"},{"taxonomy":"product_tag","embeddable":true,"href":"https:\/\/www.hydraulic-cylinders.net\/lv\/wp-json\/wp\/v2\/product_tag?post=15369"}],"curies":[{"name":"wp","href":"https:\/\/api.w.org\/{rel}","templated":true}]}}