{"id":15376,"date":"2025-01-19T14:27:11","date_gmt":"2025-01-19T14:27:11","guid":{"rendered":"https:\/\/www.hydraulic-cylinders.net\/product\/bucket-cylinder-for-yugong-wy75-7-8\/"},"modified":"2025-01-19T14:27:13","modified_gmt":"2025-01-19T14:27:13","slug":"bucket-cylinder-for-yugong-wy75-7-8","status":"publish","type":"product","link":"https:\/\/www.hydraulic-cylinders.net\/lv\/products\/bucket-cylinder-for-yugong-wy75-7-8\/","title":{"rendered":"Kausa cilindrs Yugong WY75-7-8"},"content":{"rendered":"<h2>Ievads<\/h2>\n<h3>Yugong WY75-7-8 kausa cilindra defin\u012bcija<\/h3>\n<p>Yugong WY75-7-8 kausa cilindrs ir specializ\u0113ta hidraulisk\u0101 cilindra veids, kas galvenok\u0101rt paredz\u0113ts kausa kust\u012bbas vad\u012bbai smagaj\u0101s ma\u0161\u012bn\u0101s, piem\u0113ram, ekskavatoros, iekr\u0101v\u0113jos ar ekskavatoru un front\u0101lajos iekr\u0101v\u0113jos. T\u0101 galven\u0101 funkcija ir nodro\u0161in\u0101t kausa pacel\u0161anu, nolai\u0161anu un noliek\u0161anu, t\u0101d\u0113j\u0101di atvieglojot da\u017e\u0101dus materi\u0101lu apstr\u0101des uzdevumus. Hidrauliskaj\u0101 sist\u0113m\u0101 kausa cilindrs pan\u0101k prec\u012bzu kausa vad\u012bbu, mainot hidraulisk\u0101s e\u013c\u013cas spiedienu, \u013caujot operatoriem efekt\u012bvi apstr\u0101d\u0101t smagas kravas un piel\u0101goties sare\u017e\u0123\u012btai darba videi un da\u017e\u0101d\u0101m ekspluat\u0101cijas pras\u012bb\u0101m.<\/p>\n<p><img decoding=\"async\" src=\"https:\/\/www.hydraulic-cylinders.net\/wp-content\/uploads\/2025\/01\/songte-company-2.webp\"\/><\/p>\n<h3>Yugong WY75-7-8 kausa cilindra \u012bpa\u0161\u012bbas<\/h3>\n<ul>\n<li><strong>Augsta iztur\u012bba un ilgm\u016b\u017e\u012bba:<\/strong> Parasti izgatavots no augstas stipr\u012bbas t\u0113rauda vai alum\u012bnija, tas var iztur\u0113t augstu spiedienu un lielas slodzes, piel\u0101gojoties skarbai darba videi, un ir izstr\u0101d\u0101ts ar nodilumiztur\u012bbu un korozijas iztur\u012bbu, lai pagarin\u0101tu t\u0101 kalpo\u0161anas laiku.<\/li>\n<li><strong>Efekt\u012bva hidraulisk\u0101 darb\u012bba:<\/strong> Izmantojot hidraulisk\u0101s e\u013c\u013cas spiedienu, lai pan\u0101ktu vienm\u0113r\u012bgas izple\u0161an\u0101s un sarau\u0161an\u0101s darb\u012bbas, t\u0101 var \u0101tri rea\u0123\u0113t uz vad\u012bbas komand\u0101m, nodro\u0161inot sp\u0113c\u012bgus stum\u0161anas un vilk\u0161anas sp\u0113kus, kas ir piem\u0113roti smagu kravu apstr\u0101dei un sare\u017e\u0123\u012btiem ekspluat\u0101cijas uzdevumiem.<\/li>\n<li><strong>Da\u017e\u0101di veidi:<\/strong> Atbilsto\u0161i pras\u012bb\u0101m var izv\u0113l\u0113ties vienk\u0101r\u0161as darb\u012bbas (hidrauliski darbojas tikai vien\u0101 virzien\u0101) vai divk\u0101r\u0161as darb\u012bbas (hidrauliski darbojas divos virzienos) cilindrus, lai tie atbilstu da\u017e\u0101d\u0101m ekspluat\u0101cijas vajadz\u012bb\u0101m. Da\u017ei mode\u013ci ir teleskopiski, kas \u013cauj tos izstiept vair\u0101k, nepalielinot \u0101r\u0113jos izm\u0113rus, un ir piem\u0113roti lietojumiem ar ierobe\u017eotu vietu.<\/li>\n<li><strong>Viegli ra\u017eot:<\/strong> M\u016bsu produkti var lieliski aizst\u0101t \u0161os hidrauliskos cilindrus.<\/li>\n<\/ul>\n<p><img decoding=\"async\" src=\"https:\/\/www.hydraulic-cylinders.net\/wp-content\/uploads\/2025\/01\/songte-cylinder-head-with-all-kinds-excavator-models.webp\"\/><\/p>\n<h3>Kausa cilindra pielietojums Yugong WY75-7-8<\/h3>\n<p>Yugong WY75-7-8 kausa cilindrs tiek pla\u0161i izmantots da\u017e\u0101d\u0101s smagaj\u0101s ma\u0161\u012bn\u0101s, tostarp:<\/p>\n<ul>\n<li><strong>Celtniec\u012bbas apr\u012bkojums:<\/strong> Ekskavatoros tie ir nepiecie\u0161ami rak\u0161anai, iekrau\u0161anai un augsnes vai gru\u017eu p\u0101rvieto\u0161anai. Ekskavatoros-iekr\u0101v\u0113jos kausa cilindri pal\u012bdz gan rak\u0161an\u0101, gan cel\u0161an\u0101. <\/li>\n<li><strong>Lauksaimniec\u012bbas tehnika:<\/strong> Ekskavatoru kausa cilindri, ko izmanto front\u0101lajos iekr\u0101v\u0113jos augsnes, siena un citu materi\u0101lu sav\u0101k\u0161anai, cel\u0161anai un transport\u0113\u0161anai, \u013cauj izrakt augsni. <\/li>\n<li><strong>Iekr\u0101v\u0113js:<\/strong> Front\u0101lajos iekr\u0101v\u0113jos kausa cilindri pal\u012bdz efekt\u012bvi pacelt un izkraut preces.<\/li>\n<\/ul>\n<h3>Yugong WY75-7-8 kausa cilindra projekt\u0113\u0161anas apsv\u0113rumi un atlases krit\u0113riji<\/h3>\n<p>Projekt\u0113jot un izv\u0113loties kausa cilindrus, j\u0101\u0146em v\u0113r\u0101 da\u017e\u0101di faktori, lai nodro\u0161in\u0101tu to uzticam\u012bbu un veiktsp\u0113ju. \u0160ie faktori ietver:<\/p>\n<ul>\n<li><strong>Nestsp\u0113ja:<\/strong> Nodro\u0161inot, ka kausa cilindrs var iztur\u0113t tam pielikt\u0101s slodzes un bez k\u013c\u016bm\u0113m veikt savas funkcijas.<\/li>\n<li><strong>Bl\u012bv\u0113jums:<\/strong> Izmantojot da\u017e\u0101dus bl\u012bv\u0113jumus, piem\u0113ram, virzu\u013ca bl\u012bv\u0113jumus, stie\u0146a bl\u012bv\u0113jumus utt., un izv\u0113loties nodilumiztur\u012bgus materi\u0101lus, piem\u0113ram, poliuret\u0101nu un nitrila gumiju bl\u012bv\u0113jumiem, cilindra korpuss un v\u012bt\u0146ot\u0101 gala virsma tiek smalki apstr\u0101d\u0101ta, lai uzlabotu nodilumiztur\u012bbu, un e\u013c\u013co\u0161anai ir nepiecie\u0161ama regul\u0101ra degvielas uzpilde.<\/li>\n<li><strong>Iztur\u012bba:<\/strong> Nodro\u0161inot, ka kausa cilindrs var iztur\u0113t skarbus vides apst\u0101k\u013cus un ilgsto\u0161i saglab\u0101t savu veiktsp\u0113ju.<\/li>\n<li><strong>Dro\u0161\u012bba:<\/strong> Nodro\u0161in\u0101t, ka kausa cilindrs ir dro\u0161s lieto\u0161an\u0101 un nerada nek\u0101dus draudus operatoriem vai citam apr\u012bkojumam.<\/li>\n<li><strong>Uzturam\u012bba:<\/strong> Nodro\u0161inot, ka kausa cilindru ir viegli uztur\u0113t un remont\u0113t, samazinot d\u012bkst\u0101ves laiku un apkopes izmaksas.<\/li>\n<\/ul>\n<p><img decoding=\"async\" src=\"https:\/\/www.hydraulic-cylinders.net\/wp-content\/uploads\/2025\/01\/songte-oil-pipes-and-spare-parts.webp\"\/><\/p>\n<h3>Yugong WY75-7-8 kausa cilindra apkope un probl\u0113mu nov\u0113r\u0161ana<\/h3>\n<p>Regul\u0101ra apkope un p\u0101rbaudes ir b\u016btiskas, lai nodro\u0161in\u0101tu kausu cilindru dro\u0161u darb\u012bbu. Da\u017ei bie\u017ei veicamie apkopes darbi ietver:<\/p>\n<ul>\n<li><strong>Regul\u0101ra p\u0101rbaude:<\/strong> Cilindra korpusa, virzu\u013ca, stie\u0146a un bl\u012bv\u0113jumu p\u0101rbaude, vai nav nodiluma vai boj\u0101jumu.<\/li>\n<li><strong>E\u013c\u013co\u0161ana:<\/strong> Uz cilindra korpusa un bl\u012bv\u0113m uzkl\u0101jiet atbilsto\u0161u hidraulisk\u0101s e\u013c\u013cas daudzumu, lai nodro\u0161in\u0101tu vienm\u0113r\u012bgu darb\u012bbu un nov\u0113rstu nodilumu un boj\u0101jumus.<\/li>\n<li><strong>Bl\u012bv\u0113juma nomai\u0146a:<\/strong> Nodilu\u0161u vai boj\u0101tu bl\u012bv\u0113jumu nomai\u0146a, lai saglab\u0101tu cilindra bl\u012bv\u0113juma veiktsp\u0113ju.<\/li>\n<\/ul>\n<p>Pareiza uzst\u0101d\u012b\u0161ana, e\u013c\u013co\u0161ana un regul\u0113\u0161ana ir \u013coti svar\u012bga kausa cilindru uzticamai un dro\u0161ai darb\u012bbai. Uzst\u0101d\u012b\u0161anas laik\u0101 ieteicams pareizi izl\u012bdzin\u0101t cilindru un izmantot atbilsto\u0161us uzst\u0101d\u012b\u0161anas kron\u0161teinus, lai nostiprin\u0101tu cilindru. Lai pagarin\u0101tu kausa cilindra kalpo\u0161anas laiku un uzlabotu t\u0101 uzticam\u012bbu, ieteicams regul\u0101ri veikt p\u0101rbaudes, remonta un nomai\u0146as proced\u016bras.<\/p>\n<p><img decoding=\"async\" src=\"https:\/\/www.hydraulic-cylinders.net\/wp-content\/uploads\/2025\/01\/songte-chushion-collar.webp\"\/><\/p>\n<h3>Yugong WY75-7-8 kausa cilindra dro\u0161\u012bbas apsv\u0113rumi un vides faktori<\/h3>\n<p>Lietojot kausu cilindrus, j\u0101veic dro\u0161\u012bbas pas\u0101kumi, lai nov\u0113rstu negad\u012bjumus un nodro\u0161in\u0101tu dro\u0161u ekspluat\u0101ciju. Ieteicams iev\u0113rot dro\u0161\u012bbas vadl\u012bnijas un lietot atbilsto\u0161us individu\u0101los aizsardz\u012bbas l\u012bdzek\u013cus, piem\u0113ram, cimdus un acu aizsargus. J\u0101\u0146em v\u0113r\u0101 ar\u012b vides faktori, piem\u0113ram, temperat\u016bra, mitrums un \u0137\u012bmisko vai kod\u012bgu materi\u0101lu iedarb\u012bba, un j\u0101veic atbilsto\u0161i pas\u0101kumi, lai aizsarg\u0101tu cilindru no boj\u0101jumiem.<\/p>\n<p><img decoding=\"async\" src=\"https:\/\/www.hydraulic-cylinders.net\/wp-content\/uploads\/2025\/01\/songte-bushings-with-all-kinds-of-excavator-models.webp\"\/><\/p>\n<h3>Secin\u0101jums<\/h3>\n<p>K\u0101 vado\u0161ais hidraulisko cilindru ra\u017eot\u0101js un vairumtirgot\u0101js, m\u0113s pied\u0101v\u0101jam pla\u0161u produktu kl\u0101stu, lai apmierin\u0101tu da\u017e\u0101das darb\u012bbas vajadz\u012bbas. M\u016bsu ap\u0146em\u0161an\u0101s nodro\u0161in\u0101t izcil\u012bbu kvalit\u0101t\u0113, ra\u017eo\u0161anas vad\u012bb\u0101 un klientu apkalpo\u0161an\u0101 ir padar\u012bjusi m\u016bs par l\u012bderiem pasaules tirg\u016b. Ar m\u016bsu modernaj\u0101m ra\u017eo\u0161anas iek\u0101rt\u0101m un augsti kvalific\u0113to tehnisko komandu m\u0113s esam ap\u0146\u0113mu\u0161ies nodro\u0161in\u0101t m\u016bsu klientus ar efekt\u012bviem, prec\u012bziem un augstas kvalit\u0101tes produktiem. M\u016bsu uz\u0146\u0113mums pied\u0101v\u0101 profesion\u0101lus piel\u0101go\u0161anas pakalpojumus, starptautisku sertifik\u0101ciju un izcilus p\u0113cp\u0101rdo\u0161anas pakalpojumus, lai nodro\u0161in\u0101tu klientu apmierin\u0101t\u012bbu.<\/p>\n<p><img decoding=\"async\" src=\"https:\/\/hzpt.com\/wp-content\/uploads\/2024\/11\/songte-company-1.webp\"\/><\/p>\n<p>Autors: lil<\/p>","protected":false},"excerpt":{"rendered":"<p>Introduction Definition of Bucket Cylinder For Yugong WY75-7-8 The bucket cylinder for Yugong WY75-7-8 is a type of specialized hydraulic cylinder designed primarily to control the movement of the bucket in heavy machinery such as excavators, backhoe loaders, and front-end loaders. Its primary function is to enable the bucket to lift, lower, and tilt, thus [&hellip;]<\/p>","protected":false},"featured_media":14784,"comment_status":"open","ping_status":"closed","template":"","meta":{"_et_pb_use_builder":"","_et_pb_old_content":"","_et_gb_content_width":""},"product_brand":[],"product_cat":[1494],"product_tag":[1495,1496],"class_list":{"0":"post-15376","1":"product","2":"type-product","3":"status-publish","4":"has-post-thumbnail","6":"product_cat-bucket-cylinders","7":"product_tag-bucket-cylinders","8":"product_tag-hydraulic-cylinders","10":"first","11":"instock","12":"shipping-taxable","13":"product-type-simple"},"amp_enabled":true,"_links":{"self":[{"href":"https:\/\/www.hydraulic-cylinders.net\/lv\/wp-json\/wp\/v2\/product\/15376","targetHints":{"allow":["GET"]}}],"collection":[{"href":"https:\/\/www.hydraulic-cylinders.net\/lv\/wp-json\/wp\/v2\/product"}],"about":[{"href":"https:\/\/www.hydraulic-cylinders.net\/lv\/wp-json\/wp\/v2\/types\/product"}],"replies":[{"embeddable":true,"href":"https:\/\/www.hydraulic-cylinders.net\/lv\/wp-json\/wp\/v2\/comments?post=15376"}],"wp:featuredmedia":[{"embeddable":true,"href":"https:\/\/www.hydraulic-cylinders.net\/lv\/wp-json\/wp\/v2\/media\/14784"}],"wp:attachment":[{"href":"https:\/\/www.hydraulic-cylinders.net\/lv\/wp-json\/wp\/v2\/media?parent=15376"}],"wp:term":[{"taxonomy":"product_brand","embeddable":true,"href":"https:\/\/www.hydraulic-cylinders.net\/lv\/wp-json\/wp\/v2\/product_brand?post=15376"},{"taxonomy":"product_cat","embeddable":true,"href":"https:\/\/www.hydraulic-cylinders.net\/lv\/wp-json\/wp\/v2\/product_cat?post=15376"},{"taxonomy":"product_tag","embeddable":true,"href":"https:\/\/www.hydraulic-cylinders.net\/lv\/wp-json\/wp\/v2\/product_tag?post=15376"}],"curies":[{"name":"wp","href":"https:\/\/api.w.org\/{rel}","templated":true}]}}